{"id":314,"date":"2021-01-27T21:35:38","date_gmt":"2021-01-27T21:35:38","guid":{"rendered":"http:\/\/heartfailurematters.local:8888\/adaptation-de-votre-regime-alimentaire\/"},"modified":"2021-01-27T21:35:38","modified_gmt":"2021-01-27T21:35:38","slug":"adaptation-de-votre-regime-alimentaire","status":"publish","type":"page","link":"https:\/\/www.heartfailurematters.org\/fr\/vivre-avec-une-insuffisance-cardiaque\/adaptation-de-votre-regime-alimentaire\/","title":{"rendered":"Adaptation de votre r\u00e9gime alimentaire"},"content":{"rendered":"<p>Bien que vous puissiez consid\u00e9rer votre r\u00e9gime actuel comme plut\u00f4t sain, il vous faudra peut-\u00eatre r\u00e9duire des \u00e9l\u00e9ments cl\u00e9s, tels que le sel, la graisse et l&rsquo;alcool. Il se peut que vous soyez orient\u00e9 vers un di\u00e9t\u00e9ticien qui s\u2019efforcera avec vous d\u2019\u00e9laborer un r\u00e9gime personnalis\u00e9 pour vous aider \u00e0 vous sentir mieux et \u00e0 contr\u00f4ler votre insuffisance cardiaque.Cliquez sur l\u2019un des liens ci-dessous pour en savoir plus sur la fa\u00e7on d\u2019am\u00e9liorer votre r\u00e9gime alimentaire&nbsp;:Cliquez sur l\u2019un des liens ci-dessous pour en savoir plus sur la fa\u00e7on d\u2019am\u00e9liorer votre r\u00e9gime alimentaire&nbsp;:<\/p>\n<p>Cliquez sur l\u2019un des liens ci-dessous pour en savoir plus sur la fa\u00e7on d\u2019am\u00e9liorer votre r\u00e9gime alimentaire&nbsp;:<\/p>\n<p>Veuillez noter que ces liens vous conduiront \u00e0 la rubrique <em>\u00ab&nbsp;Ce que vous pouvez faire&nbsp;\u00bb <\/em>et vous devrez donc revenir ici une fois que vous aurez fini de lire ces informations.<\/p>\n<p><a href=\"https:\/\/www.heartfailurematters.org\/fr\/ce-que-vous-pouvez-faire\/adaptation-de-votre-alimentation-maintien-dun-poids-de-forme\/\">Maintien d&rsquo;un poids sain<\/a><br \/> <a href=\"https:\/\/www.heartfailurematters.org\/fr\/ce-que-vous-pouvez-faire\/adaptation-de-votre-alimentation-le-sel\/\">Sel<br \/> <\/a><a href=\"https:\/\/www.heartfailurematters.org\/fr\/ce-que-vous-pouvez-faire\/adaptation-de-votre-alimentation-liquides\/\">Liquides<\/a><br \/> <a href=\"https:\/\/www.heartfailurematters.org\/fr\/ce-que-vous-pouvez-faire\/adaptation-de-votre-alimentation-alcool\/\">Alcool<br \/> <\/a><a href=\"https:\/\/www.heartfailurematters.org\/fr\/ce-que-vous-pouvez-faire\/adaptation-de-votre-alimentation-potassium\/\">Potassium<\/a><br \/> <a href=\"https:\/\/www.heartfailurematters.org\/fr\/ce-que-vous-pouvez-faire\/adaptation-de-votre-alimentation-graisses-et-cholesterol\/\">Graisses et cholest\u00e9rol<\/a><br \/><a href=\"https:\/\/www.heartfailurematters.org\/fr\/ce-que-vous-pouvez-faire\/adaptation-de-votre-alimentation-regime-en-cas-de-diabete\/\">R\u00e9gime en cas de diab\u00e8te<br \/> <\/a><a href=\"https:\/\/www.heartfailurematters.org\/fr\/ce-que-vous-pouvez-faire\/adaptation-de-votre-alimentation-liens-vers-des-recettes\/\">Liens vers des recettes<\/a><\/p>\n<p align=\"left\">Le livre de cuisine europ\u00e9en (European Cook Book) est un recueil unique de recettes d\u00e9licieuses adapt\u00e9es aux diverses cultures, mis \u00e0 disposition par les soci\u00e9t\u00e9s nationales et affili\u00e9es de l\u2019ESC.<\/p>\n<p><a href=\"https:\/\/www.heartfailurematters.org\/fr\/vivre-avec-une-insuffisance-cardiaque\/mode-de-vie\/\">Retour \u00e0 la rubrique \u00ab&nbsp;Adaptation de votre mode de vie&nbsp;\u00bb<\/a><\/p>\n","protected":false},"excerpt":{"rendered":"<p>Bien que vous puissiez consid\u00e9rer votre r\u00e9gime actuel comme plut\u00f4t sain, il vous faudra peut-\u00eatre r\u00e9duire des \u00e9l\u00e9ments cl\u00e9s, tels que le sel, la graisse et l&rsquo;alcool. Il se peut que vous soyez orient\u00e9 vers un di\u00e9t\u00e9ticien qui s\u2019efforcera avec vous d\u2019\u00e9laborer un r\u00e9gime personnalis\u00e9 pour vous aider \u00e0 vous sentir mieux et \u00e0 contr\u00f4ler [&hellip;]<\/p>\n","protected":false},"author":1,"featured_media":11039,"parent":2812,"menu_order":0,"comment_status":"open","ping_status":"open","template":"","meta":{"_acf_changed":false,"footnotes":""},"categories":[],"tags":[],"class_list":["post-314","page","type-page","status-publish","has-post-thumbnail","hentry"],"acf":[],"yoast_head":"<!-- This site is optimized with the Yoast SEO plugin v24.8.1 - https:\/\/yoast.com\/wordpress\/plugins\/seo\/ -->\n<title>Adaptation de votre r\u00e9gime alimentaire - Heart Failure Matters<\/title>\n<meta name=\"description\" content=\"Bien que vous puissiez consid\u00e9rer votre r\u00e9gime alimentaire actuel comme \u00e9tant plut\u00f4t sain, il vous sera peut-\u00eatre demand\u00e9 de r\u00e9duire des \u00e9l\u00e9ments cl\u00e9s de celui-ci, tels que le sel, les graisses et l&#039;alcool.\" \/>\n<meta name=\"robots\" content=\"index, follow, max-snippet:-1, max-image-preview:large, max-video-preview:-1\" \/>\n<link rel=\"canonical\" href=\"https:\/\/www.heartfailurematters.org\/fr\/vivre-avec-une-insuffisance-cardiaque\/adaptation-de-votre-regime-alimentaire\/\" \/>\n<meta property=\"og:locale\" content=\"fr_FR\" \/>\n<meta property=\"og:type\" content=\"article\" \/>\n<meta property=\"og:title\" content=\"Adaptation de votre r\u00e9gime alimentaire - Heart Failure Matters\" \/>\n<meta property=\"og:description\" content=\"Bien que vous puissiez consid\u00e9rer votre r\u00e9gime alimentaire actuel comme \u00e9tant plut\u00f4t sain, il vous sera peut-\u00eatre demand\u00e9 de r\u00e9duire des \u00e9l\u00e9ments cl\u00e9s de celui-ci, tels que le sel, les graisses et l&#039;alcool.\" \/>\n<meta property=\"og:url\" content=\"https:\/\/www.heartfailurematters.org\/fr\/vivre-avec-une-insuffisance-cardiaque\/adaptation-de-votre-regime-alimentaire\/\" \/>\n<meta property=\"og:site_name\" content=\"Heart Failure Matters\" \/>\n<meta property=\"article:publisher\" content=\"https:\/\/www.facebook.com\/heartfailurematters\" \/>\n<meta property=\"og:image\" content=\"https:\/\/www.heartfailurematters.org\/wp-content\/uploads\/2022\/03\/shutterstock_335916848-1-min.jpg\" \/>\n\t<meta property=\"og:image:width\" content=\"900\" \/>\n\t<meta property=\"og:image:height\" content=\"593\" \/>\n\t<meta property=\"og:image:type\" content=\"image\/jpeg\" \/>\n<meta name=\"twitter:card\" content=\"summary_large_image\" \/>\n<meta name=\"twitter:label1\" content=\"Dur\u00e9e de lecture estim\u00e9e\" \/>\n\t<meta name=\"twitter:data1\" content=\"1 minute\" \/>\n<script type=\"application\/ld+json\" class=\"yoast-schema-graph\">{\"@context\":\"https:\/\/schema.org\",\"@graph\":[{\"@type\":\"WebPage\",\"@id\":\"https:\/\/www.heartfailurematters.org\/fr\/vivre-avec-une-insuffisance-cardiaque\/adaptation-de-votre-regime-alimentaire\/\",\"url\":\"https:\/\/www.heartfailurematters.org\/fr\/vivre-avec-une-insuffisance-cardiaque\/adaptation-de-votre-regime-alimentaire\/\",\"name\":\"Adaptation de votre r\u00e9gime alimentaire - Heart Failure Matters\",\"isPartOf\":{\"@id\":\"https:\/\/www.heartfailurematters.org\/fr\/#website\"},\"primaryImageOfPage\":{\"@id\":\"https:\/\/www.heartfailurematters.org\/fr\/vivre-avec-une-insuffisance-cardiaque\/adaptation-de-votre-regime-alimentaire\/#primaryimage\"},\"image\":{\"@id\":\"https:\/\/www.heartfailurematters.org\/fr\/vivre-avec-une-insuffisance-cardiaque\/adaptation-de-votre-regime-alimentaire\/#primaryimage\"},\"thumbnailUrl\":\"https:\/\/www.heartfailurematters.org\/wp-content\/uploads\/2022\/03\/shutterstock_335916848-1-min.jpg\",\"datePublished\":\"2021-01-27T21:35:38+00:00\",\"description\":\"Bien que vous puissiez consid\u00e9rer votre r\u00e9gime alimentaire actuel comme \u00e9tant plut\u00f4t sain, il vous sera peut-\u00eatre demand\u00e9 de r\u00e9duire des \u00e9l\u00e9ments cl\u00e9s de celui-ci, tels que le sel, les graisses et l'alcool.\",\"breadcrumb\":{\"@id\":\"https:\/\/www.heartfailurematters.org\/fr\/vivre-avec-une-insuffisance-cardiaque\/adaptation-de-votre-regime-alimentaire\/#breadcrumb\"},\"inLanguage\":\"fr-FR\",\"potentialAction\":[{\"@type\":\"ReadAction\",\"target\":[\"https:\/\/www.heartfailurematters.org\/fr\/vivre-avec-une-insuffisance-cardiaque\/adaptation-de-votre-regime-alimentaire\/\"]}]},{\"@type\":\"ImageObject\",\"inLanguage\":\"fr-FR\",\"@id\":\"https:\/\/www.heartfailurematters.org\/fr\/vivre-avec-une-insuffisance-cardiaque\/adaptation-de-votre-regime-alimentaire\/#primaryimage\",\"url\":\"https:\/\/www.heartfailurematters.org\/wp-content\/uploads\/2022\/03\/shutterstock_335916848-1-min.jpg\",\"contentUrl\":\"https:\/\/www.heartfailurematters.org\/wp-content\/uploads\/2022\/03\/shutterstock_335916848-1-min.jpg\",\"width\":900,\"height\":593},{\"@type\":\"BreadcrumbList\",\"@id\":\"https:\/\/www.heartfailurematters.org\/fr\/vivre-avec-une-insuffisance-cardiaque\/adaptation-de-votre-regime-alimentaire\/#breadcrumb\",\"itemListElement\":[{\"@type\":\"ListItem\",\"position\":1,\"name\":\"Accueil\",\"item\":\"https:\/\/www.heartfailurematters.org\/fr\/\"},{\"@type\":\"ListItem\",\"position\":2,\"name\":\"Vivre avec l&#8217;insuffisance cardiaque\",\"item\":\"https:\/\/www.heartfailurematters.org\/fr\/vivre-avec-une-insuffisance-cardiaque\/\"},{\"@type\":\"ListItem\",\"position\":3,\"name\":\"Adaptation de votre r\u00e9gime alimentaire\"}]},{\"@type\":\"WebSite\",\"@id\":\"https:\/\/www.heartfailurematters.org\/fr\/#website\",\"url\":\"https:\/\/www.heartfailurematters.org\/fr\/\",\"name\":\"Heart Failure Matters\",\"description\":\"Practical information for patients, families and caregivers.\",\"publisher\":{\"@id\":\"https:\/\/www.heartfailurematters.org\/fr\/#organization\"},\"potentialAction\":[{\"@type\":\"SearchAction\",\"target\":{\"@type\":\"EntryPoint\",\"urlTemplate\":\"https:\/\/www.heartfailurematters.org\/fr\/?s={search_term_string}\"},\"query-input\":{\"@type\":\"PropertyValueSpecification\",\"valueRequired\":true,\"valueName\":\"search_term_string\"}}],\"inLanguage\":\"fr-FR\"},{\"@type\":\"Organization\",\"@id\":\"https:\/\/www.heartfailurematters.org\/fr\/#organization\",\"name\":\"Heart Failure Matters\",\"url\":\"https:\/\/www.heartfailurematters.org\/fr\/\",\"logo\":{\"@type\":\"ImageObject\",\"inLanguage\":\"fr-FR\",\"@id\":\"https:\/\/www.heartfailurematters.org\/fr\/#\/schema\/logo\/image\/\",\"url\":\"https:\/\/cdn-endpoint-hfm.azureedge.net\/heartfailurematters\/2024\/07\/hfm-logo1.jpg\",\"contentUrl\":\"https:\/\/cdn-endpoint-hfm.azureedge.net\/heartfailurematters\/2024\/07\/hfm-logo1.jpg\",\"width\":1280,\"height\":720,\"caption\":\"Heart Failure Matters\"},\"image\":{\"@id\":\"https:\/\/www.heartfailurematters.org\/fr\/#\/schema\/logo\/image\/\"},\"sameAs\":[\"https:\/\/www.facebook.com\/heartfailurematters\"]}]}<\/script>\n<!-- \/ Yoast SEO plugin. -->","yoast_head_json":{"title":"Adaptation de votre r\u00e9gime alimentaire - Heart Failure Matters","description":"Bien que vous puissiez consid\u00e9rer votre r\u00e9gime alimentaire actuel comme \u00e9tant plut\u00f4t sain, il vous sera peut-\u00eatre demand\u00e9 de r\u00e9duire des \u00e9l\u00e9ments cl\u00e9s de celui-ci, tels que le sel, les graisses et l'alcool.","robots":{"index":"index","follow":"follow","max-snippet":"max-snippet:-1","max-image-preview":"max-image-preview:large","max-video-preview":"max-video-preview:-1"},"canonical":"https:\/\/www.heartfailurematters.org\/fr\/vivre-avec-une-insuffisance-cardiaque\/adaptation-de-votre-regime-alimentaire\/","og_locale":"fr_FR","og_type":"article","og_title":"Adaptation de votre r\u00e9gime alimentaire - Heart Failure Matters","og_description":"Bien que vous puissiez consid\u00e9rer votre r\u00e9gime alimentaire actuel comme \u00e9tant plut\u00f4t sain, il vous sera peut-\u00eatre demand\u00e9 de r\u00e9duire des \u00e9l\u00e9ments cl\u00e9s de celui-ci, tels que le sel, les graisses et l'alcool.","og_url":"https:\/\/www.heartfailurematters.org\/fr\/vivre-avec-une-insuffisance-cardiaque\/adaptation-de-votre-regime-alimentaire\/","og_site_name":"Heart Failure Matters","article_publisher":"https:\/\/www.facebook.com\/heartfailurematters","og_image":[{"width":900,"height":593,"url":"https:\/\/www.heartfailurematters.org\/wp-content\/uploads\/2022\/03\/shutterstock_335916848-1-min.jpg","type":"image\/jpeg"}],"twitter_card":"summary_large_image","twitter_misc":{"Dur\u00e9e de lecture estim\u00e9e":"1 minute"},"schema":{"@context":"https:\/\/schema.org","@graph":[{"@type":"WebPage","@id":"https:\/\/www.heartfailurematters.org\/fr\/vivre-avec-une-insuffisance-cardiaque\/adaptation-de-votre-regime-alimentaire\/","url":"https:\/\/www.heartfailurematters.org\/fr\/vivre-avec-une-insuffisance-cardiaque\/adaptation-de-votre-regime-alimentaire\/","name":"Adaptation de votre r\u00e9gime alimentaire - Heart Failure Matters","isPartOf":{"@id":"https:\/\/www.heartfailurematters.org\/fr\/#website"},"primaryImageOfPage":{"@id":"https:\/\/www.heartfailurematters.org\/fr\/vivre-avec-une-insuffisance-cardiaque\/adaptation-de-votre-regime-alimentaire\/#primaryimage"},"image":{"@id":"https:\/\/www.heartfailurematters.org\/fr\/vivre-avec-une-insuffisance-cardiaque\/adaptation-de-votre-regime-alimentaire\/#primaryimage"},"thumbnailUrl":"https:\/\/www.heartfailurematters.org\/wp-content\/uploads\/2022\/03\/shutterstock_335916848-1-min.jpg","datePublished":"2021-01-27T21:35:38+00:00","description":"Bien que vous puissiez consid\u00e9rer votre r\u00e9gime alimentaire actuel comme \u00e9tant plut\u00f4t sain, il vous sera peut-\u00eatre demand\u00e9 de r\u00e9duire des \u00e9l\u00e9ments cl\u00e9s de celui-ci, tels que le sel, les graisses et l'alcool.","breadcrumb":{"@id":"https:\/\/www.heartfailurematters.org\/fr\/vivre-avec-une-insuffisance-cardiaque\/adaptation-de-votre-regime-alimentaire\/#breadcrumb"},"inLanguage":"fr-FR","potentialAction":[{"@type":"ReadAction","target":["https:\/\/www.heartfailurematters.org\/fr\/vivre-avec-une-insuffisance-cardiaque\/adaptation-de-votre-regime-alimentaire\/"]}]},{"@type":"ImageObject","inLanguage":"fr-FR","@id":"https:\/\/www.heartfailurematters.org\/fr\/vivre-avec-une-insuffisance-cardiaque\/adaptation-de-votre-regime-alimentaire\/#primaryimage","url":"https:\/\/www.heartfailurematters.org\/wp-content\/uploads\/2022\/03\/shutterstock_335916848-1-min.jpg","contentUrl":"https:\/\/www.heartfailurematters.org\/wp-content\/uploads\/2022\/03\/shutterstock_335916848-1-min.jpg","width":900,"height":593},{"@type":"BreadcrumbList","@id":"https:\/\/www.heartfailurematters.org\/fr\/vivre-avec-une-insuffisance-cardiaque\/adaptation-de-votre-regime-alimentaire\/#breadcrumb","itemListElement":[{"@type":"ListItem","position":1,"name":"Accueil","item":"https:\/\/www.heartfailurematters.org\/fr\/"},{"@type":"ListItem","position":2,"name":"Vivre avec l&#8217;insuffisance cardiaque","item":"https:\/\/www.heartfailurematters.org\/fr\/vivre-avec-une-insuffisance-cardiaque\/"},{"@type":"ListItem","position":3,"name":"Adaptation de votre r\u00e9gime alimentaire"}]},{"@type":"WebSite","@id":"https:\/\/www.heartfailurematters.org\/fr\/#website","url":"https:\/\/www.heartfailurematters.org\/fr\/","name":"Heart Failure Matters","description":"Practical information for patients, families and caregivers.","publisher":{"@id":"https:\/\/www.heartfailurematters.org\/fr\/#organization"},"potentialAction":[{"@type":"SearchAction","target":{"@type":"EntryPoint","urlTemplate":"https:\/\/www.heartfailurematters.org\/fr\/?s={search_term_string}"},"query-input":{"@type":"PropertyValueSpecification","valueRequired":true,"valueName":"search_term_string"}}],"inLanguage":"fr-FR"},{"@type":"Organization","@id":"https:\/\/www.heartfailurematters.org\/fr\/#organization","name":"Heart Failure Matters","url":"https:\/\/www.heartfailurematters.org\/fr\/","logo":{"@type":"ImageObject","inLanguage":"fr-FR","@id":"https:\/\/www.heartfailurematters.org\/fr\/#\/schema\/logo\/image\/","url":"https:\/\/cdn-endpoint-hfm.azureedge.net\/heartfailurematters\/2024\/07\/hfm-logo1.jpg","contentUrl":"https:\/\/cdn-endpoint-hfm.azureedge.net\/heartfailurematters\/2024\/07\/hfm-logo1.jpg","width":1280,"height":720,"caption":"Heart Failure Matters"},"image":{"@id":"https:\/\/www.heartfailurematters.org\/fr\/#\/schema\/logo\/image\/"},"sameAs":["https:\/\/www.facebook.com\/heartfailurematters"]}]}},"_links":{"self":[{"href":"https:\/\/www.heartfailurematters.org\/fr\/wp-json\/wp\/v2\/pages\/314","targetHints":{"allow":["GET"]}}],"collection":[{"href":"https:\/\/www.heartfailurematters.org\/fr\/wp-json\/wp\/v2\/pages"}],"about":[{"href":"https:\/\/www.heartfailurematters.org\/fr\/wp-json\/wp\/v2\/types\/page"}],"author":[{"embeddable":true,"href":"https:\/\/www.heartfailurematters.org\/fr\/wp-json\/wp\/v2\/users\/1"}],"replies":[{"embeddable":true,"href":"https:\/\/www.heartfailurematters.org\/fr\/wp-json\/wp\/v2\/comments?post=314"}],"version-history":[{"count":0,"href":"https:\/\/www.heartfailurematters.org\/fr\/wp-json\/wp\/v2\/pages\/314\/revisions"}],"up":[{"embeddable":true,"href":"https:\/\/www.heartfailurematters.org\/fr\/wp-json\/wp\/v2\/pages\/2812"}],"wp:featuredmedia":[{"embeddable":true,"href":"https:\/\/www.heartfailurematters.org\/fr\/wp-json\/wp\/v2\/media\/11039"}],"wp:attachment":[{"href":"https:\/\/www.heartfailurematters.org\/fr\/wp-json\/wp\/v2\/media?parent=314"}],"wp:term":[{"taxonomy":"category","embeddable":true,"href":"https:\/\/www.heartfailurematters.org\/fr\/wp-json\/wp\/v2\/categories?post=314"},{"taxonomy":"post_tag","embeddable":true,"href":"https:\/\/www.heartfailurematters.org\/fr\/wp-json\/wp\/v2\/tags?post=314"}],"curies":[{"name":"wp","href":"https:\/\/api.w.org\/{rel}","templated":true}]}}