{"id":310,"date":"2021-01-27T21:35:34","date_gmt":"2021-01-27T21:35:34","guid":{"rendered":"http:\/\/heartfailurematters.local:8888\/pontage-aorto-coronarien-pac\/"},"modified":"2021-02-05T15:00:19","modified_gmt":"2021-02-05T15:00:19","slug":"pontage-aorto-coronarien-pac","status":"publish","type":"page","link":"https:\/\/www.heartfailurematters.org\/fr\/ce-que-votre-medecin-ou-votre-infirmier-ere-peut-faire\/pontage-aorto-coronarien-pac\/","title":{"rendered":"Pontage aorto-coronarien (PAC)"},"content":{"rendered":"<h2>Pourquoi cette intervention est-elle r\u00e9alis\u00e9e&nbsp;?<\/h2>\n<p>Si une de vos <a title=\"Vaisseaux sanguins qui fournissent le sang au c\u0153ur.\" class=\"addtooltip\"><strong>art\u00e8res coronaires<\/strong><\/a> fournissant le sang au muscle cardiaque est bouch\u00e9e par une accumulation de cholest\u00e9rol (<a title=\"Accumulation, dans la paroi d'une art\u00e8re, de cholest\u00e9rol, de compos\u00e9s graisseux, de calcium et de produits impliqu\u00e9s dans la coagulation sanguine.\" class=\"addtooltip\"><strong>plaque<\/strong><\/a>),&nbsp;le sang ne peut pas circuler correctement et cela peut conduire \u00e0 une <a title=\"Angine de poitrine<\/div>\n<p>Douleur ou g\u00eane au niveau de la poitrine suite \u00e0 une diminution de la circulation sanguine dans une partie du muscle cardiaque. Ceci est g\u00e9n\u00e9ralement provoqu\u00e9 par une coronaropathie.\u00a0\u00bb class=\u00a0\u00bbaddtooltip\u00a0\u00bb><strong>angine de poitrine<\/strong><\/a> ou une <a title=\"D\u00e9g\u00e2ts qui se produisent dans le muscle cardiaque quand une art\u00e8re coronaire se bouche et que la circulation sanguine vers une partie du muscle cardiaque est tr\u00e8s r\u00e9duite ou s\u2019arr\u00eate.\" class=\"addtooltip\"><strong>crise cardiaque<\/strong><\/a>. Dans ce cas, cela peut faire progresser votre insuffisance cardiaque. Un <a title=\"Intervention chirurgicale visant \u00e0 rediriger le flux sanguin en contournant un r\u00e9tr\u00e9cissement d\u2019une art\u00e8re coronaire. Un vaisseau sanguin est pr\u00e9lev\u00e9 sur la jambe ou la paroi thoracique, puis cousu sur l'art\u00e8re malade, au-dessus et en dessous du r\u00e9tr\u00e9cissement.\" class=\"addtooltip\"><strong>pontage aorto-coronarien<\/strong><\/a> contourne cette partie bouch\u00e9e de l&rsquo;art\u00e8re et redirige votre flux sanguin pour que votre c\u0153ur puisse fonctionner normalement.<\/p>\n<h2>Qu\u2019est-ce que cette intervention implique&nbsp;?<\/h2>\n<p>Pendant l&rsquo;op\u00e9ration, vous serez g\u00e9n\u00e9ralement reli\u00e9 \u00e0 un syst\u00e8me c\u0153ur-poumon artificiel qui fournit le sang au cerveau et au corps. Les chirurgiens pr\u00e9l\u00e8vent des vaisseaux sanguins sains d&rsquo;une autre partie de votre corps, comme certaines veines des jambes ou des art\u00e8res du thorax et attachent chirurgicalement ces greffons au(x) vaisseau(x) obstru\u00e9s ou r\u00e9t\u00e9cis(s), pour que le sang contourne la partie obstru\u00e9e.<\/p>\n<p>L\u2019intervention dure environ trois heures, mais peut prendre plus longtemps selon le nombre de pontages \u00e0 effectuer.<\/p>\n<h2>Questions \u00e0 poser \u00e0 votre m\u00e9decin&nbsp;:<\/h2>\n<ul>\n<li>Quels sont les risques associ\u00e9s \u00e0 cette op\u00e9ration&nbsp;?<\/li>\n<li>Devrai-je subir une <a title=\"Examen utilisant l\u2019injection d'un liquide visible aux rayons X pour visualiser les r\u00e9tr\u00e9cissements ou les obstructions dans vos art\u00e8res coronaires.\" class=\"addtooltip\"><strong>coronarographie<\/strong><\/a> avant l\u2019op\u00e9ration&nbsp;?<\/li>\n<li>Devrai-je suivre un r\u00e9gime sp\u00e9cial apr\u00e8s mon pontage aorto-coronarien&nbsp;?<\/li>\n<li>Combien de temps dure la convalescence&nbsp;?<\/li>\n<li>Quelle cicatrice vais-je avoir&nbsp;?<\/li>\n<li>Quel niveau d&rsquo;exercice physique me permet-on apr\u00e8s l\u2019op\u00e9ration&nbsp;?<\/li>\n<li>Quels m\u00e9dicaments devrai-je prendre apr\u00e8s l\u2019op\u00e9ration&nbsp;?<\/li>\n<\/ul>\n<p><a href=\"https:\/\/www.heartfailurematters.org\/fr\/ce-que-votre-medecin-ou-votre-infirmier-ere-peut-faire\/intervention-chirurgicale\/\">Retour \u00e0 la rubrique \u00ab&nbsp;Chirurgie&nbsp;\u00bb<\/a><\/p>\n","protected":false},"excerpt":{"rendered":"<p>Pourquoi cette intervention est-elle r\u00e9alis\u00e9e&nbsp;? Si une de vos art\u00e8res coronaires fournissant le sang au muscle cardiaque est bouch\u00e9e par une accumulation de cholest\u00e9rol (plaque),&nbsp;le sang ne peut pas circuler correctement et cela peut conduire \u00e0 une<\/p>\n","protected":false},"author":1,"featured_media":10933,"parent":2679,"menu_order":0,"comment_status":"open","ping_status":"open","template":"","meta":{"_acf_changed":false,"footnotes":""},"categories":[],"tags":[],"class_list":["post-310","page","type-page","status-publish","has-post-thumbnail","hentry"],"acf":[],"yoast_head":"<!-- This site is optimized with the Yoast SEO plugin v24.8.1 - https:\/\/yoast.com\/wordpress\/plugins\/seo\/ -->\n<title>Pontage aorto-coronarien (PAC) - Heart Failure Matters<\/title>\n<meta name=\"description\" content=\"Une greffe de pontage aorto-coronarien redirige votre irrigation sanguine autour de sections d&#039;art\u00e8res bouch\u00e9es afin que votre c\u0153ur puisse fonctionner normalement.\" \/>\n<meta name=\"robots\" content=\"index, follow, max-snippet:-1, max-image-preview:large, max-video-preview:-1\" \/>\n<link rel=\"canonical\" href=\"https:\/\/www.heartfailurematters.org\/fr\/ce-que-votre-medecin-ou-votre-infirmier-ere-peut-faire\/pontage-aorto-coronarien-pac\/\" \/>\n<meta property=\"og:locale\" content=\"fr_FR\" \/>\n<meta property=\"og:type\" content=\"article\" \/>\n<meta property=\"og:title\" content=\"Pontage aorto-coronarien (PAC) - Heart Failure Matters\" \/>\n<meta property=\"og:description\" content=\"Une greffe de pontage aorto-coronarien redirige votre irrigation sanguine autour de sections d&#039;art\u00e8res bouch\u00e9es afin que votre c\u0153ur puisse fonctionner normalement.\" \/>\n<meta property=\"og:url\" content=\"https:\/\/www.heartfailurematters.org\/fr\/ce-que-votre-medecin-ou-votre-infirmier-ere-peut-faire\/pontage-aorto-coronarien-pac\/\" \/>\n<meta property=\"og:site_name\" content=\"Heart Failure Matters\" \/>\n<meta property=\"article:publisher\" content=\"https:\/\/www.facebook.com\/heartfailurematters\" \/>\n<meta property=\"article:modified_time\" content=\"2021-02-05T15:00:19+00:00\" \/>\n<meta property=\"og:image\" content=\"https:\/\/www.heartfailurematters.org\/wp-content\/uploads\/2022\/03\/shutterstock_2073525971-1-min.jpg\" \/>\n\t<meta property=\"og:image:width\" content=\"900\" \/>\n\t<meta property=\"og:image:height\" content=\"559\" \/>\n\t<meta property=\"og:image:type\" content=\"image\/jpeg\" \/>\n<meta name=\"twitter:card\" content=\"summary_large_image\" \/>\n<meta name=\"twitter:label1\" content=\"Dur\u00e9e de lecture estim\u00e9e\" \/>\n\t<meta name=\"twitter:data1\" content=\"1 minute\" \/>\n<script type=\"application\/ld+json\" class=\"yoast-schema-graph\">{\"@context\":\"https:\/\/schema.org\",\"@graph\":[{\"@type\":\"WebPage\",\"@id\":\"https:\/\/www.heartfailurematters.org\/fr\/ce-que-votre-medecin-ou-votre-infirmier-ere-peut-faire\/pontage-aorto-coronarien-pac\/\",\"url\":\"https:\/\/www.heartfailurematters.org\/fr\/ce-que-votre-medecin-ou-votre-infirmier-ere-peut-faire\/pontage-aorto-coronarien-pac\/\",\"name\":\"Pontage aorto-coronarien (PAC) - Heart Failure Matters\",\"isPartOf\":{\"@id\":\"https:\/\/www.heartfailurematters.org\/fr\/#website\"},\"primaryImageOfPage\":{\"@id\":\"https:\/\/www.heartfailurematters.org\/fr\/ce-que-votre-medecin-ou-votre-infirmier-ere-peut-faire\/pontage-aorto-coronarien-pac\/#primaryimage\"},\"image\":{\"@id\":\"https:\/\/www.heartfailurematters.org\/fr\/ce-que-votre-medecin-ou-votre-infirmier-ere-peut-faire\/pontage-aorto-coronarien-pac\/#primaryimage\"},\"thumbnailUrl\":\"https:\/\/www.heartfailurematters.org\/wp-content\/uploads\/2022\/03\/shutterstock_2073525971-1-min.jpg\",\"datePublished\":\"2021-01-27T21:35:34+00:00\",\"dateModified\":\"2021-02-05T15:00:19+00:00\",\"description\":\"Une greffe de pontage aorto-coronarien redirige votre irrigation sanguine autour de sections d'art\u00e8res bouch\u00e9es afin que votre c\u0153ur puisse fonctionner normalement.\",\"breadcrumb\":{\"@id\":\"https:\/\/www.heartfailurematters.org\/fr\/ce-que-votre-medecin-ou-votre-infirmier-ere-peut-faire\/pontage-aorto-coronarien-pac\/#breadcrumb\"},\"inLanguage\":\"fr-FR\",\"potentialAction\":[{\"@type\":\"ReadAction\",\"target\":[\"https:\/\/www.heartfailurematters.org\/fr\/ce-que-votre-medecin-ou-votre-infirmier-ere-peut-faire\/pontage-aorto-coronarien-pac\/\"]}]},{\"@type\":\"ImageObject\",\"inLanguage\":\"fr-FR\",\"@id\":\"https:\/\/www.heartfailurematters.org\/fr\/ce-que-votre-medecin-ou-votre-infirmier-ere-peut-faire\/pontage-aorto-coronarien-pac\/#primaryimage\",\"url\":\"https:\/\/www.heartfailurematters.org\/wp-content\/uploads\/2022\/03\/shutterstock_2073525971-1-min.jpg\",\"contentUrl\":\"https:\/\/www.heartfailurematters.org\/wp-content\/uploads\/2022\/03\/shutterstock_2073525971-1-min.jpg\",\"width\":900,\"height\":559},{\"@type\":\"BreadcrumbList\",\"@id\":\"https:\/\/www.heartfailurematters.org\/fr\/ce-que-votre-medecin-ou-votre-infirmier-ere-peut-faire\/pontage-aorto-coronarien-pac\/#breadcrumb\",\"itemListElement\":[{\"@type\":\"ListItem\",\"position\":1,\"name\":\"Accueil\",\"item\":\"https:\/\/www.heartfailurematters.org\/fr\/\"},{\"@type\":\"ListItem\",\"position\":2,\"name\":\"Ce que votre m\u00e9decin peut faire\",\"item\":\"https:\/\/www.heartfailurematters.org\/fr\/ce-que-votre-medecin-ou-votre-infirmier-ere-peut-faire\/\"},{\"@type\":\"ListItem\",\"position\":3,\"name\":\"Pontage aorto-coronarien (PAC)\"}]},{\"@type\":\"WebSite\",\"@id\":\"https:\/\/www.heartfailurematters.org\/fr\/#website\",\"url\":\"https:\/\/www.heartfailurematters.org\/fr\/\",\"name\":\"Heart Failure Matters\",\"description\":\"Practical information for patients, families and caregivers.\",\"publisher\":{\"@id\":\"https:\/\/www.heartfailurematters.org\/fr\/#organization\"},\"potentialAction\":[{\"@type\":\"SearchAction\",\"target\":{\"@type\":\"EntryPoint\",\"urlTemplate\":\"https:\/\/www.heartfailurematters.org\/fr\/?s={search_term_string}\"},\"query-input\":{\"@type\":\"PropertyValueSpecification\",\"valueRequired\":true,\"valueName\":\"search_term_string\"}}],\"inLanguage\":\"fr-FR\"},{\"@type\":\"Organization\",\"@id\":\"https:\/\/www.heartfailurematters.org\/fr\/#organization\",\"name\":\"Heart Failure Matters\",\"url\":\"https:\/\/www.heartfailurematters.org\/fr\/\",\"logo\":{\"@type\":\"ImageObject\",\"inLanguage\":\"fr-FR\",\"@id\":\"https:\/\/www.heartfailurematters.org\/fr\/#\/schema\/logo\/image\/\",\"url\":\"https:\/\/cdn-endpoint-hfm.azureedge.net\/heartfailurematters\/2024\/07\/hfm-logo1.jpg\",\"contentUrl\":\"https:\/\/cdn-endpoint-hfm.azureedge.net\/heartfailurematters\/2024\/07\/hfm-logo1.jpg\",\"width\":1280,\"height\":720,\"caption\":\"Heart Failure Matters\"},\"image\":{\"@id\":\"https:\/\/www.heartfailurematters.org\/fr\/#\/schema\/logo\/image\/\"},\"sameAs\":[\"https:\/\/www.facebook.com\/heartfailurematters\"]}]}<\/script>\n<!-- \/ Yoast SEO plugin. -->","yoast_head_json":{"title":"Pontage aorto-coronarien (PAC) - Heart Failure Matters","description":"Une greffe de pontage aorto-coronarien redirige votre irrigation sanguine autour de sections d'art\u00e8res bouch\u00e9es afin que votre c\u0153ur puisse fonctionner normalement.","robots":{"index":"index","follow":"follow","max-snippet":"max-snippet:-1","max-image-preview":"max-image-preview:large","max-video-preview":"max-video-preview:-1"},"canonical":"https:\/\/www.heartfailurematters.org\/fr\/ce-que-votre-medecin-ou-votre-infirmier-ere-peut-faire\/pontage-aorto-coronarien-pac\/","og_locale":"fr_FR","og_type":"article","og_title":"Pontage aorto-coronarien (PAC) - Heart Failure Matters","og_description":"Une greffe de pontage aorto-coronarien redirige votre irrigation sanguine autour de sections d'art\u00e8res bouch\u00e9es afin que votre c\u0153ur puisse fonctionner normalement.","og_url":"https:\/\/www.heartfailurematters.org\/fr\/ce-que-votre-medecin-ou-votre-infirmier-ere-peut-faire\/pontage-aorto-coronarien-pac\/","og_site_name":"Heart Failure Matters","article_publisher":"https:\/\/www.facebook.com\/heartfailurematters","article_modified_time":"2021-02-05T15:00:19+00:00","og_image":[{"width":900,"height":559,"url":"https:\/\/www.heartfailurematters.org\/wp-content\/uploads\/2022\/03\/shutterstock_2073525971-1-min.jpg","type":"image\/jpeg"}],"twitter_card":"summary_large_image","twitter_misc":{"Dur\u00e9e de lecture estim\u00e9e":"1 minute"},"schema":{"@context":"https:\/\/schema.org","@graph":[{"@type":"WebPage","@id":"https:\/\/www.heartfailurematters.org\/fr\/ce-que-votre-medecin-ou-votre-infirmier-ere-peut-faire\/pontage-aorto-coronarien-pac\/","url":"https:\/\/www.heartfailurematters.org\/fr\/ce-que-votre-medecin-ou-votre-infirmier-ere-peut-faire\/pontage-aorto-coronarien-pac\/","name":"Pontage aorto-coronarien (PAC) - Heart Failure Matters","isPartOf":{"@id":"https:\/\/www.heartfailurematters.org\/fr\/#website"},"primaryImageOfPage":{"@id":"https:\/\/www.heartfailurematters.org\/fr\/ce-que-votre-medecin-ou-votre-infirmier-ere-peut-faire\/pontage-aorto-coronarien-pac\/#primaryimage"},"image":{"@id":"https:\/\/www.heartfailurematters.org\/fr\/ce-que-votre-medecin-ou-votre-infirmier-ere-peut-faire\/pontage-aorto-coronarien-pac\/#primaryimage"},"thumbnailUrl":"https:\/\/www.heartfailurematters.org\/wp-content\/uploads\/2022\/03\/shutterstock_2073525971-1-min.jpg","datePublished":"2021-01-27T21:35:34+00:00","dateModified":"2021-02-05T15:00:19+00:00","description":"Une greffe de pontage aorto-coronarien redirige votre irrigation sanguine autour de sections d'art\u00e8res bouch\u00e9es afin que votre c\u0153ur puisse fonctionner normalement.","breadcrumb":{"@id":"https:\/\/www.heartfailurematters.org\/fr\/ce-que-votre-medecin-ou-votre-infirmier-ere-peut-faire\/pontage-aorto-coronarien-pac\/#breadcrumb"},"inLanguage":"fr-FR","potentialAction":[{"@type":"ReadAction","target":["https:\/\/www.heartfailurematters.org\/fr\/ce-que-votre-medecin-ou-votre-infirmier-ere-peut-faire\/pontage-aorto-coronarien-pac\/"]}]},{"@type":"ImageObject","inLanguage":"fr-FR","@id":"https:\/\/www.heartfailurematters.org\/fr\/ce-que-votre-medecin-ou-votre-infirmier-ere-peut-faire\/pontage-aorto-coronarien-pac\/#primaryimage","url":"https:\/\/www.heartfailurematters.org\/wp-content\/uploads\/2022\/03\/shutterstock_2073525971-1-min.jpg","contentUrl":"https:\/\/www.heartfailurematters.org\/wp-content\/uploads\/2022\/03\/shutterstock_2073525971-1-min.jpg","width":900,"height":559},{"@type":"BreadcrumbList","@id":"https:\/\/www.heartfailurematters.org\/fr\/ce-que-votre-medecin-ou-votre-infirmier-ere-peut-faire\/pontage-aorto-coronarien-pac\/#breadcrumb","itemListElement":[{"@type":"ListItem","position":1,"name":"Accueil","item":"https:\/\/www.heartfailurematters.org\/fr\/"},{"@type":"ListItem","position":2,"name":"Ce que votre m\u00e9decin peut faire","item":"https:\/\/www.heartfailurematters.org\/fr\/ce-que-votre-medecin-ou-votre-infirmier-ere-peut-faire\/"},{"@type":"ListItem","position":3,"name":"Pontage aorto-coronarien (PAC)"}]},{"@type":"WebSite","@id":"https:\/\/www.heartfailurematters.org\/fr\/#website","url":"https:\/\/www.heartfailurematters.org\/fr\/","name":"Heart Failure Matters","description":"Practical information for patients, families and caregivers.","publisher":{"@id":"https:\/\/www.heartfailurematters.org\/fr\/#organization"},"potentialAction":[{"@type":"SearchAction","target":{"@type":"EntryPoint","urlTemplate":"https:\/\/www.heartfailurematters.org\/fr\/?s={search_term_string}"},"query-input":{"@type":"PropertyValueSpecification","valueRequired":true,"valueName":"search_term_string"}}],"inLanguage":"fr-FR"},{"@type":"Organization","@id":"https:\/\/www.heartfailurematters.org\/fr\/#organization","name":"Heart Failure Matters","url":"https:\/\/www.heartfailurematters.org\/fr\/","logo":{"@type":"ImageObject","inLanguage":"fr-FR","@id":"https:\/\/www.heartfailurematters.org\/fr\/#\/schema\/logo\/image\/","url":"https:\/\/cdn-endpoint-hfm.azureedge.net\/heartfailurematters\/2024\/07\/hfm-logo1.jpg","contentUrl":"https:\/\/cdn-endpoint-hfm.azureedge.net\/heartfailurematters\/2024\/07\/hfm-logo1.jpg","width":1280,"height":720,"caption":"Heart Failure Matters"},"image":{"@id":"https:\/\/www.heartfailurematters.org\/fr\/#\/schema\/logo\/image\/"},"sameAs":["https:\/\/www.facebook.com\/heartfailurematters"]}]}},"_links":{"self":[{"href":"https:\/\/www.heartfailurematters.org\/fr\/wp-json\/wp\/v2\/pages\/310","targetHints":{"allow":["GET"]}}],"collection":[{"href":"https:\/\/www.heartfailurematters.org\/fr\/wp-json\/wp\/v2\/pages"}],"about":[{"href":"https:\/\/www.heartfailurematters.org\/fr\/wp-json\/wp\/v2\/types\/page"}],"author":[{"embeddable":true,"href":"https:\/\/www.heartfailurematters.org\/fr\/wp-json\/wp\/v2\/users\/1"}],"replies":[{"embeddable":true,"href":"https:\/\/www.heartfailurematters.org\/fr\/wp-json\/wp\/v2\/comments?post=310"}],"version-history":[{"count":2,"href":"https:\/\/www.heartfailurematters.org\/fr\/wp-json\/wp\/v2\/pages\/310\/revisions"}],"predecessor-version":[{"id":4540,"href":"https:\/\/www.heartfailurematters.org\/fr\/wp-json\/wp\/v2\/pages\/310\/revisions\/4540"}],"up":[{"embeddable":true,"href":"https:\/\/www.heartfailurematters.org\/fr\/wp-json\/wp\/v2\/pages\/2679"}],"wp:featuredmedia":[{"embeddable":true,"href":"https:\/\/www.heartfailurematters.org\/fr\/wp-json\/wp\/v2\/media\/10933"}],"wp:attachment":[{"href":"https:\/\/www.heartfailurematters.org\/fr\/wp-json\/wp\/v2\/media?parent=310"}],"wp:term":[{"taxonomy":"category","embeddable":true,"href":"https:\/\/www.heartfailurematters.org\/fr\/wp-json\/wp\/v2\/categories?post=310"},{"taxonomy":"post_tag","embeddable":true,"href":"https:\/\/www.heartfailurematters.org\/fr\/wp-json\/wp\/v2\/tags?post=310"}],"curies":[{"name":"wp","href":"https:\/\/api.w.org\/{rel}","templated":true}]}}