{"id":306,"date":"2021-01-27T21:35:34","date_gmt":"2021-01-27T21:35:34","guid":{"rendered":"http:\/\/heartfailurematters.local:8888\/au-sujet-de-mon-insuffisance-cardiaque\/"},"modified":"2021-02-18T14:23:49","modified_gmt":"2021-02-18T14:23:49","slug":"au-sujet-de-mon-insuffisance-cardiaque","status":"publish","type":"page","link":"https:\/\/www.heartfailurematters.org\/fr\/questions-a-poser-a-votre-medecin\/au-sujet-de-mon-insuffisance-cardiaque\/","title":{"rendered":"Au sujet de mon insuffisance cardiaque"},"content":{"rendered":"<p>Pour en savoir plus\u00a0sur l\u2019insuffisance cardiaque en g\u00e9n\u00e9ral, consultez la rubrique <a title=\"\" href=\"\/fr\/comprendre-linsuffisance-cardiaque\/introduction\/\">\u00ab\u00a0Comprendre l\u2019insuffisance cardiaque\u00a0\u00bb<\/a> de ce site Web. Cependant, si vous voulez des informations plus sp\u00e9cifiques sur votre insuffisance cardiaque, les questions ci-dessous vous aideront \u00e0 en discuter avec votre m\u00e9decin ou votre infirmi\u00e8re.<\/p>\n<p><strong>Qu&rsquo;est-ce qui a provoqu\u00e9 mon insuffisance cardiaque\u00a0?<\/strong><\/p>\n<p>Diverses causes peuvent \u00eatre \u00e0 l\u2019origine d\u2019une insuffisance cardiaque et vous voudrez donc peut-\u00eatre demander \u00e0 votre m\u00e9decin ce qui a provoqu\u00e9 la v\u00f4tre. N&rsquo;ayez pas peur de poser trop de questions car il est important que vous compreniez bien quelles sont les causes de votre insuffisance cardiaque. Votre m\u00e9decin pourra aussi vous dire si vous pouvez faire quelque chose pour traiter la cause de votre insuffisance cardiaque.<\/p>\n<p><strong>Est-ce que mon insuffisance cardiaque peut aggraver l\u2019une de mes autres pathologies\u00a0? <\/strong><\/p>\n<p>De nombreuses personnes atteintes d\u2019insuffisance cardiaque souffrent aussi d&rsquo;autres pathologies. Il est important de bien g\u00e9rer les autres pathologies. Si elles sont mal contr\u00f4l\u00e9es, elles pourraient aggraver votre insuffisance cardiaque. Votre m\u00e9decin ou votre infirmi\u00e8re pourra discuter avec vous de vos pathologies et vous expliquer comment faire pour les g\u00e9rer\u00a0le mieux possible.<\/p>\n<p><strong>Est-ce que mon insuffisance cardiaque est susceptible de r\u00e9duire mon esp\u00e9rance de vie\u00a0? <\/strong><\/p>\n<p>L&rsquo;insuffisance cardiaque est une maladie grave et chronique qui peut s\u2019aggraver avec le temps. Elle peut raccourcir votre esp\u00e9rance de vie. La progression de l\u2019insuffisance cardiaque est impr\u00e9visible et diff\u00e8re pour chaque personne. Bien souvent, les sympt\u00f4mes se stabilisent pendant quelques mois ou quelques ann\u00e9es. L&rsquo;ajustement du mode de vie, le traitement m\u00e9dical et les appareils permettent fr\u00e9quemment de stabiliser les sympt\u00f4mes et de prolonger la vie. Il est possible de mener une vie \u00e9panouie m\u00eame lorsque l\u2019on souffre d\u2019une insuffisance cardiaque, avec l\u2019aide de son m\u00e9decin et de son infirmi\u00e8re et en apprenant \u00e0 se g\u00e9rer.<\/p>\n<p><strong>De quel traitement ai-je besoin\u00a0? <\/strong><\/p>\n<p>Une fois que votre m\u00e9decin vous aura expliqu\u00e9 la cause de votre insuffisance cardiaque, il\/elle vous prescrira <span style=\"text-decoration: line-through;\">un<\/span> traitement appropri\u00e9. Vous pourrez \u00eatre contraint d\u2019ajuster votre mode de vie, de prendre des m\u00e9dicaments, de porter un appareil ou de subir une op\u00e9ration chirurgicale. Votre m\u00e9decin peut vous demander de faire des examens plus pr\u00e9cis afin d&rsquo;\u00e9valuer au mieux votre insuffisance cardiaque et de choisir le traitement le plus appropri\u00e9.<\/p>\n<p><strong>Je me sens vraiment mieux\u00a0suite \u00e0 la prise de\u00a0mes m\u00e9dicaments. Mais comment savoir si j&rsquo;ai besoin d\u2019\u00eatre op\u00e9r\u00e9 ou de porter un appareil\u00a0?<\/strong><\/p>\n<p>La n\u00e9cessit\u00e9 ou non d\u2019\u00eatre op\u00e9r\u00e9 ou de porter un appareil d\u00e9pend de la nature, de la cause et de la gravit\u00e9 de vos sympt\u00f4mes. Ce sont g\u00e9n\u00e9ralement vos sympt\u00f4mes,\u00a0ainsi que les donn\u00e9es de l&rsquo;ECG et de l\u2019\u00e9chocardiographie, qui indiqueront si un appareil doit \u00eatre pos\u00e9. Si vous devez \u00eatre op\u00e9r\u00e9 ou porter un appareil, votre cardiologue vous en informera et discutera avec vous\u00a0de tout autre examen\u00a0qui pourrait s&rsquo;av\u00e9rer\u00a0n\u00e9cessaire.<\/p>\n","protected":false},"excerpt":{"rendered":"<p>Pour en savoir plus\u00a0sur l\u2019insuffisance cardiaque en g\u00e9n\u00e9ral, consultez la rubrique \u00ab\u00a0Comprendre l\u2019insuffisance cardiaque\u00a0\u00bb de ce site Web. Cependant, si vous voulez des informations plus sp\u00e9cifiques sur votre insuffisance cardiaque, les questions ci-dessous vous aideront \u00e0 en discuter avec votre m\u00e9decin ou votre infirmi\u00e8re. Qu&rsquo;est-ce qui a provoqu\u00e9 mon insuffisance cardiaque\u00a0? Diverses causes peuvent \u00eatre [&hellip;]<\/p>\n","protected":false},"author":1,"featured_media":0,"parent":2761,"menu_order":0,"comment_status":"open","ping_status":"open","template":"","meta":{"_acf_changed":false,"footnotes":""},"categories":[],"tags":[],"class_list":["post-306","page","type-page","status-publish","hentry"],"acf":[],"yoast_head":"<!-- This site is optimized with the Yoast SEO plugin v24.8.1 - https:\/\/yoast.com\/wordpress\/plugins\/seo\/ -->\n<title>Au sujet de mon insuffisance cardiaque - Heart Failure Matters<\/title>\n<meta name=\"description\" content=\"Si vous souhaitez plus d&#039;informations propres \u00e0 votre insuffisance cardiaque, les questions ci-dessous peuvent vous aider pour en parler avec votre m\u00e9decin ou votre infirmier\/\u00e8re.\" \/>\n<meta name=\"robots\" content=\"index, follow, max-snippet:-1, max-image-preview:large, max-video-preview:-1\" \/>\n<link rel=\"canonical\" href=\"https:\/\/www.heartfailurematters.org\/fr\/questions-a-poser-a-votre-medecin\/au-sujet-de-mon-insuffisance-cardiaque\/\" \/>\n<meta property=\"og:locale\" content=\"fr_FR\" \/>\n<meta property=\"og:type\" content=\"article\" \/>\n<meta property=\"og:title\" content=\"Au sujet de mon insuffisance cardiaque - Heart Failure Matters\" \/>\n<meta property=\"og:description\" content=\"Si vous souhaitez plus d&#039;informations propres \u00e0 votre insuffisance cardiaque, les questions ci-dessous peuvent vous aider pour en parler avec votre m\u00e9decin ou votre infirmier\/\u00e8re.\" \/>\n<meta property=\"og:url\" content=\"https:\/\/www.heartfailurematters.org\/fr\/questions-a-poser-a-votre-medecin\/au-sujet-de-mon-insuffisance-cardiaque\/\" \/>\n<meta property=\"og:site_name\" content=\"Heart Failure Matters\" \/>\n<meta property=\"article:publisher\" content=\"https:\/\/www.facebook.com\/heartfailurematters\" \/>\n<meta property=\"article:modified_time\" content=\"2021-02-18T14:23:49+00:00\" \/>\n<meta name=\"twitter:card\" content=\"summary_large_image\" \/>\n<meta name=\"twitter:label1\" content=\"Dur\u00e9e de lecture estim\u00e9e\" \/>\n\t<meta name=\"twitter:data1\" content=\"3 minutes\" \/>\n<script type=\"application\/ld+json\" class=\"yoast-schema-graph\">{\"@context\":\"https:\/\/schema.org\",\"@graph\":[{\"@type\":\"WebPage\",\"@id\":\"https:\/\/www.heartfailurematters.org\/fr\/questions-a-poser-a-votre-medecin\/au-sujet-de-mon-insuffisance-cardiaque\/\",\"url\":\"https:\/\/www.heartfailurematters.org\/fr\/questions-a-poser-a-votre-medecin\/au-sujet-de-mon-insuffisance-cardiaque\/\",\"name\":\"Au sujet de mon insuffisance cardiaque - Heart Failure Matters\",\"isPartOf\":{\"@id\":\"https:\/\/www.heartfailurematters.org\/fr\/#website\"},\"datePublished\":\"2021-01-27T21:35:34+00:00\",\"dateModified\":\"2021-02-18T14:23:49+00:00\",\"description\":\"Si vous souhaitez plus d'informations propres \u00e0 votre insuffisance cardiaque, les questions ci-dessous peuvent vous aider pour en parler avec votre m\u00e9decin ou votre infirmier\/\u00e8re.\",\"breadcrumb\":{\"@id\":\"https:\/\/www.heartfailurematters.org\/fr\/questions-a-poser-a-votre-medecin\/au-sujet-de-mon-insuffisance-cardiaque\/#breadcrumb\"},\"inLanguage\":\"fr-FR\",\"potentialAction\":[{\"@type\":\"ReadAction\",\"target\":[\"https:\/\/www.heartfailurematters.org\/fr\/questions-a-poser-a-votre-medecin\/au-sujet-de-mon-insuffisance-cardiaque\/\"]}]},{\"@type\":\"BreadcrumbList\",\"@id\":\"https:\/\/www.heartfailurematters.org\/fr\/questions-a-poser-a-votre-medecin\/au-sujet-de-mon-insuffisance-cardiaque\/#breadcrumb\",\"itemListElement\":[{\"@type\":\"ListItem\",\"position\":1,\"name\":\"Accueil\",\"item\":\"https:\/\/www.heartfailurematters.org\/fr\/\"},{\"@type\":\"ListItem\",\"position\":2,\"name\":\"Posez des questions \u00e0 votre m\u00e9decin\",\"item\":\"https:\/\/www.heartfailurematters.org\/fr\/questions-a-poser-a-votre-medecin\/\"},{\"@type\":\"ListItem\",\"position\":3,\"name\":\"Au sujet de mon insuffisance cardiaque\"}]},{\"@type\":\"WebSite\",\"@id\":\"https:\/\/www.heartfailurematters.org\/fr\/#website\",\"url\":\"https:\/\/www.heartfailurematters.org\/fr\/\",\"name\":\"Heart Failure Matters\",\"description\":\"Practical information for patients, families and caregivers.\",\"publisher\":{\"@id\":\"https:\/\/www.heartfailurematters.org\/fr\/#organization\"},\"potentialAction\":[{\"@type\":\"SearchAction\",\"target\":{\"@type\":\"EntryPoint\",\"urlTemplate\":\"https:\/\/www.heartfailurematters.org\/fr\/?s={search_term_string}\"},\"query-input\":{\"@type\":\"PropertyValueSpecification\",\"valueRequired\":true,\"valueName\":\"search_term_string\"}}],\"inLanguage\":\"fr-FR\"},{\"@type\":\"Organization\",\"@id\":\"https:\/\/www.heartfailurematters.org\/fr\/#organization\",\"name\":\"Heart Failure Matters\",\"url\":\"https:\/\/www.heartfailurematters.org\/fr\/\",\"logo\":{\"@type\":\"ImageObject\",\"inLanguage\":\"fr-FR\",\"@id\":\"https:\/\/www.heartfailurematters.org\/fr\/#\/schema\/logo\/image\/\",\"url\":\"https:\/\/cdn-endpoint-hfm.azureedge.net\/heartfailurematters\/2024\/07\/hfm-logo1.jpg\",\"contentUrl\":\"https:\/\/cdn-endpoint-hfm.azureedge.net\/heartfailurematters\/2024\/07\/hfm-logo1.jpg\",\"width\":1280,\"height\":720,\"caption\":\"Heart Failure Matters\"},\"image\":{\"@id\":\"https:\/\/www.heartfailurematters.org\/fr\/#\/schema\/logo\/image\/\"},\"sameAs\":[\"https:\/\/www.facebook.com\/heartfailurematters\"]}]}<\/script>\n<!-- \/ Yoast SEO plugin. -->","yoast_head_json":{"title":"Au sujet de mon insuffisance cardiaque - Heart Failure Matters","description":"Si vous souhaitez plus d'informations propres \u00e0 votre insuffisance cardiaque, les questions ci-dessous peuvent vous aider pour en parler avec votre m\u00e9decin ou votre infirmier\/\u00e8re.","robots":{"index":"index","follow":"follow","max-snippet":"max-snippet:-1","max-image-preview":"max-image-preview:large","max-video-preview":"max-video-preview:-1"},"canonical":"https:\/\/www.heartfailurematters.org\/fr\/questions-a-poser-a-votre-medecin\/au-sujet-de-mon-insuffisance-cardiaque\/","og_locale":"fr_FR","og_type":"article","og_title":"Au sujet de mon insuffisance cardiaque - Heart Failure Matters","og_description":"Si vous souhaitez plus d'informations propres \u00e0 votre insuffisance cardiaque, les questions ci-dessous peuvent vous aider pour en parler avec votre m\u00e9decin ou votre infirmier\/\u00e8re.","og_url":"https:\/\/www.heartfailurematters.org\/fr\/questions-a-poser-a-votre-medecin\/au-sujet-de-mon-insuffisance-cardiaque\/","og_site_name":"Heart Failure Matters","article_publisher":"https:\/\/www.facebook.com\/heartfailurematters","article_modified_time":"2021-02-18T14:23:49+00:00","twitter_card":"summary_large_image","twitter_misc":{"Dur\u00e9e de lecture estim\u00e9e":"3 minutes"},"schema":{"@context":"https:\/\/schema.org","@graph":[{"@type":"WebPage","@id":"https:\/\/www.heartfailurematters.org\/fr\/questions-a-poser-a-votre-medecin\/au-sujet-de-mon-insuffisance-cardiaque\/","url":"https:\/\/www.heartfailurematters.org\/fr\/questions-a-poser-a-votre-medecin\/au-sujet-de-mon-insuffisance-cardiaque\/","name":"Au sujet de mon insuffisance cardiaque - Heart Failure Matters","isPartOf":{"@id":"https:\/\/www.heartfailurematters.org\/fr\/#website"},"datePublished":"2021-01-27T21:35:34+00:00","dateModified":"2021-02-18T14:23:49+00:00","description":"Si vous souhaitez plus d'informations propres \u00e0 votre insuffisance cardiaque, les questions ci-dessous peuvent vous aider pour en parler avec votre m\u00e9decin ou votre infirmier\/\u00e8re.","breadcrumb":{"@id":"https:\/\/www.heartfailurematters.org\/fr\/questions-a-poser-a-votre-medecin\/au-sujet-de-mon-insuffisance-cardiaque\/#breadcrumb"},"inLanguage":"fr-FR","potentialAction":[{"@type":"ReadAction","target":["https:\/\/www.heartfailurematters.org\/fr\/questions-a-poser-a-votre-medecin\/au-sujet-de-mon-insuffisance-cardiaque\/"]}]},{"@type":"BreadcrumbList","@id":"https:\/\/www.heartfailurematters.org\/fr\/questions-a-poser-a-votre-medecin\/au-sujet-de-mon-insuffisance-cardiaque\/#breadcrumb","itemListElement":[{"@type":"ListItem","position":1,"name":"Accueil","item":"https:\/\/www.heartfailurematters.org\/fr\/"},{"@type":"ListItem","position":2,"name":"Posez des questions \u00e0 votre m\u00e9decin","item":"https:\/\/www.heartfailurematters.org\/fr\/questions-a-poser-a-votre-medecin\/"},{"@type":"ListItem","position":3,"name":"Au sujet de mon insuffisance cardiaque"}]},{"@type":"WebSite","@id":"https:\/\/www.heartfailurematters.org\/fr\/#website","url":"https:\/\/www.heartfailurematters.org\/fr\/","name":"Heart Failure Matters","description":"Practical information for patients, families and caregivers.","publisher":{"@id":"https:\/\/www.heartfailurematters.org\/fr\/#organization"},"potentialAction":[{"@type":"SearchAction","target":{"@type":"EntryPoint","urlTemplate":"https:\/\/www.heartfailurematters.org\/fr\/?s={search_term_string}"},"query-input":{"@type":"PropertyValueSpecification","valueRequired":true,"valueName":"search_term_string"}}],"inLanguage":"fr-FR"},{"@type":"Organization","@id":"https:\/\/www.heartfailurematters.org\/fr\/#organization","name":"Heart Failure Matters","url":"https:\/\/www.heartfailurematters.org\/fr\/","logo":{"@type":"ImageObject","inLanguage":"fr-FR","@id":"https:\/\/www.heartfailurematters.org\/fr\/#\/schema\/logo\/image\/","url":"https:\/\/cdn-endpoint-hfm.azureedge.net\/heartfailurematters\/2024\/07\/hfm-logo1.jpg","contentUrl":"https:\/\/cdn-endpoint-hfm.azureedge.net\/heartfailurematters\/2024\/07\/hfm-logo1.jpg","width":1280,"height":720,"caption":"Heart Failure Matters"},"image":{"@id":"https:\/\/www.heartfailurematters.org\/fr\/#\/schema\/logo\/image\/"},"sameAs":["https:\/\/www.facebook.com\/heartfailurematters"]}]}},"_links":{"self":[{"href":"https:\/\/www.heartfailurematters.org\/fr\/wp-json\/wp\/v2\/pages\/306","targetHints":{"allow":["GET"]}}],"collection":[{"href":"https:\/\/www.heartfailurematters.org\/fr\/wp-json\/wp\/v2\/pages"}],"about":[{"href":"https:\/\/www.heartfailurematters.org\/fr\/wp-json\/wp\/v2\/types\/page"}],"author":[{"embeddable":true,"href":"https:\/\/www.heartfailurematters.org\/fr\/wp-json\/wp\/v2\/users\/1"}],"replies":[{"embeddable":true,"href":"https:\/\/www.heartfailurematters.org\/fr\/wp-json\/wp\/v2\/comments?post=306"}],"version-history":[{"count":2,"href":"https:\/\/www.heartfailurematters.org\/fr\/wp-json\/wp\/v2\/pages\/306\/revisions"}],"predecessor-version":[{"id":6999,"href":"https:\/\/www.heartfailurematters.org\/fr\/wp-json\/wp\/v2\/pages\/306\/revisions\/6999"}],"up":[{"embeddable":true,"href":"https:\/\/www.heartfailurematters.org\/fr\/wp-json\/wp\/v2\/pages\/2761"}],"wp:attachment":[{"href":"https:\/\/www.heartfailurematters.org\/fr\/wp-json\/wp\/v2\/media?parent=306"}],"wp:term":[{"taxonomy":"category","embeddable":true,"href":"https:\/\/www.heartfailurematters.org\/fr\/wp-json\/wp\/v2\/categories?post=306"},{"taxonomy":"post_tag","embeddable":true,"href":"https:\/\/www.heartfailurematters.org\/fr\/wp-json\/wp\/v2\/tags?post=306"}],"curies":[{"name":"wp","href":"https:\/\/api.w.org\/{rel}","templated":true}]}}