{"id":302,"date":"2021-01-27T21:35:34","date_gmt":"2021-01-27T21:35:34","guid":{"rendered":"http:\/\/heartfailurematters.local:8888\/declaration-de-mission-et-conditions-dutilisation\/"},"modified":"2024-07-30T14:20:55","modified_gmt":"2024-07-30T13:20:55","slug":"declaration-de-mission-et-conditions-dutilisation","status":"publish","type":"page","link":"https:\/\/www.heartfailurematters.org\/fr\/declaration-de-mission-et-conditions-dutilisation\/","title":{"rendered":"D\u00e9claration de mission et conditions d\u2019utilisation"},"content":{"rendered":"<p><strong> <span style=\"text-decoration: underline;\">La mission de ce site\u00a0:<\/span> <\/strong><\/p>\n<ul>\n<li><strong>Contribuer \u00e0 am\u00e9liorer la qualit\u00e9 de vie et la sant\u00e9 des patients souffrant d\u2019insuffisance cardiaque <\/strong><\/li>\n<li><strong>Aider les patients, leurs familles et leurs soignants \u00e0 mieux comprendre une situation d\u2019insuffisance cardiaque<\/strong><\/li>\n<\/ul>\n<p>Toutes les recommandations faites sur ce site sont conformes aux directives europ\u00e9ennes (<a title=\"European Society of Cardiology Practice Guidelines on Acute and Chronic Heart Failure\" href=\"https:\/\/www.escardio.org\/Guidelines\/Clinical-Practice-Guidelines\/Acute-and-Chronic-Heart-Failure\" target=\"_blank\" rel=\"noopener\">voir les Directives pratiques sur l\u2019insuffisance cardiaque de la Soci\u00e9t\u00e9 Europ\u00e9enne de Cardiologie ici<\/a>)<\/p>\n<p><strong>1.Terms of Use<\/strong><\/p>\n<p>Le site Web <em>heartfailurematters.org<\/em> a \u00e9t\u00e9 d\u00e9velopp\u00e9 sous la direction de l\u2019Association de lutte contre l\u2019insuffisance cardiaque de la Soci\u00e9t\u00e9 Europ\u00e9enne de Cardiologie (Heart Failure Association of the European Society of Cardiology, HFA de l\u2019ESC). L\u2019Association de lutte contre l\u2019insuffisance cardiaque de l\u2019ESC est une branche officielle de la Soci\u00e9t\u00e9 Europ\u00e9enne de Cardiologie (ESC). L\u2019acc\u00e8s \u00e0 ce site Web et son utilisation sont autoris\u00e9s par l\u2019ESC, sous r\u00e9serve des conditions d\u2019utilisation suivantes\u00a0:<\/p>\n<p>1. <strong>Votre<\/strong> utilisation de ce site Web vaut acceptation des pr\u00e9sentes Conditions d\u2019utilisation \u00e0 la date de votre premi\u00e8re utilisation du site.<\/p>\n<p>2. L\u2019ESC se r\u00e9serve le droit de modifier les pr\u00e9sentes Conditions d\u2019utilisation \u00e0 tout moment en publiant les modifications en ligne. Si vous continuez \u00e0 utiliser ce site Web une fois les modifications publi\u00e9es, cela signifie que vous acceptez le pr\u00e9sent contrat tel que modifi\u00e9.<\/p>\n<p>3. Vous vous engagez \u00e0 utiliser ce site Web uniquement \u00e0 des fins l\u00e9gales et d\u2019une mani\u00e8re qui n\u2019enfreint pas les droits d\u2019un tiers, ni ne restreint ou n\u2019emp\u00eache l\u2019utilisation et la jouissance du site par un tiers.<\/p>\n<p><strong>2. Avis de non-responsabilit\u00e9<\/strong><\/p>\n<p>1. L\u2019ESC ne sera en aucun cas responsable vis-\u00e0-vis de l\u2019utilisateur ou d\u2019une autre personne de toute d\u00e9cision ou mesure prise sur la base des informations contenues sur ce site Web ou fournies lors de son utilisation, ni de tous dommages accessoires, indirects, sp\u00e9ciaux ou cons\u00e9cutifs.<\/p>\n<p>2. Les informations contenues sur ce site Web se veulent \u00eatre un compl\u00e9ment \u00e0 l\u2019aide et aux soins apport\u00e9s par les professionnels de la sant\u00e9 qualifi\u00e9s. Ce site Web n\u2019a pas pour vocation et n\u2019est pas implicitement destin\u00e9 \u00e0 remplacer des conseils fournis par des professionnels de la sant\u00e9 ni des soins m\u00e9dicaux. Un professionnel de la sant\u00e9 doit toujours \u00eatre consult\u00e9 avant d\u2019entamer (ou de poursuivre) toute forme de traitement m\u00e9dical. \u00c0 cet effet, toutes les informations contenues sur ce site Web sont fournies purement \u00e0 des fins d\u2019\u00e9ducation.<\/p>\n<p>3. Bien que l\u2019ESC ait pris toutes les pr\u00e9cautions lors de l\u2019\u00e9laboration de ce site Web, elle ne peut inspecter toutes les informations pour d\u00e9terminer la v\u00e9racit\u00e9, l\u2019exactitude, le caract\u00e8re complet ou la pertinence de ces derni\u00e8res. L\u2019ESC ne sera en aucun cas responsable de quelconques dommages, incluant, sans toutefois s\u2019y limiter, les dommages indirects ou cons\u00e9cutifs, ou les dommages ou pertes de profits quels qu\u2019ils soient, r\u00e9sultant de l\u2019utilisation du site ou en lien avec son utilisation, par contrat ou du fait d\u2019une n\u00e9gligence.<\/p>\n<p>4. En aucun cas l\u2019ESC, l\u2019un de ses membres du personnel affili\u00e9s ou les personnes ayant contribu\u00e9 au site Web ne seront responsables envers vous, qui consultez le site, ou envers toute autre personne ou organisme, de d\u00e9cisions ou mesures prises sur la base des informations contenues sur ce site Web. Vous convenez que ni l\u2019ESC ni aucun des membres de son personnel affili\u00e9s ou personnes ayant contribu\u00e9 au site Web, ne seront responsables de quelconques dommages (incluant, sans toutefois s\u2019y limiter, les dommages directs, indirects, accessoires, sp\u00e9ciaux ou cons\u00e9cutifs) ou de toute perte de donn\u00e9es ou de profits, m\u00eame si la HFA de l\u2019ESC, tout membre de son personnel affili\u00e9 ou les personnes ayant contribu\u00e9 au site Web, ont \u00e9t\u00e9 inform\u00e9s de la possibilit\u00e9 d\u2019une telle perte.<\/p>\n<p>5. L\u2019ESC ne garantit pas que les fonctions techniques des supports contenus sur ce site Web fonctionneront sans interruption ou ne pr\u00e9senteront aucune erreur, que les d\u00e9fauts seront corrig\u00e9s ou que ce site Web ou le serveur qui l\u2019h\u00e9berge ne contient aucun virus ou bug et ne garantit pas le fonctionnement, l\u2019exactitude et la fiabilit\u00e9 complets des supports.<\/p>\n<p><strong>3. Restrictions li\u00e9es aux droits d\u2019auteur<\/strong><\/p>\n<p>1. Le site Web <em>heartfailurematters.org<\/em> est d\u00e9tenu par la Soci\u00e9t\u00e9 Europ\u00e9enne de Cardiologie (ESC). Toute utilisation commerciale ou publication d\u2019un ou de tous les \u00e9l\u00e9ments affich\u00e9s est strictement interdite sans l\u2019autorisation \u00e9crite pr\u00e9alable de l\u2019ESC.<\/p>\n<p>Les documents de ce site Web peuvent \u00eatre copi\u00e9s \u00e0 des fins d\u2019utilisation personnelle et non commerciale, uniquement \u00e0 la condition que les indications de la source et des droits d\u2019auteur soient \u00e9galement copi\u00e9es, qu\u2019aucune modification n\u2019y soit apport\u00e9e et que le document soit copi\u00e9 dans son int\u00e9gralit\u00e9. Certains documents et certaines photographies ont cependant \u00e9t\u00e9 publi\u00e9s sur ce site Web avec la permission des d\u00e9tenteurs de droits d\u2019auteur concern\u00e9s (autres que l\u2019ESC). Tous les droits sont r\u00e9serv\u00e9s sur ces documents et la permission de les copier devra \u00eatre demand\u00e9e aux d\u00e9tenteurs des droits d\u2019auteur (les sources sont indiqu\u00e9es dans ces documents\/sur ces photographies).<\/p>\n<p>2. En cas d\u2019utilisation non approuv\u00e9e, l\u2019ESC pourra prendre des mesures pour demander la suppression de l\u2019affichage\/distribution des supports concern\u00e9s et pourra entamer une action en justice.<\/p>\n<p>3. Le site Web contient des liens vers des sites Web exploit\u00e9s par des parties autres que l\u2019ESC. Ces liens sont fournis \u00e0 l\u2019utilisateur uniquement \u00e0 des fins de commodit\u00e9. L\u2019ESC n\u2019a aucun contr\u00f4le sur ces sites Web et n\u2019est pas responsable de leur contenu. Le fait que l\u2019ESC inclue des liens vers de tels sites Web n\u2019implique pas qu\u2019elle approuve le contenu de ces sites ou qu\u2019elle entretient des liens avec leurs exploitants. Il appartient uniquement \u00e0 l\u2019utilisateur d\u2019\u00e9valuer l\u2019exactitude et le caract\u00e8re complet de toute information contenue sur les sites Web de tiers, ainsi que la valeur et l\u2019int\u00e9grit\u00e9 de tous biens et services propos\u00e9s par ces sites Web.<\/p>\n<p>Si vous n\u2019acceptez pas int\u00e9gralement les pr\u00e9sentes conditions d\u2019utilisation, vous devez cesser imm\u00e9diatement d\u2019utiliser ce site.<\/p>\n","protected":false},"excerpt":{"rendered":"<p>La mission de ce site\u00a0: Contribuer \u00e0 am\u00e9liorer la qualit\u00e9 de vie et la sant\u00e9 des patients souffrant d\u2019insuffisance cardiaque Aider les patients, leurs familles et leurs soignants \u00e0 mieux comprendre une situation d\u2019insuffisance cardiaque Toutes les recommandations faites sur ce site sont conformes aux directives europ\u00e9ennes (voir les Directives pratiques sur l\u2019insuffisance cardiaque de [&hellip;]<\/p>\n","protected":false},"author":1,"featured_media":0,"parent":0,"menu_order":0,"comment_status":"open","ping_status":"open","template":"","meta":{"_acf_changed":false,"footnotes":""},"categories":[],"tags":[],"class_list":["post-302","page","type-page","status-publish","hentry"],"acf":[],"yoast_head":"<!-- This site is optimized with the Yoast SEO plugin v24.8.1 - https:\/\/yoast.com\/wordpress\/plugins\/seo\/ -->\n<title>D\u00e9claration de mission et conditions d\u2019utilisation<\/title>\n<meta name=\"description\" content=\"Ce site a pour mission d\u2019aider les patients, leurs familles et leurs soignants \u00e0 mieux comprendre une situation d\u2019insuffisance cardiaque.\" \/>\n<meta name=\"robots\" content=\"index, follow, max-snippet:-1, max-image-preview:large, max-video-preview:-1\" \/>\n<link rel=\"canonical\" href=\"https:\/\/www.heartfailurematters.org\/fr\/declaration-de-mission-et-conditions-dutilisation\/\" \/>\n<meta property=\"og:locale\" content=\"fr_FR\" \/>\n<meta property=\"og:type\" content=\"article\" \/>\n<meta property=\"og:title\" content=\"D\u00e9claration de mission et conditions d\u2019utilisation\" \/>\n<meta property=\"og:description\" content=\"Ce site a pour mission d\u2019aider les patients, leurs familles et leurs soignants \u00e0 mieux comprendre une situation d\u2019insuffisance cardiaque.\" \/>\n<meta property=\"og:url\" content=\"https:\/\/www.heartfailurematters.org\/fr\/declaration-de-mission-et-conditions-dutilisation\/\" \/>\n<meta property=\"og:site_name\" content=\"Heart Failure Matters\" \/>\n<meta property=\"article:publisher\" content=\"https:\/\/www.facebook.com\/heartfailurematters\" \/>\n<meta property=\"article:modified_time\" content=\"2024-07-30T13:20:55+00:00\" \/>\n<meta name=\"twitter:card\" content=\"summary_large_image\" \/>\n<meta name=\"twitter:label1\" content=\"Dur\u00e9e de lecture estim\u00e9e\" \/>\n\t<meta name=\"twitter:data1\" content=\"5 minutes\" \/>\n<script type=\"application\/ld+json\" class=\"yoast-schema-graph\">{\"@context\":\"https:\/\/schema.org\",\"@graph\":[{\"@type\":\"WebPage\",\"@id\":\"https:\/\/www.heartfailurematters.org\/fr\/declaration-de-mission-et-conditions-dutilisation\/\",\"url\":\"https:\/\/www.heartfailurematters.org\/fr\/declaration-de-mission-et-conditions-dutilisation\/\",\"name\":\"D\u00e9claration de mission et conditions d\u2019utilisation\",\"isPartOf\":{\"@id\":\"https:\/\/www.heartfailurematters.org\/fr\/#website\"},\"datePublished\":\"2021-01-27T21:35:34+00:00\",\"dateModified\":\"2024-07-30T13:20:55+00:00\",\"description\":\"Ce site a pour mission d\u2019aider les patients, leurs familles et leurs soignants \u00e0 mieux comprendre une situation d\u2019insuffisance cardiaque.\",\"breadcrumb\":{\"@id\":\"https:\/\/www.heartfailurematters.org\/fr\/declaration-de-mission-et-conditions-dutilisation\/#breadcrumb\"},\"inLanguage\":\"fr-FR\",\"potentialAction\":[{\"@type\":\"ReadAction\",\"target\":[\"https:\/\/www.heartfailurematters.org\/fr\/declaration-de-mission-et-conditions-dutilisation\/\"]}]},{\"@type\":\"BreadcrumbList\",\"@id\":\"https:\/\/www.heartfailurematters.org\/fr\/declaration-de-mission-et-conditions-dutilisation\/#breadcrumb\",\"itemListElement\":[{\"@type\":\"ListItem\",\"position\":1,\"name\":\"Accueil\",\"item\":\"https:\/\/www.heartfailurematters.org\/fr\/\"},{\"@type\":\"ListItem\",\"position\":2,\"name\":\"D\u00e9claration de mission et conditions d\u2019utilisation\"}]},{\"@type\":\"WebSite\",\"@id\":\"https:\/\/www.heartfailurematters.org\/fr\/#website\",\"url\":\"https:\/\/www.heartfailurematters.org\/fr\/\",\"name\":\"Heart Failure Matters\",\"description\":\"Practical information for patients, families and caregivers.\",\"publisher\":{\"@id\":\"https:\/\/www.heartfailurematters.org\/fr\/#organization\"},\"potentialAction\":[{\"@type\":\"SearchAction\",\"target\":{\"@type\":\"EntryPoint\",\"urlTemplate\":\"https:\/\/www.heartfailurematters.org\/fr\/?s={search_term_string}\"},\"query-input\":{\"@type\":\"PropertyValueSpecification\",\"valueRequired\":true,\"valueName\":\"search_term_string\"}}],\"inLanguage\":\"fr-FR\"},{\"@type\":\"Organization\",\"@id\":\"https:\/\/www.heartfailurematters.org\/fr\/#organization\",\"name\":\"Heart Failure Matters\",\"url\":\"https:\/\/www.heartfailurematters.org\/fr\/\",\"logo\":{\"@type\":\"ImageObject\",\"inLanguage\":\"fr-FR\",\"@id\":\"https:\/\/www.heartfailurematters.org\/fr\/#\/schema\/logo\/image\/\",\"url\":\"https:\/\/cdn-endpoint-hfm.azureedge.net\/heartfailurematters\/2024\/07\/hfm-logo1.jpg\",\"contentUrl\":\"https:\/\/cdn-endpoint-hfm.azureedge.net\/heartfailurematters\/2024\/07\/hfm-logo1.jpg\",\"width\":1280,\"height\":720,\"caption\":\"Heart Failure Matters\"},\"image\":{\"@id\":\"https:\/\/www.heartfailurematters.org\/fr\/#\/schema\/logo\/image\/\"},\"sameAs\":[\"https:\/\/www.facebook.com\/heartfailurematters\"]}]}<\/script>\n<!-- \/ Yoast SEO plugin. -->","yoast_head_json":{"title":"D\u00e9claration de mission et conditions d\u2019utilisation","description":"Ce site a pour mission d\u2019aider les patients, leurs familles et leurs soignants \u00e0 mieux comprendre une situation d\u2019insuffisance cardiaque.","robots":{"index":"index","follow":"follow","max-snippet":"max-snippet:-1","max-image-preview":"max-image-preview:large","max-video-preview":"max-video-preview:-1"},"canonical":"https:\/\/www.heartfailurematters.org\/fr\/declaration-de-mission-et-conditions-dutilisation\/","og_locale":"fr_FR","og_type":"article","og_title":"D\u00e9claration de mission et conditions d\u2019utilisation","og_description":"Ce site a pour mission d\u2019aider les patients, leurs familles et leurs soignants \u00e0 mieux comprendre une situation d\u2019insuffisance cardiaque.","og_url":"https:\/\/www.heartfailurematters.org\/fr\/declaration-de-mission-et-conditions-dutilisation\/","og_site_name":"Heart Failure Matters","article_publisher":"https:\/\/www.facebook.com\/heartfailurematters","article_modified_time":"2024-07-30T13:20:55+00:00","twitter_card":"summary_large_image","twitter_misc":{"Dur\u00e9e de lecture estim\u00e9e":"5 minutes"},"schema":{"@context":"https:\/\/schema.org","@graph":[{"@type":"WebPage","@id":"https:\/\/www.heartfailurematters.org\/fr\/declaration-de-mission-et-conditions-dutilisation\/","url":"https:\/\/www.heartfailurematters.org\/fr\/declaration-de-mission-et-conditions-dutilisation\/","name":"D\u00e9claration de mission et conditions d\u2019utilisation","isPartOf":{"@id":"https:\/\/www.heartfailurematters.org\/fr\/#website"},"datePublished":"2021-01-27T21:35:34+00:00","dateModified":"2024-07-30T13:20:55+00:00","description":"Ce site a pour mission d\u2019aider les patients, leurs familles et leurs soignants \u00e0 mieux comprendre une situation d\u2019insuffisance cardiaque.","breadcrumb":{"@id":"https:\/\/www.heartfailurematters.org\/fr\/declaration-de-mission-et-conditions-dutilisation\/#breadcrumb"},"inLanguage":"fr-FR","potentialAction":[{"@type":"ReadAction","target":["https:\/\/www.heartfailurematters.org\/fr\/declaration-de-mission-et-conditions-dutilisation\/"]}]},{"@type":"BreadcrumbList","@id":"https:\/\/www.heartfailurematters.org\/fr\/declaration-de-mission-et-conditions-dutilisation\/#breadcrumb","itemListElement":[{"@type":"ListItem","position":1,"name":"Accueil","item":"https:\/\/www.heartfailurematters.org\/fr\/"},{"@type":"ListItem","position":2,"name":"D\u00e9claration de mission et conditions d\u2019utilisation"}]},{"@type":"WebSite","@id":"https:\/\/www.heartfailurematters.org\/fr\/#website","url":"https:\/\/www.heartfailurematters.org\/fr\/","name":"Heart Failure Matters","description":"Practical information for patients, families and caregivers.","publisher":{"@id":"https:\/\/www.heartfailurematters.org\/fr\/#organization"},"potentialAction":[{"@type":"SearchAction","target":{"@type":"EntryPoint","urlTemplate":"https:\/\/www.heartfailurematters.org\/fr\/?s={search_term_string}"},"query-input":{"@type":"PropertyValueSpecification","valueRequired":true,"valueName":"search_term_string"}}],"inLanguage":"fr-FR"},{"@type":"Organization","@id":"https:\/\/www.heartfailurematters.org\/fr\/#organization","name":"Heart Failure Matters","url":"https:\/\/www.heartfailurematters.org\/fr\/","logo":{"@type":"ImageObject","inLanguage":"fr-FR","@id":"https:\/\/www.heartfailurematters.org\/fr\/#\/schema\/logo\/image\/","url":"https:\/\/cdn-endpoint-hfm.azureedge.net\/heartfailurematters\/2024\/07\/hfm-logo1.jpg","contentUrl":"https:\/\/cdn-endpoint-hfm.azureedge.net\/heartfailurematters\/2024\/07\/hfm-logo1.jpg","width":1280,"height":720,"caption":"Heart Failure Matters"},"image":{"@id":"https:\/\/www.heartfailurematters.org\/fr\/#\/schema\/logo\/image\/"},"sameAs":["https:\/\/www.facebook.com\/heartfailurematters"]}]}},"_links":{"self":[{"href":"https:\/\/www.heartfailurematters.org\/fr\/wp-json\/wp\/v2\/pages\/302","targetHints":{"allow":["GET"]}}],"collection":[{"href":"https:\/\/www.heartfailurematters.org\/fr\/wp-json\/wp\/v2\/pages"}],"about":[{"href":"https:\/\/www.heartfailurematters.org\/fr\/wp-json\/wp\/v2\/types\/page"}],"author":[{"embeddable":true,"href":"https:\/\/www.heartfailurematters.org\/fr\/wp-json\/wp\/v2\/users\/1"}],"replies":[{"embeddable":true,"href":"https:\/\/www.heartfailurematters.org\/fr\/wp-json\/wp\/v2\/comments?post=302"}],"version-history":[{"count":1,"href":"https:\/\/www.heartfailurematters.org\/fr\/wp-json\/wp\/v2\/pages\/302\/revisions"}],"predecessor-version":[{"id":13500,"href":"https:\/\/www.heartfailurematters.org\/fr\/wp-json\/wp\/v2\/pages\/302\/revisions\/13500"}],"wp:attachment":[{"href":"https:\/\/www.heartfailurematters.org\/fr\/wp-json\/wp\/v2\/media?parent=302"}],"wp:term":[{"taxonomy":"category","embeddable":true,"href":"https:\/\/www.heartfailurematters.org\/fr\/wp-json\/wp\/v2\/categories?post=302"},{"taxonomy":"post_tag","embeddable":true,"href":"https:\/\/www.heartfailurematters.org\/fr\/wp-json\/wp\/v2\/tags?post=302"}],"curies":[{"name":"wp","href":"https:\/\/api.w.org\/{rel}","templated":true}]}}