{"id":301,"date":"2021-01-27T21:35:34","date_gmt":"2021-01-27T21:35:34","guid":{"rendered":"http:\/\/heartfailurematters.local:8888\/valvulopathie\/"},"modified":"2021-06-25T14:12:46","modified_gmt":"2021-06-25T13:12:46","slug":"valvulopathie","status":"publish","type":"page","link":"https:\/\/www.heartfailurematters.org\/fr\/causes-de-linsuffisance-cardiaque-et-autres-problemes-medicaux-courants\/valvulopathie\/","title":{"rendered":"Valvulopathie et insuffisance cardiaque"},"content":{"rendered":"<p>Chez l&rsquo;homme, le c\u0153ur <em>comporte quatre valves unidirectionnelles<\/em>. Ce sont les valves aortique et mitrale, situ\u00e9es \u00e0 gauche du c\u0153ur, et les valves pulmonaire et tricuspide situ\u00e9es \u00e0 droite du c\u0153ur. Structurellement, la valve tricuspide s\u00e9pare l&rsquo;oreillette droite du ventricule droit, la valve mitrale s\u00e9pare l&rsquo;oreillette gauche du ventricule gauche, la valve pulmonaire se trouve entre le ventricule droit et l&rsquo;art\u00e8re pulmonaire et la valve aortique entre le ventricule gauche et l&rsquo;aorte.<\/p>\n<table border=\"1\" width=\"100%\" cellspacing=\"0\" cellpadding=\"0\">\n<tbody>\n<tr>\n<td style=\"width: 25%;\">\n<h2>Animation<\/h2>\n<\/td>\n<td style=\"width: 75%; vertical-align: middle; text-align: left;\"><\/td>\n<\/tr>\n<tr>\n<td style=\"width: 25%;\"><a class=\"lightview\" href=\"https:\/\/www.youtube.com\/embed\/6ae5XyDyGDQ?hl=en_UK&amp;autoplay=1;&amp;version=3&amp;rel=0&amp;showinfo=0\"><img decoding=\"async\" class=\"alignleft wp-image-4724 size-full\" src=\"https:\/\/cdn-endpoint-hfm.azureedge.net\/heartfailurematters\/2021\/02\/01-animation.jpg\" alt=\"\" width=\"180\" height=\"130\"><\/a><\/td>\n<td style=\"width: 75%; vertical-align: middle; text-align: left;\">Fonctionnement du c\u0153ur normal<\/td>\n<\/tr>\n<\/tbody>\n<\/table>\n<p>La valvulopathie peut \u00eatre d\u00e9finie comme un processus pathologique impliquant une ou plusieurs des quatre valves du c\u0153ur.<\/p>\n<table border=\"1\" width=\"100%\" cellspacing=\"0\" cellpadding=\"0\">\n<tbody>\n<tr>\n<td style=\"width: 25%;\">\n<h2>Animation<\/h2>\n<\/td>\n<td style=\"width: 75%; vertical-align: middle; text-align: left;\"><\/td>\n<\/tr>\n<tr>\n<td style=\"width: 25%;\"><a class=\"lightview\" title=\"Comment des valves cardiaques anormales peuvent causer une insuffisance cardiaque\" href=\"https:\/\/www.youtube.com\/embed\/1CtZbUfue_A?hl=en_UK&amp;autoplay=1;&amp;version=3&amp;rel=0&amp;showinfo=0\" data-lightview-caption=\"The animation above shows that if your heart valves don't work properly, your heart has to work harder to keep enough blood moving in the correct direction. This additional workload can become too much for your heart and heart failure develops. \" data-lightview-title=\"How abnormal heart valves can cause heart failure\" data-lightview-options=\"width: 620, height: 450\" data-lightview-type=\"iframe\" data-lightview-group=\"journey\"><img decoding=\"async\" class=\"alignnone size-full wp-image-5063\" src=\"https:\/\/cdn-endpoint-hfm.azureedge.net\/heartfailurematters\/2021\/02\/06-animation.jpg\" alt=\"\" width=\"180\" height=\"130\"><\/a><\/td>\n<td style=\"width: 75%; vertical-align: middle; text-align: left;\">Comment des valves cardiaques anormales peuvent causer une insuffisance cardiaque<\/td>\n<\/tr>\n<\/tbody>\n<\/table>\n<p>&nbsp;<\/p>\n<p>Les valves peuvent \u00eatre endommag\u00e9es en raison du vieillissement, d&rsquo;une cardiopathie rhumatismale, d&rsquo;une infection bact\u00e9rienne touchant les valves ou d&rsquo;une anomalie cong\u00e9nitale. Dans certaines r\u00e9gions du monde (par exemple en Afrique), la valvulopathie est l&rsquo;une des causes les plus fr\u00e9quentes d&rsquo;insuffisance cardiaque, alors qu&rsquo;en Europe et en Am\u00e9rique, elle est une cause assez rare d&rsquo;insuffisance cardiaque. Cependant, toute anomalie affectant le fonctionnement des valves peut entra\u00eener le d\u00e9veloppement d&rsquo;une insuffisance cardiaque. Chez les patients souffrant d&rsquo;une insuffisance cardiaque et d&rsquo;un muscle cardiaque affaibli (fraction d&rsquo;\u00e9jection r\u00e9duite), l&rsquo;\u00e9largissement et la dilatation des cavit\u00e9s cardiaques peuvent entra\u00eener une distorsion et une anomalie des valves cardiaques. Cette fonction anormale se traduit g\u00e9n\u00e9ralement par une fuite de sang \u00e0 travers les valves mitrale et tricuspide, ce qui provoque une aggravation des sympt\u00f4mes, tels que l&rsquo;essoufflement.<\/p>\n<p>Ind\u00e9pendamment de la cause conduisant \u00e0 la valvulopathie, les modifications de la valve peuvent entra\u00eener une ou les deux pathologies suivantes&nbsp;: 1. <em>insuffisance valvulaire<\/em> (souvent appel\u00e9e r\u00e9gurgitation valvulaire), lorsque la valve est incapable d&#8217;emp\u00eacher le reflux sanguin car les feuillets valvulaires ne sont pas reli\u00e9s correctement&nbsp;; 2. <em>st\u00e9nose valvulaire<\/em>, qui d\u00e9signe un r\u00e9tr\u00e9cissement de l&rsquo;ouverture valvulaire, faisant ainsi obstruction \u00e0 un d\u00e9bit sanguin ad\u00e9quat, ce qui est particuli\u00e8rement perceptible lors de l&rsquo;exercice physique, car le c\u0153ur ne peut pas augmenter le d\u00e9bit sanguin requis. L&rsquo;insuffisance et la st\u00e9nose peuvent toucher n&rsquo;importe laquelle des quatre valves cardiaques.<\/p>\n<p>Une \u00e9valuation minutieuse des ant\u00e9c\u00e9dents et des sympt\u00f4mes du patient, suivie d&rsquo;un examen physique avec une attention particuli\u00e8re \u00e0 l&rsquo;auscultation cardiaque avec un st\u00e9thoscope sont des \u00e9tapes initiales cl\u00e9s dans le diagnostic de la valvulopathie. L&rsquo;\u00e9chocardiographie est consid\u00e9r\u00e9e comme la r\u00e9f\u00e9rence absolue en imagerie de la valvulopathie, en diagnostic et en \u00e9valuation de la fonction valvulaire. <a href=\"https:\/\/www.heartfailurematters.org\/fr\/comprendre-linsuffisance-cardiaque\/examens-frequemment-utilises-pour-deceler-une-insuffisance-cardiaque\/\">D&rsquo;autres modalit\u00e9s d&rsquo;imagerie comprennent la r\u00e9sonance magn\u00e9tique cardiaque (RMC) et la tomodensitom\u00e9trie (TDM).<\/a><\/p>\n<p>&nbsp;<\/p>\n<h3>Les trois types de probl\u00e8mes valvulaires les plus couramment observ\u00e9s dans l&rsquo;insuffisance cardiaque sont bri\u00e8vement d\u00e9crits ci-dessous.<\/h3>\n<p><strong>La st\u00e9nose aortique<\/strong> se caract\u00e9rise par un \u00e9paississement de l&rsquo;anneau ou des feuillets valvulaires (g\u00e9n\u00e9ralement d\u00fb \u00e0 la calcification) emp\u00eachant le ventricule gauche d&rsquo;\u00e9jecter dans l&rsquo;aorte le sang qui circule ensuite dans le reste du corps. Le muscle cardiaque doit par cons\u00e9quent fournir un effort suppl\u00e9mentaire, entra\u00eenant un \u00e9paississement, tout comme dans un cas d&rsquo;hypertension art\u00e9rielle. La st\u00e9nose aortique touche le plus souvent les personnes \u00e2g\u00e9es. Les sympt\u00f4mes types sont l&rsquo;essoufflement, l&rsquo;angine de poitrine (douleur thoracique) et la syncope (\u00e9vanouissement). La classification de la gravit\u00e9 de la maladie ainsi que les d\u00e9cisions th\u00e9rapeutiques reposent sur l&rsquo;\u00e9chocardiographie. Chez les patients ne pr\u00e9sentant aucun sympt\u00f4me et souffrant d&rsquo;une st\u00e9nose aortique l\u00e9g\u00e8re \u00e0 mod\u00e9r\u00e9e, une \u00e9valuation clinique et \u00e9chocardiographique r\u00e9guli\u00e8re est recommand\u00e9e. Pour les patients symptomatiques ou pr\u00e9sentant une maladie s\u00e9v\u00e8re de la valve (d\u00e9finie comme une surface valvulaire inf\u00e9rieure \u00e0 1&nbsp;cm2), un remplacement valvulaire aortique standard (chirurgie \u00e0 c\u0153ur ouvert) ou trans-cath\u00e9t\u00e9rien (TAVR) est recommand\u00e9. Le TAVR est une intervention tr\u00e8s peu invasive qui ne n\u00e9cessite pas de chirurgie \u00e0 c\u0153ur ouvert. La valve artificielle est rattach\u00e9e au c\u0153ur \u00e0 l&rsquo;aide d&rsquo;un cath\u00e9ter cardiaque et est donc recommand\u00e9e pour certains patients, en particulier ceux chez qui le remplacement chirurgical standard de la valve aortique pr\u00e9senterait un risque \u00e9lev\u00e9 (c.-\u00e0-d. les personnes \u00e2g\u00e9es).<\/p>\n<p><strong>La r\u00e9gurgitation aortique<\/strong> est caus\u00e9e par une fuite de sang \u00e0 travers la valve aortique dans le ventricule gauche. Par cons\u00e9quent, la cavit\u00e9 ventriculaire gauche se dilate, et le muscle cardiaque est oblig\u00e9 de faire un effort suppl\u00e9mentaire pour \u00e9jecter plus de sang. Les patients pr\u00e9sentent des sympt\u00f4mes d&rsquo;insuffisance cardiaque (g\u00e9n\u00e9ralement souffle court, palpitations, angine de poitrine). La classification de la gravit\u00e9 se base sur un examen \u00e9chocardiographique. La r\u00e9paration ou le remplacement de la valve aortique (chirurgie \u00e0 c\u0153ur ouvert) est recommand\u00e9(e) chez les patients symptomatiques pr\u00e9sentant une r\u00e9gurgitation aortique s\u00e9v\u00e8re et chez les patients asymptomatiques mais pr\u00e9sentant des signes d&rsquo;affaiblissement du ventricule gauche (fraction d&rsquo;\u00e9jection r\u00e9duite). Les patients pr\u00e9sentant une r\u00e9gurgitation aortique l\u00e9g\u00e8re \u00e0 mod\u00e9r\u00e9e doivent \u00eatre suivis par des examens cliniques et des \u00e9chocardiographies r\u00e9guliers.<\/p>\n<p><strong>L&rsquo;insuffisance mitrale<\/strong> est la valvulopathie la plus fr\u00e9quente. Elle est due \u00e0 une incapacit\u00e9 de la valve mitrale \u00e0 se fermer correctement lorsque le c\u0153ur pompe le sang du ventricule gauche dans l&rsquo;aorte. Par cons\u00e9quent, il y a une fuite anormale de sang vers l&rsquo;arri\u00e8re dans l&rsquo;oreillette gauche (r\u00e9gurgitation). La r\u00e9gurgitation mitrale peut \u00eatre caus\u00e9e soit par une maladie de la valve mitrale elle-m\u00eame, soit par une dilatation de la cavit\u00e9 ventriculaire gauche cons\u00e9cutive \u00e0 une insuffisance cardiaque. G\u00e9n\u00e9ralement, les patients pr\u00e9sentent des sympt\u00f4mes croissants d&rsquo;insuffisance cardiaque. L&rsquo;\u00e9chocardiographie est utilis\u00e9e pour \u00e9valuer la gravit\u00e9 de la fuite, en se basant sur une \u00e9valuation du volume de sang s&rsquo;\u00e9coulant vers l&rsquo;arri\u00e8re (ou r\u00e9gurgit\u00e9) dans l&rsquo;oreillette gauche. Chez les patients symptomatiques pr\u00e9sentant une maladie primaire de la valve mitrale et une r\u00e9gurgitation s\u00e9v\u00e8re, une intervention chirurgicale (r\u00e9paration ou remplacement de la valvule mitrale) est recommand\u00e9e.<\/p>\n<p>Chez les patients souffrant d&rsquo;insuffisance cardiaque et d&rsquo;une r\u00e9gurgitation mitrale secondaire, <em>un traitement m\u00e9dical optimal pour l&rsquo;insuffisance cardiaque est essentiel et peut \u00eatre efficace pour r\u00e9duire les sympt\u00f4mes.<\/em> Une r\u00e9paration bord \u00e0 bord bas\u00e9e sur un cath\u00e9ter pour une r\u00e9gurgitation mitrale secondaire a \u00e9t\u00e9 r\u00e9cemment d\u00e9velopp\u00e9e et pourrait \u00eatre une option \u00e0 faible risque chez les patients symptomatiques atteints d&rsquo;une insuffisance cardiaque et d&rsquo;une r\u00e9gurgitation mitrale s\u00e9v\u00e8re. En pratique, l&rsquo;intervention la plus courante s&rsquo;appelle le MitraClip. Cette intervention peu invasive (qui ne n\u00e9cessite pas de chirurgie \u00e0 c\u0153ur ouvert) est bas\u00e9e sur le rattachement d&rsquo;un dispositif sp\u00e9cial (le Mitraclip) en passant par les vaisseaux sanguins dans l&rsquo;aine. D&rsquo;abord \u00e0 droite du c\u0153ur, puis \u00e0 gauche. Le Mitraclip est ensuite positionn\u00e9 sur la valve mitrale qui fuit en utilisant le syst\u00e8me de rattachement, ce qui r\u00e9duit sensiblement ou \u00e9limine la r\u00e9gurgitation mitrale. Diverses autres techniques sont actuellement test\u00e9es dans le cadre d&rsquo;essais cliniques.<br \/>\nLes patients qui ont \u00e9t\u00e9 inform\u00e9s que l&rsquo;une de leurs valves cardiaques pr\u00e9sentait un probl\u00e8me auront de nombreuses questions et auront besoin de suffisamment de temps pour comprendre les cons\u00e9quences du probl\u00e8me et discuter des options de traitement possibles. Les professionnels de la sant\u00e9 devraient fournir des informations et un soutien ad\u00e9quats.<\/p>\n<p>&nbsp;<\/p>\n<p><a title=\"Retour aux Probl\u00e8mes cardiaques courants\" href=\"https:\/\/www.heartfailurematters.org\/fr\/causes-de-linsuffisance-cardiaque-et-autres-problemes-medicaux-courants\/affections-cardiaques-courantes\/\">Retour aux Probl\u00e8mes cardiaques courants<\/a><\/p>\n","protected":false},"excerpt":{"rendered":"<p>Chez l&rsquo;homme, le c\u0153ur comporte quatre valves unidirectionnelles. Ce sont les valves aortique et mitrale, situ\u00e9es \u00e0 gauche du c\u0153ur, et les valves pulmonaire et tricuspide situ\u00e9es \u00e0 droite du c\u0153ur. Structurellement, la valve tricuspide s\u00e9pare l&rsquo;oreillette droite du ventricule droit, la valve mitrale s\u00e9pare l&rsquo;oreillette gauche du ventricule gauche, la valve pulmonaire se trouve [&hellip;]<\/p>\n","protected":false},"author":1,"featured_media":10746,"parent":8045,"menu_order":5,"comment_status":"open","ping_status":"open","template":"","meta":{"_acf_changed":false,"footnotes":""},"categories":[],"tags":[],"class_list":["post-301","page","type-page","status-publish","has-post-thumbnail","hentry"],"acf":[],"yoast_head":"<!-- This site is optimized with the Yoast SEO plugin v24.8.1 - https:\/\/yoast.com\/wordpress\/plugins\/seo\/ -->\n<title>Valvulopathie et insuffisance cardiaque<\/title>\n<meta name=\"description\" content=\"Les valves de votre c\u0153ur emp\u00eachent le sang de circuler dans le mauvais sens dans votre c\u0153ur. Si vos valves ne fonctionnent pas correctement, elles ne pourront pas se fermer ni s&#039;ouvrir compl\u00e8tement \u00e0 chaque battement de c\u0153ur.\" \/>\n<meta name=\"robots\" content=\"index, follow, max-snippet:-1, max-image-preview:large, max-video-preview:-1\" \/>\n<link rel=\"canonical\" href=\"https:\/\/www.heartfailurematters.org\/fr\/causes-de-linsuffisance-cardiaque-et-autres-problemes-medicaux-courants\/valvulopathie\/\" \/>\n<meta property=\"og:locale\" content=\"fr_FR\" \/>\n<meta property=\"og:type\" content=\"article\" \/>\n<meta property=\"og:title\" content=\"Valvulopathie et insuffisance cardiaque\" \/>\n<meta property=\"og:description\" content=\"Les valves de votre c\u0153ur emp\u00eachent le sang de circuler dans le mauvais sens dans votre c\u0153ur. Si vos valves ne fonctionnent pas correctement, elles ne pourront pas se fermer ni s&#039;ouvrir compl\u00e8tement \u00e0 chaque battement de c\u0153ur.\" \/>\n<meta property=\"og:url\" content=\"https:\/\/www.heartfailurematters.org\/fr\/causes-de-linsuffisance-cardiaque-et-autres-problemes-medicaux-courants\/valvulopathie\/\" \/>\n<meta property=\"og:site_name\" content=\"Heart Failure Matters\" \/>\n<meta property=\"article:publisher\" content=\"https:\/\/www.facebook.com\/heartfailurematters\" \/>\n<meta property=\"article:modified_time\" content=\"2021-06-25T13:12:46+00:00\" \/>\n<meta property=\"og:image\" content=\"https:\/\/www.heartfailurematters.org\/wp-content\/uploads\/2022\/03\/shutterstock_1673602240-1-min.jpg\" \/>\n\t<meta property=\"og:image:width\" content=\"900\" \/>\n\t<meta property=\"og:image:height\" content=\"601\" \/>\n\t<meta property=\"og:image:type\" content=\"image\/jpeg\" \/>\n<meta name=\"twitter:card\" content=\"summary_large_image\" \/>\n<meta name=\"twitter:label1\" content=\"Dur\u00e9e de lecture estim\u00e9e\" \/>\n\t<meta name=\"twitter:data1\" content=\"6 minutes\" \/>\n<script type=\"application\/ld+json\" class=\"yoast-schema-graph\">{\"@context\":\"https:\/\/schema.org\",\"@graph\":[{\"@type\":\"WebPage\",\"@id\":\"https:\/\/www.heartfailurematters.org\/fr\/causes-de-linsuffisance-cardiaque-et-autres-problemes-medicaux-courants\/valvulopathie\/\",\"url\":\"https:\/\/www.heartfailurematters.org\/fr\/causes-de-linsuffisance-cardiaque-et-autres-problemes-medicaux-courants\/valvulopathie\/\",\"name\":\"Valvulopathie et insuffisance cardiaque\",\"isPartOf\":{\"@id\":\"https:\/\/www.heartfailurematters.org\/fr\/#website\"},\"primaryImageOfPage\":{\"@id\":\"https:\/\/www.heartfailurematters.org\/fr\/causes-de-linsuffisance-cardiaque-et-autres-problemes-medicaux-courants\/valvulopathie\/#primaryimage\"},\"image\":{\"@id\":\"https:\/\/www.heartfailurematters.org\/fr\/causes-de-linsuffisance-cardiaque-et-autres-problemes-medicaux-courants\/valvulopathie\/#primaryimage\"},\"thumbnailUrl\":\"https:\/\/www.heartfailurematters.org\/wp-content\/uploads\/2022\/03\/shutterstock_1673602240-1-min.jpg\",\"datePublished\":\"2021-01-27T21:35:34+00:00\",\"dateModified\":\"2021-06-25T13:12:46+00:00\",\"description\":\"Les valves de votre c\u0153ur emp\u00eachent le sang de circuler dans le mauvais sens dans votre c\u0153ur. Si vos valves ne fonctionnent pas correctement, elles ne pourront pas se fermer ni s'ouvrir compl\u00e8tement \u00e0 chaque battement de c\u0153ur.\",\"breadcrumb\":{\"@id\":\"https:\/\/www.heartfailurematters.org\/fr\/causes-de-linsuffisance-cardiaque-et-autres-problemes-medicaux-courants\/valvulopathie\/#breadcrumb\"},\"inLanguage\":\"fr-FR\",\"potentialAction\":[{\"@type\":\"ReadAction\",\"target\":[\"https:\/\/www.heartfailurematters.org\/fr\/causes-de-linsuffisance-cardiaque-et-autres-problemes-medicaux-courants\/valvulopathie\/\"]}]},{\"@type\":\"ImageObject\",\"inLanguage\":\"fr-FR\",\"@id\":\"https:\/\/www.heartfailurematters.org\/fr\/causes-de-linsuffisance-cardiaque-et-autres-problemes-medicaux-courants\/valvulopathie\/#primaryimage\",\"url\":\"https:\/\/www.heartfailurematters.org\/wp-content\/uploads\/2022\/03\/shutterstock_1673602240-1-min.jpg\",\"contentUrl\":\"https:\/\/www.heartfailurematters.org\/wp-content\/uploads\/2022\/03\/shutterstock_1673602240-1-min.jpg\",\"width\":900,\"height\":601},{\"@type\":\"BreadcrumbList\",\"@id\":\"https:\/\/www.heartfailurematters.org\/fr\/causes-de-linsuffisance-cardiaque-et-autres-problemes-medicaux-courants\/valvulopathie\/#breadcrumb\",\"itemListElement\":[{\"@type\":\"ListItem\",\"position\":1,\"name\":\"Accueil\",\"item\":\"https:\/\/www.heartfailurematters.org\/fr\/\"},{\"@type\":\"ListItem\",\"position\":2,\"name\":\"Causes de l&#8217;insuffisance cardiaque et autres probl\u00e8mes m\u00e9dicaux associ\u00e9s\",\"item\":\"https:\/\/www.heartfailurematters.org\/fr\/causes-de-linsuffisance-cardiaque-et-autres-problemes-medicaux-courants\/\"},{\"@type\":\"ListItem\",\"position\":3,\"name\":\"Valvulopathie et insuffisance cardiaque\"}]},{\"@type\":\"WebSite\",\"@id\":\"https:\/\/www.heartfailurematters.org\/fr\/#website\",\"url\":\"https:\/\/www.heartfailurematters.org\/fr\/\",\"name\":\"Heart Failure Matters\",\"description\":\"Practical information for patients, families and caregivers.\",\"publisher\":{\"@id\":\"https:\/\/www.heartfailurematters.org\/fr\/#organization\"},\"potentialAction\":[{\"@type\":\"SearchAction\",\"target\":{\"@type\":\"EntryPoint\",\"urlTemplate\":\"https:\/\/www.heartfailurematters.org\/fr\/?s={search_term_string}\"},\"query-input\":{\"@type\":\"PropertyValueSpecification\",\"valueRequired\":true,\"valueName\":\"search_term_string\"}}],\"inLanguage\":\"fr-FR\"},{\"@type\":\"Organization\",\"@id\":\"https:\/\/www.heartfailurematters.org\/fr\/#organization\",\"name\":\"Heart Failure Matters\",\"url\":\"https:\/\/www.heartfailurematters.org\/fr\/\",\"logo\":{\"@type\":\"ImageObject\",\"inLanguage\":\"fr-FR\",\"@id\":\"https:\/\/www.heartfailurematters.org\/fr\/#\/schema\/logo\/image\/\",\"url\":\"https:\/\/cdn-endpoint-hfm.azureedge.net\/heartfailurematters\/2024\/07\/hfm-logo1.jpg\",\"contentUrl\":\"https:\/\/cdn-endpoint-hfm.azureedge.net\/heartfailurematters\/2024\/07\/hfm-logo1.jpg\",\"width\":1280,\"height\":720,\"caption\":\"Heart Failure Matters\"},\"image\":{\"@id\":\"https:\/\/www.heartfailurematters.org\/fr\/#\/schema\/logo\/image\/\"},\"sameAs\":[\"https:\/\/www.facebook.com\/heartfailurematters\"]}]}<\/script>\n<!-- \/ Yoast SEO plugin. -->","yoast_head_json":{"title":"Valvulopathie et insuffisance cardiaque","description":"Les valves de votre c\u0153ur emp\u00eachent le sang de circuler dans le mauvais sens dans votre c\u0153ur. Si vos valves ne fonctionnent pas correctement, elles ne pourront pas se fermer ni s'ouvrir compl\u00e8tement \u00e0 chaque battement de c\u0153ur.","robots":{"index":"index","follow":"follow","max-snippet":"max-snippet:-1","max-image-preview":"max-image-preview:large","max-video-preview":"max-video-preview:-1"},"canonical":"https:\/\/www.heartfailurematters.org\/fr\/causes-de-linsuffisance-cardiaque-et-autres-problemes-medicaux-courants\/valvulopathie\/","og_locale":"fr_FR","og_type":"article","og_title":"Valvulopathie et insuffisance cardiaque","og_description":"Les valves de votre c\u0153ur emp\u00eachent le sang de circuler dans le mauvais sens dans votre c\u0153ur. Si vos valves ne fonctionnent pas correctement, elles ne pourront pas se fermer ni s'ouvrir compl\u00e8tement \u00e0 chaque battement de c\u0153ur.","og_url":"https:\/\/www.heartfailurematters.org\/fr\/causes-de-linsuffisance-cardiaque-et-autres-problemes-medicaux-courants\/valvulopathie\/","og_site_name":"Heart Failure Matters","article_publisher":"https:\/\/www.facebook.com\/heartfailurematters","article_modified_time":"2021-06-25T13:12:46+00:00","og_image":[{"width":900,"height":601,"url":"https:\/\/www.heartfailurematters.org\/wp-content\/uploads\/2022\/03\/shutterstock_1673602240-1-min.jpg","type":"image\/jpeg"}],"twitter_card":"summary_large_image","twitter_misc":{"Dur\u00e9e de lecture estim\u00e9e":"6 minutes"},"schema":{"@context":"https:\/\/schema.org","@graph":[{"@type":"WebPage","@id":"https:\/\/www.heartfailurematters.org\/fr\/causes-de-linsuffisance-cardiaque-et-autres-problemes-medicaux-courants\/valvulopathie\/","url":"https:\/\/www.heartfailurematters.org\/fr\/causes-de-linsuffisance-cardiaque-et-autres-problemes-medicaux-courants\/valvulopathie\/","name":"Valvulopathie et insuffisance cardiaque","isPartOf":{"@id":"https:\/\/www.heartfailurematters.org\/fr\/#website"},"primaryImageOfPage":{"@id":"https:\/\/www.heartfailurematters.org\/fr\/causes-de-linsuffisance-cardiaque-et-autres-problemes-medicaux-courants\/valvulopathie\/#primaryimage"},"image":{"@id":"https:\/\/www.heartfailurematters.org\/fr\/causes-de-linsuffisance-cardiaque-et-autres-problemes-medicaux-courants\/valvulopathie\/#primaryimage"},"thumbnailUrl":"https:\/\/www.heartfailurematters.org\/wp-content\/uploads\/2022\/03\/shutterstock_1673602240-1-min.jpg","datePublished":"2021-01-27T21:35:34+00:00","dateModified":"2021-06-25T13:12:46+00:00","description":"Les valves de votre c\u0153ur emp\u00eachent le sang de circuler dans le mauvais sens dans votre c\u0153ur. Si vos valves ne fonctionnent pas correctement, elles ne pourront pas se fermer ni s'ouvrir compl\u00e8tement \u00e0 chaque battement de c\u0153ur.","breadcrumb":{"@id":"https:\/\/www.heartfailurematters.org\/fr\/causes-de-linsuffisance-cardiaque-et-autres-problemes-medicaux-courants\/valvulopathie\/#breadcrumb"},"inLanguage":"fr-FR","potentialAction":[{"@type":"ReadAction","target":["https:\/\/www.heartfailurematters.org\/fr\/causes-de-linsuffisance-cardiaque-et-autres-problemes-medicaux-courants\/valvulopathie\/"]}]},{"@type":"ImageObject","inLanguage":"fr-FR","@id":"https:\/\/www.heartfailurematters.org\/fr\/causes-de-linsuffisance-cardiaque-et-autres-problemes-medicaux-courants\/valvulopathie\/#primaryimage","url":"https:\/\/www.heartfailurematters.org\/wp-content\/uploads\/2022\/03\/shutterstock_1673602240-1-min.jpg","contentUrl":"https:\/\/www.heartfailurematters.org\/wp-content\/uploads\/2022\/03\/shutterstock_1673602240-1-min.jpg","width":900,"height":601},{"@type":"BreadcrumbList","@id":"https:\/\/www.heartfailurematters.org\/fr\/causes-de-linsuffisance-cardiaque-et-autres-problemes-medicaux-courants\/valvulopathie\/#breadcrumb","itemListElement":[{"@type":"ListItem","position":1,"name":"Accueil","item":"https:\/\/www.heartfailurematters.org\/fr\/"},{"@type":"ListItem","position":2,"name":"Causes de l&#8217;insuffisance cardiaque et autres probl\u00e8mes m\u00e9dicaux associ\u00e9s","item":"https:\/\/www.heartfailurematters.org\/fr\/causes-de-linsuffisance-cardiaque-et-autres-problemes-medicaux-courants\/"},{"@type":"ListItem","position":3,"name":"Valvulopathie et insuffisance cardiaque"}]},{"@type":"WebSite","@id":"https:\/\/www.heartfailurematters.org\/fr\/#website","url":"https:\/\/www.heartfailurematters.org\/fr\/","name":"Heart Failure Matters","description":"Practical information for patients, families and caregivers.","publisher":{"@id":"https:\/\/www.heartfailurematters.org\/fr\/#organization"},"potentialAction":[{"@type":"SearchAction","target":{"@type":"EntryPoint","urlTemplate":"https:\/\/www.heartfailurematters.org\/fr\/?s={search_term_string}"},"query-input":{"@type":"PropertyValueSpecification","valueRequired":true,"valueName":"search_term_string"}}],"inLanguage":"fr-FR"},{"@type":"Organization","@id":"https:\/\/www.heartfailurematters.org\/fr\/#organization","name":"Heart Failure Matters","url":"https:\/\/www.heartfailurematters.org\/fr\/","logo":{"@type":"ImageObject","inLanguage":"fr-FR","@id":"https:\/\/www.heartfailurematters.org\/fr\/#\/schema\/logo\/image\/","url":"https:\/\/cdn-endpoint-hfm.azureedge.net\/heartfailurematters\/2024\/07\/hfm-logo1.jpg","contentUrl":"https:\/\/cdn-endpoint-hfm.azureedge.net\/heartfailurematters\/2024\/07\/hfm-logo1.jpg","width":1280,"height":720,"caption":"Heart Failure Matters"},"image":{"@id":"https:\/\/www.heartfailurematters.org\/fr\/#\/schema\/logo\/image\/"},"sameAs":["https:\/\/www.facebook.com\/heartfailurematters"]}]}},"_links":{"self":[{"href":"https:\/\/www.heartfailurematters.org\/fr\/wp-json\/wp\/v2\/pages\/301","targetHints":{"allow":["GET"]}}],"collection":[{"href":"https:\/\/www.heartfailurematters.org\/fr\/wp-json\/wp\/v2\/pages"}],"about":[{"href":"https:\/\/www.heartfailurematters.org\/fr\/wp-json\/wp\/v2\/types\/page"}],"author":[{"embeddable":true,"href":"https:\/\/www.heartfailurematters.org\/fr\/wp-json\/wp\/v2\/users\/1"}],"replies":[{"embeddable":true,"href":"https:\/\/www.heartfailurematters.org\/fr\/wp-json\/wp\/v2\/comments?post=301"}],"version-history":[{"count":4,"href":"https:\/\/www.heartfailurematters.org\/fr\/wp-json\/wp\/v2\/pages\/301\/revisions"}],"predecessor-version":[{"id":9080,"href":"https:\/\/www.heartfailurematters.org\/fr\/wp-json\/wp\/v2\/pages\/301\/revisions\/9080"}],"up":[{"embeddable":true,"href":"https:\/\/www.heartfailurematters.org\/fr\/wp-json\/wp\/v2\/pages\/8045"}],"wp:featuredmedia":[{"embeddable":true,"href":"https:\/\/www.heartfailurematters.org\/fr\/wp-json\/wp\/v2\/media\/10746"}],"wp:attachment":[{"href":"https:\/\/www.heartfailurematters.org\/fr\/wp-json\/wp\/v2\/media?parent=301"}],"wp:term":[{"taxonomy":"category","embeddable":true,"href":"https:\/\/www.heartfailurematters.org\/fr\/wp-json\/wp\/v2\/categories?post=301"},{"taxonomy":"post_tag","embeddable":true,"href":"https:\/\/www.heartfailurematters.org\/fr\/wp-json\/wp\/v2\/tags?post=301"}],"curies":[{"name":"wp","href":"https:\/\/api.w.org\/{rel}","templated":true}]}}