{"id":299,"date":"2021-01-27T21:35:34","date_gmt":"2021-01-27T21:35:34","guid":{"rendered":"http:\/\/heartfailurematters.local:8888\/catheterisme-et-coronarographie\/"},"modified":"2021-07-19T10:28:30","modified_gmt":"2021-07-19T09:28:30","slug":"catheterisme-et-coronarographie","status":"publish","type":"page","link":"https:\/\/www.heartfailurematters.org\/fr\/comprendre-linsuffisance-cardiaque\/catheterisme-et-coronarographie\/","title":{"rendered":"Cath\u00e9t\u00e9risme et coronarographie"},"content":{"rendered":"<p><a class=\"addtooltip\" title=\"Examen utilisant l\u2019injection d'un liquide visible aux rayons X pour visualiser les r\u00e9tr\u00e9cissements ou les obstructions dans vos art\u00e8res coronaires.\" href=\"#\"><strong>La coronarographie<\/strong><\/a> est un test qui utilise une injection de colorant liquide pour visualiser le flux sanguin \u00e0 travers les art\u00e8res qui irriguent votre muscle cardiaque (<a class=\"addtooltip\" title=\"Vaisseaux sanguins qui fournissent le sang au c\u0153ur.\" href=\"#\"><strong>art\u00e8res coronaires<\/strong><\/a>). Ce test peut \u00e9galement donner des informations sur les pressions dans le coeur et le fonctionnement des ventricules.<\/p>\n<p>L\u2019intervention se d\u00e9roule dans une salle de radiologie et prend entre 20 minutes et une heure, selon les \u00e9l\u00e9ments constat\u00e9s.<\/p>\n<p>L\u2019intervention est r\u00e9alis\u00e9e par une \u00e9quipe de professionnels de la sant\u00e9, \u00e0 savoir un m\u00e9decin, une infirmi\u00e8re, un technicien et un manipulateur radio.<\/p>\n<p>Un\u00a0<a class=\"addtooltip\" title=\"Tube mince, flexible est utilis\u00e9 dans de nombreuses interventions.\" href=\"#\"><strong>cath\u00e9ter<\/strong><\/a> est introduit dans une veine ou une art\u00e8re, soit de l\u2019aine soit du bras. Vous recevez un anesth\u00e9sique local de sorte que vous ne sentez rien. La\u00a0radiographie permet de diriger le cath\u00e9ter \u00e0 travers vos vaisseaux sanguins et de le placer correctement dans votre c\u0153ur. Vous ne sentirez pas le d\u00e9placement du cath\u00e9ter, que vous pourrez observer sur l&rsquo;\u00e9cran vid\u00e9o.<\/p>\n<p>Une fois en position, la pression sanguine \u00e0 l\u2019extr\u00e9mit\u00e9 du cath\u00e9ter sera contr\u00f4l\u00e9e. Ensuite, un colorant sera inject\u00e9 par le cath\u00e9ter et une s\u00e9rie de clich\u00e9s radiographiques sera effectu\u00e9e.<\/p>\n<p>Une fois l\u2019examen termin\u00e9, le cath\u00e9ter est retir\u00e9 et une infirmi\u00e8re applique un pansement.<\/p>\n<p>Apr\u00e8s l\u2019examen, vous devrez vous reposer pendant plusieurs heures et vous pourrez vous sentir fatigu\u00e9 pendant un moment. L\u2019endroit o\u00f9 le cath\u00e9ter a \u00e9t\u00e9 ins\u00e9r\u00e9 peut \u00eatre sensible et vous pouvez avoir, autour de cette zone, un petit saignement ou une petite bosse qui dispara\u00eetront au bout de quelques jours.<\/p>\n<p>La coronarographie apporte des informations cruciales sur les pressions dans votre c\u0153ur, sur le fonctionnement de votre c\u0153ur et sur le flux de sang dans vos art\u00e8res coronaires. Cet examen permettra \u00e9galement au cardiologue de d\u00e9terminer si vos <a class=\"addtooltip\" title=\"Examen utilisant l\u2019injection d'un liquide visible aux rayons X pour visualiser les r\u00e9tr\u00e9cissements ou les obstructions dans vos art\u00e8res coronaires.\" href=\"#\"><strong>valves fonctionnent mal.<\/strong><\/a><\/p>\n<p>Il permet \u00e9galement de localiser un r\u00e9tr\u00e9cissement des art\u00e8res qui assurent l\u2019irrigation sanguine de votre muscle cardiaque et de d\u00e9terminer la gravit\u00e9 de ce r\u00e9tr\u00e9cissement.<\/p>\n<p>Les r\u00e9sultats d\u2019une coronarographie contribueront \u00e0 d\u00e9cider des possibilit\u00e9s d\u2019interventions ou d\u2019op\u00e9rations chirurgicales.<\/p>\n<p><a href=\"https:\/\/www.heartfailurematters.org\/fr\/comprendre-linsuffisance-cardiaque\/examens-frequemment-utilises-pour-deceler-une-insuffisance-cardiaque\/\">Retourner \u00e0 la rubrique \u00ab\u00a0Examens fr\u00e9quemment utilis\u00e9s pour d\u00e9celer une insuffisance cardiaque\u00a0\u00bb<\/a><\/p>\n","protected":false},"excerpt":{"rendered":"<p>La coronarographie est un test qui utilise une injection de colorant liquide pour visualiser le flux sanguin \u00e0 travers les art\u00e8res qui irriguent votre muscle cardiaque (art\u00e8res coronaires). Ce test peut \u00e9galement donner des informations sur les pressions dans le coeur et le fonctionnement des ventricules. L\u2019intervention se d\u00e9roule dans une salle de radiologie et [&hellip;]<\/p>\n","protected":false},"author":1,"featured_media":10686,"parent":307,"menu_order":0,"comment_status":"open","ping_status":"open","template":"","meta":{"_acf_changed":false,"footnotes":""},"categories":[],"tags":[],"class_list":["post-299","page","type-page","status-publish","has-post-thumbnail","hentry"],"acf":[],"yoast_head":"<!-- This site is optimized with the Yoast SEO plugin v24.8.1 - https:\/\/yoast.com\/wordpress\/plugins\/seo\/ -->\n<title>Cath\u00e9t\u00e9risme cardiaque et angiographie pour d\u00e9celer l&#039;insuffisance cardiaque<\/title>\n<meta name=\"description\" content=\"L&#039;angiographie est un test qui a recours \u00e0 une injection de colorant liquide servant \u00e0 surveiller la circulation sanguine \u00e0 travers les art\u00e8res qui alimentent votre myocarde (art\u00e8res coronaires). Elle peut \u00e9galement fournir des informations sur les pressions et le fonctionnement des ventricules.\" \/>\n<meta name=\"robots\" content=\"index, follow, max-snippet:-1, max-image-preview:large, max-video-preview:-1\" \/>\n<link rel=\"canonical\" href=\"https:\/\/www.heartfailurematters.org\/fr\/comprendre-linsuffisance-cardiaque\/catheterisme-et-coronarographie\/\" \/>\n<meta property=\"og:locale\" content=\"fr_FR\" \/>\n<meta property=\"og:type\" content=\"article\" \/>\n<meta property=\"og:title\" content=\"Cath\u00e9t\u00e9risme cardiaque et angiographie pour d\u00e9celer l&#039;insuffisance cardiaque\" \/>\n<meta property=\"og:description\" content=\"L&#039;angiographie est un test qui a recours \u00e0 une injection de colorant liquide servant \u00e0 surveiller la circulation sanguine \u00e0 travers les art\u00e8res qui alimentent votre myocarde (art\u00e8res coronaires). Elle peut \u00e9galement fournir des informations sur les pressions et le fonctionnement des ventricules.\" \/>\n<meta property=\"og:url\" content=\"https:\/\/www.heartfailurematters.org\/fr\/comprendre-linsuffisance-cardiaque\/catheterisme-et-coronarographie\/\" \/>\n<meta property=\"og:site_name\" content=\"Heart Failure Matters\" \/>\n<meta property=\"article:publisher\" content=\"https:\/\/www.facebook.com\/heartfailurematters\" \/>\n<meta property=\"article:modified_time\" content=\"2021-07-19T09:28:30+00:00\" \/>\n<meta property=\"og:image\" content=\"https:\/\/www.heartfailurematters.org\/wp-content\/uploads\/2022\/02\/shutterstock_26945083-1-min.jpg\" \/>\n\t<meta property=\"og:image:width\" content=\"900\" \/>\n\t<meta property=\"og:image:height\" content=\"600\" \/>\n\t<meta property=\"og:image:type\" content=\"image\/jpeg\" \/>\n<meta name=\"twitter:card\" content=\"summary_large_image\" \/>\n<meta name=\"twitter:label1\" content=\"Dur\u00e9e de lecture estim\u00e9e\" \/>\n\t<meta name=\"twitter:data1\" content=\"2 minutes\" \/>\n<script type=\"application\/ld+json\" class=\"yoast-schema-graph\">{\"@context\":\"https:\/\/schema.org\",\"@graph\":[{\"@type\":\"WebPage\",\"@id\":\"https:\/\/www.heartfailurematters.org\/fr\/comprendre-linsuffisance-cardiaque\/catheterisme-et-coronarographie\/\",\"url\":\"https:\/\/www.heartfailurematters.org\/fr\/comprendre-linsuffisance-cardiaque\/catheterisme-et-coronarographie\/\",\"name\":\"Cath\u00e9t\u00e9risme cardiaque et angiographie pour d\u00e9celer l'insuffisance cardiaque\",\"isPartOf\":{\"@id\":\"https:\/\/www.heartfailurematters.org\/fr\/#website\"},\"primaryImageOfPage\":{\"@id\":\"https:\/\/www.heartfailurematters.org\/fr\/comprendre-linsuffisance-cardiaque\/catheterisme-et-coronarographie\/#primaryimage\"},\"image\":{\"@id\":\"https:\/\/www.heartfailurematters.org\/fr\/comprendre-linsuffisance-cardiaque\/catheterisme-et-coronarographie\/#primaryimage\"},\"thumbnailUrl\":\"https:\/\/www.heartfailurematters.org\/wp-content\/uploads\/2022\/02\/shutterstock_26945083-1-min.jpg\",\"datePublished\":\"2021-01-27T21:35:34+00:00\",\"dateModified\":\"2021-07-19T09:28:30+00:00\",\"description\":\"L'angiographie est un test qui a recours \u00e0 une injection de colorant liquide servant \u00e0 surveiller la circulation sanguine \u00e0 travers les art\u00e8res qui alimentent votre myocarde (art\u00e8res coronaires). Elle peut \u00e9galement fournir des informations sur les pressions et le fonctionnement des ventricules.\",\"breadcrumb\":{\"@id\":\"https:\/\/www.heartfailurematters.org\/fr\/comprendre-linsuffisance-cardiaque\/catheterisme-et-coronarographie\/#breadcrumb\"},\"inLanguage\":\"fr-FR\",\"potentialAction\":[{\"@type\":\"ReadAction\",\"target\":[\"https:\/\/www.heartfailurematters.org\/fr\/comprendre-linsuffisance-cardiaque\/catheterisme-et-coronarographie\/\"]}]},{\"@type\":\"ImageObject\",\"inLanguage\":\"fr-FR\",\"@id\":\"https:\/\/www.heartfailurematters.org\/fr\/comprendre-linsuffisance-cardiaque\/catheterisme-et-coronarographie\/#primaryimage\",\"url\":\"https:\/\/www.heartfailurematters.org\/wp-content\/uploads\/2022\/02\/shutterstock_26945083-1-min.jpg\",\"contentUrl\":\"https:\/\/www.heartfailurematters.org\/wp-content\/uploads\/2022\/02\/shutterstock_26945083-1-min.jpg\",\"width\":900,\"height\":600},{\"@type\":\"BreadcrumbList\",\"@id\":\"https:\/\/www.heartfailurematters.org\/fr\/comprendre-linsuffisance-cardiaque\/catheterisme-et-coronarographie\/#breadcrumb\",\"itemListElement\":[{\"@type\":\"ListItem\",\"position\":1,\"name\":\"Accueil\",\"item\":\"https:\/\/www.heartfailurematters.org\/fr\/\"},{\"@type\":\"ListItem\",\"position\":2,\"name\":\"Comprendre l&#8217;insuffisance cardiaque\",\"item\":\"https:\/\/www.heartfailurematters.org\/fr\/comprendre-linsuffisance-cardiaque\/\"},{\"@type\":\"ListItem\",\"position\":3,\"name\":\"Cath\u00e9t\u00e9risme et coronarographie\"}]},{\"@type\":\"WebSite\",\"@id\":\"https:\/\/www.heartfailurematters.org\/fr\/#website\",\"url\":\"https:\/\/www.heartfailurematters.org\/fr\/\",\"name\":\"Heart Failure Matters\",\"description\":\"Practical information for patients, families and caregivers.\",\"publisher\":{\"@id\":\"https:\/\/www.heartfailurematters.org\/fr\/#organization\"},\"potentialAction\":[{\"@type\":\"SearchAction\",\"target\":{\"@type\":\"EntryPoint\",\"urlTemplate\":\"https:\/\/www.heartfailurematters.org\/fr\/?s={search_term_string}\"},\"query-input\":{\"@type\":\"PropertyValueSpecification\",\"valueRequired\":true,\"valueName\":\"search_term_string\"}}],\"inLanguage\":\"fr-FR\"},{\"@type\":\"Organization\",\"@id\":\"https:\/\/www.heartfailurematters.org\/fr\/#organization\",\"name\":\"Heart Failure Matters\",\"url\":\"https:\/\/www.heartfailurematters.org\/fr\/\",\"logo\":{\"@type\":\"ImageObject\",\"inLanguage\":\"fr-FR\",\"@id\":\"https:\/\/www.heartfailurematters.org\/fr\/#\/schema\/logo\/image\/\",\"url\":\"https:\/\/cdn-endpoint-hfm.azureedge.net\/heartfailurematters\/2024\/07\/hfm-logo1.jpg\",\"contentUrl\":\"https:\/\/cdn-endpoint-hfm.azureedge.net\/heartfailurematters\/2024\/07\/hfm-logo1.jpg\",\"width\":1280,\"height\":720,\"caption\":\"Heart Failure Matters\"},\"image\":{\"@id\":\"https:\/\/www.heartfailurematters.org\/fr\/#\/schema\/logo\/image\/\"},\"sameAs\":[\"https:\/\/www.facebook.com\/heartfailurematters\"]}]}<\/script>\n<!-- \/ Yoast SEO plugin. -->","yoast_head_json":{"title":"Cath\u00e9t\u00e9risme cardiaque et angiographie pour d\u00e9celer l'insuffisance cardiaque","description":"L'angiographie est un test qui a recours \u00e0 une injection de colorant liquide servant \u00e0 surveiller la circulation sanguine \u00e0 travers les art\u00e8res qui alimentent votre myocarde (art\u00e8res coronaires). Elle peut \u00e9galement fournir des informations sur les pressions et le fonctionnement des ventricules.","robots":{"index":"index","follow":"follow","max-snippet":"max-snippet:-1","max-image-preview":"max-image-preview:large","max-video-preview":"max-video-preview:-1"},"canonical":"https:\/\/www.heartfailurematters.org\/fr\/comprendre-linsuffisance-cardiaque\/catheterisme-et-coronarographie\/","og_locale":"fr_FR","og_type":"article","og_title":"Cath\u00e9t\u00e9risme cardiaque et angiographie pour d\u00e9celer l'insuffisance cardiaque","og_description":"L'angiographie est un test qui a recours \u00e0 une injection de colorant liquide servant \u00e0 surveiller la circulation sanguine \u00e0 travers les art\u00e8res qui alimentent votre myocarde (art\u00e8res coronaires). Elle peut \u00e9galement fournir des informations sur les pressions et le fonctionnement des ventricules.","og_url":"https:\/\/www.heartfailurematters.org\/fr\/comprendre-linsuffisance-cardiaque\/catheterisme-et-coronarographie\/","og_site_name":"Heart Failure Matters","article_publisher":"https:\/\/www.facebook.com\/heartfailurematters","article_modified_time":"2021-07-19T09:28:30+00:00","og_image":[{"width":900,"height":600,"url":"https:\/\/www.heartfailurematters.org\/wp-content\/uploads\/2022\/02\/shutterstock_26945083-1-min.jpg","type":"image\/jpeg"}],"twitter_card":"summary_large_image","twitter_misc":{"Dur\u00e9e de lecture estim\u00e9e":"2 minutes"},"schema":{"@context":"https:\/\/schema.org","@graph":[{"@type":"WebPage","@id":"https:\/\/www.heartfailurematters.org\/fr\/comprendre-linsuffisance-cardiaque\/catheterisme-et-coronarographie\/","url":"https:\/\/www.heartfailurematters.org\/fr\/comprendre-linsuffisance-cardiaque\/catheterisme-et-coronarographie\/","name":"Cath\u00e9t\u00e9risme cardiaque et angiographie pour d\u00e9celer l'insuffisance cardiaque","isPartOf":{"@id":"https:\/\/www.heartfailurematters.org\/fr\/#website"},"primaryImageOfPage":{"@id":"https:\/\/www.heartfailurematters.org\/fr\/comprendre-linsuffisance-cardiaque\/catheterisme-et-coronarographie\/#primaryimage"},"image":{"@id":"https:\/\/www.heartfailurematters.org\/fr\/comprendre-linsuffisance-cardiaque\/catheterisme-et-coronarographie\/#primaryimage"},"thumbnailUrl":"https:\/\/www.heartfailurematters.org\/wp-content\/uploads\/2022\/02\/shutterstock_26945083-1-min.jpg","datePublished":"2021-01-27T21:35:34+00:00","dateModified":"2021-07-19T09:28:30+00:00","description":"L'angiographie est un test qui a recours \u00e0 une injection de colorant liquide servant \u00e0 surveiller la circulation sanguine \u00e0 travers les art\u00e8res qui alimentent votre myocarde (art\u00e8res coronaires). Elle peut \u00e9galement fournir des informations sur les pressions et le fonctionnement des ventricules.","breadcrumb":{"@id":"https:\/\/www.heartfailurematters.org\/fr\/comprendre-linsuffisance-cardiaque\/catheterisme-et-coronarographie\/#breadcrumb"},"inLanguage":"fr-FR","potentialAction":[{"@type":"ReadAction","target":["https:\/\/www.heartfailurematters.org\/fr\/comprendre-linsuffisance-cardiaque\/catheterisme-et-coronarographie\/"]}]},{"@type":"ImageObject","inLanguage":"fr-FR","@id":"https:\/\/www.heartfailurematters.org\/fr\/comprendre-linsuffisance-cardiaque\/catheterisme-et-coronarographie\/#primaryimage","url":"https:\/\/www.heartfailurematters.org\/wp-content\/uploads\/2022\/02\/shutterstock_26945083-1-min.jpg","contentUrl":"https:\/\/www.heartfailurematters.org\/wp-content\/uploads\/2022\/02\/shutterstock_26945083-1-min.jpg","width":900,"height":600},{"@type":"BreadcrumbList","@id":"https:\/\/www.heartfailurematters.org\/fr\/comprendre-linsuffisance-cardiaque\/catheterisme-et-coronarographie\/#breadcrumb","itemListElement":[{"@type":"ListItem","position":1,"name":"Accueil","item":"https:\/\/www.heartfailurematters.org\/fr\/"},{"@type":"ListItem","position":2,"name":"Comprendre l&#8217;insuffisance cardiaque","item":"https:\/\/www.heartfailurematters.org\/fr\/comprendre-linsuffisance-cardiaque\/"},{"@type":"ListItem","position":3,"name":"Cath\u00e9t\u00e9risme et coronarographie"}]},{"@type":"WebSite","@id":"https:\/\/www.heartfailurematters.org\/fr\/#website","url":"https:\/\/www.heartfailurematters.org\/fr\/","name":"Heart Failure Matters","description":"Practical information for patients, families and caregivers.","publisher":{"@id":"https:\/\/www.heartfailurematters.org\/fr\/#organization"},"potentialAction":[{"@type":"SearchAction","target":{"@type":"EntryPoint","urlTemplate":"https:\/\/www.heartfailurematters.org\/fr\/?s={search_term_string}"},"query-input":{"@type":"PropertyValueSpecification","valueRequired":true,"valueName":"search_term_string"}}],"inLanguage":"fr-FR"},{"@type":"Organization","@id":"https:\/\/www.heartfailurematters.org\/fr\/#organization","name":"Heart Failure Matters","url":"https:\/\/www.heartfailurematters.org\/fr\/","logo":{"@type":"ImageObject","inLanguage":"fr-FR","@id":"https:\/\/www.heartfailurematters.org\/fr\/#\/schema\/logo\/image\/","url":"https:\/\/cdn-endpoint-hfm.azureedge.net\/heartfailurematters\/2024\/07\/hfm-logo1.jpg","contentUrl":"https:\/\/cdn-endpoint-hfm.azureedge.net\/heartfailurematters\/2024\/07\/hfm-logo1.jpg","width":1280,"height":720,"caption":"Heart Failure Matters"},"image":{"@id":"https:\/\/www.heartfailurematters.org\/fr\/#\/schema\/logo\/image\/"},"sameAs":["https:\/\/www.facebook.com\/heartfailurematters"]}]}},"_links":{"self":[{"href":"https:\/\/www.heartfailurematters.org\/fr\/wp-json\/wp\/v2\/pages\/299","targetHints":{"allow":["GET"]}}],"collection":[{"href":"https:\/\/www.heartfailurematters.org\/fr\/wp-json\/wp\/v2\/pages"}],"about":[{"href":"https:\/\/www.heartfailurematters.org\/fr\/wp-json\/wp\/v2\/types\/page"}],"author":[{"embeddable":true,"href":"https:\/\/www.heartfailurematters.org\/fr\/wp-json\/wp\/v2\/users\/1"}],"replies":[{"embeddable":true,"href":"https:\/\/www.heartfailurematters.org\/fr\/wp-json\/wp\/v2\/comments?post=299"}],"version-history":[{"count":2,"href":"https:\/\/www.heartfailurematters.org\/fr\/wp-json\/wp\/v2\/pages\/299\/revisions"}],"predecessor-version":[{"id":9480,"href":"https:\/\/www.heartfailurematters.org\/fr\/wp-json\/wp\/v2\/pages\/299\/revisions\/9480"}],"up":[{"embeddable":true,"href":"https:\/\/www.heartfailurematters.org\/fr\/wp-json\/wp\/v2\/pages\/307"}],"wp:featuredmedia":[{"embeddable":true,"href":"https:\/\/www.heartfailurematters.org\/fr\/wp-json\/wp\/v2\/media\/10686"}],"wp:attachment":[{"href":"https:\/\/www.heartfailurematters.org\/fr\/wp-json\/wp\/v2\/media?parent=299"}],"wp:term":[{"taxonomy":"category","embeddable":true,"href":"https:\/\/www.heartfailurematters.org\/fr\/wp-json\/wp\/v2\/categories?post=299"},{"taxonomy":"post_tag","embeddable":true,"href":"https:\/\/www.heartfailurematters.org\/fr\/wp-json\/wp\/v2\/tags?post=299"}],"curies":[{"name":"wp","href":"https:\/\/api.w.org\/{rel}","templated":true}]}}