{"id":298,"date":"2021-01-27T21:35:34","date_gmt":"2021-01-27T21:35:34","guid":{"rendered":"http:\/\/heartfailurematters.local:8888\/examens-frequemment-utilises-pour-deceler-une-insuffisance-cardiaque\/"},"modified":"2021-07-19T11:12:46","modified_gmt":"2021-07-19T10:12:46","slug":"examens-frequemment-utilises-pour-deceler-une-insuffisance-cardiaque","status":"publish","type":"page","link":"https:\/\/www.heartfailurematters.org\/fr\/comprendre-linsuffisance-cardiaque\/examens-frequemment-utilises-pour-deceler-une-insuffisance-cardiaque\/","title":{"rendered":"Examens fr\u00e9quemment utilis\u00e9s pour d\u00e9celer une insuffisance cardiaque"},"content":{"rendered":"<p><img decoding=\"async\" class=\"size-full wp-image-6295 alignleft\" src=\"https:\/\/cdn-endpoint-hfm.azureedge.net\/heartfailurematters\/2021\/02\/Common-tests.jpg\" alt=\"\" width=\"211\" height=\"206\" \/>Si vous suspectez des sympt\u00f4mes d&rsquo;insuffisance cardiaque, vous devez en parler avec votre m\u00e9decin (habituellement votre m\u00e9decin g\u00e9n\u00e9raliste).<\/p>\n<p>Votre m\u00e9decin effectuera un examen physique complet et vous posera des questions sur vos sympt\u00f4mes, vos ant\u00e9c\u00e9dents m\u00e9dicaux et votre mode de vie. Il est important que vous r\u00e9pondiez \u00e0 toutes les questions aussi sinc\u00e8rement et pr\u00e9cis\u00e9ment que possible de sorte que votre m\u00e9decin puisse poser un diagnostic pr\u00e9cis et s\u2019efforcer, avec vous, de trouver le meilleur traitement.<\/p>\n<p>Si votre m\u00e9decin soup\u00e7onne une insuffisance cardiaque, il ou elle pourra \u00e9ventuellement vous proposer certains examens. Ces examens permettront de rechercher si votre c\u0153ur fonctionne correctement et, dans le cas contraire, o\u00f9 se situe le probl\u00e8me.<\/p>\n<p>Cette rubrique explique les examens que votre m\u00e9decin souhaite que vous r\u00e9alisiez et ce que l\u2019examen peut r\u00e9v\u00e9ler. Cliquez simplement sur l\u2019un des examens ci-dessous pour en savoir plus.<\/p>\n<p>Les examens les plus fr\u00e9quents sont\u00a0:<\/p>\n<ul>\n<li><a title=\"Medical history and physical examination\" href=\"https:\/\/www.heartfailurematters.org\/fr\/comprendre-linsuffisance-cardiaque\/antecedents-medicaux-et-examen-physique\/\">Ant\u00e9c\u00e9dents m\u00e9dicaux et examen physique<\/a><\/li>\n<li><a title=\"Electrocardiogram (ECG)\" href=\"https:\/\/www.heartfailurematters.org\/fr\/comprendre-linsuffisance-cardiaque\/electrocardiogramme-ecg\/\">\u00c9lectrocardiogramme (ECG)<\/a><\/li>\n<li><a title=\"Blood tests\" href=\"https:\/\/www.heartfailurematters.org\/fr\/comprendre-linsuffisance-cardiaque\/analyses-de-sang\/\">Analyses de sang<\/a><\/li>\n<li><a title=\"Chest x-ray\" href=\"https:\/\/www.heartfailurematters.org\/fr\/comprendre-linsuffisance-cardiaque\/radiographie-pulmonaire\/\">Radiographie pulmonaire<\/a><\/li>\n<li><a href=\"https:\/\/www.heartfailurematters.org\/fr\/comprendre-linsuffisance-cardiaque\/echocardiographie\/\">\u00c9chocardiographie<\/a><\/li>\n<\/ul>\n<p>Des examens compl\u00e9mentaires permettront aussi d&rsquo;en savoir davantage sur votre insuffisance cardiaque ou d\u2019en identifier la cause. Ces examens incluent\u00a0:<\/p>\n<ul>\n<li><a title=\"Lung function tests\" href=\"https:\/\/www.heartfailurematters.org\/fr\/comprendre-linsuffisance-cardiaque\/explorations-fonctionnelles-pulmonaires\/\">Explorations fonctionnelles respiratoires<\/a><\/li>\n<li><a title=\"Exercise testing\" href=\"https:\/\/www.heartfailurematters.org\/fr\/comprendre-linsuffisance-cardiaque\/test-deffort\/\">Test d&rsquo;effort<\/a><\/li>\n<li><a title=\"Cardiac Magnetic Resonance Imaging (MRI)\" href=\"https:\/\/www.heartfailurematters.org\/fr\/comprendre-linsuffisance-cardiaque\/imagerie-par-resonance-magnetique-irm-cardiaque\/\">Imagerie cardiaque \u00e0 r\u00e9sonance magn\u00e9tique (IRM)<\/a><\/li>\n<li><a title=\"Cardiac catheterisation and angiography\" href=\"https:\/\/www.heartfailurematters.org\/fr\/comprendre-linsuffisance-cardiaque\/catheterisme-et-coronarographie\/\">Cath\u00e9t\u00e9risme et coronarographie<\/a><\/li>\n<li><a title=\"Nuclear medicines techniques\" href=\"https:\/\/www.heartfailurematters.org\/fr\/comprendre-linsuffisance-cardiaque\/examens-de-medecine-nucleaire\/\">Examens de m\u00e9decine nucl\u00e9aire<\/a><\/li>\n<li><a title=\"Multi-slice Computer Tomography (MSCT)\" href=\"https:\/\/www.heartfailurematters.org\/fr\/comprendre-linsuffisance-cardiaque\/tomodensitometrie-multi-coupes-tdm\/\">Tomodensitom\u00e9trie multi-coupes (TDM)\u00a0<\/a><\/li>\n<\/ul>\n<p>Comme les sympt\u00f4mes peuvent diff\u00e9rer de fa\u00e7on importante d\u2019un patient \u00e0 l\u2019autre, vous pouvez ne r\u00e9aliser que quelques-uns de ces examens et il est tr\u00e8s peu probable que vous les fassiez tous. Si vous avez la moindre question ou pr\u00e9occupation au sujet de vos examens, parlez-en avec votre m\u00e9decin.<\/p>\n","protected":false},"excerpt":{"rendered":"<p>Si vous suspectez des sympt\u00f4mes d&rsquo;insuffisance cardiaque, vous devez en parler avec votre m\u00e9decin (habituellement votre m\u00e9decin g\u00e9n\u00e9raliste). Votre m\u00e9decin effectuera un examen physique complet et vous posera des questions sur vos sympt\u00f4mes, vos ant\u00e9c\u00e9dents m\u00e9dicaux et votre mode de vie. Il est important que vous r\u00e9pondiez \u00e0 toutes les questions aussi sinc\u00e8rement et pr\u00e9cis\u00e9ment [&hellip;]<\/p>\n","protected":false},"author":1,"featured_media":10605,"parent":307,"menu_order":6,"comment_status":"open","ping_status":"closed","template":"","meta":{"_acf_changed":false,"footnotes":""},"categories":[118],"tags":[],"class_list":["post-298","page","type-page","status-publish","has-post-thumbnail","hentry","category-understanding-heart-failure-fr"],"acf":[],"yoast_head":"<!-- This site is optimized with the Yoast SEO plugin v24.8.1 - https:\/\/yoast.com\/wordpress\/plugins\/seo\/ -->\n<title>Tests courants relatifs \u00e0 l&#039;insuffisance cardiaque<\/title>\n<meta name=\"description\" content=\"Cette section donne un aper\u00e7u des tests que votre m\u00e9decin voudra peut-\u00eatre vous faire passer et de ce qu&#039;ils peuvent r\u00e9v\u00e9ler. Cliquez sur l&#039;un des tests pour en savoir plus\" \/>\n<meta name=\"robots\" content=\"index, follow, max-snippet:-1, max-image-preview:large, max-video-preview:-1\" \/>\n<link rel=\"canonical\" href=\"https:\/\/www.heartfailurematters.org\/fr\/comprendre-linsuffisance-cardiaque\/examens-frequemment-utilises-pour-deceler-une-insuffisance-cardiaque\/\" \/>\n<meta property=\"og:locale\" content=\"fr_FR\" \/>\n<meta property=\"og:type\" content=\"article\" \/>\n<meta property=\"og:title\" content=\"Tests courants relatifs \u00e0 l&#039;insuffisance cardiaque\" \/>\n<meta property=\"og:description\" content=\"Cette section donne un aper\u00e7u des tests que votre m\u00e9decin voudra peut-\u00eatre vous faire passer et de ce qu&#039;ils peuvent r\u00e9v\u00e9ler. Cliquez sur l&#039;un des tests pour en savoir plus\" \/>\n<meta property=\"og:url\" content=\"https:\/\/www.heartfailurematters.org\/fr\/comprendre-linsuffisance-cardiaque\/examens-frequemment-utilises-pour-deceler-une-insuffisance-cardiaque\/\" \/>\n<meta property=\"og:site_name\" content=\"Heart Failure Matters\" \/>\n<meta property=\"article:publisher\" content=\"https:\/\/www.facebook.com\/heartfailurematters\" \/>\n<meta property=\"article:modified_time\" content=\"2021-07-19T10:12:46+00:00\" \/>\n<meta property=\"og:image\" content=\"https:\/\/www.heartfailurematters.org\/wp-content\/uploads\/2022\/02\/shutterstock_1507886318-1-min.jpg?_t=1773221058\" \/>\n\t<meta property=\"og:image:width\" content=\"900\" \/>\n\t<meta property=\"og:image:height\" content=\"600\" \/>\n\t<meta property=\"og:image:type\" content=\"image\/jpeg\" \/>\n<meta name=\"twitter:card\" content=\"summary_large_image\" \/>\n<meta name=\"twitter:label1\" content=\"Dur\u00e9e de lecture estim\u00e9e\" \/>\n\t<meta name=\"twitter:data1\" content=\"2 minutes\" \/>\n<script type=\"application\/ld+json\" class=\"yoast-schema-graph\">{\"@context\":\"https:\/\/schema.org\",\"@graph\":[{\"@type\":\"WebPage\",\"@id\":\"https:\/\/www.heartfailurematters.org\/fr\/comprendre-linsuffisance-cardiaque\/examens-frequemment-utilises-pour-deceler-une-insuffisance-cardiaque\/\",\"url\":\"https:\/\/www.heartfailurematters.org\/fr\/comprendre-linsuffisance-cardiaque\/examens-frequemment-utilises-pour-deceler-une-insuffisance-cardiaque\/\",\"name\":\"Tests courants relatifs \u00e0 l'insuffisance cardiaque\",\"isPartOf\":{\"@id\":\"https:\/\/www.heartfailurematters.org\/fr\/#website\"},\"primaryImageOfPage\":{\"@id\":\"https:\/\/www.heartfailurematters.org\/fr\/comprendre-linsuffisance-cardiaque\/examens-frequemment-utilises-pour-deceler-une-insuffisance-cardiaque\/#primaryimage\"},\"image\":{\"@id\":\"https:\/\/www.heartfailurematters.org\/fr\/comprendre-linsuffisance-cardiaque\/examens-frequemment-utilises-pour-deceler-une-insuffisance-cardiaque\/#primaryimage\"},\"thumbnailUrl\":\"https:\/\/www.heartfailurematters.org\/wp-content\/uploads\/2022\/02\/shutterstock_1507886318-1-min.jpg\",\"datePublished\":\"2021-01-27T21:35:34+00:00\",\"dateModified\":\"2021-07-19T10:12:46+00:00\",\"description\":\"Cette section donne un aper\u00e7u des tests que votre m\u00e9decin voudra peut-\u00eatre vous faire passer et de ce qu'ils peuvent r\u00e9v\u00e9ler. Cliquez sur l'un des tests pour en savoir plus\",\"breadcrumb\":{\"@id\":\"https:\/\/www.heartfailurematters.org\/fr\/comprendre-linsuffisance-cardiaque\/examens-frequemment-utilises-pour-deceler-une-insuffisance-cardiaque\/#breadcrumb\"},\"inLanguage\":\"fr-FR\",\"potentialAction\":[{\"@type\":\"ReadAction\",\"target\":[\"https:\/\/www.heartfailurematters.org\/fr\/comprendre-linsuffisance-cardiaque\/examens-frequemment-utilises-pour-deceler-une-insuffisance-cardiaque\/\"]}]},{\"@type\":\"ImageObject\",\"inLanguage\":\"fr-FR\",\"@id\":\"https:\/\/www.heartfailurematters.org\/fr\/comprendre-linsuffisance-cardiaque\/examens-frequemment-utilises-pour-deceler-une-insuffisance-cardiaque\/#primaryimage\",\"url\":\"https:\/\/www.heartfailurematters.org\/wp-content\/uploads\/2022\/02\/shutterstock_1507886318-1-min.jpg\",\"contentUrl\":\"https:\/\/www.heartfailurematters.org\/wp-content\/uploads\/2022\/02\/shutterstock_1507886318-1-min.jpg\",\"width\":900,\"height\":600},{\"@type\":\"BreadcrumbList\",\"@id\":\"https:\/\/www.heartfailurematters.org\/fr\/comprendre-linsuffisance-cardiaque\/examens-frequemment-utilises-pour-deceler-une-insuffisance-cardiaque\/#breadcrumb\",\"itemListElement\":[{\"@type\":\"ListItem\",\"position\":1,\"name\":\"Accueil\",\"item\":\"https:\/\/www.heartfailurematters.org\/fr\/\"},{\"@type\":\"ListItem\",\"position\":2,\"name\":\"Comprendre l&#8217;insuffisance cardiaque\",\"item\":\"https:\/\/www.heartfailurematters.org\/fr\/comprendre-linsuffisance-cardiaque\/\"},{\"@type\":\"ListItem\",\"position\":3,\"name\":\"Examens fr\u00e9quemment utilis\u00e9s pour d\u00e9celer une insuffisance cardiaque\"}]},{\"@type\":\"WebSite\",\"@id\":\"https:\/\/www.heartfailurematters.org\/fr\/#website\",\"url\":\"https:\/\/www.heartfailurematters.org\/fr\/\",\"name\":\"Heart Failure Matters\",\"description\":\"Practical information for patients, families and caregivers.\",\"publisher\":{\"@id\":\"https:\/\/www.heartfailurematters.org\/fr\/#organization\"},\"potentialAction\":[{\"@type\":\"SearchAction\",\"target\":{\"@type\":\"EntryPoint\",\"urlTemplate\":\"https:\/\/www.heartfailurematters.org\/fr\/?s={search_term_string}\"},\"query-input\":{\"@type\":\"PropertyValueSpecification\",\"valueRequired\":true,\"valueName\":\"search_term_string\"}}],\"inLanguage\":\"fr-FR\"},{\"@type\":\"Organization\",\"@id\":\"https:\/\/www.heartfailurematters.org\/fr\/#organization\",\"name\":\"Heart Failure Matters\",\"url\":\"https:\/\/www.heartfailurematters.org\/fr\/\",\"logo\":{\"@type\":\"ImageObject\",\"inLanguage\":\"fr-FR\",\"@id\":\"https:\/\/www.heartfailurematters.org\/fr\/#\/schema\/logo\/image\/\",\"url\":\"https:\/\/cdn-endpoint-hfm.azureedge.net\/heartfailurematters\/2024\/07\/hfm-logo1.jpg\",\"contentUrl\":\"https:\/\/cdn-endpoint-hfm.azureedge.net\/heartfailurematters\/2024\/07\/hfm-logo1.jpg\",\"width\":1280,\"height\":720,\"caption\":\"Heart Failure Matters\"},\"image\":{\"@id\":\"https:\/\/www.heartfailurematters.org\/fr\/#\/schema\/logo\/image\/\"},\"sameAs\":[\"https:\/\/www.facebook.com\/heartfailurematters\"]}]}<\/script>\n<!-- \/ Yoast SEO plugin. -->","yoast_head_json":{"title":"Tests courants relatifs \u00e0 l'insuffisance cardiaque","description":"Cette section donne un aper\u00e7u des tests que votre m\u00e9decin voudra peut-\u00eatre vous faire passer et de ce qu'ils peuvent r\u00e9v\u00e9ler. Cliquez sur l'un des tests pour en savoir plus","robots":{"index":"index","follow":"follow","max-snippet":"max-snippet:-1","max-image-preview":"max-image-preview:large","max-video-preview":"max-video-preview:-1"},"canonical":"https:\/\/www.heartfailurematters.org\/fr\/comprendre-linsuffisance-cardiaque\/examens-frequemment-utilises-pour-deceler-une-insuffisance-cardiaque\/","og_locale":"fr_FR","og_type":"article","og_title":"Tests courants relatifs \u00e0 l'insuffisance cardiaque","og_description":"Cette section donne un aper\u00e7u des tests que votre m\u00e9decin voudra peut-\u00eatre vous faire passer et de ce qu'ils peuvent r\u00e9v\u00e9ler. Cliquez sur l'un des tests pour en savoir plus","og_url":"https:\/\/www.heartfailurematters.org\/fr\/comprendre-linsuffisance-cardiaque\/examens-frequemment-utilises-pour-deceler-une-insuffisance-cardiaque\/","og_site_name":"Heart Failure Matters","article_publisher":"https:\/\/www.facebook.com\/heartfailurematters","article_modified_time":"2021-07-19T10:12:46+00:00","og_image":[{"width":900,"height":600,"url":"https:\/\/www.heartfailurematters.org\/wp-content\/uploads\/2022\/02\/shutterstock_1507886318-1-min.jpg?_t=1773221058","type":"image\/jpeg"}],"twitter_card":"summary_large_image","twitter_misc":{"Dur\u00e9e de lecture estim\u00e9e":"2 minutes"},"schema":{"@context":"https:\/\/schema.org","@graph":[{"@type":"WebPage","@id":"https:\/\/www.heartfailurematters.org\/fr\/comprendre-linsuffisance-cardiaque\/examens-frequemment-utilises-pour-deceler-une-insuffisance-cardiaque\/","url":"https:\/\/www.heartfailurematters.org\/fr\/comprendre-linsuffisance-cardiaque\/examens-frequemment-utilises-pour-deceler-une-insuffisance-cardiaque\/","name":"Tests courants relatifs \u00e0 l'insuffisance cardiaque","isPartOf":{"@id":"https:\/\/www.heartfailurematters.org\/fr\/#website"},"primaryImageOfPage":{"@id":"https:\/\/www.heartfailurematters.org\/fr\/comprendre-linsuffisance-cardiaque\/examens-frequemment-utilises-pour-deceler-une-insuffisance-cardiaque\/#primaryimage"},"image":{"@id":"https:\/\/www.heartfailurematters.org\/fr\/comprendre-linsuffisance-cardiaque\/examens-frequemment-utilises-pour-deceler-une-insuffisance-cardiaque\/#primaryimage"},"thumbnailUrl":"https:\/\/www.heartfailurematters.org\/wp-content\/uploads\/2022\/02\/shutterstock_1507886318-1-min.jpg","datePublished":"2021-01-27T21:35:34+00:00","dateModified":"2021-07-19T10:12:46+00:00","description":"Cette section donne un aper\u00e7u des tests que votre m\u00e9decin voudra peut-\u00eatre vous faire passer et de ce qu'ils peuvent r\u00e9v\u00e9ler. Cliquez sur l'un des tests pour en savoir plus","breadcrumb":{"@id":"https:\/\/www.heartfailurematters.org\/fr\/comprendre-linsuffisance-cardiaque\/examens-frequemment-utilises-pour-deceler-une-insuffisance-cardiaque\/#breadcrumb"},"inLanguage":"fr-FR","potentialAction":[{"@type":"ReadAction","target":["https:\/\/www.heartfailurematters.org\/fr\/comprendre-linsuffisance-cardiaque\/examens-frequemment-utilises-pour-deceler-une-insuffisance-cardiaque\/"]}]},{"@type":"ImageObject","inLanguage":"fr-FR","@id":"https:\/\/www.heartfailurematters.org\/fr\/comprendre-linsuffisance-cardiaque\/examens-frequemment-utilises-pour-deceler-une-insuffisance-cardiaque\/#primaryimage","url":"https:\/\/www.heartfailurematters.org\/wp-content\/uploads\/2022\/02\/shutterstock_1507886318-1-min.jpg","contentUrl":"https:\/\/www.heartfailurematters.org\/wp-content\/uploads\/2022\/02\/shutterstock_1507886318-1-min.jpg","width":900,"height":600},{"@type":"BreadcrumbList","@id":"https:\/\/www.heartfailurematters.org\/fr\/comprendre-linsuffisance-cardiaque\/examens-frequemment-utilises-pour-deceler-une-insuffisance-cardiaque\/#breadcrumb","itemListElement":[{"@type":"ListItem","position":1,"name":"Accueil","item":"https:\/\/www.heartfailurematters.org\/fr\/"},{"@type":"ListItem","position":2,"name":"Comprendre l&#8217;insuffisance cardiaque","item":"https:\/\/www.heartfailurematters.org\/fr\/comprendre-linsuffisance-cardiaque\/"},{"@type":"ListItem","position":3,"name":"Examens fr\u00e9quemment utilis\u00e9s pour d\u00e9celer une insuffisance cardiaque"}]},{"@type":"WebSite","@id":"https:\/\/www.heartfailurematters.org\/fr\/#website","url":"https:\/\/www.heartfailurematters.org\/fr\/","name":"Heart Failure Matters","description":"Practical information for patients, families and caregivers.","publisher":{"@id":"https:\/\/www.heartfailurematters.org\/fr\/#organization"},"potentialAction":[{"@type":"SearchAction","target":{"@type":"EntryPoint","urlTemplate":"https:\/\/www.heartfailurematters.org\/fr\/?s={search_term_string}"},"query-input":{"@type":"PropertyValueSpecification","valueRequired":true,"valueName":"search_term_string"}}],"inLanguage":"fr-FR"},{"@type":"Organization","@id":"https:\/\/www.heartfailurematters.org\/fr\/#organization","name":"Heart Failure Matters","url":"https:\/\/www.heartfailurematters.org\/fr\/","logo":{"@type":"ImageObject","inLanguage":"fr-FR","@id":"https:\/\/www.heartfailurematters.org\/fr\/#\/schema\/logo\/image\/","url":"https:\/\/cdn-endpoint-hfm.azureedge.net\/heartfailurematters\/2024\/07\/hfm-logo1.jpg","contentUrl":"https:\/\/cdn-endpoint-hfm.azureedge.net\/heartfailurematters\/2024\/07\/hfm-logo1.jpg","width":1280,"height":720,"caption":"Heart Failure Matters"},"image":{"@id":"https:\/\/www.heartfailurematters.org\/fr\/#\/schema\/logo\/image\/"},"sameAs":["https:\/\/www.facebook.com\/heartfailurematters"]}]}},"_links":{"self":[{"href":"https:\/\/www.heartfailurematters.org\/fr\/wp-json\/wp\/v2\/pages\/298","targetHints":{"allow":["GET"]}}],"collection":[{"href":"https:\/\/www.heartfailurematters.org\/fr\/wp-json\/wp\/v2\/pages"}],"about":[{"href":"https:\/\/www.heartfailurematters.org\/fr\/wp-json\/wp\/v2\/types\/page"}],"author":[{"embeddable":true,"href":"https:\/\/www.heartfailurematters.org\/fr\/wp-json\/wp\/v2\/users\/1"}],"replies":[{"embeddable":true,"href":"https:\/\/www.heartfailurematters.org\/fr\/wp-json\/wp\/v2\/comments?post=298"}],"version-history":[{"count":2,"href":"https:\/\/www.heartfailurematters.org\/fr\/wp-json\/wp\/v2\/pages\/298\/revisions"}],"predecessor-version":[{"id":9516,"href":"https:\/\/www.heartfailurematters.org\/fr\/wp-json\/wp\/v2\/pages\/298\/revisions\/9516"}],"up":[{"embeddable":true,"href":"https:\/\/www.heartfailurematters.org\/fr\/wp-json\/wp\/v2\/pages\/307"}],"wp:featuredmedia":[{"embeddable":true,"href":"https:\/\/www.heartfailurematters.org\/fr\/wp-json\/wp\/v2\/media\/10605"}],"wp:attachment":[{"href":"https:\/\/www.heartfailurematters.org\/fr\/wp-json\/wp\/v2\/media?parent=298"}],"wp:term":[{"taxonomy":"category","embeddable":true,"href":"https:\/\/www.heartfailurematters.org\/fr\/wp-json\/wp\/v2\/categories?post=298"},{"taxonomy":"post_tag","embeddable":true,"href":"https:\/\/www.heartfailurematters.org\/fr\/wp-json\/wp\/v2\/tags?post=298"}],"curies":[{"name":"wp","href":"https:\/\/api.w.org\/{rel}","templated":true}]}}