{"id":8991,"date":"2021-06-25T11:33:02","date_gmt":"2021-06-25T10:33:02","guid":{"rendered":"https:\/\/www.heartfailurematters.org\/apoyo-financiero\/"},"modified":"2022-02-03T16:27:37","modified_gmt":"2022-02-03T16:27:37","slug":"apoyo-financiero","status":"publish","type":"page","link":"https:\/\/www.heartfailurematters.org\/es\/apoyo-financiero\/","title":{"rendered":"Apoyo financiero"},"content":{"rendered":"<p>Este sitio web cuenta con el apoyo de:<\/p>\n<table style=\"width: 100%;\">\n<tbody>\n<tr>\n<th><img decoding=\"async\" class=\"alignleft wp-image-8957 size-medium\" src=\"https:\/\/www.heartfailurematters.org\/wp-content\/uploads\/2021\/06\/BI-300x106.png\" alt=\"\" width=\"300\" height=\"106\" srcset=\"https:\/\/www.heartfailurematters.org\/wp-content\/uploads\/2021\/06\/BI-300x106.png 300w, https:\/\/www.heartfailurematters.org\/wp-content\/uploads\/2021\/06\/BI-1024x361.png 1024w, https:\/\/www.heartfailurematters.org\/wp-content\/uploads\/2021\/06\/BI-768x270.png 768w, https:\/\/www.heartfailurematters.org\/wp-content\/uploads\/2021\/06\/BI-1536x541.png 1536w, https:\/\/www.heartfailurematters.org\/wp-content\/uploads\/2021\/06\/BI-1568x552.png 1568w, https:\/\/www.heartfailurematters.org\/wp-content\/uploads\/2021\/06\/BI.png 1701w\" sizes=\"(max-width: 300px) 100vw, 300px\" \/><\/th>\n<th><img decoding=\"async\" class=\"alignleft wp-image-8947\" src=\"https:\/\/www.heartfailurematters.org\/wp-content\/uploads\/2021\/06\/Lilly-300x164.png\" alt=\"\" width=\"200\" height=\"109\" srcset=\"https:\/\/www.heartfailurematters.org\/wp-content\/uploads\/2021\/06\/Lilly-300x164.png 300w, https:\/\/www.heartfailurematters.org\/wp-content\/uploads\/2021\/06\/Lilly.png 548w\" sizes=\"(max-width: 200px) 100vw, 200px\" \/><\/th>\n<\/tr>\n<tr>\n<th><img decoding=\"async\" class=\"alignleft size-medium wp-image-9962\" src=\"https:\/\/www.heartfailurematters.org\/wp-content\/uploads\/2021\/11\/novartis_logo_pos_rgb-300x55.png\" alt=\"\" width=\"300\" height=\"55\" srcset=\"https:\/\/www.heartfailurematters.org\/wp-content\/uploads\/2021\/11\/novartis_logo_pos_rgb-300x55.png 300w, https:\/\/www.heartfailurematters.org\/wp-content\/uploads\/2021\/11\/novartis_logo_pos_rgb-1024x187.png 1024w, https:\/\/www.heartfailurematters.org\/wp-content\/uploads\/2021\/11\/novartis_logo_pos_rgb-768x140.png 768w, https:\/\/www.heartfailurematters.org\/wp-content\/uploads\/2021\/11\/novartis_logo_pos_rgb-1536x280.png 1536w, https:\/\/www.heartfailurematters.org\/wp-content\/uploads\/2021\/11\/novartis_logo_pos_rgb-1568x286.png 1568w, https:\/\/www.heartfailurematters.org\/wp-content\/uploads\/2021\/11\/novartis_logo_pos_rgb.png 1780w\" sizes=\"(max-width: 300px) 100vw, 300px\" \/><\/th>\n<th><\/th>\n<\/tr>\n<\/tbody>\n<\/table>\n","protected":false},"excerpt":{"rendered":"<p>Este sitio web cuenta con el apoyo de:<\/p>\n","protected":false},"author":1,"featured_media":0,"parent":0,"menu_order":0,"comment_status":"closed","ping_status":"closed","template":"","meta":{"_acf_changed":false,"footnotes":""},"categories":[],"tags":[],"class_list":["post-8991","page","type-page","status-publish","hentry"],"acf":[],"yoast_head":"<!-- This site is optimized with the Yoast SEO plugin v24.8.1 - https:\/\/yoast.com\/wordpress\/plugins\/seo\/ -->\n<title>Apoyo financiero - Heart Failure Matters<\/title>\n<meta name=\"description\" content=\"Este sitio web est\u00e1 patrocinado por Boehringer Ingelheim, Lilly Alliance y Vifor Pharma. P\u00f3ngase en contacto con nosotros si desea obtener m\u00e1s informaci\u00f3n.\" \/>\n<meta name=\"robots\" content=\"index, follow, max-snippet:-1, max-image-preview:large, max-video-preview:-1\" \/>\n<link rel=\"canonical\" href=\"https:\/\/www.heartfailurematters.org\/es\/apoyo-financiero\/\" \/>\n<meta property=\"og:locale\" content=\"es_ES\" \/>\n<meta property=\"og:type\" content=\"article\" \/>\n<meta property=\"og:title\" content=\"Apoyo financiero - Heart Failure Matters\" \/>\n<meta property=\"og:description\" content=\"Este sitio web est\u00e1 patrocinado por Boehringer Ingelheim, Lilly Alliance y Vifor Pharma. P\u00f3ngase en contacto con nosotros si desea obtener m\u00e1s informaci\u00f3n.\" \/>\n<meta property=\"og:url\" content=\"https:\/\/www.heartfailurematters.org\/es\/apoyo-financiero\/\" \/>\n<meta property=\"og:site_name\" content=\"Heart Failure Matters\" \/>\n<meta property=\"article:publisher\" content=\"https:\/\/www.facebook.com\/heartfailurematters\" \/>\n<meta property=\"article:modified_time\" content=\"2022-02-03T16:27:37+00:00\" \/>\n<meta property=\"og:image\" content=\"https:\/\/www.heartfailurematters.org\/wp-content\/uploads\/2021\/06\/BI.png\" \/>\n\t<meta property=\"og:image:width\" content=\"1701\" \/>\n\t<meta property=\"og:image:height\" content=\"599\" \/>\n\t<meta property=\"og:image:type\" content=\"image\/png\" \/>\n<meta name=\"twitter:card\" content=\"summary_large_image\" \/>\n<meta name=\"twitter:label1\" content=\"Tiempo de lectura\" \/>\n\t<meta name=\"twitter:data1\" content=\"1 minuto\" \/>\n<script type=\"application\/ld+json\" class=\"yoast-schema-graph\">{\"@context\":\"https:\/\/schema.org\",\"@graph\":[{\"@type\":\"WebPage\",\"@id\":\"https:\/\/www.heartfailurematters.org\/es\/apoyo-financiero\/\",\"url\":\"https:\/\/www.heartfailurematters.org\/es\/apoyo-financiero\/\",\"name\":\"Apoyo financiero - Heart Failure Matters\",\"isPartOf\":{\"@id\":\"https:\/\/www.heartfailurematters.org\/es\/#website\"},\"primaryImageOfPage\":{\"@id\":\"https:\/\/www.heartfailurematters.org\/es\/apoyo-financiero\/#primaryimage\"},\"image\":{\"@id\":\"https:\/\/www.heartfailurematters.org\/es\/apoyo-financiero\/#primaryimage\"},\"thumbnailUrl\":\"https:\/\/www.heartfailurematters.org\/wp-content\/uploads\/2021\/06\/BI-300x106.png\",\"datePublished\":\"2021-06-25T10:33:02+00:00\",\"dateModified\":\"2022-02-03T16:27:37+00:00\",\"description\":\"Este sitio web est\u00e1 patrocinado por Boehringer Ingelheim, Lilly Alliance y Vifor Pharma. P\u00f3ngase en contacto con nosotros si desea obtener m\u00e1s informaci\u00f3n.\",\"breadcrumb\":{\"@id\":\"https:\/\/www.heartfailurematters.org\/es\/apoyo-financiero\/#breadcrumb\"},\"inLanguage\":\"es\",\"potentialAction\":[{\"@type\":\"ReadAction\",\"target\":[\"https:\/\/www.heartfailurematters.org\/es\/apoyo-financiero\/\"]}]},{\"@type\":\"ImageObject\",\"inLanguage\":\"es\",\"@id\":\"https:\/\/www.heartfailurematters.org\/es\/apoyo-financiero\/#primaryimage\",\"url\":\"https:\/\/www.heartfailurematters.org\/wp-content\/uploads\/2021\/06\/BI-300x106.png\",\"contentUrl\":\"https:\/\/www.heartfailurematters.org\/wp-content\/uploads\/2021\/06\/BI-300x106.png\"},{\"@type\":\"BreadcrumbList\",\"@id\":\"https:\/\/www.heartfailurematters.org\/es\/apoyo-financiero\/#breadcrumb\",\"itemListElement\":[{\"@type\":\"ListItem\",\"position\":1,\"name\":\"Inicio\",\"item\":\"https:\/\/www.heartfailurematters.org\/es\/\"},{\"@type\":\"ListItem\",\"position\":2,\"name\":\"Apoyo financiero\"}]},{\"@type\":\"WebSite\",\"@id\":\"https:\/\/www.heartfailurematters.org\/es\/#website\",\"url\":\"https:\/\/www.heartfailurematters.org\/es\/\",\"name\":\"Heart Failure Matters\",\"description\":\"Practical information for patients, families and caregivers.\",\"publisher\":{\"@id\":\"https:\/\/www.heartfailurematters.org\/es\/#organization\"},\"potentialAction\":[{\"@type\":\"SearchAction\",\"target\":{\"@type\":\"EntryPoint\",\"urlTemplate\":\"https:\/\/www.heartfailurematters.org\/es\/?s={search_term_string}\"},\"query-input\":{\"@type\":\"PropertyValueSpecification\",\"valueRequired\":true,\"valueName\":\"search_term_string\"}}],\"inLanguage\":\"es\"},{\"@type\":\"Organization\",\"@id\":\"https:\/\/www.heartfailurematters.org\/es\/#organization\",\"name\":\"Heart Failure Matters\",\"url\":\"https:\/\/www.heartfailurematters.org\/es\/\",\"logo\":{\"@type\":\"ImageObject\",\"inLanguage\":\"es\",\"@id\":\"https:\/\/www.heartfailurematters.org\/es\/#\/schema\/logo\/image\/\",\"url\":\"https:\/\/cdn-endpoint-hfm.azureedge.net\/heartfailurematters\/2024\/07\/hfm-logo1.jpg\",\"contentUrl\":\"https:\/\/cdn-endpoint-hfm.azureedge.net\/heartfailurematters\/2024\/07\/hfm-logo1.jpg\",\"width\":1280,\"height\":720,\"caption\":\"Heart Failure Matters\"},\"image\":{\"@id\":\"https:\/\/www.heartfailurematters.org\/es\/#\/schema\/logo\/image\/\"},\"sameAs\":[\"https:\/\/www.facebook.com\/heartfailurematters\"]}]}<\/script>\n<!-- \/ Yoast SEO plugin. -->","yoast_head_json":{"title":"Apoyo financiero - Heart Failure Matters","description":"Este sitio web est\u00e1 patrocinado por Boehringer Ingelheim, Lilly Alliance y Vifor Pharma. P\u00f3ngase en contacto con nosotros si desea obtener m\u00e1s informaci\u00f3n.","robots":{"index":"index","follow":"follow","max-snippet":"max-snippet:-1","max-image-preview":"max-image-preview:large","max-video-preview":"max-video-preview:-1"},"canonical":"https:\/\/www.heartfailurematters.org\/es\/apoyo-financiero\/","og_locale":"es_ES","og_type":"article","og_title":"Apoyo financiero - Heart Failure Matters","og_description":"Este sitio web est\u00e1 patrocinado por Boehringer Ingelheim, Lilly Alliance y Vifor Pharma. P\u00f3ngase en contacto con nosotros si desea obtener m\u00e1s informaci\u00f3n.","og_url":"https:\/\/www.heartfailurematters.org\/es\/apoyo-financiero\/","og_site_name":"Heart Failure Matters","article_publisher":"https:\/\/www.facebook.com\/heartfailurematters","article_modified_time":"2022-02-03T16:27:37+00:00","og_image":[{"width":1701,"height":599,"url":"https:\/\/www.heartfailurematters.org\/wp-content\/uploads\/2021\/06\/BI.png","type":"image\/png"}],"twitter_card":"summary_large_image","twitter_misc":{"Tiempo de lectura":"1 minuto"},"schema":{"@context":"https:\/\/schema.org","@graph":[{"@type":"WebPage","@id":"https:\/\/www.heartfailurematters.org\/es\/apoyo-financiero\/","url":"https:\/\/www.heartfailurematters.org\/es\/apoyo-financiero\/","name":"Apoyo financiero - Heart Failure Matters","isPartOf":{"@id":"https:\/\/www.heartfailurematters.org\/es\/#website"},"primaryImageOfPage":{"@id":"https:\/\/www.heartfailurematters.org\/es\/apoyo-financiero\/#primaryimage"},"image":{"@id":"https:\/\/www.heartfailurematters.org\/es\/apoyo-financiero\/#primaryimage"},"thumbnailUrl":"https:\/\/www.heartfailurematters.org\/wp-content\/uploads\/2021\/06\/BI-300x106.png","datePublished":"2021-06-25T10:33:02+00:00","dateModified":"2022-02-03T16:27:37+00:00","description":"Este sitio web est\u00e1 patrocinado por Boehringer Ingelheim, Lilly Alliance y Vifor Pharma. P\u00f3ngase en contacto con nosotros si desea obtener m\u00e1s informaci\u00f3n.","breadcrumb":{"@id":"https:\/\/www.heartfailurematters.org\/es\/apoyo-financiero\/#breadcrumb"},"inLanguage":"es","potentialAction":[{"@type":"ReadAction","target":["https:\/\/www.heartfailurematters.org\/es\/apoyo-financiero\/"]}]},{"@type":"ImageObject","inLanguage":"es","@id":"https:\/\/www.heartfailurematters.org\/es\/apoyo-financiero\/#primaryimage","url":"https:\/\/www.heartfailurematters.org\/wp-content\/uploads\/2021\/06\/BI-300x106.png","contentUrl":"https:\/\/www.heartfailurematters.org\/wp-content\/uploads\/2021\/06\/BI-300x106.png"},{"@type":"BreadcrumbList","@id":"https:\/\/www.heartfailurematters.org\/es\/apoyo-financiero\/#breadcrumb","itemListElement":[{"@type":"ListItem","position":1,"name":"Inicio","item":"https:\/\/www.heartfailurematters.org\/es\/"},{"@type":"ListItem","position":2,"name":"Apoyo financiero"}]},{"@type":"WebSite","@id":"https:\/\/www.heartfailurematters.org\/es\/#website","url":"https:\/\/www.heartfailurematters.org\/es\/","name":"Heart Failure Matters","description":"Practical information for patients, families and caregivers.","publisher":{"@id":"https:\/\/www.heartfailurematters.org\/es\/#organization"},"potentialAction":[{"@type":"SearchAction","target":{"@type":"EntryPoint","urlTemplate":"https:\/\/www.heartfailurematters.org\/es\/?s={search_term_string}"},"query-input":{"@type":"PropertyValueSpecification","valueRequired":true,"valueName":"search_term_string"}}],"inLanguage":"es"},{"@type":"Organization","@id":"https:\/\/www.heartfailurematters.org\/es\/#organization","name":"Heart Failure Matters","url":"https:\/\/www.heartfailurematters.org\/es\/","logo":{"@type":"ImageObject","inLanguage":"es","@id":"https:\/\/www.heartfailurematters.org\/es\/#\/schema\/logo\/image\/","url":"https:\/\/cdn-endpoint-hfm.azureedge.net\/heartfailurematters\/2024\/07\/hfm-logo1.jpg","contentUrl":"https:\/\/cdn-endpoint-hfm.azureedge.net\/heartfailurematters\/2024\/07\/hfm-logo1.jpg","width":1280,"height":720,"caption":"Heart Failure Matters"},"image":{"@id":"https:\/\/www.heartfailurematters.org\/es\/#\/schema\/logo\/image\/"},"sameAs":["https:\/\/www.facebook.com\/heartfailurematters"]}]}},"_links":{"self":[{"href":"https:\/\/www.heartfailurematters.org\/es\/wp-json\/wp\/v2\/pages\/8991","targetHints":{"allow":["GET"]}}],"collection":[{"href":"https:\/\/www.heartfailurematters.org\/es\/wp-json\/wp\/v2\/pages"}],"about":[{"href":"https:\/\/www.heartfailurematters.org\/es\/wp-json\/wp\/v2\/types\/page"}],"author":[{"embeddable":true,"href":"https:\/\/www.heartfailurematters.org\/es\/wp-json\/wp\/v2\/users\/1"}],"replies":[{"embeddable":true,"href":"https:\/\/www.heartfailurematters.org\/es\/wp-json\/wp\/v2\/comments?post=8991"}],"version-history":[{"count":6,"href":"https:\/\/www.heartfailurematters.org\/es\/wp-json\/wp\/v2\/pages\/8991\/revisions"}],"predecessor-version":[{"id":10530,"href":"https:\/\/www.heartfailurematters.org\/es\/wp-json\/wp\/v2\/pages\/8991\/revisions\/10530"}],"wp:attachment":[{"href":"https:\/\/www.heartfailurematters.org\/es\/wp-json\/wp\/v2\/media?parent=8991"}],"wp:term":[{"taxonomy":"category","embeddable":true,"href":"https:\/\/www.heartfailurematters.org\/es\/wp-json\/wp\/v2\/categories?post=8991"},{"taxonomy":"post_tag","embeddable":true,"href":"https:\/\/www.heartfailurematters.org\/es\/wp-json\/wp\/v2\/tags?post=8991"}],"curies":[{"name":"wp","href":"https:\/\/api.w.org\/{rel}","templated":true}]}}