{"id":8827,"date":"2021-04-19T10:32:00","date_gmt":"2021-04-19T09:32:00","guid":{"rendered":"https:\/\/www.heartfailurematters.org\/lo-que-pueden-hacer-su-medico-o-enfermero\/suplementacion-de-hierro-en-la-insuficiencia-cardiaca\/"},"modified":"2026-01-16T14:32:47","modified_gmt":"2026-01-16T14:32:47","slug":"suplementacion-de-hierro-en-la-insuficiencia-cardiaca","status":"publish","type":"page","link":"https:\/\/www.heartfailurematters.org\/es\/lo-que-pueden-hacer-su-medico-o-enfermero\/suplementacion-de-hierro-en-la-insuficiencia-cardiaca\/","title":{"rendered":"Tratamiento con hierro en pacientes con insuficiencia card\u00edaca y falta de hierro."},"content":{"rendered":"<p>El <a href=\"https:\/\/www.heartfailurematters.org\/heart-failure-causes-and-other-common-medical-conditions\/iron-deficiency\/\" target=\"_blank\" rel=\"noopener\">d\u00e9ficit de hierro<\/a> es habitual en pacientes con insuficiencia card\u00edaca y fracci\u00f3n de eyecci\u00f3n reducida. Por lo tanto, se recomienda realizar pruebas de detecci\u00f3n de la falta de hierro en estos pacientes midiendo las concentraciones de ferritina y la saturaci\u00f3n de transferrina. Es importante destacar que se han definido umbrales espec\u00edficos de estos valores de laboratorio para establecer el diagn\u00f3stico. Una vez diagnosticado el d\u00e9ficit de hierro, se deben reponer las reservas de hierro. Cabe se\u00f1alar que los suplementos de hierro por v\u00eda oral suelen ser ineficaces debido a su escasa absorci\u00f3n. Por lo tanto, los suplementos de hierro por v\u00eda intravenosa son el enfoque terap\u00e9utico m\u00e1s adecuado, y se ha demostrado que son seguros y eficaces.<\/p>\n<p>La mayor parte de la evidencia est\u00e1 relacionada con el preparado de hierro intravenoso carboximaltosa f\u00e9rrica. Una alternativa m\u00e1s reciente es la derisomaltosa f\u00e9rrica. Por lo general, el hierro intravenoso se administra mediante una infusi\u00f3n de hierro disuelto en 100 ml de soluci\u00f3n salina, en dosis de 500 mg a 1000 mg. La duraci\u00f3n de la infusi\u00f3n es de aproximadamente 15 minutos. Se puede administrar de forma segura tanto en el hospital como en entornos ambulatorios. Se ha demostrado que los suplementos de hierro intravenoso reducen los s\u00edntomas de la insuficiencia card\u00edaca, mejoran la calidad de vida, aumentan la capacidad de esfuerzo y la fuerza muscular esquel\u00e9tica, y reducen el riesgo de hospitalizaciones recurrentes.<\/p>\n<p>La reposici\u00f3n de las concentraciones de hierro debe volver a comprobarse mediante un an\u00e1lisis de sangre aproximadamente 3 meses despu\u00e9s de la \u00faltima dosis administrada.<\/p>\n<h2>El hierro intravenoso que puede utilizarse en la insuficiencia card\u00edaca<\/h2>\n<ul>\n<li>Carboximaltosa f\u00e9rrica<\/li>\n<li>Derisomaltosa f\u00e9rrica<\/li>\n<\/ul>\n<p><a title=\"Volver a Medicamentos para la insuficiencia card\u00edaca.\" href=\"https:\/\/www.heartfailurematters.org\/what-your-doctor-can-do\/heart-failure-medicines\/\">Volver a Medicamentos para la insuficiencia card\u00edaca.<\/a><\/p>\n","protected":false},"excerpt":{"rendered":"<p>El d\u00e9ficit de hierro es habitual en pacientes con insuficiencia card\u00edaca y fracci\u00f3n de eyecci\u00f3n reducida. Por lo tanto, se recomienda realizar pruebas de detecci\u00f3n de la falta de hierro en estos pacientes midiendo las concentraciones de ferritina y la saturaci\u00f3n de transferrina. Es importante destacar que se han definido umbrales espec\u00edficos de estos valores [&hellip;]<\/p>\n","protected":false},"author":1,"featured_media":10782,"parent":2684,"menu_order":0,"comment_status":"closed","ping_status":"closed","template":"","meta":{"_acf_changed":false,"footnotes":""},"categories":[],"tags":[],"class_list":["post-8827","page","type-page","status-publish","has-post-thumbnail","hentry"],"acf":[],"yoast_head":"<!-- This site is optimized with the Yoast SEO plugin v24.8.1 - https:\/\/yoast.com\/wordpress\/plugins\/seo\/ -->\n<title>Suplementaci\u00f3n de hierro en la insuficiencia card\u00edaca.<\/title>\n<meta name=\"description\" content=\"En los pacientes con insuficiencia card\u00edaca y d\u00e9ficit de hierro, la administraci\u00f3n de suplementos de hierro por v\u00eda oral es ineficaz por su escasa absorci\u00f3n.\" \/>\n<meta name=\"robots\" content=\"index, follow, max-snippet:-1, max-image-preview:large, max-video-preview:-1\" \/>\n<link rel=\"canonical\" href=\"https:\/\/www.heartfailurematters.org\/es\/lo-que-pueden-hacer-su-medico-o-enfermero\/suplementacion-de-hierro-en-la-insuficiencia-cardiaca\/\" \/>\n<meta property=\"og:locale\" content=\"es_ES\" \/>\n<meta property=\"og:type\" content=\"article\" \/>\n<meta property=\"og:title\" content=\"Suplementaci\u00f3n de hierro en la insuficiencia card\u00edaca.\" \/>\n<meta property=\"og:description\" content=\"En los pacientes con insuficiencia card\u00edaca y d\u00e9ficit de hierro, la administraci\u00f3n de suplementos de hierro por v\u00eda oral es ineficaz por su escasa absorci\u00f3n.\" \/>\n<meta property=\"og:url\" content=\"https:\/\/www.heartfailurematters.org\/es\/lo-que-pueden-hacer-su-medico-o-enfermero\/suplementacion-de-hierro-en-la-insuficiencia-cardiaca\/\" \/>\n<meta property=\"og:site_name\" content=\"Heart Failure Matters\" \/>\n<meta property=\"article:publisher\" content=\"https:\/\/www.facebook.com\/heartfailurematters\" \/>\n<meta property=\"article:modified_time\" content=\"2026-01-16T14:32:47+00:00\" \/>\n<meta property=\"og:image\" content=\"https:\/\/www.heartfailurematters.org\/wp-content\/uploads\/2022\/03\/shutterstock_529109200-1-min.jpg\" \/>\n\t<meta property=\"og:image:width\" content=\"900\" \/>\n\t<meta property=\"og:image:height\" content=\"599\" \/>\n\t<meta property=\"og:image:type\" content=\"image\/jpeg\" \/>\n<meta name=\"twitter:card\" content=\"summary_large_image\" \/>\n<meta name=\"twitter:label1\" content=\"Tiempo de lectura\" \/>\n\t<meta name=\"twitter:data1\" content=\"2 minutos\" \/>\n<script type=\"application\/ld+json\" class=\"yoast-schema-graph\">{\"@context\":\"https:\/\/schema.org\",\"@graph\":[{\"@type\":\"WebPage\",\"@id\":\"https:\/\/www.heartfailurematters.org\/es\/lo-que-pueden-hacer-su-medico-o-enfermero\/suplementacion-de-hierro-en-la-insuficiencia-cardiaca\/\",\"url\":\"https:\/\/www.heartfailurematters.org\/es\/lo-que-pueden-hacer-su-medico-o-enfermero\/suplementacion-de-hierro-en-la-insuficiencia-cardiaca\/\",\"name\":\"Suplementaci\u00f3n de hierro en la insuficiencia card\u00edaca.\",\"isPartOf\":{\"@id\":\"https:\/\/www.heartfailurematters.org\/es\/#website\"},\"primaryImageOfPage\":{\"@id\":\"https:\/\/www.heartfailurematters.org\/es\/lo-que-pueden-hacer-su-medico-o-enfermero\/suplementacion-de-hierro-en-la-insuficiencia-cardiaca\/#primaryimage\"},\"image\":{\"@id\":\"https:\/\/www.heartfailurematters.org\/es\/lo-que-pueden-hacer-su-medico-o-enfermero\/suplementacion-de-hierro-en-la-insuficiencia-cardiaca\/#primaryimage\"},\"thumbnailUrl\":\"https:\/\/www.heartfailurematters.org\/wp-content\/uploads\/2022\/03\/shutterstock_529109200-1-min.jpg\",\"datePublished\":\"2021-04-19T09:32:00+00:00\",\"dateModified\":\"2026-01-16T14:32:47+00:00\",\"description\":\"En los pacientes con insuficiencia card\u00edaca y d\u00e9ficit de hierro, la administraci\u00f3n de suplementos de hierro por v\u00eda oral es ineficaz por su escasa absorci\u00f3n.\",\"breadcrumb\":{\"@id\":\"https:\/\/www.heartfailurematters.org\/es\/lo-que-pueden-hacer-su-medico-o-enfermero\/suplementacion-de-hierro-en-la-insuficiencia-cardiaca\/#breadcrumb\"},\"inLanguage\":\"es\",\"potentialAction\":[{\"@type\":\"ReadAction\",\"target\":[\"https:\/\/www.heartfailurematters.org\/es\/lo-que-pueden-hacer-su-medico-o-enfermero\/suplementacion-de-hierro-en-la-insuficiencia-cardiaca\/\"]}]},{\"@type\":\"ImageObject\",\"inLanguage\":\"es\",\"@id\":\"https:\/\/www.heartfailurematters.org\/es\/lo-que-pueden-hacer-su-medico-o-enfermero\/suplementacion-de-hierro-en-la-insuficiencia-cardiaca\/#primaryimage\",\"url\":\"https:\/\/www.heartfailurematters.org\/wp-content\/uploads\/2022\/03\/shutterstock_529109200-1-min.jpg\",\"contentUrl\":\"https:\/\/www.heartfailurematters.org\/wp-content\/uploads\/2022\/03\/shutterstock_529109200-1-min.jpg\",\"width\":900,\"height\":599},{\"@type\":\"BreadcrumbList\",\"@id\":\"https:\/\/www.heartfailurematters.org\/es\/lo-que-pueden-hacer-su-medico-o-enfermero\/suplementacion-de-hierro-en-la-insuficiencia-cardiaca\/#breadcrumb\",\"itemListElement\":[{\"@type\":\"ListItem\",\"position\":1,\"name\":\"Inicio\",\"item\":\"https:\/\/www.heartfailurematters.org\/es\/\"},{\"@type\":\"ListItem\",\"position\":2,\"name\":\"\u00bfQu\u00e9 puede hacer su m\u00e9dico?\",\"item\":\"https:\/\/www.heartfailurematters.org\/es\/lo-que-pueden-hacer-su-medico-o-enfermero\/\"},{\"@type\":\"ListItem\",\"position\":3,\"name\":\"Tratamiento con hierro en pacientes con insuficiencia card\u00edaca y falta de hierro.\"}]},{\"@type\":\"WebSite\",\"@id\":\"https:\/\/www.heartfailurematters.org\/es\/#website\",\"url\":\"https:\/\/www.heartfailurematters.org\/es\/\",\"name\":\"Heart Failure Matters\",\"description\":\"Practical information for patients, families and caregivers.\",\"publisher\":{\"@id\":\"https:\/\/www.heartfailurematters.org\/es\/#organization\"},\"potentialAction\":[{\"@type\":\"SearchAction\",\"target\":{\"@type\":\"EntryPoint\",\"urlTemplate\":\"https:\/\/www.heartfailurematters.org\/es\/?s={search_term_string}\"},\"query-input\":{\"@type\":\"PropertyValueSpecification\",\"valueRequired\":true,\"valueName\":\"search_term_string\"}}],\"inLanguage\":\"es\"},{\"@type\":\"Organization\",\"@id\":\"https:\/\/www.heartfailurematters.org\/es\/#organization\",\"name\":\"Heart Failure Matters\",\"url\":\"https:\/\/www.heartfailurematters.org\/es\/\",\"logo\":{\"@type\":\"ImageObject\",\"inLanguage\":\"es\",\"@id\":\"https:\/\/www.heartfailurematters.org\/es\/#\/schema\/logo\/image\/\",\"url\":\"https:\/\/cdn-endpoint-hfm.azureedge.net\/heartfailurematters\/2024\/07\/hfm-logo1.jpg\",\"contentUrl\":\"https:\/\/cdn-endpoint-hfm.azureedge.net\/heartfailurematters\/2024\/07\/hfm-logo1.jpg\",\"width\":1280,\"height\":720,\"caption\":\"Heart Failure Matters\"},\"image\":{\"@id\":\"https:\/\/www.heartfailurematters.org\/es\/#\/schema\/logo\/image\/\"},\"sameAs\":[\"https:\/\/www.facebook.com\/heartfailurematters\"]}]}<\/script>\n<!-- \/ Yoast SEO plugin. -->","yoast_head_json":{"title":"Suplementaci\u00f3n de hierro en la insuficiencia card\u00edaca.","description":"En los pacientes con insuficiencia card\u00edaca y d\u00e9ficit de hierro, la administraci\u00f3n de suplementos de hierro por v\u00eda oral es ineficaz por su escasa absorci\u00f3n.","robots":{"index":"index","follow":"follow","max-snippet":"max-snippet:-1","max-image-preview":"max-image-preview:large","max-video-preview":"max-video-preview:-1"},"canonical":"https:\/\/www.heartfailurematters.org\/es\/lo-que-pueden-hacer-su-medico-o-enfermero\/suplementacion-de-hierro-en-la-insuficiencia-cardiaca\/","og_locale":"es_ES","og_type":"article","og_title":"Suplementaci\u00f3n de hierro en la insuficiencia card\u00edaca.","og_description":"En los pacientes con insuficiencia card\u00edaca y d\u00e9ficit de hierro, la administraci\u00f3n de suplementos de hierro por v\u00eda oral es ineficaz por su escasa absorci\u00f3n.","og_url":"https:\/\/www.heartfailurematters.org\/es\/lo-que-pueden-hacer-su-medico-o-enfermero\/suplementacion-de-hierro-en-la-insuficiencia-cardiaca\/","og_site_name":"Heart Failure Matters","article_publisher":"https:\/\/www.facebook.com\/heartfailurematters","article_modified_time":"2026-01-16T14:32:47+00:00","og_image":[{"width":900,"height":599,"url":"https:\/\/www.heartfailurematters.org\/wp-content\/uploads\/2022\/03\/shutterstock_529109200-1-min.jpg","type":"image\/jpeg"}],"twitter_card":"summary_large_image","twitter_misc":{"Tiempo de lectura":"2 minutos"},"schema":{"@context":"https:\/\/schema.org","@graph":[{"@type":"WebPage","@id":"https:\/\/www.heartfailurematters.org\/es\/lo-que-pueden-hacer-su-medico-o-enfermero\/suplementacion-de-hierro-en-la-insuficiencia-cardiaca\/","url":"https:\/\/www.heartfailurematters.org\/es\/lo-que-pueden-hacer-su-medico-o-enfermero\/suplementacion-de-hierro-en-la-insuficiencia-cardiaca\/","name":"Suplementaci\u00f3n de hierro en la insuficiencia card\u00edaca.","isPartOf":{"@id":"https:\/\/www.heartfailurematters.org\/es\/#website"},"primaryImageOfPage":{"@id":"https:\/\/www.heartfailurematters.org\/es\/lo-que-pueden-hacer-su-medico-o-enfermero\/suplementacion-de-hierro-en-la-insuficiencia-cardiaca\/#primaryimage"},"image":{"@id":"https:\/\/www.heartfailurematters.org\/es\/lo-que-pueden-hacer-su-medico-o-enfermero\/suplementacion-de-hierro-en-la-insuficiencia-cardiaca\/#primaryimage"},"thumbnailUrl":"https:\/\/www.heartfailurematters.org\/wp-content\/uploads\/2022\/03\/shutterstock_529109200-1-min.jpg","datePublished":"2021-04-19T09:32:00+00:00","dateModified":"2026-01-16T14:32:47+00:00","description":"En los pacientes con insuficiencia card\u00edaca y d\u00e9ficit de hierro, la administraci\u00f3n de suplementos de hierro por v\u00eda oral es ineficaz por su escasa absorci\u00f3n.","breadcrumb":{"@id":"https:\/\/www.heartfailurematters.org\/es\/lo-que-pueden-hacer-su-medico-o-enfermero\/suplementacion-de-hierro-en-la-insuficiencia-cardiaca\/#breadcrumb"},"inLanguage":"es","potentialAction":[{"@type":"ReadAction","target":["https:\/\/www.heartfailurematters.org\/es\/lo-que-pueden-hacer-su-medico-o-enfermero\/suplementacion-de-hierro-en-la-insuficiencia-cardiaca\/"]}]},{"@type":"ImageObject","inLanguage":"es","@id":"https:\/\/www.heartfailurematters.org\/es\/lo-que-pueden-hacer-su-medico-o-enfermero\/suplementacion-de-hierro-en-la-insuficiencia-cardiaca\/#primaryimage","url":"https:\/\/www.heartfailurematters.org\/wp-content\/uploads\/2022\/03\/shutterstock_529109200-1-min.jpg","contentUrl":"https:\/\/www.heartfailurematters.org\/wp-content\/uploads\/2022\/03\/shutterstock_529109200-1-min.jpg","width":900,"height":599},{"@type":"BreadcrumbList","@id":"https:\/\/www.heartfailurematters.org\/es\/lo-que-pueden-hacer-su-medico-o-enfermero\/suplementacion-de-hierro-en-la-insuficiencia-cardiaca\/#breadcrumb","itemListElement":[{"@type":"ListItem","position":1,"name":"Inicio","item":"https:\/\/www.heartfailurematters.org\/es\/"},{"@type":"ListItem","position":2,"name":"\u00bfQu\u00e9 puede hacer su m\u00e9dico?","item":"https:\/\/www.heartfailurematters.org\/es\/lo-que-pueden-hacer-su-medico-o-enfermero\/"},{"@type":"ListItem","position":3,"name":"Tratamiento con hierro en pacientes con insuficiencia card\u00edaca y falta de hierro."}]},{"@type":"WebSite","@id":"https:\/\/www.heartfailurematters.org\/es\/#website","url":"https:\/\/www.heartfailurematters.org\/es\/","name":"Heart Failure Matters","description":"Practical information for patients, families and caregivers.","publisher":{"@id":"https:\/\/www.heartfailurematters.org\/es\/#organization"},"potentialAction":[{"@type":"SearchAction","target":{"@type":"EntryPoint","urlTemplate":"https:\/\/www.heartfailurematters.org\/es\/?s={search_term_string}"},"query-input":{"@type":"PropertyValueSpecification","valueRequired":true,"valueName":"search_term_string"}}],"inLanguage":"es"},{"@type":"Organization","@id":"https:\/\/www.heartfailurematters.org\/es\/#organization","name":"Heart Failure Matters","url":"https:\/\/www.heartfailurematters.org\/es\/","logo":{"@type":"ImageObject","inLanguage":"es","@id":"https:\/\/www.heartfailurematters.org\/es\/#\/schema\/logo\/image\/","url":"https:\/\/cdn-endpoint-hfm.azureedge.net\/heartfailurematters\/2024\/07\/hfm-logo1.jpg","contentUrl":"https:\/\/cdn-endpoint-hfm.azureedge.net\/heartfailurematters\/2024\/07\/hfm-logo1.jpg","width":1280,"height":720,"caption":"Heart Failure Matters"},"image":{"@id":"https:\/\/www.heartfailurematters.org\/es\/#\/schema\/logo\/image\/"},"sameAs":["https:\/\/www.facebook.com\/heartfailurematters"]}]}},"_links":{"self":[{"href":"https:\/\/www.heartfailurematters.org\/es\/wp-json\/wp\/v2\/pages\/8827","targetHints":{"allow":["GET"]}}],"collection":[{"href":"https:\/\/www.heartfailurematters.org\/es\/wp-json\/wp\/v2\/pages"}],"about":[{"href":"https:\/\/www.heartfailurematters.org\/es\/wp-json\/wp\/v2\/types\/page"}],"author":[{"embeddable":true,"href":"https:\/\/www.heartfailurematters.org\/es\/wp-json\/wp\/v2\/users\/1"}],"replies":[{"embeddable":true,"href":"https:\/\/www.heartfailurematters.org\/es\/wp-json\/wp\/v2\/comments?post=8827"}],"version-history":[{"count":3,"href":"https:\/\/www.heartfailurematters.org\/es\/wp-json\/wp\/v2\/pages\/8827\/revisions"}],"predecessor-version":[{"id":13834,"href":"https:\/\/www.heartfailurematters.org\/es\/wp-json\/wp\/v2\/pages\/8827\/revisions\/13834"}],"up":[{"embeddable":true,"href":"https:\/\/www.heartfailurematters.org\/es\/wp-json\/wp\/v2\/pages\/2684"}],"wp:featuredmedia":[{"embeddable":true,"href":"https:\/\/www.heartfailurematters.org\/es\/wp-json\/wp\/v2\/media\/10782"}],"wp:attachment":[{"href":"https:\/\/www.heartfailurematters.org\/es\/wp-json\/wp\/v2\/media?parent=8827"}],"wp:term":[{"taxonomy":"category","embeddable":true,"href":"https:\/\/www.heartfailurematters.org\/es\/wp-json\/wp\/v2\/categories?post=8827"},{"taxonomy":"post_tag","embeddable":true,"href":"https:\/\/www.heartfailurematters.org\/es\/wp-json\/wp\/v2\/tags?post=8827"}],"curies":[{"name":"wp","href":"https:\/\/api.w.org\/{rel}","templated":true}]}}