{"id":8819,"date":"2021-04-19T10:31:56","date_gmt":"2021-04-19T09:31:56","guid":{"rendered":"https:\/\/www.heartfailurematters.org\/causas-de-la-insuficiencia-cardiaca-y-otras-afecciones-medicas-frecuentes\/deficiencia-de-hierro\/"},"modified":"2026-01-16T14:32:43","modified_gmt":"2026-01-16T14:32:43","slug":"deficiencia-de-hierro","status":"publish","type":"page","link":"https:\/\/www.heartfailurematters.org\/es\/causas-de-la-insuficiencia-cardiaca-y-otras-afecciones-medicas-frecuentes\/deficiencia-de-hierro\/","title":{"rendered":"D\u00e9ficit de hierro"},"content":{"rendered":"<p>El d\u00e9ficit de hierro es la carencia nutricional m\u00e1s extendida en todo el mundo. Es muy frecuente en pacientes con insuficiencia card\u00edaca, independientemente de la causa. Tambi\u00e9n se encuentra con frecuencia en pacientes sin anemia. El d\u00e9ficit de hierro es particularmente frecuente en pacientes de avanzada edad con insuficiencia card\u00edaca y fr\u00e1giles, que a menudo tienen otras afecciones m\u00e9dicas graves, como insuficiencia renal cr\u00f3nica, diabetes o neumopat\u00eda cr\u00f3nica.<\/p>\n<p>Para la mayor\u00eda de las personas, el hierro es un nutriente imprescindible para la formaci\u00f3n adecuada de gl\u00f3bulos rojos (eritropoyesis). El hierro es una parte esencial de la mol\u00e9cula de la hemoglobina que transporta el ox\u00edgeno en la sangre. Por lo tanto, tradicionalmente, el d\u00e9ficit de hierro se ha relacionado con la anemia, que es una concentraci\u00f3n baja de hemoglobina. La anemia puede tener muchas causas, pero con mucha frecuencia se debe a una reducci\u00f3n de la producci\u00f3n de gl\u00f3bulos rojos por la m\u00e9dula \u00f3sea o a la p\u00e9rdida cr\u00f3nica de sangre, generalmente del intestino. Con el tiempo, el d\u00e9ficit de hierro cr\u00f3nico tambi\u00e9n puede producir una anemia ferrop\u00e9nica. En realidad, en pacientes con insuficiencia card\u00edaca, el d\u00e9ficit de hierro solo es aproximadamente 3 veces m\u00e1s frecuente que la anemia.<\/p>\n<p>Es importante detectar el d\u00e9ficit de hierro con un an\u00e1lisis de sangre de rutina. Se recomienda administrar tratamiento independientemente de la presencia o ausencia de anemia. Por s\u00ed mismo, el d\u00e9ficit de hierro tiene numerosas desventajas cl\u00ednicas en los pacientes con insuficiencia card\u00edaca. El hierro no es solo un elemento de la hemoglobina, sino que est\u00e1 presente en todas las c\u00e9lulas del organismo ya que forma parte de las mitocondrias, que son las estructuras celulares responsables de la generaci\u00f3n de energ\u00eda. Por lo tanto, no es de extra\u00f1ar que el hierro sea particularmente necesario para los tejidos con una alta demanda de energ\u00eda, como el coraz\u00f3n y los m\u00fasculos. Los s\u00edntomas y consecuencias del d\u00e9ficit de hierro en pacientes con insuficiencia card\u00edaca est\u00e1n relacionados con un funcionamiento anormal de los m\u00fasculos y del propio coraz\u00f3n.<\/p>\n<p>El origen exacto del d\u00e9ficit de hierro en pacientes con insuficiencia card\u00edaca no es bien conocido. En general, se asocia con una ingesta insuficiente de hierro en la dieta, mayores p\u00e9rdidas de hierro y una distribuci\u00f3n anormal del hierro a compartimentos del organismo donde no est\u00e1 disponible para su uso en el metabolismo corporal (procesos celulares). El d\u00e9ficit de hierro tambi\u00e9n puede deberse a una absorci\u00f3n deficiente del hierro en el intestino, o al uso de determinados f\u00e1rmacos que reducen la acidez g\u00e1strica, como los f\u00e1rmacos que se usan habitualmente para la indigesti\u00f3n y el reflujo. Determinados alimentos que contienen \u201cfitatos\u201d como cereales, granos y legumbres pueden reducir la absorci\u00f3n de hierro. La p\u00e9rdida de hierro puede ser debida a la p\u00e9rdida de sangre menstrual o a algunos trastornos gastrointestinales frecuentes, por ejemplo, la \u00falcera p\u00e9ptica o la colitis.<\/p>\n<p>En los pacientes con insuficiencia card\u00edaca, el d\u00e9ficit de hierro puede provocar un empeoramiento de los s\u00edntomas habituales, como dificultad para respirar, cansancio o deterioro de la capacidad de esfuerzo, y mala calidad de vida. El d\u00e9ficit de hierro tambi\u00e9n aumenta el riesgo de hospitalizaci\u00f3n por insuficiencia card\u00edaca y puede provocar adem\u00e1s otras complicaciones graves.<\/p>\n<p>Debido a los posibles efectos perjudiciales del d\u00e9ficit de hierro en los pacientes con insuficiencia card\u00edaca, se recomienda llevar a cabo ex\u00e1menes rutinarios a estos pacientes para detectar la falta de hierro. Los an\u00e1lisis de sangre que se utilizan son la ferritina s\u00e9rica (concentraci\u00f3n de hierro en la sangre) y la saturaci\u00f3n de transferrina (TSAT), que mide la saturaci\u00f3n de la prote\u00edna que transporta el hierro en la sangre. Estas pruebas detectar\u00e1n el d\u00e9ficit de hierro que requiere tratamiento, independientemente de la concentraci\u00f3n de hemoglobina. Se recomienda utilizar la siguiente definici\u00f3n de d\u00e9ficit de hierro para los pacientes con insuficiencia card\u00edaca: ferritina s\u00e9rica &lt;100 \u03bcg\/l, o ferritina s\u00e9rica entre 100 y 299 \u03bcg\/l y TSAT &lt;20&nbsp;%. Ambas pruebas son necesarias, ya que ni la ferritina s\u00e9rica ni la TSAT por s\u00ed solas son par\u00e1metros fiables para la evaluaci\u00f3n del d\u00e9ficit de hierro en pacientes con insuficiencia card\u00edaca. <a href=\"https:\/\/www.heartfailurematters.org\/what-your-doctor-can-do\/iron-therapy-in-patients-with-heart-failure-and-iron-deficiency\/\">Los pacientes deben hablar con su m\u00e9dico o enfermero sobre el estado del hierro.<\/a><\/p>\n<p><a href=\"https:\/\/www.heartfailurematters.org\/heart-failure-causes-and-other-common-medical-conditions\/other-common-medical-conditions-and-heart-failure\/\">Volver a Otras enfermedades frecuentes e insuficiencia card\u00edaca<\/a><\/p>\n","protected":false},"excerpt":{"rendered":"<p>El d\u00e9ficit de hierro es la carencia nutricional m\u00e1s extendida en todo el mundo. Es muy frecuente en pacientes con insuficiencia card\u00edaca, independientemente de la causa. Tambi\u00e9n se encuentra con frecuencia en pacientes sin anemia. El d\u00e9ficit de hierro es particularmente frecuente en pacientes de avanzada edad con insuficiencia card\u00edaca y fr\u00e1giles, que a menudo [&hellip;]<\/p>\n","protected":false},"author":1,"featured_media":10631,"parent":8046,"menu_order":14,"comment_status":"closed","ping_status":"closed","template":"","meta":{"_acf_changed":false,"footnotes":""},"categories":[],"tags":[],"class_list":["post-8819","page","type-page","status-publish","has-post-thumbnail","hentry"],"acf":[],"yoast_head":"<!-- This site is optimized with the Yoast SEO plugin v24.8.1 - https:\/\/yoast.com\/wordpress\/plugins\/seo\/ -->\n<title>D\u00e9ficit de hierro - Heart Failure Matters<\/title>\n<meta name=\"description\" content=\"La falta de hierro en pacientes con insuficiencia card\u00edaca puede provocar un empeoramiento de los s\u00edntomas t\u00edpicos, como dificultad para respirar, fatiga y mala calidad de vida.\" \/>\n<meta name=\"robots\" content=\"index, follow, max-snippet:-1, max-image-preview:large, max-video-preview:-1\" \/>\n<link rel=\"canonical\" href=\"https:\/\/www.heartfailurematters.org\/es\/causas-de-la-insuficiencia-cardiaca-y-otras-afecciones-medicas-frecuentes\/deficiencia-de-hierro\/\" \/>\n<meta property=\"og:locale\" content=\"es_ES\" \/>\n<meta property=\"og:type\" content=\"article\" \/>\n<meta property=\"og:title\" content=\"D\u00e9ficit de hierro - Heart Failure Matters\" \/>\n<meta property=\"og:description\" content=\"La falta de hierro en pacientes con insuficiencia card\u00edaca puede provocar un empeoramiento de los s\u00edntomas t\u00edpicos, como dificultad para respirar, fatiga y mala calidad de vida.\" \/>\n<meta property=\"og:url\" content=\"https:\/\/www.heartfailurematters.org\/es\/causas-de-la-insuficiencia-cardiaca-y-otras-afecciones-medicas-frecuentes\/deficiencia-de-hierro\/\" \/>\n<meta property=\"og:site_name\" content=\"Heart Failure Matters\" \/>\n<meta property=\"article:publisher\" content=\"https:\/\/www.facebook.com\/heartfailurematters\" \/>\n<meta property=\"article:modified_time\" content=\"2026-01-16T14:32:43+00:00\" \/>\n<meta property=\"og:image\" content=\"https:\/\/www.heartfailurematters.org\/wp-content\/uploads\/2022\/02\/shutterstock_1114244621-1-min.jpg\" \/>\n\t<meta property=\"og:image:width\" content=\"900\" \/>\n\t<meta property=\"og:image:height\" content=\"596\" \/>\n\t<meta property=\"og:image:type\" content=\"image\/jpeg\" \/>\n<meta name=\"twitter:card\" content=\"summary_large_image\" \/>\n<meta name=\"twitter:label1\" content=\"Tiempo de lectura\" \/>\n\t<meta name=\"twitter:data1\" content=\"4 minutos\" \/>\n<script type=\"application\/ld+json\" class=\"yoast-schema-graph\">{\"@context\":\"https:\/\/schema.org\",\"@graph\":[{\"@type\":\"WebPage\",\"@id\":\"https:\/\/www.heartfailurematters.org\/es\/causas-de-la-insuficiencia-cardiaca-y-otras-afecciones-medicas-frecuentes\/deficiencia-de-hierro\/\",\"url\":\"https:\/\/www.heartfailurematters.org\/es\/causas-de-la-insuficiencia-cardiaca-y-otras-afecciones-medicas-frecuentes\/deficiencia-de-hierro\/\",\"name\":\"D\u00e9ficit de hierro - Heart Failure Matters\",\"isPartOf\":{\"@id\":\"https:\/\/www.heartfailurematters.org\/es\/#website\"},\"primaryImageOfPage\":{\"@id\":\"https:\/\/www.heartfailurematters.org\/es\/causas-de-la-insuficiencia-cardiaca-y-otras-afecciones-medicas-frecuentes\/deficiencia-de-hierro\/#primaryimage\"},\"image\":{\"@id\":\"https:\/\/www.heartfailurematters.org\/es\/causas-de-la-insuficiencia-cardiaca-y-otras-afecciones-medicas-frecuentes\/deficiencia-de-hierro\/#primaryimage\"},\"thumbnailUrl\":\"https:\/\/www.heartfailurematters.org\/wp-content\/uploads\/2022\/02\/shutterstock_1114244621-1-min.jpg\",\"datePublished\":\"2021-04-19T09:31:56+00:00\",\"dateModified\":\"2026-01-16T14:32:43+00:00\",\"description\":\"La falta de hierro en pacientes con insuficiencia card\u00edaca puede provocar un empeoramiento de los s\u00edntomas t\u00edpicos, como dificultad para respirar, fatiga y mala calidad de vida.\",\"breadcrumb\":{\"@id\":\"https:\/\/www.heartfailurematters.org\/es\/causas-de-la-insuficiencia-cardiaca-y-otras-afecciones-medicas-frecuentes\/deficiencia-de-hierro\/#breadcrumb\"},\"inLanguage\":\"es\",\"potentialAction\":[{\"@type\":\"ReadAction\",\"target\":[\"https:\/\/www.heartfailurematters.org\/es\/causas-de-la-insuficiencia-cardiaca-y-otras-afecciones-medicas-frecuentes\/deficiencia-de-hierro\/\"]}]},{\"@type\":\"ImageObject\",\"inLanguage\":\"es\",\"@id\":\"https:\/\/www.heartfailurematters.org\/es\/causas-de-la-insuficiencia-cardiaca-y-otras-afecciones-medicas-frecuentes\/deficiencia-de-hierro\/#primaryimage\",\"url\":\"https:\/\/www.heartfailurematters.org\/wp-content\/uploads\/2022\/02\/shutterstock_1114244621-1-min.jpg\",\"contentUrl\":\"https:\/\/www.heartfailurematters.org\/wp-content\/uploads\/2022\/02\/shutterstock_1114244621-1-min.jpg\",\"width\":900,\"height\":596},{\"@type\":\"BreadcrumbList\",\"@id\":\"https:\/\/www.heartfailurematters.org\/es\/causas-de-la-insuficiencia-cardiaca-y-otras-afecciones-medicas-frecuentes\/deficiencia-de-hierro\/#breadcrumb\",\"itemListElement\":[{\"@type\":\"ListItem\",\"position\":1,\"name\":\"Inicio\",\"item\":\"https:\/\/www.heartfailurematters.org\/es\/\"},{\"@type\":\"ListItem\",\"position\":2,\"name\":\"Causas de la insuficiencia card\u00edaca y otras afecciones m\u00e9dicas frecuentes\",\"item\":\"https:\/\/www.heartfailurematters.org\/es\/causas-de-la-insuficiencia-cardiaca-y-otras-afecciones-medicas-frecuentes\/\"},{\"@type\":\"ListItem\",\"position\":3,\"name\":\"D\u00e9ficit de hierro\"}]},{\"@type\":\"WebSite\",\"@id\":\"https:\/\/www.heartfailurematters.org\/es\/#website\",\"url\":\"https:\/\/www.heartfailurematters.org\/es\/\",\"name\":\"Heart Failure Matters\",\"description\":\"Practical information for patients, families and caregivers.\",\"publisher\":{\"@id\":\"https:\/\/www.heartfailurematters.org\/es\/#organization\"},\"potentialAction\":[{\"@type\":\"SearchAction\",\"target\":{\"@type\":\"EntryPoint\",\"urlTemplate\":\"https:\/\/www.heartfailurematters.org\/es\/?s={search_term_string}\"},\"query-input\":{\"@type\":\"PropertyValueSpecification\",\"valueRequired\":true,\"valueName\":\"search_term_string\"}}],\"inLanguage\":\"es\"},{\"@type\":\"Organization\",\"@id\":\"https:\/\/www.heartfailurematters.org\/es\/#organization\",\"name\":\"Heart Failure Matters\",\"url\":\"https:\/\/www.heartfailurematters.org\/es\/\",\"logo\":{\"@type\":\"ImageObject\",\"inLanguage\":\"es\",\"@id\":\"https:\/\/www.heartfailurematters.org\/es\/#\/schema\/logo\/image\/\",\"url\":\"https:\/\/cdn-endpoint-hfm.azureedge.net\/heartfailurematters\/2024\/07\/hfm-logo1.jpg\",\"contentUrl\":\"https:\/\/cdn-endpoint-hfm.azureedge.net\/heartfailurematters\/2024\/07\/hfm-logo1.jpg\",\"width\":1280,\"height\":720,\"caption\":\"Heart Failure Matters\"},\"image\":{\"@id\":\"https:\/\/www.heartfailurematters.org\/es\/#\/schema\/logo\/image\/\"},\"sameAs\":[\"https:\/\/www.facebook.com\/heartfailurematters\"]}]}<\/script>\n<!-- \/ Yoast SEO plugin. -->","yoast_head_json":{"title":"D\u00e9ficit de hierro - Heart Failure Matters","description":"La falta de hierro en pacientes con insuficiencia card\u00edaca puede provocar un empeoramiento de los s\u00edntomas t\u00edpicos, como dificultad para respirar, fatiga y mala calidad de vida.","robots":{"index":"index","follow":"follow","max-snippet":"max-snippet:-1","max-image-preview":"max-image-preview:large","max-video-preview":"max-video-preview:-1"},"canonical":"https:\/\/www.heartfailurematters.org\/es\/causas-de-la-insuficiencia-cardiaca-y-otras-afecciones-medicas-frecuentes\/deficiencia-de-hierro\/","og_locale":"es_ES","og_type":"article","og_title":"D\u00e9ficit de hierro - Heart Failure Matters","og_description":"La falta de hierro en pacientes con insuficiencia card\u00edaca puede provocar un empeoramiento de los s\u00edntomas t\u00edpicos, como dificultad para respirar, fatiga y mala calidad de vida.","og_url":"https:\/\/www.heartfailurematters.org\/es\/causas-de-la-insuficiencia-cardiaca-y-otras-afecciones-medicas-frecuentes\/deficiencia-de-hierro\/","og_site_name":"Heart Failure Matters","article_publisher":"https:\/\/www.facebook.com\/heartfailurematters","article_modified_time":"2026-01-16T14:32:43+00:00","og_image":[{"width":900,"height":596,"url":"https:\/\/www.heartfailurematters.org\/wp-content\/uploads\/2022\/02\/shutterstock_1114244621-1-min.jpg","type":"image\/jpeg"}],"twitter_card":"summary_large_image","twitter_misc":{"Tiempo de lectura":"4 minutos"},"schema":{"@context":"https:\/\/schema.org","@graph":[{"@type":"WebPage","@id":"https:\/\/www.heartfailurematters.org\/es\/causas-de-la-insuficiencia-cardiaca-y-otras-afecciones-medicas-frecuentes\/deficiencia-de-hierro\/","url":"https:\/\/www.heartfailurematters.org\/es\/causas-de-la-insuficiencia-cardiaca-y-otras-afecciones-medicas-frecuentes\/deficiencia-de-hierro\/","name":"D\u00e9ficit de hierro - Heart Failure Matters","isPartOf":{"@id":"https:\/\/www.heartfailurematters.org\/es\/#website"},"primaryImageOfPage":{"@id":"https:\/\/www.heartfailurematters.org\/es\/causas-de-la-insuficiencia-cardiaca-y-otras-afecciones-medicas-frecuentes\/deficiencia-de-hierro\/#primaryimage"},"image":{"@id":"https:\/\/www.heartfailurematters.org\/es\/causas-de-la-insuficiencia-cardiaca-y-otras-afecciones-medicas-frecuentes\/deficiencia-de-hierro\/#primaryimage"},"thumbnailUrl":"https:\/\/www.heartfailurematters.org\/wp-content\/uploads\/2022\/02\/shutterstock_1114244621-1-min.jpg","datePublished":"2021-04-19T09:31:56+00:00","dateModified":"2026-01-16T14:32:43+00:00","description":"La falta de hierro en pacientes con insuficiencia card\u00edaca puede provocar un empeoramiento de los s\u00edntomas t\u00edpicos, como dificultad para respirar, fatiga y mala calidad de vida.","breadcrumb":{"@id":"https:\/\/www.heartfailurematters.org\/es\/causas-de-la-insuficiencia-cardiaca-y-otras-afecciones-medicas-frecuentes\/deficiencia-de-hierro\/#breadcrumb"},"inLanguage":"es","potentialAction":[{"@type":"ReadAction","target":["https:\/\/www.heartfailurematters.org\/es\/causas-de-la-insuficiencia-cardiaca-y-otras-afecciones-medicas-frecuentes\/deficiencia-de-hierro\/"]}]},{"@type":"ImageObject","inLanguage":"es","@id":"https:\/\/www.heartfailurematters.org\/es\/causas-de-la-insuficiencia-cardiaca-y-otras-afecciones-medicas-frecuentes\/deficiencia-de-hierro\/#primaryimage","url":"https:\/\/www.heartfailurematters.org\/wp-content\/uploads\/2022\/02\/shutterstock_1114244621-1-min.jpg","contentUrl":"https:\/\/www.heartfailurematters.org\/wp-content\/uploads\/2022\/02\/shutterstock_1114244621-1-min.jpg","width":900,"height":596},{"@type":"BreadcrumbList","@id":"https:\/\/www.heartfailurematters.org\/es\/causas-de-la-insuficiencia-cardiaca-y-otras-afecciones-medicas-frecuentes\/deficiencia-de-hierro\/#breadcrumb","itemListElement":[{"@type":"ListItem","position":1,"name":"Inicio","item":"https:\/\/www.heartfailurematters.org\/es\/"},{"@type":"ListItem","position":2,"name":"Causas de la insuficiencia card\u00edaca y otras afecciones m\u00e9dicas frecuentes","item":"https:\/\/www.heartfailurematters.org\/es\/causas-de-la-insuficiencia-cardiaca-y-otras-afecciones-medicas-frecuentes\/"},{"@type":"ListItem","position":3,"name":"D\u00e9ficit de hierro"}]},{"@type":"WebSite","@id":"https:\/\/www.heartfailurematters.org\/es\/#website","url":"https:\/\/www.heartfailurematters.org\/es\/","name":"Heart Failure Matters","description":"Practical information for patients, families and caregivers.","publisher":{"@id":"https:\/\/www.heartfailurematters.org\/es\/#organization"},"potentialAction":[{"@type":"SearchAction","target":{"@type":"EntryPoint","urlTemplate":"https:\/\/www.heartfailurematters.org\/es\/?s={search_term_string}"},"query-input":{"@type":"PropertyValueSpecification","valueRequired":true,"valueName":"search_term_string"}}],"inLanguage":"es"},{"@type":"Organization","@id":"https:\/\/www.heartfailurematters.org\/es\/#organization","name":"Heart Failure Matters","url":"https:\/\/www.heartfailurematters.org\/es\/","logo":{"@type":"ImageObject","inLanguage":"es","@id":"https:\/\/www.heartfailurematters.org\/es\/#\/schema\/logo\/image\/","url":"https:\/\/cdn-endpoint-hfm.azureedge.net\/heartfailurematters\/2024\/07\/hfm-logo1.jpg","contentUrl":"https:\/\/cdn-endpoint-hfm.azureedge.net\/heartfailurematters\/2024\/07\/hfm-logo1.jpg","width":1280,"height":720,"caption":"Heart Failure Matters"},"image":{"@id":"https:\/\/www.heartfailurematters.org\/es\/#\/schema\/logo\/image\/"},"sameAs":["https:\/\/www.facebook.com\/heartfailurematters"]}]}},"_links":{"self":[{"href":"https:\/\/www.heartfailurematters.org\/es\/wp-json\/wp\/v2\/pages\/8819","targetHints":{"allow":["GET"]}}],"collection":[{"href":"https:\/\/www.heartfailurematters.org\/es\/wp-json\/wp\/v2\/pages"}],"about":[{"href":"https:\/\/www.heartfailurematters.org\/es\/wp-json\/wp\/v2\/types\/page"}],"author":[{"embeddable":true,"href":"https:\/\/www.heartfailurematters.org\/es\/wp-json\/wp\/v2\/users\/1"}],"replies":[{"embeddable":true,"href":"https:\/\/www.heartfailurematters.org\/es\/wp-json\/wp\/v2\/comments?post=8819"}],"version-history":[{"count":4,"href":"https:\/\/www.heartfailurematters.org\/es\/wp-json\/wp\/v2\/pages\/8819\/revisions"}],"predecessor-version":[{"id":13820,"href":"https:\/\/www.heartfailurematters.org\/es\/wp-json\/wp\/v2\/pages\/8819\/revisions\/13820"}],"up":[{"embeddable":true,"href":"https:\/\/www.heartfailurematters.org\/es\/wp-json\/wp\/v2\/pages\/8046"}],"wp:featuredmedia":[{"embeddable":true,"href":"https:\/\/www.heartfailurematters.org\/es\/wp-json\/wp\/v2\/media\/10631"}],"wp:attachment":[{"href":"https:\/\/www.heartfailurematters.org\/es\/wp-json\/wp\/v2\/media?parent=8819"}],"wp:term":[{"taxonomy":"category","embeddable":true,"href":"https:\/\/www.heartfailurematters.org\/es\/wp-json\/wp\/v2\/categories?post=8819"},{"taxonomy":"post_tag","embeddable":true,"href":"https:\/\/www.heartfailurematters.org\/es\/wp-json\/wp\/v2\/tags?post=8819"}],"curies":[{"name":"wp","href":"https:\/\/api.w.org\/{rel}","templated":true}]}}