{"id":8131,"date":"2021-04-12T11:41:12","date_gmt":"2021-04-12T10:41:12","guid":{"rendered":"https:\/\/www.heartfailurematters.org\/que-puede-hacer-su-medico\/estimuladores-de-la-cgs\/"},"modified":"2022-01-26T09:49:43","modified_gmt":"2022-01-26T09:49:43","slug":"estimuladores-de-la-cgs","status":"publish","type":"page","link":"https:\/\/www.heartfailurematters.org\/es\/lo-que-pueden-hacer-su-medico-o-enfermero\/estimuladores-de-la-cgs\/","title":{"rendered":"Estimuladores de la CGs"},"content":{"rendered":"<p>Los estimuladores y activadores de la guanilato-ciclasa soluble (tambi\u00e9n denominados GCs) reducen el estr\u00e9s oxidativo al aumentar los niveles de \u00f3xido n\u00edtrico en el coraz\u00f3n y los vasos sangu\u00edneos. Estos f\u00e1rmacos son novedosos y su uso en la insuficiencia card\u00edaca es limitado. Uno de estos agentes estimuladores de la GCs es el riociguat, que est\u00e1 aprobado para el tratamiento de una afecci\u00f3n espec\u00edfica denominada hipertensi\u00f3n pulmonar, que afecta a los vasos sangu\u00edneos de los pulmones. Otro agente estimulador de la GCs, el vericiguat, puede ayudar a prevenir la hospitalizaci\u00f3n con insuficiencia card\u00edaca grave cuando se a\u00f1ade a los medicamentos est\u00e1ndar.<\/p>\n<p><strong>Qu\u00e9 hacen:<\/strong> aproximadamente una cuarta parte de los pacientes con insuficiencia card\u00edaca tienen niveles bajos de monofosfato de guanosina c\u00edclico (cGMP). La mol\u00e9cula de cGMP es un mensajero intracelular clave, que protege el coraz\u00f3n, los vasos y los ri\u00f1ones. Una de las acciones principales del cGMP es la relajaci\u00f3n de los vasos sangu\u00edneos y las c\u00e9lulas card\u00edacas. Los estimuladores de la guanilato-ciclasa soluble (GCs) aumentan la formaci\u00f3n de cGMP y, por lo tanto, reducen la rigidez de las c\u00e9lulas y de los vasos card\u00edacos.<\/p>\n<p><strong>\u00bfCu\u00e1les son los beneficios previstos?<\/strong> En pacientes hospitalizados por insuficiencia card\u00edaca que tienen una fracci\u00f3n de eyecci\u00f3n ventricular izquierda inferior al 45\u00a0%, vericiguat puede reducir las rehospitalizaciones relacionadas con la insuficiencia card\u00edaca y prolongar la vida.<\/p>\n<p><strong>Efectos secundarios: <\/strong> el vericiguat es bien tolerado en comparaci\u00f3n con el placebo. Se notificaron hipotensi\u00f3n sintom\u00e1tica (presi\u00f3n arterial demasiado baja) y anemia en un n\u00famero reducido de pacientes.<\/p>\n<p><strong>Consejos principales:<\/strong> el vericiguat se toma como comprimido oral una vez al d\u00eda. Al igual que con otros medicamentos para la insuficiencia card\u00edaca, la dosis se aumenta lentamente en varios pasos.<\/p>\n<p>&nbsp;<\/p>\n<p><a title=\"Medicamentos para la insuficiencia card\u00edaca\" href=\"https:\/\/www.heartfailurematters.org\/what-your-doctor-can-do\/heart-failure-medicines\/\">Volver a Medicamentos para la insuficiencia card\u00edaca<\/a><\/p>\n","protected":false},"excerpt":{"rendered":"<p>Los estimuladores y activadores de la guanilato-ciclasa soluble (tambi\u00e9n denominados GCs) reducen el estr\u00e9s oxidativo al aumentar los niveles de \u00f3xido n\u00edtrico en el coraz\u00f3n y los vasos sangu\u00edneos. Estos f\u00e1rmacos son novedosos y su uso en la insuficiencia card\u00edaca es limitado. Uno de estos agentes estimuladores de la GCs es el riociguat, que est\u00e1 [&hellip;]<\/p>\n","protected":false},"author":1,"featured_media":10873,"parent":2684,"menu_order":0,"comment_status":"closed","ping_status":"closed","template":"","meta":{"_acf_changed":false,"footnotes":""},"categories":[],"tags":[],"class_list":["post-8131","page","type-page","status-publish","has-post-thumbnail","hentry"],"acf":[],"yoast_head":"<!-- This site is optimized with the Yoast SEO plugin v24.8.1 - https:\/\/yoast.com\/wordpress\/plugins\/seo\/ -->\n<title>Estimuladores de la CGs - Heart Failure Matters<\/title>\n<meta name=\"description\" content=\"Los EGC reducen el estr\u00e9s oxidativo al aumentar los niveles de \u00f3xido n\u00edtrico presentes en el coraz\u00f3n y los vasos sangu\u00edneos.\" \/>\n<meta name=\"robots\" content=\"index, follow, max-snippet:-1, max-image-preview:large, max-video-preview:-1\" \/>\n<link rel=\"canonical\" href=\"https:\/\/www.heartfailurematters.org\/es\/lo-que-pueden-hacer-su-medico-o-enfermero\/estimuladores-de-la-cgs\/\" \/>\n<meta property=\"og:locale\" content=\"es_ES\" \/>\n<meta property=\"og:type\" content=\"article\" \/>\n<meta property=\"og:title\" content=\"Estimuladores de la CGs - Heart Failure Matters\" \/>\n<meta property=\"og:description\" content=\"Los EGC reducen el estr\u00e9s oxidativo al aumentar los niveles de \u00f3xido n\u00edtrico presentes en el coraz\u00f3n y los vasos sangu\u00edneos.\" \/>\n<meta property=\"og:url\" content=\"https:\/\/www.heartfailurematters.org\/es\/lo-que-pueden-hacer-su-medico-o-enfermero\/estimuladores-de-la-cgs\/\" \/>\n<meta property=\"og:site_name\" content=\"Heart Failure Matters\" \/>\n<meta property=\"article:publisher\" content=\"https:\/\/www.facebook.com\/heartfailurematters\" \/>\n<meta property=\"article:modified_time\" content=\"2022-01-26T09:49:43+00:00\" \/>\n<meta property=\"og:image\" content=\"https:\/\/www.heartfailurematters.org\/wp-content\/uploads\/2022\/03\/shutterstock_441673426-1-min.jpg\" \/>\n\t<meta property=\"og:image:width\" content=\"900\" \/>\n\t<meta property=\"og:image:height\" content=\"596\" \/>\n\t<meta property=\"og:image:type\" content=\"image\/jpeg\" \/>\n<meta name=\"twitter:card\" content=\"summary_large_image\" \/>\n<meta name=\"twitter:label1\" content=\"Tiempo de lectura\" \/>\n\t<meta name=\"twitter:data1\" content=\"2 minutos\" \/>\n<script type=\"application\/ld+json\" class=\"yoast-schema-graph\">{\"@context\":\"https:\/\/schema.org\",\"@graph\":[{\"@type\":\"WebPage\",\"@id\":\"https:\/\/www.heartfailurematters.org\/es\/lo-que-pueden-hacer-su-medico-o-enfermero\/estimuladores-de-la-cgs\/\",\"url\":\"https:\/\/www.heartfailurematters.org\/es\/lo-que-pueden-hacer-su-medico-o-enfermero\/estimuladores-de-la-cgs\/\",\"name\":\"Estimuladores de la CGs - Heart Failure Matters\",\"isPartOf\":{\"@id\":\"https:\/\/www.heartfailurematters.org\/es\/#website\"},\"primaryImageOfPage\":{\"@id\":\"https:\/\/www.heartfailurematters.org\/es\/lo-que-pueden-hacer-su-medico-o-enfermero\/estimuladores-de-la-cgs\/#primaryimage\"},\"image\":{\"@id\":\"https:\/\/www.heartfailurematters.org\/es\/lo-que-pueden-hacer-su-medico-o-enfermero\/estimuladores-de-la-cgs\/#primaryimage\"},\"thumbnailUrl\":\"https:\/\/www.heartfailurematters.org\/wp-content\/uploads\/2022\/03\/shutterstock_441673426-1-min.jpg\",\"datePublished\":\"2021-04-12T10:41:12+00:00\",\"dateModified\":\"2022-01-26T09:49:43+00:00\",\"description\":\"Los EGC reducen el estr\u00e9s oxidativo al aumentar los niveles de \u00f3xido n\u00edtrico presentes en el coraz\u00f3n y los vasos sangu\u00edneos.\",\"breadcrumb\":{\"@id\":\"https:\/\/www.heartfailurematters.org\/es\/lo-que-pueden-hacer-su-medico-o-enfermero\/estimuladores-de-la-cgs\/#breadcrumb\"},\"inLanguage\":\"es\",\"potentialAction\":[{\"@type\":\"ReadAction\",\"target\":[\"https:\/\/www.heartfailurematters.org\/es\/lo-que-pueden-hacer-su-medico-o-enfermero\/estimuladores-de-la-cgs\/\"]}]},{\"@type\":\"ImageObject\",\"inLanguage\":\"es\",\"@id\":\"https:\/\/www.heartfailurematters.org\/es\/lo-que-pueden-hacer-su-medico-o-enfermero\/estimuladores-de-la-cgs\/#primaryimage\",\"url\":\"https:\/\/www.heartfailurematters.org\/wp-content\/uploads\/2022\/03\/shutterstock_441673426-1-min.jpg\",\"contentUrl\":\"https:\/\/www.heartfailurematters.org\/wp-content\/uploads\/2022\/03\/shutterstock_441673426-1-min.jpg\",\"width\":900,\"height\":596},{\"@type\":\"BreadcrumbList\",\"@id\":\"https:\/\/www.heartfailurematters.org\/es\/lo-que-pueden-hacer-su-medico-o-enfermero\/estimuladores-de-la-cgs\/#breadcrumb\",\"itemListElement\":[{\"@type\":\"ListItem\",\"position\":1,\"name\":\"Inicio\",\"item\":\"https:\/\/www.heartfailurematters.org\/es\/\"},{\"@type\":\"ListItem\",\"position\":2,\"name\":\"\u00bfQu\u00e9 puede hacer su m\u00e9dico?\",\"item\":\"https:\/\/www.heartfailurematters.org\/es\/lo-que-pueden-hacer-su-medico-o-enfermero\/\"},{\"@type\":\"ListItem\",\"position\":3,\"name\":\"Estimuladores de la CGs\"}]},{\"@type\":\"WebSite\",\"@id\":\"https:\/\/www.heartfailurematters.org\/es\/#website\",\"url\":\"https:\/\/www.heartfailurematters.org\/es\/\",\"name\":\"Heart Failure Matters\",\"description\":\"Practical information for patients, families and caregivers.\",\"publisher\":{\"@id\":\"https:\/\/www.heartfailurematters.org\/es\/#organization\"},\"potentialAction\":[{\"@type\":\"SearchAction\",\"target\":{\"@type\":\"EntryPoint\",\"urlTemplate\":\"https:\/\/www.heartfailurematters.org\/es\/?s={search_term_string}\"},\"query-input\":{\"@type\":\"PropertyValueSpecification\",\"valueRequired\":true,\"valueName\":\"search_term_string\"}}],\"inLanguage\":\"es\"},{\"@type\":\"Organization\",\"@id\":\"https:\/\/www.heartfailurematters.org\/es\/#organization\",\"name\":\"Heart Failure Matters\",\"url\":\"https:\/\/www.heartfailurematters.org\/es\/\",\"logo\":{\"@type\":\"ImageObject\",\"inLanguage\":\"es\",\"@id\":\"https:\/\/www.heartfailurematters.org\/es\/#\/schema\/logo\/image\/\",\"url\":\"https:\/\/cdn-endpoint-hfm.azureedge.net\/heartfailurematters\/2024\/07\/hfm-logo1.jpg\",\"contentUrl\":\"https:\/\/cdn-endpoint-hfm.azureedge.net\/heartfailurematters\/2024\/07\/hfm-logo1.jpg\",\"width\":1280,\"height\":720,\"caption\":\"Heart Failure Matters\"},\"image\":{\"@id\":\"https:\/\/www.heartfailurematters.org\/es\/#\/schema\/logo\/image\/\"},\"sameAs\":[\"https:\/\/www.facebook.com\/heartfailurematters\"]}]}<\/script>\n<!-- \/ Yoast SEO plugin. -->","yoast_head_json":{"title":"Estimuladores de la CGs - Heart Failure Matters","description":"Los EGC reducen el estr\u00e9s oxidativo al aumentar los niveles de \u00f3xido n\u00edtrico presentes en el coraz\u00f3n y los vasos sangu\u00edneos.","robots":{"index":"index","follow":"follow","max-snippet":"max-snippet:-1","max-image-preview":"max-image-preview:large","max-video-preview":"max-video-preview:-1"},"canonical":"https:\/\/www.heartfailurematters.org\/es\/lo-que-pueden-hacer-su-medico-o-enfermero\/estimuladores-de-la-cgs\/","og_locale":"es_ES","og_type":"article","og_title":"Estimuladores de la CGs - Heart Failure Matters","og_description":"Los EGC reducen el estr\u00e9s oxidativo al aumentar los niveles de \u00f3xido n\u00edtrico presentes en el coraz\u00f3n y los vasos sangu\u00edneos.","og_url":"https:\/\/www.heartfailurematters.org\/es\/lo-que-pueden-hacer-su-medico-o-enfermero\/estimuladores-de-la-cgs\/","og_site_name":"Heart Failure Matters","article_publisher":"https:\/\/www.facebook.com\/heartfailurematters","article_modified_time":"2022-01-26T09:49:43+00:00","og_image":[{"width":900,"height":596,"url":"https:\/\/www.heartfailurematters.org\/wp-content\/uploads\/2022\/03\/shutterstock_441673426-1-min.jpg","type":"image\/jpeg"}],"twitter_card":"summary_large_image","twitter_misc":{"Tiempo de lectura":"2 minutos"},"schema":{"@context":"https:\/\/schema.org","@graph":[{"@type":"WebPage","@id":"https:\/\/www.heartfailurematters.org\/es\/lo-que-pueden-hacer-su-medico-o-enfermero\/estimuladores-de-la-cgs\/","url":"https:\/\/www.heartfailurematters.org\/es\/lo-que-pueden-hacer-su-medico-o-enfermero\/estimuladores-de-la-cgs\/","name":"Estimuladores de la CGs - Heart Failure Matters","isPartOf":{"@id":"https:\/\/www.heartfailurematters.org\/es\/#website"},"primaryImageOfPage":{"@id":"https:\/\/www.heartfailurematters.org\/es\/lo-que-pueden-hacer-su-medico-o-enfermero\/estimuladores-de-la-cgs\/#primaryimage"},"image":{"@id":"https:\/\/www.heartfailurematters.org\/es\/lo-que-pueden-hacer-su-medico-o-enfermero\/estimuladores-de-la-cgs\/#primaryimage"},"thumbnailUrl":"https:\/\/www.heartfailurematters.org\/wp-content\/uploads\/2022\/03\/shutterstock_441673426-1-min.jpg","datePublished":"2021-04-12T10:41:12+00:00","dateModified":"2022-01-26T09:49:43+00:00","description":"Los EGC reducen el estr\u00e9s oxidativo al aumentar los niveles de \u00f3xido n\u00edtrico presentes en el coraz\u00f3n y los vasos sangu\u00edneos.","breadcrumb":{"@id":"https:\/\/www.heartfailurematters.org\/es\/lo-que-pueden-hacer-su-medico-o-enfermero\/estimuladores-de-la-cgs\/#breadcrumb"},"inLanguage":"es","potentialAction":[{"@type":"ReadAction","target":["https:\/\/www.heartfailurematters.org\/es\/lo-que-pueden-hacer-su-medico-o-enfermero\/estimuladores-de-la-cgs\/"]}]},{"@type":"ImageObject","inLanguage":"es","@id":"https:\/\/www.heartfailurematters.org\/es\/lo-que-pueden-hacer-su-medico-o-enfermero\/estimuladores-de-la-cgs\/#primaryimage","url":"https:\/\/www.heartfailurematters.org\/wp-content\/uploads\/2022\/03\/shutterstock_441673426-1-min.jpg","contentUrl":"https:\/\/www.heartfailurematters.org\/wp-content\/uploads\/2022\/03\/shutterstock_441673426-1-min.jpg","width":900,"height":596},{"@type":"BreadcrumbList","@id":"https:\/\/www.heartfailurematters.org\/es\/lo-que-pueden-hacer-su-medico-o-enfermero\/estimuladores-de-la-cgs\/#breadcrumb","itemListElement":[{"@type":"ListItem","position":1,"name":"Inicio","item":"https:\/\/www.heartfailurematters.org\/es\/"},{"@type":"ListItem","position":2,"name":"\u00bfQu\u00e9 puede hacer su m\u00e9dico?","item":"https:\/\/www.heartfailurematters.org\/es\/lo-que-pueden-hacer-su-medico-o-enfermero\/"},{"@type":"ListItem","position":3,"name":"Estimuladores de la CGs"}]},{"@type":"WebSite","@id":"https:\/\/www.heartfailurematters.org\/es\/#website","url":"https:\/\/www.heartfailurematters.org\/es\/","name":"Heart Failure Matters","description":"Practical information for patients, families and caregivers.","publisher":{"@id":"https:\/\/www.heartfailurematters.org\/es\/#organization"},"potentialAction":[{"@type":"SearchAction","target":{"@type":"EntryPoint","urlTemplate":"https:\/\/www.heartfailurematters.org\/es\/?s={search_term_string}"},"query-input":{"@type":"PropertyValueSpecification","valueRequired":true,"valueName":"search_term_string"}}],"inLanguage":"es"},{"@type":"Organization","@id":"https:\/\/www.heartfailurematters.org\/es\/#organization","name":"Heart Failure Matters","url":"https:\/\/www.heartfailurematters.org\/es\/","logo":{"@type":"ImageObject","inLanguage":"es","@id":"https:\/\/www.heartfailurematters.org\/es\/#\/schema\/logo\/image\/","url":"https:\/\/cdn-endpoint-hfm.azureedge.net\/heartfailurematters\/2024\/07\/hfm-logo1.jpg","contentUrl":"https:\/\/cdn-endpoint-hfm.azureedge.net\/heartfailurematters\/2024\/07\/hfm-logo1.jpg","width":1280,"height":720,"caption":"Heart Failure Matters"},"image":{"@id":"https:\/\/www.heartfailurematters.org\/es\/#\/schema\/logo\/image\/"},"sameAs":["https:\/\/www.facebook.com\/heartfailurematters"]}]}},"_links":{"self":[{"href":"https:\/\/www.heartfailurematters.org\/es\/wp-json\/wp\/v2\/pages\/8131","targetHints":{"allow":["GET"]}}],"collection":[{"href":"https:\/\/www.heartfailurematters.org\/es\/wp-json\/wp\/v2\/pages"}],"about":[{"href":"https:\/\/www.heartfailurematters.org\/es\/wp-json\/wp\/v2\/types\/page"}],"author":[{"embeddable":true,"href":"https:\/\/www.heartfailurematters.org\/es\/wp-json\/wp\/v2\/users\/1"}],"replies":[{"embeddable":true,"href":"https:\/\/www.heartfailurematters.org\/es\/wp-json\/wp\/v2\/comments?post=8131"}],"version-history":[{"count":2,"href":"https:\/\/www.heartfailurematters.org\/es\/wp-json\/wp\/v2\/pages\/8131\/revisions"}],"predecessor-version":[{"id":10483,"href":"https:\/\/www.heartfailurematters.org\/es\/wp-json\/wp\/v2\/pages\/8131\/revisions\/10483"}],"up":[{"embeddable":true,"href":"https:\/\/www.heartfailurematters.org\/es\/wp-json\/wp\/v2\/pages\/2684"}],"wp:featuredmedia":[{"embeddable":true,"href":"https:\/\/www.heartfailurematters.org\/es\/wp-json\/wp\/v2\/media\/10873"}],"wp:attachment":[{"href":"https:\/\/www.heartfailurematters.org\/es\/wp-json\/wp\/v2\/media?parent=8131"}],"wp:term":[{"taxonomy":"category","embeddable":true,"href":"https:\/\/www.heartfailurematters.org\/es\/wp-json\/wp\/v2\/categories?post=8131"},{"taxonomy":"post_tag","embeddable":true,"href":"https:\/\/www.heartfailurematters.org\/es\/wp-json\/wp\/v2\/tags?post=8131"}],"curies":[{"name":"wp","href":"https:\/\/api.w.org\/{rel}","templated":true}]}}