{"id":8129,"date":"2021-04-12T11:41:12","date_gmt":"2021-04-12T10:41:12","guid":{"rendered":"https:\/\/www.heartfailurematters.org\/que-puede-hacer-su-medico\/inhibidores-del-sglt2-inhibidores-del-cotransportador-de-sodio-y-glucosa-2\/"},"modified":"2026-01-16T14:32:46","modified_gmt":"2026-01-16T14:32:46","slug":"inhibidores-del-sglt2-inhibidores-del-cotransportador-de-sodio-y-glucosa-2","status":"publish","type":"page","link":"https:\/\/www.heartfailurematters.org\/es\/lo-que-pueden-hacer-su-medico-o-enfermero\/inhibidores-del-sglt2-inhibidores-del-cotransportador-de-sodio-y-glucosa-2\/","title":{"rendered":"Inhibidores del canal SGLT2 (Cotransportador sodio-glucosa tipo 2)"},"content":{"rendered":"<p>Los activadores y <strong>estimuladores de la guanilato ciclasa soluble (tambi\u00e9n denominada guanilato ciclasa) (EGCs) <\/strong>pueden reducir el estr\u00e9s oxidativo al aumentar las concentraciones de \u00f3xido n\u00edtrico en el coraz\u00f3n y los vasos sangu\u00edneos. Estos f\u00e1rmacos son novedosos en el \u00e1mbito del tratamiento de la insuficiencia card\u00edaca y a\u00fan no se utilizan tan ampliamente como otros. Uno de estos f\u00e1rmacos EGCs, el vericiguat, cuando se a\u00f1ade a los medicamentos habituales, puede ayudar a prevenir la hospitalizaci\u00f3n de pacientes con insuficiencia card\u00edaca grave. Otro f\u00e1rmaco EGCs es el riociguat, que est\u00e1 aprobado para el tratamiento de una afecci\u00f3n espec\u00edfica llamada hipertensi\u00f3n pulmonar, es decir, el aumento de la presi\u00f3n en los pulmones que da\u00f1a los vasos sangu\u00edneos.<\/p>\n<p>En estudios recientes tambi\u00e9n se ha demostrado que estos f\u00e1rmacos pueden reducir el riesgo de muerte card\u00edaca, as\u00ed como acontecimientos graves, y son seguros para los pacientes que actualmente padecen insuficiencia card\u00edaca, incluso si no tienen diabetes.<\/p>\n<p>Los inhibidores del cotransportador de sodio y glucosa tipo 2 (SGLT2) son una clase de f\u00e1rmacos que se han utilizado para el tratamiento de pacientes con diabetes mellitus tipo 2. En estudios recientes se ha demostrado que estos f\u00e1rmacos prolongan la vida y reducen las hospitalizaciones en pacientes con insuficiencia card\u00edaca, adem\u00e1s de proteger la funci\u00f3n renal. Estos efectos beneficiosos se observaron tanto en pacientes con diabetes mellitus como en aquellos sin ella.<\/p>\n<p><strong>\u00bfQu\u00e9 hacen?<\/strong> En pacientes con insuficiencia card\u00edaca, los efectos de SGLT2 en el organismo son complejos y comprenden una mejora del metabolismo card\u00edaco y muscular, una mejora de la funci\u00f3n renal, as\u00ed como los beneficios del efecto diur\u00e9tico leve, todo lo cual puede reducir los s\u00edntomas de congesti\u00f3n en la insuficiencia card\u00edaca, independientemente de la presencia de la diabetes mellitus.<\/p>\n<p>En pacientes con diabetes mellitus, los inhibidores de SGLT2 bloquean la reabsorci\u00f3n del az\u00facar en sangre (glucosa) en el ri\u00f1\u00f3n. En consecuencia, se elimina m\u00e1s glucosa del organismo y aumenta ligeramente la micci\u00f3n. Como resultado, los inhibidores de SGLT2 reducen las concentraciones de glucosa en sangre. Los pacientes suelen perder algo de peso, mientras que la presi\u00f3n arterial puede reducirse ligeramente.<\/p>\n<p>\u00bfCu\u00e1les son los beneficios previstos? En pacientes con insuficiencia card\u00edaca, se ha demostrado que los inhibidores de SGLT2 reducen las hospitalizaciones relacionadas con la insuficiencia card\u00edaca, prolongan la vida, previenen problemas renales y mejoran la tolerancia al ejercicio y la calidad de vida. Los inhibidores del SGLT2 reducen la glucosa en sangre en pacientes con diabetes mellitus pero no en pacientes sin diabetes mellitus tipo 2.<\/p>\n<p><strong>Efectos secundarios:<\/strong> los inhibidores del SGLT2 generalmente se toleran bien en pacientes con insuficiencia card\u00edaca y tienen la misma incidencia de efectos secundarios que el placebo. En pacientes con diabetes mellitus tipo 2, los efectos secundarios m\u00e1s frecuentes son infecciones por hongos de las v\u00edas y los \u00f3rganos urogenitales, que en su mayor\u00eda requieren tratamiento t\u00f3pico (crema) durante varios d\u00edas. Los efectos secundarios menos frecuentes son mareos si la presi\u00f3n arterial disminuye y una disminuci\u00f3n en la funci\u00f3n renal. Por lo general, no es necesario el ajuste de otros f\u00e1rmacos o diur\u00e9ticos hipoglucemiantes orales, pero a veces resulta \u00fatil. Las personas con diabetes que toman inhibidores del SGLT2 deben tener precauci\u00f3n durante los per\u00edodos de enfermedad grave, deshidrataci\u00f3n o si interrumpen el uso de insulina, ya que esto se ha relacionado con la cetoacidosis diab\u00e9tica, con altas concentraciones de glucosa, que es una afecci\u00f3n grave que requiere tratamiento m\u00e9dico inmediato.<\/p>\n<p>Consejos importantes: los inhibidores de SGLT2 pueden iniciarse o suspenderse de forma segura con un aumento o disminuci\u00f3n gradual de la dosis. Por lo general, la dosis inicial es tambi\u00e9n la dosis m\u00e1xima.<\/p>\n<h2>Tambi\u00e9n se conoce como:<\/h2>\n<ul>\n<li><strong>Canagliflozina<\/strong><br \/>\n(Invokana\u00ae)<\/li>\n<li><strong>Dapagliflozina<\/strong><br \/>\n(Forxiga\u00ae)<\/li>\n<li><strong>Empagliflozina<\/strong><br \/>\n(Jardiance\u00ae)<\/li>\n<\/ul>\n<p>&nbsp;<\/p>\n","protected":false},"excerpt":{"rendered":"<p>Los activadores y estimuladores de la guanilato ciclasa soluble (tambi\u00e9n denominada guanilato ciclasa) (EGCs) pueden reducir el estr\u00e9s oxidativo al aumentar las concentraciones de \u00f3xido n\u00edtrico en el coraz\u00f3n y los vasos sangu\u00edneos. Estos f\u00e1rmacos son novedosos en el \u00e1mbito del tratamiento de la insuficiencia card\u00edaca y a\u00fan no se utilizan tan ampliamente como otros. [&hellip;]<\/p>\n","protected":false},"author":1,"featured_media":10873,"parent":2684,"menu_order":0,"comment_status":"closed","ping_status":"closed","template":"","meta":{"_acf_changed":false,"footnotes":""},"categories":[],"tags":[],"class_list":["post-8129","page","type-page","status-publish","has-post-thumbnail","hentry"],"acf":[],"yoast_head":"<!-- This site is optimized with the Yoast SEO plugin v24.8.1 - https:\/\/yoast.com\/wordpress\/plugins\/seo\/ -->\n<title>Inhibidores del cotransportador de sodio y glucosa tipo 2 e insuficiencia card\u00edaca<\/title>\n<meta name=\"description\" content=\"Los inhibidores del cotransportador de sodio y glucosa tipo 2 se utilizan para el tratamiento de pacientes con diabetes tipo 2 e insuficiencia card\u00edaca.\" \/>\n<meta name=\"robots\" content=\"index, follow, max-snippet:-1, max-image-preview:large, max-video-preview:-1\" \/>\n<link rel=\"canonical\" href=\"https:\/\/www.heartfailurematters.org\/es\/lo-que-pueden-hacer-su-medico-o-enfermero\/inhibidores-del-sglt2-inhibidores-del-cotransportador-de-sodio-y-glucosa-2\/\" \/>\n<meta property=\"og:locale\" content=\"es_ES\" \/>\n<meta property=\"og:type\" content=\"article\" \/>\n<meta property=\"og:title\" content=\"Inhibidores del cotransportador de sodio y glucosa tipo 2 e insuficiencia card\u00edaca\" \/>\n<meta property=\"og:description\" content=\"Los inhibidores del cotransportador de sodio y glucosa tipo 2 se utilizan para el tratamiento de pacientes con diabetes tipo 2 e insuficiencia card\u00edaca.\" \/>\n<meta property=\"og:url\" content=\"https:\/\/www.heartfailurematters.org\/es\/lo-que-pueden-hacer-su-medico-o-enfermero\/inhibidores-del-sglt2-inhibidores-del-cotransportador-de-sodio-y-glucosa-2\/\" \/>\n<meta property=\"og:site_name\" content=\"Heart Failure Matters\" \/>\n<meta property=\"article:publisher\" content=\"https:\/\/www.facebook.com\/heartfailurematters\" \/>\n<meta property=\"article:modified_time\" content=\"2026-01-16T14:32:46+00:00\" \/>\n<meta property=\"og:image\" content=\"https:\/\/www.heartfailurematters.org\/wp-content\/uploads\/2022\/03\/shutterstock_441673426-1-min.jpg\" \/>\n\t<meta property=\"og:image:width\" content=\"900\" \/>\n\t<meta property=\"og:image:height\" content=\"596\" \/>\n\t<meta property=\"og:image:type\" content=\"image\/jpeg\" \/>\n<meta name=\"twitter:card\" content=\"summary_large_image\" \/>\n<meta name=\"twitter:label1\" content=\"Tiempo de lectura\" \/>\n\t<meta name=\"twitter:data1\" content=\"3 minutos\" \/>\n<script type=\"application\/ld+json\" class=\"yoast-schema-graph\">{\"@context\":\"https:\/\/schema.org\",\"@graph\":[{\"@type\":\"WebPage\",\"@id\":\"https:\/\/www.heartfailurematters.org\/es\/lo-que-pueden-hacer-su-medico-o-enfermero\/inhibidores-del-sglt2-inhibidores-del-cotransportador-de-sodio-y-glucosa-2\/\",\"url\":\"https:\/\/www.heartfailurematters.org\/es\/lo-que-pueden-hacer-su-medico-o-enfermero\/inhibidores-del-sglt2-inhibidores-del-cotransportador-de-sodio-y-glucosa-2\/\",\"name\":\"Inhibidores del cotransportador de sodio y glucosa tipo 2 e insuficiencia card\u00edaca\",\"isPartOf\":{\"@id\":\"https:\/\/www.heartfailurematters.org\/es\/#website\"},\"primaryImageOfPage\":{\"@id\":\"https:\/\/www.heartfailurematters.org\/es\/lo-que-pueden-hacer-su-medico-o-enfermero\/inhibidores-del-sglt2-inhibidores-del-cotransportador-de-sodio-y-glucosa-2\/#primaryimage\"},\"image\":{\"@id\":\"https:\/\/www.heartfailurematters.org\/es\/lo-que-pueden-hacer-su-medico-o-enfermero\/inhibidores-del-sglt2-inhibidores-del-cotransportador-de-sodio-y-glucosa-2\/#primaryimage\"},\"thumbnailUrl\":\"https:\/\/www.heartfailurematters.org\/wp-content\/uploads\/2022\/03\/shutterstock_441673426-1-min.jpg\",\"datePublished\":\"2021-04-12T10:41:12+00:00\",\"dateModified\":\"2026-01-16T14:32:46+00:00\",\"description\":\"Los inhibidores del cotransportador de sodio y glucosa tipo 2 se utilizan para el tratamiento de pacientes con diabetes tipo 2 e insuficiencia card\u00edaca.\",\"breadcrumb\":{\"@id\":\"https:\/\/www.heartfailurematters.org\/es\/lo-que-pueden-hacer-su-medico-o-enfermero\/inhibidores-del-sglt2-inhibidores-del-cotransportador-de-sodio-y-glucosa-2\/#breadcrumb\"},\"inLanguage\":\"es\",\"potentialAction\":[{\"@type\":\"ReadAction\",\"target\":[\"https:\/\/www.heartfailurematters.org\/es\/lo-que-pueden-hacer-su-medico-o-enfermero\/inhibidores-del-sglt2-inhibidores-del-cotransportador-de-sodio-y-glucosa-2\/\"]}]},{\"@type\":\"ImageObject\",\"inLanguage\":\"es\",\"@id\":\"https:\/\/www.heartfailurematters.org\/es\/lo-que-pueden-hacer-su-medico-o-enfermero\/inhibidores-del-sglt2-inhibidores-del-cotransportador-de-sodio-y-glucosa-2\/#primaryimage\",\"url\":\"https:\/\/www.heartfailurematters.org\/wp-content\/uploads\/2022\/03\/shutterstock_441673426-1-min.jpg\",\"contentUrl\":\"https:\/\/www.heartfailurematters.org\/wp-content\/uploads\/2022\/03\/shutterstock_441673426-1-min.jpg\",\"width\":900,\"height\":596},{\"@type\":\"BreadcrumbList\",\"@id\":\"https:\/\/www.heartfailurematters.org\/es\/lo-que-pueden-hacer-su-medico-o-enfermero\/inhibidores-del-sglt2-inhibidores-del-cotransportador-de-sodio-y-glucosa-2\/#breadcrumb\",\"itemListElement\":[{\"@type\":\"ListItem\",\"position\":1,\"name\":\"Inicio\",\"item\":\"https:\/\/www.heartfailurematters.org\/es\/\"},{\"@type\":\"ListItem\",\"position\":2,\"name\":\"\u00bfQu\u00e9 puede hacer su m\u00e9dico?\",\"item\":\"https:\/\/www.heartfailurematters.org\/es\/lo-que-pueden-hacer-su-medico-o-enfermero\/\"},{\"@type\":\"ListItem\",\"position\":3,\"name\":\"Inhibidores del canal SGLT2 (Cotransportador sodio-glucosa tipo 2)\"}]},{\"@type\":\"WebSite\",\"@id\":\"https:\/\/www.heartfailurematters.org\/es\/#website\",\"url\":\"https:\/\/www.heartfailurematters.org\/es\/\",\"name\":\"Heart Failure Matters\",\"description\":\"Practical information for patients, families and caregivers.\",\"publisher\":{\"@id\":\"https:\/\/www.heartfailurematters.org\/es\/#organization\"},\"potentialAction\":[{\"@type\":\"SearchAction\",\"target\":{\"@type\":\"EntryPoint\",\"urlTemplate\":\"https:\/\/www.heartfailurematters.org\/es\/?s={search_term_string}\"},\"query-input\":{\"@type\":\"PropertyValueSpecification\",\"valueRequired\":true,\"valueName\":\"search_term_string\"}}],\"inLanguage\":\"es\"},{\"@type\":\"Organization\",\"@id\":\"https:\/\/www.heartfailurematters.org\/es\/#organization\",\"name\":\"Heart Failure Matters\",\"url\":\"https:\/\/www.heartfailurematters.org\/es\/\",\"logo\":{\"@type\":\"ImageObject\",\"inLanguage\":\"es\",\"@id\":\"https:\/\/www.heartfailurematters.org\/es\/#\/schema\/logo\/image\/\",\"url\":\"https:\/\/cdn-endpoint-hfm.azureedge.net\/heartfailurematters\/2024\/07\/hfm-logo1.jpg\",\"contentUrl\":\"https:\/\/cdn-endpoint-hfm.azureedge.net\/heartfailurematters\/2024\/07\/hfm-logo1.jpg\",\"width\":1280,\"height\":720,\"caption\":\"Heart Failure Matters\"},\"image\":{\"@id\":\"https:\/\/www.heartfailurematters.org\/es\/#\/schema\/logo\/image\/\"},\"sameAs\":[\"https:\/\/www.facebook.com\/heartfailurematters\"]}]}<\/script>\n<!-- \/ Yoast SEO plugin. -->","yoast_head_json":{"title":"Inhibidores del cotransportador de sodio y glucosa tipo 2 e insuficiencia card\u00edaca","description":"Los inhibidores del cotransportador de sodio y glucosa tipo 2 se utilizan para el tratamiento de pacientes con diabetes tipo 2 e insuficiencia card\u00edaca.","robots":{"index":"index","follow":"follow","max-snippet":"max-snippet:-1","max-image-preview":"max-image-preview:large","max-video-preview":"max-video-preview:-1"},"canonical":"https:\/\/www.heartfailurematters.org\/es\/lo-que-pueden-hacer-su-medico-o-enfermero\/inhibidores-del-sglt2-inhibidores-del-cotransportador-de-sodio-y-glucosa-2\/","og_locale":"es_ES","og_type":"article","og_title":"Inhibidores del cotransportador de sodio y glucosa tipo 2 e insuficiencia card\u00edaca","og_description":"Los inhibidores del cotransportador de sodio y glucosa tipo 2 se utilizan para el tratamiento de pacientes con diabetes tipo 2 e insuficiencia card\u00edaca.","og_url":"https:\/\/www.heartfailurematters.org\/es\/lo-que-pueden-hacer-su-medico-o-enfermero\/inhibidores-del-sglt2-inhibidores-del-cotransportador-de-sodio-y-glucosa-2\/","og_site_name":"Heart Failure Matters","article_publisher":"https:\/\/www.facebook.com\/heartfailurematters","article_modified_time":"2026-01-16T14:32:46+00:00","og_image":[{"width":900,"height":596,"url":"https:\/\/www.heartfailurematters.org\/wp-content\/uploads\/2022\/03\/shutterstock_441673426-1-min.jpg","type":"image\/jpeg"}],"twitter_card":"summary_large_image","twitter_misc":{"Tiempo de lectura":"3 minutos"},"schema":{"@context":"https:\/\/schema.org","@graph":[{"@type":"WebPage","@id":"https:\/\/www.heartfailurematters.org\/es\/lo-que-pueden-hacer-su-medico-o-enfermero\/inhibidores-del-sglt2-inhibidores-del-cotransportador-de-sodio-y-glucosa-2\/","url":"https:\/\/www.heartfailurematters.org\/es\/lo-que-pueden-hacer-su-medico-o-enfermero\/inhibidores-del-sglt2-inhibidores-del-cotransportador-de-sodio-y-glucosa-2\/","name":"Inhibidores del cotransportador de sodio y glucosa tipo 2 e insuficiencia card\u00edaca","isPartOf":{"@id":"https:\/\/www.heartfailurematters.org\/es\/#website"},"primaryImageOfPage":{"@id":"https:\/\/www.heartfailurematters.org\/es\/lo-que-pueden-hacer-su-medico-o-enfermero\/inhibidores-del-sglt2-inhibidores-del-cotransportador-de-sodio-y-glucosa-2\/#primaryimage"},"image":{"@id":"https:\/\/www.heartfailurematters.org\/es\/lo-que-pueden-hacer-su-medico-o-enfermero\/inhibidores-del-sglt2-inhibidores-del-cotransportador-de-sodio-y-glucosa-2\/#primaryimage"},"thumbnailUrl":"https:\/\/www.heartfailurematters.org\/wp-content\/uploads\/2022\/03\/shutterstock_441673426-1-min.jpg","datePublished":"2021-04-12T10:41:12+00:00","dateModified":"2026-01-16T14:32:46+00:00","description":"Los inhibidores del cotransportador de sodio y glucosa tipo 2 se utilizan para el tratamiento de pacientes con diabetes tipo 2 e insuficiencia card\u00edaca.","breadcrumb":{"@id":"https:\/\/www.heartfailurematters.org\/es\/lo-que-pueden-hacer-su-medico-o-enfermero\/inhibidores-del-sglt2-inhibidores-del-cotransportador-de-sodio-y-glucosa-2\/#breadcrumb"},"inLanguage":"es","potentialAction":[{"@type":"ReadAction","target":["https:\/\/www.heartfailurematters.org\/es\/lo-que-pueden-hacer-su-medico-o-enfermero\/inhibidores-del-sglt2-inhibidores-del-cotransportador-de-sodio-y-glucosa-2\/"]}]},{"@type":"ImageObject","inLanguage":"es","@id":"https:\/\/www.heartfailurematters.org\/es\/lo-que-pueden-hacer-su-medico-o-enfermero\/inhibidores-del-sglt2-inhibidores-del-cotransportador-de-sodio-y-glucosa-2\/#primaryimage","url":"https:\/\/www.heartfailurematters.org\/wp-content\/uploads\/2022\/03\/shutterstock_441673426-1-min.jpg","contentUrl":"https:\/\/www.heartfailurematters.org\/wp-content\/uploads\/2022\/03\/shutterstock_441673426-1-min.jpg","width":900,"height":596},{"@type":"BreadcrumbList","@id":"https:\/\/www.heartfailurematters.org\/es\/lo-que-pueden-hacer-su-medico-o-enfermero\/inhibidores-del-sglt2-inhibidores-del-cotransportador-de-sodio-y-glucosa-2\/#breadcrumb","itemListElement":[{"@type":"ListItem","position":1,"name":"Inicio","item":"https:\/\/www.heartfailurematters.org\/es\/"},{"@type":"ListItem","position":2,"name":"\u00bfQu\u00e9 puede hacer su m\u00e9dico?","item":"https:\/\/www.heartfailurematters.org\/es\/lo-que-pueden-hacer-su-medico-o-enfermero\/"},{"@type":"ListItem","position":3,"name":"Inhibidores del canal SGLT2 (Cotransportador sodio-glucosa tipo 2)"}]},{"@type":"WebSite","@id":"https:\/\/www.heartfailurematters.org\/es\/#website","url":"https:\/\/www.heartfailurematters.org\/es\/","name":"Heart Failure Matters","description":"Practical information for patients, families and caregivers.","publisher":{"@id":"https:\/\/www.heartfailurematters.org\/es\/#organization"},"potentialAction":[{"@type":"SearchAction","target":{"@type":"EntryPoint","urlTemplate":"https:\/\/www.heartfailurematters.org\/es\/?s={search_term_string}"},"query-input":{"@type":"PropertyValueSpecification","valueRequired":true,"valueName":"search_term_string"}}],"inLanguage":"es"},{"@type":"Organization","@id":"https:\/\/www.heartfailurematters.org\/es\/#organization","name":"Heart Failure Matters","url":"https:\/\/www.heartfailurematters.org\/es\/","logo":{"@type":"ImageObject","inLanguage":"es","@id":"https:\/\/www.heartfailurematters.org\/es\/#\/schema\/logo\/image\/","url":"https:\/\/cdn-endpoint-hfm.azureedge.net\/heartfailurematters\/2024\/07\/hfm-logo1.jpg","contentUrl":"https:\/\/cdn-endpoint-hfm.azureedge.net\/heartfailurematters\/2024\/07\/hfm-logo1.jpg","width":1280,"height":720,"caption":"Heart Failure Matters"},"image":{"@id":"https:\/\/www.heartfailurematters.org\/es\/#\/schema\/logo\/image\/"},"sameAs":["https:\/\/www.facebook.com\/heartfailurematters"]}]}},"_links":{"self":[{"href":"https:\/\/www.heartfailurematters.org\/es\/wp-json\/wp\/v2\/pages\/8129","targetHints":{"allow":["GET"]}}],"collection":[{"href":"https:\/\/www.heartfailurematters.org\/es\/wp-json\/wp\/v2\/pages"}],"about":[{"href":"https:\/\/www.heartfailurematters.org\/es\/wp-json\/wp\/v2\/types\/page"}],"author":[{"embeddable":true,"href":"https:\/\/www.heartfailurematters.org\/es\/wp-json\/wp\/v2\/users\/1"}],"replies":[{"embeddable":true,"href":"https:\/\/www.heartfailurematters.org\/es\/wp-json\/wp\/v2\/comments?post=8129"}],"version-history":[{"count":3,"href":"https:\/\/www.heartfailurematters.org\/es\/wp-json\/wp\/v2\/pages\/8129\/revisions"}],"predecessor-version":[{"id":13830,"href":"https:\/\/www.heartfailurematters.org\/es\/wp-json\/wp\/v2\/pages\/8129\/revisions\/13830"}],"up":[{"embeddable":true,"href":"https:\/\/www.heartfailurematters.org\/es\/wp-json\/wp\/v2\/pages\/2684"}],"wp:featuredmedia":[{"embeddable":true,"href":"https:\/\/www.heartfailurematters.org\/es\/wp-json\/wp\/v2\/media\/10873"}],"wp:attachment":[{"href":"https:\/\/www.heartfailurematters.org\/es\/wp-json\/wp\/v2\/media?parent=8129"}],"wp:term":[{"taxonomy":"category","embeddable":true,"href":"https:\/\/www.heartfailurematters.org\/es\/wp-json\/wp\/v2\/categories?post=8129"},{"taxonomy":"post_tag","embeddable":true,"href":"https:\/\/www.heartfailurematters.org\/es\/wp-json\/wp\/v2\/tags?post=8129"}],"curies":[{"name":"wp","href":"https:\/\/api.w.org\/{rel}","templated":true}]}}