{"id":8116,"date":"2021-04-12T11:41:07","date_gmt":"2021-04-12T10:41:07","guid":{"rendered":"https:\/\/www.heartfailurematters.org\/causas-de-la-insuficiencia-cardiaca-y-otras-afecciones-medicas-frecuentes\/depresion-y-ansiedad\/"},"modified":"2022-01-25T14:56:39","modified_gmt":"2022-01-25T14:56:39","slug":"depresion-y-ansiedad","status":"publish","type":"page","link":"https:\/\/www.heartfailurematters.org\/es\/causas-de-la-insuficiencia-cardiaca-y-otras-afecciones-medicas-frecuentes\/depresion-y-ansiedad\/","title":{"rendered":"Depresi\u00f3n y ansiedad"},"content":{"rendered":"<p>En las personas con insuficiencia card\u00edaca, la depresi\u00f3n y la ansiedad son trastornos frecuentes. Una de cada cinco personas con insuficiencia card\u00edaca tiene s\u00edntomas de depresi\u00f3n de leves a moderados y un grupo m\u00e1s reducido presenta s\u00edntomas depresivos m\u00e1s graves. La depresi\u00f3n es m\u00e1s habitual en aquellas con s\u00edntomas de insuficiencia card\u00edaca m\u00e1s graves y limitaciones f\u00edsicas. La suma de los s\u00edntomas de la depresi\u00f3n y los de la insuficiencia card\u00edaca suele dificultar el diagn\u00f3stico de la depresi\u00f3n, lo que a veces puede retrasar su diagn\u00f3stico. La depresi\u00f3n puede provocar varios s\u00edntomas importantes, como baja autoestima, sentimientos de desesperanza e impotencia, dificultad para concentrarse, ansiedad, irritaci\u00f3n, fatiga y dolencias f\u00edsicas.<\/p>\n<p>Tener depresi\u00f3n puede hacer que sea m\u00e1s dif\u00edcil seguir el tratamiento m\u00e9dico recomendado y cuidar de uno mismo. La ansiedad y la depresi\u00f3n tambi\u00e9n pueden disminuir la calidad de vida y provocar fatiga y deterioro del estado funcional. Actualmente, no existe ning\u00fan medicamento o psicoterapia espec\u00edficos que se consideren eficaces para los pacientes con insuficiencia card\u00edaca. La mayor\u00eda de los medicamentos antidepresivos, como los inhibidores selectivos de la recaptaci\u00f3n de serotonina (ISRS), parecen ser seguros para personas con insuficiencia card\u00edaca. Sin embargo, se ha demostrado que la terapia cognitivo-conductual, que es una intervenci\u00f3n psicosocial para mejorar la salud mental y ayudar en el desarrollo de estrategias de respuesta personal, mejora los resultados en los pacientes con insuficiencia card\u00edaca.<\/p>\n<p>Recibir un diagn\u00f3stico de insuficiencia card\u00edaca a menudo significa que hay que hacer cambios importantes en la vida y las actividades diarias. La adaptaci\u00f3n a esos cambios puede ser dif\u00edcil y, a veces, puede provocar ansiedad, estr\u00e9s y depresi\u00f3n. A continuaci\u00f3n, le mostramos ejemplos de distintas situaciones que pueden causar reacciones emocionales cuando se tiene insuficiencia card\u00edaca:<\/p>\n<ul>\n<li>Preocupaci\u00f3n por que suceda algo grave de forma repentina<\/li>\n<li>Sensaci\u00f3n de no tener control sobre c\u00f3mo se desarrollar\u00e1 la enfermedad card\u00edaca<\/li>\n<li>Sentirse estresado y tener dificultades para relajarse<\/li>\n<li>Sentirse triste por tener una afecci\u00f3n card\u00edaca y tener la capacidad f\u00edsica limitada<\/li>\n<\/ul>\n<p>Todas estas emociones son naturales y no es el \u00fanico que las siente. Algunos pacientes se se enfadan y se resisten a tener estos sentimientos complicados, y esto puede provocar que se intensifiquen a\u00fan m\u00e1s. Aceptar las emociones en lugar de tratar de suprimirlas puede ser dif\u00edcil, pero es un primer paso necesario para ayudarle a controlar sus emociones.<\/p>\n<h2>Ansiedad<\/h2>\n<p>La ansiedad es un trastorno que a menudo se pasa por alto en las personas con insuficiencia card\u00edaca. La ansiedad es una especie de miedo que nos hace conscientes de los peligros y nos prepara para buscar protecci\u00f3n. A esto se le llama reacci\u00f3n de \u00ablucha o huida\u00bb. No se controla por voluntad propia. En situaciones en las que el miedo tiene una causa clara, por ejemplo, el miedo a las alturas, es f\u00e1cil evitar lo que provoca el miedo. Cuando no se puede identificar f\u00e1cilmente nada que podamos eliminar o evitar, como un diagn\u00f3stico de insuficiencia card\u00edaca cr\u00f3nica, afrontar estos sentimientos se vuelve m\u00e1s dif\u00edcil.<\/p>\n<p>Los s\u00edntomas comunes de la ansiedad son: dificultad para respirar, sensaci\u00f3n de mareo, n\u00e1useas, malestar estomacal, sensaci\u00f3n de tener un nudo en el est\u00f3mago o un peso sobre el pecho. Puede sentir que su coraz\u00f3n late m\u00e1s r\u00e1pido de lo habitual, as\u00ed como sudoraci\u00f3n, una sensaci\u00f3n de fr\u00edo en su interior, sequedad en la boca, la necesidad de orinar o una sensaci\u00f3n de hormigueo o entumecimiento en manos o pies.<\/p>\n<p>Como puede ver, algunos de los signos de depresi\u00f3n y ansiedad, como fatiga y dificultad para respirar, son muy similares a los s\u00edntomas de la insuficiencia card\u00edaca. Una forma de distinguir entre los s\u00edntomas de la depresi\u00f3n y la ansiedad y los de la insuficiencia card\u00edaca es prestar atenci\u00f3n a si los s\u00edntomas se producen cuando se hace un esfuerzo. Los s\u00edntomas de la insuficiencia card\u00edaca generalmente empeoran con el esfuerzo f\u00edsico y disminuyen en reposo, mientras que los s\u00edntomas de la depresi\u00f3n y la ansiedad pueden aparecer independientemente de si se mueve o no y de hecho pueden mejorar despu\u00e9s del esfuerzo f\u00edsico. Es importante que hable sobre sus s\u00edntomas de sufrimiento mental con los profesionales m\u00e9dicos o de enfermer\u00eda encargados de tratar su insuficiencia card\u00edaca.<\/p>\n<p><a href=\"https:\/\/www.heartfailurematters.org\/heart-failure-causes-and-other-common-medical-conditions\/other-common-medical-conditions-and-heart-failure\/\">Volver a Otras enfermedades frecuentes e insuficiencia card\u00edaca<\/a><\/p>\n","protected":false},"excerpt":{"rendered":"<p>En las personas con insuficiencia card\u00edaca, la depresi\u00f3n y la ansiedad son trastornos frecuentes. Una de cada cinco personas con insuficiencia card\u00edaca tiene s\u00edntomas de depresi\u00f3n de leves a moderados y un grupo m\u00e1s reducido presenta s\u00edntomas depresivos m\u00e1s graves. La depresi\u00f3n es m\u00e1s habitual en aquellas con s\u00edntomas de insuficiencia card\u00edaca m\u00e1s graves y [&hellip;]<\/p>\n","protected":false},"author":1,"featured_media":10853,"parent":8046,"menu_order":23,"comment_status":"closed","ping_status":"closed","template":"","meta":{"_acf_changed":false,"footnotes":""},"categories":[],"tags":[],"class_list":["post-8116","page","type-page","status-publish","has-post-thumbnail","hentry"],"acf":[],"yoast_head":"<!-- This site is optimized with the Yoast SEO plugin v24.8.1 - https:\/\/yoast.com\/wordpress\/plugins\/seo\/ -->\n<title>Depresi\u00f3n y ansiedad - Heart Failure Matters<\/title>\n<meta name=\"description\" content=\"La depresi\u00f3n es m\u00e1s com\u00fan si presenta s\u00edntomas de insuficiencia card\u00edaca m\u00e1s graves y limitaciones f\u00edsicas, lo que puede dificultar su diagn\u00f3stico.\" \/>\n<meta name=\"robots\" content=\"index, follow, max-snippet:-1, max-image-preview:large, max-video-preview:-1\" \/>\n<link rel=\"canonical\" href=\"https:\/\/www.heartfailurematters.org\/es\/causas-de-la-insuficiencia-cardiaca-y-otras-afecciones-medicas-frecuentes\/depresion-y-ansiedad\/\" \/>\n<meta property=\"og:locale\" content=\"es_ES\" \/>\n<meta property=\"og:type\" content=\"article\" \/>\n<meta property=\"og:title\" content=\"Depresi\u00f3n y ansiedad - Heart Failure Matters\" \/>\n<meta property=\"og:description\" content=\"La depresi\u00f3n es m\u00e1s com\u00fan si presenta s\u00edntomas de insuficiencia card\u00edaca m\u00e1s graves y limitaciones f\u00edsicas, lo que puede dificultar su diagn\u00f3stico.\" \/>\n<meta property=\"og:url\" content=\"https:\/\/www.heartfailurematters.org\/es\/causas-de-la-insuficiencia-cardiaca-y-otras-afecciones-medicas-frecuentes\/depresion-y-ansiedad\/\" \/>\n<meta property=\"og:site_name\" content=\"Heart Failure Matters\" \/>\n<meta property=\"article:publisher\" content=\"https:\/\/www.facebook.com\/heartfailurematters\" \/>\n<meta property=\"article:modified_time\" content=\"2022-01-25T14:56:39+00:00\" \/>\n<meta property=\"og:image\" content=\"https:\/\/www.heartfailurematters.org\/wp-content\/uploads\/2022\/03\/shutterstock_1769847845-1-min.jpg\" \/>\n\t<meta property=\"og:image:width\" content=\"900\" \/>\n\t<meta property=\"og:image:height\" content=\"600\" \/>\n\t<meta property=\"og:image:type\" content=\"image\/jpeg\" \/>\n<meta name=\"twitter:card\" content=\"summary_large_image\" \/>\n<meta name=\"twitter:label1\" content=\"Tiempo de lectura\" \/>\n\t<meta name=\"twitter:data1\" content=\"4 minutos\" \/>\n<script type=\"application\/ld+json\" class=\"yoast-schema-graph\">{\"@context\":\"https:\/\/schema.org\",\"@graph\":[{\"@type\":\"WebPage\",\"@id\":\"https:\/\/www.heartfailurematters.org\/es\/causas-de-la-insuficiencia-cardiaca-y-otras-afecciones-medicas-frecuentes\/depresion-y-ansiedad\/\",\"url\":\"https:\/\/www.heartfailurematters.org\/es\/causas-de-la-insuficiencia-cardiaca-y-otras-afecciones-medicas-frecuentes\/depresion-y-ansiedad\/\",\"name\":\"Depresi\u00f3n y ansiedad - Heart Failure Matters\",\"isPartOf\":{\"@id\":\"https:\/\/www.heartfailurematters.org\/es\/#website\"},\"primaryImageOfPage\":{\"@id\":\"https:\/\/www.heartfailurematters.org\/es\/causas-de-la-insuficiencia-cardiaca-y-otras-afecciones-medicas-frecuentes\/depresion-y-ansiedad\/#primaryimage\"},\"image\":{\"@id\":\"https:\/\/www.heartfailurematters.org\/es\/causas-de-la-insuficiencia-cardiaca-y-otras-afecciones-medicas-frecuentes\/depresion-y-ansiedad\/#primaryimage\"},\"thumbnailUrl\":\"https:\/\/www.heartfailurematters.org\/wp-content\/uploads\/2022\/03\/shutterstock_1769847845-1-min.jpg\",\"datePublished\":\"2021-04-12T10:41:07+00:00\",\"dateModified\":\"2022-01-25T14:56:39+00:00\",\"description\":\"La depresi\u00f3n es m\u00e1s com\u00fan si presenta s\u00edntomas de insuficiencia card\u00edaca m\u00e1s graves y limitaciones f\u00edsicas, lo que puede dificultar su diagn\u00f3stico.\",\"breadcrumb\":{\"@id\":\"https:\/\/www.heartfailurematters.org\/es\/causas-de-la-insuficiencia-cardiaca-y-otras-afecciones-medicas-frecuentes\/depresion-y-ansiedad\/#breadcrumb\"},\"inLanguage\":\"es\",\"potentialAction\":[{\"@type\":\"ReadAction\",\"target\":[\"https:\/\/www.heartfailurematters.org\/es\/causas-de-la-insuficiencia-cardiaca-y-otras-afecciones-medicas-frecuentes\/depresion-y-ansiedad\/\"]}]},{\"@type\":\"ImageObject\",\"inLanguage\":\"es\",\"@id\":\"https:\/\/www.heartfailurematters.org\/es\/causas-de-la-insuficiencia-cardiaca-y-otras-afecciones-medicas-frecuentes\/depresion-y-ansiedad\/#primaryimage\",\"url\":\"https:\/\/www.heartfailurematters.org\/wp-content\/uploads\/2022\/03\/shutterstock_1769847845-1-min.jpg\",\"contentUrl\":\"https:\/\/www.heartfailurematters.org\/wp-content\/uploads\/2022\/03\/shutterstock_1769847845-1-min.jpg\",\"width\":900,\"height\":600},{\"@type\":\"BreadcrumbList\",\"@id\":\"https:\/\/www.heartfailurematters.org\/es\/causas-de-la-insuficiencia-cardiaca-y-otras-afecciones-medicas-frecuentes\/depresion-y-ansiedad\/#breadcrumb\",\"itemListElement\":[{\"@type\":\"ListItem\",\"position\":1,\"name\":\"Inicio\",\"item\":\"https:\/\/www.heartfailurematters.org\/es\/\"},{\"@type\":\"ListItem\",\"position\":2,\"name\":\"Causas de la insuficiencia card\u00edaca y otras afecciones m\u00e9dicas frecuentes\",\"item\":\"https:\/\/www.heartfailurematters.org\/es\/causas-de-la-insuficiencia-cardiaca-y-otras-afecciones-medicas-frecuentes\/\"},{\"@type\":\"ListItem\",\"position\":3,\"name\":\"Depresi\u00f3n y ansiedad\"}]},{\"@type\":\"WebSite\",\"@id\":\"https:\/\/www.heartfailurematters.org\/es\/#website\",\"url\":\"https:\/\/www.heartfailurematters.org\/es\/\",\"name\":\"Heart Failure Matters\",\"description\":\"Practical information for patients, families and caregivers.\",\"publisher\":{\"@id\":\"https:\/\/www.heartfailurematters.org\/es\/#organization\"},\"potentialAction\":[{\"@type\":\"SearchAction\",\"target\":{\"@type\":\"EntryPoint\",\"urlTemplate\":\"https:\/\/www.heartfailurematters.org\/es\/?s={search_term_string}\"},\"query-input\":{\"@type\":\"PropertyValueSpecification\",\"valueRequired\":true,\"valueName\":\"search_term_string\"}}],\"inLanguage\":\"es\"},{\"@type\":\"Organization\",\"@id\":\"https:\/\/www.heartfailurematters.org\/es\/#organization\",\"name\":\"Heart Failure Matters\",\"url\":\"https:\/\/www.heartfailurematters.org\/es\/\",\"logo\":{\"@type\":\"ImageObject\",\"inLanguage\":\"es\",\"@id\":\"https:\/\/www.heartfailurematters.org\/es\/#\/schema\/logo\/image\/\",\"url\":\"https:\/\/cdn-endpoint-hfm.azureedge.net\/heartfailurematters\/2024\/07\/hfm-logo1.jpg\",\"contentUrl\":\"https:\/\/cdn-endpoint-hfm.azureedge.net\/heartfailurematters\/2024\/07\/hfm-logo1.jpg\",\"width\":1280,\"height\":720,\"caption\":\"Heart Failure Matters\"},\"image\":{\"@id\":\"https:\/\/www.heartfailurematters.org\/es\/#\/schema\/logo\/image\/\"},\"sameAs\":[\"https:\/\/www.facebook.com\/heartfailurematters\"]}]}<\/script>\n<!-- \/ Yoast SEO plugin. -->","yoast_head_json":{"title":"Depresi\u00f3n y ansiedad - Heart Failure Matters","description":"La depresi\u00f3n es m\u00e1s com\u00fan si presenta s\u00edntomas de insuficiencia card\u00edaca m\u00e1s graves y limitaciones f\u00edsicas, lo que puede dificultar su diagn\u00f3stico.","robots":{"index":"index","follow":"follow","max-snippet":"max-snippet:-1","max-image-preview":"max-image-preview:large","max-video-preview":"max-video-preview:-1"},"canonical":"https:\/\/www.heartfailurematters.org\/es\/causas-de-la-insuficiencia-cardiaca-y-otras-afecciones-medicas-frecuentes\/depresion-y-ansiedad\/","og_locale":"es_ES","og_type":"article","og_title":"Depresi\u00f3n y ansiedad - Heart Failure Matters","og_description":"La depresi\u00f3n es m\u00e1s com\u00fan si presenta s\u00edntomas de insuficiencia card\u00edaca m\u00e1s graves y limitaciones f\u00edsicas, lo que puede dificultar su diagn\u00f3stico.","og_url":"https:\/\/www.heartfailurematters.org\/es\/causas-de-la-insuficiencia-cardiaca-y-otras-afecciones-medicas-frecuentes\/depresion-y-ansiedad\/","og_site_name":"Heart Failure Matters","article_publisher":"https:\/\/www.facebook.com\/heartfailurematters","article_modified_time":"2022-01-25T14:56:39+00:00","og_image":[{"width":900,"height":600,"url":"https:\/\/www.heartfailurematters.org\/wp-content\/uploads\/2022\/03\/shutterstock_1769847845-1-min.jpg","type":"image\/jpeg"}],"twitter_card":"summary_large_image","twitter_misc":{"Tiempo de lectura":"4 minutos"},"schema":{"@context":"https:\/\/schema.org","@graph":[{"@type":"WebPage","@id":"https:\/\/www.heartfailurematters.org\/es\/causas-de-la-insuficiencia-cardiaca-y-otras-afecciones-medicas-frecuentes\/depresion-y-ansiedad\/","url":"https:\/\/www.heartfailurematters.org\/es\/causas-de-la-insuficiencia-cardiaca-y-otras-afecciones-medicas-frecuentes\/depresion-y-ansiedad\/","name":"Depresi\u00f3n y ansiedad - Heart Failure Matters","isPartOf":{"@id":"https:\/\/www.heartfailurematters.org\/es\/#website"},"primaryImageOfPage":{"@id":"https:\/\/www.heartfailurematters.org\/es\/causas-de-la-insuficiencia-cardiaca-y-otras-afecciones-medicas-frecuentes\/depresion-y-ansiedad\/#primaryimage"},"image":{"@id":"https:\/\/www.heartfailurematters.org\/es\/causas-de-la-insuficiencia-cardiaca-y-otras-afecciones-medicas-frecuentes\/depresion-y-ansiedad\/#primaryimage"},"thumbnailUrl":"https:\/\/www.heartfailurematters.org\/wp-content\/uploads\/2022\/03\/shutterstock_1769847845-1-min.jpg","datePublished":"2021-04-12T10:41:07+00:00","dateModified":"2022-01-25T14:56:39+00:00","description":"La depresi\u00f3n es m\u00e1s com\u00fan si presenta s\u00edntomas de insuficiencia card\u00edaca m\u00e1s graves y limitaciones f\u00edsicas, lo que puede dificultar su diagn\u00f3stico.","breadcrumb":{"@id":"https:\/\/www.heartfailurematters.org\/es\/causas-de-la-insuficiencia-cardiaca-y-otras-afecciones-medicas-frecuentes\/depresion-y-ansiedad\/#breadcrumb"},"inLanguage":"es","potentialAction":[{"@type":"ReadAction","target":["https:\/\/www.heartfailurematters.org\/es\/causas-de-la-insuficiencia-cardiaca-y-otras-afecciones-medicas-frecuentes\/depresion-y-ansiedad\/"]}]},{"@type":"ImageObject","inLanguage":"es","@id":"https:\/\/www.heartfailurematters.org\/es\/causas-de-la-insuficiencia-cardiaca-y-otras-afecciones-medicas-frecuentes\/depresion-y-ansiedad\/#primaryimage","url":"https:\/\/www.heartfailurematters.org\/wp-content\/uploads\/2022\/03\/shutterstock_1769847845-1-min.jpg","contentUrl":"https:\/\/www.heartfailurematters.org\/wp-content\/uploads\/2022\/03\/shutterstock_1769847845-1-min.jpg","width":900,"height":600},{"@type":"BreadcrumbList","@id":"https:\/\/www.heartfailurematters.org\/es\/causas-de-la-insuficiencia-cardiaca-y-otras-afecciones-medicas-frecuentes\/depresion-y-ansiedad\/#breadcrumb","itemListElement":[{"@type":"ListItem","position":1,"name":"Inicio","item":"https:\/\/www.heartfailurematters.org\/es\/"},{"@type":"ListItem","position":2,"name":"Causas de la insuficiencia card\u00edaca y otras afecciones m\u00e9dicas frecuentes","item":"https:\/\/www.heartfailurematters.org\/es\/causas-de-la-insuficiencia-cardiaca-y-otras-afecciones-medicas-frecuentes\/"},{"@type":"ListItem","position":3,"name":"Depresi\u00f3n y ansiedad"}]},{"@type":"WebSite","@id":"https:\/\/www.heartfailurematters.org\/es\/#website","url":"https:\/\/www.heartfailurematters.org\/es\/","name":"Heart Failure Matters","description":"Practical information for patients, families and caregivers.","publisher":{"@id":"https:\/\/www.heartfailurematters.org\/es\/#organization"},"potentialAction":[{"@type":"SearchAction","target":{"@type":"EntryPoint","urlTemplate":"https:\/\/www.heartfailurematters.org\/es\/?s={search_term_string}"},"query-input":{"@type":"PropertyValueSpecification","valueRequired":true,"valueName":"search_term_string"}}],"inLanguage":"es"},{"@type":"Organization","@id":"https:\/\/www.heartfailurematters.org\/es\/#organization","name":"Heart Failure Matters","url":"https:\/\/www.heartfailurematters.org\/es\/","logo":{"@type":"ImageObject","inLanguage":"es","@id":"https:\/\/www.heartfailurematters.org\/es\/#\/schema\/logo\/image\/","url":"https:\/\/cdn-endpoint-hfm.azureedge.net\/heartfailurematters\/2024\/07\/hfm-logo1.jpg","contentUrl":"https:\/\/cdn-endpoint-hfm.azureedge.net\/heartfailurematters\/2024\/07\/hfm-logo1.jpg","width":1280,"height":720,"caption":"Heart Failure Matters"},"image":{"@id":"https:\/\/www.heartfailurematters.org\/es\/#\/schema\/logo\/image\/"},"sameAs":["https:\/\/www.facebook.com\/heartfailurematters"]}]}},"_links":{"self":[{"href":"https:\/\/www.heartfailurematters.org\/es\/wp-json\/wp\/v2\/pages\/8116","targetHints":{"allow":["GET"]}}],"collection":[{"href":"https:\/\/www.heartfailurematters.org\/es\/wp-json\/wp\/v2\/pages"}],"about":[{"href":"https:\/\/www.heartfailurematters.org\/es\/wp-json\/wp\/v2\/types\/page"}],"author":[{"embeddable":true,"href":"https:\/\/www.heartfailurematters.org\/es\/wp-json\/wp\/v2\/users\/1"}],"replies":[{"embeddable":true,"href":"https:\/\/www.heartfailurematters.org\/es\/wp-json\/wp\/v2\/comments?post=8116"}],"version-history":[{"count":4,"href":"https:\/\/www.heartfailurematters.org\/es\/wp-json\/wp\/v2\/pages\/8116\/revisions"}],"predecessor-version":[{"id":10221,"href":"https:\/\/www.heartfailurematters.org\/es\/wp-json\/wp\/v2\/pages\/8116\/revisions\/10221"}],"up":[{"embeddable":true,"href":"https:\/\/www.heartfailurematters.org\/es\/wp-json\/wp\/v2\/pages\/8046"}],"wp:featuredmedia":[{"embeddable":true,"href":"https:\/\/www.heartfailurematters.org\/es\/wp-json\/wp\/v2\/media\/10853"}],"wp:attachment":[{"href":"https:\/\/www.heartfailurematters.org\/es\/wp-json\/wp\/v2\/media?parent=8116"}],"wp:term":[{"taxonomy":"category","embeddable":true,"href":"https:\/\/www.heartfailurematters.org\/es\/wp-json\/wp\/v2\/categories?post=8116"},{"taxonomy":"post_tag","embeddable":true,"href":"https:\/\/www.heartfailurematters.org\/es\/wp-json\/wp\/v2\/tags?post=8116"}],"curies":[{"name":"wp","href":"https:\/\/api.w.org\/{rel}","templated":true}]}}