{"id":8095,"date":"2021-04-12T11:41:01","date_gmt":"2021-04-12T10:41:01","guid":{"rendered":"https:\/\/www.heartfailurematters.org\/causas-de-la-insuficiencia-cardiaca-y-otras-afecciones-medicas-frecuentes\/gota\/"},"modified":"2021-07-29T15:34:20","modified_gmt":"2021-07-29T14:34:20","slug":"gota","status":"publish","type":"page","link":"https:\/\/www.heartfailurematters.org\/es\/causas-de-la-insuficiencia-cardiaca-y-otras-afecciones-medicas-frecuentes\/gota\/","title":{"rendered":"Gota"},"content":{"rendered":"<p>La gota es una enfermedad com\u00fan, especialmente en adultos mayores. Consiste en episodios de inflamaci\u00f3n dolorosa en las articulaciones y es causada por un aumento de la cantidad de \u00e1cido \u00farico en la sangre. El \u00e1cido \u00farico es un producto de desecho normal que se encuentra en el torrente sangu\u00edneo, pero tener demasiado \u00e1cido \u00farico en sangre puede provocar una afecci\u00f3n llamada hiperuricemia (una concentraci\u00f3n alta de \u00e1cido \u00farico en la sangre). La acumulaci\u00f3n de \u00e1cido \u00farico puede formar cristales similares a agujas en una articulaci\u00f3n, generalmente las articulaciones m\u00e1s fr\u00edas, como en el dedo gordo del pie. Estos ataques provocan dolor, sensibilidad, enrojecimiento, calor e inflamaci\u00f3n repentinos.<\/p>\n<p>Las personas con gota son m\u00e1s propensas a padecer cardiopat\u00edas, bloqueo de arterias e insuficiencia card\u00edaca frecuente. La gota tambi\u00e9n se asocia con un mayor riesgo de enfermedades renales, diabetes, c\u00e1ncer y apnea del sue\u00f1o, probablemente debido a un alto nivel de inflamaci\u00f3n cr\u00f3nica. Si no se trata, la gota puede ser grave y las nuevas investigaciones demuestran que los pacientes con gota tienen el doble de riesgo de sufrir un infarto de miocardio o un accidente cerebrovascular.<\/p>\n<p>En pacientes con insuficiencia card\u00edaca cr\u00f3nica, a menudo se detecta una concentraci\u00f3n elevada de \u00e1cido \u00farico en los an\u00e1lisis de sangre rutinarios. Los diur\u00e9ticos, que los pacientes con insuficiencia card\u00edaca generalmente necesitan para reducir la retenci\u00f3n de l\u00edquidos, a menudo aumentan los niveles de \u00e1cido \u00farico y provocan gota. El consumo cr\u00f3nico de alcohol y la obesidad tambi\u00e9n contribuyen a aumentar la formaci\u00f3n de \u00e1cido \u00farico. Los s\u00edntomas de gota generalmente se desarrollan despu\u00e9s de muchos a\u00f1os de hiperuricemia sostenida. El aumento de la concentraci\u00f3n de \u00e1cido \u00farico en el cuerpo, as\u00ed como una respuesta satisfactoria al tratamiento, pueden confirmarse mediante an\u00e1lisis de sangre normales.<\/p>\n<p>Mantener un nivel saludable de \u00e1cido \u00farico es importante para reducir el riesgo de gota para los pacientes con insuficiencia card\u00edaca y su profesional m\u00e9dico le realizar\u00e1 an\u00e1lisis de sangre de \u00e1cido \u00farico rutinarios, especialmente si usa diur\u00e9ticos o ha tenido un episodio de gota. Hacer ejercicio, mantener un peso saludable y evitar determinados alimentos que pueden desencadenar gota son aspectos importantes para reducir el riesgo de padecerla. Estos alimentos y bebidas son muy ricos en purinas, que son compuestos org\u00e1nicos esenciales que se descomponen en \u00e1cido \u00farico. Incluyen cerveza, levaduras, guisantes, legumbres, lentejas, espinacas, champi\u00f1ones, carne roja, cordero y cerdo, v\u00edsceras como h\u00edgado, ri\u00f1ones y mollejas y mariscos, especialmente gambas, langosta, anchoas y sardinas.<\/p>\n<p>Los medicamentos, como el alopurinol, se usan con frecuencia para reducir los niveles de \u00e1cido \u00farico al inhibir su bios\u00edntesis en el cuerpo, y as\u00ed evitar los ataques de gota. Adem\u00e1s, tomar alopurinol para reducir los niveles de \u00e1cido \u00farico puede protegerlo de un empeoramiento de la insuficiencia card\u00edaca. Es importante tomar este medicamento seg\u00fan lo prescrito, a largo plazo, y no detenerlo sin hablar de ello con el m\u00e9dico. Existen otros medicamentos para la gota aguda o cr\u00f3nica que su m\u00e9dico puede recetarle si es necesario. Recuerde evitar el uso de analg\u00e9sicos no esteroideos (AINE).<\/p>\n<p><a href=\"https:\/\/www.heartfailurematters.org\/heart-failure-causes-and-other-common-medical-conditions\/other-common-medical-conditions-and-heart-failure\/\">Volver a Otras enfermedades frecuentes e insuficiencia card\u00edaca<\/a><\/p>\n","protected":false},"excerpt":{"rendered":"<p>La gota es una enfermedad com\u00fan, especialmente en adultos mayores. Consiste en episodios de inflamaci\u00f3n dolorosa en las articulaciones y es causada por un aumento de la cantidad de \u00e1cido \u00farico en la sangre. El \u00e1cido \u00farico es un producto de desecho normal que se encuentra en el torrente sangu\u00edneo, pero tener demasiado \u00e1cido \u00farico [&hellip;]<\/p>\n","protected":false},"author":1,"featured_media":10833,"parent":8046,"menu_order":21,"comment_status":"closed","ping_status":"closed","template":"","meta":{"_acf_changed":false,"footnotes":""},"categories":[],"tags":[],"class_list":["post-8095","page","type-page","status-publish","has-post-thumbnail","hentry"],"acf":[],"yoast_head":"<!-- This site is optimized with the Yoast SEO plugin v24.8.1 - https:\/\/yoast.com\/wordpress\/plugins\/seo\/ -->\n<title>Gota - Heart Failure Matters<\/title>\n<meta name=\"description\" content=\"La gota consiste en episodios de inflamaci\u00f3n dolorosa en las articulaciones y se debe a un aumento de los niveles de \u00e1cido \u00farico en la sangre.\" \/>\n<meta name=\"robots\" content=\"index, follow, max-snippet:-1, max-image-preview:large, max-video-preview:-1\" \/>\n<link rel=\"canonical\" href=\"https:\/\/www.heartfailurematters.org\/es\/causas-de-la-insuficiencia-cardiaca-y-otras-afecciones-medicas-frecuentes\/gota\/\" \/>\n<meta property=\"og:locale\" content=\"es_ES\" \/>\n<meta property=\"og:type\" content=\"article\" \/>\n<meta property=\"og:title\" content=\"Gota - Heart Failure Matters\" \/>\n<meta property=\"og:description\" content=\"La gota consiste en episodios de inflamaci\u00f3n dolorosa en las articulaciones y se debe a un aumento de los niveles de \u00e1cido \u00farico en la sangre.\" \/>\n<meta property=\"og:url\" content=\"https:\/\/www.heartfailurematters.org\/es\/causas-de-la-insuficiencia-cardiaca-y-otras-afecciones-medicas-frecuentes\/gota\/\" \/>\n<meta property=\"og:site_name\" content=\"Heart Failure Matters\" \/>\n<meta property=\"article:publisher\" content=\"https:\/\/www.facebook.com\/heartfailurematters\" \/>\n<meta property=\"article:modified_time\" content=\"2021-07-29T14:34:20+00:00\" \/>\n<meta property=\"og:image\" content=\"https:\/\/www.heartfailurematters.org\/wp-content\/uploads\/2022\/03\/shutterstock_1768051616-1-min.jpg\" \/>\n\t<meta property=\"og:image:width\" content=\"900\" \/>\n\t<meta property=\"og:image:height\" content=\"600\" \/>\n\t<meta property=\"og:image:type\" content=\"image\/jpeg\" \/>\n<meta name=\"twitter:card\" content=\"summary_large_image\" \/>\n<meta name=\"twitter:label1\" content=\"Tiempo de lectura\" \/>\n\t<meta name=\"twitter:data1\" content=\"3 minutos\" \/>\n<script type=\"application\/ld+json\" class=\"yoast-schema-graph\">{\"@context\":\"https:\/\/schema.org\",\"@graph\":[{\"@type\":\"WebPage\",\"@id\":\"https:\/\/www.heartfailurematters.org\/es\/causas-de-la-insuficiencia-cardiaca-y-otras-afecciones-medicas-frecuentes\/gota\/\",\"url\":\"https:\/\/www.heartfailurematters.org\/es\/causas-de-la-insuficiencia-cardiaca-y-otras-afecciones-medicas-frecuentes\/gota\/\",\"name\":\"Gota - Heart Failure Matters\",\"isPartOf\":{\"@id\":\"https:\/\/www.heartfailurematters.org\/es\/#website\"},\"primaryImageOfPage\":{\"@id\":\"https:\/\/www.heartfailurematters.org\/es\/causas-de-la-insuficiencia-cardiaca-y-otras-afecciones-medicas-frecuentes\/gota\/#primaryimage\"},\"image\":{\"@id\":\"https:\/\/www.heartfailurematters.org\/es\/causas-de-la-insuficiencia-cardiaca-y-otras-afecciones-medicas-frecuentes\/gota\/#primaryimage\"},\"thumbnailUrl\":\"https:\/\/www.heartfailurematters.org\/wp-content\/uploads\/2022\/03\/shutterstock_1768051616-1-min.jpg\",\"datePublished\":\"2021-04-12T10:41:01+00:00\",\"dateModified\":\"2021-07-29T14:34:20+00:00\",\"description\":\"La gota consiste en episodios de inflamaci\u00f3n dolorosa en las articulaciones y se debe a un aumento de los niveles de \u00e1cido \u00farico en la sangre.\",\"breadcrumb\":{\"@id\":\"https:\/\/www.heartfailurematters.org\/es\/causas-de-la-insuficiencia-cardiaca-y-otras-afecciones-medicas-frecuentes\/gota\/#breadcrumb\"},\"inLanguage\":\"es\",\"potentialAction\":[{\"@type\":\"ReadAction\",\"target\":[\"https:\/\/www.heartfailurematters.org\/es\/causas-de-la-insuficiencia-cardiaca-y-otras-afecciones-medicas-frecuentes\/gota\/\"]}]},{\"@type\":\"ImageObject\",\"inLanguage\":\"es\",\"@id\":\"https:\/\/www.heartfailurematters.org\/es\/causas-de-la-insuficiencia-cardiaca-y-otras-afecciones-medicas-frecuentes\/gota\/#primaryimage\",\"url\":\"https:\/\/www.heartfailurematters.org\/wp-content\/uploads\/2022\/03\/shutterstock_1768051616-1-min.jpg\",\"contentUrl\":\"https:\/\/www.heartfailurematters.org\/wp-content\/uploads\/2022\/03\/shutterstock_1768051616-1-min.jpg\",\"width\":900,\"height\":600},{\"@type\":\"BreadcrumbList\",\"@id\":\"https:\/\/www.heartfailurematters.org\/es\/causas-de-la-insuficiencia-cardiaca-y-otras-afecciones-medicas-frecuentes\/gota\/#breadcrumb\",\"itemListElement\":[{\"@type\":\"ListItem\",\"position\":1,\"name\":\"Inicio\",\"item\":\"https:\/\/www.heartfailurematters.org\/es\/\"},{\"@type\":\"ListItem\",\"position\":2,\"name\":\"Causas de la insuficiencia card\u00edaca y otras afecciones m\u00e9dicas frecuentes\",\"item\":\"https:\/\/www.heartfailurematters.org\/es\/causas-de-la-insuficiencia-cardiaca-y-otras-afecciones-medicas-frecuentes\/\"},{\"@type\":\"ListItem\",\"position\":3,\"name\":\"Gota\"}]},{\"@type\":\"WebSite\",\"@id\":\"https:\/\/www.heartfailurematters.org\/es\/#website\",\"url\":\"https:\/\/www.heartfailurematters.org\/es\/\",\"name\":\"Heart Failure Matters\",\"description\":\"Practical information for patients, families and caregivers.\",\"publisher\":{\"@id\":\"https:\/\/www.heartfailurematters.org\/es\/#organization\"},\"potentialAction\":[{\"@type\":\"SearchAction\",\"target\":{\"@type\":\"EntryPoint\",\"urlTemplate\":\"https:\/\/www.heartfailurematters.org\/es\/?s={search_term_string}\"},\"query-input\":{\"@type\":\"PropertyValueSpecification\",\"valueRequired\":true,\"valueName\":\"search_term_string\"}}],\"inLanguage\":\"es\"},{\"@type\":\"Organization\",\"@id\":\"https:\/\/www.heartfailurematters.org\/es\/#organization\",\"name\":\"Heart Failure Matters\",\"url\":\"https:\/\/www.heartfailurematters.org\/es\/\",\"logo\":{\"@type\":\"ImageObject\",\"inLanguage\":\"es\",\"@id\":\"https:\/\/www.heartfailurematters.org\/es\/#\/schema\/logo\/image\/\",\"url\":\"https:\/\/cdn-endpoint-hfm.azureedge.net\/heartfailurematters\/2024\/07\/hfm-logo1.jpg\",\"contentUrl\":\"https:\/\/cdn-endpoint-hfm.azureedge.net\/heartfailurematters\/2024\/07\/hfm-logo1.jpg\",\"width\":1280,\"height\":720,\"caption\":\"Heart Failure Matters\"},\"image\":{\"@id\":\"https:\/\/www.heartfailurematters.org\/es\/#\/schema\/logo\/image\/\"},\"sameAs\":[\"https:\/\/www.facebook.com\/heartfailurematters\"]}]}<\/script>\n<!-- \/ Yoast SEO plugin. -->","yoast_head_json":{"title":"Gota - Heart Failure Matters","description":"La gota consiste en episodios de inflamaci\u00f3n dolorosa en las articulaciones y se debe a un aumento de los niveles de \u00e1cido \u00farico en la sangre.","robots":{"index":"index","follow":"follow","max-snippet":"max-snippet:-1","max-image-preview":"max-image-preview:large","max-video-preview":"max-video-preview:-1"},"canonical":"https:\/\/www.heartfailurematters.org\/es\/causas-de-la-insuficiencia-cardiaca-y-otras-afecciones-medicas-frecuentes\/gota\/","og_locale":"es_ES","og_type":"article","og_title":"Gota - Heart Failure Matters","og_description":"La gota consiste en episodios de inflamaci\u00f3n dolorosa en las articulaciones y se debe a un aumento de los niveles de \u00e1cido \u00farico en la sangre.","og_url":"https:\/\/www.heartfailurematters.org\/es\/causas-de-la-insuficiencia-cardiaca-y-otras-afecciones-medicas-frecuentes\/gota\/","og_site_name":"Heart Failure Matters","article_publisher":"https:\/\/www.facebook.com\/heartfailurematters","article_modified_time":"2021-07-29T14:34:20+00:00","og_image":[{"width":900,"height":600,"url":"https:\/\/www.heartfailurematters.org\/wp-content\/uploads\/2022\/03\/shutterstock_1768051616-1-min.jpg","type":"image\/jpeg"}],"twitter_card":"summary_large_image","twitter_misc":{"Tiempo de lectura":"3 minutos"},"schema":{"@context":"https:\/\/schema.org","@graph":[{"@type":"WebPage","@id":"https:\/\/www.heartfailurematters.org\/es\/causas-de-la-insuficiencia-cardiaca-y-otras-afecciones-medicas-frecuentes\/gota\/","url":"https:\/\/www.heartfailurematters.org\/es\/causas-de-la-insuficiencia-cardiaca-y-otras-afecciones-medicas-frecuentes\/gota\/","name":"Gota - Heart Failure Matters","isPartOf":{"@id":"https:\/\/www.heartfailurematters.org\/es\/#website"},"primaryImageOfPage":{"@id":"https:\/\/www.heartfailurematters.org\/es\/causas-de-la-insuficiencia-cardiaca-y-otras-afecciones-medicas-frecuentes\/gota\/#primaryimage"},"image":{"@id":"https:\/\/www.heartfailurematters.org\/es\/causas-de-la-insuficiencia-cardiaca-y-otras-afecciones-medicas-frecuentes\/gota\/#primaryimage"},"thumbnailUrl":"https:\/\/www.heartfailurematters.org\/wp-content\/uploads\/2022\/03\/shutterstock_1768051616-1-min.jpg","datePublished":"2021-04-12T10:41:01+00:00","dateModified":"2021-07-29T14:34:20+00:00","description":"La gota consiste en episodios de inflamaci\u00f3n dolorosa en las articulaciones y se debe a un aumento de los niveles de \u00e1cido \u00farico en la sangre.","breadcrumb":{"@id":"https:\/\/www.heartfailurematters.org\/es\/causas-de-la-insuficiencia-cardiaca-y-otras-afecciones-medicas-frecuentes\/gota\/#breadcrumb"},"inLanguage":"es","potentialAction":[{"@type":"ReadAction","target":["https:\/\/www.heartfailurematters.org\/es\/causas-de-la-insuficiencia-cardiaca-y-otras-afecciones-medicas-frecuentes\/gota\/"]}]},{"@type":"ImageObject","inLanguage":"es","@id":"https:\/\/www.heartfailurematters.org\/es\/causas-de-la-insuficiencia-cardiaca-y-otras-afecciones-medicas-frecuentes\/gota\/#primaryimage","url":"https:\/\/www.heartfailurematters.org\/wp-content\/uploads\/2022\/03\/shutterstock_1768051616-1-min.jpg","contentUrl":"https:\/\/www.heartfailurematters.org\/wp-content\/uploads\/2022\/03\/shutterstock_1768051616-1-min.jpg","width":900,"height":600},{"@type":"BreadcrumbList","@id":"https:\/\/www.heartfailurematters.org\/es\/causas-de-la-insuficiencia-cardiaca-y-otras-afecciones-medicas-frecuentes\/gota\/#breadcrumb","itemListElement":[{"@type":"ListItem","position":1,"name":"Inicio","item":"https:\/\/www.heartfailurematters.org\/es\/"},{"@type":"ListItem","position":2,"name":"Causas de la insuficiencia card\u00edaca y otras afecciones m\u00e9dicas frecuentes","item":"https:\/\/www.heartfailurematters.org\/es\/causas-de-la-insuficiencia-cardiaca-y-otras-afecciones-medicas-frecuentes\/"},{"@type":"ListItem","position":3,"name":"Gota"}]},{"@type":"WebSite","@id":"https:\/\/www.heartfailurematters.org\/es\/#website","url":"https:\/\/www.heartfailurematters.org\/es\/","name":"Heart Failure Matters","description":"Practical information for patients, families and caregivers.","publisher":{"@id":"https:\/\/www.heartfailurematters.org\/es\/#organization"},"potentialAction":[{"@type":"SearchAction","target":{"@type":"EntryPoint","urlTemplate":"https:\/\/www.heartfailurematters.org\/es\/?s={search_term_string}"},"query-input":{"@type":"PropertyValueSpecification","valueRequired":true,"valueName":"search_term_string"}}],"inLanguage":"es"},{"@type":"Organization","@id":"https:\/\/www.heartfailurematters.org\/es\/#organization","name":"Heart Failure Matters","url":"https:\/\/www.heartfailurematters.org\/es\/","logo":{"@type":"ImageObject","inLanguage":"es","@id":"https:\/\/www.heartfailurematters.org\/es\/#\/schema\/logo\/image\/","url":"https:\/\/cdn-endpoint-hfm.azureedge.net\/heartfailurematters\/2024\/07\/hfm-logo1.jpg","contentUrl":"https:\/\/cdn-endpoint-hfm.azureedge.net\/heartfailurematters\/2024\/07\/hfm-logo1.jpg","width":1280,"height":720,"caption":"Heart Failure Matters"},"image":{"@id":"https:\/\/www.heartfailurematters.org\/es\/#\/schema\/logo\/image\/"},"sameAs":["https:\/\/www.facebook.com\/heartfailurematters"]}]}},"_links":{"self":[{"href":"https:\/\/www.heartfailurematters.org\/es\/wp-json\/wp\/v2\/pages\/8095","targetHints":{"allow":["GET"]}}],"collection":[{"href":"https:\/\/www.heartfailurematters.org\/es\/wp-json\/wp\/v2\/pages"}],"about":[{"href":"https:\/\/www.heartfailurematters.org\/es\/wp-json\/wp\/v2\/types\/page"}],"author":[{"embeddable":true,"href":"https:\/\/www.heartfailurematters.org\/es\/wp-json\/wp\/v2\/users\/1"}],"replies":[{"embeddable":true,"href":"https:\/\/www.heartfailurematters.org\/es\/wp-json\/wp\/v2\/comments?post=8095"}],"version-history":[{"count":1,"href":"https:\/\/www.heartfailurematters.org\/es\/wp-json\/wp\/v2\/pages\/8095\/revisions"}],"predecessor-version":[{"id":9056,"href":"https:\/\/www.heartfailurematters.org\/es\/wp-json\/wp\/v2\/pages\/8095\/revisions\/9056"}],"up":[{"embeddable":true,"href":"https:\/\/www.heartfailurematters.org\/es\/wp-json\/wp\/v2\/pages\/8046"}],"wp:featuredmedia":[{"embeddable":true,"href":"https:\/\/www.heartfailurematters.org\/es\/wp-json\/wp\/v2\/media\/10833"}],"wp:attachment":[{"href":"https:\/\/www.heartfailurematters.org\/es\/wp-json\/wp\/v2\/media?parent=8095"}],"wp:term":[{"taxonomy":"category","embeddable":true,"href":"https:\/\/www.heartfailurematters.org\/es\/wp-json\/wp\/v2\/categories?post=8095"},{"taxonomy":"post_tag","embeddable":true,"href":"https:\/\/www.heartfailurematters.org\/es\/wp-json\/wp\/v2\/tags?post=8095"}],"curies":[{"name":"wp","href":"https:\/\/api.w.org\/{rel}","templated":true}]}}