{"id":8082,"date":"2021-04-12T11:40:58","date_gmt":"2021-04-12T10:40:58","guid":{"rendered":"https:\/\/www.heartfailurematters.org\/causas-de-la-insuficiencia-cardiaca-y-otras-afecciones-medicas-frecuentes\/enfermedad-pulmonar\/"},"modified":"2022-01-19T10:49:00","modified_gmt":"2022-01-19T10:49:00","slug":"enfermedad-pulmonar","status":"publish","type":"page","link":"https:\/\/www.heartfailurematters.org\/es\/causas-de-la-insuficiencia-cardiaca-y-otras-afecciones-medicas-frecuentes\/enfermedad-pulmonar\/","title":{"rendered":"Enfermedad pulmonar"},"content":{"rendered":"<p>Muchos pacientes con insuficiencia card\u00edaca tambi\u00e9n padecen enfermedades pulmonares. Las enfermedades pulmonares y la insuficiencia card\u00edaca pueden empeorar los s\u00edntomas diarios, en particular la dificultad para respirar y la fatiga. El t\u00e9rmino m\u00e9dico para referirse a la dificultad para respirar es disnea. Las enfermedades pulmonares m\u00e1s frecuentes son la enfermedad pulmonar obstructiva cr\u00f3nica (EPOC), el enfisema y el asma. Los pacientes tambi\u00e9n pueden tener trastornos respiratorios del sue\u00f1o, c\u00e1ncer de pulm\u00f3n o fibrosis pulmonar.<\/p>\n<p>La enfermedad pulmonar generalmente tiene una causa espec\u00edfica. Fumar puede provocar enfermedad pulmonar obstructiva cr\u00f3nica, asma, enfisema o c\u00e1ncer de pulm\u00f3n. Las alergias pueden ser causas estacionales de enfermedad pulmonar. Estas afecciones causan dificultad para respirar, tos, fatiga y reducen la capacidad para hacer ejercicio. Las pruebas de diagn\u00f3stico utilizadas habitualmente para detectar enfermedades pulmonares son las radiograf\u00edas de t\u00f3rax y las pruebas de funci\u00f3n pulmonar (espirometr\u00eda). La insuficiencia card\u00edaca tambi\u00e9n puede presentarse con derrame pleural, que es l\u00edquido que se acumula alrededor del pulm\u00f3n que causa o empeora la dificultad para respirar.<\/p>\n<p>Si tiene insuficiencia card\u00edaca y le han diagnosticado una enfermedad pulmonar, deber\u00e1 seguir recomendaciones y tratamientos espec\u00edficos para lograr un control \u00f3ptimo de su patolog\u00eda. La primera medida y la m\u00e1s importante es dejar de fumar. Adem\u00e1s, la medicaci\u00f3n ayuda principalmente a controlar los s\u00edntomas y consiste en f\u00e1rmacos inhalados (broncodilatadores, corticosteroides) que generalmente tienen pocos efectos secundarios y se pueden usar junto con la medicaci\u00f3n para la insuficiencia card\u00edaca. Tambi\u00e9n es importante vacunarse regularmente contra la gripe (estacional), la neumon\u00eda neumoc\u00f3cica (cada 5 a\u00f1os) y, desde 2020, tambi\u00e9n contra el nuevo coronavirus SARS-CoV-2.<\/p>\n<p>La enfermedad pulmonar afecta al intercambio de gases. Como resultado, no se transfiere suficiente ox\u00edgeno de los pulmones a la sangre y luego, a trav\u00e9s del torrente sangu\u00edneo, a los \u00f3rganos; esta afecci\u00f3n se denomina hipoxia. El coraz\u00f3n tratar\u00e1 de compensarlo trabajando m\u00e1s para satisfacer la demanda de ox\u00edgeno de los \u00f3rganos. Si esto es insuficiente, algunos pacientes deber\u00e1n recibir oxigenoterapia a largo plazo en casa. Al tener una enfermedad pulmonar avanzada, los pacientes no pueden eliminar suficiente di\u00f3xido de carbono, lo que empeora a\u00fan m\u00e1s los s\u00edntomas de fatiga e intolerancia al ejercicio f\u00edsico.<\/p>\n<p>La EPOC es un importante factor de riesgo de insuficiencia card\u00edaca, siendo principalmente el ventr\u00edculo izquierdo el que muestra una funci\u00f3n reducida. En los pacientes con enfermedad pulmonar e insuficiencia card\u00edaca, el lado derecho del coraz\u00f3n, que bombea sangre a los pulmones, tambi\u00e9n se ve afectado por el mayor esfuerzo necesario para empujar la sangre a trav\u00e9s de los pulmones. Los pacientes pueden desarrollar una insuficiencia card\u00edaca en el lado derecho que quiz\u00e1s no empeore la dificultad para respirar, pero que puede causar congesti\u00f3n en las venas acompa\u00f1ada de una acumulaci\u00f3n de l\u00edquidos e hinchaz\u00f3n en las piernas y el abdomen. Esta acumulaci\u00f3n de l\u00edquidos se llama edema, que tambi\u00e9n es un s\u00edntoma habitual de la insuficiencia card\u00edaca. La insuficiencia card\u00edaca aislada del lado derecho es muy poco frecuente (&lt;1 %).<\/p>\n<p>Los pacientes con insuficiencia card\u00edaca y enfermedad pulmonar presentan s\u00edntomas similares. La congesti\u00f3n pulmonar debida a la insuficiencia card\u00edaca empeora los s\u00edntomas en pacientes con enfermedad pulmonar coexistente y puede causar obstrucci\u00f3n adicional, seg\u00fan lo evaluado mediante espirometr\u00eda. En la EPOC hay obstrucci\u00f3n dentro de los bronquiolos, que son los peque\u00f1os conductos de aire de los pulmones. En la insuficiencia card\u00edaca, el l\u00edquido se acumula en el exterior de los bronquiolos en los pulmones. Por lo tanto, es esencial asegurarse de que se detecta la insuficiencia card\u00edaca en pacientes con enfermedad pulmonar y viceversa. Hable sobre sus s\u00edntomas con su m\u00e9dico de atenci\u00f3n primaria o enfermero\/a.<\/p>\n<p>&nbsp;<\/p>\n<p><a href=\"https:\/\/www.heartfailurematters.org\/heart-failure-causes-and-other-common-medical-conditions\/other-common-medical-conditions-and-heart-failure\/\">Volver a Otras enfermedades frecuentes e insuficiencia card\u00edaca<\/a><\/p>\n","protected":false},"excerpt":{"rendered":"<p>Muchos pacientes con insuficiencia card\u00edaca tambi\u00e9n padecen enfermedades pulmonares. Las enfermedades pulmonares y la insuficiencia card\u00edaca pueden empeorar los s\u00edntomas diarios, en particular la dificultad para respirar y la fatiga. El t\u00e9rmino m\u00e9dico para referirse a la dificultad para respirar es disnea. Las enfermedades pulmonares m\u00e1s frecuentes son la enfermedad pulmonar obstructiva cr\u00f3nica (EPOC), el [&hellip;]<\/p>\n","protected":false},"author":1,"featured_media":10661,"parent":8046,"menu_order":11,"comment_status":"closed","ping_status":"closed","template":"","meta":{"_acf_changed":false,"footnotes":""},"categories":[],"tags":[],"class_list":["post-8082","page","type-page","status-publish","has-post-thumbnail","hentry"],"acf":[],"yoast_head":"<!-- This site is optimized with the Yoast SEO plugin v24.8.1 - https:\/\/yoast.com\/wordpress\/plugins\/seo\/ -->\n<title>Enfermedad pulmonar - Heart Failure Matters<\/title>\n<meta name=\"description\" content=\"Las enfermedades pulmonares y la insuficiencia card\u00edaca pueden empeorar los s\u00edntomas diarios, en particular la dificultad para respirar y la fatiga.\" \/>\n<meta name=\"robots\" content=\"index, follow, max-snippet:-1, max-image-preview:large, max-video-preview:-1\" \/>\n<link rel=\"canonical\" href=\"https:\/\/www.heartfailurematters.org\/es\/causas-de-la-insuficiencia-cardiaca-y-otras-afecciones-medicas-frecuentes\/enfermedad-pulmonar\/\" \/>\n<meta property=\"og:locale\" content=\"es_ES\" \/>\n<meta property=\"og:type\" content=\"article\" \/>\n<meta property=\"og:title\" content=\"Enfermedad pulmonar - Heart Failure Matters\" \/>\n<meta property=\"og:description\" content=\"Las enfermedades pulmonares y la insuficiencia card\u00edaca pueden empeorar los s\u00edntomas diarios, en particular la dificultad para respirar y la fatiga.\" \/>\n<meta property=\"og:url\" content=\"https:\/\/www.heartfailurematters.org\/es\/causas-de-la-insuficiencia-cardiaca-y-otras-afecciones-medicas-frecuentes\/enfermedad-pulmonar\/\" \/>\n<meta property=\"og:site_name\" content=\"Heart Failure Matters\" \/>\n<meta property=\"article:publisher\" content=\"https:\/\/www.facebook.com\/heartfailurematters\" \/>\n<meta property=\"article:modified_time\" content=\"2022-01-19T10:49:00+00:00\" \/>\n<meta property=\"og:image\" content=\"https:\/\/www.heartfailurematters.org\/wp-content\/uploads\/2022\/02\/shutterstock_1497378077-1-min.jpg\" \/>\n\t<meta property=\"og:image:width\" content=\"900\" \/>\n\t<meta property=\"og:image:height\" content=\"600\" \/>\n\t<meta property=\"og:image:type\" content=\"image\/jpeg\" \/>\n<meta name=\"twitter:card\" content=\"summary_large_image\" \/>\n<meta name=\"twitter:label1\" content=\"Tiempo de lectura\" \/>\n\t<meta name=\"twitter:data1\" content=\"3 minutos\" \/>\n<script type=\"application\/ld+json\" class=\"yoast-schema-graph\">{\"@context\":\"https:\/\/schema.org\",\"@graph\":[{\"@type\":\"WebPage\",\"@id\":\"https:\/\/www.heartfailurematters.org\/es\/causas-de-la-insuficiencia-cardiaca-y-otras-afecciones-medicas-frecuentes\/enfermedad-pulmonar\/\",\"url\":\"https:\/\/www.heartfailurematters.org\/es\/causas-de-la-insuficiencia-cardiaca-y-otras-afecciones-medicas-frecuentes\/enfermedad-pulmonar\/\",\"name\":\"Enfermedad pulmonar - Heart Failure Matters\",\"isPartOf\":{\"@id\":\"https:\/\/www.heartfailurematters.org\/es\/#website\"},\"primaryImageOfPage\":{\"@id\":\"https:\/\/www.heartfailurematters.org\/es\/causas-de-la-insuficiencia-cardiaca-y-otras-afecciones-medicas-frecuentes\/enfermedad-pulmonar\/#primaryimage\"},\"image\":{\"@id\":\"https:\/\/www.heartfailurematters.org\/es\/causas-de-la-insuficiencia-cardiaca-y-otras-afecciones-medicas-frecuentes\/enfermedad-pulmonar\/#primaryimage\"},\"thumbnailUrl\":\"https:\/\/www.heartfailurematters.org\/wp-content\/uploads\/2022\/02\/shutterstock_1497378077-1-min.jpg\",\"datePublished\":\"2021-04-12T10:40:58+00:00\",\"dateModified\":\"2022-01-19T10:49:00+00:00\",\"description\":\"Las enfermedades pulmonares y la insuficiencia card\u00edaca pueden empeorar los s\u00edntomas diarios, en particular la dificultad para respirar y la fatiga.\",\"breadcrumb\":{\"@id\":\"https:\/\/www.heartfailurematters.org\/es\/causas-de-la-insuficiencia-cardiaca-y-otras-afecciones-medicas-frecuentes\/enfermedad-pulmonar\/#breadcrumb\"},\"inLanguage\":\"es\",\"potentialAction\":[{\"@type\":\"ReadAction\",\"target\":[\"https:\/\/www.heartfailurematters.org\/es\/causas-de-la-insuficiencia-cardiaca-y-otras-afecciones-medicas-frecuentes\/enfermedad-pulmonar\/\"]}]},{\"@type\":\"ImageObject\",\"inLanguage\":\"es\",\"@id\":\"https:\/\/www.heartfailurematters.org\/es\/causas-de-la-insuficiencia-cardiaca-y-otras-afecciones-medicas-frecuentes\/enfermedad-pulmonar\/#primaryimage\",\"url\":\"https:\/\/www.heartfailurematters.org\/wp-content\/uploads\/2022\/02\/shutterstock_1497378077-1-min.jpg\",\"contentUrl\":\"https:\/\/www.heartfailurematters.org\/wp-content\/uploads\/2022\/02\/shutterstock_1497378077-1-min.jpg\",\"width\":900,\"height\":600},{\"@type\":\"BreadcrumbList\",\"@id\":\"https:\/\/www.heartfailurematters.org\/es\/causas-de-la-insuficiencia-cardiaca-y-otras-afecciones-medicas-frecuentes\/enfermedad-pulmonar\/#breadcrumb\",\"itemListElement\":[{\"@type\":\"ListItem\",\"position\":1,\"name\":\"Inicio\",\"item\":\"https:\/\/www.heartfailurematters.org\/es\/\"},{\"@type\":\"ListItem\",\"position\":2,\"name\":\"Causas de la insuficiencia card\u00edaca y otras afecciones m\u00e9dicas frecuentes\",\"item\":\"https:\/\/www.heartfailurematters.org\/es\/causas-de-la-insuficiencia-cardiaca-y-otras-afecciones-medicas-frecuentes\/\"},{\"@type\":\"ListItem\",\"position\":3,\"name\":\"Enfermedad pulmonar\"}]},{\"@type\":\"WebSite\",\"@id\":\"https:\/\/www.heartfailurematters.org\/es\/#website\",\"url\":\"https:\/\/www.heartfailurematters.org\/es\/\",\"name\":\"Heart Failure Matters\",\"description\":\"Practical information for patients, families and caregivers.\",\"publisher\":{\"@id\":\"https:\/\/www.heartfailurematters.org\/es\/#organization\"},\"potentialAction\":[{\"@type\":\"SearchAction\",\"target\":{\"@type\":\"EntryPoint\",\"urlTemplate\":\"https:\/\/www.heartfailurematters.org\/es\/?s={search_term_string}\"},\"query-input\":{\"@type\":\"PropertyValueSpecification\",\"valueRequired\":true,\"valueName\":\"search_term_string\"}}],\"inLanguage\":\"es\"},{\"@type\":\"Organization\",\"@id\":\"https:\/\/www.heartfailurematters.org\/es\/#organization\",\"name\":\"Heart Failure Matters\",\"url\":\"https:\/\/www.heartfailurematters.org\/es\/\",\"logo\":{\"@type\":\"ImageObject\",\"inLanguage\":\"es\",\"@id\":\"https:\/\/www.heartfailurematters.org\/es\/#\/schema\/logo\/image\/\",\"url\":\"https:\/\/cdn-endpoint-hfm.azureedge.net\/heartfailurematters\/2024\/07\/hfm-logo1.jpg\",\"contentUrl\":\"https:\/\/cdn-endpoint-hfm.azureedge.net\/heartfailurematters\/2024\/07\/hfm-logo1.jpg\",\"width\":1280,\"height\":720,\"caption\":\"Heart Failure Matters\"},\"image\":{\"@id\":\"https:\/\/www.heartfailurematters.org\/es\/#\/schema\/logo\/image\/\"},\"sameAs\":[\"https:\/\/www.facebook.com\/heartfailurematters\"]}]}<\/script>\n<!-- \/ Yoast SEO plugin. -->","yoast_head_json":{"title":"Enfermedad pulmonar - Heart Failure Matters","description":"Las enfermedades pulmonares y la insuficiencia card\u00edaca pueden empeorar los s\u00edntomas diarios, en particular la dificultad para respirar y la fatiga.","robots":{"index":"index","follow":"follow","max-snippet":"max-snippet:-1","max-image-preview":"max-image-preview:large","max-video-preview":"max-video-preview:-1"},"canonical":"https:\/\/www.heartfailurematters.org\/es\/causas-de-la-insuficiencia-cardiaca-y-otras-afecciones-medicas-frecuentes\/enfermedad-pulmonar\/","og_locale":"es_ES","og_type":"article","og_title":"Enfermedad pulmonar - Heart Failure Matters","og_description":"Las enfermedades pulmonares y la insuficiencia card\u00edaca pueden empeorar los s\u00edntomas diarios, en particular la dificultad para respirar y la fatiga.","og_url":"https:\/\/www.heartfailurematters.org\/es\/causas-de-la-insuficiencia-cardiaca-y-otras-afecciones-medicas-frecuentes\/enfermedad-pulmonar\/","og_site_name":"Heart Failure Matters","article_publisher":"https:\/\/www.facebook.com\/heartfailurematters","article_modified_time":"2022-01-19T10:49:00+00:00","og_image":[{"width":900,"height":600,"url":"https:\/\/www.heartfailurematters.org\/wp-content\/uploads\/2022\/02\/shutterstock_1497378077-1-min.jpg","type":"image\/jpeg"}],"twitter_card":"summary_large_image","twitter_misc":{"Tiempo de lectura":"3 minutos"},"schema":{"@context":"https:\/\/schema.org","@graph":[{"@type":"WebPage","@id":"https:\/\/www.heartfailurematters.org\/es\/causas-de-la-insuficiencia-cardiaca-y-otras-afecciones-medicas-frecuentes\/enfermedad-pulmonar\/","url":"https:\/\/www.heartfailurematters.org\/es\/causas-de-la-insuficiencia-cardiaca-y-otras-afecciones-medicas-frecuentes\/enfermedad-pulmonar\/","name":"Enfermedad pulmonar - Heart Failure Matters","isPartOf":{"@id":"https:\/\/www.heartfailurematters.org\/es\/#website"},"primaryImageOfPage":{"@id":"https:\/\/www.heartfailurematters.org\/es\/causas-de-la-insuficiencia-cardiaca-y-otras-afecciones-medicas-frecuentes\/enfermedad-pulmonar\/#primaryimage"},"image":{"@id":"https:\/\/www.heartfailurematters.org\/es\/causas-de-la-insuficiencia-cardiaca-y-otras-afecciones-medicas-frecuentes\/enfermedad-pulmonar\/#primaryimage"},"thumbnailUrl":"https:\/\/www.heartfailurematters.org\/wp-content\/uploads\/2022\/02\/shutterstock_1497378077-1-min.jpg","datePublished":"2021-04-12T10:40:58+00:00","dateModified":"2022-01-19T10:49:00+00:00","description":"Las enfermedades pulmonares y la insuficiencia card\u00edaca pueden empeorar los s\u00edntomas diarios, en particular la dificultad para respirar y la fatiga.","breadcrumb":{"@id":"https:\/\/www.heartfailurematters.org\/es\/causas-de-la-insuficiencia-cardiaca-y-otras-afecciones-medicas-frecuentes\/enfermedad-pulmonar\/#breadcrumb"},"inLanguage":"es","potentialAction":[{"@type":"ReadAction","target":["https:\/\/www.heartfailurematters.org\/es\/causas-de-la-insuficiencia-cardiaca-y-otras-afecciones-medicas-frecuentes\/enfermedad-pulmonar\/"]}]},{"@type":"ImageObject","inLanguage":"es","@id":"https:\/\/www.heartfailurematters.org\/es\/causas-de-la-insuficiencia-cardiaca-y-otras-afecciones-medicas-frecuentes\/enfermedad-pulmonar\/#primaryimage","url":"https:\/\/www.heartfailurematters.org\/wp-content\/uploads\/2022\/02\/shutterstock_1497378077-1-min.jpg","contentUrl":"https:\/\/www.heartfailurematters.org\/wp-content\/uploads\/2022\/02\/shutterstock_1497378077-1-min.jpg","width":900,"height":600},{"@type":"BreadcrumbList","@id":"https:\/\/www.heartfailurematters.org\/es\/causas-de-la-insuficiencia-cardiaca-y-otras-afecciones-medicas-frecuentes\/enfermedad-pulmonar\/#breadcrumb","itemListElement":[{"@type":"ListItem","position":1,"name":"Inicio","item":"https:\/\/www.heartfailurematters.org\/es\/"},{"@type":"ListItem","position":2,"name":"Causas de la insuficiencia card\u00edaca y otras afecciones m\u00e9dicas frecuentes","item":"https:\/\/www.heartfailurematters.org\/es\/causas-de-la-insuficiencia-cardiaca-y-otras-afecciones-medicas-frecuentes\/"},{"@type":"ListItem","position":3,"name":"Enfermedad pulmonar"}]},{"@type":"WebSite","@id":"https:\/\/www.heartfailurematters.org\/es\/#website","url":"https:\/\/www.heartfailurematters.org\/es\/","name":"Heart Failure Matters","description":"Practical information for patients, families and caregivers.","publisher":{"@id":"https:\/\/www.heartfailurematters.org\/es\/#organization"},"potentialAction":[{"@type":"SearchAction","target":{"@type":"EntryPoint","urlTemplate":"https:\/\/www.heartfailurematters.org\/es\/?s={search_term_string}"},"query-input":{"@type":"PropertyValueSpecification","valueRequired":true,"valueName":"search_term_string"}}],"inLanguage":"es"},{"@type":"Organization","@id":"https:\/\/www.heartfailurematters.org\/es\/#organization","name":"Heart Failure Matters","url":"https:\/\/www.heartfailurematters.org\/es\/","logo":{"@type":"ImageObject","inLanguage":"es","@id":"https:\/\/www.heartfailurematters.org\/es\/#\/schema\/logo\/image\/","url":"https:\/\/cdn-endpoint-hfm.azureedge.net\/heartfailurematters\/2024\/07\/hfm-logo1.jpg","contentUrl":"https:\/\/cdn-endpoint-hfm.azureedge.net\/heartfailurematters\/2024\/07\/hfm-logo1.jpg","width":1280,"height":720,"caption":"Heart Failure Matters"},"image":{"@id":"https:\/\/www.heartfailurematters.org\/es\/#\/schema\/logo\/image\/"},"sameAs":["https:\/\/www.facebook.com\/heartfailurematters"]}]}},"_links":{"self":[{"href":"https:\/\/www.heartfailurematters.org\/es\/wp-json\/wp\/v2\/pages\/8082","targetHints":{"allow":["GET"]}}],"collection":[{"href":"https:\/\/www.heartfailurematters.org\/es\/wp-json\/wp\/v2\/pages"}],"about":[{"href":"https:\/\/www.heartfailurematters.org\/es\/wp-json\/wp\/v2\/types\/page"}],"author":[{"embeddable":true,"href":"https:\/\/www.heartfailurematters.org\/es\/wp-json\/wp\/v2\/users\/1"}],"replies":[{"embeddable":true,"href":"https:\/\/www.heartfailurematters.org\/es\/wp-json\/wp\/v2\/comments?post=8082"}],"version-history":[{"count":4,"href":"https:\/\/www.heartfailurematters.org\/es\/wp-json\/wp\/v2\/pages\/8082\/revisions"}],"predecessor-version":[{"id":10227,"href":"https:\/\/www.heartfailurematters.org\/es\/wp-json\/wp\/v2\/pages\/8082\/revisions\/10227"}],"up":[{"embeddable":true,"href":"https:\/\/www.heartfailurematters.org\/es\/wp-json\/wp\/v2\/pages\/8046"}],"wp:featuredmedia":[{"embeddable":true,"href":"https:\/\/www.heartfailurematters.org\/es\/wp-json\/wp\/v2\/media\/10661"}],"wp:attachment":[{"href":"https:\/\/www.heartfailurematters.org\/es\/wp-json\/wp\/v2\/media?parent=8082"}],"wp:term":[{"taxonomy":"category","embeddable":true,"href":"https:\/\/www.heartfailurematters.org\/es\/wp-json\/wp\/v2\/categories?post=8082"},{"taxonomy":"post_tag","embeddable":true,"href":"https:\/\/www.heartfailurematters.org\/es\/wp-json\/wp\/v2\/tags?post=8082"}],"curies":[{"name":"wp","href":"https:\/\/api.w.org\/{rel}","templated":true}]}}