{"id":8081,"date":"2021-04-12T11:40:57","date_gmt":"2021-04-12T10:40:57","guid":{"rendered":"https:\/\/www.heartfailurematters.org\/causas-de-la-insuficiencia-cardiaca-y-otras-afecciones-medicas-frecuentes\/niveles-elevados-de-potasio-hiperpotasemia\/"},"modified":"2026-01-16T14:32:44","modified_gmt":"2026-01-16T14:32:44","slug":"niveles-elevados-de-potasio-hiperpotasemia","status":"publish","type":"page","link":"https:\/\/www.heartfailurematters.org\/es\/causas-de-la-insuficiencia-cardiaca-y-otras-afecciones-medicas-frecuentes\/niveles-elevados-de-potasio-hiperpotasemia\/","title":{"rendered":"Concentraciones Elevadas de Potasio (Hiperpotasemia)"},"content":{"rendered":"<h2>\u00bfQu\u00e9 es la Hiperpotasemia y qu\u00e9 la causa?<\/h2>\n<p>La <strong>potasemia<\/strong> es una medida de la concentraci\u00f3n de potasio en el plasma. Oscila normalmente entre 3,6 y 5 mmol\/litro. La enfermedad del ri\u00f1\u00f3n y el uso de determinados medicamentos pueden causar una concentraci\u00f3n de potasio en suero excesivamente alta (por encima de 5,0 mmol\/litro). Esto se denomina hiperpotasemia, una alteraci\u00f3n electrol\u00edtica frecuente. El potasio participa en la transmisi\u00f3n nerviosa, la contracci\u00f3n muscular y la funci\u00f3n renal.<\/p>\n<p>La <strong>hiperpotasemia<\/strong> suele ser consecuencia de un aumento de la ingesta de potasio combinado con una funci\u00f3n renal deteriorada. Los trastornos que afectan a los ri\u00f1ones disminuyen la excreci\u00f3n renal y son la causa m\u00e1s habitual de la hiperpotasemia. Los ri\u00f1ones sanos pueden mantener concentraciones normales de potasio incluso con ingestas altas, al tener la propiedad de excretar potasio. Sin embargo, la capacidad de los ri\u00f1ones con funci\u00f3n reducida para adaptarse a los cambios r\u00e1pidos en la carga de potasio se encuentra alterada. Estos cambios r\u00e1pidos pueden estar causados por el consumo de una gran cantidad de alimentos ricos en potasio. Los alimentos ricos en potasio incluyen las naranjas, los pl\u00e1tanos, los melones, los albaricoques, los melocotones, la papaya, los aguacates, las patatas, los frutos secos, las jud\u00edas y el chocolate. Algunos sustitutos de la sal contienen potasio y pueden contribuir a la hiperpotasemia.<\/p>\n<p>Los diur\u00e9ticos, que usan de forma rutinaria los pacientes con insuficiencia card\u00edaca, pueden conducir a una p\u00e9rdida de potasio en el ri\u00f1\u00f3n sano, lo cual puede producir concentraciones bajas de potasio en sangre, denominadas hipopotasemia. Algunos pacientes con insuficiencia card\u00edaca reciben suplementos de potasio que a menudo se recetan de forma rutinaria junto con los diur\u00e9ticos. Sin embargo, si la funci\u00f3n renal es deficiente, una ingesta excesiva de suplementos de potasio puede causar hiperpotasemia.<\/p>\n<p>Los f\u00e1rmacos son una causa muy frecuente de hiperpotasemia a trav\u00e9s de diversos mecanismos. Estos incluyen f\u00e1rmacos que se usan con frecuencia para la insuficiencia card\u00edaca y la hipertensi\u00f3n: por ejemplo, inhibidores de la enzima convertidora de angiotensina, antagonistas del receptor de angiotensina, inhibidores de la neprilisina, antagonistas de la aldosterona tambi\u00e9n llamados antagonistas de los receptores de mineralocorticoides (ARM), betabloqueadores, digoxina, diur\u00e9ticos ahorradores de potasio (triamtereno), el f\u00e1rmaco anticoagulante heparina, y los analg\u00e9sicos antiinflamatorios no esteroideos (AINE) utilizados con frecuencia sin receta m\u00e9dica.<\/p>\n<p>La hiperpotasemia puede aparecer de forma intermitente en presencia de factores predisponentes conocidos, como la insuficiencia renal cr\u00f3nica y la insuficiencia card\u00edaca, especialmente cuando se toman algunos de los medicamentos mencionados anteriormente. Por lo tanto, los pacientes con insuficiencia card\u00edaca en tratamiento deben hacerse controles peri\u00f3dicos de potasio en sangre. Suelen realizarse junto con las pruebas funcionales renales, ya que el empeoramiento de la funci\u00f3n renal es una de las causas m\u00e1s frecuentes de la hiperpotasemia.<\/p>\n<h2>\u00bfCu\u00e1les son las consecuencias de la hiperpotasemia?<\/h2>\n<p>Cuando aparece, es posible que la hiperpotasemia de leve a moderada de hasta 6,5 mmol\/litro no produzca s\u00edntomas ni problemas inmediatos, pero se asocia con un alto riesgo de presentar alteraciones graves del ritmo card\u00edaco. La hiperpotasemia grave (&gt;6,5 mmol\/litro) es una emergencia m\u00e9dica potencialmente mortal que requiere atenci\u00f3n inmediata y tratamiento m\u00e9dico. Las consecuencias de la hiperpotasemia tambi\u00e9n se ven afectadas por otros factores como la presencia de cardiopat\u00edas u otras alteraciones hidroelectrol\u00edticas de la sangre (calcio, magnesio) que pueden aumentar el riesgo de arritmias card\u00edacas.<\/p>\n<p>La hiperpotasemia se puede prevenir mediante un control frecuente de las concentraciones sangu\u00edneas, evitando los alimentos ricos en potasio y la administraci\u00f3n adecuada de medicamentos que pueden provocarla. A menudo, esto puede significar el uso de dosis bajas o dejar o no de tomar determinados medicamentos. La derivaci\u00f3n a un dietista puede ser beneficiosa para ayudar a adaptar la dieta en cada paciente.<\/p>\n<p>La hiperpotasemia se puede tratar y es reversible, reduciendo directamente el potasio en suero. El tipo de intervenci\u00f3n depende de la gravedad de la hiperpotasemia y de las complicaciones asociadas. El tratamiento agudo de la hiperpotasemia grave se lleva a cabo en el hospital para controlar las complicaciones e incluye tratamiento intravenoso e intervenciones para reducir r\u00e1pidamente las concentraciones de potasio. A veces es necesaria la eliminaci\u00f3n r\u00e1pida del potasio de la sangre mediante una hemodi\u00e1lisis. Por lo general, esto solo se requiere en pacientes con funci\u00f3n renal gravemente reducida o ausente.<\/p>\n<p>Las intervenciones a largo plazo comprenden la eliminaci\u00f3n de los factores de riesgo de la hiperpotasemia y la administraci\u00f3n de tratamientos que facilitan la eliminaci\u00f3n de potasio del organismo. Esto implica restringir el potasio en la dieta y dejar de tomar suplementos de potasio. Sin embargo, estas intervenciones pueden no ser lo suficientemente eficaces como para prevenir la hiperpotasemia en pacientes con insuficiencia card\u00edaca e insuficiencia renal.<\/p>\n<p>Es imprescindible dejar de tomar medicamentos que provoquen la hiperpotasemia que no sean esenciales, como los analg\u00e9sicos. Varias clases de medicamentos para la insuficiencia card\u00edaca pueden aumentar el riesgo de hiperpotasemia. Esto es especialmente importante para los pacientes con insuficiencia card\u00edaca e insuficiencia renal cr\u00f3nica que son m\u00e1s propensos a padecer hiperpotasemia.<\/p>\n<p>Recientemente se ha demostrado que el uso de resinas fijadoras de potasio por v\u00eda oral en pacientes con insuficiencia card\u00edaca que padecen hiperpotasemia pese al uso \u00f3ptimo de sus medicamentos puede reducir sus concentraciones de potasio. El medicamento act\u00faa aumentando la cantidad de potasio que se elimina del organismo a trav\u00e9s de las heces en lugar de ser absorbido por la sangre. Estos f\u00e1rmacos, tomados en forma de polvo diluido en agua, son bien tolerados y eficaces para mantener el potasio normal a largo plazo en pacientes predispuestos a padecer hiperpotasemia. Es importante destacar que permiten un uso \u00f3ptimo y continuo de medicamentos beneficiosos para la insuficiencia card\u00edaca.<\/p>\n<p><a href=\"https:\/\/www.heartfailurematters.org\/heart-failure-causes-and-other-common-medical-conditions\/other-common-medical-conditions-and-heart-failure\/\">Volver a Otras enfermedades frecuentes e insuficiencia card\u00edaca<\/a><\/p>\n","protected":false},"excerpt":{"rendered":"<p>\u00bfQu\u00e9 es la Hiperpotasemia y qu\u00e9 la causa? La potasemia es una medida de la concentraci\u00f3n de potasio en el plasma. Oscila normalmente entre 3,6 y 5 mmol\/litro. La enfermedad del ri\u00f1\u00f3n y el uso de determinados medicamentos pueden causar una concentraci\u00f3n de potasio en suero excesivamente alta (por encima de 5,0 mmol\/litro). Esto se [&hellip;]<\/p>\n","protected":false},"author":1,"featured_media":10631,"parent":8046,"menu_order":15,"comment_status":"closed","ping_status":"closed","template":"","meta":{"_acf_changed":false,"footnotes":""},"categories":[],"tags":[],"class_list":["post-8081","page","type-page","status-publish","has-post-thumbnail","hentry"],"acf":[],"yoast_head":"<!-- This site is optimized with the Yoast SEO plugin v24.8.1 - https:\/\/yoast.com\/wordpress\/plugins\/seo\/ -->\n<title>Concentraciones elevadas de potasio e insuficiencia card\u00edaca<\/title>\n<meta name=\"description\" content=\"La hiperpotasemia suele ser consecuencia de un aumento de la ingesta de potasio combinado con una funci\u00f3n renal deteriorada. M\u00e1s informaci\u00f3n.\" \/>\n<meta name=\"robots\" content=\"index, follow, max-snippet:-1, max-image-preview:large, max-video-preview:-1\" \/>\n<link rel=\"canonical\" href=\"https:\/\/www.heartfailurematters.org\/es\/causas-de-la-insuficiencia-cardiaca-y-otras-afecciones-medicas-frecuentes\/niveles-elevados-de-potasio-hiperpotasemia\/\" \/>\n<meta property=\"og:locale\" content=\"es_ES\" \/>\n<meta property=\"og:type\" content=\"article\" \/>\n<meta property=\"og:title\" content=\"Concentraciones elevadas de potasio e insuficiencia card\u00edaca\" \/>\n<meta property=\"og:description\" content=\"La hiperpotasemia suele ser consecuencia de un aumento de la ingesta de potasio combinado con una funci\u00f3n renal deteriorada. M\u00e1s informaci\u00f3n.\" \/>\n<meta property=\"og:url\" content=\"https:\/\/www.heartfailurematters.org\/es\/causas-de-la-insuficiencia-cardiaca-y-otras-afecciones-medicas-frecuentes\/niveles-elevados-de-potasio-hiperpotasemia\/\" \/>\n<meta property=\"og:site_name\" content=\"Heart Failure Matters\" \/>\n<meta property=\"article:publisher\" content=\"https:\/\/www.facebook.com\/heartfailurematters\" \/>\n<meta property=\"article:modified_time\" content=\"2026-01-16T14:32:44+00:00\" \/>\n<meta property=\"og:image\" content=\"https:\/\/www.heartfailurematters.org\/wp-content\/uploads\/2022\/02\/shutterstock_1114244621-1-min.jpg\" \/>\n\t<meta property=\"og:image:width\" content=\"900\" \/>\n\t<meta property=\"og:image:height\" content=\"596\" \/>\n\t<meta property=\"og:image:type\" content=\"image\/jpeg\" \/>\n<meta name=\"twitter:card\" content=\"summary_large_image\" \/>\n<meta name=\"twitter:label1\" content=\"Tiempo de lectura\" \/>\n\t<meta name=\"twitter:data1\" content=\"5 minutos\" \/>\n<script type=\"application\/ld+json\" class=\"yoast-schema-graph\">{\"@context\":\"https:\/\/schema.org\",\"@graph\":[{\"@type\":\"WebPage\",\"@id\":\"https:\/\/www.heartfailurematters.org\/es\/causas-de-la-insuficiencia-cardiaca-y-otras-afecciones-medicas-frecuentes\/niveles-elevados-de-potasio-hiperpotasemia\/\",\"url\":\"https:\/\/www.heartfailurematters.org\/es\/causas-de-la-insuficiencia-cardiaca-y-otras-afecciones-medicas-frecuentes\/niveles-elevados-de-potasio-hiperpotasemia\/\",\"name\":\"Concentraciones elevadas de potasio e insuficiencia card\u00edaca\",\"isPartOf\":{\"@id\":\"https:\/\/www.heartfailurematters.org\/es\/#website\"},\"primaryImageOfPage\":{\"@id\":\"https:\/\/www.heartfailurematters.org\/es\/causas-de-la-insuficiencia-cardiaca-y-otras-afecciones-medicas-frecuentes\/niveles-elevados-de-potasio-hiperpotasemia\/#primaryimage\"},\"image\":{\"@id\":\"https:\/\/www.heartfailurematters.org\/es\/causas-de-la-insuficiencia-cardiaca-y-otras-afecciones-medicas-frecuentes\/niveles-elevados-de-potasio-hiperpotasemia\/#primaryimage\"},\"thumbnailUrl\":\"https:\/\/www.heartfailurematters.org\/wp-content\/uploads\/2022\/02\/shutterstock_1114244621-1-min.jpg\",\"datePublished\":\"2021-04-12T10:40:57+00:00\",\"dateModified\":\"2026-01-16T14:32:44+00:00\",\"description\":\"La hiperpotasemia suele ser consecuencia de un aumento de la ingesta de potasio combinado con una funci\u00f3n renal deteriorada. M\u00e1s informaci\u00f3n.\",\"breadcrumb\":{\"@id\":\"https:\/\/www.heartfailurematters.org\/es\/causas-de-la-insuficiencia-cardiaca-y-otras-afecciones-medicas-frecuentes\/niveles-elevados-de-potasio-hiperpotasemia\/#breadcrumb\"},\"inLanguage\":\"es\",\"potentialAction\":[{\"@type\":\"ReadAction\",\"target\":[\"https:\/\/www.heartfailurematters.org\/es\/causas-de-la-insuficiencia-cardiaca-y-otras-afecciones-medicas-frecuentes\/niveles-elevados-de-potasio-hiperpotasemia\/\"]}]},{\"@type\":\"ImageObject\",\"inLanguage\":\"es\",\"@id\":\"https:\/\/www.heartfailurematters.org\/es\/causas-de-la-insuficiencia-cardiaca-y-otras-afecciones-medicas-frecuentes\/niveles-elevados-de-potasio-hiperpotasemia\/#primaryimage\",\"url\":\"https:\/\/www.heartfailurematters.org\/wp-content\/uploads\/2022\/02\/shutterstock_1114244621-1-min.jpg\",\"contentUrl\":\"https:\/\/www.heartfailurematters.org\/wp-content\/uploads\/2022\/02\/shutterstock_1114244621-1-min.jpg\",\"width\":900,\"height\":596},{\"@type\":\"BreadcrumbList\",\"@id\":\"https:\/\/www.heartfailurematters.org\/es\/causas-de-la-insuficiencia-cardiaca-y-otras-afecciones-medicas-frecuentes\/niveles-elevados-de-potasio-hiperpotasemia\/#breadcrumb\",\"itemListElement\":[{\"@type\":\"ListItem\",\"position\":1,\"name\":\"Inicio\",\"item\":\"https:\/\/www.heartfailurematters.org\/es\/\"},{\"@type\":\"ListItem\",\"position\":2,\"name\":\"Causas de la insuficiencia card\u00edaca y otras afecciones m\u00e9dicas frecuentes\",\"item\":\"https:\/\/www.heartfailurematters.org\/es\/causas-de-la-insuficiencia-cardiaca-y-otras-afecciones-medicas-frecuentes\/\"},{\"@type\":\"ListItem\",\"position\":3,\"name\":\"Concentraciones Elevadas de Potasio (Hiperpotasemia)\"}]},{\"@type\":\"WebSite\",\"@id\":\"https:\/\/www.heartfailurematters.org\/es\/#website\",\"url\":\"https:\/\/www.heartfailurematters.org\/es\/\",\"name\":\"Heart Failure Matters\",\"description\":\"Practical information for patients, families and caregivers.\",\"publisher\":{\"@id\":\"https:\/\/www.heartfailurematters.org\/es\/#organization\"},\"potentialAction\":[{\"@type\":\"SearchAction\",\"target\":{\"@type\":\"EntryPoint\",\"urlTemplate\":\"https:\/\/www.heartfailurematters.org\/es\/?s={search_term_string}\"},\"query-input\":{\"@type\":\"PropertyValueSpecification\",\"valueRequired\":true,\"valueName\":\"search_term_string\"}}],\"inLanguage\":\"es\"},{\"@type\":\"Organization\",\"@id\":\"https:\/\/www.heartfailurematters.org\/es\/#organization\",\"name\":\"Heart Failure Matters\",\"url\":\"https:\/\/www.heartfailurematters.org\/es\/\",\"logo\":{\"@type\":\"ImageObject\",\"inLanguage\":\"es\",\"@id\":\"https:\/\/www.heartfailurematters.org\/es\/#\/schema\/logo\/image\/\",\"url\":\"https:\/\/cdn-endpoint-hfm.azureedge.net\/heartfailurematters\/2024\/07\/hfm-logo1.jpg\",\"contentUrl\":\"https:\/\/cdn-endpoint-hfm.azureedge.net\/heartfailurematters\/2024\/07\/hfm-logo1.jpg\",\"width\":1280,\"height\":720,\"caption\":\"Heart Failure Matters\"},\"image\":{\"@id\":\"https:\/\/www.heartfailurematters.org\/es\/#\/schema\/logo\/image\/\"},\"sameAs\":[\"https:\/\/www.facebook.com\/heartfailurematters\"]}]}<\/script>\n<!-- \/ Yoast SEO plugin. -->","yoast_head_json":{"title":"Concentraciones elevadas de potasio e insuficiencia card\u00edaca","description":"La hiperpotasemia suele ser consecuencia de un aumento de la ingesta de potasio combinado con una funci\u00f3n renal deteriorada. M\u00e1s informaci\u00f3n.","robots":{"index":"index","follow":"follow","max-snippet":"max-snippet:-1","max-image-preview":"max-image-preview:large","max-video-preview":"max-video-preview:-1"},"canonical":"https:\/\/www.heartfailurematters.org\/es\/causas-de-la-insuficiencia-cardiaca-y-otras-afecciones-medicas-frecuentes\/niveles-elevados-de-potasio-hiperpotasemia\/","og_locale":"es_ES","og_type":"article","og_title":"Concentraciones elevadas de potasio e insuficiencia card\u00edaca","og_description":"La hiperpotasemia suele ser consecuencia de un aumento de la ingesta de potasio combinado con una funci\u00f3n renal deteriorada. M\u00e1s informaci\u00f3n.","og_url":"https:\/\/www.heartfailurematters.org\/es\/causas-de-la-insuficiencia-cardiaca-y-otras-afecciones-medicas-frecuentes\/niveles-elevados-de-potasio-hiperpotasemia\/","og_site_name":"Heart Failure Matters","article_publisher":"https:\/\/www.facebook.com\/heartfailurematters","article_modified_time":"2026-01-16T14:32:44+00:00","og_image":[{"width":900,"height":596,"url":"https:\/\/www.heartfailurematters.org\/wp-content\/uploads\/2022\/02\/shutterstock_1114244621-1-min.jpg","type":"image\/jpeg"}],"twitter_card":"summary_large_image","twitter_misc":{"Tiempo de lectura":"5 minutos"},"schema":{"@context":"https:\/\/schema.org","@graph":[{"@type":"WebPage","@id":"https:\/\/www.heartfailurematters.org\/es\/causas-de-la-insuficiencia-cardiaca-y-otras-afecciones-medicas-frecuentes\/niveles-elevados-de-potasio-hiperpotasemia\/","url":"https:\/\/www.heartfailurematters.org\/es\/causas-de-la-insuficiencia-cardiaca-y-otras-afecciones-medicas-frecuentes\/niveles-elevados-de-potasio-hiperpotasemia\/","name":"Concentraciones elevadas de potasio e insuficiencia card\u00edaca","isPartOf":{"@id":"https:\/\/www.heartfailurematters.org\/es\/#website"},"primaryImageOfPage":{"@id":"https:\/\/www.heartfailurematters.org\/es\/causas-de-la-insuficiencia-cardiaca-y-otras-afecciones-medicas-frecuentes\/niveles-elevados-de-potasio-hiperpotasemia\/#primaryimage"},"image":{"@id":"https:\/\/www.heartfailurematters.org\/es\/causas-de-la-insuficiencia-cardiaca-y-otras-afecciones-medicas-frecuentes\/niveles-elevados-de-potasio-hiperpotasemia\/#primaryimage"},"thumbnailUrl":"https:\/\/www.heartfailurematters.org\/wp-content\/uploads\/2022\/02\/shutterstock_1114244621-1-min.jpg","datePublished":"2021-04-12T10:40:57+00:00","dateModified":"2026-01-16T14:32:44+00:00","description":"La hiperpotasemia suele ser consecuencia de un aumento de la ingesta de potasio combinado con una funci\u00f3n renal deteriorada. M\u00e1s informaci\u00f3n.","breadcrumb":{"@id":"https:\/\/www.heartfailurematters.org\/es\/causas-de-la-insuficiencia-cardiaca-y-otras-afecciones-medicas-frecuentes\/niveles-elevados-de-potasio-hiperpotasemia\/#breadcrumb"},"inLanguage":"es","potentialAction":[{"@type":"ReadAction","target":["https:\/\/www.heartfailurematters.org\/es\/causas-de-la-insuficiencia-cardiaca-y-otras-afecciones-medicas-frecuentes\/niveles-elevados-de-potasio-hiperpotasemia\/"]}]},{"@type":"ImageObject","inLanguage":"es","@id":"https:\/\/www.heartfailurematters.org\/es\/causas-de-la-insuficiencia-cardiaca-y-otras-afecciones-medicas-frecuentes\/niveles-elevados-de-potasio-hiperpotasemia\/#primaryimage","url":"https:\/\/www.heartfailurematters.org\/wp-content\/uploads\/2022\/02\/shutterstock_1114244621-1-min.jpg","contentUrl":"https:\/\/www.heartfailurematters.org\/wp-content\/uploads\/2022\/02\/shutterstock_1114244621-1-min.jpg","width":900,"height":596},{"@type":"BreadcrumbList","@id":"https:\/\/www.heartfailurematters.org\/es\/causas-de-la-insuficiencia-cardiaca-y-otras-afecciones-medicas-frecuentes\/niveles-elevados-de-potasio-hiperpotasemia\/#breadcrumb","itemListElement":[{"@type":"ListItem","position":1,"name":"Inicio","item":"https:\/\/www.heartfailurematters.org\/es\/"},{"@type":"ListItem","position":2,"name":"Causas de la insuficiencia card\u00edaca y otras afecciones m\u00e9dicas frecuentes","item":"https:\/\/www.heartfailurematters.org\/es\/causas-de-la-insuficiencia-cardiaca-y-otras-afecciones-medicas-frecuentes\/"},{"@type":"ListItem","position":3,"name":"Concentraciones Elevadas de Potasio (Hiperpotasemia)"}]},{"@type":"WebSite","@id":"https:\/\/www.heartfailurematters.org\/es\/#website","url":"https:\/\/www.heartfailurematters.org\/es\/","name":"Heart Failure Matters","description":"Practical information for patients, families and caregivers.","publisher":{"@id":"https:\/\/www.heartfailurematters.org\/es\/#organization"},"potentialAction":[{"@type":"SearchAction","target":{"@type":"EntryPoint","urlTemplate":"https:\/\/www.heartfailurematters.org\/es\/?s={search_term_string}"},"query-input":{"@type":"PropertyValueSpecification","valueRequired":true,"valueName":"search_term_string"}}],"inLanguage":"es"},{"@type":"Organization","@id":"https:\/\/www.heartfailurematters.org\/es\/#organization","name":"Heart Failure Matters","url":"https:\/\/www.heartfailurematters.org\/es\/","logo":{"@type":"ImageObject","inLanguage":"es","@id":"https:\/\/www.heartfailurematters.org\/es\/#\/schema\/logo\/image\/","url":"https:\/\/cdn-endpoint-hfm.azureedge.net\/heartfailurematters\/2024\/07\/hfm-logo1.jpg","contentUrl":"https:\/\/cdn-endpoint-hfm.azureedge.net\/heartfailurematters\/2024\/07\/hfm-logo1.jpg","width":1280,"height":720,"caption":"Heart Failure Matters"},"image":{"@id":"https:\/\/www.heartfailurematters.org\/es\/#\/schema\/logo\/image\/"},"sameAs":["https:\/\/www.facebook.com\/heartfailurematters"]}]}},"_links":{"self":[{"href":"https:\/\/www.heartfailurematters.org\/es\/wp-json\/wp\/v2\/pages\/8081","targetHints":{"allow":["GET"]}}],"collection":[{"href":"https:\/\/www.heartfailurematters.org\/es\/wp-json\/wp\/v2\/pages"}],"about":[{"href":"https:\/\/www.heartfailurematters.org\/es\/wp-json\/wp\/v2\/types\/page"}],"author":[{"embeddable":true,"href":"https:\/\/www.heartfailurematters.org\/es\/wp-json\/wp\/v2\/users\/1"}],"replies":[{"embeddable":true,"href":"https:\/\/www.heartfailurematters.org\/es\/wp-json\/wp\/v2\/comments?post=8081"}],"version-history":[{"count":2,"href":"https:\/\/www.heartfailurematters.org\/es\/wp-json\/wp\/v2\/pages\/8081\/revisions"}],"predecessor-version":[{"id":13825,"href":"https:\/\/www.heartfailurematters.org\/es\/wp-json\/wp\/v2\/pages\/8081\/revisions\/13825"}],"up":[{"embeddable":true,"href":"https:\/\/www.heartfailurematters.org\/es\/wp-json\/wp\/v2\/pages\/8046"}],"wp:featuredmedia":[{"embeddable":true,"href":"https:\/\/www.heartfailurematters.org\/es\/wp-json\/wp\/v2\/media\/10631"}],"wp:attachment":[{"href":"https:\/\/www.heartfailurematters.org\/es\/wp-json\/wp\/v2\/media?parent=8081"}],"wp:term":[{"taxonomy":"category","embeddable":true,"href":"https:\/\/www.heartfailurematters.org\/es\/wp-json\/wp\/v2\/categories?post=8081"},{"taxonomy":"post_tag","embeddable":true,"href":"https:\/\/www.heartfailurematters.org\/es\/wp-json\/wp\/v2\/tags?post=8081"}],"curies":[{"name":"wp","href":"https:\/\/api.w.org\/{rel}","templated":true}]}}