{"id":8046,"date":"2021-04-12T11:40:46","date_gmt":"2021-04-12T10:40:46","guid":{"rendered":"https:\/\/www.heartfailurematters.org\/causas-de-la-insuficiencia-cardiaca-y-otras-afecciones-medicas-frecuentes\/"},"modified":"2023-09-13T15:15:58","modified_gmt":"2023-09-13T14:15:58","slug":"causas-de-la-insuficiencia-cardiaca-y-otras-afecciones-medicas-frecuentes","status":"publish","type":"page","link":"https:\/\/www.heartfailurematters.org\/es\/causas-de-la-insuficiencia-cardiaca-y-otras-afecciones-medicas-frecuentes\/","title":{"rendered":"Causas de la insuficiencia card\u00edaca y otras afecciones m\u00e9dicas frecuentes"},"content":{"rendered":"<p>La insuficiencia card\u00edaca, incluida la insuficiencia card\u00edaca congestiva (ICC), puede deberse a diversas causas subyacentes. Es de suma importancia identificar esta causa. Si se ha diagnosticado insuficiencia card\u00edaca, el diagn\u00f3stico no ha terminado, sino que debe continuar para determinar el origen de los s\u00edntomas de la insuficiencia card\u00edaca. Solo entonces podr\u00e1 adaptarse un tratamiento \u00f3ptimo tanto a la persona afectada como a la causa subyacente.<\/p>\n<p>Tenga en cuenta que las causas de la insuficiencia card\u00edaca pueden estar dentro o fuera del coraz\u00f3n. En la segunda columna figuran los sistemas corporales que pueden provocar insuficiencia card\u00edaca si enferman o funcionan mal. En la tercera columna figuran ejemplos importantes, aunque la lista no est\u00e1 completa. En las p\u00e1ginas siguientes encontrar\u00e1 m\u00e1s informaci\u00f3n sobre cada una de estas causas.<\/p>\n<h3>En el coraz\u00f3n<\/h3>\n<table class=\"hfc-table\">\n<tbody>\n<tr>\n<td style=\"width: 45%;\"><strong>Parte afectada del coraz\u00f3n<\/strong><\/td>\n<td style=\"width: 55%;\"><strong>Ejemplos importantes<\/strong><\/td>\n<\/tr>\n<tr>\n<td><strong><em>Vasos sangu\u00edneos<\/em><\/strong><\/td>\n<td>\n<ul>\n<li>Enfermedad coronaria<\/li>\n<li>Infartos de miocardio<\/li>\n<\/ul>\n<\/td>\n<\/tr>\n<tr>\n<td><strong><em>V\u00e1lvulas y miocardio<\/em><\/strong><\/td>\n<td>\n<ul>\n<li>Valvulopat\u00eda<\/li>\n<li>Miocardiopat\u00eda<\/li>\n<li>Defectos card\u00edacos cong\u00e9nitos<\/li>\n<\/ul>\n<\/td>\n<\/tr>\n<tr>\n<td><strong><em>Ritmo<\/em><\/strong><\/td>\n<td>\n<ul>\n<li>Ritmo card\u00edaco anormal, p. ej., fibrilaci\u00f3n auricular<\/li>\n<\/ul>\n<\/td>\n<\/tr>\n<\/tbody>\n<\/table>\n<h3>Fuera del coraz\u00f3n<\/h3>\n<table class=\"hfc-table\">\n<tbody>\n<tr>\n<td style=\"width: 45%;\"><strong>Sistema corporal afectado<\/strong><\/td>\n<td style=\"width: 55%;\"><strong>Ejemplos importantes<\/strong><\/td>\n<\/tr>\n<tr>\n<td><strong><em>Arterias <\/em><\/strong><\/td>\n<td>\n<ul>\n<li>Tensi\u00f3n arterial alta, es decir, hipertensi\u00f3n (arterial)<\/li>\n<\/ul>\n<\/td>\n<\/tr>\n<tr>\n<td><strong><em>Pulmones<\/em><\/strong><\/td>\n<td>\n<ul>\n<li>Enfermedad pulmonar obstructiva cr\u00f3nica (EPOC)<\/li>\n<li>Asma<\/li>\n<li>Hipertensi\u00f3n pulmonar<\/li>\n<li>Apnea del sue\u00f1o<\/li>\n<\/ul>\n<\/td>\n<\/tr>\n<tr>\n<td><strong><em>Ri\u00f1ones<\/em><\/strong><\/td>\n<td>\n<ul>\n<li>P\u00e9rdida de la capacidad de filtraci\u00f3n<\/li>\n<\/ul>\n<\/td>\n<\/tr>\n<tr>\n<td><strong><em>Gl\u00e1ndula tiroidea<\/em><\/strong><\/td>\n<td>\n<ul>\n<li>Disfunci\u00f3n tiroidea<\/li>\n<\/ul>\n<\/td>\n<\/tr>\n<tr>\n<td><strong><em>Metabolismo<\/em><\/strong><\/td>\n<td>\n<ul>\n<li>Diabetes<\/li>\n<li>Obesidad y anorexia<\/li>\n<li>Deficiencia de hierro<\/li>\n<li>Anemia<\/li>\n<li>Gota<\/li>\n<li>Amiloidosis y otras enfermedades raras<\/li>\n<\/ul>\n<\/td>\n<\/tr>\n<tr>\n<td><strong><em>Intoxicaci\u00f3n<\/em><\/strong><\/td>\n<td>\n<ul>\n<li>Alcohol<\/li>\n<li>Quimioterapia<\/li>\n<li>Radiaci\u00f3n<\/li>\n<\/ul>\n<\/td>\n<\/tr>\n<tr>\n<td><strong><em>Inflamaci\u00f3n<\/em><\/strong><\/td>\n<td>\n<ul>\n<li>Afecciones inflamatorias cr\u00f3nicas (virus, bacterias, etc.)<\/li>\n<li>Septicemia<\/li>\n<\/ul>\n<\/td>\n<\/tr>\n<tr>\n<td><strong><em>Salud mental<\/em><\/strong><\/td>\n<td>\n<ul>\n<li>Depresi\u00f3n<\/li>\n<li>Ansiedad<\/li>\n<\/ul>\n<\/td>\n<\/tr>\n<\/tbody>\n<\/table>\n","protected":false},"excerpt":{"rendered":"<p>La insuficiencia card\u00edaca, incluida la insuficiencia card\u00edaca congestiva (ICC), puede deberse a diversas causas subyacentes. Es de suma importancia identificar esta causa. Si se ha diagnosticado insuficiencia card\u00edaca, el diagn\u00f3stico no ha terminado, sino que debe continuar para determinar el origen de los s\u00edntomas de la insuficiencia card\u00edaca. Solo entonces podr\u00e1 adaptarse un tratamiento \u00f3ptimo [&hellip;]<\/p>\n","protected":false},"author":1,"featured_media":0,"parent":0,"menu_order":1,"comment_status":"closed","ping_status":"closed","template":"","meta":{"_acf_changed":false,"footnotes":""},"categories":[177],"tags":[],"class_list":["post-8046","page","type-page","status-publish","hentry","category-causas-de-la-insuficiencia-cardiaca-y-otras-afecciones-medicas-frecuentes"],"acf":[],"yoast_head":"<!-- This site is optimized with the Yoast SEO plugin v24.8.1 - https:\/\/yoast.com\/wordpress\/plugins\/seo\/ -->\n<title>Causas de la insuficiencia card\u00edaca y otras afecciones m\u00e9dicas frecuentes<\/title>\n<meta name=\"description\" content=\"Los pacientes con insuficiencia card\u00edaca suelen presentar otras afecciones importantes que deben diagnosticarse y considerarse al tomar decisiones terap\u00e9uticas.\" \/>\n<meta name=\"robots\" content=\"index, follow, max-snippet:-1, max-image-preview:large, max-video-preview:-1\" \/>\n<link rel=\"canonical\" href=\"https:\/\/www.heartfailurematters.org\/es\/causas-de-la-insuficiencia-cardiaca-y-otras-afecciones-medicas-frecuentes\/\" \/>\n<meta property=\"og:locale\" content=\"es_ES\" \/>\n<meta property=\"og:type\" content=\"article\" \/>\n<meta property=\"og:title\" content=\"Causas de la insuficiencia card\u00edaca y otras afecciones m\u00e9dicas frecuentes\" \/>\n<meta property=\"og:description\" content=\"Los pacientes con insuficiencia card\u00edaca suelen presentar otras afecciones importantes que deben diagnosticarse y considerarse al tomar decisiones terap\u00e9uticas.\" \/>\n<meta property=\"og:url\" content=\"https:\/\/www.heartfailurematters.org\/es\/causas-de-la-insuficiencia-cardiaca-y-otras-afecciones-medicas-frecuentes\/\" \/>\n<meta property=\"og:site_name\" content=\"Heart Failure Matters\" \/>\n<meta property=\"article:publisher\" content=\"https:\/\/www.facebook.com\/heartfailurematters\" \/>\n<meta property=\"article:modified_time\" content=\"2023-09-13T14:15:58+00:00\" \/>\n<meta name=\"twitter:card\" content=\"summary_large_image\" \/>\n<meta name=\"twitter:label1\" content=\"Tiempo de lectura\" \/>\n\t<meta name=\"twitter:data1\" content=\"1 minuto\" \/>\n<script type=\"application\/ld+json\" class=\"yoast-schema-graph\">{\"@context\":\"https:\/\/schema.org\",\"@graph\":[{\"@type\":\"WebPage\",\"@id\":\"https:\/\/www.heartfailurematters.org\/es\/causas-de-la-insuficiencia-cardiaca-y-otras-afecciones-medicas-frecuentes\/\",\"url\":\"https:\/\/www.heartfailurematters.org\/es\/causas-de-la-insuficiencia-cardiaca-y-otras-afecciones-medicas-frecuentes\/\",\"name\":\"Causas de la insuficiencia card\u00edaca y otras afecciones m\u00e9dicas frecuentes\",\"isPartOf\":{\"@id\":\"https:\/\/www.heartfailurematters.org\/es\/#website\"},\"datePublished\":\"2021-04-12T10:40:46+00:00\",\"dateModified\":\"2023-09-13T14:15:58+00:00\",\"description\":\"Los pacientes con insuficiencia card\u00edaca suelen presentar otras afecciones importantes que deben diagnosticarse y considerarse al tomar decisiones terap\u00e9uticas.\",\"breadcrumb\":{\"@id\":\"https:\/\/www.heartfailurematters.org\/es\/causas-de-la-insuficiencia-cardiaca-y-otras-afecciones-medicas-frecuentes\/#breadcrumb\"},\"inLanguage\":\"es\",\"potentialAction\":[{\"@type\":\"ReadAction\",\"target\":[\"https:\/\/www.heartfailurematters.org\/es\/causas-de-la-insuficiencia-cardiaca-y-otras-afecciones-medicas-frecuentes\/\"]}]},{\"@type\":\"BreadcrumbList\",\"@id\":\"https:\/\/www.heartfailurematters.org\/es\/causas-de-la-insuficiencia-cardiaca-y-otras-afecciones-medicas-frecuentes\/#breadcrumb\",\"itemListElement\":[{\"@type\":\"ListItem\",\"position\":1,\"name\":\"Inicio\",\"item\":\"https:\/\/www.heartfailurematters.org\/es\/\"},{\"@type\":\"ListItem\",\"position\":2,\"name\":\"Causas de la insuficiencia card\u00edaca y otras afecciones m\u00e9dicas frecuentes\"}]},{\"@type\":\"WebSite\",\"@id\":\"https:\/\/www.heartfailurematters.org\/es\/#website\",\"url\":\"https:\/\/www.heartfailurematters.org\/es\/\",\"name\":\"Heart Failure Matters\",\"description\":\"Practical information for patients, families and caregivers.\",\"publisher\":{\"@id\":\"https:\/\/www.heartfailurematters.org\/es\/#organization\"},\"potentialAction\":[{\"@type\":\"SearchAction\",\"target\":{\"@type\":\"EntryPoint\",\"urlTemplate\":\"https:\/\/www.heartfailurematters.org\/es\/?s={search_term_string}\"},\"query-input\":{\"@type\":\"PropertyValueSpecification\",\"valueRequired\":true,\"valueName\":\"search_term_string\"}}],\"inLanguage\":\"es\"},{\"@type\":\"Organization\",\"@id\":\"https:\/\/www.heartfailurematters.org\/es\/#organization\",\"name\":\"Heart Failure Matters\",\"url\":\"https:\/\/www.heartfailurematters.org\/es\/\",\"logo\":{\"@type\":\"ImageObject\",\"inLanguage\":\"es\",\"@id\":\"https:\/\/www.heartfailurematters.org\/es\/#\/schema\/logo\/image\/\",\"url\":\"https:\/\/cdn-endpoint-hfm.azureedge.net\/heartfailurematters\/2024\/07\/hfm-logo1.jpg\",\"contentUrl\":\"https:\/\/cdn-endpoint-hfm.azureedge.net\/heartfailurematters\/2024\/07\/hfm-logo1.jpg\",\"width\":1280,\"height\":720,\"caption\":\"Heart Failure Matters\"},\"image\":{\"@id\":\"https:\/\/www.heartfailurematters.org\/es\/#\/schema\/logo\/image\/\"},\"sameAs\":[\"https:\/\/www.facebook.com\/heartfailurematters\"]}]}<\/script>\n<!-- \/ Yoast SEO plugin. -->","yoast_head_json":{"title":"Causas de la insuficiencia card\u00edaca y otras afecciones m\u00e9dicas frecuentes","description":"Los pacientes con insuficiencia card\u00edaca suelen presentar otras afecciones importantes que deben diagnosticarse y considerarse al tomar decisiones terap\u00e9uticas.","robots":{"index":"index","follow":"follow","max-snippet":"max-snippet:-1","max-image-preview":"max-image-preview:large","max-video-preview":"max-video-preview:-1"},"canonical":"https:\/\/www.heartfailurematters.org\/es\/causas-de-la-insuficiencia-cardiaca-y-otras-afecciones-medicas-frecuentes\/","og_locale":"es_ES","og_type":"article","og_title":"Causas de la insuficiencia card\u00edaca y otras afecciones m\u00e9dicas frecuentes","og_description":"Los pacientes con insuficiencia card\u00edaca suelen presentar otras afecciones importantes que deben diagnosticarse y considerarse al tomar decisiones terap\u00e9uticas.","og_url":"https:\/\/www.heartfailurematters.org\/es\/causas-de-la-insuficiencia-cardiaca-y-otras-afecciones-medicas-frecuentes\/","og_site_name":"Heart Failure Matters","article_publisher":"https:\/\/www.facebook.com\/heartfailurematters","article_modified_time":"2023-09-13T14:15:58+00:00","twitter_card":"summary_large_image","twitter_misc":{"Tiempo de lectura":"1 minuto"},"schema":{"@context":"https:\/\/schema.org","@graph":[{"@type":"WebPage","@id":"https:\/\/www.heartfailurematters.org\/es\/causas-de-la-insuficiencia-cardiaca-y-otras-afecciones-medicas-frecuentes\/","url":"https:\/\/www.heartfailurematters.org\/es\/causas-de-la-insuficiencia-cardiaca-y-otras-afecciones-medicas-frecuentes\/","name":"Causas de la insuficiencia card\u00edaca y otras afecciones m\u00e9dicas frecuentes","isPartOf":{"@id":"https:\/\/www.heartfailurematters.org\/es\/#website"},"datePublished":"2021-04-12T10:40:46+00:00","dateModified":"2023-09-13T14:15:58+00:00","description":"Los pacientes con insuficiencia card\u00edaca suelen presentar otras afecciones importantes que deben diagnosticarse y considerarse al tomar decisiones terap\u00e9uticas.","breadcrumb":{"@id":"https:\/\/www.heartfailurematters.org\/es\/causas-de-la-insuficiencia-cardiaca-y-otras-afecciones-medicas-frecuentes\/#breadcrumb"},"inLanguage":"es","potentialAction":[{"@type":"ReadAction","target":["https:\/\/www.heartfailurematters.org\/es\/causas-de-la-insuficiencia-cardiaca-y-otras-afecciones-medicas-frecuentes\/"]}]},{"@type":"BreadcrumbList","@id":"https:\/\/www.heartfailurematters.org\/es\/causas-de-la-insuficiencia-cardiaca-y-otras-afecciones-medicas-frecuentes\/#breadcrumb","itemListElement":[{"@type":"ListItem","position":1,"name":"Inicio","item":"https:\/\/www.heartfailurematters.org\/es\/"},{"@type":"ListItem","position":2,"name":"Causas de la insuficiencia card\u00edaca y otras afecciones m\u00e9dicas frecuentes"}]},{"@type":"WebSite","@id":"https:\/\/www.heartfailurematters.org\/es\/#website","url":"https:\/\/www.heartfailurematters.org\/es\/","name":"Heart Failure Matters","description":"Practical information for patients, families and caregivers.","publisher":{"@id":"https:\/\/www.heartfailurematters.org\/es\/#organization"},"potentialAction":[{"@type":"SearchAction","target":{"@type":"EntryPoint","urlTemplate":"https:\/\/www.heartfailurematters.org\/es\/?s={search_term_string}"},"query-input":{"@type":"PropertyValueSpecification","valueRequired":true,"valueName":"search_term_string"}}],"inLanguage":"es"},{"@type":"Organization","@id":"https:\/\/www.heartfailurematters.org\/es\/#organization","name":"Heart Failure Matters","url":"https:\/\/www.heartfailurematters.org\/es\/","logo":{"@type":"ImageObject","inLanguage":"es","@id":"https:\/\/www.heartfailurematters.org\/es\/#\/schema\/logo\/image\/","url":"https:\/\/cdn-endpoint-hfm.azureedge.net\/heartfailurematters\/2024\/07\/hfm-logo1.jpg","contentUrl":"https:\/\/cdn-endpoint-hfm.azureedge.net\/heartfailurematters\/2024\/07\/hfm-logo1.jpg","width":1280,"height":720,"caption":"Heart Failure Matters"},"image":{"@id":"https:\/\/www.heartfailurematters.org\/es\/#\/schema\/logo\/image\/"},"sameAs":["https:\/\/www.facebook.com\/heartfailurematters"]}]}},"_links":{"self":[{"href":"https:\/\/www.heartfailurematters.org\/es\/wp-json\/wp\/v2\/pages\/8046","targetHints":{"allow":["GET"]}}],"collection":[{"href":"https:\/\/www.heartfailurematters.org\/es\/wp-json\/wp\/v2\/pages"}],"about":[{"href":"https:\/\/www.heartfailurematters.org\/es\/wp-json\/wp\/v2\/types\/page"}],"author":[{"embeddable":true,"href":"https:\/\/www.heartfailurematters.org\/es\/wp-json\/wp\/v2\/users\/1"}],"replies":[{"embeddable":true,"href":"https:\/\/www.heartfailurematters.org\/es\/wp-json\/wp\/v2\/comments?post=8046"}],"version-history":[{"count":2,"href":"https:\/\/www.heartfailurematters.org\/es\/wp-json\/wp\/v2\/pages\/8046\/revisions"}],"predecessor-version":[{"id":13009,"href":"https:\/\/www.heartfailurematters.org\/es\/wp-json\/wp\/v2\/pages\/8046\/revisions\/13009"}],"wp:attachment":[{"href":"https:\/\/www.heartfailurematters.org\/es\/wp-json\/wp\/v2\/media?parent=8046"}],"wp:term":[{"taxonomy":"category","embeddable":true,"href":"https:\/\/www.heartfailurematters.org\/es\/wp-json\/wp\/v2\/categories?post=8046"},{"taxonomy":"post_tag","embeddable":true,"href":"https:\/\/www.heartfailurematters.org\/es\/wp-json\/wp\/v2\/tags?post=8046"}],"curies":[{"name":"wp","href":"https:\/\/api.w.org\/{rel}","templated":true}]}}