{"id":8035,"date":"2021-04-12T11:40:42","date_gmt":"2021-04-12T10:40:42","guid":{"rendered":"https:\/\/www.heartfailurematters.org\/conocer-la-insuficiencia-cardiaca\/que-es-la-fraccion-de-eyeccion-icfer-e-icfed\/"},"modified":"2021-06-25T13:09:40","modified_gmt":"2021-06-25T12:09:40","slug":"que-es-la-fraccion-de-eyeccion-icfer-e-icfed","status":"publish","type":"page","link":"https:\/\/www.heartfailurematters.org\/es\/conocer-la-insuficiencia-cardiaca\/que-es-la-fraccion-de-eyeccion-icfer-e-icfed\/","title":{"rendered":"\u00bfQu\u00e9 es la fracci\u00f3n de eyecci\u00f3n? (ICFEr e ICFEd)"},"content":{"rendered":"<p>La insuficiencia card\u00edaca suele estar causada por un bombeo inadecuado del coraz\u00f3n. Durante el ejercicio, tanto la frecuencia card\u00edaca como la cantidad de sangre bombeada con cada latido card\u00edaco deben aumentar para satisfacer las necesidades de los m\u00fasculos al hacer ejercicio. Cuando el suministro de sangre es insuficiente para satisfacer las necesidades del organismo, se producen una reducci\u00f3n en la capacidad de hacer ejercicio y la dificultad para respirar. La <strong>fracci\u00f3n de eyecci\u00f3n<\/strong> (FE) es el porcentaje de sangre que se expulsa con cada latido de la c\u00e1mara principal de bombeo La FE se puede evaluar f\u00e1cilmente mediante una ecocardiograf\u00eda. Cuando la FE se reduce debido a una lesi\u00f3n del miocardio, como ocurre despu\u00e9s de un infarto de miocardio, la contracci\u00f3n de este es m\u00e1s d\u00e9bil y la capacidad de bombeo se reduce. El vaciado insuficiente del ventr\u00edculo izquierdo, que es la c\u00e1mara principal de bombeo, hace que se acumule l\u00edquido en los pulmones (congesti\u00f3n) y por consiguiente dificulta la respiraci\u00f3n debido a la incapacidad del coraz\u00f3n para vaciarse adecuadamente.<\/p>\n<p>Existen otras causas de insuficiencia\/reducci\u00f3n de la funci\u00f3n card\u00edaca, por ejemplo, cuando hay una anomal\u00eda en la relajaci\u00f3n del ventr\u00edculo a pesar de que la FE es normal.<\/p>\n<p>Los s\u00edntomas y signos de insuficiencia card\u00edaca debido a una FE reducida se denominan <strong>ICFEr<\/strong> o insuficiencia card\u00edaca con FE reducida. Sin embargo, cuando un paciente tiene s\u00edntomas y signos similares a los de la ICFEr, pero tiene una FE normal, se utiliza el t\u00e9rmino <strong>ICFEp<\/strong> (insuficiencia card\u00edaca con fracci\u00f3n de eyecci\u00f3n preservada) para describir la enfermedad.<\/p>\n<p>Cuando los s\u00edntomas y signos de insuficiencia card\u00edaca ocurren con una FE preservada, se utiliza el t\u00e9rmino <strong>ICFEp<\/strong> o insuficiencia card\u00edaca con FE preservada. Una FE normal suele rondar el 70&nbsp;%. Una FE inferior al 40&nbsp;% se considera reducida (ICFEr) y superior al 40&nbsp;% se considera una FE preservada (ICFEp). Muchos pacientes tendr\u00e1n una FE entre 40-49&nbsp;% que se considera levemente reducida. Recientemente, esta leve reducci\u00f3n de la FE se ha denominado ICFEi o insuficiencia card\u00edaca con una FE intermedia.<\/p>\n<h2>\u00bfPor qu\u00e9 es importante el t\u00e9rmino fracci\u00f3n de eyecci\u00f3n?<\/h2>\n<p>La evaluaci\u00f3n de la FE se ha utilizado en ensayos con f\u00e1rmacos durante las \u00faltimas d\u00e9cadas, cuando la atenci\u00f3n se centraba principalmente en pacientes con ICFEr. Recientemente, hemos reconocido la frecuencia de los s\u00edntomas de la insuficiencia card\u00edaca debido a la relajaci\u00f3n deficiente del miocardio (ICFEp) en comparaci\u00f3n con la contracci\u00f3n reducida (ICFEr). Estas diferentes categor\u00edas de pacientes generalmente requieren un tratamiento farmacol\u00f3gico algo distinto. Dado que la mayor parte de la investigaci\u00f3n sobre el tratamiento se ha realizado en pacientes con ICFEr, la evidencia que confirma la eficacia del tratamiento es mejor para estos pacientes y, por lo tanto, las recomendaciones de las pautas de tratamiento son m\u00e1s s\u00f3lidas para los pacientes con ICFEr. Sin embargo, recientemente, existe un gran inter\u00e9s en la investigaci\u00f3n sobre la terapia m\u00e1s eficaz en pacientes con ICFEp. Actualmente, el tratamiento se basa tratar los s\u00edntomas del paciente.<\/p>\n<p>Esta medici\u00f3n \u00fanica y sencilla de la FE mediante ecocardiograf\u00eda es una herramienta \u00fatil para los m\u00e9dicos que dise\u00f1an un plan de tratamiento individual para los pacientes con insuficiencia card\u00edaca.<\/p>\n","protected":false},"excerpt":{"rendered":"<p>La insuficiencia card\u00edaca suele estar causada por un bombeo inadecuado del coraz\u00f3n. Durante el ejercicio, tanto la frecuencia card\u00edaca como la cantidad de sangre bombeada con cada latido card\u00edaco deben aumentar para satisfacer las necesidades de los m\u00fasculos al hacer ejercicio. Cuando el suministro de sangre es insuficiente para satisfacer las necesidades del organismo, se [&hellip;]<\/p>\n","protected":false},"author":1,"featured_media":10651,"parent":2155,"menu_order":7,"comment_status":"closed","ping_status":"closed","template":"","meta":{"_acf_changed":false,"footnotes":""},"categories":[123],"tags":[],"class_list":["post-8035","page","type-page","status-publish","has-post-thumbnail","hentry","category-understanding-heart-failure-es"],"acf":[],"yoast_head":"<!-- This site is optimized with the Yoast SEO plugin v24.8.1 - https:\/\/yoast.com\/wordpress\/plugins\/seo\/ -->\n<title>\u00bfQu\u00e9 es la fracci\u00f3n de eyecci\u00f3n? (ICFEr e ICFEd) - Heart Failure Matters<\/title>\n<meta name=\"description\" content=\"La fracci\u00f3n de eyecci\u00f3n (FE) es el porcentaje de sangre que se expulsa con cada latido de la c\u00e1mara principal de bombeo.\" \/>\n<meta name=\"robots\" content=\"index, follow, max-snippet:-1, max-image-preview:large, max-video-preview:-1\" \/>\n<link rel=\"canonical\" href=\"https:\/\/www.heartfailurematters.org\/es\/conocer-la-insuficiencia-cardiaca\/que-es-la-fraccion-de-eyeccion-icfer-e-icfed\/\" \/>\n<meta property=\"og:locale\" content=\"es_ES\" \/>\n<meta property=\"og:type\" content=\"article\" \/>\n<meta property=\"og:title\" content=\"\u00bfQu\u00e9 es la fracci\u00f3n de eyecci\u00f3n? (ICFEr e ICFEd) - Heart Failure Matters\" \/>\n<meta property=\"og:description\" content=\"La fracci\u00f3n de eyecci\u00f3n (FE) es el porcentaje de sangre que se expulsa con cada latido de la c\u00e1mara principal de bombeo.\" \/>\n<meta property=\"og:url\" content=\"https:\/\/www.heartfailurematters.org\/es\/conocer-la-insuficiencia-cardiaca\/que-es-la-fraccion-de-eyeccion-icfer-e-icfed\/\" \/>\n<meta property=\"og:site_name\" content=\"Heart Failure Matters\" \/>\n<meta property=\"article:publisher\" content=\"https:\/\/www.facebook.com\/heartfailurematters\" \/>\n<meta property=\"article:modified_time\" content=\"2021-06-25T12:09:40+00:00\" \/>\n<meta property=\"og:image\" content=\"https:\/\/www.heartfailurematters.org\/wp-content\/uploads\/2022\/02\/shutterstock_1552030727-1-min.jpg\" \/>\n\t<meta property=\"og:image:width\" content=\"900\" \/>\n\t<meta property=\"og:image:height\" content=\"600\" \/>\n\t<meta property=\"og:image:type\" content=\"image\/jpeg\" \/>\n<meta name=\"twitter:card\" content=\"summary_large_image\" \/>\n<meta name=\"twitter:label1\" content=\"Tiempo de lectura\" \/>\n\t<meta name=\"twitter:data1\" content=\"3 minutos\" \/>\n<script type=\"application\/ld+json\" class=\"yoast-schema-graph\">{\"@context\":\"https:\/\/schema.org\",\"@graph\":[{\"@type\":\"WebPage\",\"@id\":\"https:\/\/www.heartfailurematters.org\/es\/conocer-la-insuficiencia-cardiaca\/que-es-la-fraccion-de-eyeccion-icfer-e-icfed\/\",\"url\":\"https:\/\/www.heartfailurematters.org\/es\/conocer-la-insuficiencia-cardiaca\/que-es-la-fraccion-de-eyeccion-icfer-e-icfed\/\",\"name\":\"\u00bfQu\u00e9 es la fracci\u00f3n de eyecci\u00f3n? (ICFEr e ICFEd) - Heart Failure Matters\",\"isPartOf\":{\"@id\":\"https:\/\/www.heartfailurematters.org\/es\/#website\"},\"primaryImageOfPage\":{\"@id\":\"https:\/\/www.heartfailurematters.org\/es\/conocer-la-insuficiencia-cardiaca\/que-es-la-fraccion-de-eyeccion-icfer-e-icfed\/#primaryimage\"},\"image\":{\"@id\":\"https:\/\/www.heartfailurematters.org\/es\/conocer-la-insuficiencia-cardiaca\/que-es-la-fraccion-de-eyeccion-icfer-e-icfed\/#primaryimage\"},\"thumbnailUrl\":\"https:\/\/www.heartfailurematters.org\/wp-content\/uploads\/2022\/02\/shutterstock_1552030727-1-min.jpg\",\"datePublished\":\"2021-04-12T10:40:42+00:00\",\"dateModified\":\"2021-06-25T12:09:40+00:00\",\"description\":\"La fracci\u00f3n de eyecci\u00f3n (FE) es el porcentaje de sangre que se expulsa con cada latido de la c\u00e1mara principal de bombeo.\",\"breadcrumb\":{\"@id\":\"https:\/\/www.heartfailurematters.org\/es\/conocer-la-insuficiencia-cardiaca\/que-es-la-fraccion-de-eyeccion-icfer-e-icfed\/#breadcrumb\"},\"inLanguage\":\"es\",\"potentialAction\":[{\"@type\":\"ReadAction\",\"target\":[\"https:\/\/www.heartfailurematters.org\/es\/conocer-la-insuficiencia-cardiaca\/que-es-la-fraccion-de-eyeccion-icfer-e-icfed\/\"]}]},{\"@type\":\"ImageObject\",\"inLanguage\":\"es\",\"@id\":\"https:\/\/www.heartfailurematters.org\/es\/conocer-la-insuficiencia-cardiaca\/que-es-la-fraccion-de-eyeccion-icfer-e-icfed\/#primaryimage\",\"url\":\"https:\/\/www.heartfailurematters.org\/wp-content\/uploads\/2022\/02\/shutterstock_1552030727-1-min.jpg\",\"contentUrl\":\"https:\/\/www.heartfailurematters.org\/wp-content\/uploads\/2022\/02\/shutterstock_1552030727-1-min.jpg\",\"width\":900,\"height\":600},{\"@type\":\"BreadcrumbList\",\"@id\":\"https:\/\/www.heartfailurematters.org\/es\/conocer-la-insuficiencia-cardiaca\/que-es-la-fraccion-de-eyeccion-icfer-e-icfed\/#breadcrumb\",\"itemListElement\":[{\"@type\":\"ListItem\",\"position\":1,\"name\":\"Inicio\",\"item\":\"https:\/\/www.heartfailurematters.org\/es\/\"},{\"@type\":\"ListItem\",\"position\":2,\"name\":\"Conocer la insuficiencia card\u00edaca\",\"item\":\"https:\/\/www.heartfailurematters.org\/es\/conocer-la-insuficiencia-cardiaca\/\"},{\"@type\":\"ListItem\",\"position\":3,\"name\":\"\u00bfQu\u00e9 es la fracci\u00f3n de eyecci\u00f3n? (ICFEr e ICFEd)\"}]},{\"@type\":\"WebSite\",\"@id\":\"https:\/\/www.heartfailurematters.org\/es\/#website\",\"url\":\"https:\/\/www.heartfailurematters.org\/es\/\",\"name\":\"Heart Failure Matters\",\"description\":\"Practical information for patients, families and caregivers.\",\"publisher\":{\"@id\":\"https:\/\/www.heartfailurematters.org\/es\/#organization\"},\"potentialAction\":[{\"@type\":\"SearchAction\",\"target\":{\"@type\":\"EntryPoint\",\"urlTemplate\":\"https:\/\/www.heartfailurematters.org\/es\/?s={search_term_string}\"},\"query-input\":{\"@type\":\"PropertyValueSpecification\",\"valueRequired\":true,\"valueName\":\"search_term_string\"}}],\"inLanguage\":\"es\"},{\"@type\":\"Organization\",\"@id\":\"https:\/\/www.heartfailurematters.org\/es\/#organization\",\"name\":\"Heart Failure Matters\",\"url\":\"https:\/\/www.heartfailurematters.org\/es\/\",\"logo\":{\"@type\":\"ImageObject\",\"inLanguage\":\"es\",\"@id\":\"https:\/\/www.heartfailurematters.org\/es\/#\/schema\/logo\/image\/\",\"url\":\"https:\/\/cdn-endpoint-hfm.azureedge.net\/heartfailurematters\/2024\/07\/hfm-logo1.jpg\",\"contentUrl\":\"https:\/\/cdn-endpoint-hfm.azureedge.net\/heartfailurematters\/2024\/07\/hfm-logo1.jpg\",\"width\":1280,\"height\":720,\"caption\":\"Heart Failure Matters\"},\"image\":{\"@id\":\"https:\/\/www.heartfailurematters.org\/es\/#\/schema\/logo\/image\/\"},\"sameAs\":[\"https:\/\/www.facebook.com\/heartfailurematters\"]}]}<\/script>\n<!-- \/ Yoast SEO plugin. -->","yoast_head_json":{"title":"\u00bfQu\u00e9 es la fracci\u00f3n de eyecci\u00f3n? (ICFEr e ICFEd) - Heart Failure Matters","description":"La fracci\u00f3n de eyecci\u00f3n (FE) es el porcentaje de sangre que se expulsa con cada latido de la c\u00e1mara principal de bombeo.","robots":{"index":"index","follow":"follow","max-snippet":"max-snippet:-1","max-image-preview":"max-image-preview:large","max-video-preview":"max-video-preview:-1"},"canonical":"https:\/\/www.heartfailurematters.org\/es\/conocer-la-insuficiencia-cardiaca\/que-es-la-fraccion-de-eyeccion-icfer-e-icfed\/","og_locale":"es_ES","og_type":"article","og_title":"\u00bfQu\u00e9 es la fracci\u00f3n de eyecci\u00f3n? (ICFEr e ICFEd) - Heart Failure Matters","og_description":"La fracci\u00f3n de eyecci\u00f3n (FE) es el porcentaje de sangre que se expulsa con cada latido de la c\u00e1mara principal de bombeo.","og_url":"https:\/\/www.heartfailurematters.org\/es\/conocer-la-insuficiencia-cardiaca\/que-es-la-fraccion-de-eyeccion-icfer-e-icfed\/","og_site_name":"Heart Failure Matters","article_publisher":"https:\/\/www.facebook.com\/heartfailurematters","article_modified_time":"2021-06-25T12:09:40+00:00","og_image":[{"width":900,"height":600,"url":"https:\/\/www.heartfailurematters.org\/wp-content\/uploads\/2022\/02\/shutterstock_1552030727-1-min.jpg","type":"image\/jpeg"}],"twitter_card":"summary_large_image","twitter_misc":{"Tiempo de lectura":"3 minutos"},"schema":{"@context":"https:\/\/schema.org","@graph":[{"@type":"WebPage","@id":"https:\/\/www.heartfailurematters.org\/es\/conocer-la-insuficiencia-cardiaca\/que-es-la-fraccion-de-eyeccion-icfer-e-icfed\/","url":"https:\/\/www.heartfailurematters.org\/es\/conocer-la-insuficiencia-cardiaca\/que-es-la-fraccion-de-eyeccion-icfer-e-icfed\/","name":"\u00bfQu\u00e9 es la fracci\u00f3n de eyecci\u00f3n? (ICFEr e ICFEd) - Heart Failure Matters","isPartOf":{"@id":"https:\/\/www.heartfailurematters.org\/es\/#website"},"primaryImageOfPage":{"@id":"https:\/\/www.heartfailurematters.org\/es\/conocer-la-insuficiencia-cardiaca\/que-es-la-fraccion-de-eyeccion-icfer-e-icfed\/#primaryimage"},"image":{"@id":"https:\/\/www.heartfailurematters.org\/es\/conocer-la-insuficiencia-cardiaca\/que-es-la-fraccion-de-eyeccion-icfer-e-icfed\/#primaryimage"},"thumbnailUrl":"https:\/\/www.heartfailurematters.org\/wp-content\/uploads\/2022\/02\/shutterstock_1552030727-1-min.jpg","datePublished":"2021-04-12T10:40:42+00:00","dateModified":"2021-06-25T12:09:40+00:00","description":"La fracci\u00f3n de eyecci\u00f3n (FE) es el porcentaje de sangre que se expulsa con cada latido de la c\u00e1mara principal de bombeo.","breadcrumb":{"@id":"https:\/\/www.heartfailurematters.org\/es\/conocer-la-insuficiencia-cardiaca\/que-es-la-fraccion-de-eyeccion-icfer-e-icfed\/#breadcrumb"},"inLanguage":"es","potentialAction":[{"@type":"ReadAction","target":["https:\/\/www.heartfailurematters.org\/es\/conocer-la-insuficiencia-cardiaca\/que-es-la-fraccion-de-eyeccion-icfer-e-icfed\/"]}]},{"@type":"ImageObject","inLanguage":"es","@id":"https:\/\/www.heartfailurematters.org\/es\/conocer-la-insuficiencia-cardiaca\/que-es-la-fraccion-de-eyeccion-icfer-e-icfed\/#primaryimage","url":"https:\/\/www.heartfailurematters.org\/wp-content\/uploads\/2022\/02\/shutterstock_1552030727-1-min.jpg","contentUrl":"https:\/\/www.heartfailurematters.org\/wp-content\/uploads\/2022\/02\/shutterstock_1552030727-1-min.jpg","width":900,"height":600},{"@type":"BreadcrumbList","@id":"https:\/\/www.heartfailurematters.org\/es\/conocer-la-insuficiencia-cardiaca\/que-es-la-fraccion-de-eyeccion-icfer-e-icfed\/#breadcrumb","itemListElement":[{"@type":"ListItem","position":1,"name":"Inicio","item":"https:\/\/www.heartfailurematters.org\/es\/"},{"@type":"ListItem","position":2,"name":"Conocer la insuficiencia card\u00edaca","item":"https:\/\/www.heartfailurematters.org\/es\/conocer-la-insuficiencia-cardiaca\/"},{"@type":"ListItem","position":3,"name":"\u00bfQu\u00e9 es la fracci\u00f3n de eyecci\u00f3n? (ICFEr e ICFEd)"}]},{"@type":"WebSite","@id":"https:\/\/www.heartfailurematters.org\/es\/#website","url":"https:\/\/www.heartfailurematters.org\/es\/","name":"Heart Failure Matters","description":"Practical information for patients, families and caregivers.","publisher":{"@id":"https:\/\/www.heartfailurematters.org\/es\/#organization"},"potentialAction":[{"@type":"SearchAction","target":{"@type":"EntryPoint","urlTemplate":"https:\/\/www.heartfailurematters.org\/es\/?s={search_term_string}"},"query-input":{"@type":"PropertyValueSpecification","valueRequired":true,"valueName":"search_term_string"}}],"inLanguage":"es"},{"@type":"Organization","@id":"https:\/\/www.heartfailurematters.org\/es\/#organization","name":"Heart Failure Matters","url":"https:\/\/www.heartfailurematters.org\/es\/","logo":{"@type":"ImageObject","inLanguage":"es","@id":"https:\/\/www.heartfailurematters.org\/es\/#\/schema\/logo\/image\/","url":"https:\/\/cdn-endpoint-hfm.azureedge.net\/heartfailurematters\/2024\/07\/hfm-logo1.jpg","contentUrl":"https:\/\/cdn-endpoint-hfm.azureedge.net\/heartfailurematters\/2024\/07\/hfm-logo1.jpg","width":1280,"height":720,"caption":"Heart Failure Matters"},"image":{"@id":"https:\/\/www.heartfailurematters.org\/es\/#\/schema\/logo\/image\/"},"sameAs":["https:\/\/www.facebook.com\/heartfailurematters"]}]}},"_links":{"self":[{"href":"https:\/\/www.heartfailurematters.org\/es\/wp-json\/wp\/v2\/pages\/8035","targetHints":{"allow":["GET"]}}],"collection":[{"href":"https:\/\/www.heartfailurematters.org\/es\/wp-json\/wp\/v2\/pages"}],"about":[{"href":"https:\/\/www.heartfailurematters.org\/es\/wp-json\/wp\/v2\/types\/page"}],"author":[{"embeddable":true,"href":"https:\/\/www.heartfailurematters.org\/es\/wp-json\/wp\/v2\/users\/1"}],"replies":[{"embeddable":true,"href":"https:\/\/www.heartfailurematters.org\/es\/wp-json\/wp\/v2\/comments?post=8035"}],"version-history":[{"count":1,"href":"https:\/\/www.heartfailurematters.org\/es\/wp-json\/wp\/v2\/pages\/8035\/revisions"}],"predecessor-version":[{"id":9057,"href":"https:\/\/www.heartfailurematters.org\/es\/wp-json\/wp\/v2\/pages\/8035\/revisions\/9057"}],"up":[{"embeddable":true,"href":"https:\/\/www.heartfailurematters.org\/es\/wp-json\/wp\/v2\/pages\/2155"}],"wp:featuredmedia":[{"embeddable":true,"href":"https:\/\/www.heartfailurematters.org\/es\/wp-json\/wp\/v2\/media\/10651"}],"wp:attachment":[{"href":"https:\/\/www.heartfailurematters.org\/es\/wp-json\/wp\/v2\/media?parent=8035"}],"wp:term":[{"taxonomy":"category","embeddable":true,"href":"https:\/\/www.heartfailurematters.org\/es\/wp-json\/wp\/v2\/categories?post=8035"},{"taxonomy":"post_tag","embeddable":true,"href":"https:\/\/www.heartfailurematters.org\/es\/wp-json\/wp\/v2\/tags?post=8035"}],"curies":[{"name":"wp","href":"https:\/\/api.w.org\/{rel}","templated":true}]}}