{"id":8031,"date":"2021-04-12T11:40:42","date_gmt":"2021-04-12T10:40:42","guid":{"rendered":"https:\/\/www.heartfailurematters.org\/conocer-la-insuficiencia-cardiaca\/herramientas-utilizadas-para-evaluar-la-calidad-de-vida\/"},"modified":"2021-06-25T13:09:42","modified_gmt":"2021-06-25T12:09:42","slug":"herramientas-utilizadas-para-evaluar-la-calidad-de-vida","status":"publish","type":"page","link":"https:\/\/www.heartfailurematters.org\/es\/conocer-la-insuficiencia-cardiaca\/herramientas-utilizadas-para-evaluar-la-calidad-de-vida\/","title":{"rendered":"Herramientas utilizadas para evaluar la calidad de vida"},"content":{"rendered":"<p>La insuficiencia card\u00edaca puede afectar de diferentes maneras. Solo usted (y tal vez su familia) conoce de verdad la situaci\u00f3n real, pero su equipo de atenci\u00f3n m\u00e9dica querr\u00e1 obtener m\u00e1s informaci\u00f3n al respecto. Le har\u00e1n preguntas generales tales como \u00ab\u00bfc\u00f3mo se siente?\u00bb o \u00ab\u00bfc\u00f3mo va todo?\u00bb y sus respuestas pueden ser muy \u00fatiles, pero si quieren obtener m\u00e1s detalles, pueden pedirle que complete un cuestionario.<\/p>\n<p>Sus respuestas a las preguntas ayudar\u00e1n a su m\u00e9dico o enfermero a comprender mejor c\u00f3mo le afecta la insuficiencia card\u00edaca y c\u00f3mo modifica su estilo de vida. Tambi\u00e9n les ayudar\u00e1 a realizar un seguimiento de la enfermedad.<\/p>\n<p>Es importante que responda a las preguntas con sinceridad. Su opini\u00f3n es lo que importa. No debe dar las respuestas que cree que el equipo de atenci\u00f3n m\u00e9dica desear\u00eda escuchar, ni lo que su familia o amigos piensan sobre su salud.<\/p>\n<p>Se pueden usar varios cuestionarios para evaluar su calidad de vida. Algunos son muy generales, pero su equipo de atenci\u00f3n m\u00e9dica probablemente estar\u00e1 m\u00e1s interesado en su insuficiencia card\u00edaca y en c\u00f3mo le afecta en su vida diaria. Es m\u00e1s probable que utilicen un cuestionario llamado \u00abThe Kansas City Questionnaire\u00bb. Se llama as\u00ed porque fue desarrollado por investigadores que trabajan en Kansas, pero ahora se utiliza en todo el mundo y en muchos idiomas. Consta de 23 preguntas sobre sus s\u00edntomas como la dificultad para respirar, fatiga (cansancio) o hinchaz\u00f3n de tobillos, y c\u00f3mo le han afectado a usted y a su estilo de vida en las \u00faltimas 2 semanas. Tambi\u00e9n hay preguntas sobre c\u00f3mo han limitado sus s\u00edntomas su calidad de vida y si se ha sentido desanimado o \u00ababatido\u00bb.<\/p>\n<p>Es posible que le pidan que responda otros cuestionarios, por ejemplo, cuestionarios sobre el autocuidado, sentimientos de depresi\u00f3n o actividades diarias.<\/p>\n<p>Si participa en un ensayo cl\u00ednico, generalmente se le pedir\u00e1 que responda el cuestionario de calidad de vida en cada visita, o se le puede enviar el cuestionario por correo postal o por correo electr\u00f3nico, o mediante un enlace a un sitio web. Los resultados se pueden utilizar para evaluar el efecto de la intervenci\u00f3n que se est\u00e1 probando en el ensayo sobre diversos aspectos de la calidad de vida de los pacientes. Si no participa en un ensayo cl\u00ednico, su equipo m\u00e9dico tambi\u00e9n podr\u00e1 utilizar peri\u00f3dicamente el cuestionario. Sus respuestas les ayudar\u00e1n a cuidarle mejor. Si tiene preguntas que hacerles despu\u00e9s de responder el cuestionario, \u00a1h\u00e1galas!<\/p>\n","protected":false},"excerpt":{"rendered":"<p>La insuficiencia card\u00edaca puede afectar de diferentes maneras. Solo usted (y tal vez su familia) conoce de verdad la situaci\u00f3n real, pero su equipo de atenci\u00f3n m\u00e9dica querr\u00e1 obtener m\u00e1s informaci\u00f3n al respecto. Le har\u00e1n preguntas generales tales como \u00ab\u00bfc\u00f3mo se siente?\u00bb o \u00ab\u00bfc\u00f3mo va todo?\u00bb y sus respuestas pueden ser muy \u00fatiles, pero si [&hellip;]<\/p>\n","protected":false},"author":1,"featured_media":10731,"parent":2155,"menu_order":10,"comment_status":"closed","ping_status":"closed","template":"","meta":{"_acf_changed":false,"footnotes":""},"categories":[123],"tags":[],"class_list":["post-8031","page","type-page","status-publish","has-post-thumbnail","hentry","category-understanding-heart-failure-es"],"acf":[],"yoast_head":"<!-- This site is optimized with the Yoast SEO plugin v24.8.1 - https:\/\/yoast.com\/wordpress\/plugins\/seo\/ -->\n<title>Herramientas utilizadas para evaluar la calidad de vida - Heart Failure Matters<\/title>\n<meta name=\"description\" content=\"La insuficiencia card\u00edaca puede afectar de diferentes maneras. Se pueden usar varios cuestionarios para evaluar su calidad de vida.\" \/>\n<meta name=\"robots\" content=\"index, follow, max-snippet:-1, max-image-preview:large, max-video-preview:-1\" \/>\n<link rel=\"canonical\" href=\"https:\/\/www.heartfailurematters.org\/es\/conocer-la-insuficiencia-cardiaca\/herramientas-utilizadas-para-evaluar-la-calidad-de-vida\/\" \/>\n<meta property=\"og:locale\" content=\"es_ES\" \/>\n<meta property=\"og:type\" content=\"article\" \/>\n<meta property=\"og:title\" content=\"Herramientas utilizadas para evaluar la calidad de vida - Heart Failure Matters\" \/>\n<meta property=\"og:description\" content=\"La insuficiencia card\u00edaca puede afectar de diferentes maneras. Se pueden usar varios cuestionarios para evaluar su calidad de vida.\" \/>\n<meta property=\"og:url\" content=\"https:\/\/www.heartfailurematters.org\/es\/conocer-la-insuficiencia-cardiaca\/herramientas-utilizadas-para-evaluar-la-calidad-de-vida\/\" \/>\n<meta property=\"og:site_name\" content=\"Heart Failure Matters\" \/>\n<meta property=\"article:publisher\" content=\"https:\/\/www.facebook.com\/heartfailurematters\" \/>\n<meta property=\"article:modified_time\" content=\"2021-06-25T12:09:42+00:00\" \/>\n<meta property=\"og:image\" content=\"https:\/\/www.heartfailurematters.org\/wp-content\/uploads\/2022\/02\/shutterstock_1433289311-1-min.jpg\" \/>\n\t<meta property=\"og:image:width\" content=\"900\" \/>\n\t<meta property=\"og:image:height\" content=\"600\" \/>\n\t<meta property=\"og:image:type\" content=\"image\/jpeg\" \/>\n<meta name=\"twitter:card\" content=\"summary_large_image\" \/>\n<meta name=\"twitter:label1\" content=\"Tiempo de lectura\" \/>\n\t<meta name=\"twitter:data1\" content=\"2 minutos\" \/>\n<script type=\"application\/ld+json\" class=\"yoast-schema-graph\">{\"@context\":\"https:\/\/schema.org\",\"@graph\":[{\"@type\":\"WebPage\",\"@id\":\"https:\/\/www.heartfailurematters.org\/es\/conocer-la-insuficiencia-cardiaca\/herramientas-utilizadas-para-evaluar-la-calidad-de-vida\/\",\"url\":\"https:\/\/www.heartfailurematters.org\/es\/conocer-la-insuficiencia-cardiaca\/herramientas-utilizadas-para-evaluar-la-calidad-de-vida\/\",\"name\":\"Herramientas utilizadas para evaluar la calidad de vida - Heart Failure Matters\",\"isPartOf\":{\"@id\":\"https:\/\/www.heartfailurematters.org\/es\/#website\"},\"primaryImageOfPage\":{\"@id\":\"https:\/\/www.heartfailurematters.org\/es\/conocer-la-insuficiencia-cardiaca\/herramientas-utilizadas-para-evaluar-la-calidad-de-vida\/#primaryimage\"},\"image\":{\"@id\":\"https:\/\/www.heartfailurematters.org\/es\/conocer-la-insuficiencia-cardiaca\/herramientas-utilizadas-para-evaluar-la-calidad-de-vida\/#primaryimage\"},\"thumbnailUrl\":\"https:\/\/www.heartfailurematters.org\/wp-content\/uploads\/2022\/02\/shutterstock_1433289311-1-min.jpg\",\"datePublished\":\"2021-04-12T10:40:42+00:00\",\"dateModified\":\"2021-06-25T12:09:42+00:00\",\"description\":\"La insuficiencia card\u00edaca puede afectar de diferentes maneras. Se pueden usar varios cuestionarios para evaluar su calidad de vida.\",\"breadcrumb\":{\"@id\":\"https:\/\/www.heartfailurematters.org\/es\/conocer-la-insuficiencia-cardiaca\/herramientas-utilizadas-para-evaluar-la-calidad-de-vida\/#breadcrumb\"},\"inLanguage\":\"es\",\"potentialAction\":[{\"@type\":\"ReadAction\",\"target\":[\"https:\/\/www.heartfailurematters.org\/es\/conocer-la-insuficiencia-cardiaca\/herramientas-utilizadas-para-evaluar-la-calidad-de-vida\/\"]}]},{\"@type\":\"ImageObject\",\"inLanguage\":\"es\",\"@id\":\"https:\/\/www.heartfailurematters.org\/es\/conocer-la-insuficiencia-cardiaca\/herramientas-utilizadas-para-evaluar-la-calidad-de-vida\/#primaryimage\",\"url\":\"https:\/\/www.heartfailurematters.org\/wp-content\/uploads\/2022\/02\/shutterstock_1433289311-1-min.jpg\",\"contentUrl\":\"https:\/\/www.heartfailurematters.org\/wp-content\/uploads\/2022\/02\/shutterstock_1433289311-1-min.jpg\",\"width\":900,\"height\":600},{\"@type\":\"BreadcrumbList\",\"@id\":\"https:\/\/www.heartfailurematters.org\/es\/conocer-la-insuficiencia-cardiaca\/herramientas-utilizadas-para-evaluar-la-calidad-de-vida\/#breadcrumb\",\"itemListElement\":[{\"@type\":\"ListItem\",\"position\":1,\"name\":\"Inicio\",\"item\":\"https:\/\/www.heartfailurematters.org\/es\/\"},{\"@type\":\"ListItem\",\"position\":2,\"name\":\"Conocer la insuficiencia card\u00edaca\",\"item\":\"https:\/\/www.heartfailurematters.org\/es\/conocer-la-insuficiencia-cardiaca\/\"},{\"@type\":\"ListItem\",\"position\":3,\"name\":\"Herramientas utilizadas para evaluar la calidad de vida\"}]},{\"@type\":\"WebSite\",\"@id\":\"https:\/\/www.heartfailurematters.org\/es\/#website\",\"url\":\"https:\/\/www.heartfailurematters.org\/es\/\",\"name\":\"Heart Failure Matters\",\"description\":\"Practical information for patients, families and caregivers.\",\"publisher\":{\"@id\":\"https:\/\/www.heartfailurematters.org\/es\/#organization\"},\"potentialAction\":[{\"@type\":\"SearchAction\",\"target\":{\"@type\":\"EntryPoint\",\"urlTemplate\":\"https:\/\/www.heartfailurematters.org\/es\/?s={search_term_string}\"},\"query-input\":{\"@type\":\"PropertyValueSpecification\",\"valueRequired\":true,\"valueName\":\"search_term_string\"}}],\"inLanguage\":\"es\"},{\"@type\":\"Organization\",\"@id\":\"https:\/\/www.heartfailurematters.org\/es\/#organization\",\"name\":\"Heart Failure Matters\",\"url\":\"https:\/\/www.heartfailurematters.org\/es\/\",\"logo\":{\"@type\":\"ImageObject\",\"inLanguage\":\"es\",\"@id\":\"https:\/\/www.heartfailurematters.org\/es\/#\/schema\/logo\/image\/\",\"url\":\"https:\/\/cdn-endpoint-hfm.azureedge.net\/heartfailurematters\/2024\/07\/hfm-logo1.jpg\",\"contentUrl\":\"https:\/\/cdn-endpoint-hfm.azureedge.net\/heartfailurematters\/2024\/07\/hfm-logo1.jpg\",\"width\":1280,\"height\":720,\"caption\":\"Heart Failure Matters\"},\"image\":{\"@id\":\"https:\/\/www.heartfailurematters.org\/es\/#\/schema\/logo\/image\/\"},\"sameAs\":[\"https:\/\/www.facebook.com\/heartfailurematters\"]}]}<\/script>\n<!-- \/ Yoast SEO plugin. -->","yoast_head_json":{"title":"Herramientas utilizadas para evaluar la calidad de vida - Heart Failure Matters","description":"La insuficiencia card\u00edaca puede afectar de diferentes maneras. Se pueden usar varios cuestionarios para evaluar su calidad de vida.","robots":{"index":"index","follow":"follow","max-snippet":"max-snippet:-1","max-image-preview":"max-image-preview:large","max-video-preview":"max-video-preview:-1"},"canonical":"https:\/\/www.heartfailurematters.org\/es\/conocer-la-insuficiencia-cardiaca\/herramientas-utilizadas-para-evaluar-la-calidad-de-vida\/","og_locale":"es_ES","og_type":"article","og_title":"Herramientas utilizadas para evaluar la calidad de vida - Heart Failure Matters","og_description":"La insuficiencia card\u00edaca puede afectar de diferentes maneras. Se pueden usar varios cuestionarios para evaluar su calidad de vida.","og_url":"https:\/\/www.heartfailurematters.org\/es\/conocer-la-insuficiencia-cardiaca\/herramientas-utilizadas-para-evaluar-la-calidad-de-vida\/","og_site_name":"Heart Failure Matters","article_publisher":"https:\/\/www.facebook.com\/heartfailurematters","article_modified_time":"2021-06-25T12:09:42+00:00","og_image":[{"width":900,"height":600,"url":"https:\/\/www.heartfailurematters.org\/wp-content\/uploads\/2022\/02\/shutterstock_1433289311-1-min.jpg","type":"image\/jpeg"}],"twitter_card":"summary_large_image","twitter_misc":{"Tiempo de lectura":"2 minutos"},"schema":{"@context":"https:\/\/schema.org","@graph":[{"@type":"WebPage","@id":"https:\/\/www.heartfailurematters.org\/es\/conocer-la-insuficiencia-cardiaca\/herramientas-utilizadas-para-evaluar-la-calidad-de-vida\/","url":"https:\/\/www.heartfailurematters.org\/es\/conocer-la-insuficiencia-cardiaca\/herramientas-utilizadas-para-evaluar-la-calidad-de-vida\/","name":"Herramientas utilizadas para evaluar la calidad de vida - Heart Failure Matters","isPartOf":{"@id":"https:\/\/www.heartfailurematters.org\/es\/#website"},"primaryImageOfPage":{"@id":"https:\/\/www.heartfailurematters.org\/es\/conocer-la-insuficiencia-cardiaca\/herramientas-utilizadas-para-evaluar-la-calidad-de-vida\/#primaryimage"},"image":{"@id":"https:\/\/www.heartfailurematters.org\/es\/conocer-la-insuficiencia-cardiaca\/herramientas-utilizadas-para-evaluar-la-calidad-de-vida\/#primaryimage"},"thumbnailUrl":"https:\/\/www.heartfailurematters.org\/wp-content\/uploads\/2022\/02\/shutterstock_1433289311-1-min.jpg","datePublished":"2021-04-12T10:40:42+00:00","dateModified":"2021-06-25T12:09:42+00:00","description":"La insuficiencia card\u00edaca puede afectar de diferentes maneras. Se pueden usar varios cuestionarios para evaluar su calidad de vida.","breadcrumb":{"@id":"https:\/\/www.heartfailurematters.org\/es\/conocer-la-insuficiencia-cardiaca\/herramientas-utilizadas-para-evaluar-la-calidad-de-vida\/#breadcrumb"},"inLanguage":"es","potentialAction":[{"@type":"ReadAction","target":["https:\/\/www.heartfailurematters.org\/es\/conocer-la-insuficiencia-cardiaca\/herramientas-utilizadas-para-evaluar-la-calidad-de-vida\/"]}]},{"@type":"ImageObject","inLanguage":"es","@id":"https:\/\/www.heartfailurematters.org\/es\/conocer-la-insuficiencia-cardiaca\/herramientas-utilizadas-para-evaluar-la-calidad-de-vida\/#primaryimage","url":"https:\/\/www.heartfailurematters.org\/wp-content\/uploads\/2022\/02\/shutterstock_1433289311-1-min.jpg","contentUrl":"https:\/\/www.heartfailurematters.org\/wp-content\/uploads\/2022\/02\/shutterstock_1433289311-1-min.jpg","width":900,"height":600},{"@type":"BreadcrumbList","@id":"https:\/\/www.heartfailurematters.org\/es\/conocer-la-insuficiencia-cardiaca\/herramientas-utilizadas-para-evaluar-la-calidad-de-vida\/#breadcrumb","itemListElement":[{"@type":"ListItem","position":1,"name":"Inicio","item":"https:\/\/www.heartfailurematters.org\/es\/"},{"@type":"ListItem","position":2,"name":"Conocer la insuficiencia card\u00edaca","item":"https:\/\/www.heartfailurematters.org\/es\/conocer-la-insuficiencia-cardiaca\/"},{"@type":"ListItem","position":3,"name":"Herramientas utilizadas para evaluar la calidad de vida"}]},{"@type":"WebSite","@id":"https:\/\/www.heartfailurematters.org\/es\/#website","url":"https:\/\/www.heartfailurematters.org\/es\/","name":"Heart Failure Matters","description":"Practical information for patients, families and caregivers.","publisher":{"@id":"https:\/\/www.heartfailurematters.org\/es\/#organization"},"potentialAction":[{"@type":"SearchAction","target":{"@type":"EntryPoint","urlTemplate":"https:\/\/www.heartfailurematters.org\/es\/?s={search_term_string}"},"query-input":{"@type":"PropertyValueSpecification","valueRequired":true,"valueName":"search_term_string"}}],"inLanguage":"es"},{"@type":"Organization","@id":"https:\/\/www.heartfailurematters.org\/es\/#organization","name":"Heart Failure Matters","url":"https:\/\/www.heartfailurematters.org\/es\/","logo":{"@type":"ImageObject","inLanguage":"es","@id":"https:\/\/www.heartfailurematters.org\/es\/#\/schema\/logo\/image\/","url":"https:\/\/cdn-endpoint-hfm.azureedge.net\/heartfailurematters\/2024\/07\/hfm-logo1.jpg","contentUrl":"https:\/\/cdn-endpoint-hfm.azureedge.net\/heartfailurematters\/2024\/07\/hfm-logo1.jpg","width":1280,"height":720,"caption":"Heart Failure Matters"},"image":{"@id":"https:\/\/www.heartfailurematters.org\/es\/#\/schema\/logo\/image\/"},"sameAs":["https:\/\/www.facebook.com\/heartfailurematters"]}]}},"_links":{"self":[{"href":"https:\/\/www.heartfailurematters.org\/es\/wp-json\/wp\/v2\/pages\/8031","targetHints":{"allow":["GET"]}}],"collection":[{"href":"https:\/\/www.heartfailurematters.org\/es\/wp-json\/wp\/v2\/pages"}],"about":[{"href":"https:\/\/www.heartfailurematters.org\/es\/wp-json\/wp\/v2\/types\/page"}],"author":[{"embeddable":true,"href":"https:\/\/www.heartfailurematters.org\/es\/wp-json\/wp\/v2\/users\/1"}],"replies":[{"embeddable":true,"href":"https:\/\/www.heartfailurematters.org\/es\/wp-json\/wp\/v2\/comments?post=8031"}],"version-history":[{"count":1,"href":"https:\/\/www.heartfailurematters.org\/es\/wp-json\/wp\/v2\/pages\/8031\/revisions"}],"predecessor-version":[{"id":9062,"href":"https:\/\/www.heartfailurematters.org\/es\/wp-json\/wp\/v2\/pages\/8031\/revisions\/9062"}],"up":[{"embeddable":true,"href":"https:\/\/www.heartfailurematters.org\/es\/wp-json\/wp\/v2\/pages\/2155"}],"wp:featuredmedia":[{"embeddable":true,"href":"https:\/\/www.heartfailurematters.org\/es\/wp-json\/wp\/v2\/media\/10731"}],"wp:attachment":[{"href":"https:\/\/www.heartfailurematters.org\/es\/wp-json\/wp\/v2\/media?parent=8031"}],"wp:term":[{"taxonomy":"category","embeddable":true,"href":"https:\/\/www.heartfailurematters.org\/es\/wp-json\/wp\/v2\/categories?post=8031"},{"taxonomy":"post_tag","embeddable":true,"href":"https:\/\/www.heartfailurematters.org\/es\/wp-json\/wp\/v2\/tags?post=8031"}],"curies":[{"name":"wp","href":"https:\/\/api.w.org\/{rel}","templated":true}]}}