{"id":2398,"date":"2021-01-27T22:09:57","date_gmt":"2021-01-27T22:09:57","guid":{"rendered":"http:\/\/heartfailurematters.local:8888\/antiarritmicos\/"},"modified":"2026-01-16T14:32:49","modified_gmt":"2026-01-16T14:32:49","slug":"antiarritmicos","status":"publish","type":"page","link":"https:\/\/www.heartfailurematters.org\/es\/lo-que-pueden-hacer-su-medico-o-enfermero\/antiarritmicos\/","title":{"rendered":"Antiarr\u00edtmicos"},"content":{"rendered":"<h2>\u00bfQu\u00e9 hacen?<\/h2>\n<p>Los f\u00e1rmacos <strong>antiarr\u00edtmicos<\/strong> son un grupo m\u00e1s amplio de medicamentos que pueden utilizarse para controlar un ritmo card\u00edaco anormal. Sin embargo, en casos de insuficiencia card\u00edaca, los f\u00e1rmacos antiarr\u00edtmicos se recetan con precauci\u00f3n, ya que pueden tener efectos secundarios graves.<\/p>\n<h2>Efectos secundarios de determinados f\u00e1rmacos antiarr\u00edtmicos<\/h2>\n<ul>\n<li>La <strong>amiodarona<\/strong> es un f\u00e1rmaco muy potente y, en ocasiones, es necesario para controlar las alteraciones del ritmo card\u00edaco en la insuficiencia card\u00edaca. Sin embargo, aumenta notablemente la sensibilidad de la piel a la luz solar. Por lo tanto, debe evitar la exposici\u00f3n directa al sol y utilizar siempre un protector solar de factor alto. Se recomienda que un dermat\u00f3logo le revise la piel una vez al a\u00f1o. Adem\u00e1s, el tratamiento prolongado con amiodarona tambi\u00e9n puede afectar a la funci\u00f3n tiroidea y a la vista, por lo que tambi\u00e9n deben controlarse regularmente. La concentraci\u00f3n de amiodarona en el organismo puede comprobarse mediante un an\u00e1lisis de sangre espec\u00edfico.<\/li>\n<li><strong>La digoxina o la digitoxina<\/strong> pertenecen al grupo de los denominados gluc\u00f3sidos card\u00edacos. Ralentizan el ritmo card\u00edaco cuando hay fibrilaci\u00f3n auricular. Hoy en d\u00eda, solo se recetan dosis peque\u00f1as, lo que hace que estos f\u00e1rmacos sean bien tolerados. Los efectos secundarios son m\u00e1s frecuentes con dosis m\u00e1s altas e incluyen s\u00edntomas como n\u00e1useas, p\u00e9rdida de apetito y diarrea. La concentraci\u00f3n de digoxina o digitoxina en el organismo se puede comprobar mediante un an\u00e1lisis de sangre espec\u00edfico.<\/li>\n<\/ul>\n<h2>Consejo<\/h2>\n<p>Algunos antiarr\u00edtmicos pueden interactuar con el zumo de pomelo, alterando el efecto de este medicamento. Su m\u00e9dico podr\u00e1 explic\u00e1rselo.<\/p>\n<p><a href=\"https:\/\/www.heartfailurematters.org\/what-your-doctor-can-do\/heart-failure-medicines\/\">Volver a Medicamentos para la insuficiencia card\u00edaca.<\/a><\/p>\n","protected":false},"excerpt":{"rendered":"<p>\u00bfQu\u00e9 hacen? Los f\u00e1rmacos antiarr\u00edtmicos son un grupo m\u00e1s amplio de medicamentos que pueden utilizarse para controlar un ritmo card\u00edaco anormal. Sin embargo, en casos de insuficiencia card\u00edaca, los f\u00e1rmacos antiarr\u00edtmicos se recetan con precauci\u00f3n, ya que pueden tener efectos secundarios graves. Efectos secundarios de determinados f\u00e1rmacos antiarr\u00edtmicos La amiodarona es un f\u00e1rmaco muy potente [&hellip;]<\/p>\n","protected":false},"author":1,"featured_media":0,"parent":2684,"menu_order":0,"comment_status":"open","ping_status":"open","template":"","meta":{"_acf_changed":false,"footnotes":""},"categories":[],"tags":[],"class_list":["post-2398","page","type-page","status-publish","hentry"],"acf":[],"yoast_head":"<!-- This site is optimized with the Yoast SEO plugin v24.8.1 - https:\/\/yoast.com\/wordpress\/plugins\/seo\/ -->\n<title>Antiarr\u00edtmicos e insuficiencia card\u00edaca<\/title>\n<meta name=\"description\" content=\"Los medicamentos antiarr\u00edtmicos sirven para controlar los ritmos card\u00edacos an\u00f3malos. M\u00e1s informaci\u00f3n sobre antiarr\u00edtmicos, efectos secundarios y consejos principales.\" \/>\n<meta name=\"robots\" content=\"index, follow, max-snippet:-1, max-image-preview:large, max-video-preview:-1\" \/>\n<link rel=\"canonical\" href=\"https:\/\/www.heartfailurematters.org\/es\/lo-que-pueden-hacer-su-medico-o-enfermero\/antiarritmicos\/\" \/>\n<meta property=\"og:locale\" content=\"es_ES\" \/>\n<meta property=\"og:type\" content=\"article\" \/>\n<meta property=\"og:title\" content=\"Antiarr\u00edtmicos e insuficiencia card\u00edaca\" \/>\n<meta property=\"og:description\" content=\"Los medicamentos antiarr\u00edtmicos sirven para controlar los ritmos card\u00edacos an\u00f3malos. M\u00e1s informaci\u00f3n sobre antiarr\u00edtmicos, efectos secundarios y consejos principales.\" \/>\n<meta property=\"og:url\" content=\"https:\/\/www.heartfailurematters.org\/es\/lo-que-pueden-hacer-su-medico-o-enfermero\/antiarritmicos\/\" \/>\n<meta property=\"og:site_name\" content=\"Heart Failure Matters\" \/>\n<meta property=\"article:publisher\" content=\"https:\/\/www.facebook.com\/heartfailurematters\" \/>\n<meta property=\"article:modified_time\" content=\"2026-01-16T14:32:49+00:00\" \/>\n<meta name=\"twitter:card\" content=\"summary_large_image\" \/>\n<meta name=\"twitter:label1\" content=\"Tiempo de lectura\" \/>\n\t<meta name=\"twitter:data1\" content=\"3 minutos\" \/>\n<script type=\"application\/ld+json\" class=\"yoast-schema-graph\">{\"@context\":\"https:\/\/schema.org\",\"@graph\":[{\"@type\":\"WebPage\",\"@id\":\"https:\/\/www.heartfailurematters.org\/es\/lo-que-pueden-hacer-su-medico-o-enfermero\/antiarritmicos\/\",\"url\":\"https:\/\/www.heartfailurematters.org\/es\/lo-que-pueden-hacer-su-medico-o-enfermero\/antiarritmicos\/\",\"name\":\"Antiarr\u00edtmicos e insuficiencia card\u00edaca\",\"isPartOf\":{\"@id\":\"https:\/\/www.heartfailurematters.org\/es\/#website\"},\"datePublished\":\"2021-01-27T22:09:57+00:00\",\"dateModified\":\"2026-01-16T14:32:49+00:00\",\"description\":\"Los medicamentos antiarr\u00edtmicos sirven para controlar los ritmos card\u00edacos an\u00f3malos. M\u00e1s informaci\u00f3n sobre antiarr\u00edtmicos, efectos secundarios y consejos principales.\",\"breadcrumb\":{\"@id\":\"https:\/\/www.heartfailurematters.org\/es\/lo-que-pueden-hacer-su-medico-o-enfermero\/antiarritmicos\/#breadcrumb\"},\"inLanguage\":\"es\",\"potentialAction\":[{\"@type\":\"ReadAction\",\"target\":[\"https:\/\/www.heartfailurematters.org\/es\/lo-que-pueden-hacer-su-medico-o-enfermero\/antiarritmicos\/\"]}]},{\"@type\":\"BreadcrumbList\",\"@id\":\"https:\/\/www.heartfailurematters.org\/es\/lo-que-pueden-hacer-su-medico-o-enfermero\/antiarritmicos\/#breadcrumb\",\"itemListElement\":[{\"@type\":\"ListItem\",\"position\":1,\"name\":\"Inicio\",\"item\":\"https:\/\/www.heartfailurematters.org\/es\/\"},{\"@type\":\"ListItem\",\"position\":2,\"name\":\"\u00bfQu\u00e9 puede hacer su m\u00e9dico?\",\"item\":\"https:\/\/www.heartfailurematters.org\/es\/lo-que-pueden-hacer-su-medico-o-enfermero\/\"},{\"@type\":\"ListItem\",\"position\":3,\"name\":\"Antiarr\u00edtmicos\"}]},{\"@type\":\"WebSite\",\"@id\":\"https:\/\/www.heartfailurematters.org\/es\/#website\",\"url\":\"https:\/\/www.heartfailurematters.org\/es\/\",\"name\":\"Heart Failure Matters\",\"description\":\"Practical information for patients, families and caregivers.\",\"publisher\":{\"@id\":\"https:\/\/www.heartfailurematters.org\/es\/#organization\"},\"potentialAction\":[{\"@type\":\"SearchAction\",\"target\":{\"@type\":\"EntryPoint\",\"urlTemplate\":\"https:\/\/www.heartfailurematters.org\/es\/?s={search_term_string}\"},\"query-input\":{\"@type\":\"PropertyValueSpecification\",\"valueRequired\":true,\"valueName\":\"search_term_string\"}}],\"inLanguage\":\"es\"},{\"@type\":\"Organization\",\"@id\":\"https:\/\/www.heartfailurematters.org\/es\/#organization\",\"name\":\"Heart Failure Matters\",\"url\":\"https:\/\/www.heartfailurematters.org\/es\/\",\"logo\":{\"@type\":\"ImageObject\",\"inLanguage\":\"es\",\"@id\":\"https:\/\/www.heartfailurematters.org\/es\/#\/schema\/logo\/image\/\",\"url\":\"https:\/\/cdn-endpoint-hfm.azureedge.net\/heartfailurematters\/2024\/07\/hfm-logo1.jpg\",\"contentUrl\":\"https:\/\/cdn-endpoint-hfm.azureedge.net\/heartfailurematters\/2024\/07\/hfm-logo1.jpg\",\"width\":1280,\"height\":720,\"caption\":\"Heart Failure Matters\"},\"image\":{\"@id\":\"https:\/\/www.heartfailurematters.org\/es\/#\/schema\/logo\/image\/\"},\"sameAs\":[\"https:\/\/www.facebook.com\/heartfailurematters\"]}]}<\/script>\n<!-- \/ Yoast SEO plugin. -->","yoast_head_json":{"title":"Antiarr\u00edtmicos e insuficiencia card\u00edaca","description":"Los medicamentos antiarr\u00edtmicos sirven para controlar los ritmos card\u00edacos an\u00f3malos. M\u00e1s informaci\u00f3n sobre antiarr\u00edtmicos, efectos secundarios y consejos principales.","robots":{"index":"index","follow":"follow","max-snippet":"max-snippet:-1","max-image-preview":"max-image-preview:large","max-video-preview":"max-video-preview:-1"},"canonical":"https:\/\/www.heartfailurematters.org\/es\/lo-que-pueden-hacer-su-medico-o-enfermero\/antiarritmicos\/","og_locale":"es_ES","og_type":"article","og_title":"Antiarr\u00edtmicos e insuficiencia card\u00edaca","og_description":"Los medicamentos antiarr\u00edtmicos sirven para controlar los ritmos card\u00edacos an\u00f3malos. M\u00e1s informaci\u00f3n sobre antiarr\u00edtmicos, efectos secundarios y consejos principales.","og_url":"https:\/\/www.heartfailurematters.org\/es\/lo-que-pueden-hacer-su-medico-o-enfermero\/antiarritmicos\/","og_site_name":"Heart Failure Matters","article_publisher":"https:\/\/www.facebook.com\/heartfailurematters","article_modified_time":"2026-01-16T14:32:49+00:00","twitter_card":"summary_large_image","twitter_misc":{"Tiempo de lectura":"3 minutos"},"schema":{"@context":"https:\/\/schema.org","@graph":[{"@type":"WebPage","@id":"https:\/\/www.heartfailurematters.org\/es\/lo-que-pueden-hacer-su-medico-o-enfermero\/antiarritmicos\/","url":"https:\/\/www.heartfailurematters.org\/es\/lo-que-pueden-hacer-su-medico-o-enfermero\/antiarritmicos\/","name":"Antiarr\u00edtmicos e insuficiencia card\u00edaca","isPartOf":{"@id":"https:\/\/www.heartfailurematters.org\/es\/#website"},"datePublished":"2021-01-27T22:09:57+00:00","dateModified":"2026-01-16T14:32:49+00:00","description":"Los medicamentos antiarr\u00edtmicos sirven para controlar los ritmos card\u00edacos an\u00f3malos. M\u00e1s informaci\u00f3n sobre antiarr\u00edtmicos, efectos secundarios y consejos principales.","breadcrumb":{"@id":"https:\/\/www.heartfailurematters.org\/es\/lo-que-pueden-hacer-su-medico-o-enfermero\/antiarritmicos\/#breadcrumb"},"inLanguage":"es","potentialAction":[{"@type":"ReadAction","target":["https:\/\/www.heartfailurematters.org\/es\/lo-que-pueden-hacer-su-medico-o-enfermero\/antiarritmicos\/"]}]},{"@type":"BreadcrumbList","@id":"https:\/\/www.heartfailurematters.org\/es\/lo-que-pueden-hacer-su-medico-o-enfermero\/antiarritmicos\/#breadcrumb","itemListElement":[{"@type":"ListItem","position":1,"name":"Inicio","item":"https:\/\/www.heartfailurematters.org\/es\/"},{"@type":"ListItem","position":2,"name":"\u00bfQu\u00e9 puede hacer su m\u00e9dico?","item":"https:\/\/www.heartfailurematters.org\/es\/lo-que-pueden-hacer-su-medico-o-enfermero\/"},{"@type":"ListItem","position":3,"name":"Antiarr\u00edtmicos"}]},{"@type":"WebSite","@id":"https:\/\/www.heartfailurematters.org\/es\/#website","url":"https:\/\/www.heartfailurematters.org\/es\/","name":"Heart Failure Matters","description":"Practical information for patients, families and caregivers.","publisher":{"@id":"https:\/\/www.heartfailurematters.org\/es\/#organization"},"potentialAction":[{"@type":"SearchAction","target":{"@type":"EntryPoint","urlTemplate":"https:\/\/www.heartfailurematters.org\/es\/?s={search_term_string}"},"query-input":{"@type":"PropertyValueSpecification","valueRequired":true,"valueName":"search_term_string"}}],"inLanguage":"es"},{"@type":"Organization","@id":"https:\/\/www.heartfailurematters.org\/es\/#organization","name":"Heart Failure Matters","url":"https:\/\/www.heartfailurematters.org\/es\/","logo":{"@type":"ImageObject","inLanguage":"es","@id":"https:\/\/www.heartfailurematters.org\/es\/#\/schema\/logo\/image\/","url":"https:\/\/cdn-endpoint-hfm.azureedge.net\/heartfailurematters\/2024\/07\/hfm-logo1.jpg","contentUrl":"https:\/\/cdn-endpoint-hfm.azureedge.net\/heartfailurematters\/2024\/07\/hfm-logo1.jpg","width":1280,"height":720,"caption":"Heart Failure Matters"},"image":{"@id":"https:\/\/www.heartfailurematters.org\/es\/#\/schema\/logo\/image\/"},"sameAs":["https:\/\/www.facebook.com\/heartfailurematters"]}]}},"_links":{"self":[{"href":"https:\/\/www.heartfailurematters.org\/es\/wp-json\/wp\/v2\/pages\/2398","targetHints":{"allow":["GET"]}}],"collection":[{"href":"https:\/\/www.heartfailurematters.org\/es\/wp-json\/wp\/v2\/pages"}],"about":[{"href":"https:\/\/www.heartfailurematters.org\/es\/wp-json\/wp\/v2\/types\/page"}],"author":[{"embeddable":true,"href":"https:\/\/www.heartfailurematters.org\/es\/wp-json\/wp\/v2\/users\/1"}],"replies":[{"embeddable":true,"href":"https:\/\/www.heartfailurematters.org\/es\/wp-json\/wp\/v2\/comments?post=2398"}],"version-history":[{"count":5,"href":"https:\/\/www.heartfailurematters.org\/es\/wp-json\/wp\/v2\/pages\/2398\/revisions"}],"predecessor-version":[{"id":13837,"href":"https:\/\/www.heartfailurematters.org\/es\/wp-json\/wp\/v2\/pages\/2398\/revisions\/13837"}],"up":[{"embeddable":true,"href":"https:\/\/www.heartfailurematters.org\/es\/wp-json\/wp\/v2\/pages\/2684"}],"wp:attachment":[{"href":"https:\/\/www.heartfailurematters.org\/es\/wp-json\/wp\/v2\/media?parent=2398"}],"wp:term":[{"taxonomy":"category","embeddable":true,"href":"https:\/\/www.heartfailurematters.org\/es\/wp-json\/wp\/v2\/categories?post=2398"},{"taxonomy":"post_tag","embeddable":true,"href":"https:\/\/www.heartfailurematters.org\/es\/wp-json\/wp\/v2\/tags?post=2398"}],"curies":[{"name":"wp","href":"https:\/\/api.w.org\/{rel}","templated":true}]}}