{"id":2392,"date":"2021-01-27T22:09:57","date_gmt":"2021-01-27T22:09:57","guid":{"rendered":"http:\/\/heartfailurematters.local:8888\/resonancia-magnetica-rm-cardiaca\/"},"modified":"2022-01-25T15:55:25","modified_gmt":"2022-01-25T15:55:25","slug":"resonancia-magnetica-rm-cardiaca","status":"publish","type":"page","link":"https:\/\/www.heartfailurematters.org\/es\/conocer-la-insuficiencia-cardiaca\/resonancia-magnetica-rm-cardiaca\/","title":{"rendered":"Resonancia magn\u00e9tica (RM) card\u00edaca"},"content":{"rendered":"<p>Una <a class=\"addtooltip\" title=\"Tipo de exploraci\u00f3n que se obtiene empleando un potente campo magn\u00e9tico para proporcionar im\u00e1genes muy detalladas del coraz\u00f3n.\"><strong>resonancia magn\u00e9tica (RM) card\u00edaca<\/strong><\/a> se hace con el mismo equipo que la <a class=\"addtooltip\" title=\"Prueba que utiliza ondas magn\u00e9ticas y de radio para obtener im\u00e1genes detalladas del interior del cuerpo de una persona.\"><strong>RM<\/strong><\/a> normal, pero solo obtiene im\u00e1genes del t\u00f3rax.<\/p>\n<p>La RM emplea ondas magn\u00e9ticas y de radio para obtener im\u00e1genes del interior del organismo.<\/p>\n<p>Se le pedir\u00e1 que permanezca tumbado en el interior dentro de un aparato que es como un t\u00fanel corto y que contiene un im\u00e1n especial. A continuaci\u00f3n se enviar\u00e1n peque\u00f1as r\u00e1fagas de ondas de radio y campos magn\u00e9ticos a trav\u00e9s de su cuerpo. Esto dura aproximadamente de 30 a 45 minutos y es necesario que permanezca quieto. La m\u00e1quina hace un ligero ruido de golpeteo mientras funciona, lo que resulta desagradable para algunas personas. Sin embargo, la RM es completamente indolora e inocua porque no utiliza radiaci\u00f3n.<\/p>\n<p>Las im\u00e1genes muestran con todo detalle la estructura del coraz\u00f3n y de los vasos sangu\u00edneos. La RM tambi\u00e9n puede medir el flujo sangu\u00edneo en el coraz\u00f3n y en algunas de las arterias principales.<\/p>\n<p>Bas\u00e1ndose en la exploraci\u00f3n, el m\u00e9dico puede conocer si su coraz\u00f3n no est\u00e1 funcionando como deber\u00eda y localizar problemas en la estructura card\u00edaca.<\/p>\n<p><a href=\"https:\/\/www.heartfailurematters.org\/es\/conocer-la-insuficiencia-cardiaca\/pruebas-habituales-para-diagnosticar-la-insuficiencia-cardiaca\/\">Volver a Pruebas habituales para diagnosticar la insuficiencia card\u00edaca <\/a><\/p>\n","protected":false},"excerpt":{"rendered":"<p>Una resonancia magn\u00e9tica (RM) card\u00edaca se hace con el mismo equipo que la RM normal, pero solo obtiene im\u00e1genes del t\u00f3rax. La RM emplea ondas magn\u00e9ticas y de radio para obtener im\u00e1genes del interior del organismo. Se le pedir\u00e1 que permanezca tumbado en el interior dentro de un aparato que es como un t\u00fanel corto [&hellip;]<\/p>\n","protected":false},"author":1,"featured_media":10681,"parent":2155,"menu_order":0,"comment_status":"open","ping_status":"open","template":"","meta":{"_acf_changed":false,"footnotes":""},"categories":[],"tags":[],"class_list":["post-2392","page","type-page","status-publish","has-post-thumbnail","hentry"],"acf":[],"yoast_head":"<!-- This site is optimized with the Yoast SEO plugin v24.8.1 - https:\/\/yoast.com\/wordpress\/plugins\/seo\/ -->\n<title>Resonancia magn\u00e9tica card\u00edaca para la insuficiencia card\u00edaca<\/title>\n<meta name=\"description\" content=\"Una resonancia magn\u00e9tica card\u00edaca solo toma im\u00e1genes del pecho, y muestra im\u00e1genes detalladas del coraz\u00f3n y los vasos sangu\u00edneos.\" \/>\n<meta name=\"robots\" content=\"index, follow, max-snippet:-1, max-image-preview:large, max-video-preview:-1\" \/>\n<link rel=\"canonical\" href=\"https:\/\/www.heartfailurematters.org\/es\/conocer-la-insuficiencia-cardiaca\/resonancia-magnetica-rm-cardiaca\/\" \/>\n<meta property=\"og:locale\" content=\"es_ES\" \/>\n<meta property=\"og:type\" content=\"article\" \/>\n<meta property=\"og:title\" content=\"Resonancia magn\u00e9tica card\u00edaca para la insuficiencia card\u00edaca\" \/>\n<meta property=\"og:description\" content=\"Una resonancia magn\u00e9tica card\u00edaca solo toma im\u00e1genes del pecho, y muestra im\u00e1genes detalladas del coraz\u00f3n y los vasos sangu\u00edneos.\" \/>\n<meta property=\"og:url\" content=\"https:\/\/www.heartfailurematters.org\/es\/conocer-la-insuficiencia-cardiaca\/resonancia-magnetica-rm-cardiaca\/\" \/>\n<meta property=\"og:site_name\" content=\"Heart Failure Matters\" \/>\n<meta property=\"article:publisher\" content=\"https:\/\/www.facebook.com\/heartfailurematters\" \/>\n<meta property=\"article:modified_time\" content=\"2022-01-25T15:55:25+00:00\" \/>\n<meta property=\"og:image\" content=\"https:\/\/www.heartfailurematters.org\/wp-content\/uploads\/2022\/02\/shutterstock_1927970642-1-min.jpg\" \/>\n\t<meta property=\"og:image:width\" content=\"900\" \/>\n\t<meta property=\"og:image:height\" content=\"600\" \/>\n\t<meta property=\"og:image:type\" content=\"image\/jpeg\" \/>\n<meta name=\"twitter:card\" content=\"summary_large_image\" \/>\n<meta name=\"twitter:label1\" content=\"Tiempo de lectura\" \/>\n\t<meta name=\"twitter:data1\" content=\"1 minuto\" \/>\n<script type=\"application\/ld+json\" class=\"yoast-schema-graph\">{\"@context\":\"https:\/\/schema.org\",\"@graph\":[{\"@type\":\"WebPage\",\"@id\":\"https:\/\/www.heartfailurematters.org\/es\/conocer-la-insuficiencia-cardiaca\/resonancia-magnetica-rm-cardiaca\/\",\"url\":\"https:\/\/www.heartfailurematters.org\/es\/conocer-la-insuficiencia-cardiaca\/resonancia-magnetica-rm-cardiaca\/\",\"name\":\"Resonancia magn\u00e9tica card\u00edaca para la insuficiencia card\u00edaca\",\"isPartOf\":{\"@id\":\"https:\/\/www.heartfailurematters.org\/es\/#website\"},\"primaryImageOfPage\":{\"@id\":\"https:\/\/www.heartfailurematters.org\/es\/conocer-la-insuficiencia-cardiaca\/resonancia-magnetica-rm-cardiaca\/#primaryimage\"},\"image\":{\"@id\":\"https:\/\/www.heartfailurematters.org\/es\/conocer-la-insuficiencia-cardiaca\/resonancia-magnetica-rm-cardiaca\/#primaryimage\"},\"thumbnailUrl\":\"https:\/\/www.heartfailurematters.org\/wp-content\/uploads\/2022\/02\/shutterstock_1927970642-1-min.jpg\",\"datePublished\":\"2021-01-27T22:09:57+00:00\",\"dateModified\":\"2022-01-25T15:55:25+00:00\",\"description\":\"Una resonancia magn\u00e9tica card\u00edaca solo toma im\u00e1genes del pecho, y muestra im\u00e1genes detalladas del coraz\u00f3n y los vasos sangu\u00edneos.\",\"breadcrumb\":{\"@id\":\"https:\/\/www.heartfailurematters.org\/es\/conocer-la-insuficiencia-cardiaca\/resonancia-magnetica-rm-cardiaca\/#breadcrumb\"},\"inLanguage\":\"es\",\"potentialAction\":[{\"@type\":\"ReadAction\",\"target\":[\"https:\/\/www.heartfailurematters.org\/es\/conocer-la-insuficiencia-cardiaca\/resonancia-magnetica-rm-cardiaca\/\"]}]},{\"@type\":\"ImageObject\",\"inLanguage\":\"es\",\"@id\":\"https:\/\/www.heartfailurematters.org\/es\/conocer-la-insuficiencia-cardiaca\/resonancia-magnetica-rm-cardiaca\/#primaryimage\",\"url\":\"https:\/\/www.heartfailurematters.org\/wp-content\/uploads\/2022\/02\/shutterstock_1927970642-1-min.jpg\",\"contentUrl\":\"https:\/\/www.heartfailurematters.org\/wp-content\/uploads\/2022\/02\/shutterstock_1927970642-1-min.jpg\",\"width\":900,\"height\":600},{\"@type\":\"BreadcrumbList\",\"@id\":\"https:\/\/www.heartfailurematters.org\/es\/conocer-la-insuficiencia-cardiaca\/resonancia-magnetica-rm-cardiaca\/#breadcrumb\",\"itemListElement\":[{\"@type\":\"ListItem\",\"position\":1,\"name\":\"Inicio\",\"item\":\"https:\/\/www.heartfailurematters.org\/es\/\"},{\"@type\":\"ListItem\",\"position\":2,\"name\":\"Conocer la insuficiencia card\u00edaca\",\"item\":\"https:\/\/www.heartfailurematters.org\/es\/conocer-la-insuficiencia-cardiaca\/\"},{\"@type\":\"ListItem\",\"position\":3,\"name\":\"Resonancia magn\u00e9tica (RM) card\u00edaca\"}]},{\"@type\":\"WebSite\",\"@id\":\"https:\/\/www.heartfailurematters.org\/es\/#website\",\"url\":\"https:\/\/www.heartfailurematters.org\/es\/\",\"name\":\"Heart Failure Matters\",\"description\":\"Practical information for patients, families and caregivers.\",\"publisher\":{\"@id\":\"https:\/\/www.heartfailurematters.org\/es\/#organization\"},\"potentialAction\":[{\"@type\":\"SearchAction\",\"target\":{\"@type\":\"EntryPoint\",\"urlTemplate\":\"https:\/\/www.heartfailurematters.org\/es\/?s={search_term_string}\"},\"query-input\":{\"@type\":\"PropertyValueSpecification\",\"valueRequired\":true,\"valueName\":\"search_term_string\"}}],\"inLanguage\":\"es\"},{\"@type\":\"Organization\",\"@id\":\"https:\/\/www.heartfailurematters.org\/es\/#organization\",\"name\":\"Heart Failure Matters\",\"url\":\"https:\/\/www.heartfailurematters.org\/es\/\",\"logo\":{\"@type\":\"ImageObject\",\"inLanguage\":\"es\",\"@id\":\"https:\/\/www.heartfailurematters.org\/es\/#\/schema\/logo\/image\/\",\"url\":\"https:\/\/cdn-endpoint-hfm.azureedge.net\/heartfailurematters\/2024\/07\/hfm-logo1.jpg\",\"contentUrl\":\"https:\/\/cdn-endpoint-hfm.azureedge.net\/heartfailurematters\/2024\/07\/hfm-logo1.jpg\",\"width\":1280,\"height\":720,\"caption\":\"Heart Failure Matters\"},\"image\":{\"@id\":\"https:\/\/www.heartfailurematters.org\/es\/#\/schema\/logo\/image\/\"},\"sameAs\":[\"https:\/\/www.facebook.com\/heartfailurematters\"]}]}<\/script>\n<!-- \/ Yoast SEO plugin. -->","yoast_head_json":{"title":"Resonancia magn\u00e9tica card\u00edaca para la insuficiencia card\u00edaca","description":"Una resonancia magn\u00e9tica card\u00edaca solo toma im\u00e1genes del pecho, y muestra im\u00e1genes detalladas del coraz\u00f3n y los vasos sangu\u00edneos.","robots":{"index":"index","follow":"follow","max-snippet":"max-snippet:-1","max-image-preview":"max-image-preview:large","max-video-preview":"max-video-preview:-1"},"canonical":"https:\/\/www.heartfailurematters.org\/es\/conocer-la-insuficiencia-cardiaca\/resonancia-magnetica-rm-cardiaca\/","og_locale":"es_ES","og_type":"article","og_title":"Resonancia magn\u00e9tica card\u00edaca para la insuficiencia card\u00edaca","og_description":"Una resonancia magn\u00e9tica card\u00edaca solo toma im\u00e1genes del pecho, y muestra im\u00e1genes detalladas del coraz\u00f3n y los vasos sangu\u00edneos.","og_url":"https:\/\/www.heartfailurematters.org\/es\/conocer-la-insuficiencia-cardiaca\/resonancia-magnetica-rm-cardiaca\/","og_site_name":"Heart Failure Matters","article_publisher":"https:\/\/www.facebook.com\/heartfailurematters","article_modified_time":"2022-01-25T15:55:25+00:00","og_image":[{"width":900,"height":600,"url":"https:\/\/www.heartfailurematters.org\/wp-content\/uploads\/2022\/02\/shutterstock_1927970642-1-min.jpg","type":"image\/jpeg"}],"twitter_card":"summary_large_image","twitter_misc":{"Tiempo de lectura":"1 minuto"},"schema":{"@context":"https:\/\/schema.org","@graph":[{"@type":"WebPage","@id":"https:\/\/www.heartfailurematters.org\/es\/conocer-la-insuficiencia-cardiaca\/resonancia-magnetica-rm-cardiaca\/","url":"https:\/\/www.heartfailurematters.org\/es\/conocer-la-insuficiencia-cardiaca\/resonancia-magnetica-rm-cardiaca\/","name":"Resonancia magn\u00e9tica card\u00edaca para la insuficiencia card\u00edaca","isPartOf":{"@id":"https:\/\/www.heartfailurematters.org\/es\/#website"},"primaryImageOfPage":{"@id":"https:\/\/www.heartfailurematters.org\/es\/conocer-la-insuficiencia-cardiaca\/resonancia-magnetica-rm-cardiaca\/#primaryimage"},"image":{"@id":"https:\/\/www.heartfailurematters.org\/es\/conocer-la-insuficiencia-cardiaca\/resonancia-magnetica-rm-cardiaca\/#primaryimage"},"thumbnailUrl":"https:\/\/www.heartfailurematters.org\/wp-content\/uploads\/2022\/02\/shutterstock_1927970642-1-min.jpg","datePublished":"2021-01-27T22:09:57+00:00","dateModified":"2022-01-25T15:55:25+00:00","description":"Una resonancia magn\u00e9tica card\u00edaca solo toma im\u00e1genes del pecho, y muestra im\u00e1genes detalladas del coraz\u00f3n y los vasos sangu\u00edneos.","breadcrumb":{"@id":"https:\/\/www.heartfailurematters.org\/es\/conocer-la-insuficiencia-cardiaca\/resonancia-magnetica-rm-cardiaca\/#breadcrumb"},"inLanguage":"es","potentialAction":[{"@type":"ReadAction","target":["https:\/\/www.heartfailurematters.org\/es\/conocer-la-insuficiencia-cardiaca\/resonancia-magnetica-rm-cardiaca\/"]}]},{"@type":"ImageObject","inLanguage":"es","@id":"https:\/\/www.heartfailurematters.org\/es\/conocer-la-insuficiencia-cardiaca\/resonancia-magnetica-rm-cardiaca\/#primaryimage","url":"https:\/\/www.heartfailurematters.org\/wp-content\/uploads\/2022\/02\/shutterstock_1927970642-1-min.jpg","contentUrl":"https:\/\/www.heartfailurematters.org\/wp-content\/uploads\/2022\/02\/shutterstock_1927970642-1-min.jpg","width":900,"height":600},{"@type":"BreadcrumbList","@id":"https:\/\/www.heartfailurematters.org\/es\/conocer-la-insuficiencia-cardiaca\/resonancia-magnetica-rm-cardiaca\/#breadcrumb","itemListElement":[{"@type":"ListItem","position":1,"name":"Inicio","item":"https:\/\/www.heartfailurematters.org\/es\/"},{"@type":"ListItem","position":2,"name":"Conocer la insuficiencia card\u00edaca","item":"https:\/\/www.heartfailurematters.org\/es\/conocer-la-insuficiencia-cardiaca\/"},{"@type":"ListItem","position":3,"name":"Resonancia magn\u00e9tica (RM) card\u00edaca"}]},{"@type":"WebSite","@id":"https:\/\/www.heartfailurematters.org\/es\/#website","url":"https:\/\/www.heartfailurematters.org\/es\/","name":"Heart Failure Matters","description":"Practical information for patients, families and caregivers.","publisher":{"@id":"https:\/\/www.heartfailurematters.org\/es\/#organization"},"potentialAction":[{"@type":"SearchAction","target":{"@type":"EntryPoint","urlTemplate":"https:\/\/www.heartfailurematters.org\/es\/?s={search_term_string}"},"query-input":{"@type":"PropertyValueSpecification","valueRequired":true,"valueName":"search_term_string"}}],"inLanguage":"es"},{"@type":"Organization","@id":"https:\/\/www.heartfailurematters.org\/es\/#organization","name":"Heart Failure Matters","url":"https:\/\/www.heartfailurematters.org\/es\/","logo":{"@type":"ImageObject","inLanguage":"es","@id":"https:\/\/www.heartfailurematters.org\/es\/#\/schema\/logo\/image\/","url":"https:\/\/cdn-endpoint-hfm.azureedge.net\/heartfailurematters\/2024\/07\/hfm-logo1.jpg","contentUrl":"https:\/\/cdn-endpoint-hfm.azureedge.net\/heartfailurematters\/2024\/07\/hfm-logo1.jpg","width":1280,"height":720,"caption":"Heart Failure Matters"},"image":{"@id":"https:\/\/www.heartfailurematters.org\/es\/#\/schema\/logo\/image\/"},"sameAs":["https:\/\/www.facebook.com\/heartfailurematters"]}]}},"_links":{"self":[{"href":"https:\/\/www.heartfailurematters.org\/es\/wp-json\/wp\/v2\/pages\/2392","targetHints":{"allow":["GET"]}}],"collection":[{"href":"https:\/\/www.heartfailurematters.org\/es\/wp-json\/wp\/v2\/pages"}],"about":[{"href":"https:\/\/www.heartfailurematters.org\/es\/wp-json\/wp\/v2\/types\/page"}],"author":[{"embeddable":true,"href":"https:\/\/www.heartfailurematters.org\/es\/wp-json\/wp\/v2\/users\/1"}],"replies":[{"embeddable":true,"href":"https:\/\/www.heartfailurematters.org\/es\/wp-json\/wp\/v2\/comments?post=2392"}],"version-history":[{"count":2,"href":"https:\/\/www.heartfailurematters.org\/es\/wp-json\/wp\/v2\/pages\/2392\/revisions"}],"predecessor-version":[{"id":9486,"href":"https:\/\/www.heartfailurematters.org\/es\/wp-json\/wp\/v2\/pages\/2392\/revisions\/9486"}],"up":[{"embeddable":true,"href":"https:\/\/www.heartfailurematters.org\/es\/wp-json\/wp\/v2\/pages\/2155"}],"wp:featuredmedia":[{"embeddable":true,"href":"https:\/\/www.heartfailurematters.org\/es\/wp-json\/wp\/v2\/media\/10681"}],"wp:attachment":[{"href":"https:\/\/www.heartfailurematters.org\/es\/wp-json\/wp\/v2\/media?parent=2392"}],"wp:term":[{"taxonomy":"category","embeddable":true,"href":"https:\/\/www.heartfailurematters.org\/es\/wp-json\/wp\/v2\/categories?post=2392"},{"taxonomy":"post_tag","embeddable":true,"href":"https:\/\/www.heartfailurematters.org\/es\/wp-json\/wp\/v2\/tags?post=2392"}],"curies":[{"name":"wp","href":"https:\/\/api.w.org\/{rel}","templated":true}]}}