{"id":2387,"date":"2021-01-27T22:09:57","date_gmt":"2021-01-27T22:09:57","guid":{"rendered":"http:\/\/heartfailurematters.local:8888\/anomalias-cardiacas-congenitas\/"},"modified":"2026-01-16T14:32:45","modified_gmt":"2026-01-16T14:32:45","slug":"anomalias-cardiacas-congenitas","status":"publish","type":"page","link":"https:\/\/www.heartfailurematters.org\/es\/causas-de-la-insuficiencia-cardiaca-y-otras-afecciones-medicas-frecuentes\/anomalias-cardiacas-congenitas\/","title":{"rendered":"Cardiopat\u00eda cong\u00e9nita del adulto"},"content":{"rendered":"<p>La cardiopat\u00eda cong\u00e9nita es una anomal\u00eda en la estructura del coraz\u00f3n presente desde el nacimiento que afecta a entre el 1 y el 2 % de todos los nacimientos. La calidad de la atenci\u00f3n m\u00e9dica para beb\u00e9s y ni\u00f1os con cardiopat\u00edas cong\u00e9nitas ha mejorado considerablemente en las \u00faltimas d\u00e9cadas. Por lo tanto, ahora hay m\u00e1s adultos que nunca viviendo con cardiopat\u00edas cong\u00e9nitas. Las anomal\u00edas card\u00edacas cong\u00e9nitas pueden variar de leves a complejas. Para obtener informaci\u00f3n m\u00e1s detallada sobre los diferentes tipos de cardiopat\u00edas cong\u00e9nitas, consulte <a href=\"https:\/\/www.mayoclinic.org\/diseases-conditions\/congenital-heart-defects-children\/symptoms-causes\/syc-20350074\" target=\"_blank\" rel=\"noopener\">aqu\u00ed<\/a>.<\/p>\n<p>Muchos adultos viven bien con cardiopat\u00edas cong\u00e9nitas. Para ellos es normal acudir al hospital para hacerse evaluaciones peri\u00f3dicas del coraz\u00f3n y los s\u00edntomas. El seguimiento por parte de un equipo de especialistas es importante, ya que las personas con cardiopat\u00edas cong\u00e9nitas tienen m\u00e1s probabilidades de presentar otras afecciones card\u00edacas. Entre ellas se incluyen el ritmo card\u00edaco anormal (arritmias), las infecciones del coraz\u00f3n (endocarditis), la hipertensi\u00f3n arterial en los pulmones (hipertensi\u00f3n pulmonar) y la cirug\u00eda u otras intervenciones, como marcapasos o desfibriladores.<\/p>\n<p>La insuficiencia card\u00edaca es una complicaci\u00f3n com\u00fan a largo plazo de las cardiopat\u00edas cong\u00e9nitas. Entre los factores que contribuyen a la aparici\u00f3n de la insuficiencia card\u00edaca se incluyen problemas estructurales como v\u00e1lvulas card\u00edacas engrosadas o que no cierran bien, orificios en el coraz\u00f3n o conexiones anormales entre los vasos sangu\u00edneos. Algunas personas tienen las cavidades de bombeo principales del coraz\u00f3n en lados opuestos, mientras que otras pueden tener solo una cavidad de bombeo funcional. En muchos de estos pacientes, la cirug\u00eda u otro tipo de intervenci\u00f3n pueden ayudar a mejorar la estructura y la funci\u00f3n del coraz\u00f3n. Los signos y s\u00edntomas de la insuficiencia card\u00edaca en las cardiopat\u00edas cong\u00e9nitas son muy similares a los que se presentan en otros tipos de insuficiencia card\u00edaca, pero pueden ser m\u00e1s dif\u00edciles de reconocer y tratar. Por eso es importante realizar un seguimiento peri\u00f3dico con un especialista en cardiopat\u00edas cong\u00e9nitas. Estos especialistas tienen acceso a an\u00e1lisis de sangre y otras pruebas que pueden ayudar a identificar cu\u00e1ndo comienza a cambiar la funci\u00f3n card\u00edaca.<\/p>\n<p>Con el tiempo, una persona con cardiopat\u00eda cong\u00e9nita puede presentar una reducci\u00f3n de la funci\u00f3n o un endurecimiento de las cavidades de bombeo del coraz\u00f3n (ventr\u00edculos). Por lo general, los tratamientos incluyen medicamentos y dispositivos similares a los que se utilizan para las personas con insuficiencia card\u00edaca que no padecen cardiopat\u00edas cong\u00e9nitas. Algunas personas pueden necesitar una evaluaci\u00f3n para un trasplante de coraz\u00f3n. Si padece una cardiopat\u00eda cong\u00e9nita, es muy importante que siga un estilo de vida saludable que incluya ejercicio f\u00edsico regular y una dieta cardiosaludable.<\/p>\n<p>Puede encontrar m\u00e1s informaci\u00f3n al respecto <a href=\"https:\/\/www.mayoclinic.org\/diseases-conditions\/congenital-heart-defects-children\/symptoms-causes\/syc-20350074\" target=\"_blank\" rel=\"noopener\">aqu\u00ed<\/a>.<\/p>\n<h3>\u00bfQu\u00e9 es la insuficiencia card\u00edaca en las cardiopat\u00edas cong\u00e9nitas?<\/h3>\n<p><iframe title=\"Reproductor de v\u00eddeo de YouTube\" src=\"https:\/\/www.youtube.com\/embed\/oXz_dkQ2PgI?si=wAEvAF8jqsrCNBDn\" width=\"560\" height=\"315\" frameborder=\"0\" allowfullscreen=\"allowfullscreen\"\/><\/p>\n<h3>\u00bfQu\u00e9 pueden hacer los pacientes para vivir mejor con insuficiencia card\u00edaca y cardiopat\u00edas cong\u00e9nitas?<\/h3>\n<p><iframe title=\"Reproductor de v\u00eddeo de YouTube\" src=\"https:\/\/www.youtube.com\/embed\/xt89C35G030?si=poYS8XrU1Vf5Vk_H\" width=\"560\" height=\"315\" frameborder=\"0\" allowfullscreen=\"allowfullscreen\"\/><\/p>\n<h3>\u00bfQu\u00e9 tratamientos hay disponibles para las personas con insuficiencia card\u00edaca y cardiopat\u00edas cong\u00e9nitas?<\/h3>\n<p><iframe title=\"Reproductor de v\u00eddeo de YouTube\" src=\"https:\/\/www.youtube.com\/embed\/tCAQX2Rv4_E?si=rtD7-WqRU0FVGTkR\" width=\"560\" height=\"315\" frameborder=\"0\" allowfullscreen=\"allowfullscreen\"\/><\/p>\n<p><a title=\"Volver a Afecciones card\u00edacas frecuentes\" href=\"https:\/\/www.heartfailurematters.org\/heart-failure-causes-and-other-common-medical-conditions\/common-heart-conditions\/\">Volver a Afecciones card\u00edacas frecuentes<\/a><\/p>\n","protected":false},"excerpt":{"rendered":"<p>La cardiopat\u00eda cong\u00e9nita es una anomal\u00eda en la estructura del coraz\u00f3n presente desde el nacimiento que afecta a entre el 1 y el 2 % de todos los nacimientos. La calidad de la atenci\u00f3n m\u00e9dica para beb\u00e9s y ni\u00f1os con cardiopat\u00edas cong\u00e9nitas ha mejorado considerablemente en las \u00faltimas d\u00e9cadas. Por lo tanto, ahora hay m\u00e1s [&hellip;]<\/p>\n","protected":false},"author":1,"featured_media":10751,"parent":8046,"menu_order":8,"comment_status":"open","ping_status":"open","template":"","meta":{"_acf_changed":false,"footnotes":""},"categories":[],"tags":[],"class_list":["post-2387","page","type-page","status-publish","has-post-thumbnail","hentry"],"acf":[],"yoast_head":"<!-- This site is optimized with the Yoast SEO plugin v24.8.1 - https:\/\/yoast.com\/wordpress\/plugins\/seo\/ -->\n<title>Anomal\u00edas card\u00edacas cong\u00e9nitas e insuficiencia card\u00edaca<\/title>\n<meta name=\"description\" content=\"Si el coraz\u00f3n y sus cavidades no se formaron correctamente antes de nacer, el flujo sangu\u00edneo en el coraz\u00f3n o en los vasos cercanos puede estar bloqueado o tener conexiones an\u00f3malas.\" \/>\n<meta name=\"robots\" content=\"index, follow, max-snippet:-1, max-image-preview:large, max-video-preview:-1\" \/>\n<link rel=\"canonical\" href=\"https:\/\/www.heartfailurematters.org\/es\/causas-de-la-insuficiencia-cardiaca-y-otras-afecciones-medicas-frecuentes\/anomalias-cardiacas-congenitas\/\" \/>\n<meta property=\"og:locale\" content=\"es_ES\" \/>\n<meta property=\"og:type\" content=\"article\" \/>\n<meta property=\"og:title\" content=\"Anomal\u00edas card\u00edacas cong\u00e9nitas e insuficiencia card\u00edaca\" \/>\n<meta property=\"og:description\" content=\"Si el coraz\u00f3n y sus cavidades no se formaron correctamente antes de nacer, el flujo sangu\u00edneo en el coraz\u00f3n o en los vasos cercanos puede estar bloqueado o tener conexiones an\u00f3malas.\" \/>\n<meta property=\"og:url\" content=\"https:\/\/www.heartfailurematters.org\/es\/causas-de-la-insuficiencia-cardiaca-y-otras-afecciones-medicas-frecuentes\/anomalias-cardiacas-congenitas\/\" \/>\n<meta property=\"og:site_name\" content=\"Heart Failure Matters\" \/>\n<meta property=\"article:publisher\" content=\"https:\/\/www.facebook.com\/heartfailurematters\" \/>\n<meta property=\"article:modified_time\" content=\"2026-01-16T14:32:45+00:00\" \/>\n<meta property=\"og:image\" content=\"https:\/\/www.heartfailurematters.org\/wp-content\/uploads\/2022\/03\/shutterstock_1673602240-1-min.jpg\" \/>\n\t<meta property=\"og:image:width\" content=\"900\" \/>\n\t<meta property=\"og:image:height\" content=\"601\" \/>\n\t<meta property=\"og:image:type\" content=\"image\/jpeg\" \/>\n<meta name=\"twitter:card\" content=\"summary_large_image\" \/>\n<meta name=\"twitter:label1\" content=\"Tiempo de lectura\" \/>\n\t<meta name=\"twitter:data1\" content=\"1 minuto\" \/>\n<script type=\"application\/ld+json\" class=\"yoast-schema-graph\">{\"@context\":\"https:\/\/schema.org\",\"@graph\":[{\"@type\":\"WebPage\",\"@id\":\"https:\/\/www.heartfailurematters.org\/es\/causas-de-la-insuficiencia-cardiaca-y-otras-afecciones-medicas-frecuentes\/anomalias-cardiacas-congenitas\/\",\"url\":\"https:\/\/www.heartfailurematters.org\/es\/causas-de-la-insuficiencia-cardiaca-y-otras-afecciones-medicas-frecuentes\/anomalias-cardiacas-congenitas\/\",\"name\":\"Anomal\u00edas card\u00edacas cong\u00e9nitas e insuficiencia card\u00edaca\",\"isPartOf\":{\"@id\":\"https:\/\/www.heartfailurematters.org\/es\/#website\"},\"primaryImageOfPage\":{\"@id\":\"https:\/\/www.heartfailurematters.org\/es\/causas-de-la-insuficiencia-cardiaca-y-otras-afecciones-medicas-frecuentes\/anomalias-cardiacas-congenitas\/#primaryimage\"},\"image\":{\"@id\":\"https:\/\/www.heartfailurematters.org\/es\/causas-de-la-insuficiencia-cardiaca-y-otras-afecciones-medicas-frecuentes\/anomalias-cardiacas-congenitas\/#primaryimage\"},\"thumbnailUrl\":\"https:\/\/www.heartfailurematters.org\/wp-content\/uploads\/2022\/03\/shutterstock_1673602240-1-min.jpg\",\"datePublished\":\"2021-01-27T22:09:57+00:00\",\"dateModified\":\"2026-01-16T14:32:45+00:00\",\"description\":\"Si el coraz\u00f3n y sus cavidades no se formaron correctamente antes de nacer, el flujo sangu\u00edneo en el coraz\u00f3n o en los vasos cercanos puede estar bloqueado o tener conexiones an\u00f3malas.\",\"breadcrumb\":{\"@id\":\"https:\/\/www.heartfailurematters.org\/es\/causas-de-la-insuficiencia-cardiaca-y-otras-afecciones-medicas-frecuentes\/anomalias-cardiacas-congenitas\/#breadcrumb\"},\"inLanguage\":\"es\",\"potentialAction\":[{\"@type\":\"ReadAction\",\"target\":[\"https:\/\/www.heartfailurematters.org\/es\/causas-de-la-insuficiencia-cardiaca-y-otras-afecciones-medicas-frecuentes\/anomalias-cardiacas-congenitas\/\"]}]},{\"@type\":\"ImageObject\",\"inLanguage\":\"es\",\"@id\":\"https:\/\/www.heartfailurematters.org\/es\/causas-de-la-insuficiencia-cardiaca-y-otras-afecciones-medicas-frecuentes\/anomalias-cardiacas-congenitas\/#primaryimage\",\"url\":\"https:\/\/www.heartfailurematters.org\/wp-content\/uploads\/2022\/03\/shutterstock_1673602240-1-min.jpg\",\"contentUrl\":\"https:\/\/www.heartfailurematters.org\/wp-content\/uploads\/2022\/03\/shutterstock_1673602240-1-min.jpg\",\"width\":900,\"height\":601},{\"@type\":\"BreadcrumbList\",\"@id\":\"https:\/\/www.heartfailurematters.org\/es\/causas-de-la-insuficiencia-cardiaca-y-otras-afecciones-medicas-frecuentes\/anomalias-cardiacas-congenitas\/#breadcrumb\",\"itemListElement\":[{\"@type\":\"ListItem\",\"position\":1,\"name\":\"Inicio\",\"item\":\"https:\/\/www.heartfailurematters.org\/es\/\"},{\"@type\":\"ListItem\",\"position\":2,\"name\":\"Causas de la insuficiencia card\u00edaca y otras afecciones m\u00e9dicas frecuentes\",\"item\":\"https:\/\/www.heartfailurematters.org\/es\/causas-de-la-insuficiencia-cardiaca-y-otras-afecciones-medicas-frecuentes\/\"},{\"@type\":\"ListItem\",\"position\":3,\"name\":\"Cardiopat\u00eda cong\u00e9nita del adulto\"}]},{\"@type\":\"WebSite\",\"@id\":\"https:\/\/www.heartfailurematters.org\/es\/#website\",\"url\":\"https:\/\/www.heartfailurematters.org\/es\/\",\"name\":\"Heart Failure Matters\",\"description\":\"Practical information for patients, families and caregivers.\",\"publisher\":{\"@id\":\"https:\/\/www.heartfailurematters.org\/es\/#organization\"},\"potentialAction\":[{\"@type\":\"SearchAction\",\"target\":{\"@type\":\"EntryPoint\",\"urlTemplate\":\"https:\/\/www.heartfailurematters.org\/es\/?s={search_term_string}\"},\"query-input\":{\"@type\":\"PropertyValueSpecification\",\"valueRequired\":true,\"valueName\":\"search_term_string\"}}],\"inLanguage\":\"es\"},{\"@type\":\"Organization\",\"@id\":\"https:\/\/www.heartfailurematters.org\/es\/#organization\",\"name\":\"Heart Failure Matters\",\"url\":\"https:\/\/www.heartfailurematters.org\/es\/\",\"logo\":{\"@type\":\"ImageObject\",\"inLanguage\":\"es\",\"@id\":\"https:\/\/www.heartfailurematters.org\/es\/#\/schema\/logo\/image\/\",\"url\":\"https:\/\/cdn-endpoint-hfm.azureedge.net\/heartfailurematters\/2024\/07\/hfm-logo1.jpg\",\"contentUrl\":\"https:\/\/cdn-endpoint-hfm.azureedge.net\/heartfailurematters\/2024\/07\/hfm-logo1.jpg\",\"width\":1280,\"height\":720,\"caption\":\"Heart Failure Matters\"},\"image\":{\"@id\":\"https:\/\/www.heartfailurematters.org\/es\/#\/schema\/logo\/image\/\"},\"sameAs\":[\"https:\/\/www.facebook.com\/heartfailurematters\"]}]}<\/script>\n<!-- \/ Yoast SEO plugin. -->","yoast_head_json":{"title":"Anomal\u00edas card\u00edacas cong\u00e9nitas e insuficiencia card\u00edaca","description":"Si el coraz\u00f3n y sus cavidades no se formaron correctamente antes de nacer, el flujo sangu\u00edneo en el coraz\u00f3n o en los vasos cercanos puede estar bloqueado o tener conexiones an\u00f3malas.","robots":{"index":"index","follow":"follow","max-snippet":"max-snippet:-1","max-image-preview":"max-image-preview:large","max-video-preview":"max-video-preview:-1"},"canonical":"https:\/\/www.heartfailurematters.org\/es\/causas-de-la-insuficiencia-cardiaca-y-otras-afecciones-medicas-frecuentes\/anomalias-cardiacas-congenitas\/","og_locale":"es_ES","og_type":"article","og_title":"Anomal\u00edas card\u00edacas cong\u00e9nitas e insuficiencia card\u00edaca","og_description":"Si el coraz\u00f3n y sus cavidades no se formaron correctamente antes de nacer, el flujo sangu\u00edneo en el coraz\u00f3n o en los vasos cercanos puede estar bloqueado o tener conexiones an\u00f3malas.","og_url":"https:\/\/www.heartfailurematters.org\/es\/causas-de-la-insuficiencia-cardiaca-y-otras-afecciones-medicas-frecuentes\/anomalias-cardiacas-congenitas\/","og_site_name":"Heart Failure Matters","article_publisher":"https:\/\/www.facebook.com\/heartfailurematters","article_modified_time":"2026-01-16T14:32:45+00:00","og_image":[{"width":900,"height":601,"url":"https:\/\/www.heartfailurematters.org\/wp-content\/uploads\/2022\/03\/shutterstock_1673602240-1-min.jpg","type":"image\/jpeg"}],"twitter_card":"summary_large_image","twitter_misc":{"Tiempo de lectura":"1 minuto"},"schema":{"@context":"https:\/\/schema.org","@graph":[{"@type":"WebPage","@id":"https:\/\/www.heartfailurematters.org\/es\/causas-de-la-insuficiencia-cardiaca-y-otras-afecciones-medicas-frecuentes\/anomalias-cardiacas-congenitas\/","url":"https:\/\/www.heartfailurematters.org\/es\/causas-de-la-insuficiencia-cardiaca-y-otras-afecciones-medicas-frecuentes\/anomalias-cardiacas-congenitas\/","name":"Anomal\u00edas card\u00edacas cong\u00e9nitas e insuficiencia card\u00edaca","isPartOf":{"@id":"https:\/\/www.heartfailurematters.org\/es\/#website"},"primaryImageOfPage":{"@id":"https:\/\/www.heartfailurematters.org\/es\/causas-de-la-insuficiencia-cardiaca-y-otras-afecciones-medicas-frecuentes\/anomalias-cardiacas-congenitas\/#primaryimage"},"image":{"@id":"https:\/\/www.heartfailurematters.org\/es\/causas-de-la-insuficiencia-cardiaca-y-otras-afecciones-medicas-frecuentes\/anomalias-cardiacas-congenitas\/#primaryimage"},"thumbnailUrl":"https:\/\/www.heartfailurematters.org\/wp-content\/uploads\/2022\/03\/shutterstock_1673602240-1-min.jpg","datePublished":"2021-01-27T22:09:57+00:00","dateModified":"2026-01-16T14:32:45+00:00","description":"Si el coraz\u00f3n y sus cavidades no se formaron correctamente antes de nacer, el flujo sangu\u00edneo en el coraz\u00f3n o en los vasos cercanos puede estar bloqueado o tener conexiones an\u00f3malas.","breadcrumb":{"@id":"https:\/\/www.heartfailurematters.org\/es\/causas-de-la-insuficiencia-cardiaca-y-otras-afecciones-medicas-frecuentes\/anomalias-cardiacas-congenitas\/#breadcrumb"},"inLanguage":"es","potentialAction":[{"@type":"ReadAction","target":["https:\/\/www.heartfailurematters.org\/es\/causas-de-la-insuficiencia-cardiaca-y-otras-afecciones-medicas-frecuentes\/anomalias-cardiacas-congenitas\/"]}]},{"@type":"ImageObject","inLanguage":"es","@id":"https:\/\/www.heartfailurematters.org\/es\/causas-de-la-insuficiencia-cardiaca-y-otras-afecciones-medicas-frecuentes\/anomalias-cardiacas-congenitas\/#primaryimage","url":"https:\/\/www.heartfailurematters.org\/wp-content\/uploads\/2022\/03\/shutterstock_1673602240-1-min.jpg","contentUrl":"https:\/\/www.heartfailurematters.org\/wp-content\/uploads\/2022\/03\/shutterstock_1673602240-1-min.jpg","width":900,"height":601},{"@type":"BreadcrumbList","@id":"https:\/\/www.heartfailurematters.org\/es\/causas-de-la-insuficiencia-cardiaca-y-otras-afecciones-medicas-frecuentes\/anomalias-cardiacas-congenitas\/#breadcrumb","itemListElement":[{"@type":"ListItem","position":1,"name":"Inicio","item":"https:\/\/www.heartfailurematters.org\/es\/"},{"@type":"ListItem","position":2,"name":"Causas de la insuficiencia card\u00edaca y otras afecciones m\u00e9dicas frecuentes","item":"https:\/\/www.heartfailurematters.org\/es\/causas-de-la-insuficiencia-cardiaca-y-otras-afecciones-medicas-frecuentes\/"},{"@type":"ListItem","position":3,"name":"Cardiopat\u00eda cong\u00e9nita del adulto"}]},{"@type":"WebSite","@id":"https:\/\/www.heartfailurematters.org\/es\/#website","url":"https:\/\/www.heartfailurematters.org\/es\/","name":"Heart Failure Matters","description":"Practical information for patients, families and caregivers.","publisher":{"@id":"https:\/\/www.heartfailurematters.org\/es\/#organization"},"potentialAction":[{"@type":"SearchAction","target":{"@type":"EntryPoint","urlTemplate":"https:\/\/www.heartfailurematters.org\/es\/?s={search_term_string}"},"query-input":{"@type":"PropertyValueSpecification","valueRequired":true,"valueName":"search_term_string"}}],"inLanguage":"es"},{"@type":"Organization","@id":"https:\/\/www.heartfailurematters.org\/es\/#organization","name":"Heart Failure Matters","url":"https:\/\/www.heartfailurematters.org\/es\/","logo":{"@type":"ImageObject","inLanguage":"es","@id":"https:\/\/www.heartfailurematters.org\/es\/#\/schema\/logo\/image\/","url":"https:\/\/cdn-endpoint-hfm.azureedge.net\/heartfailurematters\/2024\/07\/hfm-logo1.jpg","contentUrl":"https:\/\/cdn-endpoint-hfm.azureedge.net\/heartfailurematters\/2024\/07\/hfm-logo1.jpg","width":1280,"height":720,"caption":"Heart Failure Matters"},"image":{"@id":"https:\/\/www.heartfailurematters.org\/es\/#\/schema\/logo\/image\/"},"sameAs":["https:\/\/www.facebook.com\/heartfailurematters"]}]}},"_links":{"self":[{"href":"https:\/\/www.heartfailurematters.org\/es\/wp-json\/wp\/v2\/pages\/2387","targetHints":{"allow":["GET"]}}],"collection":[{"href":"https:\/\/www.heartfailurematters.org\/es\/wp-json\/wp\/v2\/pages"}],"about":[{"href":"https:\/\/www.heartfailurematters.org\/es\/wp-json\/wp\/v2\/types\/page"}],"author":[{"embeddable":true,"href":"https:\/\/www.heartfailurematters.org\/es\/wp-json\/wp\/v2\/users\/1"}],"replies":[{"embeddable":true,"href":"https:\/\/www.heartfailurematters.org\/es\/wp-json\/wp\/v2\/comments?post=2387"}],"version-history":[{"count":3,"href":"https:\/\/www.heartfailurematters.org\/es\/wp-json\/wp\/v2\/pages\/2387\/revisions"}],"predecessor-version":[{"id":13828,"href":"https:\/\/www.heartfailurematters.org\/es\/wp-json\/wp\/v2\/pages\/2387\/revisions\/13828"}],"up":[{"embeddable":true,"href":"https:\/\/www.heartfailurematters.org\/es\/wp-json\/wp\/v2\/pages\/8046"}],"wp:featuredmedia":[{"embeddable":true,"href":"https:\/\/www.heartfailurematters.org\/es\/wp-json\/wp\/v2\/media\/10751"}],"wp:attachment":[{"href":"https:\/\/www.heartfailurematters.org\/es\/wp-json\/wp\/v2\/media?parent=2387"}],"wp:term":[{"taxonomy":"category","embeddable":true,"href":"https:\/\/www.heartfailurematters.org\/es\/wp-json\/wp\/v2\/categories?post=2387"},{"taxonomy":"post_tag","embeddable":true,"href":"https:\/\/www.heartfailurematters.org\/es\/wp-json\/wp\/v2\/tags?post=2387"}],"curies":[{"name":"wp","href":"https:\/\/api.w.org\/{rel}","templated":true}]}}