{"id":2381,"date":"2021-01-27T22:09:57","date_gmt":"2021-01-27T22:09:57","guid":{"rendered":"http:\/\/heartfailurematters.local:8888\/enfermedad-del-musculo-cardiaco-o-inflamacion-del-corazon\/"},"modified":"2021-06-25T13:09:38","modified_gmt":"2021-06-25T12:09:38","slug":"enfermedad-del-musculo-cardiaco-o-inflamacion-del-corazon","status":"publish","type":"page","link":"https:\/\/www.heartfailurematters.org\/es\/causas-de-la-insuficiencia-cardiaca-y-otras-afecciones-medicas-frecuentes\/enfermedad-del-musculo-cardiaco-o-inflamacion-del-corazon\/","title":{"rendered":"Enfermedad del miocardio (miocardiopat\u00eda e inflamaci\u00f3n)"},"content":{"rendered":"<p>Las enfermedades del miocardio, a diferencia de los problemas con el suministro de sangre del coraz\u00f3n se llaman miocardiopat\u00edas (MCP). Estas afecciones son una causa frecuente de la insuficiencia card\u00edaca. Las MCP, por definici\u00f3n, no son causadas por un estrechamiento de las arterias (enfermedad de las arterias coronarias) que reduce el suministro de sangre al miocardio (isquemia) y conduce a una funci\u00f3n card\u00edaca reducida, as\u00ed como un ataque card\u00edaco (infarto de miocardio). Esto se conoce com\u00fanmente como miocardiopat\u00eda isqu\u00e9mica en contraste con las verdaderas MCP, que son causadas por mutaciones gen\u00e9ticas o por causas adquiridas tales como infecciones, quimioterapia, enfermedades sist\u00e9micas\/autoinmunitarias o abuso de alcohol\/drogas. Las MCP suelen ser de tres tipos.<\/p>\n<p><strong>La MCP dilatada<\/strong> incluye a pacientes con funci\u00f3n card\u00edaca reducida que tambi\u00e9n tienen dilataci\u00f3n de la cavidad de bombeo principal o ventr\u00edculo.<\/p>\n<p><strong>La MCP hipertr\u00f3fica<\/strong> se asocia con el engrosamiento y la rigidez del m\u00fasculo de la cavidad de bombeo principal, el ventr\u00edculo izquierdo. La MCP arritmog\u00e9nica est\u00e1 asociada con problemas graves de la frecuencia card\u00edaca.<\/p>\n<p><strong>La MCP gen\u00e9tica<\/strong> es causada por un error gen\u00e9tico cong\u00e9nito que afecta a la estructura o al funcionamiento de los genes que controlan el desarrollo del coraz\u00f3n. Los s\u00edntomas pueden ser evidentes desde el nacimiento o pueden tener un inicio tard\u00edo en la adolescencia. Dado que estas MCP gen\u00e9ticas afectan a personas relativamente j\u00f3venes (media de edad de 45 a 50 a\u00f1os), las consecuencias econ\u00f3micas y emocionales de la MCP gen\u00e9tica son especialmente importantes.<\/p>\n<p>El diagn\u00f3stico de una MCP tambi\u00e9n debe incluir pruebas en profundidad para descubrir las causas adquiridas (por ejemplo, quimioterapia previa), asesoramiento y pruebas gen\u00e9ticas, im\u00e1genes, muestras de sangre y, cuando est\u00e9 indicado, muestras card\u00edacas (biopsias) que se realizan en centros de referencia especializados.<\/p>\n<h3>Cu\u00e1ndo sospechar de una micocardiopat\u00eda adquirida gen\u00e9ticamente:<\/h3>\n<ul>\n<li>Presencia en su familia de insuficiencia card\u00edaca sin un motivo claro, trastornos del ritmo card\u00edaco, muerte s\u00fabita o cualquier otra enfermedad muscular general a una edad temprana, &lt; 55 a\u00f1os.<br \/>\nDesfallecimiento (s\u00edncope) sin motivo claro, dificultad para respirar (\u00bfdisnea?), dolor en el pecho o electrocardiograma anormal.<\/li>\n<\/ul>\n<h3>\u00bfQu\u00e9 prueba de diagn\u00f3stico debe esperar cuando vaya a un cardi\u00f3logo para el diagn\u00f3stico de su cardiopat\u00eda?<\/h3>\n<ul>\n<li>Recopilaci\u00f3n de informaci\u00f3n que incluye antecedentes familiares, infecciones recientes (enfermedad de Lyme, infecciones v\u00edricas), causas t\u00f3xicas (alcohol, quimioterapia, abuso de drogas), enfermedades sist\u00e9micas (inflamaci\u00f3n, enfermedades o dolencias en otros \u00f3rganos, incluidos ri\u00f1\u00f3n, h\u00edgado, articulaciones, pulmones).<\/li>\n<li>Obtenci\u00f3n de muestras de sangre para evaluar el funcionamiento de otros \u00f3rganos.<\/li>\n<li>Im\u00e1genes card\u00edacas: electrocardiograma (ECG), ecocardiograf\u00eda e im\u00e1genes de resonancia magn\u00e9tica (IRM) para estudiar la estructura, funci\u00f3n, inflamaci\u00f3n y cicatrices en el coraz\u00f3n.<\/li>\n<\/ul>\n<p>El tratamiento de la MCP consiste en eliminar o tratar las causas subyacentes (por ejemplo, quimioterapia, alcohol o infecciones), y adem\u00e1s la prescripci\u00f3n de medicamentos apropiados para la insuficiencia card\u00edaca. Se est\u00e1n investigando nuevos enfoques prometedores de tratamiento basados en una comprensi\u00f3n profunda de los cambios moleculares en el coraz\u00f3n. En general, la esperanza de vida es buena, ya que la mayor\u00eda de los pacientes son j\u00f3venes y no suelen tener otras enfermedades.<\/p>\n<p><a title=\"Volver a Cardiopat\u00edas frecuentes\" href=\"https:\/\/www.heartfailurematters.org\/heart-failure-causes-and-other-common-medical-conditions\/common-heart-conditions\/\">Volver a Cardiopat\u00edas frecuentes<\/a><\/p>\n<p>&nbsp;<\/p>\n","protected":false},"excerpt":{"rendered":"<p>Las enfermedades del miocardio, a diferencia de los problemas con el suministro de sangre del coraz\u00f3n se llaman miocardiopat\u00edas (MCP). Estas afecciones son una causa frecuente de la insuficiencia card\u00edaca. Las MCP, por definici\u00f3n, no son causadas por un estrechamiento de las arterias (enfermedad de las arterias coronarias) que reduce el suministro de sangre al [&hellip;]<\/p>\n","protected":false},"author":1,"featured_media":10751,"parent":8046,"menu_order":7,"comment_status":"open","ping_status":"open","template":"","meta":{"_acf_changed":false,"footnotes":""},"categories":[],"tags":[],"class_list":["post-2381","page","type-page","status-publish","has-post-thumbnail","hentry"],"acf":[],"yoast_head":"<!-- This site is optimized with the Yoast SEO plugin v24.8.1 - https:\/\/yoast.com\/wordpress\/plugins\/seo\/ -->\n<title>Enfermedad del miocardio o inflamaci\u00f3n del coraz\u00f3n<\/title>\n<meta name=\"description\" content=\"Tanto la enfermedad del miocardio (miocardiopat\u00eda) como la inflamaci\u00f3n del miocardio (miocarditis) afectan al miocardio: esta es la diferencia entre ambas\" \/>\n<meta name=\"robots\" content=\"index, follow, max-snippet:-1, max-image-preview:large, max-video-preview:-1\" \/>\n<link rel=\"canonical\" href=\"https:\/\/www.heartfailurematters.org\/es\/causas-de-la-insuficiencia-cardiaca-y-otras-afecciones-medicas-frecuentes\/enfermedad-del-musculo-cardiaco-o-inflamacion-del-corazon\/\" \/>\n<meta property=\"og:locale\" content=\"es_ES\" \/>\n<meta property=\"og:type\" content=\"article\" \/>\n<meta property=\"og:title\" content=\"Enfermedad del miocardio o inflamaci\u00f3n del coraz\u00f3n\" \/>\n<meta property=\"og:description\" content=\"Tanto la enfermedad del miocardio (miocardiopat\u00eda) como la inflamaci\u00f3n del miocardio (miocarditis) afectan al miocardio: esta es la diferencia entre ambas\" \/>\n<meta property=\"og:url\" content=\"https:\/\/www.heartfailurematters.org\/es\/causas-de-la-insuficiencia-cardiaca-y-otras-afecciones-medicas-frecuentes\/enfermedad-del-musculo-cardiaco-o-inflamacion-del-corazon\/\" \/>\n<meta property=\"og:site_name\" content=\"Heart Failure Matters\" \/>\n<meta property=\"article:publisher\" content=\"https:\/\/www.facebook.com\/heartfailurematters\" \/>\n<meta property=\"article:modified_time\" content=\"2021-06-25T12:09:38+00:00\" \/>\n<meta property=\"og:image\" content=\"https:\/\/www.heartfailurematters.org\/wp-content\/uploads\/2022\/03\/shutterstock_1673602240-1-min.jpg\" \/>\n\t<meta property=\"og:image:width\" content=\"900\" \/>\n\t<meta property=\"og:image:height\" content=\"601\" \/>\n\t<meta property=\"og:image:type\" content=\"image\/jpeg\" \/>\n<meta name=\"twitter:card\" content=\"summary_large_image\" \/>\n<meta name=\"twitter:label1\" content=\"Tiempo de lectura\" \/>\n\t<meta name=\"twitter:data1\" content=\"1 minuto\" \/>\n<script type=\"application\/ld+json\" class=\"yoast-schema-graph\">{\"@context\":\"https:\/\/schema.org\",\"@graph\":[{\"@type\":\"WebPage\",\"@id\":\"https:\/\/www.heartfailurematters.org\/es\/causas-de-la-insuficiencia-cardiaca-y-otras-afecciones-medicas-frecuentes\/enfermedad-del-musculo-cardiaco-o-inflamacion-del-corazon\/\",\"url\":\"https:\/\/www.heartfailurematters.org\/es\/causas-de-la-insuficiencia-cardiaca-y-otras-afecciones-medicas-frecuentes\/enfermedad-del-musculo-cardiaco-o-inflamacion-del-corazon\/\",\"name\":\"Enfermedad del miocardio o inflamaci\u00f3n del coraz\u00f3n\",\"isPartOf\":{\"@id\":\"https:\/\/www.heartfailurematters.org\/es\/#website\"},\"primaryImageOfPage\":{\"@id\":\"https:\/\/www.heartfailurematters.org\/es\/causas-de-la-insuficiencia-cardiaca-y-otras-afecciones-medicas-frecuentes\/enfermedad-del-musculo-cardiaco-o-inflamacion-del-corazon\/#primaryimage\"},\"image\":{\"@id\":\"https:\/\/www.heartfailurematters.org\/es\/causas-de-la-insuficiencia-cardiaca-y-otras-afecciones-medicas-frecuentes\/enfermedad-del-musculo-cardiaco-o-inflamacion-del-corazon\/#primaryimage\"},\"thumbnailUrl\":\"https:\/\/www.heartfailurematters.org\/wp-content\/uploads\/2022\/03\/shutterstock_1673602240-1-min.jpg\",\"datePublished\":\"2021-01-27T22:09:57+00:00\",\"dateModified\":\"2021-06-25T12:09:38+00:00\",\"description\":\"Tanto la enfermedad del miocardio (miocardiopat\u00eda) como la inflamaci\u00f3n del miocardio (miocarditis) afectan al miocardio: esta es la diferencia entre ambas\",\"breadcrumb\":{\"@id\":\"https:\/\/www.heartfailurematters.org\/es\/causas-de-la-insuficiencia-cardiaca-y-otras-afecciones-medicas-frecuentes\/enfermedad-del-musculo-cardiaco-o-inflamacion-del-corazon\/#breadcrumb\"},\"inLanguage\":\"es\",\"potentialAction\":[{\"@type\":\"ReadAction\",\"target\":[\"https:\/\/www.heartfailurematters.org\/es\/causas-de-la-insuficiencia-cardiaca-y-otras-afecciones-medicas-frecuentes\/enfermedad-del-musculo-cardiaco-o-inflamacion-del-corazon\/\"]}]},{\"@type\":\"ImageObject\",\"inLanguage\":\"es\",\"@id\":\"https:\/\/www.heartfailurematters.org\/es\/causas-de-la-insuficiencia-cardiaca-y-otras-afecciones-medicas-frecuentes\/enfermedad-del-musculo-cardiaco-o-inflamacion-del-corazon\/#primaryimage\",\"url\":\"https:\/\/www.heartfailurematters.org\/wp-content\/uploads\/2022\/03\/shutterstock_1673602240-1-min.jpg\",\"contentUrl\":\"https:\/\/www.heartfailurematters.org\/wp-content\/uploads\/2022\/03\/shutterstock_1673602240-1-min.jpg\",\"width\":900,\"height\":601},{\"@type\":\"BreadcrumbList\",\"@id\":\"https:\/\/www.heartfailurematters.org\/es\/causas-de-la-insuficiencia-cardiaca-y-otras-afecciones-medicas-frecuentes\/enfermedad-del-musculo-cardiaco-o-inflamacion-del-corazon\/#breadcrumb\",\"itemListElement\":[{\"@type\":\"ListItem\",\"position\":1,\"name\":\"Inicio\",\"item\":\"https:\/\/www.heartfailurematters.org\/es\/\"},{\"@type\":\"ListItem\",\"position\":2,\"name\":\"Causas de la insuficiencia card\u00edaca y otras afecciones m\u00e9dicas frecuentes\",\"item\":\"https:\/\/www.heartfailurematters.org\/es\/causas-de-la-insuficiencia-cardiaca-y-otras-afecciones-medicas-frecuentes\/\"},{\"@type\":\"ListItem\",\"position\":3,\"name\":\"Enfermedad del miocardio (miocardiopat\u00eda e inflamaci\u00f3n)\"}]},{\"@type\":\"WebSite\",\"@id\":\"https:\/\/www.heartfailurematters.org\/es\/#website\",\"url\":\"https:\/\/www.heartfailurematters.org\/es\/\",\"name\":\"Heart Failure Matters\",\"description\":\"Practical information for patients, families and caregivers.\",\"publisher\":{\"@id\":\"https:\/\/www.heartfailurematters.org\/es\/#organization\"},\"potentialAction\":[{\"@type\":\"SearchAction\",\"target\":{\"@type\":\"EntryPoint\",\"urlTemplate\":\"https:\/\/www.heartfailurematters.org\/es\/?s={search_term_string}\"},\"query-input\":{\"@type\":\"PropertyValueSpecification\",\"valueRequired\":true,\"valueName\":\"search_term_string\"}}],\"inLanguage\":\"es\"},{\"@type\":\"Organization\",\"@id\":\"https:\/\/www.heartfailurematters.org\/es\/#organization\",\"name\":\"Heart Failure Matters\",\"url\":\"https:\/\/www.heartfailurematters.org\/es\/\",\"logo\":{\"@type\":\"ImageObject\",\"inLanguage\":\"es\",\"@id\":\"https:\/\/www.heartfailurematters.org\/es\/#\/schema\/logo\/image\/\",\"url\":\"https:\/\/cdn-endpoint-hfm.azureedge.net\/heartfailurematters\/2024\/07\/hfm-logo1.jpg\",\"contentUrl\":\"https:\/\/cdn-endpoint-hfm.azureedge.net\/heartfailurematters\/2024\/07\/hfm-logo1.jpg\",\"width\":1280,\"height\":720,\"caption\":\"Heart Failure Matters\"},\"image\":{\"@id\":\"https:\/\/www.heartfailurematters.org\/es\/#\/schema\/logo\/image\/\"},\"sameAs\":[\"https:\/\/www.facebook.com\/heartfailurematters\"]}]}<\/script>\n<!-- \/ Yoast SEO plugin. -->","yoast_head_json":{"title":"Enfermedad del miocardio o inflamaci\u00f3n del coraz\u00f3n","description":"Tanto la enfermedad del miocardio (miocardiopat\u00eda) como la inflamaci\u00f3n del miocardio (miocarditis) afectan al miocardio: esta es la diferencia entre ambas","robots":{"index":"index","follow":"follow","max-snippet":"max-snippet:-1","max-image-preview":"max-image-preview:large","max-video-preview":"max-video-preview:-1"},"canonical":"https:\/\/www.heartfailurematters.org\/es\/causas-de-la-insuficiencia-cardiaca-y-otras-afecciones-medicas-frecuentes\/enfermedad-del-musculo-cardiaco-o-inflamacion-del-corazon\/","og_locale":"es_ES","og_type":"article","og_title":"Enfermedad del miocardio o inflamaci\u00f3n del coraz\u00f3n","og_description":"Tanto la enfermedad del miocardio (miocardiopat\u00eda) como la inflamaci\u00f3n del miocardio (miocarditis) afectan al miocardio: esta es la diferencia entre ambas","og_url":"https:\/\/www.heartfailurematters.org\/es\/causas-de-la-insuficiencia-cardiaca-y-otras-afecciones-medicas-frecuentes\/enfermedad-del-musculo-cardiaco-o-inflamacion-del-corazon\/","og_site_name":"Heart Failure Matters","article_publisher":"https:\/\/www.facebook.com\/heartfailurematters","article_modified_time":"2021-06-25T12:09:38+00:00","og_image":[{"width":900,"height":601,"url":"https:\/\/www.heartfailurematters.org\/wp-content\/uploads\/2022\/03\/shutterstock_1673602240-1-min.jpg","type":"image\/jpeg"}],"twitter_card":"summary_large_image","twitter_misc":{"Tiempo de lectura":"1 minuto"},"schema":{"@context":"https:\/\/schema.org","@graph":[{"@type":"WebPage","@id":"https:\/\/www.heartfailurematters.org\/es\/causas-de-la-insuficiencia-cardiaca-y-otras-afecciones-medicas-frecuentes\/enfermedad-del-musculo-cardiaco-o-inflamacion-del-corazon\/","url":"https:\/\/www.heartfailurematters.org\/es\/causas-de-la-insuficiencia-cardiaca-y-otras-afecciones-medicas-frecuentes\/enfermedad-del-musculo-cardiaco-o-inflamacion-del-corazon\/","name":"Enfermedad del miocardio o inflamaci\u00f3n del coraz\u00f3n","isPartOf":{"@id":"https:\/\/www.heartfailurematters.org\/es\/#website"},"primaryImageOfPage":{"@id":"https:\/\/www.heartfailurematters.org\/es\/causas-de-la-insuficiencia-cardiaca-y-otras-afecciones-medicas-frecuentes\/enfermedad-del-musculo-cardiaco-o-inflamacion-del-corazon\/#primaryimage"},"image":{"@id":"https:\/\/www.heartfailurematters.org\/es\/causas-de-la-insuficiencia-cardiaca-y-otras-afecciones-medicas-frecuentes\/enfermedad-del-musculo-cardiaco-o-inflamacion-del-corazon\/#primaryimage"},"thumbnailUrl":"https:\/\/www.heartfailurematters.org\/wp-content\/uploads\/2022\/03\/shutterstock_1673602240-1-min.jpg","datePublished":"2021-01-27T22:09:57+00:00","dateModified":"2021-06-25T12:09:38+00:00","description":"Tanto la enfermedad del miocardio (miocardiopat\u00eda) como la inflamaci\u00f3n del miocardio (miocarditis) afectan al miocardio: esta es la diferencia entre ambas","breadcrumb":{"@id":"https:\/\/www.heartfailurematters.org\/es\/causas-de-la-insuficiencia-cardiaca-y-otras-afecciones-medicas-frecuentes\/enfermedad-del-musculo-cardiaco-o-inflamacion-del-corazon\/#breadcrumb"},"inLanguage":"es","potentialAction":[{"@type":"ReadAction","target":["https:\/\/www.heartfailurematters.org\/es\/causas-de-la-insuficiencia-cardiaca-y-otras-afecciones-medicas-frecuentes\/enfermedad-del-musculo-cardiaco-o-inflamacion-del-corazon\/"]}]},{"@type":"ImageObject","inLanguage":"es","@id":"https:\/\/www.heartfailurematters.org\/es\/causas-de-la-insuficiencia-cardiaca-y-otras-afecciones-medicas-frecuentes\/enfermedad-del-musculo-cardiaco-o-inflamacion-del-corazon\/#primaryimage","url":"https:\/\/www.heartfailurematters.org\/wp-content\/uploads\/2022\/03\/shutterstock_1673602240-1-min.jpg","contentUrl":"https:\/\/www.heartfailurematters.org\/wp-content\/uploads\/2022\/03\/shutterstock_1673602240-1-min.jpg","width":900,"height":601},{"@type":"BreadcrumbList","@id":"https:\/\/www.heartfailurematters.org\/es\/causas-de-la-insuficiencia-cardiaca-y-otras-afecciones-medicas-frecuentes\/enfermedad-del-musculo-cardiaco-o-inflamacion-del-corazon\/#breadcrumb","itemListElement":[{"@type":"ListItem","position":1,"name":"Inicio","item":"https:\/\/www.heartfailurematters.org\/es\/"},{"@type":"ListItem","position":2,"name":"Causas de la insuficiencia card\u00edaca y otras afecciones m\u00e9dicas frecuentes","item":"https:\/\/www.heartfailurematters.org\/es\/causas-de-la-insuficiencia-cardiaca-y-otras-afecciones-medicas-frecuentes\/"},{"@type":"ListItem","position":3,"name":"Enfermedad del miocardio (miocardiopat\u00eda e inflamaci\u00f3n)"}]},{"@type":"WebSite","@id":"https:\/\/www.heartfailurematters.org\/es\/#website","url":"https:\/\/www.heartfailurematters.org\/es\/","name":"Heart Failure Matters","description":"Practical information for patients, families and caregivers.","publisher":{"@id":"https:\/\/www.heartfailurematters.org\/es\/#organization"},"potentialAction":[{"@type":"SearchAction","target":{"@type":"EntryPoint","urlTemplate":"https:\/\/www.heartfailurematters.org\/es\/?s={search_term_string}"},"query-input":{"@type":"PropertyValueSpecification","valueRequired":true,"valueName":"search_term_string"}}],"inLanguage":"es"},{"@type":"Organization","@id":"https:\/\/www.heartfailurematters.org\/es\/#organization","name":"Heart Failure Matters","url":"https:\/\/www.heartfailurematters.org\/es\/","logo":{"@type":"ImageObject","inLanguage":"es","@id":"https:\/\/www.heartfailurematters.org\/es\/#\/schema\/logo\/image\/","url":"https:\/\/cdn-endpoint-hfm.azureedge.net\/heartfailurematters\/2024\/07\/hfm-logo1.jpg","contentUrl":"https:\/\/cdn-endpoint-hfm.azureedge.net\/heartfailurematters\/2024\/07\/hfm-logo1.jpg","width":1280,"height":720,"caption":"Heart Failure Matters"},"image":{"@id":"https:\/\/www.heartfailurematters.org\/es\/#\/schema\/logo\/image\/"},"sameAs":["https:\/\/www.facebook.com\/heartfailurematters"]}]}},"_links":{"self":[{"href":"https:\/\/www.heartfailurematters.org\/es\/wp-json\/wp\/v2\/pages\/2381","targetHints":{"allow":["GET"]}}],"collection":[{"href":"https:\/\/www.heartfailurematters.org\/es\/wp-json\/wp\/v2\/pages"}],"about":[{"href":"https:\/\/www.heartfailurematters.org\/es\/wp-json\/wp\/v2\/types\/page"}],"author":[{"embeddable":true,"href":"https:\/\/www.heartfailurematters.org\/es\/wp-json\/wp\/v2\/users\/1"}],"replies":[{"embeddable":true,"href":"https:\/\/www.heartfailurematters.org\/es\/wp-json\/wp\/v2\/comments?post=2381"}],"version-history":[{"count":4,"href":"https:\/\/www.heartfailurematters.org\/es\/wp-json\/wp\/v2\/pages\/2381\/revisions"}],"predecessor-version":[{"id":9054,"href":"https:\/\/www.heartfailurematters.org\/es\/wp-json\/wp\/v2\/pages\/2381\/revisions\/9054"}],"up":[{"embeddable":true,"href":"https:\/\/www.heartfailurematters.org\/es\/wp-json\/wp\/v2\/pages\/8046"}],"wp:featuredmedia":[{"embeddable":true,"href":"https:\/\/www.heartfailurematters.org\/es\/wp-json\/wp\/v2\/media\/10751"}],"wp:attachment":[{"href":"https:\/\/www.heartfailurematters.org\/es\/wp-json\/wp\/v2\/media?parent=2381"}],"wp:term":[{"taxonomy":"category","embeddable":true,"href":"https:\/\/www.heartfailurematters.org\/es\/wp-json\/wp\/v2\/categories?post=2381"},{"taxonomy":"post_tag","embeddable":true,"href":"https:\/\/www.heartfailurematters.org\/es\/wp-json\/wp\/v2\/tags?post=2381"}],"curies":[{"name":"wp","href":"https:\/\/api.w.org\/{rel}","templated":true}]}}