{"id":2372,"date":"2021-01-27T22:09:49","date_gmt":"2021-01-27T22:09:49","guid":{"rendered":"http:\/\/heartfailurematters.local:8888\/ficha-de-medicamentos-2\/"},"modified":"2021-07-29T15:49:00","modified_gmt":"2021-07-29T14:49:00","slug":"ficha-de-medicamentos","status":"publish","type":"page","link":"https:\/\/www.heartfailurematters.org\/es\/lo-que-puede-hacer-usted\/ficha-de-medicamentos\/","title":{"rendered":"Ficha de medicamentos"},"content":{"rendered":"<p>Puede que le hayan recetado distintos medicamentos para la insuficiencia card\u00edaca. A veces es muy dif\u00edcil recordar qu\u00e9 f\u00e1rmacos hay que tomar, en qu\u00e9 momento y si se deben tomar o no con las comidas.<\/p>\n<p>Haga clic en el enlace siguiente para abrir una ficha que puede emplear como recordatorio. Lo \u00fanico que tiene que hacer es imprimirla, rellenarla y guardarla con los medicamentos. Tambi\u00e9n es conveniente que lleve una copia en todo momento en caso de urgencia.<\/p>\n<p><a title=\"Abrir la tabla de medicamentos\" href=\"https:\/\/cdn-endpoint-hfm.azureedge.net\/heartfailurematters\/2021\/02\/Medicine_chart_EN.pdf\" target=\"_blank\" rel=\"noopener\">Ficha de medicamentos<\/a><\/p>\n<p>Para ver m\u00e1s consejos sobre c\u00f3mo gestionar sus medicamentos, haga cli aqu\u00ed<\/p>\n<p><a href=\"https:\/\/www.heartfailurematters.org\/es\/lo-que-puede-hacer-usted\/manejar-sus-medicamentos\/\">Volver a Manejar sus medicamentos<\/a><\/p>\n","protected":false},"excerpt":{"rendered":"<p>Puede que le hayan recetado distintos medicamentos para la insuficiencia card\u00edaca. A veces es muy dif\u00edcil recordar qu\u00e9 f\u00e1rmacos hay que tomar, en qu\u00e9 momento y si se deben tomar o no con las comidas. Haga clic en el enlace siguiente para abrir una ficha que puede emplear como recordatorio. Lo \u00fanico que tiene que [&hellip;]<\/p>\n","protected":false},"author":1,"featured_media":0,"parent":2720,"menu_order":0,"comment_status":"open","ping_status":"open","template":"","meta":{"_acf_changed":false,"footnotes":""},"categories":[],"tags":[],"class_list":["post-2372","page","type-page","status-publish","hentry"],"acf":[],"yoast_head":"<!-- This site is optimized with the Yoast SEO plugin v24.8.1 - https:\/\/yoast.com\/wordpress\/plugins\/seo\/ -->\n<title>Ficha de medicamentos - Heart Failure Matters<\/title>\n<meta name=\"description\" content=\"Puede que est\u00e9 tomando varios medicamentos diferentes para la insuficiencia card\u00edaca. Utilice esta tabla para llevar un control de estos.\" \/>\n<meta name=\"robots\" content=\"index, follow, max-snippet:-1, max-image-preview:large, max-video-preview:-1\" \/>\n<link rel=\"canonical\" href=\"https:\/\/www.heartfailurematters.org\/es\/lo-que-puede-hacer-usted\/ficha-de-medicamentos\/\" \/>\n<meta property=\"og:locale\" content=\"es_ES\" \/>\n<meta property=\"og:type\" content=\"article\" \/>\n<meta property=\"og:title\" content=\"Ficha de medicamentos - Heart Failure Matters\" \/>\n<meta property=\"og:description\" content=\"Puede que est\u00e9 tomando varios medicamentos diferentes para la insuficiencia card\u00edaca. Utilice esta tabla para llevar un control de estos.\" \/>\n<meta property=\"og:url\" content=\"https:\/\/www.heartfailurematters.org\/es\/lo-que-puede-hacer-usted\/ficha-de-medicamentos\/\" \/>\n<meta property=\"og:site_name\" content=\"Heart Failure Matters\" \/>\n<meta property=\"article:publisher\" content=\"https:\/\/www.facebook.com\/heartfailurematters\" \/>\n<meta property=\"article:modified_time\" content=\"2021-07-29T14:49:00+00:00\" \/>\n<meta name=\"twitter:card\" content=\"summary_large_image\" \/>\n<meta name=\"twitter:label1\" content=\"Tiempo de lectura\" \/>\n\t<meta name=\"twitter:data1\" content=\"1 minuto\" \/>\n<script type=\"application\/ld+json\" class=\"yoast-schema-graph\">{\"@context\":\"https:\/\/schema.org\",\"@graph\":[{\"@type\":\"WebPage\",\"@id\":\"https:\/\/www.heartfailurematters.org\/es\/lo-que-puede-hacer-usted\/ficha-de-medicamentos\/\",\"url\":\"https:\/\/www.heartfailurematters.org\/es\/lo-que-puede-hacer-usted\/ficha-de-medicamentos\/\",\"name\":\"Ficha de medicamentos - Heart Failure Matters\",\"isPartOf\":{\"@id\":\"https:\/\/www.heartfailurematters.org\/es\/#website\"},\"datePublished\":\"2021-01-27T22:09:49+00:00\",\"dateModified\":\"2021-07-29T14:49:00+00:00\",\"description\":\"Puede que est\u00e9 tomando varios medicamentos diferentes para la insuficiencia card\u00edaca. Utilice esta tabla para llevar un control de estos.\",\"breadcrumb\":{\"@id\":\"https:\/\/www.heartfailurematters.org\/es\/lo-que-puede-hacer-usted\/ficha-de-medicamentos\/#breadcrumb\"},\"inLanguage\":\"es\",\"potentialAction\":[{\"@type\":\"ReadAction\",\"target\":[\"https:\/\/www.heartfailurematters.org\/es\/lo-que-puede-hacer-usted\/ficha-de-medicamentos\/\"]}]},{\"@type\":\"BreadcrumbList\",\"@id\":\"https:\/\/www.heartfailurematters.org\/es\/lo-que-puede-hacer-usted\/ficha-de-medicamentos\/#breadcrumb\",\"itemListElement\":[{\"@type\":\"ListItem\",\"position\":1,\"name\":\"Inicio\",\"item\":\"https:\/\/www.heartfailurematters.org\/es\/\"},{\"@type\":\"ListItem\",\"position\":2,\"name\":\"\u00bfQu\u00e9 puede hacer usted?\",\"item\":\"https:\/\/www.heartfailurematters.org\/es\/lo-que-puede-hacer-usted\/\"},{\"@type\":\"ListItem\",\"position\":3,\"name\":\"Ficha de medicamentos\"}]},{\"@type\":\"WebSite\",\"@id\":\"https:\/\/www.heartfailurematters.org\/es\/#website\",\"url\":\"https:\/\/www.heartfailurematters.org\/es\/\",\"name\":\"Heart Failure Matters\",\"description\":\"Practical information for patients, families and caregivers.\",\"publisher\":{\"@id\":\"https:\/\/www.heartfailurematters.org\/es\/#organization\"},\"potentialAction\":[{\"@type\":\"SearchAction\",\"target\":{\"@type\":\"EntryPoint\",\"urlTemplate\":\"https:\/\/www.heartfailurematters.org\/es\/?s={search_term_string}\"},\"query-input\":{\"@type\":\"PropertyValueSpecification\",\"valueRequired\":true,\"valueName\":\"search_term_string\"}}],\"inLanguage\":\"es\"},{\"@type\":\"Organization\",\"@id\":\"https:\/\/www.heartfailurematters.org\/es\/#organization\",\"name\":\"Heart Failure Matters\",\"url\":\"https:\/\/www.heartfailurematters.org\/es\/\",\"logo\":{\"@type\":\"ImageObject\",\"inLanguage\":\"es\",\"@id\":\"https:\/\/www.heartfailurematters.org\/es\/#\/schema\/logo\/image\/\",\"url\":\"https:\/\/cdn-endpoint-hfm.azureedge.net\/heartfailurematters\/2024\/07\/hfm-logo1.jpg\",\"contentUrl\":\"https:\/\/cdn-endpoint-hfm.azureedge.net\/heartfailurematters\/2024\/07\/hfm-logo1.jpg\",\"width\":1280,\"height\":720,\"caption\":\"Heart Failure Matters\"},\"image\":{\"@id\":\"https:\/\/www.heartfailurematters.org\/es\/#\/schema\/logo\/image\/\"},\"sameAs\":[\"https:\/\/www.facebook.com\/heartfailurematters\"]}]}<\/script>\n<!-- \/ Yoast SEO plugin. -->","yoast_head_json":{"title":"Ficha de medicamentos - Heart Failure Matters","description":"Puede que est\u00e9 tomando varios medicamentos diferentes para la insuficiencia card\u00edaca. Utilice esta tabla para llevar un control de estos.","robots":{"index":"index","follow":"follow","max-snippet":"max-snippet:-1","max-image-preview":"max-image-preview:large","max-video-preview":"max-video-preview:-1"},"canonical":"https:\/\/www.heartfailurematters.org\/es\/lo-que-puede-hacer-usted\/ficha-de-medicamentos\/","og_locale":"es_ES","og_type":"article","og_title":"Ficha de medicamentos - Heart Failure Matters","og_description":"Puede que est\u00e9 tomando varios medicamentos diferentes para la insuficiencia card\u00edaca. Utilice esta tabla para llevar un control de estos.","og_url":"https:\/\/www.heartfailurematters.org\/es\/lo-que-puede-hacer-usted\/ficha-de-medicamentos\/","og_site_name":"Heart Failure Matters","article_publisher":"https:\/\/www.facebook.com\/heartfailurematters","article_modified_time":"2021-07-29T14:49:00+00:00","twitter_card":"summary_large_image","twitter_misc":{"Tiempo de lectura":"1 minuto"},"schema":{"@context":"https:\/\/schema.org","@graph":[{"@type":"WebPage","@id":"https:\/\/www.heartfailurematters.org\/es\/lo-que-puede-hacer-usted\/ficha-de-medicamentos\/","url":"https:\/\/www.heartfailurematters.org\/es\/lo-que-puede-hacer-usted\/ficha-de-medicamentos\/","name":"Ficha de medicamentos - Heart Failure Matters","isPartOf":{"@id":"https:\/\/www.heartfailurematters.org\/es\/#website"},"datePublished":"2021-01-27T22:09:49+00:00","dateModified":"2021-07-29T14:49:00+00:00","description":"Puede que est\u00e9 tomando varios medicamentos diferentes para la insuficiencia card\u00edaca. Utilice esta tabla para llevar un control de estos.","breadcrumb":{"@id":"https:\/\/www.heartfailurematters.org\/es\/lo-que-puede-hacer-usted\/ficha-de-medicamentos\/#breadcrumb"},"inLanguage":"es","potentialAction":[{"@type":"ReadAction","target":["https:\/\/www.heartfailurematters.org\/es\/lo-que-puede-hacer-usted\/ficha-de-medicamentos\/"]}]},{"@type":"BreadcrumbList","@id":"https:\/\/www.heartfailurematters.org\/es\/lo-que-puede-hacer-usted\/ficha-de-medicamentos\/#breadcrumb","itemListElement":[{"@type":"ListItem","position":1,"name":"Inicio","item":"https:\/\/www.heartfailurematters.org\/es\/"},{"@type":"ListItem","position":2,"name":"\u00bfQu\u00e9 puede hacer usted?","item":"https:\/\/www.heartfailurematters.org\/es\/lo-que-puede-hacer-usted\/"},{"@type":"ListItem","position":3,"name":"Ficha de medicamentos"}]},{"@type":"WebSite","@id":"https:\/\/www.heartfailurematters.org\/es\/#website","url":"https:\/\/www.heartfailurematters.org\/es\/","name":"Heart Failure Matters","description":"Practical information for patients, families and caregivers.","publisher":{"@id":"https:\/\/www.heartfailurematters.org\/es\/#organization"},"potentialAction":[{"@type":"SearchAction","target":{"@type":"EntryPoint","urlTemplate":"https:\/\/www.heartfailurematters.org\/es\/?s={search_term_string}"},"query-input":{"@type":"PropertyValueSpecification","valueRequired":true,"valueName":"search_term_string"}}],"inLanguage":"es"},{"@type":"Organization","@id":"https:\/\/www.heartfailurematters.org\/es\/#organization","name":"Heart Failure Matters","url":"https:\/\/www.heartfailurematters.org\/es\/","logo":{"@type":"ImageObject","inLanguage":"es","@id":"https:\/\/www.heartfailurematters.org\/es\/#\/schema\/logo\/image\/","url":"https:\/\/cdn-endpoint-hfm.azureedge.net\/heartfailurematters\/2024\/07\/hfm-logo1.jpg","contentUrl":"https:\/\/cdn-endpoint-hfm.azureedge.net\/heartfailurematters\/2024\/07\/hfm-logo1.jpg","width":1280,"height":720,"caption":"Heart Failure Matters"},"image":{"@id":"https:\/\/www.heartfailurematters.org\/es\/#\/schema\/logo\/image\/"},"sameAs":["https:\/\/www.facebook.com\/heartfailurematters"]}]}},"_links":{"self":[{"href":"https:\/\/www.heartfailurematters.org\/es\/wp-json\/wp\/v2\/pages\/2372","targetHints":{"allow":["GET"]}}],"collection":[{"href":"https:\/\/www.heartfailurematters.org\/es\/wp-json\/wp\/v2\/pages"}],"about":[{"href":"https:\/\/www.heartfailurematters.org\/es\/wp-json\/wp\/v2\/types\/page"}],"author":[{"embeddable":true,"href":"https:\/\/www.heartfailurematters.org\/es\/wp-json\/wp\/v2\/users\/1"}],"replies":[{"embeddable":true,"href":"https:\/\/www.heartfailurematters.org\/es\/wp-json\/wp\/v2\/comments?post=2372"}],"version-history":[{"count":1,"href":"https:\/\/www.heartfailurematters.org\/es\/wp-json\/wp\/v2\/pages\/2372\/revisions"}],"predecessor-version":[{"id":9650,"href":"https:\/\/www.heartfailurematters.org\/es\/wp-json\/wp\/v2\/pages\/2372\/revisions\/9650"}],"up":[{"embeddable":true,"href":"https:\/\/www.heartfailurematters.org\/es\/wp-json\/wp\/v2\/pages\/2720"}],"wp:attachment":[{"href":"https:\/\/www.heartfailurematters.org\/es\/wp-json\/wp\/v2\/media?parent=2372"}],"wp:term":[{"taxonomy":"category","embeddable":true,"href":"https:\/\/www.heartfailurematters.org\/es\/wp-json\/wp\/v2\/categories?post=2372"},{"taxonomy":"post_tag","embeddable":true,"href":"https:\/\/www.heartfailurematters.org\/es\/wp-json\/wp\/v2\/tags?post=2372"}],"curies":[{"name":"wp","href":"https:\/\/api.w.org\/{rel}","templated":true}]}}