{"id":2369,"date":"2021-01-27T22:09:49","date_gmt":"2021-01-27T22:09:49","guid":{"rendered":"http:\/\/heartfailurematters.local:8888\/desfibrilador-automatico-implantable-dai\/"},"modified":"2022-01-26T09:47:07","modified_gmt":"2022-01-26T09:47:07","slug":"desfibrilador-automatico-implantable-dai","status":"publish","type":"page","link":"https:\/\/www.heartfailurematters.org\/es\/lo-que-pueden-hacer-su-medico-o-enfermero\/desfibrilador-automatico-implantable-dai\/","title":{"rendered":"Desfibrilador Autom\u00e1tico Implantable (DAI)"},"content":{"rendered":"<h2>\u00bfQu\u00e9 hace?<\/h2>\n<p>Un <a class=\"addtooltip\" title=\"&lt;div id='ToolTipTextWrap'&gt;Desfibrilador Autom\u00e1tico Implantable (DAI)&lt;\/div&gt;&lt;p&gt; Peque\u00f1o dispositivo que se coloca debajo la clav\u00edcula para vigilar el latido card\u00edaco y tratar los ritmos card\u00edacos anormales con impulsos el\u00e9ctricos.&lt;\/p&gt;\"><strong>Desfibrilador Autom\u00e1tico Implantable (DAI)<\/strong><\/a> es un dispositivo parecido a un marcapasos que controla continuamente el ritmo card\u00edaco. Si detecta un problema del ritmo que no es demasiado grave, puede liberar una serie de impulsos el\u00e9ctricos indoloros para corregir el ritmo card\u00edaco. Si esto no da resultado, o se detecta un problema m\u00e1s grave del ritmo card\u00edaco, el DAI libera una peque\u00f1a descarga el\u00e9ctrica, conocida como <a class=\"addtooltip\" title=\"&lt;div id='ToolTipTextWrap'&gt;cardioversi\u00f3n&lt;\/div&gt;&lt;p&gt; Procedimiento por el que se aplica una descarga el\u00e9ctrica en el coraz\u00f3n para normalizar un latido anormal.&lt;\/p&gt;\"><strong>cardioversi\u00f3n<\/strong><\/a>. Si esto no funciona, o se detecta un problema muy grave, el dispositivo libera una descarga m\u00e1s potente en el coraz\u00f3n, conocida como desfibrilaci\u00f3n.<\/p>\n<p>Los DAI se suelen utilizar en personas con alto riesgo de arritmias ventriculares, la que constituyen la principal causa de la muerte s\u00fabita card\u00edaca. En algunos grupos de pacientes con insuficiencia card\u00edaca se ha demostrado que estos dispositivos prolongan la supervivencia. Es frecuente\u00a0combinar un DAI con un TRC en un mismo dispositivo. En este caso, el dispositivo se denomina TRC-D (dispositivo de resincronizaci\u00f3n asociado a un desfibrilador).<\/p>\n<h2>\u00bfD\u00f3nde se pone y c\u00f3mo se coloca?<\/h2>\n<p>El implante de DAI se realiza generalmente con<span style=\"text-decoration: line-through;\">\u00a0 suele implantar con<\/span> anestesia local, justo debajo de la clav\u00edcula,\u00a0en un procedimiento que suele durar 1-2 horas.<\/p>\n<p>Los electrodos se insertan <span style=\"text-decoration: line-through;\">en<\/span> a trav\u00e9s de una vena del hombro o de la base del cuello. El operador dirige el cable hasta la cavidad correcta del coraz\u00f3n, comprueba su posici\u00f3n en una pantalla de rayos X y lo sujeta con una sutura en el hombro. A continuaci\u00f3n se conecta el cable al marcapasos y se encaja el mismo\u00a0en un peque\u00f1o \u00abbolsillo\u00bb, o espacio, entre la piel y la musculatura del t\u00f3rax. Por \u00faltimo se comprueba el funcionamiento normal del dispositivo antes de cerrar la herida.<\/p>\n<h2>Despu\u00e9s del procedimiento<\/h2>\n<p>Despu\u00e9s del implante de un DAI, es posible que note algo de dolor o molestias y que se formen moratones en la zona, pero estos problemas suelen desaparecer en unos d\u00edas. La mayor\u00eda de las personas ya se levantan al final del mismo d\u00eda y reanudan las actividades normales en un plazo de 2-4 semanas.<\/p>\n<p>Hay que comprobar con regularidad el funcionamiento y la duraci\u00f3n de la bater\u00eda del DAI en una consulta de <a class=\"addtooltip\" title=\"&lt;div id='ToolTipTextWrap'&gt;marcapasos&lt;\/div&gt;&lt;p&gt;Peque\u00f1o dispositivo implantado debajo de la clav\u00edcula que vigila la frecuencia card\u00edaca y, cuando es necesario, estimula la contracci\u00f3n del m\u00fasculo card\u00edaco mediante impulsos el\u00e9ctricos.&lt;\/p&gt;\"><strong>marcapasos<\/strong><\/a>. Dependiendo del dispositivo implantado, es posible que su m\u00e9dico le proponga un seguimiento mediante telemonitorizaci\u00f3n para supervisar su dispositivo, lo que permite identificar r\u00e1pidamente cualquier alteraci\u00f3n en la frecuencia card\u00edaca o disfunci\u00f3n t\u00e9cnica y puede mejorar su atenci\u00f3n y reducir las visitas cl\u00ednicas relacionadas con su dispositivo.<\/p>\n<p>Si hay que sustituir la bater\u00eda, solo se debe reemplazar el dispositivo (no los cables). La bater\u00eda suele durar entre 5 y 7 a\u00f1os. Es importante que informe a cualquier m\u00e9dico o dentista de que lleva un DAI antes de realizar cualquier procedimiento. Aunque es improbable que la mayor\u00eda de los procedimientos m\u00e9dicos y dentales interfieran en el funcionamiento de su dispositivo, algunos requieren medidas de precauci\u00f3n que reduzcan al m\u00ednimo las posibles interferencias. A veces, las m\u00e1quinas de seguridad de los aeropuertos detectan los DAI , pero rara vez afectan al funcionamiento del dispositivo; por tanto, si lleva un DAI, informe siempre al personal de seguridad.<\/p>\n<p>&nbsp;<\/p>\n<p>Se emplean dos tipos de DAI:<\/p>\n<ul>\n<li>DAI monocameral<\/li>\n<li>DAI bicameral<\/li>\n<\/ul>\n<p><a href=\"https:\/\/www.heartfailurematters.org\/es\/lo-que-pueden-hacer-su-medico-o-enfermero\/dispositivos-implantables\/\">Volver a Dispositivos<\/a><\/p>\n","protected":false},"excerpt":{"rendered":"<p>\u00bfQu\u00e9 hace? Un Desfibrilador Autom\u00e1tico Implantable (DAI) es un dispositivo parecido a un marcapasos que controla continuamente el ritmo card\u00edaco. Si detecta un problema del ritmo que no es demasiado grave, puede liberar una serie de impulsos el\u00e9ctricos indoloros para corregir el ritmo card\u00edaco. Si esto no da resultado, o se detecta un problema m\u00e1s [&hellip;]<\/p>\n","protected":false},"author":1,"featured_media":10927,"parent":2684,"menu_order":0,"comment_status":"open","ping_status":"open","template":"","meta":{"_acf_changed":false,"footnotes":""},"categories":[],"tags":[],"class_list":["post-2369","page","type-page","status-publish","has-post-thumbnail","hentry"],"acf":[],"yoast_head":"<!-- This site is optimized with the Yoast SEO plugin v24.8.1 - https:\/\/yoast.com\/wordpress\/plugins\/seo\/ -->\n<title>Desfibrilador Autom\u00e1tico Implantable (DAI) - Heart Failure Matters<\/title>\n<meta name=\"description\" content=\"El desfibrilador cardioversor implantable (DCI) es un dispositivo que controla el ritmo card\u00edaco continuamente. A continuaci\u00f3n le mostramos c\u00f3mo funciona.\" \/>\n<meta name=\"robots\" content=\"index, follow, max-snippet:-1, max-image-preview:large, max-video-preview:-1\" \/>\n<link rel=\"canonical\" href=\"https:\/\/www.heartfailurematters.org\/es\/lo-que-pueden-hacer-su-medico-o-enfermero\/desfibrilador-automatico-implantable-dai\/\" \/>\n<meta property=\"og:locale\" content=\"es_ES\" \/>\n<meta property=\"og:type\" content=\"article\" \/>\n<meta property=\"og:title\" content=\"Desfibrilador Autom\u00e1tico Implantable (DAI) - Heart Failure Matters\" \/>\n<meta property=\"og:description\" content=\"El desfibrilador cardioversor implantable (DCI) es un dispositivo que controla el ritmo card\u00edaco continuamente. A continuaci\u00f3n le mostramos c\u00f3mo funciona.\" \/>\n<meta property=\"og:url\" content=\"https:\/\/www.heartfailurematters.org\/es\/lo-que-pueden-hacer-su-medico-o-enfermero\/desfibrilador-automatico-implantable-dai\/\" \/>\n<meta property=\"og:site_name\" content=\"Heart Failure Matters\" \/>\n<meta property=\"article:publisher\" content=\"https:\/\/www.facebook.com\/heartfailurematters\" \/>\n<meta property=\"article:modified_time\" content=\"2022-01-26T09:47:07+00:00\" \/>\n<meta property=\"og:image\" content=\"https:\/\/www.heartfailurematters.org\/wp-content\/uploads\/2022\/03\/ICD-min.jpg\" \/>\n\t<meta property=\"og:image:width\" content=\"900\" \/>\n\t<meta property=\"og:image:height\" content=\"590\" \/>\n\t<meta property=\"og:image:type\" content=\"image\/jpeg\" \/>\n<meta name=\"twitter:card\" content=\"summary_large_image\" \/>\n<meta name=\"twitter:label1\" content=\"Tiempo de lectura\" \/>\n\t<meta name=\"twitter:data1\" content=\"3 minutos\" \/>\n<script type=\"application\/ld+json\" class=\"yoast-schema-graph\">{\"@context\":\"https:\/\/schema.org\",\"@graph\":[{\"@type\":\"WebPage\",\"@id\":\"https:\/\/www.heartfailurematters.org\/es\/lo-que-pueden-hacer-su-medico-o-enfermero\/desfibrilador-automatico-implantable-dai\/\",\"url\":\"https:\/\/www.heartfailurematters.org\/es\/lo-que-pueden-hacer-su-medico-o-enfermero\/desfibrilador-automatico-implantable-dai\/\",\"name\":\"Desfibrilador Autom\u00e1tico Implantable (DAI) - Heart Failure Matters\",\"isPartOf\":{\"@id\":\"https:\/\/www.heartfailurematters.org\/es\/#website\"},\"primaryImageOfPage\":{\"@id\":\"https:\/\/www.heartfailurematters.org\/es\/lo-que-pueden-hacer-su-medico-o-enfermero\/desfibrilador-automatico-implantable-dai\/#primaryimage\"},\"image\":{\"@id\":\"https:\/\/www.heartfailurematters.org\/es\/lo-que-pueden-hacer-su-medico-o-enfermero\/desfibrilador-automatico-implantable-dai\/#primaryimage\"},\"thumbnailUrl\":\"https:\/\/www.heartfailurematters.org\/wp-content\/uploads\/2022\/03\/ICD-min.jpg\",\"datePublished\":\"2021-01-27T22:09:49+00:00\",\"dateModified\":\"2022-01-26T09:47:07+00:00\",\"description\":\"El desfibrilador cardioversor implantable (DCI) es un dispositivo que controla el ritmo card\u00edaco continuamente. A continuaci\u00f3n le mostramos c\u00f3mo funciona.\",\"breadcrumb\":{\"@id\":\"https:\/\/www.heartfailurematters.org\/es\/lo-que-pueden-hacer-su-medico-o-enfermero\/desfibrilador-automatico-implantable-dai\/#breadcrumb\"},\"inLanguage\":\"es\",\"potentialAction\":[{\"@type\":\"ReadAction\",\"target\":[\"https:\/\/www.heartfailurematters.org\/es\/lo-que-pueden-hacer-su-medico-o-enfermero\/desfibrilador-automatico-implantable-dai\/\"]}]},{\"@type\":\"ImageObject\",\"inLanguage\":\"es\",\"@id\":\"https:\/\/www.heartfailurematters.org\/es\/lo-que-pueden-hacer-su-medico-o-enfermero\/desfibrilador-automatico-implantable-dai\/#primaryimage\",\"url\":\"https:\/\/www.heartfailurematters.org\/wp-content\/uploads\/2022\/03\/ICD-min.jpg\",\"contentUrl\":\"https:\/\/www.heartfailurematters.org\/wp-content\/uploads\/2022\/03\/ICD-min.jpg\",\"width\":900,\"height\":590},{\"@type\":\"BreadcrumbList\",\"@id\":\"https:\/\/www.heartfailurematters.org\/es\/lo-que-pueden-hacer-su-medico-o-enfermero\/desfibrilador-automatico-implantable-dai\/#breadcrumb\",\"itemListElement\":[{\"@type\":\"ListItem\",\"position\":1,\"name\":\"Inicio\",\"item\":\"https:\/\/www.heartfailurematters.org\/es\/\"},{\"@type\":\"ListItem\",\"position\":2,\"name\":\"\u00bfQu\u00e9 puede hacer su m\u00e9dico?\",\"item\":\"https:\/\/www.heartfailurematters.org\/es\/lo-que-pueden-hacer-su-medico-o-enfermero\/\"},{\"@type\":\"ListItem\",\"position\":3,\"name\":\"Desfibrilador Autom\u00e1tico Implantable (DAI)\"}]},{\"@type\":\"WebSite\",\"@id\":\"https:\/\/www.heartfailurematters.org\/es\/#website\",\"url\":\"https:\/\/www.heartfailurematters.org\/es\/\",\"name\":\"Heart Failure Matters\",\"description\":\"Practical information for patients, families and caregivers.\",\"publisher\":{\"@id\":\"https:\/\/www.heartfailurematters.org\/es\/#organization\"},\"potentialAction\":[{\"@type\":\"SearchAction\",\"target\":{\"@type\":\"EntryPoint\",\"urlTemplate\":\"https:\/\/www.heartfailurematters.org\/es\/?s={search_term_string}\"},\"query-input\":{\"@type\":\"PropertyValueSpecification\",\"valueRequired\":true,\"valueName\":\"search_term_string\"}}],\"inLanguage\":\"es\"},{\"@type\":\"Organization\",\"@id\":\"https:\/\/www.heartfailurematters.org\/es\/#organization\",\"name\":\"Heart Failure Matters\",\"url\":\"https:\/\/www.heartfailurematters.org\/es\/\",\"logo\":{\"@type\":\"ImageObject\",\"inLanguage\":\"es\",\"@id\":\"https:\/\/www.heartfailurematters.org\/es\/#\/schema\/logo\/image\/\",\"url\":\"https:\/\/cdn-endpoint-hfm.azureedge.net\/heartfailurematters\/2024\/07\/hfm-logo1.jpg\",\"contentUrl\":\"https:\/\/cdn-endpoint-hfm.azureedge.net\/heartfailurematters\/2024\/07\/hfm-logo1.jpg\",\"width\":1280,\"height\":720,\"caption\":\"Heart Failure Matters\"},\"image\":{\"@id\":\"https:\/\/www.heartfailurematters.org\/es\/#\/schema\/logo\/image\/\"},\"sameAs\":[\"https:\/\/www.facebook.com\/heartfailurematters\"]}]}<\/script>\n<!-- \/ Yoast SEO plugin. -->","yoast_head_json":{"title":"Desfibrilador Autom\u00e1tico Implantable (DAI) - Heart Failure Matters","description":"El desfibrilador cardioversor implantable (DCI) es un dispositivo que controla el ritmo card\u00edaco continuamente. A continuaci\u00f3n le mostramos c\u00f3mo funciona.","robots":{"index":"index","follow":"follow","max-snippet":"max-snippet:-1","max-image-preview":"max-image-preview:large","max-video-preview":"max-video-preview:-1"},"canonical":"https:\/\/www.heartfailurematters.org\/es\/lo-que-pueden-hacer-su-medico-o-enfermero\/desfibrilador-automatico-implantable-dai\/","og_locale":"es_ES","og_type":"article","og_title":"Desfibrilador Autom\u00e1tico Implantable (DAI) - Heart Failure Matters","og_description":"El desfibrilador cardioversor implantable (DCI) es un dispositivo que controla el ritmo card\u00edaco continuamente. A continuaci\u00f3n le mostramos c\u00f3mo funciona.","og_url":"https:\/\/www.heartfailurematters.org\/es\/lo-que-pueden-hacer-su-medico-o-enfermero\/desfibrilador-automatico-implantable-dai\/","og_site_name":"Heart Failure Matters","article_publisher":"https:\/\/www.facebook.com\/heartfailurematters","article_modified_time":"2022-01-26T09:47:07+00:00","og_image":[{"width":900,"height":590,"url":"https:\/\/www.heartfailurematters.org\/wp-content\/uploads\/2022\/03\/ICD-min.jpg","type":"image\/jpeg"}],"twitter_card":"summary_large_image","twitter_misc":{"Tiempo de lectura":"3 minutos"},"schema":{"@context":"https:\/\/schema.org","@graph":[{"@type":"WebPage","@id":"https:\/\/www.heartfailurematters.org\/es\/lo-que-pueden-hacer-su-medico-o-enfermero\/desfibrilador-automatico-implantable-dai\/","url":"https:\/\/www.heartfailurematters.org\/es\/lo-que-pueden-hacer-su-medico-o-enfermero\/desfibrilador-automatico-implantable-dai\/","name":"Desfibrilador Autom\u00e1tico Implantable (DAI) - Heart Failure Matters","isPartOf":{"@id":"https:\/\/www.heartfailurematters.org\/es\/#website"},"primaryImageOfPage":{"@id":"https:\/\/www.heartfailurematters.org\/es\/lo-que-pueden-hacer-su-medico-o-enfermero\/desfibrilador-automatico-implantable-dai\/#primaryimage"},"image":{"@id":"https:\/\/www.heartfailurematters.org\/es\/lo-que-pueden-hacer-su-medico-o-enfermero\/desfibrilador-automatico-implantable-dai\/#primaryimage"},"thumbnailUrl":"https:\/\/www.heartfailurematters.org\/wp-content\/uploads\/2022\/03\/ICD-min.jpg","datePublished":"2021-01-27T22:09:49+00:00","dateModified":"2022-01-26T09:47:07+00:00","description":"El desfibrilador cardioversor implantable (DCI) es un dispositivo que controla el ritmo card\u00edaco continuamente. A continuaci\u00f3n le mostramos c\u00f3mo funciona.","breadcrumb":{"@id":"https:\/\/www.heartfailurematters.org\/es\/lo-que-pueden-hacer-su-medico-o-enfermero\/desfibrilador-automatico-implantable-dai\/#breadcrumb"},"inLanguage":"es","potentialAction":[{"@type":"ReadAction","target":["https:\/\/www.heartfailurematters.org\/es\/lo-que-pueden-hacer-su-medico-o-enfermero\/desfibrilador-automatico-implantable-dai\/"]}]},{"@type":"ImageObject","inLanguage":"es","@id":"https:\/\/www.heartfailurematters.org\/es\/lo-que-pueden-hacer-su-medico-o-enfermero\/desfibrilador-automatico-implantable-dai\/#primaryimage","url":"https:\/\/www.heartfailurematters.org\/wp-content\/uploads\/2022\/03\/ICD-min.jpg","contentUrl":"https:\/\/www.heartfailurematters.org\/wp-content\/uploads\/2022\/03\/ICD-min.jpg","width":900,"height":590},{"@type":"BreadcrumbList","@id":"https:\/\/www.heartfailurematters.org\/es\/lo-que-pueden-hacer-su-medico-o-enfermero\/desfibrilador-automatico-implantable-dai\/#breadcrumb","itemListElement":[{"@type":"ListItem","position":1,"name":"Inicio","item":"https:\/\/www.heartfailurematters.org\/es\/"},{"@type":"ListItem","position":2,"name":"\u00bfQu\u00e9 puede hacer su m\u00e9dico?","item":"https:\/\/www.heartfailurematters.org\/es\/lo-que-pueden-hacer-su-medico-o-enfermero\/"},{"@type":"ListItem","position":3,"name":"Desfibrilador Autom\u00e1tico Implantable (DAI)"}]},{"@type":"WebSite","@id":"https:\/\/www.heartfailurematters.org\/es\/#website","url":"https:\/\/www.heartfailurematters.org\/es\/","name":"Heart Failure Matters","description":"Practical information for patients, families and caregivers.","publisher":{"@id":"https:\/\/www.heartfailurematters.org\/es\/#organization"},"potentialAction":[{"@type":"SearchAction","target":{"@type":"EntryPoint","urlTemplate":"https:\/\/www.heartfailurematters.org\/es\/?s={search_term_string}"},"query-input":{"@type":"PropertyValueSpecification","valueRequired":true,"valueName":"search_term_string"}}],"inLanguage":"es"},{"@type":"Organization","@id":"https:\/\/www.heartfailurematters.org\/es\/#organization","name":"Heart Failure Matters","url":"https:\/\/www.heartfailurematters.org\/es\/","logo":{"@type":"ImageObject","inLanguage":"es","@id":"https:\/\/www.heartfailurematters.org\/es\/#\/schema\/logo\/image\/","url":"https:\/\/cdn-endpoint-hfm.azureedge.net\/heartfailurematters\/2024\/07\/hfm-logo1.jpg","contentUrl":"https:\/\/cdn-endpoint-hfm.azureedge.net\/heartfailurematters\/2024\/07\/hfm-logo1.jpg","width":1280,"height":720,"caption":"Heart Failure Matters"},"image":{"@id":"https:\/\/www.heartfailurematters.org\/es\/#\/schema\/logo\/image\/"},"sameAs":["https:\/\/www.facebook.com\/heartfailurematters"]}]}},"_links":{"self":[{"href":"https:\/\/www.heartfailurematters.org\/es\/wp-json\/wp\/v2\/pages\/2369","targetHints":{"allow":["GET"]}}],"collection":[{"href":"https:\/\/www.heartfailurematters.org\/es\/wp-json\/wp\/v2\/pages"}],"about":[{"href":"https:\/\/www.heartfailurematters.org\/es\/wp-json\/wp\/v2\/types\/page"}],"author":[{"embeddable":true,"href":"https:\/\/www.heartfailurematters.org\/es\/wp-json\/wp\/v2\/users\/1"}],"replies":[{"embeddable":true,"href":"https:\/\/www.heartfailurematters.org\/es\/wp-json\/wp\/v2\/comments?post=2369"}],"version-history":[{"count":2,"href":"https:\/\/www.heartfailurematters.org\/es\/wp-json\/wp\/v2\/pages\/2369\/revisions"}],"predecessor-version":[{"id":10479,"href":"https:\/\/www.heartfailurematters.org\/es\/wp-json\/wp\/v2\/pages\/2369\/revisions\/10479"}],"up":[{"embeddable":true,"href":"https:\/\/www.heartfailurematters.org\/es\/wp-json\/wp\/v2\/pages\/2684"}],"wp:featuredmedia":[{"embeddable":true,"href":"https:\/\/www.heartfailurematters.org\/es\/wp-json\/wp\/v2\/media\/10927"}],"wp:attachment":[{"href":"https:\/\/www.heartfailurematters.org\/es\/wp-json\/wp\/v2\/media?parent=2369"}],"wp:term":[{"taxonomy":"category","embeddable":true,"href":"https:\/\/www.heartfailurematters.org\/es\/wp-json\/wp\/v2\/categories?post=2369"},{"taxonomy":"post_tag","embeddable":true,"href":"https:\/\/www.heartfailurematters.org\/es\/wp-json\/wp\/v2\/tags?post=2369"}],"curies":[{"name":"wp","href":"https:\/\/api.w.org\/{rel}","templated":true}]}}