{"id":2358,"date":"2021-01-27T22:09:41","date_gmt":"2021-01-27T22:09:41","guid":{"rendered":"http:\/\/heartfailurematters.local:8888\/adaptar-sus-habitos-de-vida\/"},"modified":"2022-01-25T16:11:14","modified_gmt":"2022-01-25T16:11:14","slug":"adaptar-sus-habitos-de-vida","status":"publish","type":"page","link":"https:\/\/www.heartfailurematters.org\/es\/lo-que-puede-hacer-usted\/adaptar-sus-habitos-de-vida\/","title":{"rendered":"Adaptar sus h\u00e1bitos de vida"},"content":{"rendered":"<p>La insuficiencia card\u00edaca es una enfermedad cr\u00f3nica, lo que significa que precisa tratamiento a largo plazo. Debe estar preparado para modificar sus h\u00e1bitos de vida con el fin de contribuir a controlar la insuficiencia card\u00edaca y otras afecciones que pueda padecer.<\/p>\n<p>Aparte del tratamiento de la insuficiencia card\u00edaca recomendado por su m\u00e9dico, es posible que tenga que adaptar otros aspectos de su modo de vida, como la dieta, el ejercicio, el tabaquismo y el consumo de alcohol. Una correcta adaptaci\u00f3n de sus h\u00e1bitos de vida es tan importante como el tratamiento m\u00e9dico para tratar la insuficiencia card\u00edaca. En pocas palabras, los pacientes que consiguen cambiar sus h\u00e1bitos de vida de acuerdo con las indicaciones tienen muchas m\u00e1s probabilidades de vivir mejor y durante m\u00e1s tiempo que los que no lo hacen.<\/p>\n<p>Esta secci\u00f3n le proporciona m\u00e1s informaci\u00f3n acerca de la influencia de cada uno de estos factores del modo de vida en la insuficiencia card\u00edaca y de lo que puede hacer para reducir su repercusi\u00f3n en su enfermedad.<\/p>\n<p>Para saber m\u00e1s haga clic en cualquiera de los enlaces siguientes.<\/p>\n<ul>\n<li><a href=\"https:\/\/www.heartfailurematters.org\/what-you-can-do\/adjusting-your-diet\/\">Autogesti\u00f3n<\/a><\/li>\n<li><a title=\"\" href=\"https:\/\/www.heartfailurematters.org\/es\/lo-que-puede-hacer-usted\/adaptacion-de-la-dieta\/\">Adaptar la dieta<\/a><\/li>\n<li><a title=\"\" href=\"https:\/\/www.heartfailurematters.org\/es\/lo-que-puede-hacer-usted\/actividad-y-ejercicio\/\">Actividad y ejercicio<\/a><\/li>\n<li><a title=\"\" href=\"https:\/\/www.heartfailurematters.org\/es\/lo-que-puede-hacer-usted\/consumo-de-tabaco-cigarrillos-electronicos\/\">Consumo de tabaco\/cigarrillos electr\u00f3nicos<\/a><\/li>\n<\/ul>\n","protected":false},"excerpt":{"rendered":"<p>La insuficiencia card\u00edaca es una enfermedad cr\u00f3nica, lo que significa que precisa tratamiento a largo plazo. Debe estar preparado para modificar sus h\u00e1bitos de vida con el fin de contribuir a controlar la insuficiencia card\u00edaca y otras afecciones que pueda padecer. Aparte del tratamiento de la insuficiencia card\u00edaca recomendado por su m\u00e9dico, es posible que [&hellip;]<\/p>\n","protected":false},"author":1,"featured_media":10989,"parent":2720,"menu_order":3,"comment_status":"open","ping_status":"closed","template":"","meta":{"_acf_changed":false,"footnotes":""},"categories":[140],"tags":[],"class_list":["post-2358","page","type-page","status-publish","has-post-thumbnail","hentry","category-what-can-you-do-es"],"acf":[],"yoast_head":"<!-- This site is optimized with the Yoast SEO plugin v24.8.1 - https:\/\/yoast.com\/wordpress\/plugins\/seo\/ -->\n<title>Adaptar sus h\u00e1bitos de vida - Heart Failure Matters<\/title>\n<meta name=\"description\" content=\"La insuficiencia card\u00edaca es una enfermedad cr\u00f3nica que requiere tratamiento a largo plazo. Sin embargo, los cambios en el estilo de vida ayudan a controlarla.\" \/>\n<meta name=\"robots\" content=\"index, follow, max-snippet:-1, max-image-preview:large, max-video-preview:-1\" \/>\n<link rel=\"canonical\" href=\"https:\/\/www.heartfailurematters.org\/es\/lo-que-puede-hacer-usted\/adaptar-sus-habitos-de-vida\/\" \/>\n<meta property=\"og:locale\" content=\"es_ES\" \/>\n<meta property=\"og:type\" content=\"article\" \/>\n<meta property=\"og:title\" content=\"Adaptar sus h\u00e1bitos de vida - Heart Failure Matters\" \/>\n<meta property=\"og:description\" content=\"La insuficiencia card\u00edaca es una enfermedad cr\u00f3nica que requiere tratamiento a largo plazo. Sin embargo, los cambios en el estilo de vida ayudan a controlarla.\" \/>\n<meta property=\"og:url\" content=\"https:\/\/www.heartfailurematters.org\/es\/lo-que-puede-hacer-usted\/adaptar-sus-habitos-de-vida\/\" \/>\n<meta property=\"og:site_name\" content=\"Heart Failure Matters\" \/>\n<meta property=\"article:publisher\" content=\"https:\/\/www.facebook.com\/heartfailurematters\" \/>\n<meta property=\"article:modified_time\" content=\"2022-01-25T16:11:14+00:00\" \/>\n<meta property=\"og:image\" content=\"https:\/\/www.heartfailurematters.org\/wp-content\/uploads\/2022\/03\/shutterstock_1215825016-1-min.jpg?_t=1773223448\" \/>\n\t<meta property=\"og:image:width\" content=\"900\" \/>\n\t<meta property=\"og:image:height\" content=\"601\" \/>\n\t<meta property=\"og:image:type\" content=\"image\/jpeg\" \/>\n<meta name=\"twitter:card\" content=\"summary_large_image\" \/>\n<meta name=\"twitter:label1\" content=\"Tiempo de lectura\" \/>\n\t<meta name=\"twitter:data1\" content=\"1 minuto\" \/>\n<script type=\"application\/ld+json\" class=\"yoast-schema-graph\">{\"@context\":\"https:\/\/schema.org\",\"@graph\":[{\"@type\":\"WebPage\",\"@id\":\"https:\/\/www.heartfailurematters.org\/es\/lo-que-puede-hacer-usted\/adaptar-sus-habitos-de-vida\/\",\"url\":\"https:\/\/www.heartfailurematters.org\/es\/lo-que-puede-hacer-usted\/adaptar-sus-habitos-de-vida\/\",\"name\":\"Adaptar sus h\u00e1bitos de vida - Heart Failure Matters\",\"isPartOf\":{\"@id\":\"https:\/\/www.heartfailurematters.org\/es\/#website\"},\"primaryImageOfPage\":{\"@id\":\"https:\/\/www.heartfailurematters.org\/es\/lo-que-puede-hacer-usted\/adaptar-sus-habitos-de-vida\/#primaryimage\"},\"image\":{\"@id\":\"https:\/\/www.heartfailurematters.org\/es\/lo-que-puede-hacer-usted\/adaptar-sus-habitos-de-vida\/#primaryimage\"},\"thumbnailUrl\":\"https:\/\/www.heartfailurematters.org\/wp-content\/uploads\/2022\/03\/shutterstock_1215825016-1-min.jpg\",\"datePublished\":\"2021-01-27T22:09:41+00:00\",\"dateModified\":\"2022-01-25T16:11:14+00:00\",\"description\":\"La insuficiencia card\u00edaca es una enfermedad cr\u00f3nica que requiere tratamiento a largo plazo. Sin embargo, los cambios en el estilo de vida ayudan a controlarla.\",\"breadcrumb\":{\"@id\":\"https:\/\/www.heartfailurematters.org\/es\/lo-que-puede-hacer-usted\/adaptar-sus-habitos-de-vida\/#breadcrumb\"},\"inLanguage\":\"es\",\"potentialAction\":[{\"@type\":\"ReadAction\",\"target\":[\"https:\/\/www.heartfailurematters.org\/es\/lo-que-puede-hacer-usted\/adaptar-sus-habitos-de-vida\/\"]}]},{\"@type\":\"ImageObject\",\"inLanguage\":\"es\",\"@id\":\"https:\/\/www.heartfailurematters.org\/es\/lo-que-puede-hacer-usted\/adaptar-sus-habitos-de-vida\/#primaryimage\",\"url\":\"https:\/\/www.heartfailurematters.org\/wp-content\/uploads\/2022\/03\/shutterstock_1215825016-1-min.jpg\",\"contentUrl\":\"https:\/\/www.heartfailurematters.org\/wp-content\/uploads\/2022\/03\/shutterstock_1215825016-1-min.jpg\",\"width\":900,\"height\":601},{\"@type\":\"BreadcrumbList\",\"@id\":\"https:\/\/www.heartfailurematters.org\/es\/lo-que-puede-hacer-usted\/adaptar-sus-habitos-de-vida\/#breadcrumb\",\"itemListElement\":[{\"@type\":\"ListItem\",\"position\":1,\"name\":\"Inicio\",\"item\":\"https:\/\/www.heartfailurematters.org\/es\/\"},{\"@type\":\"ListItem\",\"position\":2,\"name\":\"\u00bfQu\u00e9 puede hacer usted?\",\"item\":\"https:\/\/www.heartfailurematters.org\/es\/lo-que-puede-hacer-usted\/\"},{\"@type\":\"ListItem\",\"position\":3,\"name\":\"Adaptar sus h\u00e1bitos de vida\"}]},{\"@type\":\"WebSite\",\"@id\":\"https:\/\/www.heartfailurematters.org\/es\/#website\",\"url\":\"https:\/\/www.heartfailurematters.org\/es\/\",\"name\":\"Heart Failure Matters\",\"description\":\"Practical information for patients, families and caregivers.\",\"publisher\":{\"@id\":\"https:\/\/www.heartfailurematters.org\/es\/#organization\"},\"potentialAction\":[{\"@type\":\"SearchAction\",\"target\":{\"@type\":\"EntryPoint\",\"urlTemplate\":\"https:\/\/www.heartfailurematters.org\/es\/?s={search_term_string}\"},\"query-input\":{\"@type\":\"PropertyValueSpecification\",\"valueRequired\":true,\"valueName\":\"search_term_string\"}}],\"inLanguage\":\"es\"},{\"@type\":\"Organization\",\"@id\":\"https:\/\/www.heartfailurematters.org\/es\/#organization\",\"name\":\"Heart Failure Matters\",\"url\":\"https:\/\/www.heartfailurematters.org\/es\/\",\"logo\":{\"@type\":\"ImageObject\",\"inLanguage\":\"es\",\"@id\":\"https:\/\/www.heartfailurematters.org\/es\/#\/schema\/logo\/image\/\",\"url\":\"https:\/\/cdn-endpoint-hfm.azureedge.net\/heartfailurematters\/2024\/07\/hfm-logo1.jpg\",\"contentUrl\":\"https:\/\/cdn-endpoint-hfm.azureedge.net\/heartfailurematters\/2024\/07\/hfm-logo1.jpg\",\"width\":1280,\"height\":720,\"caption\":\"Heart Failure Matters\"},\"image\":{\"@id\":\"https:\/\/www.heartfailurematters.org\/es\/#\/schema\/logo\/image\/\"},\"sameAs\":[\"https:\/\/www.facebook.com\/heartfailurematters\"]}]}<\/script>\n<!-- \/ Yoast SEO plugin. -->","yoast_head_json":{"title":"Adaptar sus h\u00e1bitos de vida - Heart Failure Matters","description":"La insuficiencia card\u00edaca es una enfermedad cr\u00f3nica que requiere tratamiento a largo plazo. Sin embargo, los cambios en el estilo de vida ayudan a controlarla.","robots":{"index":"index","follow":"follow","max-snippet":"max-snippet:-1","max-image-preview":"max-image-preview:large","max-video-preview":"max-video-preview:-1"},"canonical":"https:\/\/www.heartfailurematters.org\/es\/lo-que-puede-hacer-usted\/adaptar-sus-habitos-de-vida\/","og_locale":"es_ES","og_type":"article","og_title":"Adaptar sus h\u00e1bitos de vida - Heart Failure Matters","og_description":"La insuficiencia card\u00edaca es una enfermedad cr\u00f3nica que requiere tratamiento a largo plazo. Sin embargo, los cambios en el estilo de vida ayudan a controlarla.","og_url":"https:\/\/www.heartfailurematters.org\/es\/lo-que-puede-hacer-usted\/adaptar-sus-habitos-de-vida\/","og_site_name":"Heart Failure Matters","article_publisher":"https:\/\/www.facebook.com\/heartfailurematters","article_modified_time":"2022-01-25T16:11:14+00:00","og_image":[{"width":900,"height":601,"url":"https:\/\/www.heartfailurematters.org\/wp-content\/uploads\/2022\/03\/shutterstock_1215825016-1-min.jpg?_t=1773223448","type":"image\/jpeg"}],"twitter_card":"summary_large_image","twitter_misc":{"Tiempo de lectura":"1 minuto"},"schema":{"@context":"https:\/\/schema.org","@graph":[{"@type":"WebPage","@id":"https:\/\/www.heartfailurematters.org\/es\/lo-que-puede-hacer-usted\/adaptar-sus-habitos-de-vida\/","url":"https:\/\/www.heartfailurematters.org\/es\/lo-que-puede-hacer-usted\/adaptar-sus-habitos-de-vida\/","name":"Adaptar sus h\u00e1bitos de vida - Heart Failure Matters","isPartOf":{"@id":"https:\/\/www.heartfailurematters.org\/es\/#website"},"primaryImageOfPage":{"@id":"https:\/\/www.heartfailurematters.org\/es\/lo-que-puede-hacer-usted\/adaptar-sus-habitos-de-vida\/#primaryimage"},"image":{"@id":"https:\/\/www.heartfailurematters.org\/es\/lo-que-puede-hacer-usted\/adaptar-sus-habitos-de-vida\/#primaryimage"},"thumbnailUrl":"https:\/\/www.heartfailurematters.org\/wp-content\/uploads\/2022\/03\/shutterstock_1215825016-1-min.jpg","datePublished":"2021-01-27T22:09:41+00:00","dateModified":"2022-01-25T16:11:14+00:00","description":"La insuficiencia card\u00edaca es una enfermedad cr\u00f3nica que requiere tratamiento a largo plazo. Sin embargo, los cambios en el estilo de vida ayudan a controlarla.","breadcrumb":{"@id":"https:\/\/www.heartfailurematters.org\/es\/lo-que-puede-hacer-usted\/adaptar-sus-habitos-de-vida\/#breadcrumb"},"inLanguage":"es","potentialAction":[{"@type":"ReadAction","target":["https:\/\/www.heartfailurematters.org\/es\/lo-que-puede-hacer-usted\/adaptar-sus-habitos-de-vida\/"]}]},{"@type":"ImageObject","inLanguage":"es","@id":"https:\/\/www.heartfailurematters.org\/es\/lo-que-puede-hacer-usted\/adaptar-sus-habitos-de-vida\/#primaryimage","url":"https:\/\/www.heartfailurematters.org\/wp-content\/uploads\/2022\/03\/shutterstock_1215825016-1-min.jpg","contentUrl":"https:\/\/www.heartfailurematters.org\/wp-content\/uploads\/2022\/03\/shutterstock_1215825016-1-min.jpg","width":900,"height":601},{"@type":"BreadcrumbList","@id":"https:\/\/www.heartfailurematters.org\/es\/lo-que-puede-hacer-usted\/adaptar-sus-habitos-de-vida\/#breadcrumb","itemListElement":[{"@type":"ListItem","position":1,"name":"Inicio","item":"https:\/\/www.heartfailurematters.org\/es\/"},{"@type":"ListItem","position":2,"name":"\u00bfQu\u00e9 puede hacer usted?","item":"https:\/\/www.heartfailurematters.org\/es\/lo-que-puede-hacer-usted\/"},{"@type":"ListItem","position":3,"name":"Adaptar sus h\u00e1bitos de vida"}]},{"@type":"WebSite","@id":"https:\/\/www.heartfailurematters.org\/es\/#website","url":"https:\/\/www.heartfailurematters.org\/es\/","name":"Heart Failure Matters","description":"Practical information for patients, families and caregivers.","publisher":{"@id":"https:\/\/www.heartfailurematters.org\/es\/#organization"},"potentialAction":[{"@type":"SearchAction","target":{"@type":"EntryPoint","urlTemplate":"https:\/\/www.heartfailurematters.org\/es\/?s={search_term_string}"},"query-input":{"@type":"PropertyValueSpecification","valueRequired":true,"valueName":"search_term_string"}}],"inLanguage":"es"},{"@type":"Organization","@id":"https:\/\/www.heartfailurematters.org\/es\/#organization","name":"Heart Failure Matters","url":"https:\/\/www.heartfailurematters.org\/es\/","logo":{"@type":"ImageObject","inLanguage":"es","@id":"https:\/\/www.heartfailurematters.org\/es\/#\/schema\/logo\/image\/","url":"https:\/\/cdn-endpoint-hfm.azureedge.net\/heartfailurematters\/2024\/07\/hfm-logo1.jpg","contentUrl":"https:\/\/cdn-endpoint-hfm.azureedge.net\/heartfailurematters\/2024\/07\/hfm-logo1.jpg","width":1280,"height":720,"caption":"Heart Failure Matters"},"image":{"@id":"https:\/\/www.heartfailurematters.org\/es\/#\/schema\/logo\/image\/"},"sameAs":["https:\/\/www.facebook.com\/heartfailurematters"]}]}},"_links":{"self":[{"href":"https:\/\/www.heartfailurematters.org\/es\/wp-json\/wp\/v2\/pages\/2358","targetHints":{"allow":["GET"]}}],"collection":[{"href":"https:\/\/www.heartfailurematters.org\/es\/wp-json\/wp\/v2\/pages"}],"about":[{"href":"https:\/\/www.heartfailurematters.org\/es\/wp-json\/wp\/v2\/types\/page"}],"author":[{"embeddable":true,"href":"https:\/\/www.heartfailurematters.org\/es\/wp-json\/wp\/v2\/users\/1"}],"replies":[{"embeddable":true,"href":"https:\/\/www.heartfailurematters.org\/es\/wp-json\/wp\/v2\/comments?post=2358"}],"version-history":[{"count":2,"href":"https:\/\/www.heartfailurematters.org\/es\/wp-json\/wp\/v2\/pages\/2358\/revisions"}],"predecessor-version":[{"id":8763,"href":"https:\/\/www.heartfailurematters.org\/es\/wp-json\/wp\/v2\/pages\/2358\/revisions\/8763"}],"up":[{"embeddable":true,"href":"https:\/\/www.heartfailurematters.org\/es\/wp-json\/wp\/v2\/pages\/2720"}],"wp:featuredmedia":[{"embeddable":true,"href":"https:\/\/www.heartfailurematters.org\/es\/wp-json\/wp\/v2\/media\/10989"}],"wp:attachment":[{"href":"https:\/\/www.heartfailurematters.org\/es\/wp-json\/wp\/v2\/media?parent=2358"}],"wp:term":[{"taxonomy":"category","embeddable":true,"href":"https:\/\/www.heartfailurematters.org\/es\/wp-json\/wp\/v2\/categories?post=2358"},{"taxonomy":"post_tag","embeddable":true,"href":"https:\/\/www.heartfailurematters.org\/es\/wp-json\/wp\/v2\/tags?post=2358"}],"curies":[{"name":"wp","href":"https:\/\/api.w.org\/{rel}","templated":true}]}}