{"id":2356,"date":"2021-01-27T22:09:41","date_gmt":"2021-01-27T22:09:41","guid":{"rendered":"http:\/\/heartfailurematters.local:8888\/como-funciona-el-corazon-normal-parte-2\/"},"modified":"2022-01-25T15:26:28","modified_gmt":"2022-01-25T15:26:28","slug":"como-funciona-el-corazon-normal-parte","status":"publish","type":"page","link":"https:\/\/www.heartfailurematters.org\/es\/conocer-la-insuficiencia-cardiaca\/como-funciona-el-corazon-normal-parte\/","title":{"rendered":"\u00bfC\u00f3mo funciona el coraz\u00f3n normal? Parte 2"},"content":{"rendered":"<p>El coraz\u00f3n consta de cuatro cavidades, dos en el lado derecho y dos en el lado izquierdo. Las paredes de estas cavidades est\u00e1n hechas de un m\u00fasculo card\u00edaco especial. Las peque\u00f1as cavidades situadas en la parte superior del coraz\u00f3n se denominan <a class=\"addtooltip\" title=\"Cavidades superiores del coraz\u00f3n, de menor tama\u00f1o, que llenan los (ventr\u00edculos), m\u00e1s grandes. \"><strong>aur\u00edculas<\/strong><\/a> mientras que las grandes cavidades situadas debajo se denominan ventr\u00edculos. Cada ventr\u00edculo tiene una v\u00e1lvula en su entrada y otra en su salida para evitar que la sangre fluya hacia atr\u00e1s a trav\u00e9s del coraz\u00f3n.<\/p>\n<p>Las <a class=\"addtooltip\" title=\"Cavidades superiores del coraz\u00f3n, de menor tama\u00f1o, que llenan los (ventr\u00edculos), m\u00e1s grandes.\"><strong>aur\u00edculas<\/strong><\/a> y los <a class=\"addtooltip\" title=\"Cavidades inferiores y de mayor tama\u00f1o del coraz\u00f3n que reciben la sangre de las aur\u00edculas y son responsables de bombearla al organismo y los pulmones.\"><strong>ventr\u00edculos<\/strong><\/a> funcionan al un\u00edsono contray\u00e9ndose (s\u00edstole o fase sist\u00f3lica), para expulsar la sangre del coraz\u00f3n, y relaj\u00e1ndose di\u00e1stole o fase diast\u00f3lica), para llenarse de sangre, alternativamente. Al principio de cada latido card\u00edaco, una diminuta se\u00f1al el\u00e9ctrica cerca de la parte superior del coraz\u00f3n se propaga por todo el m\u00fasculo card\u00edaco haciendo que se contraiga. Las <a class=\"addtooltip\" title=\"Cavidades superiores del coraz\u00f3n, de menor tama\u00f1o, que llenan los (ventr\u00edculos), m\u00e1s grandes. \"><strong>aur\u00edculas<\/strong><\/a> se contraen primero, empujando la sangre a trav\u00e9s de la v\u00e1lvula abierta en el ventr\u00edculo. A continuaci\u00f3n, el impulso el\u00e9ctrico se desplaza al m\u00fasculo del ventr\u00edculo haciendo que se contraiga y expulse la sangre del coraz\u00f3n a los pulmones y el resto del cuerpo. A medida que los <a class=\"addtooltip\" title=\"Cavidades inferiores y de mayor tama\u00f1o del coraz\u00f3n que reciben la sangre de las aur\u00edculas y son responsables de bombearla al organismo y los pulmones. \"><strong>ventr\u00edculos<\/strong><\/a> se contraen las <a class=\"addtooltip\" title=\"Cavidades superiores del coraz\u00f3n, de menor tama\u00f1o, que llenan los (ventr\u00edculos), m\u00e1s grandes. \"><strong>aur\u00edculas<\/strong><\/a> se relajan, con lo cual se llenan de sangre y empieza el siguiente latido.<\/p>\n<p><a title=\"Volver a \u00bfC\u00f3mo funciona el coraz\u00f3n normal?\" href=\"https:\/\/www.heartfailurematters.org\/es\/conocer-la-insuficiencia-cardiaca\/como-funciona-el-corazon-normal\/\">Volver a \u00bfC\u00f3mo funciona el coraz\u00f3n normal?<\/a><\/p>\n","protected":false},"excerpt":{"rendered":"<p>El coraz\u00f3n consta de cuatro cavidades, dos en el lado derecho y dos en el lado izquierdo. Las paredes de estas cavidades est\u00e1n hechas de un m\u00fasculo card\u00edaco especial. Las peque\u00f1as cavidades situadas en la parte superior del coraz\u00f3n se denominan aur\u00edculas mientras que las grandes cavidades situadas debajo se denominan ventr\u00edculos. Cada ventr\u00edculo tiene [&hellip;]<\/p>\n","protected":false},"author":1,"featured_media":0,"parent":2155,"menu_order":0,"comment_status":"open","ping_status":"open","template":"","meta":{"_acf_changed":false,"footnotes":""},"categories":[],"tags":[],"class_list":["post-2356","page","type-page","status-publish","hentry"],"acf":[],"yoast_head":"<!-- This site is optimized with the Yoast SEO plugin v24.8.1 - https:\/\/yoast.com\/wordpress\/plugins\/seo\/ -->\n<title>\u00bfC\u00f3mo funciona un coraz\u00f3n normal? Parte 2<\/title>\n<meta name=\"description\" content=\"Vea c\u00f3mo las aur\u00edculas y los ventr\u00edculos trabajan juntos alternando la contracci\u00f3n para expulsar la sangre del coraz\u00f3n y la relajaci\u00f3n para llenarlo de sangre.\" \/>\n<meta name=\"robots\" content=\"index, follow, max-snippet:-1, max-image-preview:large, max-video-preview:-1\" \/>\n<link rel=\"canonical\" href=\"https:\/\/www.heartfailurematters.org\/es\/conocer-la-insuficiencia-cardiaca\/como-funciona-el-corazon-normal-parte\/\" \/>\n<meta property=\"og:locale\" content=\"es_ES\" \/>\n<meta property=\"og:type\" content=\"article\" \/>\n<meta property=\"og:title\" content=\"\u00bfC\u00f3mo funciona un coraz\u00f3n normal? Parte 2\" \/>\n<meta property=\"og:description\" content=\"Vea c\u00f3mo las aur\u00edculas y los ventr\u00edculos trabajan juntos alternando la contracci\u00f3n para expulsar la sangre del coraz\u00f3n y la relajaci\u00f3n para llenarlo de sangre.\" \/>\n<meta property=\"og:url\" content=\"https:\/\/www.heartfailurematters.org\/es\/conocer-la-insuficiencia-cardiaca\/como-funciona-el-corazon-normal-parte\/\" \/>\n<meta property=\"og:site_name\" content=\"Heart Failure Matters\" \/>\n<meta property=\"article:publisher\" content=\"https:\/\/www.facebook.com\/heartfailurematters\" \/>\n<meta property=\"article:modified_time\" content=\"2022-01-25T15:26:28+00:00\" \/>\n<meta name=\"twitter:card\" content=\"summary_large_image\" \/>\n<meta name=\"twitter:label1\" content=\"Tiempo de lectura\" \/>\n\t<meta name=\"twitter:data1\" content=\"1 minuto\" \/>\n<script type=\"application\/ld+json\" class=\"yoast-schema-graph\">{\"@context\":\"https:\/\/schema.org\",\"@graph\":[{\"@type\":\"WebPage\",\"@id\":\"https:\/\/www.heartfailurematters.org\/es\/conocer-la-insuficiencia-cardiaca\/como-funciona-el-corazon-normal-parte\/\",\"url\":\"https:\/\/www.heartfailurematters.org\/es\/conocer-la-insuficiencia-cardiaca\/como-funciona-el-corazon-normal-parte\/\",\"name\":\"\u00bfC\u00f3mo funciona un coraz\u00f3n normal? Parte 2\",\"isPartOf\":{\"@id\":\"https:\/\/www.heartfailurematters.org\/es\/#website\"},\"datePublished\":\"2021-01-27T22:09:41+00:00\",\"dateModified\":\"2022-01-25T15:26:28+00:00\",\"description\":\"Vea c\u00f3mo las aur\u00edculas y los ventr\u00edculos trabajan juntos alternando la contracci\u00f3n para expulsar la sangre del coraz\u00f3n y la relajaci\u00f3n para llenarlo de sangre.\",\"breadcrumb\":{\"@id\":\"https:\/\/www.heartfailurematters.org\/es\/conocer-la-insuficiencia-cardiaca\/como-funciona-el-corazon-normal-parte\/#breadcrumb\"},\"inLanguage\":\"es\",\"potentialAction\":[{\"@type\":\"ReadAction\",\"target\":[\"https:\/\/www.heartfailurematters.org\/es\/conocer-la-insuficiencia-cardiaca\/como-funciona-el-corazon-normal-parte\/\"]}]},{\"@type\":\"BreadcrumbList\",\"@id\":\"https:\/\/www.heartfailurematters.org\/es\/conocer-la-insuficiencia-cardiaca\/como-funciona-el-corazon-normal-parte\/#breadcrumb\",\"itemListElement\":[{\"@type\":\"ListItem\",\"position\":1,\"name\":\"Inicio\",\"item\":\"https:\/\/www.heartfailurematters.org\/es\/\"},{\"@type\":\"ListItem\",\"position\":2,\"name\":\"Conocer la insuficiencia card\u00edaca\",\"item\":\"https:\/\/www.heartfailurematters.org\/es\/conocer-la-insuficiencia-cardiaca\/\"},{\"@type\":\"ListItem\",\"position\":3,\"name\":\"\u00bfC\u00f3mo funciona el coraz\u00f3n normal? Parte 2\"}]},{\"@type\":\"WebSite\",\"@id\":\"https:\/\/www.heartfailurematters.org\/es\/#website\",\"url\":\"https:\/\/www.heartfailurematters.org\/es\/\",\"name\":\"Heart Failure Matters\",\"description\":\"Practical information for patients, families and caregivers.\",\"publisher\":{\"@id\":\"https:\/\/www.heartfailurematters.org\/es\/#organization\"},\"potentialAction\":[{\"@type\":\"SearchAction\",\"target\":{\"@type\":\"EntryPoint\",\"urlTemplate\":\"https:\/\/www.heartfailurematters.org\/es\/?s={search_term_string}\"},\"query-input\":{\"@type\":\"PropertyValueSpecification\",\"valueRequired\":true,\"valueName\":\"search_term_string\"}}],\"inLanguage\":\"es\"},{\"@type\":\"Organization\",\"@id\":\"https:\/\/www.heartfailurematters.org\/es\/#organization\",\"name\":\"Heart Failure Matters\",\"url\":\"https:\/\/www.heartfailurematters.org\/es\/\",\"logo\":{\"@type\":\"ImageObject\",\"inLanguage\":\"es\",\"@id\":\"https:\/\/www.heartfailurematters.org\/es\/#\/schema\/logo\/image\/\",\"url\":\"https:\/\/cdn-endpoint-hfm.azureedge.net\/heartfailurematters\/2024\/07\/hfm-logo1.jpg\",\"contentUrl\":\"https:\/\/cdn-endpoint-hfm.azureedge.net\/heartfailurematters\/2024\/07\/hfm-logo1.jpg\",\"width\":1280,\"height\":720,\"caption\":\"Heart Failure Matters\"},\"image\":{\"@id\":\"https:\/\/www.heartfailurematters.org\/es\/#\/schema\/logo\/image\/\"},\"sameAs\":[\"https:\/\/www.facebook.com\/heartfailurematters\"]}]}<\/script>\n<!-- \/ Yoast SEO plugin. -->","yoast_head_json":{"title":"\u00bfC\u00f3mo funciona un coraz\u00f3n normal? Parte 2","description":"Vea c\u00f3mo las aur\u00edculas y los ventr\u00edculos trabajan juntos alternando la contracci\u00f3n para expulsar la sangre del coraz\u00f3n y la relajaci\u00f3n para llenarlo de sangre.","robots":{"index":"index","follow":"follow","max-snippet":"max-snippet:-1","max-image-preview":"max-image-preview:large","max-video-preview":"max-video-preview:-1"},"canonical":"https:\/\/www.heartfailurematters.org\/es\/conocer-la-insuficiencia-cardiaca\/como-funciona-el-corazon-normal-parte\/","og_locale":"es_ES","og_type":"article","og_title":"\u00bfC\u00f3mo funciona un coraz\u00f3n normal? Parte 2","og_description":"Vea c\u00f3mo las aur\u00edculas y los ventr\u00edculos trabajan juntos alternando la contracci\u00f3n para expulsar la sangre del coraz\u00f3n y la relajaci\u00f3n para llenarlo de sangre.","og_url":"https:\/\/www.heartfailurematters.org\/es\/conocer-la-insuficiencia-cardiaca\/como-funciona-el-corazon-normal-parte\/","og_site_name":"Heart Failure Matters","article_publisher":"https:\/\/www.facebook.com\/heartfailurematters","article_modified_time":"2022-01-25T15:26:28+00:00","twitter_card":"summary_large_image","twitter_misc":{"Tiempo de lectura":"1 minuto"},"schema":{"@context":"https:\/\/schema.org","@graph":[{"@type":"WebPage","@id":"https:\/\/www.heartfailurematters.org\/es\/conocer-la-insuficiencia-cardiaca\/como-funciona-el-corazon-normal-parte\/","url":"https:\/\/www.heartfailurematters.org\/es\/conocer-la-insuficiencia-cardiaca\/como-funciona-el-corazon-normal-parte\/","name":"\u00bfC\u00f3mo funciona un coraz\u00f3n normal? Parte 2","isPartOf":{"@id":"https:\/\/www.heartfailurematters.org\/es\/#website"},"datePublished":"2021-01-27T22:09:41+00:00","dateModified":"2022-01-25T15:26:28+00:00","description":"Vea c\u00f3mo las aur\u00edculas y los ventr\u00edculos trabajan juntos alternando la contracci\u00f3n para expulsar la sangre del coraz\u00f3n y la relajaci\u00f3n para llenarlo de sangre.","breadcrumb":{"@id":"https:\/\/www.heartfailurematters.org\/es\/conocer-la-insuficiencia-cardiaca\/como-funciona-el-corazon-normal-parte\/#breadcrumb"},"inLanguage":"es","potentialAction":[{"@type":"ReadAction","target":["https:\/\/www.heartfailurematters.org\/es\/conocer-la-insuficiencia-cardiaca\/como-funciona-el-corazon-normal-parte\/"]}]},{"@type":"BreadcrumbList","@id":"https:\/\/www.heartfailurematters.org\/es\/conocer-la-insuficiencia-cardiaca\/como-funciona-el-corazon-normal-parte\/#breadcrumb","itemListElement":[{"@type":"ListItem","position":1,"name":"Inicio","item":"https:\/\/www.heartfailurematters.org\/es\/"},{"@type":"ListItem","position":2,"name":"Conocer la insuficiencia card\u00edaca","item":"https:\/\/www.heartfailurematters.org\/es\/conocer-la-insuficiencia-cardiaca\/"},{"@type":"ListItem","position":3,"name":"\u00bfC\u00f3mo funciona el coraz\u00f3n normal? Parte 2"}]},{"@type":"WebSite","@id":"https:\/\/www.heartfailurematters.org\/es\/#website","url":"https:\/\/www.heartfailurematters.org\/es\/","name":"Heart Failure Matters","description":"Practical information for patients, families and caregivers.","publisher":{"@id":"https:\/\/www.heartfailurematters.org\/es\/#organization"},"potentialAction":[{"@type":"SearchAction","target":{"@type":"EntryPoint","urlTemplate":"https:\/\/www.heartfailurematters.org\/es\/?s={search_term_string}"},"query-input":{"@type":"PropertyValueSpecification","valueRequired":true,"valueName":"search_term_string"}}],"inLanguage":"es"},{"@type":"Organization","@id":"https:\/\/www.heartfailurematters.org\/es\/#organization","name":"Heart Failure Matters","url":"https:\/\/www.heartfailurematters.org\/es\/","logo":{"@type":"ImageObject","inLanguage":"es","@id":"https:\/\/www.heartfailurematters.org\/es\/#\/schema\/logo\/image\/","url":"https:\/\/cdn-endpoint-hfm.azureedge.net\/heartfailurematters\/2024\/07\/hfm-logo1.jpg","contentUrl":"https:\/\/cdn-endpoint-hfm.azureedge.net\/heartfailurematters\/2024\/07\/hfm-logo1.jpg","width":1280,"height":720,"caption":"Heart Failure Matters"},"image":{"@id":"https:\/\/www.heartfailurematters.org\/es\/#\/schema\/logo\/image\/"},"sameAs":["https:\/\/www.facebook.com\/heartfailurematters"]}]}},"_links":{"self":[{"href":"https:\/\/www.heartfailurematters.org\/es\/wp-json\/wp\/v2\/pages\/2356","targetHints":{"allow":["GET"]}}],"collection":[{"href":"https:\/\/www.heartfailurematters.org\/es\/wp-json\/wp\/v2\/pages"}],"about":[{"href":"https:\/\/www.heartfailurematters.org\/es\/wp-json\/wp\/v2\/types\/page"}],"author":[{"embeddable":true,"href":"https:\/\/www.heartfailurematters.org\/es\/wp-json\/wp\/v2\/users\/1"}],"replies":[{"embeddable":true,"href":"https:\/\/www.heartfailurematters.org\/es\/wp-json\/wp\/v2\/comments?post=2356"}],"version-history":[{"count":2,"href":"https:\/\/www.heartfailurematters.org\/es\/wp-json\/wp\/v2\/pages\/2356\/revisions"}],"predecessor-version":[{"id":9720,"href":"https:\/\/www.heartfailurematters.org\/es\/wp-json\/wp\/v2\/pages\/2356\/revisions\/9720"}],"up":[{"embeddable":true,"href":"https:\/\/www.heartfailurematters.org\/es\/wp-json\/wp\/v2\/pages\/2155"}],"wp:attachment":[{"href":"https:\/\/www.heartfailurematters.org\/es\/wp-json\/wp\/v2\/media?parent=2356"}],"wp:term":[{"taxonomy":"category","embeddable":true,"href":"https:\/\/www.heartfailurematters.org\/es\/wp-json\/wp\/v2\/categories?post=2356"},{"taxonomy":"post_tag","embeddable":true,"href":"https:\/\/www.heartfailurematters.org\/es\/wp-json\/wp\/v2\/tags?post=2356"}],"curies":[{"name":"wp","href":"https:\/\/api.w.org\/{rel}","templated":true}]}}