{"id":2354,"date":"2021-01-27T22:09:41","date_gmt":"2021-01-27T22:09:41","guid":{"rendered":"http:\/\/heartfailurematters.local:8888\/preguntas-para-su-medico\/"},"modified":"2026-01-16T14:19:01","modified_gmt":"2026-01-16T14:19:01","slug":"preguntas-para-su-medico","status":"publish","type":"page","link":"https:\/\/www.heartfailurematters.org\/es\/lo-que-pueden-hacer-su-medico-o-enfermero\/preguntas-para-su-medico\/","title":{"rendered":"Preguntas para su m\u00e9dico o enfermero"},"content":{"rendered":"<p>Es importante que aproveche al m\u00e1ximo las citas con su m\u00e9dico, sobre todo para resolver sus dudas sobre el tratamiento de la insuficiencia card\u00edaca. Aqu\u00ed le ofrecemos una lista de preguntas generales y una explicaci\u00f3n de por qu\u00e9 puede resultarle \u00fatil plantearlas. Puede imprimirlas y llevarlas consigo la pr\u00f3xima vez que vaya al m\u00e9dico.<\/p>\n<h2>MEDICAMENTOS<\/h2>\n<h3>\u00bfCu\u00e1ntos comprimidos debo tomar y cu\u00e1ndo?<\/h3>\n<p>Su m\u00e9dico, farmac\u00e9utico o enfermero le ayudar\u00e1n a confeccionar su propia tabla de medicamentos personal para llevar un registro de cu\u00e1ndo y con qu\u00e9 frecuencia debe tomar sus medicamentos.<\/p>\n<h3>\u00bfEste\/Estos medicamento(s) puede(n) tener efectos secundarios?<\/h3>\n<p>Esta pregunta le ayudar\u00e1 a saber qu\u00e9 puede esperar de los medicamentos y le permitir\u00e1 prepararse para cualquier efecto secundario no deseado. Por ejemplo, si el mareo es un efecto secundario de la medicaci\u00f3n, podr\u00e1 tomar precauciones como no levantarse demasiado deprisa o incorporarse lentamente de la cama.<\/p>\n<h3>\u00bfCon qui\u00e9n debo ponerme en contacto si creo que estoy teniendo una reacci\u00f3n adversa a los medicamentos?<\/h3>\n<p>Su m\u00e9dico le indicar\u00e1 con qui\u00e9n debe ponerse en contacto si se encuentra mal despu\u00e9s de tomar su medicamento para la insuficiencia card\u00edaca. As\u00ed podr\u00e1 tener siempre a mano la informaci\u00f3n y compartirla con familiares y amigos.<\/p>\n<h3>\u00bfQu\u00e9 pasa si me olvido de tomar un comprimido?<\/h3>\n<p>Su m\u00e9dico le aconsejar\u00e1 qu\u00e9 hacer si se salta una o m\u00e1s dosis de su medicamento. Para que la mayor\u00eda de los medicamentos contra la insuficiencia card\u00edaca funcionen de forma \u00f3ptima, debe tomar la dosis correcta en el momento adecuado. Si toma un comprimido m\u00e1s tarde o dos al mismo tiempo, puede aumentar la cantidad de medicamento en su organismo hasta un nivel que podr\u00eda provocar efectos secundarios.<\/p>\n<h3>\u00bfCon qu\u00e9 frecuencia debo obtener una nueva receta?<\/h3>\n<p>Su m\u00e9dico le recetar\u00e1 el medicamento durante un tiempo determinado y le dir\u00e1 si tiene que pedir otra cita para que le renueven la receta o si puede recogerla en su ambulatorio o farmacia. La mayor\u00eda de los medicamentos para la insuficiencia card\u00edaca deben tomarse todos los d\u00edas. Por ello, es importante planificarse con antelaci\u00f3n para asegurarse de que no se quede sin medicaci\u00f3n, especialmente durante las vacaciones o los viajes programados.<\/p>\n<h2>DISPOSITIVOS<\/h2>\n<h3>\u00bfC\u00f3mo s\u00e9 si necesito un dispositivo?<\/h3>\n<p>Su m\u00e9dico evaluar\u00e1 sus s\u00edntomas y el funcionamiento de su coraz\u00f3n. Si su coraz\u00f3n late demasiado despacio, es posible que necesite un marcapasos. Si tiene s\u00edntomas moderados o graves de insuficiencia card\u00edaca y se detecta una contracci\u00f3n deficiente y desigual del coraz\u00f3n, puede necesitar una TRC. Si ha tenido episodios de alteraciones graves del ritmo card\u00edaco, puede considerarse la posibilidad de implantarle un DAI.<\/p>\n<h3>\u00bfQu\u00e9 riesgos conlleva la implantaci\u00f3n de un dispositivo?<\/h3>\n<p>Su m\u00e9dico podr\u00e1 informarle de los riesgos que conlleva la implantaci\u00f3n de un dispositivo. Para la mayor\u00eda de los pacientes, los beneficios de llevar un dispositivo superan con creces los riesgos.<\/p>\n<h3>\u00bfNecesitar\u00e9 anestesia general o local para que me coloquen el dispositivo?<\/h3>\n<p>La anestesia general consiste en dormirle, mientras que con la anestesia local estar\u00e1 despierto, pero se le adormecer\u00e1 la parte del cuerpo donde se le realizar\u00e1 el procedimiento. Su m\u00e9dico le dir\u00e1 si necesita anestesia local o general para que est\u00e9 preparado. Es posible que le pidan que no coma ni beba nada hasta 6 horas antes de la mayor\u00eda de los procedimientos, incluidos los realizados con anestesia general.<\/p>\n<h3>\u00bfTendr\u00e9 que pasar la noche en el hospital cuando me coloquen el dispositivo?<\/h3>\n<p>Su m\u00e9dico le dir\u00e1 si tiene que pasar la noche en el hospital. Esto suele depender de si le van a poner anestesia general, ya que el tiempo de recuperaci\u00f3n es mayor que con la anestesia local. Es posible que tenga que acudir al hospital la noche anterior si le van a colocar el dispositivo a primera hora de la ma\u00f1ana.<\/p>\n<h3>\u00bfCon qu\u00e9 frecuencia tendr\u00e9 que volver para que me revisen el dispositivo?<\/h3>\n<p>Su m\u00e9dico le dir\u00e1 con qu\u00e9 frecuencia debe revisarse el dispositivo. Es muy importante que acuda a estas citas, por lo que debe planificarlas con antelaci\u00f3n y evitar programar vacaciones cuando le toque la revisi\u00f3n del dispositivo. En alg\u00fan momento tendr\u00e1 que cambiar el dispositivo. Su m\u00e9dico podr\u00e1 indicarle aproximadamente cu\u00e1ndo.<\/p>\n<h3>\u00bfPodr\u00e9 viajar en avi\u00f3n, conducir y realizar mis actividades cotidianas con normalidad?<\/h3>\n<p>Tras la inserci\u00f3n del dispositivo, deber\u00eda poder viajar en avi\u00f3n y conducir un coche, y su m\u00e9dico podr\u00e1 aconsejarle sobre lo que debe evitar hacer. Despu\u00e9s de que le implanten el dispositivo, puede que tenga algunas restricciones para conducir, as\u00ed que es importante que lo consulte con su m\u00e9dico. El m\u00e9dico o el fisioterapeuta le recomendar\u00e1n un programa de actividad f\u00edsica gradual para evitar que su cuerpo se sobrecargue demasiado r\u00e1pido.<\/p>\n<h3>\u00bfTendr\u00e9 que tomar m\u00e1s medicamentos despu\u00e9s de la implantaci\u00f3n del dispositivo?<\/h3>\n<p>Es posible que tenga que tomar medicamentos adicionales o que tenga que cambiar los medicamentos que estaba tomando antes de que se le implantara el dispositivo. Su m\u00e9dico le dir\u00e1 qu\u00e9 medicamentos debe tomar, con qu\u00e9 frecuencia y durante cu\u00e1nto tiempo. A continuaci\u00f3n, podr\u00e1 incorporarlos a su rutina diaria y a\u00f1adirlos a una tabla de medicamentos para recordarle que debe tomarlos correctamente.<\/p>\n<h2>INTERVENCIONES QUIR\u00daRGICAS Y PROCEDIMIENTOS<\/h2>\n<h3>\u00bfCu\u00e1les son los riesgos de esta intervenci\u00f3n quir\u00fargica?<\/h3>\n<p>Antes de someterse a cualquier intervenci\u00f3n quir\u00fargica, su m\u00e9dico le explicar\u00e1 el procedimiento y los riesgos asociados. Para la mayor\u00eda de los pacientes, los beneficios de la intervenci\u00f3n superan con creces los riesgos.<\/p>\n<h3>\u00bfTendr\u00e9 que permanecer en el hospital?<\/h3>\n<p>Su m\u00e9dico le dir\u00e1 si tiene que pasar la noche en el hospital, para que pueda planificarlo.<\/p>\n<h3>\u00bfCu\u00e1nto durar\u00e1 la intervenci\u00f3n quir\u00fargica\/el procedimiento?<\/h3>\n<p>Su m\u00e9dico podr\u00e1 darle una idea de la duraci\u00f3n del procedimiento y de su estancia en el hospital para que pueda planificarse.<\/p>\n<h3>\u00bfSentir\u00e9 algo?<\/h3>\n<p>Su m\u00e9dico le informar\u00e1 de si necesitar\u00e1 anestesia general o local durante el procedimiento. Si se trata de anestesia general, se le dormir\u00e1 y no ser\u00e1 consciente durante la intervenci\u00f3n quir\u00fargica\/el procedimiento. Si le ponen anestesia local, estar\u00e1 despierto durante el procedimiento, pero no sentir\u00e1 la operaci\u00f3n porque la zona operada estar\u00e1 adormecida.<\/p>\n<h3>\u00bfTendr\u00e9 que tomar alg\u00fan medicamento adicional despu\u00e9s del procedimiento?<\/h3>\n<p>Es posible que despu\u00e9s del procedimiento tenga que tomar medicamentos distintos de los que tomaba antes del procedimiento. Puede llevar consigo las preguntas de la <a href=\"https:\/\/www.heartfailurematters.org\/what-your-doctor-can-do\/heart-failure-medicines\/\">lista de medicamentos<\/a> para que despu\u00e9s del procedimiento pueda comprobar qu\u00e9 cantidad debe tomar, con qu\u00e9 frecuencia y si existen efectos secundarios asociados.<\/p>\n<h3>\u00bfCu\u00e1nto tardar\u00e9 en sentirme mejor?<\/h3>\n<p>Su m\u00e9dico podr\u00e1 darle una idea del tiempo que tardar\u00e1 en recuperarse de la operaci\u00f3n. Aunque es posible que no tarde demasiado en recuperarse de la intervenci\u00f3n quir\u00fargica, puede tardar un tiempo en notar los beneficios en sus s\u00edntomas de insuficiencia card\u00edaca.<\/p>\n<h3>\u00bfTendr\u00e9 que cambiar mi estilo de vida?<\/h3>\n<p>Despu\u00e9s de la operaci\u00f3n, es posible que no pueda retomar inmediatamente su dieta y actividad f\u00edsica normales. Su m\u00e9dico podr\u00e1 aconsejarle sobre lo que puede hacer y lo que debe evitar.<\/p>\n<p>&nbsp;<\/p>\n<p><a href=\"https:\/\/cdn-endpoint-hfm.azureedge.net\/heartfailurematters\/2023\/08\/Patient-Guide-Tool_EN.pdf\">Preparaci\u00f3n para su pr\u00f3xima cita<\/a><\/p>\n<p>&nbsp;<\/p>\n","protected":false},"excerpt":{"rendered":"<p>Es importante que aproveche al m\u00e1ximo las citas con su m\u00e9dico, sobre todo para resolver sus dudas sobre el tratamiento de la insuficiencia card\u00edaca. Aqu\u00ed le ofrecemos una lista de preguntas generales y una explicaci\u00f3n de por qu\u00e9 puede resultarle \u00fatil plantearlas. Puede imprimirlas y llevarlas consigo la pr\u00f3xima vez que vaya al m\u00e9dico. MEDICAMENTOS [&hellip;]<\/p>\n","protected":false},"author":1,"featured_media":10542,"parent":2684,"menu_order":9,"comment_status":"open","ping_status":"closed","template":"","meta":{"_acf_changed":false,"footnotes":""},"categories":[149],"tags":[],"class_list":["post-2354","page","type-page","status-publish","has-post-thumbnail","hentry","category-what-can-your-doctor-do-es"],"acf":[],"yoast_head":"<!-- This site is optimized with the Yoast SEO plugin v24.8.1 - https:\/\/yoast.com\/wordpress\/plugins\/seo\/ -->\n<title>Preguntas para su m\u00e9dico o enfermero sobre la insuficiencia card\u00edaca<\/title>\n<meta name=\"description\" content=\"Es importante que aproveche al m\u00e1ximo las citas con su m\u00e9dico para resolver cualquier duda que pueda tener sobre su tratamiento de la insuficiencia card\u00edaca.\" \/>\n<meta name=\"robots\" content=\"index, follow, max-snippet:-1, max-image-preview:large, max-video-preview:-1\" \/>\n<link rel=\"canonical\" href=\"https:\/\/www.heartfailurematters.org\/es\/lo-que-pueden-hacer-su-medico-o-enfermero\/preguntas-para-su-medico\/\" \/>\n<meta property=\"og:locale\" content=\"es_ES\" \/>\n<meta property=\"og:type\" content=\"article\" \/>\n<meta property=\"og:title\" content=\"Preguntas para su m\u00e9dico o enfermero sobre la insuficiencia card\u00edaca\" \/>\n<meta property=\"og:description\" content=\"Es importante que aproveche al m\u00e1ximo las citas con su m\u00e9dico para resolver cualquier duda que pueda tener sobre su tratamiento de la insuficiencia card\u00edaca.\" \/>\n<meta property=\"og:url\" content=\"https:\/\/www.heartfailurematters.org\/es\/lo-que-pueden-hacer-su-medico-o-enfermero\/preguntas-para-su-medico\/\" \/>\n<meta property=\"og:site_name\" content=\"Heart Failure Matters\" \/>\n<meta property=\"article:publisher\" content=\"https:\/\/www.facebook.com\/heartfailurematters\" \/>\n<meta property=\"article:modified_time\" content=\"2026-01-16T14:19:01+00:00\" \/>\n<meta property=\"og:image\" content=\"https:\/\/www.heartfailurematters.org\/wp-content\/uploads\/2022\/02\/shutterstock_258402434-1-min.jpg\" \/>\n\t<meta property=\"og:image:width\" content=\"900\" \/>\n\t<meta property=\"og:image:height\" content=\"475\" \/>\n\t<meta property=\"og:image:type\" content=\"image\/jpeg\" \/>\n<meta name=\"twitter:card\" content=\"summary_large_image\" \/>\n<meta name=\"twitter:label1\" content=\"Tiempo de lectura\" \/>\n\t<meta name=\"twitter:data1\" content=\"6 minutos\" \/>\n<script type=\"application\/ld+json\" class=\"yoast-schema-graph\">{\"@context\":\"https:\/\/schema.org\",\"@graph\":[{\"@type\":\"WebPage\",\"@id\":\"https:\/\/www.heartfailurematters.org\/es\/lo-que-pueden-hacer-su-medico-o-enfermero\/preguntas-para-su-medico\/\",\"url\":\"https:\/\/www.heartfailurematters.org\/es\/lo-que-pueden-hacer-su-medico-o-enfermero\/preguntas-para-su-medico\/\",\"name\":\"Preguntas para su m\u00e9dico o enfermero sobre la insuficiencia card\u00edaca\",\"isPartOf\":{\"@id\":\"https:\/\/www.heartfailurematters.org\/es\/#website\"},\"primaryImageOfPage\":{\"@id\":\"https:\/\/www.heartfailurematters.org\/es\/lo-que-pueden-hacer-su-medico-o-enfermero\/preguntas-para-su-medico\/#primaryimage\"},\"image\":{\"@id\":\"https:\/\/www.heartfailurematters.org\/es\/lo-que-pueden-hacer-su-medico-o-enfermero\/preguntas-para-su-medico\/#primaryimage\"},\"thumbnailUrl\":\"https:\/\/www.heartfailurematters.org\/wp-content\/uploads\/2022\/02\/shutterstock_258402434-1-min.jpg\",\"datePublished\":\"2021-01-27T22:09:41+00:00\",\"dateModified\":\"2026-01-16T14:19:01+00:00\",\"description\":\"Es importante que aproveche al m\u00e1ximo las citas con su m\u00e9dico para resolver cualquier duda que pueda tener sobre su tratamiento de la insuficiencia card\u00edaca.\",\"breadcrumb\":{\"@id\":\"https:\/\/www.heartfailurematters.org\/es\/lo-que-pueden-hacer-su-medico-o-enfermero\/preguntas-para-su-medico\/#breadcrumb\"},\"inLanguage\":\"es\",\"potentialAction\":[{\"@type\":\"ReadAction\",\"target\":[\"https:\/\/www.heartfailurematters.org\/es\/lo-que-pueden-hacer-su-medico-o-enfermero\/preguntas-para-su-medico\/\"]}]},{\"@type\":\"ImageObject\",\"inLanguage\":\"es\",\"@id\":\"https:\/\/www.heartfailurematters.org\/es\/lo-que-pueden-hacer-su-medico-o-enfermero\/preguntas-para-su-medico\/#primaryimage\",\"url\":\"https:\/\/www.heartfailurematters.org\/wp-content\/uploads\/2022\/02\/shutterstock_258402434-1-min.jpg\",\"contentUrl\":\"https:\/\/www.heartfailurematters.org\/wp-content\/uploads\/2022\/02\/shutterstock_258402434-1-min.jpg\",\"width\":900,\"height\":475},{\"@type\":\"BreadcrumbList\",\"@id\":\"https:\/\/www.heartfailurematters.org\/es\/lo-que-pueden-hacer-su-medico-o-enfermero\/preguntas-para-su-medico\/#breadcrumb\",\"itemListElement\":[{\"@type\":\"ListItem\",\"position\":1,\"name\":\"Inicio\",\"item\":\"https:\/\/www.heartfailurematters.org\/es\/\"},{\"@type\":\"ListItem\",\"position\":2,\"name\":\"\u00bfQu\u00e9 puede hacer su m\u00e9dico?\",\"item\":\"https:\/\/www.heartfailurematters.org\/es\/lo-que-pueden-hacer-su-medico-o-enfermero\/\"},{\"@type\":\"ListItem\",\"position\":3,\"name\":\"Preguntas para su m\u00e9dico o enfermero\"}]},{\"@type\":\"WebSite\",\"@id\":\"https:\/\/www.heartfailurematters.org\/es\/#website\",\"url\":\"https:\/\/www.heartfailurematters.org\/es\/\",\"name\":\"Heart Failure Matters\",\"description\":\"Practical information for patients, families and caregivers.\",\"publisher\":{\"@id\":\"https:\/\/www.heartfailurematters.org\/es\/#organization\"},\"potentialAction\":[{\"@type\":\"SearchAction\",\"target\":{\"@type\":\"EntryPoint\",\"urlTemplate\":\"https:\/\/www.heartfailurematters.org\/es\/?s={search_term_string}\"},\"query-input\":{\"@type\":\"PropertyValueSpecification\",\"valueRequired\":true,\"valueName\":\"search_term_string\"}}],\"inLanguage\":\"es\"},{\"@type\":\"Organization\",\"@id\":\"https:\/\/www.heartfailurematters.org\/es\/#organization\",\"name\":\"Heart Failure Matters\",\"url\":\"https:\/\/www.heartfailurematters.org\/es\/\",\"logo\":{\"@type\":\"ImageObject\",\"inLanguage\":\"es\",\"@id\":\"https:\/\/www.heartfailurematters.org\/es\/#\/schema\/logo\/image\/\",\"url\":\"https:\/\/cdn-endpoint-hfm.azureedge.net\/heartfailurematters\/2024\/07\/hfm-logo1.jpg\",\"contentUrl\":\"https:\/\/cdn-endpoint-hfm.azureedge.net\/heartfailurematters\/2024\/07\/hfm-logo1.jpg\",\"width\":1280,\"height\":720,\"caption\":\"Heart Failure Matters\"},\"image\":{\"@id\":\"https:\/\/www.heartfailurematters.org\/es\/#\/schema\/logo\/image\/\"},\"sameAs\":[\"https:\/\/www.facebook.com\/heartfailurematters\"]}]}<\/script>\n<!-- \/ Yoast SEO plugin. -->","yoast_head_json":{"title":"Preguntas para su m\u00e9dico o enfermero sobre la insuficiencia card\u00edaca","description":"Es importante que aproveche al m\u00e1ximo las citas con su m\u00e9dico para resolver cualquier duda que pueda tener sobre su tratamiento de la insuficiencia card\u00edaca.","robots":{"index":"index","follow":"follow","max-snippet":"max-snippet:-1","max-image-preview":"max-image-preview:large","max-video-preview":"max-video-preview:-1"},"canonical":"https:\/\/www.heartfailurematters.org\/es\/lo-que-pueden-hacer-su-medico-o-enfermero\/preguntas-para-su-medico\/","og_locale":"es_ES","og_type":"article","og_title":"Preguntas para su m\u00e9dico o enfermero sobre la insuficiencia card\u00edaca","og_description":"Es importante que aproveche al m\u00e1ximo las citas con su m\u00e9dico para resolver cualquier duda que pueda tener sobre su tratamiento de la insuficiencia card\u00edaca.","og_url":"https:\/\/www.heartfailurematters.org\/es\/lo-que-pueden-hacer-su-medico-o-enfermero\/preguntas-para-su-medico\/","og_site_name":"Heart Failure Matters","article_publisher":"https:\/\/www.facebook.com\/heartfailurematters","article_modified_time":"2026-01-16T14:19:01+00:00","og_image":[{"width":900,"height":475,"url":"https:\/\/www.heartfailurematters.org\/wp-content\/uploads\/2022\/02\/shutterstock_258402434-1-min.jpg","type":"image\/jpeg"}],"twitter_card":"summary_large_image","twitter_misc":{"Tiempo de lectura":"6 minutos"},"schema":{"@context":"https:\/\/schema.org","@graph":[{"@type":"WebPage","@id":"https:\/\/www.heartfailurematters.org\/es\/lo-que-pueden-hacer-su-medico-o-enfermero\/preguntas-para-su-medico\/","url":"https:\/\/www.heartfailurematters.org\/es\/lo-que-pueden-hacer-su-medico-o-enfermero\/preguntas-para-su-medico\/","name":"Preguntas para su m\u00e9dico o enfermero sobre la insuficiencia card\u00edaca","isPartOf":{"@id":"https:\/\/www.heartfailurematters.org\/es\/#website"},"primaryImageOfPage":{"@id":"https:\/\/www.heartfailurematters.org\/es\/lo-que-pueden-hacer-su-medico-o-enfermero\/preguntas-para-su-medico\/#primaryimage"},"image":{"@id":"https:\/\/www.heartfailurematters.org\/es\/lo-que-pueden-hacer-su-medico-o-enfermero\/preguntas-para-su-medico\/#primaryimage"},"thumbnailUrl":"https:\/\/www.heartfailurematters.org\/wp-content\/uploads\/2022\/02\/shutterstock_258402434-1-min.jpg","datePublished":"2021-01-27T22:09:41+00:00","dateModified":"2026-01-16T14:19:01+00:00","description":"Es importante que aproveche al m\u00e1ximo las citas con su m\u00e9dico para resolver cualquier duda que pueda tener sobre su tratamiento de la insuficiencia card\u00edaca.","breadcrumb":{"@id":"https:\/\/www.heartfailurematters.org\/es\/lo-que-pueden-hacer-su-medico-o-enfermero\/preguntas-para-su-medico\/#breadcrumb"},"inLanguage":"es","potentialAction":[{"@type":"ReadAction","target":["https:\/\/www.heartfailurematters.org\/es\/lo-que-pueden-hacer-su-medico-o-enfermero\/preguntas-para-su-medico\/"]}]},{"@type":"ImageObject","inLanguage":"es","@id":"https:\/\/www.heartfailurematters.org\/es\/lo-que-pueden-hacer-su-medico-o-enfermero\/preguntas-para-su-medico\/#primaryimage","url":"https:\/\/www.heartfailurematters.org\/wp-content\/uploads\/2022\/02\/shutterstock_258402434-1-min.jpg","contentUrl":"https:\/\/www.heartfailurematters.org\/wp-content\/uploads\/2022\/02\/shutterstock_258402434-1-min.jpg","width":900,"height":475},{"@type":"BreadcrumbList","@id":"https:\/\/www.heartfailurematters.org\/es\/lo-que-pueden-hacer-su-medico-o-enfermero\/preguntas-para-su-medico\/#breadcrumb","itemListElement":[{"@type":"ListItem","position":1,"name":"Inicio","item":"https:\/\/www.heartfailurematters.org\/es\/"},{"@type":"ListItem","position":2,"name":"\u00bfQu\u00e9 puede hacer su m\u00e9dico?","item":"https:\/\/www.heartfailurematters.org\/es\/lo-que-pueden-hacer-su-medico-o-enfermero\/"},{"@type":"ListItem","position":3,"name":"Preguntas para su m\u00e9dico o enfermero"}]},{"@type":"WebSite","@id":"https:\/\/www.heartfailurematters.org\/es\/#website","url":"https:\/\/www.heartfailurematters.org\/es\/","name":"Heart Failure Matters","description":"Practical information for patients, families and caregivers.","publisher":{"@id":"https:\/\/www.heartfailurematters.org\/es\/#organization"},"potentialAction":[{"@type":"SearchAction","target":{"@type":"EntryPoint","urlTemplate":"https:\/\/www.heartfailurematters.org\/es\/?s={search_term_string}"},"query-input":{"@type":"PropertyValueSpecification","valueRequired":true,"valueName":"search_term_string"}}],"inLanguage":"es"},{"@type":"Organization","@id":"https:\/\/www.heartfailurematters.org\/es\/#organization","name":"Heart Failure Matters","url":"https:\/\/www.heartfailurematters.org\/es\/","logo":{"@type":"ImageObject","inLanguage":"es","@id":"https:\/\/www.heartfailurematters.org\/es\/#\/schema\/logo\/image\/","url":"https:\/\/cdn-endpoint-hfm.azureedge.net\/heartfailurematters\/2024\/07\/hfm-logo1.jpg","contentUrl":"https:\/\/cdn-endpoint-hfm.azureedge.net\/heartfailurematters\/2024\/07\/hfm-logo1.jpg","width":1280,"height":720,"caption":"Heart Failure Matters"},"image":{"@id":"https:\/\/www.heartfailurematters.org\/es\/#\/schema\/logo\/image\/"},"sameAs":["https:\/\/www.facebook.com\/heartfailurematters"]}]}},"_links":{"self":[{"href":"https:\/\/www.heartfailurematters.org\/es\/wp-json\/wp\/v2\/pages\/2354","targetHints":{"allow":["GET"]}}],"collection":[{"href":"https:\/\/www.heartfailurematters.org\/es\/wp-json\/wp\/v2\/pages"}],"about":[{"href":"https:\/\/www.heartfailurematters.org\/es\/wp-json\/wp\/v2\/types\/page"}],"author":[{"embeddable":true,"href":"https:\/\/www.heartfailurematters.org\/es\/wp-json\/wp\/v2\/users\/1"}],"replies":[{"embeddable":true,"href":"https:\/\/www.heartfailurematters.org\/es\/wp-json\/wp\/v2\/comments?post=2354"}],"version-history":[{"count":2,"href":"https:\/\/www.heartfailurematters.org\/es\/wp-json\/wp\/v2\/pages\/2354\/revisions"}],"predecessor-version":[{"id":13809,"href":"https:\/\/www.heartfailurematters.org\/es\/wp-json\/wp\/v2\/pages\/2354\/revisions\/13809"}],"up":[{"embeddable":true,"href":"https:\/\/www.heartfailurematters.org\/es\/wp-json\/wp\/v2\/pages\/2684"}],"wp:featuredmedia":[{"embeddable":true,"href":"https:\/\/www.heartfailurematters.org\/es\/wp-json\/wp\/v2\/media\/10542"}],"wp:attachment":[{"href":"https:\/\/www.heartfailurematters.org\/es\/wp-json\/wp\/v2\/media?parent=2354"}],"wp:term":[{"taxonomy":"category","embeddable":true,"href":"https:\/\/www.heartfailurematters.org\/es\/wp-json\/wp\/v2\/categories?post=2354"},{"taxonomy":"post_tag","embeddable":true,"href":"https:\/\/www.heartfailurematters.org\/es\/wp-json\/wp\/v2\/tags?post=2354"}],"curies":[{"name":"wp","href":"https:\/\/api.w.org\/{rel}","templated":true}]}}