{"id":2353,"date":"2021-01-27T22:09:41","date_gmt":"2021-01-27T22:09:41","guid":{"rendered":"http:\/\/heartfailurematters.local:8888\/antiagregantes-plaquetarios\/"},"modified":"2026-01-16T14:18:59","modified_gmt":"2026-01-16T14:18:59","slug":"antiagregantes-plaquetarios","status":"publish","type":"page","link":"https:\/\/www.heartfailurematters.org\/es\/lo-que-pueden-hacer-su-medico-o-enfermero\/antiagregantes-plaquetarios\/","title":{"rendered":"Tratamiento antiplaquetario"},"content":{"rendered":"<h2>\u00bfQu\u00e9 hacen?<\/h2>\n<p>Los <a class=\"addtooltip\" title=\"&lt;div id='ToolTipTextWrap'&gt;antiagregantes plaquetarios&lt;\/div&gt;&lt;p&gt;Medicamentos que impiden la acci\u00f3n de las plaquetas en la sangre, impidiendo as\u00ed la formaci\u00f3n de co\u00e1gulos de sangre.&lt;\/p&gt;\"><strong>antiagregantes plaquetarios<\/strong><\/a> previenen los co\u00e1gulos de sangre, que en las arterias pueden causar un infarto de miocardio o un accidente cerebrovascular.<\/p>\n<p>Aunque los antiagregantes plaquetarios suelen denominarse como f\u00e1rmacos que hacen la sangre m\u00e1s l\u00edquida, en realidad no permiten que la sangre fluya m\u00e1s libremente por los vasos sangu\u00edneos.<\/p>\n<p>La aspirina es el antiagregante plaquetario m\u00e1s com\u00fan. La dosis de aspirina para prevenir los co\u00e1gulos sangu\u00edneos es mucho menor que la dosis utilizada para aliviar el dolor. Tomar una dosis mayor de aspirina no la hace m\u00e1s eficaz, pero s\u00ed aumenta el riesgo de efectos secundarios. Por lo tanto, lim\u00edtese a la dosis recomendada por su m\u00e9dico.<\/p>\n<h2>Efectos secundarios<\/h2>\n<p>La mayor\u00eda de las personas no sufren efectos secundarios con dosis bajas de aspirina. Los beneficios de tomar aspirina suelen superar el peque\u00f1o riesgo de presentar efectos secundarios. Los posibles efectos secundarios m\u00e1s graves, que solo afectan a un peque\u00f1o n\u00famero de personas, incluyen irritaci\u00f3n o hemorragia estomacal y, en raras ocasiones, alergia a la aspirina.<\/p>\n<p>Los antiagregantes plaquetarios m\u00e1s recientes, como el clopidogrel, pueden causar menos irritaci\u00f3n de est\u00f3mago.<\/p>\n<h2>Consejos principales<\/h2>\n<p>Para reducir el riesgo de irritaci\u00f3n estomacal, es mejor tomar los antiagregantes plaquetarios con la comida o despu\u00e9s de ella.<\/p>\n<p>Si toma dosis bajas de aspirina para prevenir la formaci\u00f3n de co\u00e1gulos y necesita tomar analg\u00e9sicos (por ejemplo, para el dolor de cabeza), es mejor que tome paracetamol en lugar de una dosis m\u00e1s alta de aspirina.<\/p>\n<h2>Tambi\u00e9n se conoce como:<\/h2>\n<ul>\n<li><strong>Aspirina<\/strong><br \/>\n(Gencardia\u00ae, Micropirin\u00ae, Angettes 75\u00ae, Caprin\u00ae, Nu-Seals\u00ae, Albyl\u00ae)<\/li>\n<li><strong>Clopidogrel<\/strong><br \/>\n(Plavix\u00ae)<\/li>\n<li><strong>Ticlopidina<br \/>\n<\/strong>(Ticlid\u00ae)<\/li>\n<li><strong>Dipiridamol<br \/>\n<\/strong>(Persantin\u00ae, Persantin Retard\u00ae), productos combinados (Asasantin Retard\u00ae)<\/li>\n<li><strong>Ticagrelor<\/strong><br \/>\n(Brilinta\u00ae, Brilique\u00ae)<\/li>\n<li><strong>Prasugrel<\/strong><br \/>\n(Effient\u00ae)<\/li>\n<\/ul>\n<p><a href=\"https:\/\/www.heartfailurematters.org\/what-your-doctor-can-do\/heart-failure-medicines\/\">Volver a Medicamentos para la insuficiencia card\u00edaca.<\/a><\/p>\n","protected":false},"excerpt":{"rendered":"<p>\u00bfQu\u00e9 hacen? Los antiagregantes plaquetarios previenen los co\u00e1gulos de sangre, que en las arterias pueden causar un infarto de miocardio o un accidente cerebrovascular. Aunque los antiagregantes plaquetarios suelen denominarse como f\u00e1rmacos que hacen la sangre m\u00e1s l\u00edquida, en realidad no permiten que la sangre fluya m\u00e1s libremente por los vasos sangu\u00edneos. La aspirina es [&hellip;]<\/p>\n","protected":false},"author":1,"featured_media":10873,"parent":2684,"menu_order":0,"comment_status":"open","ping_status":"open","template":"","meta":{"_acf_changed":false,"footnotes":""},"categories":[],"tags":[],"class_list":["post-2353","page","type-page","status-publish","has-post-thumbnail","hentry"],"acf":[],"yoast_head":"<!-- This site is optimized with the Yoast SEO plugin v24.8.1 - https:\/\/yoast.com\/wordpress\/plugins\/seo\/ -->\n<title>\u00bfQu\u00e9 es el tratamiento antiplaquetario?<\/title>\n<meta name=\"description\" content=\"Los antiagregantes plaquetarios previenen la formaci\u00f3n de co\u00e1gulos de sangre en las arterias. que en las arterias pueden causar un infarto de miocardio o un accidente cerebrovascular.\" \/>\n<meta name=\"robots\" content=\"index, follow, max-snippet:-1, max-image-preview:large, max-video-preview:-1\" \/>\n<link rel=\"canonical\" href=\"https:\/\/www.heartfailurematters.org\/es\/lo-que-pueden-hacer-su-medico-o-enfermero\/antiagregantes-plaquetarios\/\" \/>\n<meta property=\"og:locale\" content=\"es_ES\" \/>\n<meta property=\"og:type\" content=\"article\" \/>\n<meta property=\"og:title\" content=\"\u00bfQu\u00e9 es el tratamiento antiplaquetario?\" \/>\n<meta property=\"og:description\" content=\"Los antiagregantes plaquetarios previenen la formaci\u00f3n de co\u00e1gulos de sangre en las arterias. que en las arterias pueden causar un infarto de miocardio o un accidente cerebrovascular.\" \/>\n<meta property=\"og:url\" content=\"https:\/\/www.heartfailurematters.org\/es\/lo-que-pueden-hacer-su-medico-o-enfermero\/antiagregantes-plaquetarios\/\" \/>\n<meta property=\"og:site_name\" content=\"Heart Failure Matters\" \/>\n<meta property=\"article:publisher\" content=\"https:\/\/www.facebook.com\/heartfailurematters\" \/>\n<meta property=\"article:modified_time\" content=\"2026-01-16T14:18:59+00:00\" \/>\n<meta property=\"og:image\" content=\"https:\/\/www.heartfailurematters.org\/wp-content\/uploads\/2022\/03\/shutterstock_441673426-1-min.jpg\" \/>\n\t<meta property=\"og:image:width\" content=\"900\" \/>\n\t<meta property=\"og:image:height\" content=\"596\" \/>\n\t<meta property=\"og:image:type\" content=\"image\/jpeg\" \/>\n<meta name=\"twitter:card\" content=\"summary_large_image\" \/>\n<meta name=\"twitter:label1\" content=\"Tiempo de lectura\" \/>\n\t<meta name=\"twitter:data1\" content=\"2 minutos\" \/>\n<script type=\"application\/ld+json\" class=\"yoast-schema-graph\">{\"@context\":\"https:\/\/schema.org\",\"@graph\":[{\"@type\":\"WebPage\",\"@id\":\"https:\/\/www.heartfailurematters.org\/es\/lo-que-pueden-hacer-su-medico-o-enfermero\/antiagregantes-plaquetarios\/\",\"url\":\"https:\/\/www.heartfailurematters.org\/es\/lo-que-pueden-hacer-su-medico-o-enfermero\/antiagregantes-plaquetarios\/\",\"name\":\"\u00bfQu\u00e9 es el tratamiento antiplaquetario?\",\"isPartOf\":{\"@id\":\"https:\/\/www.heartfailurematters.org\/es\/#website\"},\"primaryImageOfPage\":{\"@id\":\"https:\/\/www.heartfailurematters.org\/es\/lo-que-pueden-hacer-su-medico-o-enfermero\/antiagregantes-plaquetarios\/#primaryimage\"},\"image\":{\"@id\":\"https:\/\/www.heartfailurematters.org\/es\/lo-que-pueden-hacer-su-medico-o-enfermero\/antiagregantes-plaquetarios\/#primaryimage\"},\"thumbnailUrl\":\"https:\/\/www.heartfailurematters.org\/wp-content\/uploads\/2022\/03\/shutterstock_441673426-1-min.jpg\",\"datePublished\":\"2021-01-27T22:09:41+00:00\",\"dateModified\":\"2026-01-16T14:18:59+00:00\",\"description\":\"Los antiagregantes plaquetarios previenen la formaci\u00f3n de co\u00e1gulos de sangre en las arterias. que en las arterias pueden causar un infarto de miocardio o un accidente cerebrovascular.\",\"breadcrumb\":{\"@id\":\"https:\/\/www.heartfailurematters.org\/es\/lo-que-pueden-hacer-su-medico-o-enfermero\/antiagregantes-plaquetarios\/#breadcrumb\"},\"inLanguage\":\"es\",\"potentialAction\":[{\"@type\":\"ReadAction\",\"target\":[\"https:\/\/www.heartfailurematters.org\/es\/lo-que-pueden-hacer-su-medico-o-enfermero\/antiagregantes-plaquetarios\/\"]}]},{\"@type\":\"ImageObject\",\"inLanguage\":\"es\",\"@id\":\"https:\/\/www.heartfailurematters.org\/es\/lo-que-pueden-hacer-su-medico-o-enfermero\/antiagregantes-plaquetarios\/#primaryimage\",\"url\":\"https:\/\/www.heartfailurematters.org\/wp-content\/uploads\/2022\/03\/shutterstock_441673426-1-min.jpg\",\"contentUrl\":\"https:\/\/www.heartfailurematters.org\/wp-content\/uploads\/2022\/03\/shutterstock_441673426-1-min.jpg\",\"width\":900,\"height\":596},{\"@type\":\"BreadcrumbList\",\"@id\":\"https:\/\/www.heartfailurematters.org\/es\/lo-que-pueden-hacer-su-medico-o-enfermero\/antiagregantes-plaquetarios\/#breadcrumb\",\"itemListElement\":[{\"@type\":\"ListItem\",\"position\":1,\"name\":\"Inicio\",\"item\":\"https:\/\/www.heartfailurematters.org\/es\/\"},{\"@type\":\"ListItem\",\"position\":2,\"name\":\"\u00bfQu\u00e9 puede hacer su m\u00e9dico?\",\"item\":\"https:\/\/www.heartfailurematters.org\/es\/lo-que-pueden-hacer-su-medico-o-enfermero\/\"},{\"@type\":\"ListItem\",\"position\":3,\"name\":\"Tratamiento antiplaquetario\"}]},{\"@type\":\"WebSite\",\"@id\":\"https:\/\/www.heartfailurematters.org\/es\/#website\",\"url\":\"https:\/\/www.heartfailurematters.org\/es\/\",\"name\":\"Heart Failure Matters\",\"description\":\"Practical information for patients, families and caregivers.\",\"publisher\":{\"@id\":\"https:\/\/www.heartfailurematters.org\/es\/#organization\"},\"potentialAction\":[{\"@type\":\"SearchAction\",\"target\":{\"@type\":\"EntryPoint\",\"urlTemplate\":\"https:\/\/www.heartfailurematters.org\/es\/?s={search_term_string}\"},\"query-input\":{\"@type\":\"PropertyValueSpecification\",\"valueRequired\":true,\"valueName\":\"search_term_string\"}}],\"inLanguage\":\"es\"},{\"@type\":\"Organization\",\"@id\":\"https:\/\/www.heartfailurematters.org\/es\/#organization\",\"name\":\"Heart Failure Matters\",\"url\":\"https:\/\/www.heartfailurematters.org\/es\/\",\"logo\":{\"@type\":\"ImageObject\",\"inLanguage\":\"es\",\"@id\":\"https:\/\/www.heartfailurematters.org\/es\/#\/schema\/logo\/image\/\",\"url\":\"https:\/\/cdn-endpoint-hfm.azureedge.net\/heartfailurematters\/2024\/07\/hfm-logo1.jpg\",\"contentUrl\":\"https:\/\/cdn-endpoint-hfm.azureedge.net\/heartfailurematters\/2024\/07\/hfm-logo1.jpg\",\"width\":1280,\"height\":720,\"caption\":\"Heart Failure Matters\"},\"image\":{\"@id\":\"https:\/\/www.heartfailurematters.org\/es\/#\/schema\/logo\/image\/\"},\"sameAs\":[\"https:\/\/www.facebook.com\/heartfailurematters\"]}]}<\/script>\n<!-- \/ Yoast SEO plugin. -->","yoast_head_json":{"title":"\u00bfQu\u00e9 es el tratamiento antiplaquetario?","description":"Los antiagregantes plaquetarios previenen la formaci\u00f3n de co\u00e1gulos de sangre en las arterias. que en las arterias pueden causar un infarto de miocardio o un accidente cerebrovascular.","robots":{"index":"index","follow":"follow","max-snippet":"max-snippet:-1","max-image-preview":"max-image-preview:large","max-video-preview":"max-video-preview:-1"},"canonical":"https:\/\/www.heartfailurematters.org\/es\/lo-que-pueden-hacer-su-medico-o-enfermero\/antiagregantes-plaquetarios\/","og_locale":"es_ES","og_type":"article","og_title":"\u00bfQu\u00e9 es el tratamiento antiplaquetario?","og_description":"Los antiagregantes plaquetarios previenen la formaci\u00f3n de co\u00e1gulos de sangre en las arterias. que en las arterias pueden causar un infarto de miocardio o un accidente cerebrovascular.","og_url":"https:\/\/www.heartfailurematters.org\/es\/lo-que-pueden-hacer-su-medico-o-enfermero\/antiagregantes-plaquetarios\/","og_site_name":"Heart Failure Matters","article_publisher":"https:\/\/www.facebook.com\/heartfailurematters","article_modified_time":"2026-01-16T14:18:59+00:00","og_image":[{"width":900,"height":596,"url":"https:\/\/www.heartfailurematters.org\/wp-content\/uploads\/2022\/03\/shutterstock_441673426-1-min.jpg","type":"image\/jpeg"}],"twitter_card":"summary_large_image","twitter_misc":{"Tiempo de lectura":"2 minutos"},"schema":{"@context":"https:\/\/schema.org","@graph":[{"@type":"WebPage","@id":"https:\/\/www.heartfailurematters.org\/es\/lo-que-pueden-hacer-su-medico-o-enfermero\/antiagregantes-plaquetarios\/","url":"https:\/\/www.heartfailurematters.org\/es\/lo-que-pueden-hacer-su-medico-o-enfermero\/antiagregantes-plaquetarios\/","name":"\u00bfQu\u00e9 es el tratamiento antiplaquetario?","isPartOf":{"@id":"https:\/\/www.heartfailurematters.org\/es\/#website"},"primaryImageOfPage":{"@id":"https:\/\/www.heartfailurematters.org\/es\/lo-que-pueden-hacer-su-medico-o-enfermero\/antiagregantes-plaquetarios\/#primaryimage"},"image":{"@id":"https:\/\/www.heartfailurematters.org\/es\/lo-que-pueden-hacer-su-medico-o-enfermero\/antiagregantes-plaquetarios\/#primaryimage"},"thumbnailUrl":"https:\/\/www.heartfailurematters.org\/wp-content\/uploads\/2022\/03\/shutterstock_441673426-1-min.jpg","datePublished":"2021-01-27T22:09:41+00:00","dateModified":"2026-01-16T14:18:59+00:00","description":"Los antiagregantes plaquetarios previenen la formaci\u00f3n de co\u00e1gulos de sangre en las arterias. que en las arterias pueden causar un infarto de miocardio o un accidente cerebrovascular.","breadcrumb":{"@id":"https:\/\/www.heartfailurematters.org\/es\/lo-que-pueden-hacer-su-medico-o-enfermero\/antiagregantes-plaquetarios\/#breadcrumb"},"inLanguage":"es","potentialAction":[{"@type":"ReadAction","target":["https:\/\/www.heartfailurematters.org\/es\/lo-que-pueden-hacer-su-medico-o-enfermero\/antiagregantes-plaquetarios\/"]}]},{"@type":"ImageObject","inLanguage":"es","@id":"https:\/\/www.heartfailurematters.org\/es\/lo-que-pueden-hacer-su-medico-o-enfermero\/antiagregantes-plaquetarios\/#primaryimage","url":"https:\/\/www.heartfailurematters.org\/wp-content\/uploads\/2022\/03\/shutterstock_441673426-1-min.jpg","contentUrl":"https:\/\/www.heartfailurematters.org\/wp-content\/uploads\/2022\/03\/shutterstock_441673426-1-min.jpg","width":900,"height":596},{"@type":"BreadcrumbList","@id":"https:\/\/www.heartfailurematters.org\/es\/lo-que-pueden-hacer-su-medico-o-enfermero\/antiagregantes-plaquetarios\/#breadcrumb","itemListElement":[{"@type":"ListItem","position":1,"name":"Inicio","item":"https:\/\/www.heartfailurematters.org\/es\/"},{"@type":"ListItem","position":2,"name":"\u00bfQu\u00e9 puede hacer su m\u00e9dico?","item":"https:\/\/www.heartfailurematters.org\/es\/lo-que-pueden-hacer-su-medico-o-enfermero\/"},{"@type":"ListItem","position":3,"name":"Tratamiento antiplaquetario"}]},{"@type":"WebSite","@id":"https:\/\/www.heartfailurematters.org\/es\/#website","url":"https:\/\/www.heartfailurematters.org\/es\/","name":"Heart Failure Matters","description":"Practical information for patients, families and caregivers.","publisher":{"@id":"https:\/\/www.heartfailurematters.org\/es\/#organization"},"potentialAction":[{"@type":"SearchAction","target":{"@type":"EntryPoint","urlTemplate":"https:\/\/www.heartfailurematters.org\/es\/?s={search_term_string}"},"query-input":{"@type":"PropertyValueSpecification","valueRequired":true,"valueName":"search_term_string"}}],"inLanguage":"es"},{"@type":"Organization","@id":"https:\/\/www.heartfailurematters.org\/es\/#organization","name":"Heart Failure Matters","url":"https:\/\/www.heartfailurematters.org\/es\/","logo":{"@type":"ImageObject","inLanguage":"es","@id":"https:\/\/www.heartfailurematters.org\/es\/#\/schema\/logo\/image\/","url":"https:\/\/cdn-endpoint-hfm.azureedge.net\/heartfailurematters\/2024\/07\/hfm-logo1.jpg","contentUrl":"https:\/\/cdn-endpoint-hfm.azureedge.net\/heartfailurematters\/2024\/07\/hfm-logo1.jpg","width":1280,"height":720,"caption":"Heart Failure Matters"},"image":{"@id":"https:\/\/www.heartfailurematters.org\/es\/#\/schema\/logo\/image\/"},"sameAs":["https:\/\/www.facebook.com\/heartfailurematters"]}]}},"_links":{"self":[{"href":"https:\/\/www.heartfailurematters.org\/es\/wp-json\/wp\/v2\/pages\/2353","targetHints":{"allow":["GET"]}}],"collection":[{"href":"https:\/\/www.heartfailurematters.org\/es\/wp-json\/wp\/v2\/pages"}],"about":[{"href":"https:\/\/www.heartfailurematters.org\/es\/wp-json\/wp\/v2\/types\/page"}],"author":[{"embeddable":true,"href":"https:\/\/www.heartfailurematters.org\/es\/wp-json\/wp\/v2\/users\/1"}],"replies":[{"embeddable":true,"href":"https:\/\/www.heartfailurematters.org\/es\/wp-json\/wp\/v2\/comments?post=2353"}],"version-history":[{"count":3,"href":"https:\/\/www.heartfailurematters.org\/es\/wp-json\/wp\/v2\/pages\/2353\/revisions"}],"predecessor-version":[{"id":13804,"href":"https:\/\/www.heartfailurematters.org\/es\/wp-json\/wp\/v2\/pages\/2353\/revisions\/13804"}],"up":[{"embeddable":true,"href":"https:\/\/www.heartfailurematters.org\/es\/wp-json\/wp\/v2\/pages\/2684"}],"wp:featuredmedia":[{"embeddable":true,"href":"https:\/\/www.heartfailurematters.org\/es\/wp-json\/wp\/v2\/media\/10873"}],"wp:attachment":[{"href":"https:\/\/www.heartfailurematters.org\/es\/wp-json\/wp\/v2\/media?parent=2353"}],"wp:term":[{"taxonomy":"category","embeddable":true,"href":"https:\/\/www.heartfailurematters.org\/es\/wp-json\/wp\/v2\/categories?post=2353"},{"taxonomy":"post_tag","embeddable":true,"href":"https:\/\/www.heartfailurematters.org\/es\/wp-json\/wp\/v2\/tags?post=2353"}],"curies":[{"name":"wp","href":"https:\/\/api.w.org\/{rel}","templated":true}]}}