{"id":2352,"date":"2021-01-27T22:09:41","date_gmt":"2021-01-27T22:09:41","guid":{"rendered":"http:\/\/heartfailurematters.local:8888\/nitratos-vasodilatadores\/"},"modified":"2026-01-16T14:18:57","modified_gmt":"2026-01-16T14:18:57","slug":"nitratos-vasodilatadores","status":"publish","type":"page","link":"https:\/\/www.heartfailurematters.org\/es\/lo-que-pueden-hacer-su-medico-o-enfermero\/nitratos-vasodilatadores\/","title":{"rendered":"Nitratos\/vasodilatadores."},"content":{"rendered":"<h2>\u00bfQu\u00e9 hacen?<\/h2>\n<p>Los <a class=\"addtooltip\" title=\"&lt;div id='ToolTipTextWrap'&gt;nitratos&lt;\/div&gt;&lt;p&gt; Preparados de nitroglicerina de acci\u00f3n prolongada tomados oralmente.&lt;\/p&gt;\"><strong>nitratos<\/strong><\/a> son f\u00e1rmacos que hacen que los vasos sangu\u00edneos se relajen o dilaten, reduciendo as\u00ed la resistencia del sistema vascular. La funci\u00f3n vasodilatadora de los nitratos reduce la presi\u00f3n arterial, permite que la sangre fluya m\u00e1s f\u00e1cilmente por el cuerpo y, por tanto, puede mejorar los s\u00edntomas.<\/p>\n<p>Algunos nitratos se toman con regularidad. Sin embargo, otros de acci\u00f3n r\u00e1pida (como el trinitrato de glicerilo\/nitroglicerina) pueden tomarse en forma de aerosol o comprimidos que se utilizan bajo la lengua \u00abcuando es necesario\u00bb para el dolor tor\u00e1cico (angina de pecho). Asimismo, hay otros tipos de vasodilatadores, diferentes a los nitratos, que se utilizan para tratar la insuficiencia card\u00edaca. Tambi\u00e9n pueden administrarse en forma de parches y pomadas que se aplican sobre la piel (angina de pecho). Asimismo, hay otros tipos de vasodilatadores, diferentes a los nitratos, que se utilizan para tratar la insuficiencia card\u00edaca. Estos tambi\u00e9n pueden administrarse en forma de parches y pomadas que se aplican sobre la piel.<\/p>\n<h2>\u00bfCu\u00e1les son los beneficios previstos?<\/h2>\n<p>Los <strong>nitratos<\/strong> reducen la aparici\u00f3n y la intensidad del dolor tor\u00e1cico (angina de pecho), por lo que se administran para aliviar los s\u00edntomas. Otros vasodilatadores, como la hidralazina y el minoxidil, pueden utilizarse para mejorar s\u00edntomas como las dificultades respiratorias.<\/p>\n<h2>\u00bfCu\u00e1les son los beneficios previstos?<\/h2>\n<p>Los nitratos reducen la aparici\u00f3n y la intensidad del dolor tor\u00e1cico (angina de pecho), por lo que se administran para aliviar los s\u00edntomas. Otros vasodilatadores, como la hidralazina y el minoxidil, pueden utilizarse para mejorar s\u00edntomas como las dificultades respiratorias.<\/p>\n<h2>Efectos secundarios<\/h2>\n<p>Los vasodilatadores pueden causar hipotensi\u00f3n arterial, lo que puede hacer que se sienta d\u00e9bil o mareado al sentarse o levantarse demasiado deprisa. Otros efectos secundarios son dolores de cabeza, sofocos, palpitaciones del coraz\u00f3n y congesti\u00f3n nasal. Los dolores de cabeza son especialmente frecuentes con los vasodilatadores de acci\u00f3n prolongada, como los nitratos.<\/p>\n<h2>Consejos principales<\/h2>\n<p>Los <a href=\"https:\/\/www.heartfailurematters.org\/understanding-heart-failure\/dizziness\/\" shape=\"rect\">mareos<\/a> pueden producirse con cualquier f\u00e1rmaco que disminuya la presi\u00f3n arterial. Sin embargo, en la insuficiencia card\u00edaca, el coraz\u00f3n suele funcionar mejor a presiones m\u00e1s bajas.<\/p>\n<p>Si se marea por la ma\u00f1ana, intente mover los pies hacia delante y hacia atr\u00e1s unas diez veces antes de levantarse. O bien, puede resultarle \u00fatil balancear las piernas sobre el lateral de la cama antes de incorporarse y, a continuaci\u00f3n, sentarse a un lado de la cama durante un minuto antes de ponerse de pie. Evite levantarse demasiado deprisa, ya sea despu\u00e9s de estar sentado o agachado, porque puede marearse. T\u00f3mese su tiempo y deje que su cuerpo se adapte.<\/p>\n<h2>Nitratos\/Vasodilatadores:<\/h2>\n<ul>\n<li><strong>Preparados de trinitrato de glicerilo\/TNG\/nitroglicerina<\/strong><br \/>\n(Coro-Nitro Pump Spray\u00ae, Glytrin Spray\u00ae, Nitrolingual Pumpspray\u00ae, Nitromin\u00ae, Suscard\u00ae, Deponit\u00ae, Minitran\u00ae, Nitro-Dur\u00ae, Percutol\u00ae, Transiderm-Nitro\u00ae)<\/li>\n<li><strong>Dinitrato de isosorbida<\/strong><br \/>\n(Angitak\u00ae, Isoket Retard\u00ae)<\/li>\n<li><strong>Mononitrato de isosorbida<\/strong><br \/>\n(Angeze\u00ae, Angeze SR\u00ae, Chemydur 60X\u00ae, Elantan\u00ae, Ismo\u00ae, Elantan LA\u00ae, Imdur\u00ae, Isib 60XL\u00ae, Ismo Retard\u00ae, Isodur\u00ae, Isotard\u00ae, Modisal LA\u00ae, Modisal XL\u00ae, Monomax\u00ae, Monomil X\u00ae, Monosorb XL 60\u00ae, Zemon\u00ae)<\/li>\n<li><strong>Hidralazina<\/strong><br \/>\n(Apresoline\u00ae)<\/li>\n<li><strong>Minoxidil<\/strong><br \/>\n(Loniten\u00ae)<\/li>\n<li><strong>Nesiritida<\/strong><br \/>\n(Natrecor\u00ae)<\/li>\n<li><strong>Levosimend\u00e1n<\/strong><br \/>\n(Simdax\u00ae)\u00bb<\/li>\n<\/ul>\n<table border=\"1\" width=\"100%\" cellspacing=\"0\" cellpadding=\"0\">\n<tbody>\n<tr>\n<td style=\"width: 25%;\">\n<h2>V\u00eddeo<\/h2>\n<\/td>\n<td style=\"width: 75%; vertical-align: middle; text-align: left;\"\/>\n<\/tr>\n<tr>\n<td style=\"width: 25%;\"><a class=\"lightview\" href=\"https:\/\/www.youtube.com\/embed\/lx_ReyaK408?hl=en_UK&amp;autoplay=1;&amp;version=3&amp;rel=0&amp;showinfo=0\" data-lightview-caption=\"The animation above shows how ACE (Angiotensin converting enzyme) inhibitors can help you by causing your blood vessels to relax and thus lower your blood pressure. This means your heart doesn't have to work so hard to squeeze your blood around your body.\" data-lightview-title=\"How ACE inhibitors work in heart failure\" data-lightview-options=\"width: 535, height: 400\" data-lightview-type=\"iframe\" data-lightview-group=\"journey\"><img decoding=\"async\" class=\"alignleft size-full wp-image-5071\" src=\"https:\/\/cdn-endpoint-hfm.azureedge.net\/heartfailurematters\/2021\/02\/07-animation.jpg\" alt=\"\" width=\"180\" height=\"130\"\/><\/a><\/td>\n<td style=\"width: 75%; vertical-align: middle; text-align: left;\">V\u00eddeo que explica c\u00f3mo act\u00faan los vasodilatadores en la insuficiencia card\u00edaca<\/td>\n<\/tr>\n<\/tbody>\n<\/table>\n<p><a href=\"https:\/\/www.heartfailurematters.org\/what-your-doctor-can-do\/heart-failure-medicines\/\" shape=\"rect\">Volver a Medicamentos para la insuficiencia card\u00edaca.<\/a><\/p>\n","protected":false},"excerpt":{"rendered":"<p>\u00bfQu\u00e9 hacen? Los nitratos son f\u00e1rmacos que hacen que los vasos sangu\u00edneos se relajen o dilaten, reduciendo as\u00ed la resistencia del sistema vascular. La funci\u00f3n vasodilatadora de los nitratos reduce la presi\u00f3n arterial, permite que la sangre fluya m\u00e1s f\u00e1cilmente por el cuerpo y, por tanto, puede mejorar los s\u00edntomas. Algunos nitratos se toman con [&hellip;]<\/p>\n","protected":false},"author":1,"featured_media":10873,"parent":2684,"menu_order":0,"comment_status":"open","ping_status":"open","template":"","meta":{"_acf_changed":false,"footnotes":""},"categories":[],"tags":[],"class_list":["post-2352","page","type-page","status-publish","has-post-thumbnail","hentry"],"acf":[],"yoast_head":"<!-- This site is optimized with the Yoast SEO plugin v24.8.1 - https:\/\/yoast.com\/wordpress\/plugins\/seo\/ -->\n<title>Nitratos\/vasodilatadores e insuficiencia card\u00edaca.<\/title>\n<meta name=\"description\" content=\"Vasodilatadores para la insuficiencia card\u00edaca: descubra qu\u00e9 son, qu\u00e9 hacen, sus efectos secundarios y otros consejos para controlar los efectos secundarios.\" \/>\n<meta name=\"robots\" content=\"index, follow, max-snippet:-1, max-image-preview:large, max-video-preview:-1\" \/>\n<link rel=\"canonical\" href=\"https:\/\/www.heartfailurematters.org\/es\/lo-que-pueden-hacer-su-medico-o-enfermero\/nitratos-vasodilatadores\/\" \/>\n<meta property=\"og:locale\" content=\"es_ES\" \/>\n<meta property=\"og:type\" content=\"article\" \/>\n<meta property=\"og:title\" content=\"Nitratos\/vasodilatadores e insuficiencia card\u00edaca.\" \/>\n<meta property=\"og:description\" content=\"Vasodilatadores para la insuficiencia card\u00edaca: descubra qu\u00e9 son, qu\u00e9 hacen, sus efectos secundarios y otros consejos para controlar los efectos secundarios.\" \/>\n<meta property=\"og:url\" content=\"https:\/\/www.heartfailurematters.org\/es\/lo-que-pueden-hacer-su-medico-o-enfermero\/nitratos-vasodilatadores\/\" \/>\n<meta property=\"og:site_name\" content=\"Heart Failure Matters\" \/>\n<meta property=\"article:publisher\" content=\"https:\/\/www.facebook.com\/heartfailurematters\" \/>\n<meta property=\"article:modified_time\" content=\"2026-01-16T14:18:57+00:00\" \/>\n<meta property=\"og:image\" content=\"https:\/\/www.heartfailurematters.org\/wp-content\/uploads\/2022\/03\/shutterstock_441673426-1-min.jpg\" \/>\n\t<meta property=\"og:image:width\" content=\"900\" \/>\n\t<meta property=\"og:image:height\" content=\"596\" \/>\n\t<meta property=\"og:image:type\" content=\"image\/jpeg\" \/>\n<meta name=\"twitter:card\" content=\"summary_large_image\" \/>\n<meta name=\"twitter:label1\" content=\"Tiempo de lectura\" \/>\n\t<meta name=\"twitter:data1\" content=\"3 minutos\" \/>\n<script type=\"application\/ld+json\" class=\"yoast-schema-graph\">{\"@context\":\"https:\/\/schema.org\",\"@graph\":[{\"@type\":\"WebPage\",\"@id\":\"https:\/\/www.heartfailurematters.org\/es\/lo-que-pueden-hacer-su-medico-o-enfermero\/nitratos-vasodilatadores\/\",\"url\":\"https:\/\/www.heartfailurematters.org\/es\/lo-que-pueden-hacer-su-medico-o-enfermero\/nitratos-vasodilatadores\/\",\"name\":\"Nitratos\/vasodilatadores e insuficiencia card\u00edaca.\",\"isPartOf\":{\"@id\":\"https:\/\/www.heartfailurematters.org\/es\/#website\"},\"primaryImageOfPage\":{\"@id\":\"https:\/\/www.heartfailurematters.org\/es\/lo-que-pueden-hacer-su-medico-o-enfermero\/nitratos-vasodilatadores\/#primaryimage\"},\"image\":{\"@id\":\"https:\/\/www.heartfailurematters.org\/es\/lo-que-pueden-hacer-su-medico-o-enfermero\/nitratos-vasodilatadores\/#primaryimage\"},\"thumbnailUrl\":\"https:\/\/www.heartfailurematters.org\/wp-content\/uploads\/2022\/03\/shutterstock_441673426-1-min.jpg\",\"datePublished\":\"2021-01-27T22:09:41+00:00\",\"dateModified\":\"2026-01-16T14:18:57+00:00\",\"description\":\"Vasodilatadores para la insuficiencia card\u00edaca: descubra qu\u00e9 son, qu\u00e9 hacen, sus efectos secundarios y otros consejos para controlar los efectos secundarios.\",\"breadcrumb\":{\"@id\":\"https:\/\/www.heartfailurematters.org\/es\/lo-que-pueden-hacer-su-medico-o-enfermero\/nitratos-vasodilatadores\/#breadcrumb\"},\"inLanguage\":\"es\",\"potentialAction\":[{\"@type\":\"ReadAction\",\"target\":[\"https:\/\/www.heartfailurematters.org\/es\/lo-que-pueden-hacer-su-medico-o-enfermero\/nitratos-vasodilatadores\/\"]}]},{\"@type\":\"ImageObject\",\"inLanguage\":\"es\",\"@id\":\"https:\/\/www.heartfailurematters.org\/es\/lo-que-pueden-hacer-su-medico-o-enfermero\/nitratos-vasodilatadores\/#primaryimage\",\"url\":\"https:\/\/www.heartfailurematters.org\/wp-content\/uploads\/2022\/03\/shutterstock_441673426-1-min.jpg\",\"contentUrl\":\"https:\/\/www.heartfailurematters.org\/wp-content\/uploads\/2022\/03\/shutterstock_441673426-1-min.jpg\",\"width\":900,\"height\":596},{\"@type\":\"BreadcrumbList\",\"@id\":\"https:\/\/www.heartfailurematters.org\/es\/lo-que-pueden-hacer-su-medico-o-enfermero\/nitratos-vasodilatadores\/#breadcrumb\",\"itemListElement\":[{\"@type\":\"ListItem\",\"position\":1,\"name\":\"Inicio\",\"item\":\"https:\/\/www.heartfailurematters.org\/es\/\"},{\"@type\":\"ListItem\",\"position\":2,\"name\":\"\u00bfQu\u00e9 puede hacer su m\u00e9dico?\",\"item\":\"https:\/\/www.heartfailurematters.org\/es\/lo-que-pueden-hacer-su-medico-o-enfermero\/\"},{\"@type\":\"ListItem\",\"position\":3,\"name\":\"Nitratos\/vasodilatadores.\"}]},{\"@type\":\"WebSite\",\"@id\":\"https:\/\/www.heartfailurematters.org\/es\/#website\",\"url\":\"https:\/\/www.heartfailurematters.org\/es\/\",\"name\":\"Heart Failure Matters\",\"description\":\"Practical information for patients, families and caregivers.\",\"publisher\":{\"@id\":\"https:\/\/www.heartfailurematters.org\/es\/#organization\"},\"potentialAction\":[{\"@type\":\"SearchAction\",\"target\":{\"@type\":\"EntryPoint\",\"urlTemplate\":\"https:\/\/www.heartfailurematters.org\/es\/?s={search_term_string}\"},\"query-input\":{\"@type\":\"PropertyValueSpecification\",\"valueRequired\":true,\"valueName\":\"search_term_string\"}}],\"inLanguage\":\"es\"},{\"@type\":\"Organization\",\"@id\":\"https:\/\/www.heartfailurematters.org\/es\/#organization\",\"name\":\"Heart Failure Matters\",\"url\":\"https:\/\/www.heartfailurematters.org\/es\/\",\"logo\":{\"@type\":\"ImageObject\",\"inLanguage\":\"es\",\"@id\":\"https:\/\/www.heartfailurematters.org\/es\/#\/schema\/logo\/image\/\",\"url\":\"https:\/\/cdn-endpoint-hfm.azureedge.net\/heartfailurematters\/2024\/07\/hfm-logo1.jpg\",\"contentUrl\":\"https:\/\/cdn-endpoint-hfm.azureedge.net\/heartfailurematters\/2024\/07\/hfm-logo1.jpg\",\"width\":1280,\"height\":720,\"caption\":\"Heart Failure Matters\"},\"image\":{\"@id\":\"https:\/\/www.heartfailurematters.org\/es\/#\/schema\/logo\/image\/\"},\"sameAs\":[\"https:\/\/www.facebook.com\/heartfailurematters\"]}]}<\/script>\n<!-- \/ Yoast SEO plugin. -->","yoast_head_json":{"title":"Nitratos\/vasodilatadores e insuficiencia card\u00edaca.","description":"Vasodilatadores para la insuficiencia card\u00edaca: descubra qu\u00e9 son, qu\u00e9 hacen, sus efectos secundarios y otros consejos para controlar los efectos secundarios.","robots":{"index":"index","follow":"follow","max-snippet":"max-snippet:-1","max-image-preview":"max-image-preview:large","max-video-preview":"max-video-preview:-1"},"canonical":"https:\/\/www.heartfailurematters.org\/es\/lo-que-pueden-hacer-su-medico-o-enfermero\/nitratos-vasodilatadores\/","og_locale":"es_ES","og_type":"article","og_title":"Nitratos\/vasodilatadores e insuficiencia card\u00edaca.","og_description":"Vasodilatadores para la insuficiencia card\u00edaca: descubra qu\u00e9 son, qu\u00e9 hacen, sus efectos secundarios y otros consejos para controlar los efectos secundarios.","og_url":"https:\/\/www.heartfailurematters.org\/es\/lo-que-pueden-hacer-su-medico-o-enfermero\/nitratos-vasodilatadores\/","og_site_name":"Heart Failure Matters","article_publisher":"https:\/\/www.facebook.com\/heartfailurematters","article_modified_time":"2026-01-16T14:18:57+00:00","og_image":[{"width":900,"height":596,"url":"https:\/\/www.heartfailurematters.org\/wp-content\/uploads\/2022\/03\/shutterstock_441673426-1-min.jpg","type":"image\/jpeg"}],"twitter_card":"summary_large_image","twitter_misc":{"Tiempo de lectura":"3 minutos"},"schema":{"@context":"https:\/\/schema.org","@graph":[{"@type":"WebPage","@id":"https:\/\/www.heartfailurematters.org\/es\/lo-que-pueden-hacer-su-medico-o-enfermero\/nitratos-vasodilatadores\/","url":"https:\/\/www.heartfailurematters.org\/es\/lo-que-pueden-hacer-su-medico-o-enfermero\/nitratos-vasodilatadores\/","name":"Nitratos\/vasodilatadores e insuficiencia card\u00edaca.","isPartOf":{"@id":"https:\/\/www.heartfailurematters.org\/es\/#website"},"primaryImageOfPage":{"@id":"https:\/\/www.heartfailurematters.org\/es\/lo-que-pueden-hacer-su-medico-o-enfermero\/nitratos-vasodilatadores\/#primaryimage"},"image":{"@id":"https:\/\/www.heartfailurematters.org\/es\/lo-que-pueden-hacer-su-medico-o-enfermero\/nitratos-vasodilatadores\/#primaryimage"},"thumbnailUrl":"https:\/\/www.heartfailurematters.org\/wp-content\/uploads\/2022\/03\/shutterstock_441673426-1-min.jpg","datePublished":"2021-01-27T22:09:41+00:00","dateModified":"2026-01-16T14:18:57+00:00","description":"Vasodilatadores para la insuficiencia card\u00edaca: descubra qu\u00e9 son, qu\u00e9 hacen, sus efectos secundarios y otros consejos para controlar los efectos secundarios.","breadcrumb":{"@id":"https:\/\/www.heartfailurematters.org\/es\/lo-que-pueden-hacer-su-medico-o-enfermero\/nitratos-vasodilatadores\/#breadcrumb"},"inLanguage":"es","potentialAction":[{"@type":"ReadAction","target":["https:\/\/www.heartfailurematters.org\/es\/lo-que-pueden-hacer-su-medico-o-enfermero\/nitratos-vasodilatadores\/"]}]},{"@type":"ImageObject","inLanguage":"es","@id":"https:\/\/www.heartfailurematters.org\/es\/lo-que-pueden-hacer-su-medico-o-enfermero\/nitratos-vasodilatadores\/#primaryimage","url":"https:\/\/www.heartfailurematters.org\/wp-content\/uploads\/2022\/03\/shutterstock_441673426-1-min.jpg","contentUrl":"https:\/\/www.heartfailurematters.org\/wp-content\/uploads\/2022\/03\/shutterstock_441673426-1-min.jpg","width":900,"height":596},{"@type":"BreadcrumbList","@id":"https:\/\/www.heartfailurematters.org\/es\/lo-que-pueden-hacer-su-medico-o-enfermero\/nitratos-vasodilatadores\/#breadcrumb","itemListElement":[{"@type":"ListItem","position":1,"name":"Inicio","item":"https:\/\/www.heartfailurematters.org\/es\/"},{"@type":"ListItem","position":2,"name":"\u00bfQu\u00e9 puede hacer su m\u00e9dico?","item":"https:\/\/www.heartfailurematters.org\/es\/lo-que-pueden-hacer-su-medico-o-enfermero\/"},{"@type":"ListItem","position":3,"name":"Nitratos\/vasodilatadores."}]},{"@type":"WebSite","@id":"https:\/\/www.heartfailurematters.org\/es\/#website","url":"https:\/\/www.heartfailurematters.org\/es\/","name":"Heart Failure Matters","description":"Practical information for patients, families and caregivers.","publisher":{"@id":"https:\/\/www.heartfailurematters.org\/es\/#organization"},"potentialAction":[{"@type":"SearchAction","target":{"@type":"EntryPoint","urlTemplate":"https:\/\/www.heartfailurematters.org\/es\/?s={search_term_string}"},"query-input":{"@type":"PropertyValueSpecification","valueRequired":true,"valueName":"search_term_string"}}],"inLanguage":"es"},{"@type":"Organization","@id":"https:\/\/www.heartfailurematters.org\/es\/#organization","name":"Heart Failure Matters","url":"https:\/\/www.heartfailurematters.org\/es\/","logo":{"@type":"ImageObject","inLanguage":"es","@id":"https:\/\/www.heartfailurematters.org\/es\/#\/schema\/logo\/image\/","url":"https:\/\/cdn-endpoint-hfm.azureedge.net\/heartfailurematters\/2024\/07\/hfm-logo1.jpg","contentUrl":"https:\/\/cdn-endpoint-hfm.azureedge.net\/heartfailurematters\/2024\/07\/hfm-logo1.jpg","width":1280,"height":720,"caption":"Heart Failure Matters"},"image":{"@id":"https:\/\/www.heartfailurematters.org\/es\/#\/schema\/logo\/image\/"},"sameAs":["https:\/\/www.facebook.com\/heartfailurematters"]}]}},"_links":{"self":[{"href":"https:\/\/www.heartfailurematters.org\/es\/wp-json\/wp\/v2\/pages\/2352","targetHints":{"allow":["GET"]}}],"collection":[{"href":"https:\/\/www.heartfailurematters.org\/es\/wp-json\/wp\/v2\/pages"}],"about":[{"href":"https:\/\/www.heartfailurematters.org\/es\/wp-json\/wp\/v2\/types\/page"}],"author":[{"embeddable":true,"href":"https:\/\/www.heartfailurematters.org\/es\/wp-json\/wp\/v2\/users\/1"}],"replies":[{"embeddable":true,"href":"https:\/\/www.heartfailurematters.org\/es\/wp-json\/wp\/v2\/comments?post=2352"}],"version-history":[{"count":4,"href":"https:\/\/www.heartfailurematters.org\/es\/wp-json\/wp\/v2\/pages\/2352\/revisions"}],"predecessor-version":[{"id":13799,"href":"https:\/\/www.heartfailurematters.org\/es\/wp-json\/wp\/v2\/pages\/2352\/revisions\/13799"}],"up":[{"embeddable":true,"href":"https:\/\/www.heartfailurematters.org\/es\/wp-json\/wp\/v2\/pages\/2684"}],"wp:featuredmedia":[{"embeddable":true,"href":"https:\/\/www.heartfailurematters.org\/es\/wp-json\/wp\/v2\/media\/10873"}],"wp:attachment":[{"href":"https:\/\/www.heartfailurematters.org\/es\/wp-json\/wp\/v2\/media?parent=2352"}],"wp:term":[{"taxonomy":"category","embeddable":true,"href":"https:\/\/www.heartfailurematters.org\/es\/wp-json\/wp\/v2\/categories?post=2352"},{"taxonomy":"post_tag","embeddable":true,"href":"https:\/\/www.heartfailurematters.org\/es\/wp-json\/wp\/v2\/tags?post=2352"}],"curies":[{"name":"wp","href":"https:\/\/api.w.org\/{rel}","templated":true}]}}