{"id":2348,"date":"2021-01-27T22:09:41","date_gmt":"2021-01-27T22:09:41","guid":{"rendered":"http:\/\/heartfailurematters.local:8888\/dieta\/"},"modified":"2022-01-27T12:30:10","modified_gmt":"2022-01-27T12:30:10","slug":"dieta","status":"publish","type":"page","link":"https:\/\/www.heartfailurematters.org\/es\/para-cuidadores\/dieta\/","title":{"rendered":"Dieta"},"content":{"rendered":"<p>Al seguir una dieta bien equilibrada, seg\u00fan las recomendaciones del m\u00e9dico, la enfermera o un especialista en diet\u00e9tica, su pareja o familiar se sentir\u00e1 mejor, controlar\u00e1 los s\u00edntomas de la insuficiencia card\u00edaca y posiblemente tendr\u00e1 m\u00e1s energ\u00eda. Anime a su pareja o familiar a comer sano, evitar un consumo excesivo de sal y mantener un peso saludable. Tambi\u00e9n debe evitarse un consumo excesivo de l\u00edquido. En circunstancias especiales, como en periodos de mucho calor y con un alto porcentaje de humedad o episodios de v\u00f3mitos o diarreas, es posible que su pareja o familiar necesite aumentar su consumo de l\u00edquidos.<\/p>\n<p>La restricci\u00f3n de l\u00edquidos generalmente no es necesaria, pero algunos pacientes con insuficiencia card\u00edaca y congesti\u00f3n graves deben restringir su consumo de 1,5 a 2 litros al d\u00eda.<\/p>\n<p><a href=\"https:\/\/www.heartfailurematters.org\/es\/lo-que-puede-hacer-usted\/adaptacion-de-la-dieta\/\">Haga clic aqu\u00ed<\/a> para saber m\u00e1s sobre un r\u00e9gimen de alimentaci\u00f3n saludable.<\/p>\n<p><a href=\"https:\/\/www.heartfailurematters.org\/es\/para-cuidadores\/cosas-sencillas-que-puede-hacer-para-ayudar\/\">Volver a Cosas sencillas que puede hacer para ayudar<\/a><\/p>\n","protected":false},"excerpt":{"rendered":"<p>Al seguir una dieta bien equilibrada, seg\u00fan las recomendaciones del m\u00e9dico, la enfermera o un especialista en diet\u00e9tica, su pareja o familiar se sentir\u00e1 mejor, controlar\u00e1 los s\u00edntomas de la insuficiencia card\u00edaca y posiblemente tendr\u00e1 m\u00e1s energ\u00eda. Anime a su pareja o familiar a comer sano, evitar un consumo excesivo de sal y mantener un [&hellip;]<\/p>\n","protected":false},"author":1,"featured_media":10999,"parent":2846,"menu_order":0,"comment_status":"open","ping_status":"open","template":"","meta":{"_acf_changed":false,"footnotes":""},"categories":[],"tags":[],"class_list":["post-2348","page","type-page","status-publish","has-post-thumbnail","hentry"],"acf":[],"yoast_head":"<!-- This site is optimized with the Yoast SEO plugin v24.8.1 - https:\/\/yoast.com\/wordpress\/plugins\/seo\/ -->\n<title>Dieta - Heart Failure Matters<\/title>\n<meta name=\"description\" content=\"Seguir una dieta equilibrada ayudar\u00e1 a su pareja o familiar a sentirse mejor, a controlar los s\u00edntomas de la insuficiencia card\u00edaca y a mejorar su energ\u00eda.\" \/>\n<meta name=\"robots\" content=\"index, follow, max-snippet:-1, max-image-preview:large, max-video-preview:-1\" \/>\n<link rel=\"canonical\" href=\"https:\/\/www.heartfailurematters.org\/es\/para-cuidadores\/dieta\/\" \/>\n<meta property=\"og:locale\" content=\"es_ES\" \/>\n<meta property=\"og:type\" content=\"article\" \/>\n<meta property=\"og:title\" content=\"Dieta - Heart Failure Matters\" \/>\n<meta property=\"og:description\" content=\"Seguir una dieta equilibrada ayudar\u00e1 a su pareja o familiar a sentirse mejor, a controlar los s\u00edntomas de la insuficiencia card\u00edaca y a mejorar su energ\u00eda.\" \/>\n<meta property=\"og:url\" content=\"https:\/\/www.heartfailurematters.org\/es\/para-cuidadores\/dieta\/\" \/>\n<meta property=\"og:site_name\" content=\"Heart Failure Matters\" \/>\n<meta property=\"article:publisher\" content=\"https:\/\/www.facebook.com\/heartfailurematters\" \/>\n<meta property=\"article:modified_time\" content=\"2022-01-27T12:30:10+00:00\" \/>\n<meta property=\"og:image\" content=\"https:\/\/www.heartfailurematters.org\/wp-content\/uploads\/2022\/03\/shutterstock_1130328140-1-min.jpg\" \/>\n\t<meta property=\"og:image:width\" content=\"900\" \/>\n\t<meta property=\"og:image:height\" content=\"599\" \/>\n\t<meta property=\"og:image:type\" content=\"image\/jpeg\" \/>\n<meta name=\"twitter:card\" content=\"summary_large_image\" \/>\n<meta name=\"twitter:label1\" content=\"Tiempo de lectura\" \/>\n\t<meta name=\"twitter:data1\" content=\"1 minuto\" \/>\n<script type=\"application\/ld+json\" class=\"yoast-schema-graph\">{\"@context\":\"https:\/\/schema.org\",\"@graph\":[{\"@type\":\"WebPage\",\"@id\":\"https:\/\/www.heartfailurematters.org\/es\/para-cuidadores\/dieta\/\",\"url\":\"https:\/\/www.heartfailurematters.org\/es\/para-cuidadores\/dieta\/\",\"name\":\"Dieta - Heart Failure Matters\",\"isPartOf\":{\"@id\":\"https:\/\/www.heartfailurematters.org\/es\/#website\"},\"primaryImageOfPage\":{\"@id\":\"https:\/\/www.heartfailurematters.org\/es\/para-cuidadores\/dieta\/#primaryimage\"},\"image\":{\"@id\":\"https:\/\/www.heartfailurematters.org\/es\/para-cuidadores\/dieta\/#primaryimage\"},\"thumbnailUrl\":\"https:\/\/www.heartfailurematters.org\/wp-content\/uploads\/2022\/03\/shutterstock_1130328140-1-min.jpg\",\"datePublished\":\"2021-01-27T22:09:41+00:00\",\"dateModified\":\"2022-01-27T12:30:10+00:00\",\"description\":\"Seguir una dieta equilibrada ayudar\u00e1 a su pareja o familiar a sentirse mejor, a controlar los s\u00edntomas de la insuficiencia card\u00edaca y a mejorar su energ\u00eda.\",\"breadcrumb\":{\"@id\":\"https:\/\/www.heartfailurematters.org\/es\/para-cuidadores\/dieta\/#breadcrumb\"},\"inLanguage\":\"es\",\"potentialAction\":[{\"@type\":\"ReadAction\",\"target\":[\"https:\/\/www.heartfailurematters.org\/es\/para-cuidadores\/dieta\/\"]}]},{\"@type\":\"ImageObject\",\"inLanguage\":\"es\",\"@id\":\"https:\/\/www.heartfailurematters.org\/es\/para-cuidadores\/dieta\/#primaryimage\",\"url\":\"https:\/\/www.heartfailurematters.org\/wp-content\/uploads\/2022\/03\/shutterstock_1130328140-1-min.jpg\",\"contentUrl\":\"https:\/\/www.heartfailurematters.org\/wp-content\/uploads\/2022\/03\/shutterstock_1130328140-1-min.jpg\",\"width\":900,\"height\":599},{\"@type\":\"BreadcrumbList\",\"@id\":\"https:\/\/www.heartfailurematters.org\/es\/para-cuidadores\/dieta\/#breadcrumb\",\"itemListElement\":[{\"@type\":\"ListItem\",\"position\":1,\"name\":\"Inicio\",\"item\":\"https:\/\/www.heartfailurematters.org\/es\/\"},{\"@type\":\"ListItem\",\"position\":2,\"name\":\"Para cuidadores\",\"item\":\"https:\/\/www.heartfailurematters.org\/es\/para-cuidadores\/\"},{\"@type\":\"ListItem\",\"position\":3,\"name\":\"Dieta\"}]},{\"@type\":\"WebSite\",\"@id\":\"https:\/\/www.heartfailurematters.org\/es\/#website\",\"url\":\"https:\/\/www.heartfailurematters.org\/es\/\",\"name\":\"Heart Failure Matters\",\"description\":\"Practical information for patients, families and caregivers.\",\"publisher\":{\"@id\":\"https:\/\/www.heartfailurematters.org\/es\/#organization\"},\"potentialAction\":[{\"@type\":\"SearchAction\",\"target\":{\"@type\":\"EntryPoint\",\"urlTemplate\":\"https:\/\/www.heartfailurematters.org\/es\/?s={search_term_string}\"},\"query-input\":{\"@type\":\"PropertyValueSpecification\",\"valueRequired\":true,\"valueName\":\"search_term_string\"}}],\"inLanguage\":\"es\"},{\"@type\":\"Organization\",\"@id\":\"https:\/\/www.heartfailurematters.org\/es\/#organization\",\"name\":\"Heart Failure Matters\",\"url\":\"https:\/\/www.heartfailurematters.org\/es\/\",\"logo\":{\"@type\":\"ImageObject\",\"inLanguage\":\"es\",\"@id\":\"https:\/\/www.heartfailurematters.org\/es\/#\/schema\/logo\/image\/\",\"url\":\"https:\/\/cdn-endpoint-hfm.azureedge.net\/heartfailurematters\/2024\/07\/hfm-logo1.jpg\",\"contentUrl\":\"https:\/\/cdn-endpoint-hfm.azureedge.net\/heartfailurematters\/2024\/07\/hfm-logo1.jpg\",\"width\":1280,\"height\":720,\"caption\":\"Heart Failure Matters\"},\"image\":{\"@id\":\"https:\/\/www.heartfailurematters.org\/es\/#\/schema\/logo\/image\/\"},\"sameAs\":[\"https:\/\/www.facebook.com\/heartfailurematters\"]}]}<\/script>\n<!-- \/ Yoast SEO plugin. -->","yoast_head_json":{"title":"Dieta - Heart Failure Matters","description":"Seguir una dieta equilibrada ayudar\u00e1 a su pareja o familiar a sentirse mejor, a controlar los s\u00edntomas de la insuficiencia card\u00edaca y a mejorar su energ\u00eda.","robots":{"index":"index","follow":"follow","max-snippet":"max-snippet:-1","max-image-preview":"max-image-preview:large","max-video-preview":"max-video-preview:-1"},"canonical":"https:\/\/www.heartfailurematters.org\/es\/para-cuidadores\/dieta\/","og_locale":"es_ES","og_type":"article","og_title":"Dieta - Heart Failure Matters","og_description":"Seguir una dieta equilibrada ayudar\u00e1 a su pareja o familiar a sentirse mejor, a controlar los s\u00edntomas de la insuficiencia card\u00edaca y a mejorar su energ\u00eda.","og_url":"https:\/\/www.heartfailurematters.org\/es\/para-cuidadores\/dieta\/","og_site_name":"Heart Failure Matters","article_publisher":"https:\/\/www.facebook.com\/heartfailurematters","article_modified_time":"2022-01-27T12:30:10+00:00","og_image":[{"width":900,"height":599,"url":"https:\/\/www.heartfailurematters.org\/wp-content\/uploads\/2022\/03\/shutterstock_1130328140-1-min.jpg","type":"image\/jpeg"}],"twitter_card":"summary_large_image","twitter_misc":{"Tiempo de lectura":"1 minuto"},"schema":{"@context":"https:\/\/schema.org","@graph":[{"@type":"WebPage","@id":"https:\/\/www.heartfailurematters.org\/es\/para-cuidadores\/dieta\/","url":"https:\/\/www.heartfailurematters.org\/es\/para-cuidadores\/dieta\/","name":"Dieta - Heart Failure Matters","isPartOf":{"@id":"https:\/\/www.heartfailurematters.org\/es\/#website"},"primaryImageOfPage":{"@id":"https:\/\/www.heartfailurematters.org\/es\/para-cuidadores\/dieta\/#primaryimage"},"image":{"@id":"https:\/\/www.heartfailurematters.org\/es\/para-cuidadores\/dieta\/#primaryimage"},"thumbnailUrl":"https:\/\/www.heartfailurematters.org\/wp-content\/uploads\/2022\/03\/shutterstock_1130328140-1-min.jpg","datePublished":"2021-01-27T22:09:41+00:00","dateModified":"2022-01-27T12:30:10+00:00","description":"Seguir una dieta equilibrada ayudar\u00e1 a su pareja o familiar a sentirse mejor, a controlar los s\u00edntomas de la insuficiencia card\u00edaca y a mejorar su energ\u00eda.","breadcrumb":{"@id":"https:\/\/www.heartfailurematters.org\/es\/para-cuidadores\/dieta\/#breadcrumb"},"inLanguage":"es","potentialAction":[{"@type":"ReadAction","target":["https:\/\/www.heartfailurematters.org\/es\/para-cuidadores\/dieta\/"]}]},{"@type":"ImageObject","inLanguage":"es","@id":"https:\/\/www.heartfailurematters.org\/es\/para-cuidadores\/dieta\/#primaryimage","url":"https:\/\/www.heartfailurematters.org\/wp-content\/uploads\/2022\/03\/shutterstock_1130328140-1-min.jpg","contentUrl":"https:\/\/www.heartfailurematters.org\/wp-content\/uploads\/2022\/03\/shutterstock_1130328140-1-min.jpg","width":900,"height":599},{"@type":"BreadcrumbList","@id":"https:\/\/www.heartfailurematters.org\/es\/para-cuidadores\/dieta\/#breadcrumb","itemListElement":[{"@type":"ListItem","position":1,"name":"Inicio","item":"https:\/\/www.heartfailurematters.org\/es\/"},{"@type":"ListItem","position":2,"name":"Para cuidadores","item":"https:\/\/www.heartfailurematters.org\/es\/para-cuidadores\/"},{"@type":"ListItem","position":3,"name":"Dieta"}]},{"@type":"WebSite","@id":"https:\/\/www.heartfailurematters.org\/es\/#website","url":"https:\/\/www.heartfailurematters.org\/es\/","name":"Heart Failure Matters","description":"Practical information for patients, families and caregivers.","publisher":{"@id":"https:\/\/www.heartfailurematters.org\/es\/#organization"},"potentialAction":[{"@type":"SearchAction","target":{"@type":"EntryPoint","urlTemplate":"https:\/\/www.heartfailurematters.org\/es\/?s={search_term_string}"},"query-input":{"@type":"PropertyValueSpecification","valueRequired":true,"valueName":"search_term_string"}}],"inLanguage":"es"},{"@type":"Organization","@id":"https:\/\/www.heartfailurematters.org\/es\/#organization","name":"Heart Failure Matters","url":"https:\/\/www.heartfailurematters.org\/es\/","logo":{"@type":"ImageObject","inLanguage":"es","@id":"https:\/\/www.heartfailurematters.org\/es\/#\/schema\/logo\/image\/","url":"https:\/\/cdn-endpoint-hfm.azureedge.net\/heartfailurematters\/2024\/07\/hfm-logo1.jpg","contentUrl":"https:\/\/cdn-endpoint-hfm.azureedge.net\/heartfailurematters\/2024\/07\/hfm-logo1.jpg","width":1280,"height":720,"caption":"Heart Failure Matters"},"image":{"@id":"https:\/\/www.heartfailurematters.org\/es\/#\/schema\/logo\/image\/"},"sameAs":["https:\/\/www.facebook.com\/heartfailurematters"]}]}},"_links":{"self":[{"href":"https:\/\/www.heartfailurematters.org\/es\/wp-json\/wp\/v2\/pages\/2348","targetHints":{"allow":["GET"]}}],"collection":[{"href":"https:\/\/www.heartfailurematters.org\/es\/wp-json\/wp\/v2\/pages"}],"about":[{"href":"https:\/\/www.heartfailurematters.org\/es\/wp-json\/wp\/v2\/types\/page"}],"author":[{"embeddable":true,"href":"https:\/\/www.heartfailurematters.org\/es\/wp-json\/wp\/v2\/users\/1"}],"replies":[{"embeddable":true,"href":"https:\/\/www.heartfailurematters.org\/es\/wp-json\/wp\/v2\/comments?post=2348"}],"version-history":[{"count":2,"href":"https:\/\/www.heartfailurematters.org\/es\/wp-json\/wp\/v2\/pages\/2348\/revisions"}],"predecessor-version":[{"id":10503,"href":"https:\/\/www.heartfailurematters.org\/es\/wp-json\/wp\/v2\/pages\/2348\/revisions\/10503"}],"up":[{"embeddable":true,"href":"https:\/\/www.heartfailurematters.org\/es\/wp-json\/wp\/v2\/pages\/2846"}],"wp:featuredmedia":[{"embeddable":true,"href":"https:\/\/www.heartfailurematters.org\/es\/wp-json\/wp\/v2\/media\/10999"}],"wp:attachment":[{"href":"https:\/\/www.heartfailurematters.org\/es\/wp-json\/wp\/v2\/media?parent=2348"}],"wp:term":[{"taxonomy":"category","embeddable":true,"href":"https:\/\/www.heartfailurematters.org\/es\/wp-json\/wp\/v2\/categories?post=2348"},{"taxonomy":"post_tag","embeddable":true,"href":"https:\/\/www.heartfailurematters.org\/es\/wp-json\/wp\/v2\/tags?post=2348"}],"curies":[{"name":"wp","href":"https:\/\/api.w.org\/{rel}","templated":true}]}}