{"id":2347,"date":"2021-01-27T22:09:41","date_gmt":"2021-01-27T22:09:41","guid":{"rendered":"http:\/\/heartfailurematters.local:8888\/control-de-otras-enfermedades-medicas\/"},"modified":"2022-01-25T16:13:02","modified_gmt":"2022-01-25T16:13:02","slug":"control-de-otras-enfermedades-medicas","status":"publish","type":"page","link":"https:\/\/www.heartfailurematters.org\/es\/lo-que-puede-hacer-usted\/control-de-otras-enfermedades-medicas\/","title":{"rendered":"Control de otras enfermedades m\u00e9dicas"},"content":{"rendered":"<p>Se considera que la insuficiencia card\u00edaca es una enfermedad cr\u00f3nica, ya que es probable que precise tratamiento a largo plazo. Puede padecer tambi\u00e9n una o m\u00e1s enfermedades cr\u00f3nicas distintas, lo que significar\u00eda que tiene que tomar otros medicamentos o introducir cambios en sus h\u00e1bitos de vida adem\u00e1s de los que su m\u00e9dico le ha recomendado como parte del tratamiento de la insuficiencia card\u00edaca.<\/p>\n<p>Es importante que trate lo mejor posible sus otras enfermedades cr\u00f3nicas, porque si est\u00e1n mal controladas pueden empeorar la insuficiencia card\u00edaca. El tratamiento de varias enfermedades puede ser complicado, por lo que debe informar a su m\u00e9dico y enfermera sobre sus enfermedades y tratamientos para obtener los mejores resultados posibles. Esto es especialmente cierto si tiene que acudir a m\u00e1s de un m\u00e9dico para distintas enfermedades.<\/p>\n<p>Los pacientes con insuficiencia card\u00edaca suelen presentar las siguientes enfermedades:<\/p>\n<ul>\n<li>Aumento de la presi\u00f3n arterial (<a class=\"addtooltip\" title=\"Elevaci\u00f3n persistente de la presi\u00f3n arterial. \"><strong>hipertensi\u00f3n<\/strong><\/a>)<\/li>\n<li>Ritmo card\u00edaco anormal como fibrilaci\u00f3n auricular<\/li>\n<li>Enfermedades pulmonares\u00a0como <a class=\"addtooltip\" title=\"Enfermedad respiratoria que estrecha las v\u00edas pulmonares, lo que dificulta especialmente la respiraci\u00f3n.\"><strong>asma<\/strong><\/a> o enfermedad pulmonar obstructiva,<\/li>\n<li>Problemas tiroideos<\/li>\n<li>Artritis y dolores musculares y articulares<\/li>\n<li><a class=\"addtooltip\" title=\"Enfermedad en la cual el organismo no produce suficiente insulina o la insulina producida no funciona de manera apropiada. Esto significa que el organismo no puede utilizar la glucosa adecuadamente.\"><strong>Diabetes<\/strong><\/a><\/li>\n<li><a class=\"addtooltip\" title=\"Presencia de una cifra baja de eritrocitos o de una cantidad baja de hemoglobina en las c\u00e9lulas sangu\u00edneas, lo cual disminuye la liberaci\u00f3n de ox\u00edgeno en los \u00f3rganos y tejidos. \"><strong>Anemia<\/strong><\/a><\/li>\n<li>La depresi\u00f3n es un problema muy frecuente en pacientes con insuficiencia card\u00edaca sintom\u00e1tica y debe comentarse debidamente con el m\u00e9dico.<\/li>\n<\/ul>\n","protected":false},"excerpt":{"rendered":"<p>Se considera que la insuficiencia card\u00edaca es una enfermedad cr\u00f3nica, ya que es probable que precise tratamiento a largo plazo. Puede padecer tambi\u00e9n una o m\u00e1s enfermedades cr\u00f3nicas distintas, lo que significar\u00eda que tiene que tomar otros medicamentos o introducir cambios en sus h\u00e1bitos de vida adem\u00e1s de los que su m\u00e9dico le ha recomendado [&hellip;]<\/p>\n","protected":false},"author":1,"featured_media":0,"parent":2720,"menu_order":0,"comment_status":"open","ping_status":"open","template":"","meta":{"_acf_changed":false,"footnotes":""},"categories":[],"tags":[],"class_list":["post-2347","page","type-page","status-publish","hentry"],"acf":[],"yoast_head":"<!-- This site is optimized with the Yoast SEO plugin v24.8.1 - https:\/\/yoast.com\/wordpress\/plugins\/seo\/ -->\n<title>Control de otras enfermedades m\u00e9dicas - Heart Failure Matters<\/title>\n<meta name=\"description\" content=\"La insuficiencia card\u00edaca se considera una afecci\u00f3n cr\u00f3nica, ya que requiere tratamiento a largo plazo. Puede que tambi\u00e9n padezca otras afecciones cr\u00f3nicas.\" \/>\n<meta name=\"robots\" content=\"index, follow, max-snippet:-1, max-image-preview:large, max-video-preview:-1\" \/>\n<link rel=\"canonical\" href=\"https:\/\/www.heartfailurematters.org\/es\/lo-que-puede-hacer-usted\/control-de-otras-enfermedades-medicas\/\" \/>\n<meta property=\"og:locale\" content=\"es_ES\" \/>\n<meta property=\"og:type\" content=\"article\" \/>\n<meta property=\"og:title\" content=\"Control de otras enfermedades m\u00e9dicas - Heart Failure Matters\" \/>\n<meta property=\"og:description\" content=\"La insuficiencia card\u00edaca se considera una afecci\u00f3n cr\u00f3nica, ya que requiere tratamiento a largo plazo. Puede que tambi\u00e9n padezca otras afecciones cr\u00f3nicas.\" \/>\n<meta property=\"og:url\" content=\"https:\/\/www.heartfailurematters.org\/es\/lo-que-puede-hacer-usted\/control-de-otras-enfermedades-medicas\/\" \/>\n<meta property=\"og:site_name\" content=\"Heart Failure Matters\" \/>\n<meta property=\"article:publisher\" content=\"https:\/\/www.facebook.com\/heartfailurematters\" \/>\n<meta property=\"article:modified_time\" content=\"2022-01-25T16:13:02+00:00\" \/>\n<meta name=\"twitter:card\" content=\"summary_large_image\" \/>\n<meta name=\"twitter:label1\" content=\"Tiempo de lectura\" \/>\n\t<meta name=\"twitter:data1\" content=\"1 minuto\" \/>\n<script type=\"application\/ld+json\" class=\"yoast-schema-graph\">{\"@context\":\"https:\/\/schema.org\",\"@graph\":[{\"@type\":\"WebPage\",\"@id\":\"https:\/\/www.heartfailurematters.org\/es\/lo-que-puede-hacer-usted\/control-de-otras-enfermedades-medicas\/\",\"url\":\"https:\/\/www.heartfailurematters.org\/es\/lo-que-puede-hacer-usted\/control-de-otras-enfermedades-medicas\/\",\"name\":\"Control de otras enfermedades m\u00e9dicas - Heart Failure Matters\",\"isPartOf\":{\"@id\":\"https:\/\/www.heartfailurematters.org\/es\/#website\"},\"datePublished\":\"2021-01-27T22:09:41+00:00\",\"dateModified\":\"2022-01-25T16:13:02+00:00\",\"description\":\"La insuficiencia card\u00edaca se considera una afecci\u00f3n cr\u00f3nica, ya que requiere tratamiento a largo plazo. Puede que tambi\u00e9n padezca otras afecciones cr\u00f3nicas.\",\"breadcrumb\":{\"@id\":\"https:\/\/www.heartfailurematters.org\/es\/lo-que-puede-hacer-usted\/control-de-otras-enfermedades-medicas\/#breadcrumb\"},\"inLanguage\":\"es\",\"potentialAction\":[{\"@type\":\"ReadAction\",\"target\":[\"https:\/\/www.heartfailurematters.org\/es\/lo-que-puede-hacer-usted\/control-de-otras-enfermedades-medicas\/\"]}]},{\"@type\":\"BreadcrumbList\",\"@id\":\"https:\/\/www.heartfailurematters.org\/es\/lo-que-puede-hacer-usted\/control-de-otras-enfermedades-medicas\/#breadcrumb\",\"itemListElement\":[{\"@type\":\"ListItem\",\"position\":1,\"name\":\"Inicio\",\"item\":\"https:\/\/www.heartfailurematters.org\/es\/\"},{\"@type\":\"ListItem\",\"position\":2,\"name\":\"\u00bfQu\u00e9 puede hacer usted?\",\"item\":\"https:\/\/www.heartfailurematters.org\/es\/lo-que-puede-hacer-usted\/\"},{\"@type\":\"ListItem\",\"position\":3,\"name\":\"Control de otras enfermedades m\u00e9dicas\"}]},{\"@type\":\"WebSite\",\"@id\":\"https:\/\/www.heartfailurematters.org\/es\/#website\",\"url\":\"https:\/\/www.heartfailurematters.org\/es\/\",\"name\":\"Heart Failure Matters\",\"description\":\"Practical information for patients, families and caregivers.\",\"publisher\":{\"@id\":\"https:\/\/www.heartfailurematters.org\/es\/#organization\"},\"potentialAction\":[{\"@type\":\"SearchAction\",\"target\":{\"@type\":\"EntryPoint\",\"urlTemplate\":\"https:\/\/www.heartfailurematters.org\/es\/?s={search_term_string}\"},\"query-input\":{\"@type\":\"PropertyValueSpecification\",\"valueRequired\":true,\"valueName\":\"search_term_string\"}}],\"inLanguage\":\"es\"},{\"@type\":\"Organization\",\"@id\":\"https:\/\/www.heartfailurematters.org\/es\/#organization\",\"name\":\"Heart Failure Matters\",\"url\":\"https:\/\/www.heartfailurematters.org\/es\/\",\"logo\":{\"@type\":\"ImageObject\",\"inLanguage\":\"es\",\"@id\":\"https:\/\/www.heartfailurematters.org\/es\/#\/schema\/logo\/image\/\",\"url\":\"https:\/\/cdn-endpoint-hfm.azureedge.net\/heartfailurematters\/2024\/07\/hfm-logo1.jpg\",\"contentUrl\":\"https:\/\/cdn-endpoint-hfm.azureedge.net\/heartfailurematters\/2024\/07\/hfm-logo1.jpg\",\"width\":1280,\"height\":720,\"caption\":\"Heart Failure Matters\"},\"image\":{\"@id\":\"https:\/\/www.heartfailurematters.org\/es\/#\/schema\/logo\/image\/\"},\"sameAs\":[\"https:\/\/www.facebook.com\/heartfailurematters\"]}]}<\/script>\n<!-- \/ Yoast SEO plugin. -->","yoast_head_json":{"title":"Control de otras enfermedades m\u00e9dicas - Heart Failure Matters","description":"La insuficiencia card\u00edaca se considera una afecci\u00f3n cr\u00f3nica, ya que requiere tratamiento a largo plazo. Puede que tambi\u00e9n padezca otras afecciones cr\u00f3nicas.","robots":{"index":"index","follow":"follow","max-snippet":"max-snippet:-1","max-image-preview":"max-image-preview:large","max-video-preview":"max-video-preview:-1"},"canonical":"https:\/\/www.heartfailurematters.org\/es\/lo-que-puede-hacer-usted\/control-de-otras-enfermedades-medicas\/","og_locale":"es_ES","og_type":"article","og_title":"Control de otras enfermedades m\u00e9dicas - Heart Failure Matters","og_description":"La insuficiencia card\u00edaca se considera una afecci\u00f3n cr\u00f3nica, ya que requiere tratamiento a largo plazo. Puede que tambi\u00e9n padezca otras afecciones cr\u00f3nicas.","og_url":"https:\/\/www.heartfailurematters.org\/es\/lo-que-puede-hacer-usted\/control-de-otras-enfermedades-medicas\/","og_site_name":"Heart Failure Matters","article_publisher":"https:\/\/www.facebook.com\/heartfailurematters","article_modified_time":"2022-01-25T16:13:02+00:00","twitter_card":"summary_large_image","twitter_misc":{"Tiempo de lectura":"1 minuto"},"schema":{"@context":"https:\/\/schema.org","@graph":[{"@type":"WebPage","@id":"https:\/\/www.heartfailurematters.org\/es\/lo-que-puede-hacer-usted\/control-de-otras-enfermedades-medicas\/","url":"https:\/\/www.heartfailurematters.org\/es\/lo-que-puede-hacer-usted\/control-de-otras-enfermedades-medicas\/","name":"Control de otras enfermedades m\u00e9dicas - Heart Failure Matters","isPartOf":{"@id":"https:\/\/www.heartfailurematters.org\/es\/#website"},"datePublished":"2021-01-27T22:09:41+00:00","dateModified":"2022-01-25T16:13:02+00:00","description":"La insuficiencia card\u00edaca se considera una afecci\u00f3n cr\u00f3nica, ya que requiere tratamiento a largo plazo. Puede que tambi\u00e9n padezca otras afecciones cr\u00f3nicas.","breadcrumb":{"@id":"https:\/\/www.heartfailurematters.org\/es\/lo-que-puede-hacer-usted\/control-de-otras-enfermedades-medicas\/#breadcrumb"},"inLanguage":"es","potentialAction":[{"@type":"ReadAction","target":["https:\/\/www.heartfailurematters.org\/es\/lo-que-puede-hacer-usted\/control-de-otras-enfermedades-medicas\/"]}]},{"@type":"BreadcrumbList","@id":"https:\/\/www.heartfailurematters.org\/es\/lo-que-puede-hacer-usted\/control-de-otras-enfermedades-medicas\/#breadcrumb","itemListElement":[{"@type":"ListItem","position":1,"name":"Inicio","item":"https:\/\/www.heartfailurematters.org\/es\/"},{"@type":"ListItem","position":2,"name":"\u00bfQu\u00e9 puede hacer usted?","item":"https:\/\/www.heartfailurematters.org\/es\/lo-que-puede-hacer-usted\/"},{"@type":"ListItem","position":3,"name":"Control de otras enfermedades m\u00e9dicas"}]},{"@type":"WebSite","@id":"https:\/\/www.heartfailurematters.org\/es\/#website","url":"https:\/\/www.heartfailurematters.org\/es\/","name":"Heart Failure Matters","description":"Practical information for patients, families and caregivers.","publisher":{"@id":"https:\/\/www.heartfailurematters.org\/es\/#organization"},"potentialAction":[{"@type":"SearchAction","target":{"@type":"EntryPoint","urlTemplate":"https:\/\/www.heartfailurematters.org\/es\/?s={search_term_string}"},"query-input":{"@type":"PropertyValueSpecification","valueRequired":true,"valueName":"search_term_string"}}],"inLanguage":"es"},{"@type":"Organization","@id":"https:\/\/www.heartfailurematters.org\/es\/#organization","name":"Heart Failure Matters","url":"https:\/\/www.heartfailurematters.org\/es\/","logo":{"@type":"ImageObject","inLanguage":"es","@id":"https:\/\/www.heartfailurematters.org\/es\/#\/schema\/logo\/image\/","url":"https:\/\/cdn-endpoint-hfm.azureedge.net\/heartfailurematters\/2024\/07\/hfm-logo1.jpg","contentUrl":"https:\/\/cdn-endpoint-hfm.azureedge.net\/heartfailurematters\/2024\/07\/hfm-logo1.jpg","width":1280,"height":720,"caption":"Heart Failure Matters"},"image":{"@id":"https:\/\/www.heartfailurematters.org\/es\/#\/schema\/logo\/image\/"},"sameAs":["https:\/\/www.facebook.com\/heartfailurematters"]}]}},"_links":{"self":[{"href":"https:\/\/www.heartfailurematters.org\/es\/wp-json\/wp\/v2\/pages\/2347","targetHints":{"allow":["GET"]}}],"collection":[{"href":"https:\/\/www.heartfailurematters.org\/es\/wp-json\/wp\/v2\/pages"}],"about":[{"href":"https:\/\/www.heartfailurematters.org\/es\/wp-json\/wp\/v2\/types\/page"}],"author":[{"embeddable":true,"href":"https:\/\/www.heartfailurematters.org\/es\/wp-json\/wp\/v2\/users\/1"}],"replies":[{"embeddable":true,"href":"https:\/\/www.heartfailurematters.org\/es\/wp-json\/wp\/v2\/comments?post=2347"}],"version-history":[{"count":2,"href":"https:\/\/www.heartfailurematters.org\/es\/wp-json\/wp\/v2\/pages\/2347\/revisions"}],"predecessor-version":[{"id":10466,"href":"https:\/\/www.heartfailurematters.org\/es\/wp-json\/wp\/v2\/pages\/2347\/revisions\/10466"}],"up":[{"embeddable":true,"href":"https:\/\/www.heartfailurematters.org\/es\/wp-json\/wp\/v2\/pages\/2720"}],"wp:attachment":[{"href":"https:\/\/www.heartfailurematters.org\/es\/wp-json\/wp\/v2\/media?parent=2347"}],"wp:term":[{"taxonomy":"category","embeddable":true,"href":"https:\/\/www.heartfailurematters.org\/es\/wp-json\/wp\/v2\/categories?post=2347"},{"taxonomy":"post_tag","embeddable":true,"href":"https:\/\/www.heartfailurematters.org\/es\/wp-json\/wp\/v2\/tags?post=2347"}],"curies":[{"name":"wp","href":"https:\/\/api.w.org\/{rel}","templated":true}]}}