{"id":2339,"date":"2021-01-27T22:09:41","date_gmt":"2021-01-27T22:09:41","guid":{"rendered":"http:\/\/heartfailurematters.local:8888\/dispositivo-de-asistencia-ventricular-para-el-ventriculo-izquierdo-lvad\/"},"modified":"2022-01-26T09:48:35","modified_gmt":"2022-01-26T09:48:35","slug":"dispositivo-de-asistencia-ventricular-para-el-ventriculo-izquierdo-lvad","status":"publish","type":"page","link":"https:\/\/www.heartfailurematters.org\/es\/lo-que-pueden-hacer-su-medico-o-enfermero\/dispositivo-de-asistencia-ventricular-para-el-ventriculo-izquierdo-lvad\/","title":{"rendered":"Dispositivo de asistencia ventricular para el ventr\u00edculo izquierdo (LVAD)"},"content":{"rendered":"<h2>\u00bfQu\u00e9 hace?<\/h2>\n<p>Algunos pacientes con insuficiencia card\u00edaca avanzada no son candidatos apropiados para un trasplante de coraz\u00f3n. Adem\u00e1s, no siempre se dispone de coraz\u00f3n de un donante y algunos pacientes pueden llegar a esperar durante muchos a\u00f1os antes de encontrar un coraz\u00f3n de un donante id\u00f3neo. La asistencia circulatoria mec\u00e1nica, o ACM, es un m\u00e9todo que permite mejorar la circulaci\u00f3n de la sangre en el organismo con una bomba card\u00edaca denominada dispositivo de asistencia ventricular (VAD, por sus siglas en ingl\u00e9s). Los VAD ayudar\u00e1n al coraz\u00f3n lesionado a bombear sangre en el organismo. No sustituyen al coraz\u00f3n, que sigue funcionando.<\/p>\n<p>Los VAD asistir\u00e1n la funci\u00f3n normal del coraz\u00f3n, prolongar\u00e1n la vida y mejorar\u00e1n la calidad de vida de los pacientes con insuficiencia card\u00edaca avanzada. Un VAD puede usarse como asistencia a corto plazo, de forma provisional, hasta obtener un trasplante, lo que significa que puede ayudar al paciente a sobrevivir hasta que disponga de un coraz\u00f3n donante, o puede usarse como terapia de destino, ofreciendo asistencia a largo plazo en pacientes que no son candidatos apropiados para un trasplante cardiaco.<\/p>\n<h2>Los VAD se usan con 3 fines principales:<\/h2>\n<ul>\n<li>Mantener al paciente vivo hasta encontrar un coraz\u00f3n donante para un trasplante. En este caso, el VAD se usa como puente al trasplante.<\/li>\n<li>Dejar \u00abdescansar\u00bb el coraz\u00f3n para que pueda recuperar algunas de sus funciones normales. En los pacientes que recuperan ciertas funciones del coraz\u00f3n, el dispositivo puede extraerse y es posible que ya no sea necesario el trasplante. En este caso, el VAD se usa como puente a la recuperaci\u00f3n.<\/li>\n<li>Asistir la circulaci\u00f3n durante un periodo determinado de a\u00f1os. Esta generalmente es la opci\u00f3n para algunos pacientes que est\u00e1n demasiado enfermos como para someterse a un trasplante de coraz\u00f3n. En este caso, el VAD se usa como terapia de destino.<\/li>\n<\/ul>\n<p>El uso de los VAD ha sido aprobado en Europa desde hace m\u00e1s de una d\u00e9cada. El tratamiento con VAD ha mejorado la supervivencia y la calidad de vida de los pacientes con insuficiencia card\u00edaca avanzada. Los nuevos dispositivos son m\u00e1s peque\u00f1os, m\u00e1s silenciosos y duran m\u00e1s tiempo. Algunos pacientes han sobrevivido durante varios a\u00f1os con un VAD mientras esperaban un coraz\u00f3n de un donante.<\/p>\n<h2>Casi todos los VAD est\u00e1n compuestos de tres partes:<\/h2>\n<ul>\n<li>Una bomba que se implanta en el cuerpo (VAD implantable) o se coloca fuera del cuerpo (VAD externo o paracorporal).<\/li>\n<li>Un sistema de control que permanece fuera del cuerpo y se usa para programar los ajustes del VAD.<\/li>\n<li>Una fuente de energ\u00eda externa para alimentar la bomba, como una consola o una bater\u00eda.<\/li>\n<\/ul>\n<p>Un VAD es una opci\u00f3n de tratamiento para ciertos pacientes con insuficiencia card\u00edaca en fase terminal. Su m\u00e9dico determinar\u00e1 si el VAD es un tratamiento apropiado para usted.<\/p>\n<h2>\u00bfD\u00f3nde y c\u00f3mo se coloca?<\/h2>\n<p>La implante de un VAD requiere una cirug\u00eda con anestesia general. El cirujano card\u00edaco conectar\u00e1 el dispositivo en la punta del ventr\u00edculo\u00a0para extraer la sangre del mismo y reinyectarla en la circulaci\u00f3n general (VAD izquierdo) o la arteria pulmonar (VAD derecho), aumentando as\u00ed el flujo sangu\u00edneo en el organismo y mejorando la perfusi\u00f3n de los \u00f3rganos.<\/p>\n<h2>Despu\u00e9s de la intervenci\u00f3n<\/h2>\n<p>A menudo es necesario pasar unos d\u00edas en la unidad de cuidados postoperatorios, seguidos de unos d\u00edas en una planta convencional para entender bien c\u00f3mo usar el dispositivo. A continuaci\u00f3n, es posible que se proponga un programa de rehabilitaci\u00f3n para mejorar la capacidad de esfuerzo. Entre los posibles acontecimientos adversos se pueden incluir: sangrado durante la cirug\u00eda, infecci\u00f3n, embolia y mal funcionamiento del dispositivo. Un VAD est\u00e1 dise\u00f1ado para funcionar durante un largo periodo de tiempo. El dispositivo le avisar\u00e1 si hay un problema.\u00a0El hospital le formar\u00e1 a usted y a su familia para que entiendan el dispositivo y sus alarmas.<\/p>\n<p>El hecho de llevar un VAD requerir\u00e1 que usted y su familia aprendan ciertas cosas. El uso de las bater\u00edas es muy sencillo. A pesar de los importantes avances t\u00e9cnicos, todav\u00eda es necesario un cable percut\u00e1neo (l\u00ednea de conducci\u00f3n) que conecte la bomba interior con el controlador externo y el vendaje del punto de salida requiere especial atenci\u00f3n para evitar infecciones. Deber\u00e1 seguir tomando algunos medicamentos para la insuficiencia card\u00edaca y tratamientos con anticoagulantes. No obstante, la mayor\u00eda de personas que tienen un LVAD pueden vivir en casa, moverse libremente y disfrutar de sus actividades favoritas e incluso volver a trabajar o a estudiar. Muchos pacientes con LVAD tambi\u00e9n observan que tienen m\u00e1s energ\u00eda que antes, porque hay m\u00e1s sangre oxigenada movi\u00e9ndose por su cuerpo. Si desea obtener m\u00e1s informaci\u00f3n, hable con su m\u00e9dico o enfermera en el hospital.<\/p>\n<p><a href=\"https:\/\/www.heartfailurematters.org\/es\/lo-que-pueden-hacer-su-medico-o-enfermero\/dispositivos-implantables\/\">Volver a Dispositivos<\/a><\/p>\n<h2><\/h2>\n","protected":false},"excerpt":{"rendered":"<p>\u00bfQu\u00e9 hace? Algunos pacientes con insuficiencia card\u00edaca avanzada no son candidatos apropiados para un trasplante de coraz\u00f3n. Adem\u00e1s, no siempre se dispone de coraz\u00f3n de un donante y algunos pacientes pueden llegar a esperar durante muchos a\u00f1os antes de encontrar un coraz\u00f3n de un donante id\u00f3neo. La asistencia circulatoria mec\u00e1nica, o ACM, es un m\u00e9todo [&hellip;]<\/p>\n","protected":false},"author":1,"featured_media":10579,"parent":2684,"menu_order":0,"comment_status":"open","ping_status":"open","template":"","meta":{"_acf_changed":false,"footnotes":""},"categories":[],"tags":[],"class_list":["post-2339","page","type-page","status-publish","has-post-thumbnail","hentry"],"acf":[],"yoast_head":"<!-- This site is optimized with the Yoast SEO plugin v24.8.1 - https:\/\/yoast.com\/wordpress\/plugins\/seo\/ -->\n<title>Dispositivos de asistencia ventricular izquierda (DAVI)<\/title>\n<meta name=\"description\" content=\"Los dispositivos de asistencia ventricular (DAV) facilitan el funcionamiento normal del coraz\u00f3n, prolongan la vida y mejoran la calidad de vida de aquellos que padecen una insuficiencia card\u00edaca avanzada.\" \/>\n<meta name=\"robots\" content=\"index, follow, max-snippet:-1, max-image-preview:large, max-video-preview:-1\" \/>\n<link rel=\"canonical\" href=\"https:\/\/www.heartfailurematters.org\/es\/lo-que-pueden-hacer-su-medico-o-enfermero\/dispositivo-de-asistencia-ventricular-para-el-ventriculo-izquierdo-lvad\/\" \/>\n<meta property=\"og:locale\" content=\"es_ES\" \/>\n<meta property=\"og:type\" content=\"article\" \/>\n<meta property=\"og:title\" content=\"Dispositivos de asistencia ventricular izquierda (DAVI)\" \/>\n<meta property=\"og:description\" content=\"Los dispositivos de asistencia ventricular (DAV) facilitan el funcionamiento normal del coraz\u00f3n, prolongan la vida y mejoran la calidad de vida de aquellos que padecen una insuficiencia card\u00edaca avanzada.\" \/>\n<meta property=\"og:url\" content=\"https:\/\/www.heartfailurematters.org\/es\/lo-que-pueden-hacer-su-medico-o-enfermero\/dispositivo-de-asistencia-ventricular-para-el-ventriculo-izquierdo-lvad\/\" \/>\n<meta property=\"og:site_name\" content=\"Heart Failure Matters\" \/>\n<meta property=\"article:publisher\" content=\"https:\/\/www.facebook.com\/heartfailurematters\" \/>\n<meta property=\"article:modified_time\" content=\"2022-01-26T09:48:35+00:00\" \/>\n<meta property=\"og:image\" content=\"https:\/\/www.heartfailurematters.org\/wp-content\/uploads\/2022\/02\/shutterstock_121294759-1-min.jpg\" \/>\n\t<meta property=\"og:image:width\" content=\"900\" \/>\n\t<meta property=\"og:image:height\" content=\"600\" \/>\n\t<meta property=\"og:image:type\" content=\"image\/jpeg\" \/>\n<meta name=\"twitter:card\" content=\"summary_large_image\" \/>\n<meta name=\"twitter:label1\" content=\"Tiempo de lectura\" \/>\n\t<meta name=\"twitter:data1\" content=\"4 minutos\" \/>\n<script type=\"application\/ld+json\" class=\"yoast-schema-graph\">{\"@context\":\"https:\/\/schema.org\",\"@graph\":[{\"@type\":\"WebPage\",\"@id\":\"https:\/\/www.heartfailurematters.org\/es\/lo-que-pueden-hacer-su-medico-o-enfermero\/dispositivo-de-asistencia-ventricular-para-el-ventriculo-izquierdo-lvad\/\",\"url\":\"https:\/\/www.heartfailurematters.org\/es\/lo-que-pueden-hacer-su-medico-o-enfermero\/dispositivo-de-asistencia-ventricular-para-el-ventriculo-izquierdo-lvad\/\",\"name\":\"Dispositivos de asistencia ventricular izquierda (DAVI)\",\"isPartOf\":{\"@id\":\"https:\/\/www.heartfailurematters.org\/es\/#website\"},\"primaryImageOfPage\":{\"@id\":\"https:\/\/www.heartfailurematters.org\/es\/lo-que-pueden-hacer-su-medico-o-enfermero\/dispositivo-de-asistencia-ventricular-para-el-ventriculo-izquierdo-lvad\/#primaryimage\"},\"image\":{\"@id\":\"https:\/\/www.heartfailurematters.org\/es\/lo-que-pueden-hacer-su-medico-o-enfermero\/dispositivo-de-asistencia-ventricular-para-el-ventriculo-izquierdo-lvad\/#primaryimage\"},\"thumbnailUrl\":\"https:\/\/www.heartfailurematters.org\/wp-content\/uploads\/2022\/02\/shutterstock_121294759-1-min.jpg\",\"datePublished\":\"2021-01-27T22:09:41+00:00\",\"dateModified\":\"2022-01-26T09:48:35+00:00\",\"description\":\"Los dispositivos de asistencia ventricular (DAV) facilitan el funcionamiento normal del coraz\u00f3n, prolongan la vida y mejoran la calidad de vida de aquellos que padecen una insuficiencia card\u00edaca avanzada.\",\"breadcrumb\":{\"@id\":\"https:\/\/www.heartfailurematters.org\/es\/lo-que-pueden-hacer-su-medico-o-enfermero\/dispositivo-de-asistencia-ventricular-para-el-ventriculo-izquierdo-lvad\/#breadcrumb\"},\"inLanguage\":\"es\",\"potentialAction\":[{\"@type\":\"ReadAction\",\"target\":[\"https:\/\/www.heartfailurematters.org\/es\/lo-que-pueden-hacer-su-medico-o-enfermero\/dispositivo-de-asistencia-ventricular-para-el-ventriculo-izquierdo-lvad\/\"]}]},{\"@type\":\"ImageObject\",\"inLanguage\":\"es\",\"@id\":\"https:\/\/www.heartfailurematters.org\/es\/lo-que-pueden-hacer-su-medico-o-enfermero\/dispositivo-de-asistencia-ventricular-para-el-ventriculo-izquierdo-lvad\/#primaryimage\",\"url\":\"https:\/\/www.heartfailurematters.org\/wp-content\/uploads\/2022\/02\/shutterstock_121294759-1-min.jpg\",\"contentUrl\":\"https:\/\/www.heartfailurematters.org\/wp-content\/uploads\/2022\/02\/shutterstock_121294759-1-min.jpg\",\"width\":900,\"height\":600},{\"@type\":\"BreadcrumbList\",\"@id\":\"https:\/\/www.heartfailurematters.org\/es\/lo-que-pueden-hacer-su-medico-o-enfermero\/dispositivo-de-asistencia-ventricular-para-el-ventriculo-izquierdo-lvad\/#breadcrumb\",\"itemListElement\":[{\"@type\":\"ListItem\",\"position\":1,\"name\":\"Inicio\",\"item\":\"https:\/\/www.heartfailurematters.org\/es\/\"},{\"@type\":\"ListItem\",\"position\":2,\"name\":\"\u00bfQu\u00e9 puede hacer su m\u00e9dico?\",\"item\":\"https:\/\/www.heartfailurematters.org\/es\/lo-que-pueden-hacer-su-medico-o-enfermero\/\"},{\"@type\":\"ListItem\",\"position\":3,\"name\":\"Dispositivo de asistencia ventricular para el ventr\u00edculo izquierdo (LVAD)\"}]},{\"@type\":\"WebSite\",\"@id\":\"https:\/\/www.heartfailurematters.org\/es\/#website\",\"url\":\"https:\/\/www.heartfailurematters.org\/es\/\",\"name\":\"Heart Failure Matters\",\"description\":\"Practical information for patients, families and caregivers.\",\"publisher\":{\"@id\":\"https:\/\/www.heartfailurematters.org\/es\/#organization\"},\"potentialAction\":[{\"@type\":\"SearchAction\",\"target\":{\"@type\":\"EntryPoint\",\"urlTemplate\":\"https:\/\/www.heartfailurematters.org\/es\/?s={search_term_string}\"},\"query-input\":{\"@type\":\"PropertyValueSpecification\",\"valueRequired\":true,\"valueName\":\"search_term_string\"}}],\"inLanguage\":\"es\"},{\"@type\":\"Organization\",\"@id\":\"https:\/\/www.heartfailurematters.org\/es\/#organization\",\"name\":\"Heart Failure Matters\",\"url\":\"https:\/\/www.heartfailurematters.org\/es\/\",\"logo\":{\"@type\":\"ImageObject\",\"inLanguage\":\"es\",\"@id\":\"https:\/\/www.heartfailurematters.org\/es\/#\/schema\/logo\/image\/\",\"url\":\"https:\/\/cdn-endpoint-hfm.azureedge.net\/heartfailurematters\/2024\/07\/hfm-logo1.jpg\",\"contentUrl\":\"https:\/\/cdn-endpoint-hfm.azureedge.net\/heartfailurematters\/2024\/07\/hfm-logo1.jpg\",\"width\":1280,\"height\":720,\"caption\":\"Heart Failure Matters\"},\"image\":{\"@id\":\"https:\/\/www.heartfailurematters.org\/es\/#\/schema\/logo\/image\/\"},\"sameAs\":[\"https:\/\/www.facebook.com\/heartfailurematters\"]}]}<\/script>\n<!-- \/ Yoast SEO plugin. -->","yoast_head_json":{"title":"Dispositivos de asistencia ventricular izquierda (DAVI)","description":"Los dispositivos de asistencia ventricular (DAV) facilitan el funcionamiento normal del coraz\u00f3n, prolongan la vida y mejoran la calidad de vida de aquellos que padecen una insuficiencia card\u00edaca avanzada.","robots":{"index":"index","follow":"follow","max-snippet":"max-snippet:-1","max-image-preview":"max-image-preview:large","max-video-preview":"max-video-preview:-1"},"canonical":"https:\/\/www.heartfailurematters.org\/es\/lo-que-pueden-hacer-su-medico-o-enfermero\/dispositivo-de-asistencia-ventricular-para-el-ventriculo-izquierdo-lvad\/","og_locale":"es_ES","og_type":"article","og_title":"Dispositivos de asistencia ventricular izquierda (DAVI)","og_description":"Los dispositivos de asistencia ventricular (DAV) facilitan el funcionamiento normal del coraz\u00f3n, prolongan la vida y mejoran la calidad de vida de aquellos que padecen una insuficiencia card\u00edaca avanzada.","og_url":"https:\/\/www.heartfailurematters.org\/es\/lo-que-pueden-hacer-su-medico-o-enfermero\/dispositivo-de-asistencia-ventricular-para-el-ventriculo-izquierdo-lvad\/","og_site_name":"Heart Failure Matters","article_publisher":"https:\/\/www.facebook.com\/heartfailurematters","article_modified_time":"2022-01-26T09:48:35+00:00","og_image":[{"width":900,"height":600,"url":"https:\/\/www.heartfailurematters.org\/wp-content\/uploads\/2022\/02\/shutterstock_121294759-1-min.jpg","type":"image\/jpeg"}],"twitter_card":"summary_large_image","twitter_misc":{"Tiempo de lectura":"4 minutos"},"schema":{"@context":"https:\/\/schema.org","@graph":[{"@type":"WebPage","@id":"https:\/\/www.heartfailurematters.org\/es\/lo-que-pueden-hacer-su-medico-o-enfermero\/dispositivo-de-asistencia-ventricular-para-el-ventriculo-izquierdo-lvad\/","url":"https:\/\/www.heartfailurematters.org\/es\/lo-que-pueden-hacer-su-medico-o-enfermero\/dispositivo-de-asistencia-ventricular-para-el-ventriculo-izquierdo-lvad\/","name":"Dispositivos de asistencia ventricular izquierda (DAVI)","isPartOf":{"@id":"https:\/\/www.heartfailurematters.org\/es\/#website"},"primaryImageOfPage":{"@id":"https:\/\/www.heartfailurematters.org\/es\/lo-que-pueden-hacer-su-medico-o-enfermero\/dispositivo-de-asistencia-ventricular-para-el-ventriculo-izquierdo-lvad\/#primaryimage"},"image":{"@id":"https:\/\/www.heartfailurematters.org\/es\/lo-que-pueden-hacer-su-medico-o-enfermero\/dispositivo-de-asistencia-ventricular-para-el-ventriculo-izquierdo-lvad\/#primaryimage"},"thumbnailUrl":"https:\/\/www.heartfailurematters.org\/wp-content\/uploads\/2022\/02\/shutterstock_121294759-1-min.jpg","datePublished":"2021-01-27T22:09:41+00:00","dateModified":"2022-01-26T09:48:35+00:00","description":"Los dispositivos de asistencia ventricular (DAV) facilitan el funcionamiento normal del coraz\u00f3n, prolongan la vida y mejoran la calidad de vida de aquellos que padecen una insuficiencia card\u00edaca avanzada.","breadcrumb":{"@id":"https:\/\/www.heartfailurematters.org\/es\/lo-que-pueden-hacer-su-medico-o-enfermero\/dispositivo-de-asistencia-ventricular-para-el-ventriculo-izquierdo-lvad\/#breadcrumb"},"inLanguage":"es","potentialAction":[{"@type":"ReadAction","target":["https:\/\/www.heartfailurematters.org\/es\/lo-que-pueden-hacer-su-medico-o-enfermero\/dispositivo-de-asistencia-ventricular-para-el-ventriculo-izquierdo-lvad\/"]}]},{"@type":"ImageObject","inLanguage":"es","@id":"https:\/\/www.heartfailurematters.org\/es\/lo-que-pueden-hacer-su-medico-o-enfermero\/dispositivo-de-asistencia-ventricular-para-el-ventriculo-izquierdo-lvad\/#primaryimage","url":"https:\/\/www.heartfailurematters.org\/wp-content\/uploads\/2022\/02\/shutterstock_121294759-1-min.jpg","contentUrl":"https:\/\/www.heartfailurematters.org\/wp-content\/uploads\/2022\/02\/shutterstock_121294759-1-min.jpg","width":900,"height":600},{"@type":"BreadcrumbList","@id":"https:\/\/www.heartfailurematters.org\/es\/lo-que-pueden-hacer-su-medico-o-enfermero\/dispositivo-de-asistencia-ventricular-para-el-ventriculo-izquierdo-lvad\/#breadcrumb","itemListElement":[{"@type":"ListItem","position":1,"name":"Inicio","item":"https:\/\/www.heartfailurematters.org\/es\/"},{"@type":"ListItem","position":2,"name":"\u00bfQu\u00e9 puede hacer su m\u00e9dico?","item":"https:\/\/www.heartfailurematters.org\/es\/lo-que-pueden-hacer-su-medico-o-enfermero\/"},{"@type":"ListItem","position":3,"name":"Dispositivo de asistencia ventricular para el ventr\u00edculo izquierdo (LVAD)"}]},{"@type":"WebSite","@id":"https:\/\/www.heartfailurematters.org\/es\/#website","url":"https:\/\/www.heartfailurematters.org\/es\/","name":"Heart Failure Matters","description":"Practical information for patients, families and caregivers.","publisher":{"@id":"https:\/\/www.heartfailurematters.org\/es\/#organization"},"potentialAction":[{"@type":"SearchAction","target":{"@type":"EntryPoint","urlTemplate":"https:\/\/www.heartfailurematters.org\/es\/?s={search_term_string}"},"query-input":{"@type":"PropertyValueSpecification","valueRequired":true,"valueName":"search_term_string"}}],"inLanguage":"es"},{"@type":"Organization","@id":"https:\/\/www.heartfailurematters.org\/es\/#organization","name":"Heart Failure Matters","url":"https:\/\/www.heartfailurematters.org\/es\/","logo":{"@type":"ImageObject","inLanguage":"es","@id":"https:\/\/www.heartfailurematters.org\/es\/#\/schema\/logo\/image\/","url":"https:\/\/cdn-endpoint-hfm.azureedge.net\/heartfailurematters\/2024\/07\/hfm-logo1.jpg","contentUrl":"https:\/\/cdn-endpoint-hfm.azureedge.net\/heartfailurematters\/2024\/07\/hfm-logo1.jpg","width":1280,"height":720,"caption":"Heart Failure Matters"},"image":{"@id":"https:\/\/www.heartfailurematters.org\/es\/#\/schema\/logo\/image\/"},"sameAs":["https:\/\/www.facebook.com\/heartfailurematters"]}]}},"_links":{"self":[{"href":"https:\/\/www.heartfailurematters.org\/es\/wp-json\/wp\/v2\/pages\/2339","targetHints":{"allow":["GET"]}}],"collection":[{"href":"https:\/\/www.heartfailurematters.org\/es\/wp-json\/wp\/v2\/pages"}],"about":[{"href":"https:\/\/www.heartfailurematters.org\/es\/wp-json\/wp\/v2\/types\/page"}],"author":[{"embeddable":true,"href":"https:\/\/www.heartfailurematters.org\/es\/wp-json\/wp\/v2\/users\/1"}],"replies":[{"embeddable":true,"href":"https:\/\/www.heartfailurematters.org\/es\/wp-json\/wp\/v2\/comments?post=2339"}],"version-history":[{"count":1,"href":"https:\/\/www.heartfailurematters.org\/es\/wp-json\/wp\/v2\/pages\/2339\/revisions"}],"predecessor-version":[{"id":10481,"href":"https:\/\/www.heartfailurematters.org\/es\/wp-json\/wp\/v2\/pages\/2339\/revisions\/10481"}],"up":[{"embeddable":true,"href":"https:\/\/www.heartfailurematters.org\/es\/wp-json\/wp\/v2\/pages\/2684"}],"wp:featuredmedia":[{"embeddable":true,"href":"https:\/\/www.heartfailurematters.org\/es\/wp-json\/wp\/v2\/media\/10579"}],"wp:attachment":[{"href":"https:\/\/www.heartfailurematters.org\/es\/wp-json\/wp\/v2\/media?parent=2339"}],"wp:term":[{"taxonomy":"category","embeddable":true,"href":"https:\/\/www.heartfailurematters.org\/es\/wp-json\/wp\/v2\/categories?post=2339"},{"taxonomy":"post_tag","embeddable":true,"href":"https:\/\/www.heartfailurematters.org\/es\/wp-json\/wp\/v2\/tags?post=2339"}],"curies":[{"name":"wp","href":"https:\/\/api.w.org\/{rel}","templated":true}]}}