{"id":2338,"date":"2021-01-27T22:09:33","date_gmt":"2021-01-27T22:09:33","guid":{"rendered":"http:\/\/heartfailurematters.local:8888\/anemia\/"},"modified":"2022-01-25T13:04:01","modified_gmt":"2022-01-25T13:04:01","slug":"anemia","status":"publish","type":"page","link":"https:\/\/www.heartfailurematters.org\/es\/causas-de-la-insuficiencia-cardiaca-y-otras-afecciones-medicas-frecuentes\/anemia\/","title":{"rendered":"Anemia"},"content":{"rendered":"<p>Tener anemia significa que la cantidad de <a class=\"addtooltip\" title=\"Un compuesto complejo de prote\u00edna-hierro que transporta ox\u00edgeno a las c\u00e9lulas desde los pulmones y di\u00f3xido de carbono de las c\u00e9lulas y hacia los pulmones.\"><strong>hemoglobina<\/strong><\/a> en la sangre es anormalmente baja. Los gl\u00f3bulos rojos contienen hemoglobina, que transporta ox\u00edgeno a todo el organismo. Por lo tanto, si no tiene suficientes gl\u00f3bulos rojos, el coraz\u00f3n tendr\u00e1 que hacer un mayor esfuerzo para llevar el ox\u00edgeno al organismo. Esta carga de trabajo adicional puede agravar la insuficiencia card\u00edaca.<\/p>\n<p>La anemia tiene varias causas. Una causa frecuente es la p\u00e9rdida cr\u00f3nica de sangre, como una hemorragia intestinal. El sangrado cr\u00f3nico tambi\u00e9n agotar\u00e1 las reservas de hierro del cuerpo y producir\u00e1 una anemia ferrop\u00e9nica. La m\u00e9dula \u00f3sea produce gl\u00f3bulos rojos, y enfermedades como la insuficiencia renal, la inflamaci\u00f3n cr\u00f3nica o un tratamiento contra el c\u00e1ncer pueden reducir la producci\u00f3n de m\u00e9dula \u00f3sea y provocar anemia. Otras situaciones, como la presencia de una v\u00e1lvula card\u00edaca artificial, a veces pueden da\u00f1ar los gl\u00f3bulos rojos circulantes y causar anemia.<\/p>\n<p>Los an\u00e1lisis de sangre peri\u00f3dicos realizados por el m\u00e9dico de cabecera incluyen la medici\u00f3n de la hemoglobina e identificar\u00e1n la necesidad de realizar m\u00e1s pruebas. Una vez identificada la causa de la anemia, se puede iniciar un tratamiento adecuado.<\/p>\n<p><a href=\"https:\/\/www.heartfailurematters.org\/heart-failure-causes-and-other-common-medical-conditions\/other-common-medical-conditions-and-heart-failure\/\">Volver a Otras enfermedades frecuentes e insuficiencia card\u00edaca<\/a><\/p>\n","protected":false},"excerpt":{"rendered":"<p>Tener anemia significa que la cantidad de hemoglobina en la sangre es anormalmente baja. Los gl\u00f3bulos rojos contienen hemoglobina, que transporta ox\u00edgeno a todo el organismo. Por lo tanto, si no tiene suficientes gl\u00f3bulos rojos, el coraz\u00f3n tendr\u00e1 que hacer un mayor esfuerzo para llevar el ox\u00edgeno al organismo. Esta carga de trabajo adicional puede [&hellip;]<\/p>\n","protected":false},"author":1,"featured_media":10631,"parent":8046,"menu_order":13,"comment_status":"open","ping_status":"open","template":"","meta":{"_acf_changed":false,"footnotes":""},"categories":[],"tags":[],"class_list":["post-2338","page","type-page","status-publish","has-post-thumbnail","hentry"],"acf":[],"yoast_head":"<!-- This site is optimized with the Yoast SEO plugin v24.8.1 - https:\/\/yoast.com\/wordpress\/plugins\/seo\/ -->\n<title>Anemia y pacientes con insuficiencia cardiaca<\/title>\n<meta name=\"description\" content=\"Tener anemia significa que la cantidad de hemoglobina en la sangre es anormalmente baja. Descubra c\u00f3mo la anemia puede agravar la insuficiencia card\u00edaca.\" \/>\n<meta name=\"robots\" content=\"index, follow, max-snippet:-1, max-image-preview:large, max-video-preview:-1\" \/>\n<link rel=\"canonical\" href=\"https:\/\/www.heartfailurematters.org\/es\/causas-de-la-insuficiencia-cardiaca-y-otras-afecciones-medicas-frecuentes\/anemia\/\" \/>\n<meta property=\"og:locale\" content=\"es_ES\" \/>\n<meta property=\"og:type\" content=\"article\" \/>\n<meta property=\"og:title\" content=\"Anemia y pacientes con insuficiencia cardiaca\" \/>\n<meta property=\"og:description\" content=\"Tener anemia significa que la cantidad de hemoglobina en la sangre es anormalmente baja. Descubra c\u00f3mo la anemia puede agravar la insuficiencia card\u00edaca.\" \/>\n<meta property=\"og:url\" content=\"https:\/\/www.heartfailurematters.org\/es\/causas-de-la-insuficiencia-cardiaca-y-otras-afecciones-medicas-frecuentes\/anemia\/\" \/>\n<meta property=\"og:site_name\" content=\"Heart Failure Matters\" \/>\n<meta property=\"article:publisher\" content=\"https:\/\/www.facebook.com\/heartfailurematters\" \/>\n<meta property=\"article:modified_time\" content=\"2022-01-25T13:04:01+00:00\" \/>\n<meta property=\"og:image\" content=\"https:\/\/www.heartfailurematters.org\/wp-content\/uploads\/2022\/02\/shutterstock_1114244621-1-min.jpg\" \/>\n\t<meta property=\"og:image:width\" content=\"900\" \/>\n\t<meta property=\"og:image:height\" content=\"596\" \/>\n\t<meta property=\"og:image:type\" content=\"image\/jpeg\" \/>\n<meta name=\"twitter:card\" content=\"summary_large_image\" \/>\n<meta name=\"twitter:label1\" content=\"Tiempo de lectura\" \/>\n\t<meta name=\"twitter:data1\" content=\"1 minuto\" \/>\n<script type=\"application\/ld+json\" class=\"yoast-schema-graph\">{\"@context\":\"https:\/\/schema.org\",\"@graph\":[{\"@type\":\"WebPage\",\"@id\":\"https:\/\/www.heartfailurematters.org\/es\/causas-de-la-insuficiencia-cardiaca-y-otras-afecciones-medicas-frecuentes\/anemia\/\",\"url\":\"https:\/\/www.heartfailurematters.org\/es\/causas-de-la-insuficiencia-cardiaca-y-otras-afecciones-medicas-frecuentes\/anemia\/\",\"name\":\"Anemia y pacientes con insuficiencia cardiaca\",\"isPartOf\":{\"@id\":\"https:\/\/www.heartfailurematters.org\/es\/#website\"},\"primaryImageOfPage\":{\"@id\":\"https:\/\/www.heartfailurematters.org\/es\/causas-de-la-insuficiencia-cardiaca-y-otras-afecciones-medicas-frecuentes\/anemia\/#primaryimage\"},\"image\":{\"@id\":\"https:\/\/www.heartfailurematters.org\/es\/causas-de-la-insuficiencia-cardiaca-y-otras-afecciones-medicas-frecuentes\/anemia\/#primaryimage\"},\"thumbnailUrl\":\"https:\/\/www.heartfailurematters.org\/wp-content\/uploads\/2022\/02\/shutterstock_1114244621-1-min.jpg\",\"datePublished\":\"2021-01-27T22:09:33+00:00\",\"dateModified\":\"2022-01-25T13:04:01+00:00\",\"description\":\"Tener anemia significa que la cantidad de hemoglobina en la sangre es anormalmente baja. Descubra c\u00f3mo la anemia puede agravar la insuficiencia card\u00edaca.\",\"breadcrumb\":{\"@id\":\"https:\/\/www.heartfailurematters.org\/es\/causas-de-la-insuficiencia-cardiaca-y-otras-afecciones-medicas-frecuentes\/anemia\/#breadcrumb\"},\"inLanguage\":\"es\",\"potentialAction\":[{\"@type\":\"ReadAction\",\"target\":[\"https:\/\/www.heartfailurematters.org\/es\/causas-de-la-insuficiencia-cardiaca-y-otras-afecciones-medicas-frecuentes\/anemia\/\"]}]},{\"@type\":\"ImageObject\",\"inLanguage\":\"es\",\"@id\":\"https:\/\/www.heartfailurematters.org\/es\/causas-de-la-insuficiencia-cardiaca-y-otras-afecciones-medicas-frecuentes\/anemia\/#primaryimage\",\"url\":\"https:\/\/www.heartfailurematters.org\/wp-content\/uploads\/2022\/02\/shutterstock_1114244621-1-min.jpg\",\"contentUrl\":\"https:\/\/www.heartfailurematters.org\/wp-content\/uploads\/2022\/02\/shutterstock_1114244621-1-min.jpg\",\"width\":900,\"height\":596},{\"@type\":\"BreadcrumbList\",\"@id\":\"https:\/\/www.heartfailurematters.org\/es\/causas-de-la-insuficiencia-cardiaca-y-otras-afecciones-medicas-frecuentes\/anemia\/#breadcrumb\",\"itemListElement\":[{\"@type\":\"ListItem\",\"position\":1,\"name\":\"Inicio\",\"item\":\"https:\/\/www.heartfailurematters.org\/es\/\"},{\"@type\":\"ListItem\",\"position\":2,\"name\":\"Causas de la insuficiencia card\u00edaca y otras afecciones m\u00e9dicas frecuentes\",\"item\":\"https:\/\/www.heartfailurematters.org\/es\/causas-de-la-insuficiencia-cardiaca-y-otras-afecciones-medicas-frecuentes\/\"},{\"@type\":\"ListItem\",\"position\":3,\"name\":\"Anemia\"}]},{\"@type\":\"WebSite\",\"@id\":\"https:\/\/www.heartfailurematters.org\/es\/#website\",\"url\":\"https:\/\/www.heartfailurematters.org\/es\/\",\"name\":\"Heart Failure Matters\",\"description\":\"Practical information for patients, families and caregivers.\",\"publisher\":{\"@id\":\"https:\/\/www.heartfailurematters.org\/es\/#organization\"},\"potentialAction\":[{\"@type\":\"SearchAction\",\"target\":{\"@type\":\"EntryPoint\",\"urlTemplate\":\"https:\/\/www.heartfailurematters.org\/es\/?s={search_term_string}\"},\"query-input\":{\"@type\":\"PropertyValueSpecification\",\"valueRequired\":true,\"valueName\":\"search_term_string\"}}],\"inLanguage\":\"es\"},{\"@type\":\"Organization\",\"@id\":\"https:\/\/www.heartfailurematters.org\/es\/#organization\",\"name\":\"Heart Failure Matters\",\"url\":\"https:\/\/www.heartfailurematters.org\/es\/\",\"logo\":{\"@type\":\"ImageObject\",\"inLanguage\":\"es\",\"@id\":\"https:\/\/www.heartfailurematters.org\/es\/#\/schema\/logo\/image\/\",\"url\":\"https:\/\/cdn-endpoint-hfm.azureedge.net\/heartfailurematters\/2024\/07\/hfm-logo1.jpg\",\"contentUrl\":\"https:\/\/cdn-endpoint-hfm.azureedge.net\/heartfailurematters\/2024\/07\/hfm-logo1.jpg\",\"width\":1280,\"height\":720,\"caption\":\"Heart Failure Matters\"},\"image\":{\"@id\":\"https:\/\/www.heartfailurematters.org\/es\/#\/schema\/logo\/image\/\"},\"sameAs\":[\"https:\/\/www.facebook.com\/heartfailurematters\"]}]}<\/script>\n<!-- \/ Yoast SEO plugin. -->","yoast_head_json":{"title":"Anemia y pacientes con insuficiencia cardiaca","description":"Tener anemia significa que la cantidad de hemoglobina en la sangre es anormalmente baja. Descubra c\u00f3mo la anemia puede agravar la insuficiencia card\u00edaca.","robots":{"index":"index","follow":"follow","max-snippet":"max-snippet:-1","max-image-preview":"max-image-preview:large","max-video-preview":"max-video-preview:-1"},"canonical":"https:\/\/www.heartfailurematters.org\/es\/causas-de-la-insuficiencia-cardiaca-y-otras-afecciones-medicas-frecuentes\/anemia\/","og_locale":"es_ES","og_type":"article","og_title":"Anemia y pacientes con insuficiencia cardiaca","og_description":"Tener anemia significa que la cantidad de hemoglobina en la sangre es anormalmente baja. Descubra c\u00f3mo la anemia puede agravar la insuficiencia card\u00edaca.","og_url":"https:\/\/www.heartfailurematters.org\/es\/causas-de-la-insuficiencia-cardiaca-y-otras-afecciones-medicas-frecuentes\/anemia\/","og_site_name":"Heart Failure Matters","article_publisher":"https:\/\/www.facebook.com\/heartfailurematters","article_modified_time":"2022-01-25T13:04:01+00:00","og_image":[{"width":900,"height":596,"url":"https:\/\/www.heartfailurematters.org\/wp-content\/uploads\/2022\/02\/shutterstock_1114244621-1-min.jpg","type":"image\/jpeg"}],"twitter_card":"summary_large_image","twitter_misc":{"Tiempo de lectura":"1 minuto"},"schema":{"@context":"https:\/\/schema.org","@graph":[{"@type":"WebPage","@id":"https:\/\/www.heartfailurematters.org\/es\/causas-de-la-insuficiencia-cardiaca-y-otras-afecciones-medicas-frecuentes\/anemia\/","url":"https:\/\/www.heartfailurematters.org\/es\/causas-de-la-insuficiencia-cardiaca-y-otras-afecciones-medicas-frecuentes\/anemia\/","name":"Anemia y pacientes con insuficiencia cardiaca","isPartOf":{"@id":"https:\/\/www.heartfailurematters.org\/es\/#website"},"primaryImageOfPage":{"@id":"https:\/\/www.heartfailurematters.org\/es\/causas-de-la-insuficiencia-cardiaca-y-otras-afecciones-medicas-frecuentes\/anemia\/#primaryimage"},"image":{"@id":"https:\/\/www.heartfailurematters.org\/es\/causas-de-la-insuficiencia-cardiaca-y-otras-afecciones-medicas-frecuentes\/anemia\/#primaryimage"},"thumbnailUrl":"https:\/\/www.heartfailurematters.org\/wp-content\/uploads\/2022\/02\/shutterstock_1114244621-1-min.jpg","datePublished":"2021-01-27T22:09:33+00:00","dateModified":"2022-01-25T13:04:01+00:00","description":"Tener anemia significa que la cantidad de hemoglobina en la sangre es anormalmente baja. Descubra c\u00f3mo la anemia puede agravar la insuficiencia card\u00edaca.","breadcrumb":{"@id":"https:\/\/www.heartfailurematters.org\/es\/causas-de-la-insuficiencia-cardiaca-y-otras-afecciones-medicas-frecuentes\/anemia\/#breadcrumb"},"inLanguage":"es","potentialAction":[{"@type":"ReadAction","target":["https:\/\/www.heartfailurematters.org\/es\/causas-de-la-insuficiencia-cardiaca-y-otras-afecciones-medicas-frecuentes\/anemia\/"]}]},{"@type":"ImageObject","inLanguage":"es","@id":"https:\/\/www.heartfailurematters.org\/es\/causas-de-la-insuficiencia-cardiaca-y-otras-afecciones-medicas-frecuentes\/anemia\/#primaryimage","url":"https:\/\/www.heartfailurematters.org\/wp-content\/uploads\/2022\/02\/shutterstock_1114244621-1-min.jpg","contentUrl":"https:\/\/www.heartfailurematters.org\/wp-content\/uploads\/2022\/02\/shutterstock_1114244621-1-min.jpg","width":900,"height":596},{"@type":"BreadcrumbList","@id":"https:\/\/www.heartfailurematters.org\/es\/causas-de-la-insuficiencia-cardiaca-y-otras-afecciones-medicas-frecuentes\/anemia\/#breadcrumb","itemListElement":[{"@type":"ListItem","position":1,"name":"Inicio","item":"https:\/\/www.heartfailurematters.org\/es\/"},{"@type":"ListItem","position":2,"name":"Causas de la insuficiencia card\u00edaca y otras afecciones m\u00e9dicas frecuentes","item":"https:\/\/www.heartfailurematters.org\/es\/causas-de-la-insuficiencia-cardiaca-y-otras-afecciones-medicas-frecuentes\/"},{"@type":"ListItem","position":3,"name":"Anemia"}]},{"@type":"WebSite","@id":"https:\/\/www.heartfailurematters.org\/es\/#website","url":"https:\/\/www.heartfailurematters.org\/es\/","name":"Heart Failure Matters","description":"Practical information for patients, families and caregivers.","publisher":{"@id":"https:\/\/www.heartfailurematters.org\/es\/#organization"},"potentialAction":[{"@type":"SearchAction","target":{"@type":"EntryPoint","urlTemplate":"https:\/\/www.heartfailurematters.org\/es\/?s={search_term_string}"},"query-input":{"@type":"PropertyValueSpecification","valueRequired":true,"valueName":"search_term_string"}}],"inLanguage":"es"},{"@type":"Organization","@id":"https:\/\/www.heartfailurematters.org\/es\/#organization","name":"Heart Failure Matters","url":"https:\/\/www.heartfailurematters.org\/es\/","logo":{"@type":"ImageObject","inLanguage":"es","@id":"https:\/\/www.heartfailurematters.org\/es\/#\/schema\/logo\/image\/","url":"https:\/\/cdn-endpoint-hfm.azureedge.net\/heartfailurematters\/2024\/07\/hfm-logo1.jpg","contentUrl":"https:\/\/cdn-endpoint-hfm.azureedge.net\/heartfailurematters\/2024\/07\/hfm-logo1.jpg","width":1280,"height":720,"caption":"Heart Failure Matters"},"image":{"@id":"https:\/\/www.heartfailurematters.org\/es\/#\/schema\/logo\/image\/"},"sameAs":["https:\/\/www.facebook.com\/heartfailurematters"]}]}},"_links":{"self":[{"href":"https:\/\/www.heartfailurematters.org\/es\/wp-json\/wp\/v2\/pages\/2338","targetHints":{"allow":["GET"]}}],"collection":[{"href":"https:\/\/www.heartfailurematters.org\/es\/wp-json\/wp\/v2\/pages"}],"about":[{"href":"https:\/\/www.heartfailurematters.org\/es\/wp-json\/wp\/v2\/types\/page"}],"author":[{"embeddable":true,"href":"https:\/\/www.heartfailurematters.org\/es\/wp-json\/wp\/v2\/users\/1"}],"replies":[{"embeddable":true,"href":"https:\/\/www.heartfailurematters.org\/es\/wp-json\/wp\/v2\/comments?post=2338"}],"version-history":[{"count":5,"href":"https:\/\/www.heartfailurematters.org\/es\/wp-json\/wp\/v2\/pages\/2338\/revisions"}],"predecessor-version":[{"id":10433,"href":"https:\/\/www.heartfailurematters.org\/es\/wp-json\/wp\/v2\/pages\/2338\/revisions\/10433"}],"up":[{"embeddable":true,"href":"https:\/\/www.heartfailurematters.org\/es\/wp-json\/wp\/v2\/pages\/8046"}],"wp:featuredmedia":[{"embeddable":true,"href":"https:\/\/www.heartfailurematters.org\/es\/wp-json\/wp\/v2\/media\/10631"}],"wp:attachment":[{"href":"https:\/\/www.heartfailurematters.org\/es\/wp-json\/wp\/v2\/media?parent=2338"}],"wp:term":[{"taxonomy":"category","embeddable":true,"href":"https:\/\/www.heartfailurematters.org\/es\/wp-json\/wp\/v2\/categories?post=2338"},{"taxonomy":"post_tag","embeddable":true,"href":"https:\/\/www.heartfailurematters.org\/es\/wp-json\/wp\/v2\/tags?post=2338"}],"curies":[{"name":"wp","href":"https:\/\/api.w.org\/{rel}","templated":true}]}}