{"id":2337,"date":"2021-01-27T22:09:49","date_gmt":"2021-01-27T22:09:49","guid":{"rendered":"http:\/\/heartfailurematters.local:8888\/que-es-la-insuficiencia-cardiaca\/"},"modified":"2022-02-24T16:05:12","modified_gmt":"2022-02-24T16:05:12","slug":"que-es-la-insuficiencia-cardiaca","status":"publish","type":"page","link":"https:\/\/www.heartfailurematters.org\/es\/conocer-la-insuficiencia-cardiaca\/que-es-la-insuficiencia-cardiaca\/","title":{"rendered":"\u00bfQu\u00e9 es la insuficiencia card\u00edaca?"},"content":{"rendered":"<p>La insuficiencia card\u00edaca es una enfermedad grave en la que el coraz\u00f3n no bombea la sangre al organismo como deber\u00eda. Esto significa que la sangre no puede llevar suficiente ox\u00edgeno y nutrientes al organismo para que funcione normalmente, lo que, por ejemplo, puede causar sensaci\u00f3n de cansancio o fatiga. Tambi\u00e9n significa que no se pueden eliminar adecuadamente los desechos, con lo cual se acumula l\u00edquido en los pulmones y en otras partes del cuerpo, como las extremidades inferiores y el abdomen.<\/p>\n<p>La insuficiencia card\u00edaca suele aparecer cuando se tiene (o ha tenido) un trastorno m\u00e9dico, como una <a class=\"addtooltip\" title=\"Enfermedad que aparece cuando las arterias coronarias se estrechan o se obstruyen completamente. El flujo sangu\u00edneo disminuye y se pueden producir angina, ataque card\u00edaco e insuficiencia card\u00edaca.\"><strong>enfermedad coronaria<\/strong><\/a>, un <a class=\"addtooltip\" title=\"Lesi\u00f3n que se produce en el m\u00fasculo card\u00edaco cuando se obstruye una arteria coronaria y el flujo sangu\u00edneo a una parte del m\u00fasculo disminuye considerablemente o se interrumpe.\"><strong>infarto de miocardio <\/strong><\/a> o hipertensi\u00f3n, que ha da\u00f1ado el coraz\u00f3n o lo ha sometido a cargas adicionales. Estas son las causas m\u00e1s comunes que pueden haber provocado la insuficiencia card\u00edaca. No obstante, hay muchos otros motivos que pueden explicar la presencia de una insuficiencia card\u00edaca, como la presi\u00f3n arterial, una enfermedad coronaria, una valvulopat\u00eda, una cardiomiopat\u00eda y las arritmias.<\/p>\n<p>La insuficiencia card\u00edaca puede manifestarse a cualquier edad, pero su frecuencia aumenta claramente al avanzar la edad. Alrededor del 1\u00a0% de las personas menores de 65 a\u00f1os padecen insuficiencia card\u00edaca, pero el 7\u00a0% de las personas de 75 a 84 a\u00f1os presentan esta enfermedad, porcentaje que aumenta al 15\u00a0% en las personas mayores de 85 a\u00f1os. Esta es la causa m\u00e1s frecuente de hospitalizaci\u00f3n en las personas mayores de 65 a\u00f1os.<\/p>\n<p>Aunque se denomina \u00abinsuficiencia\u00bb card\u00edaca, esto no significa que el coraz\u00f3n est\u00e9 a punto de dejar de funcionar. Quiere decir que el coraz\u00f3n tiene dificultades para satisfacer las necesidades del organismo (especialmente en momentos de actividad f\u00edsica).<\/p>\n","protected":false},"excerpt":{"rendered":"<p>La insuficiencia card\u00edaca es una enfermedad grave en la que el coraz\u00f3n no bombea la sangre al organismo como deber\u00eda. Esto significa que la sangre no puede llevar suficiente ox\u00edgeno y nutrientes al organismo para que funcione normalmente, lo que, por ejemplo, puede causar sensaci\u00f3n de cansancio o fatiga. Tambi\u00e9n significa que no se pueden [&hellip;]<\/p>\n","protected":false},"author":1,"featured_media":10552,"parent":2155,"menu_order":2,"comment_status":"open","ping_status":"closed","template":"","meta":{"_acf_changed":false,"footnotes":""},"categories":[123],"tags":[],"class_list":["post-2337","page","type-page","status-publish","has-post-thumbnail","hentry","category-understanding-heart-failure-es"],"acf":[],"yoast_head":"<!-- This site is optimized with the Yoast SEO plugin v24.8.1 - https:\/\/yoast.com\/wordpress\/plugins\/seo\/ -->\n<title>\u00bfQu\u00e9 es la insuficiencia card\u00edaca?<\/title>\n<meta name=\"description\" content=\"La insuficiencia card\u00edaca es una enfermedad grave por la cual, el coraz\u00f3n no bombea sangre al cuerpo como deber\u00eda. Inf\u00f3rmese de c\u00f3mo afectar al cuerpo\" \/>\n<meta name=\"robots\" content=\"index, follow, max-snippet:-1, max-image-preview:large, max-video-preview:-1\" \/>\n<link rel=\"canonical\" href=\"https:\/\/www.heartfailurematters.org\/es\/conocer-la-insuficiencia-cardiaca\/que-es-la-insuficiencia-cardiaca\/\" \/>\n<meta property=\"og:locale\" content=\"es_ES\" \/>\n<meta property=\"og:type\" content=\"article\" \/>\n<meta property=\"og:title\" content=\"\u00bfQu\u00e9 es la insuficiencia card\u00edaca?\" \/>\n<meta property=\"og:description\" content=\"La insuficiencia card\u00edaca es una enfermedad grave por la cual, el coraz\u00f3n no bombea sangre al cuerpo como deber\u00eda. Inf\u00f3rmese de c\u00f3mo afectar al cuerpo\" \/>\n<meta property=\"og:url\" content=\"https:\/\/www.heartfailurematters.org\/es\/conocer-la-insuficiencia-cardiaca\/que-es-la-insuficiencia-cardiaca\/\" \/>\n<meta property=\"og:site_name\" content=\"Heart Failure Matters\" \/>\n<meta property=\"article:publisher\" content=\"https:\/\/www.facebook.com\/heartfailurematters\" \/>\n<meta property=\"article:modified_time\" content=\"2022-02-24T16:05:12+00:00\" \/>\n<meta property=\"og:image\" content=\"https:\/\/www.heartfailurematters.org\/wp-content\/uploads\/2022\/02\/shutterstock_1024028398-1-min.jpg?_t=1773222477\" \/>\n\t<meta property=\"og:image:width\" content=\"900\" \/>\n\t<meta property=\"og:image:height\" content=\"600\" \/>\n\t<meta property=\"og:image:type\" content=\"image\/jpeg\" \/>\n<meta name=\"twitter:card\" content=\"summary_large_image\" \/>\n<meta name=\"twitter:label1\" content=\"Tiempo de lectura\" \/>\n\t<meta name=\"twitter:data1\" content=\"2 minutos\" \/>\n<script type=\"application\/ld+json\" class=\"yoast-schema-graph\">{\"@context\":\"https:\/\/schema.org\",\"@graph\":[{\"@type\":\"WebPage\",\"@id\":\"https:\/\/www.heartfailurematters.org\/es\/conocer-la-insuficiencia-cardiaca\/que-es-la-insuficiencia-cardiaca\/\",\"url\":\"https:\/\/www.heartfailurematters.org\/es\/conocer-la-insuficiencia-cardiaca\/que-es-la-insuficiencia-cardiaca\/\",\"name\":\"\u00bfQu\u00e9 es la insuficiencia card\u00edaca?\",\"isPartOf\":{\"@id\":\"https:\/\/www.heartfailurematters.org\/es\/#website\"},\"primaryImageOfPage\":{\"@id\":\"https:\/\/www.heartfailurematters.org\/es\/conocer-la-insuficiencia-cardiaca\/que-es-la-insuficiencia-cardiaca\/#primaryimage\"},\"image\":{\"@id\":\"https:\/\/www.heartfailurematters.org\/es\/conocer-la-insuficiencia-cardiaca\/que-es-la-insuficiencia-cardiaca\/#primaryimage\"},\"thumbnailUrl\":\"https:\/\/www.heartfailurematters.org\/wp-content\/uploads\/2022\/02\/shutterstock_1024028398-1-min.jpg\",\"datePublished\":\"2021-01-27T22:09:49+00:00\",\"dateModified\":\"2022-02-24T16:05:12+00:00\",\"description\":\"La insuficiencia card\u00edaca es una enfermedad grave por la cual, el coraz\u00f3n no bombea sangre al cuerpo como deber\u00eda. Inf\u00f3rmese de c\u00f3mo afectar al cuerpo\",\"breadcrumb\":{\"@id\":\"https:\/\/www.heartfailurematters.org\/es\/conocer-la-insuficiencia-cardiaca\/que-es-la-insuficiencia-cardiaca\/#breadcrumb\"},\"inLanguage\":\"es\",\"potentialAction\":[{\"@type\":\"ReadAction\",\"target\":[\"https:\/\/www.heartfailurematters.org\/es\/conocer-la-insuficiencia-cardiaca\/que-es-la-insuficiencia-cardiaca\/\"]}]},{\"@type\":\"ImageObject\",\"inLanguage\":\"es\",\"@id\":\"https:\/\/www.heartfailurematters.org\/es\/conocer-la-insuficiencia-cardiaca\/que-es-la-insuficiencia-cardiaca\/#primaryimage\",\"url\":\"https:\/\/www.heartfailurematters.org\/wp-content\/uploads\/2022\/02\/shutterstock_1024028398-1-min.jpg\",\"contentUrl\":\"https:\/\/www.heartfailurematters.org\/wp-content\/uploads\/2022\/02\/shutterstock_1024028398-1-min.jpg\",\"width\":900,\"height\":600},{\"@type\":\"BreadcrumbList\",\"@id\":\"https:\/\/www.heartfailurematters.org\/es\/conocer-la-insuficiencia-cardiaca\/que-es-la-insuficiencia-cardiaca\/#breadcrumb\",\"itemListElement\":[{\"@type\":\"ListItem\",\"position\":1,\"name\":\"Inicio\",\"item\":\"https:\/\/www.heartfailurematters.org\/es\/\"},{\"@type\":\"ListItem\",\"position\":2,\"name\":\"Conocer la insuficiencia card\u00edaca\",\"item\":\"https:\/\/www.heartfailurematters.org\/es\/conocer-la-insuficiencia-cardiaca\/\"},{\"@type\":\"ListItem\",\"position\":3,\"name\":\"\u00bfQu\u00e9 es la insuficiencia card\u00edaca?\"}]},{\"@type\":\"WebSite\",\"@id\":\"https:\/\/www.heartfailurematters.org\/es\/#website\",\"url\":\"https:\/\/www.heartfailurematters.org\/es\/\",\"name\":\"Heart Failure Matters\",\"description\":\"Practical information for patients, families and caregivers.\",\"publisher\":{\"@id\":\"https:\/\/www.heartfailurematters.org\/es\/#organization\"},\"potentialAction\":[{\"@type\":\"SearchAction\",\"target\":{\"@type\":\"EntryPoint\",\"urlTemplate\":\"https:\/\/www.heartfailurematters.org\/es\/?s={search_term_string}\"},\"query-input\":{\"@type\":\"PropertyValueSpecification\",\"valueRequired\":true,\"valueName\":\"search_term_string\"}}],\"inLanguage\":\"es\"},{\"@type\":\"Organization\",\"@id\":\"https:\/\/www.heartfailurematters.org\/es\/#organization\",\"name\":\"Heart Failure Matters\",\"url\":\"https:\/\/www.heartfailurematters.org\/es\/\",\"logo\":{\"@type\":\"ImageObject\",\"inLanguage\":\"es\",\"@id\":\"https:\/\/www.heartfailurematters.org\/es\/#\/schema\/logo\/image\/\",\"url\":\"https:\/\/cdn-endpoint-hfm.azureedge.net\/heartfailurematters\/2024\/07\/hfm-logo1.jpg\",\"contentUrl\":\"https:\/\/cdn-endpoint-hfm.azureedge.net\/heartfailurematters\/2024\/07\/hfm-logo1.jpg\",\"width\":1280,\"height\":720,\"caption\":\"Heart Failure Matters\"},\"image\":{\"@id\":\"https:\/\/www.heartfailurematters.org\/es\/#\/schema\/logo\/image\/\"},\"sameAs\":[\"https:\/\/www.facebook.com\/heartfailurematters\"]}]}<\/script>\n<!-- \/ Yoast SEO plugin. -->","yoast_head_json":{"title":"\u00bfQu\u00e9 es la insuficiencia card\u00edaca?","description":"La insuficiencia card\u00edaca es una enfermedad grave por la cual, el coraz\u00f3n no bombea sangre al cuerpo como deber\u00eda. Inf\u00f3rmese de c\u00f3mo afectar al cuerpo","robots":{"index":"index","follow":"follow","max-snippet":"max-snippet:-1","max-image-preview":"max-image-preview:large","max-video-preview":"max-video-preview:-1"},"canonical":"https:\/\/www.heartfailurematters.org\/es\/conocer-la-insuficiencia-cardiaca\/que-es-la-insuficiencia-cardiaca\/","og_locale":"es_ES","og_type":"article","og_title":"\u00bfQu\u00e9 es la insuficiencia card\u00edaca?","og_description":"La insuficiencia card\u00edaca es una enfermedad grave por la cual, el coraz\u00f3n no bombea sangre al cuerpo como deber\u00eda. Inf\u00f3rmese de c\u00f3mo afectar al cuerpo","og_url":"https:\/\/www.heartfailurematters.org\/es\/conocer-la-insuficiencia-cardiaca\/que-es-la-insuficiencia-cardiaca\/","og_site_name":"Heart Failure Matters","article_publisher":"https:\/\/www.facebook.com\/heartfailurematters","article_modified_time":"2022-02-24T16:05:12+00:00","og_image":[{"width":900,"height":600,"url":"https:\/\/www.heartfailurematters.org\/wp-content\/uploads\/2022\/02\/shutterstock_1024028398-1-min.jpg?_t=1773222477","type":"image\/jpeg"}],"twitter_card":"summary_large_image","twitter_misc":{"Tiempo de lectura":"2 minutos"},"schema":{"@context":"https:\/\/schema.org","@graph":[{"@type":"WebPage","@id":"https:\/\/www.heartfailurematters.org\/es\/conocer-la-insuficiencia-cardiaca\/que-es-la-insuficiencia-cardiaca\/","url":"https:\/\/www.heartfailurematters.org\/es\/conocer-la-insuficiencia-cardiaca\/que-es-la-insuficiencia-cardiaca\/","name":"\u00bfQu\u00e9 es la insuficiencia card\u00edaca?","isPartOf":{"@id":"https:\/\/www.heartfailurematters.org\/es\/#website"},"primaryImageOfPage":{"@id":"https:\/\/www.heartfailurematters.org\/es\/conocer-la-insuficiencia-cardiaca\/que-es-la-insuficiencia-cardiaca\/#primaryimage"},"image":{"@id":"https:\/\/www.heartfailurematters.org\/es\/conocer-la-insuficiencia-cardiaca\/que-es-la-insuficiencia-cardiaca\/#primaryimage"},"thumbnailUrl":"https:\/\/www.heartfailurematters.org\/wp-content\/uploads\/2022\/02\/shutterstock_1024028398-1-min.jpg","datePublished":"2021-01-27T22:09:49+00:00","dateModified":"2022-02-24T16:05:12+00:00","description":"La insuficiencia card\u00edaca es una enfermedad grave por la cual, el coraz\u00f3n no bombea sangre al cuerpo como deber\u00eda. Inf\u00f3rmese de c\u00f3mo afectar al cuerpo","breadcrumb":{"@id":"https:\/\/www.heartfailurematters.org\/es\/conocer-la-insuficiencia-cardiaca\/que-es-la-insuficiencia-cardiaca\/#breadcrumb"},"inLanguage":"es","potentialAction":[{"@type":"ReadAction","target":["https:\/\/www.heartfailurematters.org\/es\/conocer-la-insuficiencia-cardiaca\/que-es-la-insuficiencia-cardiaca\/"]}]},{"@type":"ImageObject","inLanguage":"es","@id":"https:\/\/www.heartfailurematters.org\/es\/conocer-la-insuficiencia-cardiaca\/que-es-la-insuficiencia-cardiaca\/#primaryimage","url":"https:\/\/www.heartfailurematters.org\/wp-content\/uploads\/2022\/02\/shutterstock_1024028398-1-min.jpg","contentUrl":"https:\/\/www.heartfailurematters.org\/wp-content\/uploads\/2022\/02\/shutterstock_1024028398-1-min.jpg","width":900,"height":600},{"@type":"BreadcrumbList","@id":"https:\/\/www.heartfailurematters.org\/es\/conocer-la-insuficiencia-cardiaca\/que-es-la-insuficiencia-cardiaca\/#breadcrumb","itemListElement":[{"@type":"ListItem","position":1,"name":"Inicio","item":"https:\/\/www.heartfailurematters.org\/es\/"},{"@type":"ListItem","position":2,"name":"Conocer la insuficiencia card\u00edaca","item":"https:\/\/www.heartfailurematters.org\/es\/conocer-la-insuficiencia-cardiaca\/"},{"@type":"ListItem","position":3,"name":"\u00bfQu\u00e9 es la insuficiencia card\u00edaca?"}]},{"@type":"WebSite","@id":"https:\/\/www.heartfailurematters.org\/es\/#website","url":"https:\/\/www.heartfailurematters.org\/es\/","name":"Heart Failure Matters","description":"Practical information for patients, families and caregivers.","publisher":{"@id":"https:\/\/www.heartfailurematters.org\/es\/#organization"},"potentialAction":[{"@type":"SearchAction","target":{"@type":"EntryPoint","urlTemplate":"https:\/\/www.heartfailurematters.org\/es\/?s={search_term_string}"},"query-input":{"@type":"PropertyValueSpecification","valueRequired":true,"valueName":"search_term_string"}}],"inLanguage":"es"},{"@type":"Organization","@id":"https:\/\/www.heartfailurematters.org\/es\/#organization","name":"Heart Failure Matters","url":"https:\/\/www.heartfailurematters.org\/es\/","logo":{"@type":"ImageObject","inLanguage":"es","@id":"https:\/\/www.heartfailurematters.org\/es\/#\/schema\/logo\/image\/","url":"https:\/\/cdn-endpoint-hfm.azureedge.net\/heartfailurematters\/2024\/07\/hfm-logo1.jpg","contentUrl":"https:\/\/cdn-endpoint-hfm.azureedge.net\/heartfailurematters\/2024\/07\/hfm-logo1.jpg","width":1280,"height":720,"caption":"Heart Failure Matters"},"image":{"@id":"https:\/\/www.heartfailurematters.org\/es\/#\/schema\/logo\/image\/"},"sameAs":["https:\/\/www.facebook.com\/heartfailurematters"]}]}},"_links":{"self":[{"href":"https:\/\/www.heartfailurematters.org\/es\/wp-json\/wp\/v2\/pages\/2337","targetHints":{"allow":["GET"]}}],"collection":[{"href":"https:\/\/www.heartfailurematters.org\/es\/wp-json\/wp\/v2\/pages"}],"about":[{"href":"https:\/\/www.heartfailurematters.org\/es\/wp-json\/wp\/v2\/types\/page"}],"author":[{"embeddable":true,"href":"https:\/\/www.heartfailurematters.org\/es\/wp-json\/wp\/v2\/users\/1"}],"replies":[{"embeddable":true,"href":"https:\/\/www.heartfailurematters.org\/es\/wp-json\/wp\/v2\/comments?post=2337"}],"version-history":[{"count":5,"href":"https:\/\/www.heartfailurematters.org\/es\/wp-json\/wp\/v2\/pages\/2337\/revisions"}],"predecessor-version":[{"id":10196,"href":"https:\/\/www.heartfailurematters.org\/es\/wp-json\/wp\/v2\/pages\/2337\/revisions\/10196"}],"up":[{"embeddable":true,"href":"https:\/\/www.heartfailurematters.org\/es\/wp-json\/wp\/v2\/pages\/2155"}],"wp:featuredmedia":[{"embeddable":true,"href":"https:\/\/www.heartfailurematters.org\/es\/wp-json\/wp\/v2\/media\/10552"}],"wp:attachment":[{"href":"https:\/\/www.heartfailurematters.org\/es\/wp-json\/wp\/v2\/media?parent=2337"}],"wp:term":[{"taxonomy":"category","embeddable":true,"href":"https:\/\/www.heartfailurematters.org\/es\/wp-json\/wp\/v2\/categories?post=2337"},{"taxonomy":"post_tag","embeddable":true,"href":"https:\/\/www.heartfailurematters.org\/es\/wp-json\/wp\/v2\/tags?post=2337"}],"curies":[{"name":"wp","href":"https:\/\/api.w.org\/{rel}","templated":true}]}}