{"id":2331,"date":"2021-01-27T22:09:33","date_gmt":"2021-01-27T22:09:33","guid":{"rendered":"http:\/\/heartfailurematters.local:8888\/ayudar-con-las-cuestiones-asistenciales-medicas\/"},"modified":"2026-01-16T14:19:02","modified_gmt":"2026-01-16T14:19:02","slug":"ayudar-con-las-cuestiones-asistenciales-medicas","status":"publish","type":"page","link":"https:\/\/www.heartfailurematters.org\/es\/para-cuidadores\/ayudar-con-las-cuestiones-asistenciales-medicas\/","title":{"rendered":"Ayuda con los problemas de atenci\u00f3n m\u00e9dica"},"content":{"rendered":"<p>Organizar la atenci\u00f3n m\u00e9dica personal y abordar las numerosas cuestiones que conlleva puede resultar confuso y abrumador al principio, porque hay que recordar mucha informaci\u00f3n.<\/p>\n<p>He aqu\u00ed algunas sugerencias sobre c\u00f3mo podr\u00eda ayudar con las necesidades m\u00e9dicas de su pareja o familiar:<\/p>\n<ul>\n<li>Asuma un papel activo durante las visitas al profesional sanitario haciendo preguntas y tomando notas, pero sin dominar la conversaci\u00f3n. Esto le permitir\u00e1 ayudar a su pareja o familiar a seguir la informaci\u00f3n sobre sus <a title=\"\" href=\"https:\/\/www.heartfailurematters.org\/what-your-doctor-can-do\/heart-failure-medicines\/\">medicamentos para la insuficiencia card\u00edaca<\/a>, la <a title=\"\" href=\"https:\/\/www.heartfailurematters.org\/what-you-can-do\/adjusting-your-diet\/\">dieta<\/a> y el <a title=\"\" href=\"https:\/\/www.heartfailurematters.org\/what-you-can-do\/activity-and-exercise\/\">ejercicio<\/a>.<\/li>\n<li>Ayude a su pareja, familiar o cuidador a seguir los consejos del profesional sanitario con apoyo pr\u00e1ctico y moral. Por ejemplo:\n<ul>\n<li><a title=\"\" href=\"https:\/\/www.heartfailurematters.org\/what-your-doctor-can-do\/the-importance-of-taking-your-medicines\/\">gestione sus medicamentos<\/a><\/li>\n<li>proponga hacer <a title=\"\" href=\"https:\/\/www.heartfailurematters.org\/what-you-can-do\/activity-and-exercise\/\">ejercicio<\/a> juntos con regularidad<\/li>\n<li>si fuma, dejen de <a title=\"\" href=\"https:\/\/www.heartfailurematters.org\/what-you-can-do\/smoking-vaping\/\">fumar<\/a> al mismo tiempo<\/li>\n<li>compre y prepare alimentos sanos bajos en sal que les gusten a usted y a su pareja o familiar<\/li>\n<li>recu\u00e9rdele con amabilidad por qu\u00e9 es importante que cambie sus <a title=\"\" href=\"https:\/\/www.heartfailurematters.org\/what-you-can-do\/adjusting-your-diet\/\">h\u00e1bitos alimenticios<\/a><\/li>\n<li>ay\u00fadele a controlar los s\u00edntomas <a title=\"\" href=\"https:\/\/www.heartfailurematters.org\/what-you-can-do\/adjusting-your-diet-maintaining-a-healthy-weight\/\">pes\u00e1ndole a diario<\/a> y midiendo su <a title=\"\" href=\"https:\/\/www.heartfailurematters.org\/what-you-can-do\/taking-your-own-blood-pressure-and-pulse\/\">frecuencia card\u00edaca y su tensi\u00f3n<\/a><\/li>\n<\/ul>\n<\/li>\n<li>Anime a su pareja o familiar a <a title=\"\" href=\"https:\/\/www.heartfailurematters.org\/living-with-heart-failure\/immunisations\/\">vacunarse contra la gripe y la neumon\u00eda<\/a>, si se lo recomienda su m\u00e9dico o enfermero.<\/li>\n<li>Supervise la evoluci\u00f3n de su pareja o familiar. Los profesionales sanitarios suelen confiar en los cuidadores familiares para obtener informaci\u00f3n sobre el estado del paciente, los cambios en los s\u00edntomas y saber si est\u00e1 avanzando con las recomendaciones de dieta y ejercicio. Puede obtener m\u00e1s informaci\u00f3n sobre lo que debe tener en cuenta en la <a href=\"https:\/\/www.heartfailurematters.org\/warning-signs\/chest-pain\/\">secci\u00f3n de se\u00f1ales de alerta<\/a>.<\/li>\n<\/ul>\n<p><a title=\"\" href=\"https:\/\/www.heartfailurematters.org\/for-caregivers\/understanding-your-role\/\">Volver a Comprender su papel<\/a><\/p>\n","protected":false},"excerpt":{"rendered":"<p>Organizar la atenci\u00f3n m\u00e9dica personal y abordar las numerosas cuestiones que conlleva puede resultar confuso y abrumador al principio, porque hay que recordar mucha informaci\u00f3n. He aqu\u00ed algunas sugerencias sobre c\u00f3mo podr\u00eda ayudar con las necesidades m\u00e9dicas de su pareja o familiar: Asuma un papel activo durante las visitas al profesional sanitario haciendo preguntas y [&hellip;]<\/p>\n","protected":false},"author":1,"featured_media":11148,"parent":2846,"menu_order":0,"comment_status":"open","ping_status":"open","template":"","meta":{"_acf_changed":false,"footnotes":""},"categories":[],"tags":[],"class_list":["post-2331","page","type-page","status-publish","has-post-thumbnail","hentry"],"acf":[],"yoast_head":"<!-- This site is optimized with the Yoast SEO plugin v24.8.1 - https:\/\/yoast.com\/wordpress\/plugins\/seo\/ -->\n<title>Ayuda con los problemas de atenci\u00f3n m\u00e9dica<\/title>\n<meta name=\"description\" content=\"Inicialmente, los temas sobre atenci\u00f3n m\u00e9dica pueden ser particularmente confusos y abrumadores porque puede parecer que se debe recordar mucha informaci\u00f3n. M\u00e1s informaci\u00f3n aqu\u00ed.\" \/>\n<meta name=\"robots\" content=\"index, follow, max-snippet:-1, max-image-preview:large, max-video-preview:-1\" \/>\n<link rel=\"canonical\" href=\"https:\/\/www.heartfailurematters.org\/es\/para-cuidadores\/ayudar-con-las-cuestiones-asistenciales-medicas\/\" \/>\n<meta property=\"og:locale\" content=\"es_ES\" \/>\n<meta property=\"og:type\" content=\"article\" \/>\n<meta property=\"og:title\" content=\"Ayuda con los problemas de atenci\u00f3n m\u00e9dica\" \/>\n<meta property=\"og:description\" content=\"Inicialmente, los temas sobre atenci\u00f3n m\u00e9dica pueden ser particularmente confusos y abrumadores porque puede parecer que se debe recordar mucha informaci\u00f3n. M\u00e1s informaci\u00f3n aqu\u00ed.\" \/>\n<meta property=\"og:url\" content=\"https:\/\/www.heartfailurematters.org\/es\/para-cuidadores\/ayudar-con-las-cuestiones-asistenciales-medicas\/\" \/>\n<meta property=\"og:site_name\" content=\"Heart Failure Matters\" \/>\n<meta property=\"article:publisher\" content=\"https:\/\/www.facebook.com\/heartfailurematters\" \/>\n<meta property=\"article:modified_time\" content=\"2026-01-16T14:19:02+00:00\" \/>\n<meta property=\"og:image\" content=\"https:\/\/www.heartfailurematters.org\/wp-content\/uploads\/2022\/03\/shutterstock_326634329-1-min.jpg\" \/>\n\t<meta property=\"og:image:width\" content=\"900\" \/>\n\t<meta property=\"og:image:height\" content=\"600\" \/>\n\t<meta property=\"og:image:type\" content=\"image\/jpeg\" \/>\n<meta name=\"twitter:card\" content=\"summary_large_image\" \/>\n<meta name=\"twitter:label1\" content=\"Tiempo de lectura\" \/>\n\t<meta name=\"twitter:data1\" content=\"2 minutos\" \/>\n<script type=\"application\/ld+json\" class=\"yoast-schema-graph\">{\"@context\":\"https:\/\/schema.org\",\"@graph\":[{\"@type\":\"WebPage\",\"@id\":\"https:\/\/www.heartfailurematters.org\/es\/para-cuidadores\/ayudar-con-las-cuestiones-asistenciales-medicas\/\",\"url\":\"https:\/\/www.heartfailurematters.org\/es\/para-cuidadores\/ayudar-con-las-cuestiones-asistenciales-medicas\/\",\"name\":\"Ayuda con los problemas de atenci\u00f3n m\u00e9dica\",\"isPartOf\":{\"@id\":\"https:\/\/www.heartfailurematters.org\/es\/#website\"},\"primaryImageOfPage\":{\"@id\":\"https:\/\/www.heartfailurematters.org\/es\/para-cuidadores\/ayudar-con-las-cuestiones-asistenciales-medicas\/#primaryimage\"},\"image\":{\"@id\":\"https:\/\/www.heartfailurematters.org\/es\/para-cuidadores\/ayudar-con-las-cuestiones-asistenciales-medicas\/#primaryimage\"},\"thumbnailUrl\":\"https:\/\/www.heartfailurematters.org\/wp-content\/uploads\/2022\/03\/shutterstock_326634329-1-min.jpg\",\"datePublished\":\"2021-01-27T22:09:33+00:00\",\"dateModified\":\"2026-01-16T14:19:02+00:00\",\"description\":\"Inicialmente, los temas sobre atenci\u00f3n m\u00e9dica pueden ser particularmente confusos y abrumadores porque puede parecer que se debe recordar mucha informaci\u00f3n. M\u00e1s informaci\u00f3n aqu\u00ed.\",\"breadcrumb\":{\"@id\":\"https:\/\/www.heartfailurematters.org\/es\/para-cuidadores\/ayudar-con-las-cuestiones-asistenciales-medicas\/#breadcrumb\"},\"inLanguage\":\"es\",\"potentialAction\":[{\"@type\":\"ReadAction\",\"target\":[\"https:\/\/www.heartfailurematters.org\/es\/para-cuidadores\/ayudar-con-las-cuestiones-asistenciales-medicas\/\"]}]},{\"@type\":\"ImageObject\",\"inLanguage\":\"es\",\"@id\":\"https:\/\/www.heartfailurematters.org\/es\/para-cuidadores\/ayudar-con-las-cuestiones-asistenciales-medicas\/#primaryimage\",\"url\":\"https:\/\/www.heartfailurematters.org\/wp-content\/uploads\/2022\/03\/shutterstock_326634329-1-min.jpg\",\"contentUrl\":\"https:\/\/www.heartfailurematters.org\/wp-content\/uploads\/2022\/03\/shutterstock_326634329-1-min.jpg\",\"width\":900,\"height\":600},{\"@type\":\"BreadcrumbList\",\"@id\":\"https:\/\/www.heartfailurematters.org\/es\/para-cuidadores\/ayudar-con-las-cuestiones-asistenciales-medicas\/#breadcrumb\",\"itemListElement\":[{\"@type\":\"ListItem\",\"position\":1,\"name\":\"Inicio\",\"item\":\"https:\/\/www.heartfailurematters.org\/es\/\"},{\"@type\":\"ListItem\",\"position\":2,\"name\":\"Para cuidadores\",\"item\":\"https:\/\/www.heartfailurematters.org\/es\/para-cuidadores\/\"},{\"@type\":\"ListItem\",\"position\":3,\"name\":\"Ayuda con los problemas de atenci\u00f3n m\u00e9dica\"}]},{\"@type\":\"WebSite\",\"@id\":\"https:\/\/www.heartfailurematters.org\/es\/#website\",\"url\":\"https:\/\/www.heartfailurematters.org\/es\/\",\"name\":\"Heart Failure Matters\",\"description\":\"Practical information for patients, families and caregivers.\",\"publisher\":{\"@id\":\"https:\/\/www.heartfailurematters.org\/es\/#organization\"},\"potentialAction\":[{\"@type\":\"SearchAction\",\"target\":{\"@type\":\"EntryPoint\",\"urlTemplate\":\"https:\/\/www.heartfailurematters.org\/es\/?s={search_term_string}\"},\"query-input\":{\"@type\":\"PropertyValueSpecification\",\"valueRequired\":true,\"valueName\":\"search_term_string\"}}],\"inLanguage\":\"es\"},{\"@type\":\"Organization\",\"@id\":\"https:\/\/www.heartfailurematters.org\/es\/#organization\",\"name\":\"Heart Failure Matters\",\"url\":\"https:\/\/www.heartfailurematters.org\/es\/\",\"logo\":{\"@type\":\"ImageObject\",\"inLanguage\":\"es\",\"@id\":\"https:\/\/www.heartfailurematters.org\/es\/#\/schema\/logo\/image\/\",\"url\":\"https:\/\/cdn-endpoint-hfm.azureedge.net\/heartfailurematters\/2024\/07\/hfm-logo1.jpg\",\"contentUrl\":\"https:\/\/cdn-endpoint-hfm.azureedge.net\/heartfailurematters\/2024\/07\/hfm-logo1.jpg\",\"width\":1280,\"height\":720,\"caption\":\"Heart Failure Matters\"},\"image\":{\"@id\":\"https:\/\/www.heartfailurematters.org\/es\/#\/schema\/logo\/image\/\"},\"sameAs\":[\"https:\/\/www.facebook.com\/heartfailurematters\"]}]}<\/script>\n<!-- \/ Yoast SEO plugin. -->","yoast_head_json":{"title":"Ayuda con los problemas de atenci\u00f3n m\u00e9dica","description":"Inicialmente, los temas sobre atenci\u00f3n m\u00e9dica pueden ser particularmente confusos y abrumadores porque puede parecer que se debe recordar mucha informaci\u00f3n. M\u00e1s informaci\u00f3n aqu\u00ed.","robots":{"index":"index","follow":"follow","max-snippet":"max-snippet:-1","max-image-preview":"max-image-preview:large","max-video-preview":"max-video-preview:-1"},"canonical":"https:\/\/www.heartfailurematters.org\/es\/para-cuidadores\/ayudar-con-las-cuestiones-asistenciales-medicas\/","og_locale":"es_ES","og_type":"article","og_title":"Ayuda con los problemas de atenci\u00f3n m\u00e9dica","og_description":"Inicialmente, los temas sobre atenci\u00f3n m\u00e9dica pueden ser particularmente confusos y abrumadores porque puede parecer que se debe recordar mucha informaci\u00f3n. M\u00e1s informaci\u00f3n aqu\u00ed.","og_url":"https:\/\/www.heartfailurematters.org\/es\/para-cuidadores\/ayudar-con-las-cuestiones-asistenciales-medicas\/","og_site_name":"Heart Failure Matters","article_publisher":"https:\/\/www.facebook.com\/heartfailurematters","article_modified_time":"2026-01-16T14:19:02+00:00","og_image":[{"width":900,"height":600,"url":"https:\/\/www.heartfailurematters.org\/wp-content\/uploads\/2022\/03\/shutterstock_326634329-1-min.jpg","type":"image\/jpeg"}],"twitter_card":"summary_large_image","twitter_misc":{"Tiempo de lectura":"2 minutos"},"schema":{"@context":"https:\/\/schema.org","@graph":[{"@type":"WebPage","@id":"https:\/\/www.heartfailurematters.org\/es\/para-cuidadores\/ayudar-con-las-cuestiones-asistenciales-medicas\/","url":"https:\/\/www.heartfailurematters.org\/es\/para-cuidadores\/ayudar-con-las-cuestiones-asistenciales-medicas\/","name":"Ayuda con los problemas de atenci\u00f3n m\u00e9dica","isPartOf":{"@id":"https:\/\/www.heartfailurematters.org\/es\/#website"},"primaryImageOfPage":{"@id":"https:\/\/www.heartfailurematters.org\/es\/para-cuidadores\/ayudar-con-las-cuestiones-asistenciales-medicas\/#primaryimage"},"image":{"@id":"https:\/\/www.heartfailurematters.org\/es\/para-cuidadores\/ayudar-con-las-cuestiones-asistenciales-medicas\/#primaryimage"},"thumbnailUrl":"https:\/\/www.heartfailurematters.org\/wp-content\/uploads\/2022\/03\/shutterstock_326634329-1-min.jpg","datePublished":"2021-01-27T22:09:33+00:00","dateModified":"2026-01-16T14:19:02+00:00","description":"Inicialmente, los temas sobre atenci\u00f3n m\u00e9dica pueden ser particularmente confusos y abrumadores porque puede parecer que se debe recordar mucha informaci\u00f3n. M\u00e1s informaci\u00f3n aqu\u00ed.","breadcrumb":{"@id":"https:\/\/www.heartfailurematters.org\/es\/para-cuidadores\/ayudar-con-las-cuestiones-asistenciales-medicas\/#breadcrumb"},"inLanguage":"es","potentialAction":[{"@type":"ReadAction","target":["https:\/\/www.heartfailurematters.org\/es\/para-cuidadores\/ayudar-con-las-cuestiones-asistenciales-medicas\/"]}]},{"@type":"ImageObject","inLanguage":"es","@id":"https:\/\/www.heartfailurematters.org\/es\/para-cuidadores\/ayudar-con-las-cuestiones-asistenciales-medicas\/#primaryimage","url":"https:\/\/www.heartfailurematters.org\/wp-content\/uploads\/2022\/03\/shutterstock_326634329-1-min.jpg","contentUrl":"https:\/\/www.heartfailurematters.org\/wp-content\/uploads\/2022\/03\/shutterstock_326634329-1-min.jpg","width":900,"height":600},{"@type":"BreadcrumbList","@id":"https:\/\/www.heartfailurematters.org\/es\/para-cuidadores\/ayudar-con-las-cuestiones-asistenciales-medicas\/#breadcrumb","itemListElement":[{"@type":"ListItem","position":1,"name":"Inicio","item":"https:\/\/www.heartfailurematters.org\/es\/"},{"@type":"ListItem","position":2,"name":"Para cuidadores","item":"https:\/\/www.heartfailurematters.org\/es\/para-cuidadores\/"},{"@type":"ListItem","position":3,"name":"Ayuda con los problemas de atenci\u00f3n m\u00e9dica"}]},{"@type":"WebSite","@id":"https:\/\/www.heartfailurematters.org\/es\/#website","url":"https:\/\/www.heartfailurematters.org\/es\/","name":"Heart Failure Matters","description":"Practical information for patients, families and caregivers.","publisher":{"@id":"https:\/\/www.heartfailurematters.org\/es\/#organization"},"potentialAction":[{"@type":"SearchAction","target":{"@type":"EntryPoint","urlTemplate":"https:\/\/www.heartfailurematters.org\/es\/?s={search_term_string}"},"query-input":{"@type":"PropertyValueSpecification","valueRequired":true,"valueName":"search_term_string"}}],"inLanguage":"es"},{"@type":"Organization","@id":"https:\/\/www.heartfailurematters.org\/es\/#organization","name":"Heart Failure Matters","url":"https:\/\/www.heartfailurematters.org\/es\/","logo":{"@type":"ImageObject","inLanguage":"es","@id":"https:\/\/www.heartfailurematters.org\/es\/#\/schema\/logo\/image\/","url":"https:\/\/cdn-endpoint-hfm.azureedge.net\/heartfailurematters\/2024\/07\/hfm-logo1.jpg","contentUrl":"https:\/\/cdn-endpoint-hfm.azureedge.net\/heartfailurematters\/2024\/07\/hfm-logo1.jpg","width":1280,"height":720,"caption":"Heart Failure Matters"},"image":{"@id":"https:\/\/www.heartfailurematters.org\/es\/#\/schema\/logo\/image\/"},"sameAs":["https:\/\/www.facebook.com\/heartfailurematters"]}]}},"_links":{"self":[{"href":"https:\/\/www.heartfailurematters.org\/es\/wp-json\/wp\/v2\/pages\/2331","targetHints":{"allow":["GET"]}}],"collection":[{"href":"https:\/\/www.heartfailurematters.org\/es\/wp-json\/wp\/v2\/pages"}],"about":[{"href":"https:\/\/www.heartfailurematters.org\/es\/wp-json\/wp\/v2\/types\/page"}],"author":[{"embeddable":true,"href":"https:\/\/www.heartfailurematters.org\/es\/wp-json\/wp\/v2\/users\/1"}],"replies":[{"embeddable":true,"href":"https:\/\/www.heartfailurematters.org\/es\/wp-json\/wp\/v2\/comments?post=2331"}],"version-history":[{"count":12,"href":"https:\/\/www.heartfailurematters.org\/es\/wp-json\/wp\/v2\/pages\/2331\/revisions"}],"predecessor-version":[{"id":13812,"href":"https:\/\/www.heartfailurematters.org\/es\/wp-json\/wp\/v2\/pages\/2331\/revisions\/13812"}],"up":[{"embeddable":true,"href":"https:\/\/www.heartfailurematters.org\/es\/wp-json\/wp\/v2\/pages\/2846"}],"wp:featuredmedia":[{"embeddable":true,"href":"https:\/\/www.heartfailurematters.org\/es\/wp-json\/wp\/v2\/media\/11148"}],"wp:attachment":[{"href":"https:\/\/www.heartfailurematters.org\/es\/wp-json\/wp\/v2\/media?parent=2331"}],"wp:term":[{"taxonomy":"category","embeddable":true,"href":"https:\/\/www.heartfailurematters.org\/es\/wp-json\/wp\/v2\/categories?post=2331"},{"taxonomy":"post_tag","embeddable":true,"href":"https:\/\/www.heartfailurematters.org\/es\/wp-json\/wp\/v2\/tags?post=2331"}],"curies":[{"name":"wp","href":"https:\/\/api.w.org\/{rel}","templated":true}]}}