{"id":2330,"date":"2021-01-27T22:09:33","date_gmt":"2021-01-27T22:09:33","guid":{"rendered":"http:\/\/heartfailurematters.local:8888\/intervencion-coronaria-percutanea-icp\/"},"modified":"2022-01-19T11:10:39","modified_gmt":"2022-01-19T11:10:39","slug":"intervencion-coronaria-percutanea-icp","status":"publish","type":"page","link":"https:\/\/www.heartfailurematters.org\/es\/lo-que-pueden-hacer-su-medico-o-enfermero\/intervencion-coronaria-percutanea-icp\/","title":{"rendered":"Intervenci\u00f3n coronaria percut\u00e1nea (ICP)"},"content":{"rendered":"<h2>\u00bfPor qu\u00e9 se hace?<\/h2>\n<p>La acumulaci\u00f3n de grasas y colesterol (lo que se denomina <a class=\"addtooltip\" title=\"Acumulaci\u00f3n de colesterol, compuestos grasos, calcio y sustancias de la coagulaci\u00f3n de la sangre en la pared de una arteria.\" href=\"https:\/\/www.heartfailurematters.org\/es\/lo-que-pueden-hacer-su-medico-o-enfermero\/intervencion-coronaria-percutanea-icp\/\"><strong>placa de ateroma<\/strong><\/a>) o la formaci\u00f3n de grandes trombos sangu\u00edneos pueden estrechar u obstruir las arterias. Esto puede privar de ox\u00edgeno al coraz\u00f3n, ya que el flujo sangu\u00edneo disminuye significativamente. El objetivo de la <strong><a class=\"addtooltip\" title=\"Procedimiento que restablece el aporte de sangre a una arteria estrechada mediante la dilataci\u00f3n del vaso con un globo. Esto se puede aplicar a una fase aguda de un ataque card\u00edaco y se suele emplear una endopr\u00f3tesis.\" href=\"https:\/\/www.heartfailurematters.org\/es\/lo-que-pueden-hacer-su-medico-o-enfermero\/intervencion-coronaria-percutanea-icp\/\">intervenci\u00f3n coronaria percut\u00e1nea (ICP)<\/a><\/strong> es restablecer el aporte de sangre al coraz\u00f3n desobstruyendo las arterias estrechadas responsables de la insuficiencia card\u00edaca. Es una intervenci\u00f3n menos invasiva que la cirug\u00eda. La ICP, combinada con el\u00a0<a title=\"\" href=\"https:\/\/www.heartfailurematters.org\/what-your-doctor-can-do\/stenting\/\">implante de stents<\/a>, ha tenido \u00e9xito en muchas personas.<\/p>\n<h2>\u00bfEn qu\u00e9 consiste?<\/h2>\n<p>Se introduce un fino y flexible tubo hueco (<a class=\"addtooltip\" title=\"Dispositivo en forma de tubo, hueco, fino y flexible con un peque\u00f1o globo inflable en el extremo\"><strong title=\" \">cat\u00e9ter<\/strong><\/a>) que tiene un peque\u00f1o globo inflable en un extremo a trav\u00e9s de una arteria de la ingle o del brazo y se dirige hasta el coraz\u00f3n mediante una gu\u00eda con rayos X. Una vez que se alcanza la zona estenosada u obstruida, se infla el globo para dilatar brevemente la arteria y restablecer el flujo sangu\u00edneo. Todos los pacientes necesitan antitromb\u00f3ticos despu\u00e9s de la intervenci\u00f3n para prevenir los trombos sangu\u00edneos.<\/p>\n<h2>Preguntas para su m\u00e9dico:<\/h2>\n<ul>\n<li>\u00bfCu\u00e1les son los riesgos de la intervenci\u00f3n?<\/li>\n<li>\u00bfTendr\u00e9 que estar hospitalizado?<\/li>\n<li>\u00bfQu\u00e9 tengo que hacer para prepararme para la intervenci\u00f3n?<\/li>\n<li>\u00bfMe pondr\u00e1n anestesia local o general?<\/li>\n<li>\u00bfTendr\u00e9 que tomar m\u00e1s medicamentos despu\u00e9s del procedimiento?<\/li>\n<li>\u00bfMe implantar\u00e1n una endopr\u00f3tesis durante la ICP?<\/li>\n<\/ul>\n<p><a title=\"\" href=\"https:\/\/www.heartfailurematters.org\/es\/lo-que-pueden-hacer-su-medico-o-enfermero\/otros-procedimientos\/\">Volver a Otros procedimientos<\/a><\/p>\n","protected":false},"excerpt":{"rendered":"<p>\u00bfPor qu\u00e9 se hace? La acumulaci\u00f3n de grasas y colesterol (lo que se denomina placa de ateroma) o la formaci\u00f3n de grandes trombos sangu\u00edneos pueden estrechar u obstruir las arterias. Esto puede privar de ox\u00edgeno al coraz\u00f3n, ya que el flujo sangu\u00edneo disminuye significativamente. El objetivo de la intervenci\u00f3n coronaria percut\u00e1nea (ICP) es restablecer el [&hellip;]<\/p>\n","protected":false},"author":1,"featured_media":10691,"parent":2684,"menu_order":0,"comment_status":"open","ping_status":"open","template":"","meta":{"_acf_changed":false,"footnotes":""},"categories":[],"tags":[],"class_list":["post-2330","page","type-page","status-publish","has-post-thumbnail","hentry"],"acf":[],"yoast_head":"<!-- This site is optimized with the Yoast SEO plugin v24.8.1 - https:\/\/yoast.com\/wordpress\/plugins\/seo\/ -->\n<title>Intervenci\u00f3n coronaria percut\u00e1nea (ICP) - Heart Failure Matters<\/title>\n<meta name=\"description\" content=\"La intervenci\u00f3n coronaria percut\u00e1nea (ICP) tiene como objetivo restablecer el suministro sangu\u00edneo al coraz\u00f3n mediante el desbloqueo del pinzamiento de las arterias que le pueden estar causando la insuficiencia card\u00edaca.\" \/>\n<meta name=\"robots\" content=\"index, follow, max-snippet:-1, max-image-preview:large, max-video-preview:-1\" \/>\n<link rel=\"canonical\" href=\"https:\/\/www.heartfailurematters.org\/es\/lo-que-pueden-hacer-su-medico-o-enfermero\/intervencion-coronaria-percutanea-icp\/\" \/>\n<meta property=\"og:locale\" content=\"es_ES\" \/>\n<meta property=\"og:type\" content=\"article\" \/>\n<meta property=\"og:title\" content=\"Intervenci\u00f3n coronaria percut\u00e1nea (ICP) - Heart Failure Matters\" \/>\n<meta property=\"og:description\" content=\"La intervenci\u00f3n coronaria percut\u00e1nea (ICP) tiene como objetivo restablecer el suministro sangu\u00edneo al coraz\u00f3n mediante el desbloqueo del pinzamiento de las arterias que le pueden estar causando la insuficiencia card\u00edaca.\" \/>\n<meta property=\"og:url\" content=\"https:\/\/www.heartfailurematters.org\/es\/lo-que-pueden-hacer-su-medico-o-enfermero\/intervencion-coronaria-percutanea-icp\/\" \/>\n<meta property=\"og:site_name\" content=\"Heart Failure Matters\" \/>\n<meta property=\"article:publisher\" content=\"https:\/\/www.facebook.com\/heartfailurematters\" \/>\n<meta property=\"article:modified_time\" content=\"2022-01-19T11:10:39+00:00\" \/>\n<meta property=\"og:image\" content=\"https:\/\/www.heartfailurematters.org\/wp-content\/uploads\/2022\/02\/shutterstock_26945083-1-min.jpg\" \/>\n\t<meta property=\"og:image:width\" content=\"900\" \/>\n\t<meta property=\"og:image:height\" content=\"600\" \/>\n\t<meta property=\"og:image:type\" content=\"image\/jpeg\" \/>\n<meta name=\"twitter:card\" content=\"summary_large_image\" \/>\n<meta name=\"twitter:label1\" content=\"Tiempo de lectura\" \/>\n\t<meta name=\"twitter:data1\" content=\"1 minuto\" \/>\n<script type=\"application\/ld+json\" class=\"yoast-schema-graph\">{\"@context\":\"https:\/\/schema.org\",\"@graph\":[{\"@type\":\"WebPage\",\"@id\":\"https:\/\/www.heartfailurematters.org\/es\/lo-que-pueden-hacer-su-medico-o-enfermero\/intervencion-coronaria-percutanea-icp\/\",\"url\":\"https:\/\/www.heartfailurematters.org\/es\/lo-que-pueden-hacer-su-medico-o-enfermero\/intervencion-coronaria-percutanea-icp\/\",\"name\":\"Intervenci\u00f3n coronaria percut\u00e1nea (ICP) - Heart Failure Matters\",\"isPartOf\":{\"@id\":\"https:\/\/www.heartfailurematters.org\/es\/#website\"},\"primaryImageOfPage\":{\"@id\":\"https:\/\/www.heartfailurematters.org\/es\/lo-que-pueden-hacer-su-medico-o-enfermero\/intervencion-coronaria-percutanea-icp\/#primaryimage\"},\"image\":{\"@id\":\"https:\/\/www.heartfailurematters.org\/es\/lo-que-pueden-hacer-su-medico-o-enfermero\/intervencion-coronaria-percutanea-icp\/#primaryimage\"},\"thumbnailUrl\":\"https:\/\/www.heartfailurematters.org\/wp-content\/uploads\/2022\/02\/shutterstock_26945083-1-min.jpg\",\"datePublished\":\"2021-01-27T22:09:33+00:00\",\"dateModified\":\"2022-01-19T11:10:39+00:00\",\"description\":\"La intervenci\u00f3n coronaria percut\u00e1nea (ICP) tiene como objetivo restablecer el suministro sangu\u00edneo al coraz\u00f3n mediante el desbloqueo del pinzamiento de las arterias que le pueden estar causando la insuficiencia card\u00edaca.\",\"breadcrumb\":{\"@id\":\"https:\/\/www.heartfailurematters.org\/es\/lo-que-pueden-hacer-su-medico-o-enfermero\/intervencion-coronaria-percutanea-icp\/#breadcrumb\"},\"inLanguage\":\"es\",\"potentialAction\":[{\"@type\":\"ReadAction\",\"target\":[\"https:\/\/www.heartfailurematters.org\/es\/lo-que-pueden-hacer-su-medico-o-enfermero\/intervencion-coronaria-percutanea-icp\/\"]}]},{\"@type\":\"ImageObject\",\"inLanguage\":\"es\",\"@id\":\"https:\/\/www.heartfailurematters.org\/es\/lo-que-pueden-hacer-su-medico-o-enfermero\/intervencion-coronaria-percutanea-icp\/#primaryimage\",\"url\":\"https:\/\/www.heartfailurematters.org\/wp-content\/uploads\/2022\/02\/shutterstock_26945083-1-min.jpg\",\"contentUrl\":\"https:\/\/www.heartfailurematters.org\/wp-content\/uploads\/2022\/02\/shutterstock_26945083-1-min.jpg\",\"width\":900,\"height\":600},{\"@type\":\"BreadcrumbList\",\"@id\":\"https:\/\/www.heartfailurematters.org\/es\/lo-que-pueden-hacer-su-medico-o-enfermero\/intervencion-coronaria-percutanea-icp\/#breadcrumb\",\"itemListElement\":[{\"@type\":\"ListItem\",\"position\":1,\"name\":\"Inicio\",\"item\":\"https:\/\/www.heartfailurematters.org\/es\/\"},{\"@type\":\"ListItem\",\"position\":2,\"name\":\"\u00bfQu\u00e9 puede hacer su m\u00e9dico?\",\"item\":\"https:\/\/www.heartfailurematters.org\/es\/lo-que-pueden-hacer-su-medico-o-enfermero\/\"},{\"@type\":\"ListItem\",\"position\":3,\"name\":\"Intervenci\u00f3n coronaria percut\u00e1nea (ICP)\"}]},{\"@type\":\"WebSite\",\"@id\":\"https:\/\/www.heartfailurematters.org\/es\/#website\",\"url\":\"https:\/\/www.heartfailurematters.org\/es\/\",\"name\":\"Heart Failure Matters\",\"description\":\"Practical information for patients, families and caregivers.\",\"publisher\":{\"@id\":\"https:\/\/www.heartfailurematters.org\/es\/#organization\"},\"potentialAction\":[{\"@type\":\"SearchAction\",\"target\":{\"@type\":\"EntryPoint\",\"urlTemplate\":\"https:\/\/www.heartfailurematters.org\/es\/?s={search_term_string}\"},\"query-input\":{\"@type\":\"PropertyValueSpecification\",\"valueRequired\":true,\"valueName\":\"search_term_string\"}}],\"inLanguage\":\"es\"},{\"@type\":\"Organization\",\"@id\":\"https:\/\/www.heartfailurematters.org\/es\/#organization\",\"name\":\"Heart Failure Matters\",\"url\":\"https:\/\/www.heartfailurematters.org\/es\/\",\"logo\":{\"@type\":\"ImageObject\",\"inLanguage\":\"es\",\"@id\":\"https:\/\/www.heartfailurematters.org\/es\/#\/schema\/logo\/image\/\",\"url\":\"https:\/\/cdn-endpoint-hfm.azureedge.net\/heartfailurematters\/2024\/07\/hfm-logo1.jpg\",\"contentUrl\":\"https:\/\/cdn-endpoint-hfm.azureedge.net\/heartfailurematters\/2024\/07\/hfm-logo1.jpg\",\"width\":1280,\"height\":720,\"caption\":\"Heart Failure Matters\"},\"image\":{\"@id\":\"https:\/\/www.heartfailurematters.org\/es\/#\/schema\/logo\/image\/\"},\"sameAs\":[\"https:\/\/www.facebook.com\/heartfailurematters\"]}]}<\/script>\n<!-- \/ Yoast SEO plugin. -->","yoast_head_json":{"title":"Intervenci\u00f3n coronaria percut\u00e1nea (ICP) - Heart Failure Matters","description":"La intervenci\u00f3n coronaria percut\u00e1nea (ICP) tiene como objetivo restablecer el suministro sangu\u00edneo al coraz\u00f3n mediante el desbloqueo del pinzamiento de las arterias que le pueden estar causando la insuficiencia card\u00edaca.","robots":{"index":"index","follow":"follow","max-snippet":"max-snippet:-1","max-image-preview":"max-image-preview:large","max-video-preview":"max-video-preview:-1"},"canonical":"https:\/\/www.heartfailurematters.org\/es\/lo-que-pueden-hacer-su-medico-o-enfermero\/intervencion-coronaria-percutanea-icp\/","og_locale":"es_ES","og_type":"article","og_title":"Intervenci\u00f3n coronaria percut\u00e1nea (ICP) - Heart Failure Matters","og_description":"La intervenci\u00f3n coronaria percut\u00e1nea (ICP) tiene como objetivo restablecer el suministro sangu\u00edneo al coraz\u00f3n mediante el desbloqueo del pinzamiento de las arterias que le pueden estar causando la insuficiencia card\u00edaca.","og_url":"https:\/\/www.heartfailurematters.org\/es\/lo-que-pueden-hacer-su-medico-o-enfermero\/intervencion-coronaria-percutanea-icp\/","og_site_name":"Heart Failure Matters","article_publisher":"https:\/\/www.facebook.com\/heartfailurematters","article_modified_time":"2022-01-19T11:10:39+00:00","og_image":[{"width":900,"height":600,"url":"https:\/\/www.heartfailurematters.org\/wp-content\/uploads\/2022\/02\/shutterstock_26945083-1-min.jpg","type":"image\/jpeg"}],"twitter_card":"summary_large_image","twitter_misc":{"Tiempo de lectura":"1 minuto"},"schema":{"@context":"https:\/\/schema.org","@graph":[{"@type":"WebPage","@id":"https:\/\/www.heartfailurematters.org\/es\/lo-que-pueden-hacer-su-medico-o-enfermero\/intervencion-coronaria-percutanea-icp\/","url":"https:\/\/www.heartfailurematters.org\/es\/lo-que-pueden-hacer-su-medico-o-enfermero\/intervencion-coronaria-percutanea-icp\/","name":"Intervenci\u00f3n coronaria percut\u00e1nea (ICP) - Heart Failure Matters","isPartOf":{"@id":"https:\/\/www.heartfailurematters.org\/es\/#website"},"primaryImageOfPage":{"@id":"https:\/\/www.heartfailurematters.org\/es\/lo-que-pueden-hacer-su-medico-o-enfermero\/intervencion-coronaria-percutanea-icp\/#primaryimage"},"image":{"@id":"https:\/\/www.heartfailurematters.org\/es\/lo-que-pueden-hacer-su-medico-o-enfermero\/intervencion-coronaria-percutanea-icp\/#primaryimage"},"thumbnailUrl":"https:\/\/www.heartfailurematters.org\/wp-content\/uploads\/2022\/02\/shutterstock_26945083-1-min.jpg","datePublished":"2021-01-27T22:09:33+00:00","dateModified":"2022-01-19T11:10:39+00:00","description":"La intervenci\u00f3n coronaria percut\u00e1nea (ICP) tiene como objetivo restablecer el suministro sangu\u00edneo al coraz\u00f3n mediante el desbloqueo del pinzamiento de las arterias que le pueden estar causando la insuficiencia card\u00edaca.","breadcrumb":{"@id":"https:\/\/www.heartfailurematters.org\/es\/lo-que-pueden-hacer-su-medico-o-enfermero\/intervencion-coronaria-percutanea-icp\/#breadcrumb"},"inLanguage":"es","potentialAction":[{"@type":"ReadAction","target":["https:\/\/www.heartfailurematters.org\/es\/lo-que-pueden-hacer-su-medico-o-enfermero\/intervencion-coronaria-percutanea-icp\/"]}]},{"@type":"ImageObject","inLanguage":"es","@id":"https:\/\/www.heartfailurematters.org\/es\/lo-que-pueden-hacer-su-medico-o-enfermero\/intervencion-coronaria-percutanea-icp\/#primaryimage","url":"https:\/\/www.heartfailurematters.org\/wp-content\/uploads\/2022\/02\/shutterstock_26945083-1-min.jpg","contentUrl":"https:\/\/www.heartfailurematters.org\/wp-content\/uploads\/2022\/02\/shutterstock_26945083-1-min.jpg","width":900,"height":600},{"@type":"BreadcrumbList","@id":"https:\/\/www.heartfailurematters.org\/es\/lo-que-pueden-hacer-su-medico-o-enfermero\/intervencion-coronaria-percutanea-icp\/#breadcrumb","itemListElement":[{"@type":"ListItem","position":1,"name":"Inicio","item":"https:\/\/www.heartfailurematters.org\/es\/"},{"@type":"ListItem","position":2,"name":"\u00bfQu\u00e9 puede hacer su m\u00e9dico?","item":"https:\/\/www.heartfailurematters.org\/es\/lo-que-pueden-hacer-su-medico-o-enfermero\/"},{"@type":"ListItem","position":3,"name":"Intervenci\u00f3n coronaria percut\u00e1nea (ICP)"}]},{"@type":"WebSite","@id":"https:\/\/www.heartfailurematters.org\/es\/#website","url":"https:\/\/www.heartfailurematters.org\/es\/","name":"Heart Failure Matters","description":"Practical information for patients, families and caregivers.","publisher":{"@id":"https:\/\/www.heartfailurematters.org\/es\/#organization"},"potentialAction":[{"@type":"SearchAction","target":{"@type":"EntryPoint","urlTemplate":"https:\/\/www.heartfailurematters.org\/es\/?s={search_term_string}"},"query-input":{"@type":"PropertyValueSpecification","valueRequired":true,"valueName":"search_term_string"}}],"inLanguage":"es"},{"@type":"Organization","@id":"https:\/\/www.heartfailurematters.org\/es\/#organization","name":"Heart Failure Matters","url":"https:\/\/www.heartfailurematters.org\/es\/","logo":{"@type":"ImageObject","inLanguage":"es","@id":"https:\/\/www.heartfailurematters.org\/es\/#\/schema\/logo\/image\/","url":"https:\/\/cdn-endpoint-hfm.azureedge.net\/heartfailurematters\/2024\/07\/hfm-logo1.jpg","contentUrl":"https:\/\/cdn-endpoint-hfm.azureedge.net\/heartfailurematters\/2024\/07\/hfm-logo1.jpg","width":1280,"height":720,"caption":"Heart Failure Matters"},"image":{"@id":"https:\/\/www.heartfailurematters.org\/es\/#\/schema\/logo\/image\/"},"sameAs":["https:\/\/www.facebook.com\/heartfailurematters"]}]}},"_links":{"self":[{"href":"https:\/\/www.heartfailurematters.org\/es\/wp-json\/wp\/v2\/pages\/2330","targetHints":{"allow":["GET"]}}],"collection":[{"href":"https:\/\/www.heartfailurematters.org\/es\/wp-json\/wp\/v2\/pages"}],"about":[{"href":"https:\/\/www.heartfailurematters.org\/es\/wp-json\/wp\/v2\/types\/page"}],"author":[{"embeddable":true,"href":"https:\/\/www.heartfailurematters.org\/es\/wp-json\/wp\/v2\/users\/1"}],"replies":[{"embeddable":true,"href":"https:\/\/www.heartfailurematters.org\/es\/wp-json\/wp\/v2\/comments?post=2330"}],"version-history":[{"count":2,"href":"https:\/\/www.heartfailurematters.org\/es\/wp-json\/wp\/v2\/pages\/2330\/revisions"}],"predecessor-version":[{"id":10236,"href":"https:\/\/www.heartfailurematters.org\/es\/wp-json\/wp\/v2\/pages\/2330\/revisions\/10236"}],"up":[{"embeddable":true,"href":"https:\/\/www.heartfailurematters.org\/es\/wp-json\/wp\/v2\/pages\/2684"}],"wp:featuredmedia":[{"embeddable":true,"href":"https:\/\/www.heartfailurematters.org\/es\/wp-json\/wp\/v2\/media\/10691"}],"wp:attachment":[{"href":"https:\/\/www.heartfailurematters.org\/es\/wp-json\/wp\/v2\/media?parent=2330"}],"wp:term":[{"taxonomy":"category","embeddable":true,"href":"https:\/\/www.heartfailurematters.org\/es\/wp-json\/wp\/v2\/categories?post=2330"},{"taxonomy":"post_tag","embeddable":true,"href":"https:\/\/www.heartfailurematters.org\/es\/wp-json\/wp\/v2\/tags?post=2330"}],"curies":[{"name":"wp","href":"https:\/\/api.w.org\/{rel}","templated":true}]}}