{"id":2328,"date":"2021-01-27T22:09:33","date_gmt":"2021-01-27T22:09:33","guid":{"rendered":"http:\/\/heartfailurematters.local:8888\/adaptar-la-dieta-dieta-para-pacientes-diabeticos\/"},"modified":"2022-01-25T16:09:13","modified_gmt":"2022-01-25T16:09:13","slug":"adaptar-la-dieta-dieta-para-pacientes-diabeticos","status":"publish","type":"page","link":"https:\/\/www.heartfailurematters.org\/es\/lo-que-puede-hacer-usted\/adaptar-la-dieta-dieta-para-pacientes-diabeticos\/","title":{"rendered":"Adaptar la dieta: dieta para pacientes diab\u00e9ticos"},"content":{"rendered":"<p>La insuficiencia card\u00edaca y la <a class=\"addtooltip\" title=\"&lt;div id='ToolTipTextWrap'&gt;diabetes&lt;\/div&gt;&lt;p&gt;Enfermedad en la cual el organismo no produce suficiente insulina o la insulina producida no funciona de manera apropiada. Esto significa que el organismo no puede utilizar la glucosa adecuadamente.&lt;\/p&gt;\"><strong>diabetes<\/strong><\/a> suelen coincidir. Hasta un tercio de las personas con insuficiencia card\u00edaca presentan cierto grado de <a class=\"addtooltip\" title=\"&lt;div id='ToolTipTextWrap'&gt;diabetes&lt;\/div&gt;&lt;p&gt; Enfermedad en la cual el organismo no produce suficiente insulina o la insulina producida no funciona de manera apropiada. Esto significa que el organismo no puede utilizar la glucosa adecuadamente.&lt;\/p&gt;\"><strong>diabetes<\/strong><\/a> que se puede controlar con dieta, medicamentos o insulina. Es importante que los pacientes con insuficiencia card\u00edaca mantengan un buen control de la glucosa sangu\u00ednea. El aumento de las concentraciones de glucosa tiene tambi\u00e9n efectos perjudiciales directos e indirectos en la funci\u00f3n card\u00edaca.<\/p>\n<p>Es especialmente importante que las personas con <a class=\"addtooltip\" title=\"&lt;div id='ToolTipTextWrap'&gt;diabetes&lt;\/div&gt;&lt;p&gt; Enfermedad en la cual el organismo no produce suficiente insulina o la insulina producida no funciona de manera apropiada. Esto significa que el organismo no puede utilizar la glucosa adecuadamente.&lt;\/p&gt;\"><strong>diabetes<\/strong><\/a> e insuficiencia card\u00edaca sigan estrictamente los consejos del m\u00e9dico, enfermera y especialista en diet\u00e9tica.<\/p>\n<p><a href=\"https:\/\/www.heartfailurematters.org\/es\/lo-que-puede-hacer-usted\/adaptacion-de-la-dieta\/\">Volver a Adaptar la dieta<\/a><\/p>\n","protected":false},"excerpt":{"rendered":"<p>La insuficiencia card\u00edaca y la diabetes suelen coincidir. Hasta un tercio de las personas con insuficiencia card\u00edaca presentan cierto grado de diabetes que se puede controlar con dieta, medicamentos o insulina. Es importante que los pacientes con insuficiencia card\u00edaca mantengan un buen control de la glucosa sangu\u00ednea. El aumento de las concentraciones de glucosa tiene [&hellip;]<\/p>\n","protected":false},"author":1,"featured_media":10761,"parent":2720,"menu_order":0,"comment_status":"open","ping_status":"open","template":"","meta":{"_acf_changed":false,"footnotes":""},"categories":[],"tags":[],"class_list":["post-2328","page","type-page","status-publish","has-post-thumbnail","hentry"],"acf":[],"yoast_head":"<!-- This site is optimized with the Yoast SEO plugin v24.8.1 - https:\/\/yoast.com\/wordpress\/plugins\/seo\/ -->\n<title>Adaptar la dieta: dieta para pacientes diab\u00e9ticos - Heart Failure Matters<\/title>\n<meta name=\"description\" content=\"Las personas con insuficiencia card\u00edaca deben controlar el az\u00facar en sangre. Los niveles elevados tendr\u00e1n efectos da\u00f1inos en la funci\u00f3n card\u00edaca.\" \/>\n<meta name=\"robots\" content=\"index, follow, max-snippet:-1, max-image-preview:large, max-video-preview:-1\" \/>\n<link rel=\"canonical\" href=\"https:\/\/www.heartfailurematters.org\/es\/lo-que-puede-hacer-usted\/adaptar-la-dieta-dieta-para-pacientes-diabeticos\/\" \/>\n<meta property=\"og:locale\" content=\"es_ES\" \/>\n<meta property=\"og:type\" content=\"article\" \/>\n<meta property=\"og:title\" content=\"Adaptar la dieta: dieta para pacientes diab\u00e9ticos - Heart Failure Matters\" \/>\n<meta property=\"og:description\" content=\"Las personas con insuficiencia card\u00edaca deben controlar el az\u00facar en sangre. Los niveles elevados tendr\u00e1n efectos da\u00f1inos en la funci\u00f3n card\u00edaca.\" \/>\n<meta property=\"og:url\" content=\"https:\/\/www.heartfailurematters.org\/es\/lo-que-puede-hacer-usted\/adaptar-la-dieta-dieta-para-pacientes-diabeticos\/\" \/>\n<meta property=\"og:site_name\" content=\"Heart Failure Matters\" \/>\n<meta property=\"article:publisher\" content=\"https:\/\/www.facebook.com\/heartfailurematters\" \/>\n<meta property=\"article:modified_time\" content=\"2022-01-25T16:09:13+00:00\" \/>\n<meta property=\"og:image\" content=\"https:\/\/www.heartfailurematters.org\/wp-content\/uploads\/2022\/03\/shutterstock_1439349791-1-min.jpg\" \/>\n\t<meta property=\"og:image:width\" content=\"900\" \/>\n\t<meta property=\"og:image:height\" content=\"601\" \/>\n\t<meta property=\"og:image:type\" content=\"image\/jpeg\" \/>\n<meta name=\"twitter:card\" content=\"summary_large_image\" \/>\n<meta name=\"twitter:label1\" content=\"Tiempo de lectura\" \/>\n\t<meta name=\"twitter:data1\" content=\"1 minuto\" \/>\n<script type=\"application\/ld+json\" class=\"yoast-schema-graph\">{\"@context\":\"https:\/\/schema.org\",\"@graph\":[{\"@type\":\"WebPage\",\"@id\":\"https:\/\/www.heartfailurematters.org\/es\/lo-que-puede-hacer-usted\/adaptar-la-dieta-dieta-para-pacientes-diabeticos\/\",\"url\":\"https:\/\/www.heartfailurematters.org\/es\/lo-que-puede-hacer-usted\/adaptar-la-dieta-dieta-para-pacientes-diabeticos\/\",\"name\":\"Adaptar la dieta: dieta para pacientes diab\u00e9ticos - Heart Failure Matters\",\"isPartOf\":{\"@id\":\"https:\/\/www.heartfailurematters.org\/es\/#website\"},\"primaryImageOfPage\":{\"@id\":\"https:\/\/www.heartfailurematters.org\/es\/lo-que-puede-hacer-usted\/adaptar-la-dieta-dieta-para-pacientes-diabeticos\/#primaryimage\"},\"image\":{\"@id\":\"https:\/\/www.heartfailurematters.org\/es\/lo-que-puede-hacer-usted\/adaptar-la-dieta-dieta-para-pacientes-diabeticos\/#primaryimage\"},\"thumbnailUrl\":\"https:\/\/www.heartfailurematters.org\/wp-content\/uploads\/2022\/03\/shutterstock_1439349791-1-min.jpg\",\"datePublished\":\"2021-01-27T22:09:33+00:00\",\"dateModified\":\"2022-01-25T16:09:13+00:00\",\"description\":\"Las personas con insuficiencia card\u00edaca deben controlar el az\u00facar en sangre. Los niveles elevados tendr\u00e1n efectos da\u00f1inos en la funci\u00f3n card\u00edaca.\",\"breadcrumb\":{\"@id\":\"https:\/\/www.heartfailurematters.org\/es\/lo-que-puede-hacer-usted\/adaptar-la-dieta-dieta-para-pacientes-diabeticos\/#breadcrumb\"},\"inLanguage\":\"es\",\"potentialAction\":[{\"@type\":\"ReadAction\",\"target\":[\"https:\/\/www.heartfailurematters.org\/es\/lo-que-puede-hacer-usted\/adaptar-la-dieta-dieta-para-pacientes-diabeticos\/\"]}]},{\"@type\":\"ImageObject\",\"inLanguage\":\"es\",\"@id\":\"https:\/\/www.heartfailurematters.org\/es\/lo-que-puede-hacer-usted\/adaptar-la-dieta-dieta-para-pacientes-diabeticos\/#primaryimage\",\"url\":\"https:\/\/www.heartfailurematters.org\/wp-content\/uploads\/2022\/03\/shutterstock_1439349791-1-min.jpg\",\"contentUrl\":\"https:\/\/www.heartfailurematters.org\/wp-content\/uploads\/2022\/03\/shutterstock_1439349791-1-min.jpg\",\"width\":900,\"height\":601},{\"@type\":\"BreadcrumbList\",\"@id\":\"https:\/\/www.heartfailurematters.org\/es\/lo-que-puede-hacer-usted\/adaptar-la-dieta-dieta-para-pacientes-diabeticos\/#breadcrumb\",\"itemListElement\":[{\"@type\":\"ListItem\",\"position\":1,\"name\":\"Inicio\",\"item\":\"https:\/\/www.heartfailurematters.org\/es\/\"},{\"@type\":\"ListItem\",\"position\":2,\"name\":\"\u00bfQu\u00e9 puede hacer usted?\",\"item\":\"https:\/\/www.heartfailurematters.org\/es\/lo-que-puede-hacer-usted\/\"},{\"@type\":\"ListItem\",\"position\":3,\"name\":\"Adaptar la dieta: dieta para pacientes diab\u00e9ticos\"}]},{\"@type\":\"WebSite\",\"@id\":\"https:\/\/www.heartfailurematters.org\/es\/#website\",\"url\":\"https:\/\/www.heartfailurematters.org\/es\/\",\"name\":\"Heart Failure Matters\",\"description\":\"Practical information for patients, families and caregivers.\",\"publisher\":{\"@id\":\"https:\/\/www.heartfailurematters.org\/es\/#organization\"},\"potentialAction\":[{\"@type\":\"SearchAction\",\"target\":{\"@type\":\"EntryPoint\",\"urlTemplate\":\"https:\/\/www.heartfailurematters.org\/es\/?s={search_term_string}\"},\"query-input\":{\"@type\":\"PropertyValueSpecification\",\"valueRequired\":true,\"valueName\":\"search_term_string\"}}],\"inLanguage\":\"es\"},{\"@type\":\"Organization\",\"@id\":\"https:\/\/www.heartfailurematters.org\/es\/#organization\",\"name\":\"Heart Failure Matters\",\"url\":\"https:\/\/www.heartfailurematters.org\/es\/\",\"logo\":{\"@type\":\"ImageObject\",\"inLanguage\":\"es\",\"@id\":\"https:\/\/www.heartfailurematters.org\/es\/#\/schema\/logo\/image\/\",\"url\":\"https:\/\/cdn-endpoint-hfm.azureedge.net\/heartfailurematters\/2024\/07\/hfm-logo1.jpg\",\"contentUrl\":\"https:\/\/cdn-endpoint-hfm.azureedge.net\/heartfailurematters\/2024\/07\/hfm-logo1.jpg\",\"width\":1280,\"height\":720,\"caption\":\"Heart Failure Matters\"},\"image\":{\"@id\":\"https:\/\/www.heartfailurematters.org\/es\/#\/schema\/logo\/image\/\"},\"sameAs\":[\"https:\/\/www.facebook.com\/heartfailurematters\"]}]}<\/script>\n<!-- \/ Yoast SEO plugin. -->","yoast_head_json":{"title":"Adaptar la dieta: dieta para pacientes diab\u00e9ticos - Heart Failure Matters","description":"Las personas con insuficiencia card\u00edaca deben controlar el az\u00facar en sangre. Los niveles elevados tendr\u00e1n efectos da\u00f1inos en la funci\u00f3n card\u00edaca.","robots":{"index":"index","follow":"follow","max-snippet":"max-snippet:-1","max-image-preview":"max-image-preview:large","max-video-preview":"max-video-preview:-1"},"canonical":"https:\/\/www.heartfailurematters.org\/es\/lo-que-puede-hacer-usted\/adaptar-la-dieta-dieta-para-pacientes-diabeticos\/","og_locale":"es_ES","og_type":"article","og_title":"Adaptar la dieta: dieta para pacientes diab\u00e9ticos - Heart Failure Matters","og_description":"Las personas con insuficiencia card\u00edaca deben controlar el az\u00facar en sangre. Los niveles elevados tendr\u00e1n efectos da\u00f1inos en la funci\u00f3n card\u00edaca.","og_url":"https:\/\/www.heartfailurematters.org\/es\/lo-que-puede-hacer-usted\/adaptar-la-dieta-dieta-para-pacientes-diabeticos\/","og_site_name":"Heart Failure Matters","article_publisher":"https:\/\/www.facebook.com\/heartfailurematters","article_modified_time":"2022-01-25T16:09:13+00:00","og_image":[{"width":900,"height":601,"url":"https:\/\/www.heartfailurematters.org\/wp-content\/uploads\/2022\/03\/shutterstock_1439349791-1-min.jpg","type":"image\/jpeg"}],"twitter_card":"summary_large_image","twitter_misc":{"Tiempo de lectura":"1 minuto"},"schema":{"@context":"https:\/\/schema.org","@graph":[{"@type":"WebPage","@id":"https:\/\/www.heartfailurematters.org\/es\/lo-que-puede-hacer-usted\/adaptar-la-dieta-dieta-para-pacientes-diabeticos\/","url":"https:\/\/www.heartfailurematters.org\/es\/lo-que-puede-hacer-usted\/adaptar-la-dieta-dieta-para-pacientes-diabeticos\/","name":"Adaptar la dieta: dieta para pacientes diab\u00e9ticos - Heart Failure Matters","isPartOf":{"@id":"https:\/\/www.heartfailurematters.org\/es\/#website"},"primaryImageOfPage":{"@id":"https:\/\/www.heartfailurematters.org\/es\/lo-que-puede-hacer-usted\/adaptar-la-dieta-dieta-para-pacientes-diabeticos\/#primaryimage"},"image":{"@id":"https:\/\/www.heartfailurematters.org\/es\/lo-que-puede-hacer-usted\/adaptar-la-dieta-dieta-para-pacientes-diabeticos\/#primaryimage"},"thumbnailUrl":"https:\/\/www.heartfailurematters.org\/wp-content\/uploads\/2022\/03\/shutterstock_1439349791-1-min.jpg","datePublished":"2021-01-27T22:09:33+00:00","dateModified":"2022-01-25T16:09:13+00:00","description":"Las personas con insuficiencia card\u00edaca deben controlar el az\u00facar en sangre. Los niveles elevados tendr\u00e1n efectos da\u00f1inos en la funci\u00f3n card\u00edaca.","breadcrumb":{"@id":"https:\/\/www.heartfailurematters.org\/es\/lo-que-puede-hacer-usted\/adaptar-la-dieta-dieta-para-pacientes-diabeticos\/#breadcrumb"},"inLanguage":"es","potentialAction":[{"@type":"ReadAction","target":["https:\/\/www.heartfailurematters.org\/es\/lo-que-puede-hacer-usted\/adaptar-la-dieta-dieta-para-pacientes-diabeticos\/"]}]},{"@type":"ImageObject","inLanguage":"es","@id":"https:\/\/www.heartfailurematters.org\/es\/lo-que-puede-hacer-usted\/adaptar-la-dieta-dieta-para-pacientes-diabeticos\/#primaryimage","url":"https:\/\/www.heartfailurematters.org\/wp-content\/uploads\/2022\/03\/shutterstock_1439349791-1-min.jpg","contentUrl":"https:\/\/www.heartfailurematters.org\/wp-content\/uploads\/2022\/03\/shutterstock_1439349791-1-min.jpg","width":900,"height":601},{"@type":"BreadcrumbList","@id":"https:\/\/www.heartfailurematters.org\/es\/lo-que-puede-hacer-usted\/adaptar-la-dieta-dieta-para-pacientes-diabeticos\/#breadcrumb","itemListElement":[{"@type":"ListItem","position":1,"name":"Inicio","item":"https:\/\/www.heartfailurematters.org\/es\/"},{"@type":"ListItem","position":2,"name":"\u00bfQu\u00e9 puede hacer usted?","item":"https:\/\/www.heartfailurematters.org\/es\/lo-que-puede-hacer-usted\/"},{"@type":"ListItem","position":3,"name":"Adaptar la dieta: dieta para pacientes diab\u00e9ticos"}]},{"@type":"WebSite","@id":"https:\/\/www.heartfailurematters.org\/es\/#website","url":"https:\/\/www.heartfailurematters.org\/es\/","name":"Heart Failure Matters","description":"Practical information for patients, families and caregivers.","publisher":{"@id":"https:\/\/www.heartfailurematters.org\/es\/#organization"},"potentialAction":[{"@type":"SearchAction","target":{"@type":"EntryPoint","urlTemplate":"https:\/\/www.heartfailurematters.org\/es\/?s={search_term_string}"},"query-input":{"@type":"PropertyValueSpecification","valueRequired":true,"valueName":"search_term_string"}}],"inLanguage":"es"},{"@type":"Organization","@id":"https:\/\/www.heartfailurematters.org\/es\/#organization","name":"Heart Failure Matters","url":"https:\/\/www.heartfailurematters.org\/es\/","logo":{"@type":"ImageObject","inLanguage":"es","@id":"https:\/\/www.heartfailurematters.org\/es\/#\/schema\/logo\/image\/","url":"https:\/\/cdn-endpoint-hfm.azureedge.net\/heartfailurematters\/2024\/07\/hfm-logo1.jpg","contentUrl":"https:\/\/cdn-endpoint-hfm.azureedge.net\/heartfailurematters\/2024\/07\/hfm-logo1.jpg","width":1280,"height":720,"caption":"Heart Failure Matters"},"image":{"@id":"https:\/\/www.heartfailurematters.org\/es\/#\/schema\/logo\/image\/"},"sameAs":["https:\/\/www.facebook.com\/heartfailurematters"]}]}},"_links":{"self":[{"href":"https:\/\/www.heartfailurematters.org\/es\/wp-json\/wp\/v2\/pages\/2328","targetHints":{"allow":["GET"]}}],"collection":[{"href":"https:\/\/www.heartfailurematters.org\/es\/wp-json\/wp\/v2\/pages"}],"about":[{"href":"https:\/\/www.heartfailurematters.org\/es\/wp-json\/wp\/v2\/types\/page"}],"author":[{"embeddable":true,"href":"https:\/\/www.heartfailurematters.org\/es\/wp-json\/wp\/v2\/users\/1"}],"replies":[{"embeddable":true,"href":"https:\/\/www.heartfailurematters.org\/es\/wp-json\/wp\/v2\/comments?post=2328"}],"version-history":[{"count":2,"href":"https:\/\/www.heartfailurematters.org\/es\/wp-json\/wp\/v2\/pages\/2328\/revisions"}],"predecessor-version":[{"id":10458,"href":"https:\/\/www.heartfailurematters.org\/es\/wp-json\/wp\/v2\/pages\/2328\/revisions\/10458"}],"up":[{"embeddable":true,"href":"https:\/\/www.heartfailurematters.org\/es\/wp-json\/wp\/v2\/pages\/2720"}],"wp:featuredmedia":[{"embeddable":true,"href":"https:\/\/www.heartfailurematters.org\/es\/wp-json\/wp\/v2\/media\/10761"}],"wp:attachment":[{"href":"https:\/\/www.heartfailurematters.org\/es\/wp-json\/wp\/v2\/media?parent=2328"}],"wp:term":[{"taxonomy":"category","embeddable":true,"href":"https:\/\/www.heartfailurematters.org\/es\/wp-json\/wp\/v2\/categories?post=2328"},{"taxonomy":"post_tag","embeddable":true,"href":"https:\/\/www.heartfailurematters.org\/es\/wp-json\/wp\/v2\/tags?post=2328"}],"curies":[{"name":"wp","href":"https:\/\/api.w.org\/{rel}","templated":true}]}}