{"id":2327,"date":"2021-01-27T22:09:33","date_gmt":"2021-01-27T22:09:33","guid":{"rendered":"http:\/\/heartfailurematters.local:8888\/prueba-de-esfuerzo\/"},"modified":"2022-01-25T15:49:59","modified_gmt":"2022-01-25T15:49:59","slug":"prueba-de-esfuerzo","status":"publish","type":"page","link":"https:\/\/www.heartfailurematters.org\/es\/conocer-la-insuficiencia-cardiaca\/prueba-de-esfuerzo\/","title":{"rendered":"Prueba de esfuerzo"},"content":{"rendered":"<p><strong><a class=\"addtooltip\" title=\" Actividad f\u00edsica controlada, generalmente en una cinta o bicicleta est\u00e1tica, que se usa para evaluar c\u00f3mo gestiona el coraz\u00f3n el ejercicio y el estr\u00e9s. Esta prueba puede mostrar evidencia de isquemia debido a una enfermedad coronaria \" href=\"https:\/\/www.heartfailurematters.org\/es\/conocer-la-insuficiencia-cardiaca\/prueba-de-esfuerzo\/\">La prueba de esfuerzo<\/a>\u00a0<\/strong>le permite al m\u00e9dico conocer el funcionamiento del coraz\u00f3n en condiciones de ejercicio o sobrecarga. Consiste en hacer ejercicio en una cinta sin fin mientras se monitorizan la frecuencia card\u00edaca, la respiraci\u00f3n, la presi\u00f3n arterial y la actividad el\u00e9ctrica del coraz\u00f3n.<\/p>\n<p>Se le conecta a un equipo de monitorizaci\u00f3n y se le pide que camine lentamente en una cinta sin fin o que pedalee en una bicicleta est\u00e1tica. Se aumenta la velocidad y se inclina la cinta para obtener el efecto de subir una peque\u00f1a cuesta (en la bicicleta se aumenta continuamente o de manera gradual la carga sobre los pedales). Tambi\u00e9n se le puede pedir que respire por un tubo durante un par de minutos.<\/p>\n<p>Estas pruebas se pueden interrumpir en cualquier momento si es necesario. Despu\u00e9s se sentar\u00e1 o tumbar\u00e1 para comprobar el estado del coraz\u00f3n y la presi\u00f3n arterial.<\/p>\n<p>Algunas veces, adem\u00e1s de la prueba de esfuerzo convencional, podr\u00edan pedirle que se ponga una mascarilla para recoger el aire que respira y medir cuanto est\u00e1 respirando y a qu\u00e9 velocidad est\u00e1 consumiendo ox\u00edgeno su organismo. Esto es lo que se conoce como prueba de esfuerzo cardiorrespiratoria.<\/p>\n<p>Como su organismo trabaja con m\u00e1s intensidad durante la prueba, necesita m\u00e1s ox\u00edgeno, por lo que el coraz\u00f3n debe bombear m\u00e1s sangre. La prueba puede demostrar si el aporte sangu\u00edneo est\u00e1 reducido en las arterias que riegan el coraz\u00f3n. Tambi\u00e9n determina su capacidad de esfuerzo y decide el tipo y el grado de ejercicio que es mejor para usted.<\/p>\n<p>La prueba de esfuerzo es \u00fatil para diagnosticar la <a class=\"addtooltip\" title=\"Enfermedad que aparece cuando las arterias coronarias se estrechan o se obstruyen completamente. El flujo sangu\u00edneo disminuye y se pueden producir angina, infarto de miocardio e insuficiencia card\u00edaca.\" href=\"https:\/\/www.heartfailurematters.org\/es\/conocer-la-insuficiencia-cardiaca\/prueba-de-esfuerzo\/\"><strong>enfermedad coronaria<\/strong><\/a>, un factor de riesgo de insuficiencia card\u00edaca y para determinar la <a class=\"addtooltip\" title=\" T\u00e9rmino utilizado para describir la forma f\u00edsica de una persona o el grado de ejercicio que puede realizar. \" href=\"https:\/\/www.heartfailurematters.org\/es\/conocer-la-insuficiencia-cardiaca\/prueba-de-esfuerzo\/\"><strong>capacidad de esfuerzo<\/strong><\/a>.<\/p>\n<table border=\"1\" width=\"100%\" cellspacing=\"0\" cellpadding=\"0\">\n<tbody>\n<tr>\n<td width=\"100%\"><img decoding=\"async\" class=\"alignleft size-full wp-image-6741\" src=\"https:\/\/cdn-endpoint-hfm.azureedge.net\/heartfailurematters\/2021\/02\/Patient-during-an-exercise-test.jpg\" alt=\"\" width=\"211\" height=\"206\" \/><\/td>\n<\/tr>\n<tr>\n<td width=\"100%\"><span class=\"caption\">\u00a9 Siemens<\/span><br \/>\n<span style=\"font-size: medium;\">Paciente durante una prueba de esfuerzo<\/span><\/td>\n<\/tr>\n<\/tbody>\n<\/table>\n<p>Volver a Pruebas habituales para diagnosticar la insuficiencia card\u00edaca<\/p>\n","protected":false},"excerpt":{"rendered":"<p>La prueba de esfuerzo\u00a0le permite al m\u00e9dico conocer el funcionamiento del coraz\u00f3n en condiciones de ejercicio o sobrecarga. Consiste en hacer ejercicio en una cinta sin fin mientras se monitorizan la frecuencia card\u00edaca, la respiraci\u00f3n, la presi\u00f3n arterial y la actividad el\u00e9ctrica del coraz\u00f3n. Se le conecta a un equipo de monitorizaci\u00f3n y se le [&hellip;]<\/p>\n","protected":false},"author":1,"featured_media":10671,"parent":2155,"menu_order":0,"comment_status":"open","ping_status":"open","template":"","meta":{"_acf_changed":false,"footnotes":""},"categories":[],"tags":[],"class_list":["post-2327","page","type-page","status-publish","has-post-thumbnail","hentry"],"acf":[],"yoast_head":"<!-- This site is optimized with the Yoast SEO plugin v24.8.1 - https:\/\/yoast.com\/wordpress\/plugins\/seo\/ -->\n<title>Pruebas de esfuerzo para la insuficiencia card\u00edaca<\/title>\n<meta name=\"description\" content=\"Las pruebas de esfuerzo ayudan a su m\u00e9dico a averiguar c\u00f3mo responde el coraz\u00f3n al ejercicio o al estr\u00e9s, incluida la actividad el\u00e9ctrica card\u00edaca.\" \/>\n<meta name=\"robots\" content=\"index, follow, max-snippet:-1, max-image-preview:large, max-video-preview:-1\" \/>\n<link rel=\"canonical\" href=\"https:\/\/www.heartfailurematters.org\/es\/conocer-la-insuficiencia-cardiaca\/prueba-de-esfuerzo\/\" \/>\n<meta property=\"og:locale\" content=\"es_ES\" \/>\n<meta property=\"og:type\" content=\"article\" \/>\n<meta property=\"og:title\" content=\"Pruebas de esfuerzo para la insuficiencia card\u00edaca\" \/>\n<meta property=\"og:description\" content=\"Las pruebas de esfuerzo ayudan a su m\u00e9dico a averiguar c\u00f3mo responde el coraz\u00f3n al ejercicio o al estr\u00e9s, incluida la actividad el\u00e9ctrica card\u00edaca.\" \/>\n<meta property=\"og:url\" content=\"https:\/\/www.heartfailurematters.org\/es\/conocer-la-insuficiencia-cardiaca\/prueba-de-esfuerzo\/\" \/>\n<meta property=\"og:site_name\" content=\"Heart Failure Matters\" \/>\n<meta property=\"article:publisher\" content=\"https:\/\/www.facebook.com\/heartfailurematters\" \/>\n<meta property=\"article:modified_time\" content=\"2022-01-25T15:49:59+00:00\" \/>\n<meta property=\"og:image\" content=\"https:\/\/www.heartfailurematters.org\/wp-content\/uploads\/2022\/02\/shutterstock_362699957-1-min.jpg\" \/>\n\t<meta property=\"og:image:width\" content=\"900\" \/>\n\t<meta property=\"og:image:height\" content=\"600\" \/>\n\t<meta property=\"og:image:type\" content=\"image\/jpeg\" \/>\n<meta name=\"twitter:card\" content=\"summary_large_image\" \/>\n<meta name=\"twitter:label1\" content=\"Tiempo de lectura\" \/>\n\t<meta name=\"twitter:data1\" content=\"2 minutos\" \/>\n<script type=\"application\/ld+json\" class=\"yoast-schema-graph\">{\"@context\":\"https:\/\/schema.org\",\"@graph\":[{\"@type\":\"WebPage\",\"@id\":\"https:\/\/www.heartfailurematters.org\/es\/conocer-la-insuficiencia-cardiaca\/prueba-de-esfuerzo\/\",\"url\":\"https:\/\/www.heartfailurematters.org\/es\/conocer-la-insuficiencia-cardiaca\/prueba-de-esfuerzo\/\",\"name\":\"Pruebas de esfuerzo para la insuficiencia card\u00edaca\",\"isPartOf\":{\"@id\":\"https:\/\/www.heartfailurematters.org\/es\/#website\"},\"primaryImageOfPage\":{\"@id\":\"https:\/\/www.heartfailurematters.org\/es\/conocer-la-insuficiencia-cardiaca\/prueba-de-esfuerzo\/#primaryimage\"},\"image\":{\"@id\":\"https:\/\/www.heartfailurematters.org\/es\/conocer-la-insuficiencia-cardiaca\/prueba-de-esfuerzo\/#primaryimage\"},\"thumbnailUrl\":\"https:\/\/www.heartfailurematters.org\/wp-content\/uploads\/2022\/02\/shutterstock_362699957-1-min.jpg\",\"datePublished\":\"2021-01-27T22:09:33+00:00\",\"dateModified\":\"2022-01-25T15:49:59+00:00\",\"description\":\"Las pruebas de esfuerzo ayudan a su m\u00e9dico a averiguar c\u00f3mo responde el coraz\u00f3n al ejercicio o al estr\u00e9s, incluida la actividad el\u00e9ctrica card\u00edaca.\",\"breadcrumb\":{\"@id\":\"https:\/\/www.heartfailurematters.org\/es\/conocer-la-insuficiencia-cardiaca\/prueba-de-esfuerzo\/#breadcrumb\"},\"inLanguage\":\"es\",\"potentialAction\":[{\"@type\":\"ReadAction\",\"target\":[\"https:\/\/www.heartfailurematters.org\/es\/conocer-la-insuficiencia-cardiaca\/prueba-de-esfuerzo\/\"]}]},{\"@type\":\"ImageObject\",\"inLanguage\":\"es\",\"@id\":\"https:\/\/www.heartfailurematters.org\/es\/conocer-la-insuficiencia-cardiaca\/prueba-de-esfuerzo\/#primaryimage\",\"url\":\"https:\/\/www.heartfailurematters.org\/wp-content\/uploads\/2022\/02\/shutterstock_362699957-1-min.jpg\",\"contentUrl\":\"https:\/\/www.heartfailurematters.org\/wp-content\/uploads\/2022\/02\/shutterstock_362699957-1-min.jpg\",\"width\":900,\"height\":600},{\"@type\":\"BreadcrumbList\",\"@id\":\"https:\/\/www.heartfailurematters.org\/es\/conocer-la-insuficiencia-cardiaca\/prueba-de-esfuerzo\/#breadcrumb\",\"itemListElement\":[{\"@type\":\"ListItem\",\"position\":1,\"name\":\"Inicio\",\"item\":\"https:\/\/www.heartfailurematters.org\/es\/\"},{\"@type\":\"ListItem\",\"position\":2,\"name\":\"Conocer la insuficiencia card\u00edaca\",\"item\":\"https:\/\/www.heartfailurematters.org\/es\/conocer-la-insuficiencia-cardiaca\/\"},{\"@type\":\"ListItem\",\"position\":3,\"name\":\"Prueba de esfuerzo\"}]},{\"@type\":\"WebSite\",\"@id\":\"https:\/\/www.heartfailurematters.org\/es\/#website\",\"url\":\"https:\/\/www.heartfailurematters.org\/es\/\",\"name\":\"Heart Failure Matters\",\"description\":\"Practical information for patients, families and caregivers.\",\"publisher\":{\"@id\":\"https:\/\/www.heartfailurematters.org\/es\/#organization\"},\"potentialAction\":[{\"@type\":\"SearchAction\",\"target\":{\"@type\":\"EntryPoint\",\"urlTemplate\":\"https:\/\/www.heartfailurematters.org\/es\/?s={search_term_string}\"},\"query-input\":{\"@type\":\"PropertyValueSpecification\",\"valueRequired\":true,\"valueName\":\"search_term_string\"}}],\"inLanguage\":\"es\"},{\"@type\":\"Organization\",\"@id\":\"https:\/\/www.heartfailurematters.org\/es\/#organization\",\"name\":\"Heart Failure Matters\",\"url\":\"https:\/\/www.heartfailurematters.org\/es\/\",\"logo\":{\"@type\":\"ImageObject\",\"inLanguage\":\"es\",\"@id\":\"https:\/\/www.heartfailurematters.org\/es\/#\/schema\/logo\/image\/\",\"url\":\"https:\/\/cdn-endpoint-hfm.azureedge.net\/heartfailurematters\/2024\/07\/hfm-logo1.jpg\",\"contentUrl\":\"https:\/\/cdn-endpoint-hfm.azureedge.net\/heartfailurematters\/2024\/07\/hfm-logo1.jpg\",\"width\":1280,\"height\":720,\"caption\":\"Heart Failure Matters\"},\"image\":{\"@id\":\"https:\/\/www.heartfailurematters.org\/es\/#\/schema\/logo\/image\/\"},\"sameAs\":[\"https:\/\/www.facebook.com\/heartfailurematters\"]}]}<\/script>\n<!-- \/ Yoast SEO plugin. -->","yoast_head_json":{"title":"Pruebas de esfuerzo para la insuficiencia card\u00edaca","description":"Las pruebas de esfuerzo ayudan a su m\u00e9dico a averiguar c\u00f3mo responde el coraz\u00f3n al ejercicio o al estr\u00e9s, incluida la actividad el\u00e9ctrica card\u00edaca.","robots":{"index":"index","follow":"follow","max-snippet":"max-snippet:-1","max-image-preview":"max-image-preview:large","max-video-preview":"max-video-preview:-1"},"canonical":"https:\/\/www.heartfailurematters.org\/es\/conocer-la-insuficiencia-cardiaca\/prueba-de-esfuerzo\/","og_locale":"es_ES","og_type":"article","og_title":"Pruebas de esfuerzo para la insuficiencia card\u00edaca","og_description":"Las pruebas de esfuerzo ayudan a su m\u00e9dico a averiguar c\u00f3mo responde el coraz\u00f3n al ejercicio o al estr\u00e9s, incluida la actividad el\u00e9ctrica card\u00edaca.","og_url":"https:\/\/www.heartfailurematters.org\/es\/conocer-la-insuficiencia-cardiaca\/prueba-de-esfuerzo\/","og_site_name":"Heart Failure Matters","article_publisher":"https:\/\/www.facebook.com\/heartfailurematters","article_modified_time":"2022-01-25T15:49:59+00:00","og_image":[{"width":900,"height":600,"url":"https:\/\/www.heartfailurematters.org\/wp-content\/uploads\/2022\/02\/shutterstock_362699957-1-min.jpg","type":"image\/jpeg"}],"twitter_card":"summary_large_image","twitter_misc":{"Tiempo de lectura":"2 minutos"},"schema":{"@context":"https:\/\/schema.org","@graph":[{"@type":"WebPage","@id":"https:\/\/www.heartfailurematters.org\/es\/conocer-la-insuficiencia-cardiaca\/prueba-de-esfuerzo\/","url":"https:\/\/www.heartfailurematters.org\/es\/conocer-la-insuficiencia-cardiaca\/prueba-de-esfuerzo\/","name":"Pruebas de esfuerzo para la insuficiencia card\u00edaca","isPartOf":{"@id":"https:\/\/www.heartfailurematters.org\/es\/#website"},"primaryImageOfPage":{"@id":"https:\/\/www.heartfailurematters.org\/es\/conocer-la-insuficiencia-cardiaca\/prueba-de-esfuerzo\/#primaryimage"},"image":{"@id":"https:\/\/www.heartfailurematters.org\/es\/conocer-la-insuficiencia-cardiaca\/prueba-de-esfuerzo\/#primaryimage"},"thumbnailUrl":"https:\/\/www.heartfailurematters.org\/wp-content\/uploads\/2022\/02\/shutterstock_362699957-1-min.jpg","datePublished":"2021-01-27T22:09:33+00:00","dateModified":"2022-01-25T15:49:59+00:00","description":"Las pruebas de esfuerzo ayudan a su m\u00e9dico a averiguar c\u00f3mo responde el coraz\u00f3n al ejercicio o al estr\u00e9s, incluida la actividad el\u00e9ctrica card\u00edaca.","breadcrumb":{"@id":"https:\/\/www.heartfailurematters.org\/es\/conocer-la-insuficiencia-cardiaca\/prueba-de-esfuerzo\/#breadcrumb"},"inLanguage":"es","potentialAction":[{"@type":"ReadAction","target":["https:\/\/www.heartfailurematters.org\/es\/conocer-la-insuficiencia-cardiaca\/prueba-de-esfuerzo\/"]}]},{"@type":"ImageObject","inLanguage":"es","@id":"https:\/\/www.heartfailurematters.org\/es\/conocer-la-insuficiencia-cardiaca\/prueba-de-esfuerzo\/#primaryimage","url":"https:\/\/www.heartfailurematters.org\/wp-content\/uploads\/2022\/02\/shutterstock_362699957-1-min.jpg","contentUrl":"https:\/\/www.heartfailurematters.org\/wp-content\/uploads\/2022\/02\/shutterstock_362699957-1-min.jpg","width":900,"height":600},{"@type":"BreadcrumbList","@id":"https:\/\/www.heartfailurematters.org\/es\/conocer-la-insuficiencia-cardiaca\/prueba-de-esfuerzo\/#breadcrumb","itemListElement":[{"@type":"ListItem","position":1,"name":"Inicio","item":"https:\/\/www.heartfailurematters.org\/es\/"},{"@type":"ListItem","position":2,"name":"Conocer la insuficiencia card\u00edaca","item":"https:\/\/www.heartfailurematters.org\/es\/conocer-la-insuficiencia-cardiaca\/"},{"@type":"ListItem","position":3,"name":"Prueba de esfuerzo"}]},{"@type":"WebSite","@id":"https:\/\/www.heartfailurematters.org\/es\/#website","url":"https:\/\/www.heartfailurematters.org\/es\/","name":"Heart Failure Matters","description":"Practical information for patients, families and caregivers.","publisher":{"@id":"https:\/\/www.heartfailurematters.org\/es\/#organization"},"potentialAction":[{"@type":"SearchAction","target":{"@type":"EntryPoint","urlTemplate":"https:\/\/www.heartfailurematters.org\/es\/?s={search_term_string}"},"query-input":{"@type":"PropertyValueSpecification","valueRequired":true,"valueName":"search_term_string"}}],"inLanguage":"es"},{"@type":"Organization","@id":"https:\/\/www.heartfailurematters.org\/es\/#organization","name":"Heart Failure Matters","url":"https:\/\/www.heartfailurematters.org\/es\/","logo":{"@type":"ImageObject","inLanguage":"es","@id":"https:\/\/www.heartfailurematters.org\/es\/#\/schema\/logo\/image\/","url":"https:\/\/cdn-endpoint-hfm.azureedge.net\/heartfailurematters\/2024\/07\/hfm-logo1.jpg","contentUrl":"https:\/\/cdn-endpoint-hfm.azureedge.net\/heartfailurematters\/2024\/07\/hfm-logo1.jpg","width":1280,"height":720,"caption":"Heart Failure Matters"},"image":{"@id":"https:\/\/www.heartfailurematters.org\/es\/#\/schema\/logo\/image\/"},"sameAs":["https:\/\/www.facebook.com\/heartfailurematters"]}]}},"_links":{"self":[{"href":"https:\/\/www.heartfailurematters.org\/es\/wp-json\/wp\/v2\/pages\/2327","targetHints":{"allow":["GET"]}}],"collection":[{"href":"https:\/\/www.heartfailurematters.org\/es\/wp-json\/wp\/v2\/pages"}],"about":[{"href":"https:\/\/www.heartfailurematters.org\/es\/wp-json\/wp\/v2\/types\/page"}],"author":[{"embeddable":true,"href":"https:\/\/www.heartfailurematters.org\/es\/wp-json\/wp\/v2\/users\/1"}],"replies":[{"embeddable":true,"href":"https:\/\/www.heartfailurematters.org\/es\/wp-json\/wp\/v2\/comments?post=2327"}],"version-history":[{"count":3,"href":"https:\/\/www.heartfailurematters.org\/es\/wp-json\/wp\/v2\/pages\/2327\/revisions"}],"predecessor-version":[{"id":9601,"href":"https:\/\/www.heartfailurematters.org\/es\/wp-json\/wp\/v2\/pages\/2327\/revisions\/9601"}],"up":[{"embeddable":true,"href":"https:\/\/www.heartfailurematters.org\/es\/wp-json\/wp\/v2\/pages\/2155"}],"wp:featuredmedia":[{"embeddable":true,"href":"https:\/\/www.heartfailurematters.org\/es\/wp-json\/wp\/v2\/media\/10671"}],"wp:attachment":[{"href":"https:\/\/www.heartfailurematters.org\/es\/wp-json\/wp\/v2\/media?parent=2327"}],"wp:term":[{"taxonomy":"category","embeddable":true,"href":"https:\/\/www.heartfailurematters.org\/es\/wp-json\/wp\/v2\/categories?post=2327"},{"taxonomy":"post_tag","embeddable":true,"href":"https:\/\/www.heartfailurematters.org\/es\/wp-json\/wp\/v2\/tags?post=2327"}],"curies":[{"name":"wp","href":"https:\/\/api.w.org\/{rel}","templated":true}]}}