{"id":2319,"date":"2021-01-27T22:09:33","date_gmt":"2021-01-27T22:09:33","guid":{"rendered":"http:\/\/heartfailurematters.local:8888\/preguntas-para-el-medico-el-farmaceutico-o-la-enfermera-sobre-sus-medicamentos\/"},"modified":"2021-07-29T15:58:29","modified_gmt":"2021-07-29T14:58:29","slug":"preguntas-para-el-medico-el-farmaceutico-o-la-enfermera-sobre-sus-medicamentos","status":"publish","type":"page","link":"https:\/\/www.heartfailurematters.org\/es\/lo-que-pueden-hacer-su-medico-o-enfermero\/preguntas-para-el-medico-el-farmaceutico-o-la-enfermera-sobre-sus-medicamentos\/","title":{"rendered":"Preguntas para el m\u00e9dico, el farmac\u00e9utico o la enfermera sobre sus medicamentos"},"content":{"rendered":"<ul>\n<li>\u00bfCu\u00e1les son mis medicamentos?<\/li>\n<li>\u00bfCu\u00e1les son los efectos secundarios de mis medicamentos?<\/li>\n<li>\u00bfQu\u00e9 hacen para mejorar mi insuficiencia card\u00edaca? \u00bfHay algo que pueda hacer para disminuir los efectos secundarios?<\/li>\n<li>\u00bfQu\u00e9 sucede si olvido tomar una dosis?<\/li>\n<li>\u00bfHay algo que no puedo comer o beber mientras tomo mis medicamentos?<\/li>\n<li>\u00bfA qu\u00e9 hora del d\u00eda (es decir, por la ma\u00f1ana o por la noche) debo tomar mis medicamentos?<\/li>\n<li>\u00bfCu\u00e1ndo tengo que volver para hacerme m\u00e1s an\u00e1lisis de sangre?<\/li>\n<\/ul>\n<p><a title=\"\" href=\"https:\/\/www.heartfailurematters.org\/es\/lo-que-pueden-hacer-su-medico-o-enfermero\/medicamentos-para-la-insuficiencia-cardiaca\/\">Volver a Medicamentos para la insuficiencia card\u00edaca<\/a><\/p>\n","protected":false},"excerpt":{"rendered":"<p>\u00bfCu\u00e1les son mis medicamentos? \u00bfCu\u00e1les son los efectos secundarios de mis medicamentos? \u00bfQu\u00e9 hacen para mejorar mi insuficiencia card\u00edaca? \u00bfHay algo que pueda hacer para disminuir los efectos secundarios? \u00bfQu\u00e9 sucede si olvido tomar una dosis? \u00bfHay algo que no puedo comer o beber mientras tomo mis medicamentos? \u00bfA qu\u00e9 hora del d\u00eda (es decir, [&hellip;]<\/p>\n","protected":false},"author":1,"featured_media":0,"parent":2684,"menu_order":0,"comment_status":"open","ping_status":"open","template":"","meta":{"_acf_changed":false,"footnotes":""},"categories":[],"tags":[],"class_list":["post-2319","page","type-page","status-publish","hentry"],"acf":[],"yoast_head":"<!-- This site is optimized with the Yoast SEO plugin v24.8.1 - https:\/\/yoast.com\/wordpress\/plugins\/seo\/ -->\n<title>Preguntas para el m\u00e9dico, el farmac\u00e9utico o la enfermera sobre sus medicamentos - Heart Failure Matters<\/title>\n<meta name=\"description\" content=\"A continuaci\u00f3n encontrar\u00e1 una lista de preguntas que podr\u00eda hacerle a su m\u00e9dico o enfermero sobre los medicamentos para la insuficiencia card\u00edaca.\" \/>\n<meta name=\"robots\" content=\"index, follow, max-snippet:-1, max-image-preview:large, max-video-preview:-1\" \/>\n<link rel=\"canonical\" href=\"https:\/\/www.heartfailurematters.org\/es\/lo-que-pueden-hacer-su-medico-o-enfermero\/preguntas-para-el-medico-el-farmaceutico-o-la-enfermera-sobre-sus-medicamentos\/\" \/>\n<meta property=\"og:locale\" content=\"es_ES\" \/>\n<meta property=\"og:type\" content=\"article\" \/>\n<meta property=\"og:title\" content=\"Preguntas para el m\u00e9dico, el farmac\u00e9utico o la enfermera sobre sus medicamentos - Heart Failure Matters\" \/>\n<meta property=\"og:description\" content=\"A continuaci\u00f3n encontrar\u00e1 una lista de preguntas que podr\u00eda hacerle a su m\u00e9dico o enfermero sobre los medicamentos para la insuficiencia card\u00edaca.\" \/>\n<meta property=\"og:url\" content=\"https:\/\/www.heartfailurematters.org\/es\/lo-que-pueden-hacer-su-medico-o-enfermero\/preguntas-para-el-medico-el-farmaceutico-o-la-enfermera-sobre-sus-medicamentos\/\" \/>\n<meta property=\"og:site_name\" content=\"Heart Failure Matters\" \/>\n<meta property=\"article:publisher\" content=\"https:\/\/www.facebook.com\/heartfailurematters\" \/>\n<meta property=\"article:modified_time\" content=\"2021-07-29T14:58:29+00:00\" \/>\n<meta name=\"twitter:card\" content=\"summary_large_image\" \/>\n<script type=\"application\/ld+json\" class=\"yoast-schema-graph\">{\"@context\":\"https:\/\/schema.org\",\"@graph\":[{\"@type\":\"WebPage\",\"@id\":\"https:\/\/www.heartfailurematters.org\/es\/lo-que-pueden-hacer-su-medico-o-enfermero\/preguntas-para-el-medico-el-farmaceutico-o-la-enfermera-sobre-sus-medicamentos\/\",\"url\":\"https:\/\/www.heartfailurematters.org\/es\/lo-que-pueden-hacer-su-medico-o-enfermero\/preguntas-para-el-medico-el-farmaceutico-o-la-enfermera-sobre-sus-medicamentos\/\",\"name\":\"Preguntas para el m\u00e9dico, el farmac\u00e9utico o la enfermera sobre sus medicamentos - Heart Failure Matters\",\"isPartOf\":{\"@id\":\"https:\/\/www.heartfailurematters.org\/es\/#website\"},\"datePublished\":\"2021-01-27T22:09:33+00:00\",\"dateModified\":\"2021-07-29T14:58:29+00:00\",\"description\":\"A continuaci\u00f3n encontrar\u00e1 una lista de preguntas que podr\u00eda hacerle a su m\u00e9dico o enfermero sobre los medicamentos para la insuficiencia card\u00edaca.\",\"breadcrumb\":{\"@id\":\"https:\/\/www.heartfailurematters.org\/es\/lo-que-pueden-hacer-su-medico-o-enfermero\/preguntas-para-el-medico-el-farmaceutico-o-la-enfermera-sobre-sus-medicamentos\/#breadcrumb\"},\"inLanguage\":\"es\",\"potentialAction\":[{\"@type\":\"ReadAction\",\"target\":[\"https:\/\/www.heartfailurematters.org\/es\/lo-que-pueden-hacer-su-medico-o-enfermero\/preguntas-para-el-medico-el-farmaceutico-o-la-enfermera-sobre-sus-medicamentos\/\"]}]},{\"@type\":\"BreadcrumbList\",\"@id\":\"https:\/\/www.heartfailurematters.org\/es\/lo-que-pueden-hacer-su-medico-o-enfermero\/preguntas-para-el-medico-el-farmaceutico-o-la-enfermera-sobre-sus-medicamentos\/#breadcrumb\",\"itemListElement\":[{\"@type\":\"ListItem\",\"position\":1,\"name\":\"Inicio\",\"item\":\"https:\/\/www.heartfailurematters.org\/es\/\"},{\"@type\":\"ListItem\",\"position\":2,\"name\":\"\u00bfQu\u00e9 puede hacer su m\u00e9dico?\",\"item\":\"https:\/\/www.heartfailurematters.org\/es\/lo-que-pueden-hacer-su-medico-o-enfermero\/\"},{\"@type\":\"ListItem\",\"position\":3,\"name\":\"Preguntas para el m\u00e9dico, el farmac\u00e9utico o la enfermera sobre sus medicamentos\"}]},{\"@type\":\"WebSite\",\"@id\":\"https:\/\/www.heartfailurematters.org\/es\/#website\",\"url\":\"https:\/\/www.heartfailurematters.org\/es\/\",\"name\":\"Heart Failure Matters\",\"description\":\"Practical information for patients, families and caregivers.\",\"publisher\":{\"@id\":\"https:\/\/www.heartfailurematters.org\/es\/#organization\"},\"potentialAction\":[{\"@type\":\"SearchAction\",\"target\":{\"@type\":\"EntryPoint\",\"urlTemplate\":\"https:\/\/www.heartfailurematters.org\/es\/?s={search_term_string}\"},\"query-input\":{\"@type\":\"PropertyValueSpecification\",\"valueRequired\":true,\"valueName\":\"search_term_string\"}}],\"inLanguage\":\"es\"},{\"@type\":\"Organization\",\"@id\":\"https:\/\/www.heartfailurematters.org\/es\/#organization\",\"name\":\"Heart Failure Matters\",\"url\":\"https:\/\/www.heartfailurematters.org\/es\/\",\"logo\":{\"@type\":\"ImageObject\",\"inLanguage\":\"es\",\"@id\":\"https:\/\/www.heartfailurematters.org\/es\/#\/schema\/logo\/image\/\",\"url\":\"https:\/\/cdn-endpoint-hfm.azureedge.net\/heartfailurematters\/2024\/07\/hfm-logo1.jpg\",\"contentUrl\":\"https:\/\/cdn-endpoint-hfm.azureedge.net\/heartfailurematters\/2024\/07\/hfm-logo1.jpg\",\"width\":1280,\"height\":720,\"caption\":\"Heart Failure Matters\"},\"image\":{\"@id\":\"https:\/\/www.heartfailurematters.org\/es\/#\/schema\/logo\/image\/\"},\"sameAs\":[\"https:\/\/www.facebook.com\/heartfailurematters\"]}]}<\/script>\n<!-- \/ Yoast SEO plugin. -->","yoast_head_json":{"title":"Preguntas para el m\u00e9dico, el farmac\u00e9utico o la enfermera sobre sus medicamentos - Heart Failure Matters","description":"A continuaci\u00f3n encontrar\u00e1 una lista de preguntas que podr\u00eda hacerle a su m\u00e9dico o enfermero sobre los medicamentos para la insuficiencia card\u00edaca.","robots":{"index":"index","follow":"follow","max-snippet":"max-snippet:-1","max-image-preview":"max-image-preview:large","max-video-preview":"max-video-preview:-1"},"canonical":"https:\/\/www.heartfailurematters.org\/es\/lo-que-pueden-hacer-su-medico-o-enfermero\/preguntas-para-el-medico-el-farmaceutico-o-la-enfermera-sobre-sus-medicamentos\/","og_locale":"es_ES","og_type":"article","og_title":"Preguntas para el m\u00e9dico, el farmac\u00e9utico o la enfermera sobre sus medicamentos - Heart Failure Matters","og_description":"A continuaci\u00f3n encontrar\u00e1 una lista de preguntas que podr\u00eda hacerle a su m\u00e9dico o enfermero sobre los medicamentos para la insuficiencia card\u00edaca.","og_url":"https:\/\/www.heartfailurematters.org\/es\/lo-que-pueden-hacer-su-medico-o-enfermero\/preguntas-para-el-medico-el-farmaceutico-o-la-enfermera-sobre-sus-medicamentos\/","og_site_name":"Heart Failure Matters","article_publisher":"https:\/\/www.facebook.com\/heartfailurematters","article_modified_time":"2021-07-29T14:58:29+00:00","twitter_card":"summary_large_image","schema":{"@context":"https:\/\/schema.org","@graph":[{"@type":"WebPage","@id":"https:\/\/www.heartfailurematters.org\/es\/lo-que-pueden-hacer-su-medico-o-enfermero\/preguntas-para-el-medico-el-farmaceutico-o-la-enfermera-sobre-sus-medicamentos\/","url":"https:\/\/www.heartfailurematters.org\/es\/lo-que-pueden-hacer-su-medico-o-enfermero\/preguntas-para-el-medico-el-farmaceutico-o-la-enfermera-sobre-sus-medicamentos\/","name":"Preguntas para el m\u00e9dico, el farmac\u00e9utico o la enfermera sobre sus medicamentos - Heart Failure Matters","isPartOf":{"@id":"https:\/\/www.heartfailurematters.org\/es\/#website"},"datePublished":"2021-01-27T22:09:33+00:00","dateModified":"2021-07-29T14:58:29+00:00","description":"A continuaci\u00f3n encontrar\u00e1 una lista de preguntas que podr\u00eda hacerle a su m\u00e9dico o enfermero sobre los medicamentos para la insuficiencia card\u00edaca.","breadcrumb":{"@id":"https:\/\/www.heartfailurematters.org\/es\/lo-que-pueden-hacer-su-medico-o-enfermero\/preguntas-para-el-medico-el-farmaceutico-o-la-enfermera-sobre-sus-medicamentos\/#breadcrumb"},"inLanguage":"es","potentialAction":[{"@type":"ReadAction","target":["https:\/\/www.heartfailurematters.org\/es\/lo-que-pueden-hacer-su-medico-o-enfermero\/preguntas-para-el-medico-el-farmaceutico-o-la-enfermera-sobre-sus-medicamentos\/"]}]},{"@type":"BreadcrumbList","@id":"https:\/\/www.heartfailurematters.org\/es\/lo-que-pueden-hacer-su-medico-o-enfermero\/preguntas-para-el-medico-el-farmaceutico-o-la-enfermera-sobre-sus-medicamentos\/#breadcrumb","itemListElement":[{"@type":"ListItem","position":1,"name":"Inicio","item":"https:\/\/www.heartfailurematters.org\/es\/"},{"@type":"ListItem","position":2,"name":"\u00bfQu\u00e9 puede hacer su m\u00e9dico?","item":"https:\/\/www.heartfailurematters.org\/es\/lo-que-pueden-hacer-su-medico-o-enfermero\/"},{"@type":"ListItem","position":3,"name":"Preguntas para el m\u00e9dico, el farmac\u00e9utico o la enfermera sobre sus medicamentos"}]},{"@type":"WebSite","@id":"https:\/\/www.heartfailurematters.org\/es\/#website","url":"https:\/\/www.heartfailurematters.org\/es\/","name":"Heart Failure Matters","description":"Practical information for patients, families and caregivers.","publisher":{"@id":"https:\/\/www.heartfailurematters.org\/es\/#organization"},"potentialAction":[{"@type":"SearchAction","target":{"@type":"EntryPoint","urlTemplate":"https:\/\/www.heartfailurematters.org\/es\/?s={search_term_string}"},"query-input":{"@type":"PropertyValueSpecification","valueRequired":true,"valueName":"search_term_string"}}],"inLanguage":"es"},{"@type":"Organization","@id":"https:\/\/www.heartfailurematters.org\/es\/#organization","name":"Heart Failure Matters","url":"https:\/\/www.heartfailurematters.org\/es\/","logo":{"@type":"ImageObject","inLanguage":"es","@id":"https:\/\/www.heartfailurematters.org\/es\/#\/schema\/logo\/image\/","url":"https:\/\/cdn-endpoint-hfm.azureedge.net\/heartfailurematters\/2024\/07\/hfm-logo1.jpg","contentUrl":"https:\/\/cdn-endpoint-hfm.azureedge.net\/heartfailurematters\/2024\/07\/hfm-logo1.jpg","width":1280,"height":720,"caption":"Heart Failure Matters"},"image":{"@id":"https:\/\/www.heartfailurematters.org\/es\/#\/schema\/logo\/image\/"},"sameAs":["https:\/\/www.facebook.com\/heartfailurematters"]}]}},"_links":{"self":[{"href":"https:\/\/www.heartfailurematters.org\/es\/wp-json\/wp\/v2\/pages\/2319","targetHints":{"allow":["GET"]}}],"collection":[{"href":"https:\/\/www.heartfailurematters.org\/es\/wp-json\/wp\/v2\/pages"}],"about":[{"href":"https:\/\/www.heartfailurematters.org\/es\/wp-json\/wp\/v2\/types\/page"}],"author":[{"embeddable":true,"href":"https:\/\/www.heartfailurematters.org\/es\/wp-json\/wp\/v2\/users\/1"}],"replies":[{"embeddable":true,"href":"https:\/\/www.heartfailurematters.org\/es\/wp-json\/wp\/v2\/comments?post=2319"}],"version-history":[{"count":1,"href":"https:\/\/www.heartfailurematters.org\/es\/wp-json\/wp\/v2\/pages\/2319\/revisions"}],"predecessor-version":[{"id":9668,"href":"https:\/\/www.heartfailurematters.org\/es\/wp-json\/wp\/v2\/pages\/2319\/revisions\/9668"}],"up":[{"embeddable":true,"href":"https:\/\/www.heartfailurematters.org\/es\/wp-json\/wp\/v2\/pages\/2684"}],"wp:attachment":[{"href":"https:\/\/www.heartfailurematters.org\/es\/wp-json\/wp\/v2\/media?parent=2319"}],"wp:term":[{"taxonomy":"category","embeddable":true,"href":"https:\/\/www.heartfailurematters.org\/es\/wp-json\/wp\/v2\/categories?post=2319"},{"taxonomy":"post_tag","embeddable":true,"href":"https:\/\/www.heartfailurematters.org\/es\/wp-json\/wp\/v2\/tags?post=2319"}],"curies":[{"name":"wp","href":"https:\/\/api.w.org\/{rel}","templated":true}]}}