{"id":2315,"date":"2021-01-27T22:09:26","date_gmt":"2021-01-27T22:09:26","guid":{"rendered":"http:\/\/heartfailurematters.local:8888\/que-causa-la-insuficiencia-cardiaca\/"},"modified":"2026-01-16T14:18:56","modified_gmt":"2026-01-16T14:18:56","slug":"que-causa-la-insuficiencia-cardiaca","status":"publish","type":"page","link":"https:\/\/www.heartfailurematters.org\/es\/conocer-la-insuficiencia-cardiaca\/que-causa-la-insuficiencia-cardiaca\/","title":{"rendered":"\u00bfQu\u00e9 causa insuficiencia card\u00edaca?"},"content":{"rendered":"<p>Los pacientes y los cuidadores nos dicen que es importante saber por qu\u00e9 tienen insuficiencia card\u00edaca porque as\u00ed se contextualiza el diagn\u00f3stico. La insuficiencia card\u00edaca puede ser causada por enfermedades actuales o pasadas, que da\u00f1an o a\u00f1aden una carga de trabajo adicional al coraz\u00f3n. Si tiene (o ha tenido) m\u00e1s de una de estas enfermedades, el riesgo de insuficiencia card\u00edaca aumenta sustancialmente. Su m\u00e9dico deber\u00eda poder decirle cu\u00e1l puede haber sido la causa de la insuficiencia card\u00edaca.<\/p>\n<p>En esta secci\u00f3n le mostramos una lista de diferentes afecciones que pueden causar o desencadenar la insuficiencia card\u00edaca y le explicamos qu\u00e9 es cada una y c\u00f3mo puede causar la insuficiencia card\u00edaca. Haga clic en cualquiera de las siguientes afecciones para obtener m\u00e1s informaci\u00f3n.<\/p>\n<p>Entre algunas de las causas m\u00e1s frecuentes de insuficiencia card\u00edaca se incluyen:<\/p>\n<ul>\n<li><a title=\"Infartos pasados\" href=\"https:\/\/www.heartfailurematters.org\/heart-failure-causes-and-other-common-medical-conditions\/past-heart-attacks\/\">Infartos pasados<\/a><\/li>\n<li><a title=\"Enfermedad coronaria\" href=\"https:\/\/www.heartfailurematters.org\/heart-failure-causes-and-other-common-medical-conditions\/coronary-artery-disease\/\">Enfermedad coronaria<\/a><\/li>\n<li><a title=\"Hipertensi\u00f3n arterial\" href=\"https:\/\/www.heartfailurematters.org\/heart-failure-causes-and-other-common-medical-conditions\/high-blood-pressure\/\">Hipertensi\u00f3n arterial<\/a><\/li>\n<li><a title=\"Valvulopat\u00eda card\u00edaca\" href=\"https:\/\/www.heartfailurematters.org\/heart-failure-causes-and-other-common-medical-conditions\/valvular-heart-disease-and-heart-failure\/\">Valvulopat\u00eda card\u00edaca<\/a><\/li>\n<li><a title=\"Enfermedad del miocardio o inflamaci\u00f3n del coraz\u00f3n\" href=\"https:\/\/www.heartfailurematters.org\/heart-failure-causes-and-other-common-medical-conditions\/heart-muscle-disease-or-inflammation-of-the-heart\/\">Enfermedad del miocardio o inflamaci\u00f3n del coraz\u00f3n<\/a><\/li>\n<li><a title=\"Anomal\u00edas card\u00edacas cong\u00e9nitas\" href=\"https:\/\/www.heartfailurematters.org\/heart-failure-causes-and-other-common-medical-conditions\/adult-congenital-heart-disease\/\">Anomal\u00edas card\u00edacas cong\u00e9nitas<\/a><\/li>\n<li><a title=\"Enfermedades pulmonares\" href=\"https:\/\/www.heartfailurematters.org\/heart-failure-causes-and-other-common-medical-conditions\/lung-disease\/\">Enfermedades pulmonares<\/a><\/li>\n<li><a title=\"Abuso de alcohol y drogas\" href=\"https:\/\/www.heartfailurematters.org\/heart-failure-causes-and-other-common-medical-conditions\/alcohol-drug-abuse\/\">Abuso de alcohol y drogas<\/a><\/li>\n<\/ul>\n<p>En algunos casos, una persona cuyo organismo compensa bien su insuficiencia card\u00edaca puede presentar s\u00edntomas si su coraz\u00f3n es temporalmente incapaz de seguir el ritmo de las necesidades de su organismo. Los trastornos que pueden desencadenar este tipo de insuficiencia card\u00edaca son:<\/p>\n<ul>\n<li><a title=\"Infecci\u00f3n\" href=\"https:\/\/www.heartfailurematters.org\/heart-failure-causes-and-other-common-medical-conditions\/infection\/\">Infecci\u00f3n<\/a><\/li>\n<li><a title=\"Nefropat\u00eda\/Insuficiencia renal\" href=\"https:\/\/www.heartfailurematters.org\/heart-failure-causes-and-other-common-medical-conditions\/kidney-disease-poor-kidney-function\/\">Nefropat\u00eda\/Insuficiencia renal<\/a><\/li>\n<li><a title=\"Anemia\" href=\"https:\/\/www.heartfailurematters.org\/heart-failure-causes-and-other-common-medical-conditions\/anaemia\/\">Anemia<\/a><\/li>\n<li><a href=\"https:\/\/www.heartfailurematters.org\/heart-failure-causes-and-other-common-medical-conditions\/iron-deficiency\/\">D\u00e9ficit de hierro <\/a><\/li>\n<li><a title=\"Ritmo card\u00edaco anormal\" href=\"https:\/\/www.heartfailurematters.org\/heart-failure-causes-and-other-common-medical-conditions\/abnormal-heart-rhythm-atrial-fibrillation\/\">Ritmo card\u00edaco anormal<\/a><\/li>\n<li><a title=\"Hiperactividad de la gl\u00e1ndula tiroidea\" href=\"https:\/\/www.heartfailurematters.org\/heart-failure-causes-and-other-common-medical-conditions\/abnormal-thyroid-function\/\">Hiperactividad de la gl\u00e1ndula tiroidea<\/a><\/li>\n<\/ul>\n<p>Si se tratan estos factores desencadenantes, la insuficiencia card\u00edaca suele mejorar.<\/p>\n<p>Otras afecciones, como la <a title=\"diabetes\" href=\"https:\/\/www.heartfailurematters.org\/heart-failure-causes-and-other-common-medical-conditions\/diabetes\/\">diabetes<\/a>, pueden agravar la insuficiencia card\u00edaca.<\/p>\n<p>Adem\u00e1s, las personas con insuficiencia card\u00edaca suelen presentar s\u00edntomas si dejan de tomar sus medicamentos o no siguen correctamente su plan de tratamiento.<\/p>\n<p>Para <a title=\"Consejos para manejar los medicamentos y seguir el plan de tratamiento\" href=\"https:\/\/www.heartfailurematters.org\/what-your-doctor-can-do\/the-importance-of-taking-your-medicines\/\">obtener consejos sobre el manejo de sus medicamentos y el seguimiento de su plan de tratamiento<\/a>, haga clic aqu\u00ed.<\/p>\n<p>Algunas personas desconocen la causa de su insuficiencia card\u00edaca y no padecen ninguna de las enfermedades mencionadas.<\/p>\n<p>Si no est\u00e1 seguro de la causa de su insuficiencia card\u00edaca, debe consultarlo con su m\u00e9dico.<\/p>\n","protected":false},"excerpt":{"rendered":"<p>Los pacientes y los cuidadores nos dicen que es importante saber por qu\u00e9 tienen insuficiencia card\u00edaca porque as\u00ed se contextualiza el diagn\u00f3stico. La insuficiencia card\u00edaca puede ser causada por enfermedades actuales o pasadas, que da\u00f1an o a\u00f1aden una carga de trabajo adicional al coraz\u00f3n. Si tiene (o ha tenido) m\u00e1s de una de estas enfermedades, [&hellip;]<\/p>\n","protected":false},"author":1,"featured_media":0,"parent":2155,"menu_order":12,"comment_status":"open","ping_status":"closed","template":"","meta":{"_acf_changed":false,"footnotes":""},"categories":[123],"tags":[],"class_list":["post-2315","page","type-page","status-publish","hentry","category-understanding-heart-failure-es"],"acf":[],"yoast_head":"<!-- This site is optimized with the Yoast SEO plugin v24.8.1 - https:\/\/yoast.com\/wordpress\/plugins\/seo\/ -->\n<title>\u00bfQu\u00e9 causa la insuficiencia card\u00edaca en los pacientes?<\/title>\n<meta name=\"description\" content=\"A continuaci\u00f3n le mostramos una lista explicativa de diferentes afecciones que pueden causar o desencadenar la insuficiencia card\u00edaca.\" \/>\n<meta name=\"robots\" content=\"index, follow, max-snippet:-1, max-image-preview:large, max-video-preview:-1\" \/>\n<link rel=\"canonical\" href=\"https:\/\/www.heartfailurematters.org\/es\/conocer-la-insuficiencia-cardiaca\/que-causa-la-insuficiencia-cardiaca\/\" \/>\n<meta property=\"og:locale\" content=\"es_ES\" \/>\n<meta property=\"og:type\" content=\"article\" \/>\n<meta property=\"og:title\" content=\"\u00bfQu\u00e9 causa la insuficiencia card\u00edaca en los pacientes?\" \/>\n<meta property=\"og:description\" content=\"A continuaci\u00f3n le mostramos una lista explicativa de diferentes afecciones que pueden causar o desencadenar la insuficiencia card\u00edaca.\" \/>\n<meta property=\"og:url\" content=\"https:\/\/www.heartfailurematters.org\/es\/conocer-la-insuficiencia-cardiaca\/que-causa-la-insuficiencia-cardiaca\/\" \/>\n<meta property=\"og:site_name\" content=\"Heart Failure Matters\" \/>\n<meta property=\"article:publisher\" content=\"https:\/\/www.facebook.com\/heartfailurematters\" \/>\n<meta property=\"article:modified_time\" content=\"2026-01-16T14:18:56+00:00\" \/>\n<meta name=\"twitter:card\" content=\"summary_large_image\" \/>\n<meta name=\"twitter:label1\" content=\"Tiempo de lectura\" \/>\n\t<meta name=\"twitter:data1\" content=\"2 minutos\" \/>\n<script type=\"application\/ld+json\" class=\"yoast-schema-graph\">{\"@context\":\"https:\/\/schema.org\",\"@graph\":[{\"@type\":\"WebPage\",\"@id\":\"https:\/\/www.heartfailurematters.org\/es\/conocer-la-insuficiencia-cardiaca\/que-causa-la-insuficiencia-cardiaca\/\",\"url\":\"https:\/\/www.heartfailurematters.org\/es\/conocer-la-insuficiencia-cardiaca\/que-causa-la-insuficiencia-cardiaca\/\",\"name\":\"\u00bfQu\u00e9 causa la insuficiencia card\u00edaca en los pacientes?\",\"isPartOf\":{\"@id\":\"https:\/\/www.heartfailurematters.org\/es\/#website\"},\"datePublished\":\"2021-01-27T22:09:26+00:00\",\"dateModified\":\"2026-01-16T14:18:56+00:00\",\"description\":\"A continuaci\u00f3n le mostramos una lista explicativa de diferentes afecciones que pueden causar o desencadenar la insuficiencia card\u00edaca.\",\"breadcrumb\":{\"@id\":\"https:\/\/www.heartfailurematters.org\/es\/conocer-la-insuficiencia-cardiaca\/que-causa-la-insuficiencia-cardiaca\/#breadcrumb\"},\"inLanguage\":\"es\",\"potentialAction\":[{\"@type\":\"ReadAction\",\"target\":[\"https:\/\/www.heartfailurematters.org\/es\/conocer-la-insuficiencia-cardiaca\/que-causa-la-insuficiencia-cardiaca\/\"]}]},{\"@type\":\"BreadcrumbList\",\"@id\":\"https:\/\/www.heartfailurematters.org\/es\/conocer-la-insuficiencia-cardiaca\/que-causa-la-insuficiencia-cardiaca\/#breadcrumb\",\"itemListElement\":[{\"@type\":\"ListItem\",\"position\":1,\"name\":\"Inicio\",\"item\":\"https:\/\/www.heartfailurematters.org\/es\/\"},{\"@type\":\"ListItem\",\"position\":2,\"name\":\"Conocer la insuficiencia card\u00edaca\",\"item\":\"https:\/\/www.heartfailurematters.org\/es\/conocer-la-insuficiencia-cardiaca\/\"},{\"@type\":\"ListItem\",\"position\":3,\"name\":\"\u00bfQu\u00e9 causa insuficiencia card\u00edaca?\"}]},{\"@type\":\"WebSite\",\"@id\":\"https:\/\/www.heartfailurematters.org\/es\/#website\",\"url\":\"https:\/\/www.heartfailurematters.org\/es\/\",\"name\":\"Heart Failure Matters\",\"description\":\"Practical information for patients, families and caregivers.\",\"publisher\":{\"@id\":\"https:\/\/www.heartfailurematters.org\/es\/#organization\"},\"potentialAction\":[{\"@type\":\"SearchAction\",\"target\":{\"@type\":\"EntryPoint\",\"urlTemplate\":\"https:\/\/www.heartfailurematters.org\/es\/?s={search_term_string}\"},\"query-input\":{\"@type\":\"PropertyValueSpecification\",\"valueRequired\":true,\"valueName\":\"search_term_string\"}}],\"inLanguage\":\"es\"},{\"@type\":\"Organization\",\"@id\":\"https:\/\/www.heartfailurematters.org\/es\/#organization\",\"name\":\"Heart Failure Matters\",\"url\":\"https:\/\/www.heartfailurematters.org\/es\/\",\"logo\":{\"@type\":\"ImageObject\",\"inLanguage\":\"es\",\"@id\":\"https:\/\/www.heartfailurematters.org\/es\/#\/schema\/logo\/image\/\",\"url\":\"https:\/\/cdn-endpoint-hfm.azureedge.net\/heartfailurematters\/2024\/07\/hfm-logo1.jpg\",\"contentUrl\":\"https:\/\/cdn-endpoint-hfm.azureedge.net\/heartfailurematters\/2024\/07\/hfm-logo1.jpg\",\"width\":1280,\"height\":720,\"caption\":\"Heart Failure Matters\"},\"image\":{\"@id\":\"https:\/\/www.heartfailurematters.org\/es\/#\/schema\/logo\/image\/\"},\"sameAs\":[\"https:\/\/www.facebook.com\/heartfailurematters\"]}]}<\/script>\n<!-- \/ Yoast SEO plugin. -->","yoast_head_json":{"title":"\u00bfQu\u00e9 causa la insuficiencia card\u00edaca en los pacientes?","description":"A continuaci\u00f3n le mostramos una lista explicativa de diferentes afecciones que pueden causar o desencadenar la insuficiencia card\u00edaca.","robots":{"index":"index","follow":"follow","max-snippet":"max-snippet:-1","max-image-preview":"max-image-preview:large","max-video-preview":"max-video-preview:-1"},"canonical":"https:\/\/www.heartfailurematters.org\/es\/conocer-la-insuficiencia-cardiaca\/que-causa-la-insuficiencia-cardiaca\/","og_locale":"es_ES","og_type":"article","og_title":"\u00bfQu\u00e9 causa la insuficiencia card\u00edaca en los pacientes?","og_description":"A continuaci\u00f3n le mostramos una lista explicativa de diferentes afecciones que pueden causar o desencadenar la insuficiencia card\u00edaca.","og_url":"https:\/\/www.heartfailurematters.org\/es\/conocer-la-insuficiencia-cardiaca\/que-causa-la-insuficiencia-cardiaca\/","og_site_name":"Heart Failure Matters","article_publisher":"https:\/\/www.facebook.com\/heartfailurematters","article_modified_time":"2026-01-16T14:18:56+00:00","twitter_card":"summary_large_image","twitter_misc":{"Tiempo de lectura":"2 minutos"},"schema":{"@context":"https:\/\/schema.org","@graph":[{"@type":"WebPage","@id":"https:\/\/www.heartfailurematters.org\/es\/conocer-la-insuficiencia-cardiaca\/que-causa-la-insuficiencia-cardiaca\/","url":"https:\/\/www.heartfailurematters.org\/es\/conocer-la-insuficiencia-cardiaca\/que-causa-la-insuficiencia-cardiaca\/","name":"\u00bfQu\u00e9 causa la insuficiencia card\u00edaca en los pacientes?","isPartOf":{"@id":"https:\/\/www.heartfailurematters.org\/es\/#website"},"datePublished":"2021-01-27T22:09:26+00:00","dateModified":"2026-01-16T14:18:56+00:00","description":"A continuaci\u00f3n le mostramos una lista explicativa de diferentes afecciones que pueden causar o desencadenar la insuficiencia card\u00edaca.","breadcrumb":{"@id":"https:\/\/www.heartfailurematters.org\/es\/conocer-la-insuficiencia-cardiaca\/que-causa-la-insuficiencia-cardiaca\/#breadcrumb"},"inLanguage":"es","potentialAction":[{"@type":"ReadAction","target":["https:\/\/www.heartfailurematters.org\/es\/conocer-la-insuficiencia-cardiaca\/que-causa-la-insuficiencia-cardiaca\/"]}]},{"@type":"BreadcrumbList","@id":"https:\/\/www.heartfailurematters.org\/es\/conocer-la-insuficiencia-cardiaca\/que-causa-la-insuficiencia-cardiaca\/#breadcrumb","itemListElement":[{"@type":"ListItem","position":1,"name":"Inicio","item":"https:\/\/www.heartfailurematters.org\/es\/"},{"@type":"ListItem","position":2,"name":"Conocer la insuficiencia card\u00edaca","item":"https:\/\/www.heartfailurematters.org\/es\/conocer-la-insuficiencia-cardiaca\/"},{"@type":"ListItem","position":3,"name":"\u00bfQu\u00e9 causa insuficiencia card\u00edaca?"}]},{"@type":"WebSite","@id":"https:\/\/www.heartfailurematters.org\/es\/#website","url":"https:\/\/www.heartfailurematters.org\/es\/","name":"Heart Failure Matters","description":"Practical information for patients, families and caregivers.","publisher":{"@id":"https:\/\/www.heartfailurematters.org\/es\/#organization"},"potentialAction":[{"@type":"SearchAction","target":{"@type":"EntryPoint","urlTemplate":"https:\/\/www.heartfailurematters.org\/es\/?s={search_term_string}"},"query-input":{"@type":"PropertyValueSpecification","valueRequired":true,"valueName":"search_term_string"}}],"inLanguage":"es"},{"@type":"Organization","@id":"https:\/\/www.heartfailurematters.org\/es\/#organization","name":"Heart Failure Matters","url":"https:\/\/www.heartfailurematters.org\/es\/","logo":{"@type":"ImageObject","inLanguage":"es","@id":"https:\/\/www.heartfailurematters.org\/es\/#\/schema\/logo\/image\/","url":"https:\/\/cdn-endpoint-hfm.azureedge.net\/heartfailurematters\/2024\/07\/hfm-logo1.jpg","contentUrl":"https:\/\/cdn-endpoint-hfm.azureedge.net\/heartfailurematters\/2024\/07\/hfm-logo1.jpg","width":1280,"height":720,"caption":"Heart Failure Matters"},"image":{"@id":"https:\/\/www.heartfailurematters.org\/es\/#\/schema\/logo\/image\/"},"sameAs":["https:\/\/www.facebook.com\/heartfailurematters"]}]}},"_links":{"self":[{"href":"https:\/\/www.heartfailurematters.org\/es\/wp-json\/wp\/v2\/pages\/2315","targetHints":{"allow":["GET"]}}],"collection":[{"href":"https:\/\/www.heartfailurematters.org\/es\/wp-json\/wp\/v2\/pages"}],"about":[{"href":"https:\/\/www.heartfailurematters.org\/es\/wp-json\/wp\/v2\/types\/page"}],"author":[{"embeddable":true,"href":"https:\/\/www.heartfailurematters.org\/es\/wp-json\/wp\/v2\/users\/1"}],"replies":[{"embeddable":true,"href":"https:\/\/www.heartfailurematters.org\/es\/wp-json\/wp\/v2\/comments?post=2315"}],"version-history":[{"count":3,"href":"https:\/\/www.heartfailurematters.org\/es\/wp-json\/wp\/v2\/pages\/2315\/revisions"}],"predecessor-version":[{"id":13798,"href":"https:\/\/www.heartfailurematters.org\/es\/wp-json\/wp\/v2\/pages\/2315\/revisions\/13798"}],"up":[{"embeddable":true,"href":"https:\/\/www.heartfailurematters.org\/es\/wp-json\/wp\/v2\/pages\/2155"}],"wp:attachment":[{"href":"https:\/\/www.heartfailurematters.org\/es\/wp-json\/wp\/v2\/media?parent=2315"}],"wp:term":[{"taxonomy":"category","embeddable":true,"href":"https:\/\/www.heartfailurematters.org\/es\/wp-json\/wp\/v2\/categories?post=2315"},{"taxonomy":"post_tag","embeddable":true,"href":"https:\/\/www.heartfailurematters.org\/es\/wp-json\/wp\/v2\/tags?post=2315"}],"curies":[{"name":"wp","href":"https:\/\/api.w.org\/{rel}","templated":true}]}}