{"id":2312,"date":"2021-01-27T22:09:26","date_gmt":"2021-01-27T22:09:26","guid":{"rendered":"http:\/\/heartfailurematters.local:8888\/que-puedes-hacer\/"},"modified":"2022-01-25T16:16:16","modified_gmt":"2022-01-25T16:16:16","slug":"que-puede-hacer-para-controlar-la-enfermedad-cardiaca","status":"publish","type":"page","link":"https:\/\/www.heartfailurematters.org\/es\/lo-que-puede-hacer-usted\/que-puede-hacer-para-controlar-la-enfermedad-cardiaca\/","title":{"rendered":"\u00bfQu\u00e9 puede hacer para controlar la enfermedad card\u00edaca?"},"content":{"rendered":"<p>Una combinaci\u00f3n de tratamientos m\u00e9dicos, <span style=\"font-weight: 400;\">cambios en<\/span> h\u00e1bitos de vida y <span style=\"font-weight: 400;\">medidas de<\/span> <span style=\"font-weight: 400;\">autocuidado\u00a0<\/span>son claves para <span style=\"font-weight: 400;\">el tratamiento eficiente de<\/span> su insuficiencia card\u00edaca <span style=\"font-weight: 400;\">y poder convivir<\/span> con ella. Por tanto, es importante que siga las recomendaciones de su m\u00e9dico o enfermera y haga todo lo posible para adaptar sus h\u00e1bitos de vida con <span style=\"font-weight: 400;\">el fin de prevenir la progresi\u00f3n de la enfermedad as\u00ed como aliviar los s\u00edntomas<\/span>. Una estrecha relaci\u00f3n con su <span style=\"font-weight: 400;\">m\u00e9dico <\/span>o enfermera <span style=\"font-weight: 400;\">puede ayudarle a un mejor manejo de su insuficiencia cardiaca.<\/span><\/p>\n<p>En esta secci\u00f3n explicamos c\u00f3mo puede actuar para mejorar su insuficiencia card\u00edaca. Incluso las cosas sencillas, como darse un paseo todos los d\u00edas, vigilar la sal en la dieta y pesarse con regularidad, pueden tener gran influencia en sus s\u00edntomas y su bienestar general, as\u00ed como en la manera en la que su doctor o enfermera <span style=\"font-weight: 400;\">puede tratar\u00a0<\/span>su enfermedad con su ayuda. Es muy importante que en las citas le comunique al m\u00e9dico cualquier cambio en sus s\u00edntomas normales.<\/p>\n<p>Haga clic en cualquiera de los enlaces de la izquierda para <span style=\"font-weight: 400;\">obtener m\u00e1s informaci\u00f3n\u00a0<\/span>sobre lo que puede hacer para mejorar su insuficiencia card\u00edaca.<\/p>\n<p>Tambi\u00e9n puede consultar la secci\u00f3n de <a href=\"https:\/\/www.heartfailurematters.org\/es\/signos-de-alarma\/signos-de-alerta\/\">Signos de alerta<\/a> para saber si sus s\u00edntomas est\u00e1n empeorando.<\/p>\n","protected":false},"excerpt":{"rendered":"<p>Una combinaci\u00f3n de tratamientos m\u00e9dicos, cambios en h\u00e1bitos de vida y medidas de autocuidado\u00a0son claves para el tratamiento eficiente de su insuficiencia card\u00edaca y poder convivir con ella. Por tanto, es importante que siga las recomendaciones de su m\u00e9dico o enfermera y haga todo lo posible para adaptar sus h\u00e1bitos de vida con el fin [&hellip;]<\/p>\n","protected":false},"author":1,"featured_media":10542,"parent":2720,"menu_order":1,"comment_status":"open","ping_status":"closed","template":"","meta":{"_acf_changed":false,"footnotes":""},"categories":[140],"tags":[],"class_list":["post-2312","page","type-page","status-publish","has-post-thumbnail","hentry","category-what-can-you-do-es"],"acf":[],"yoast_head":"<!-- This site is optimized with the Yoast SEO plugin v24.8.1 - https:\/\/yoast.com\/wordpress\/plugins\/seo\/ -->\n<title>\u00bfQu\u00e9 puede hacer para controlar la enfermedad card\u00edaca? - Heart Failure Matters<\/title>\n<meta name=\"description\" content=\"Resulta eficaz controlar las afecciones card\u00edacas mediante una mezcla de tratamientos m\u00e9dicos y de ajustes del estilo de vida. Aprenda a controlar esta afecci\u00f3n\" \/>\n<meta name=\"robots\" content=\"index, follow, max-snippet:-1, max-image-preview:large, max-video-preview:-1\" \/>\n<link rel=\"canonical\" href=\"https:\/\/www.heartfailurematters.org\/es\/lo-que-puede-hacer-usted\/que-puede-hacer-para-controlar-la-enfermedad-cardiaca\/\" \/>\n<meta property=\"og:locale\" content=\"es_ES\" \/>\n<meta property=\"og:type\" content=\"article\" \/>\n<meta property=\"og:title\" content=\"\u00bfQu\u00e9 puede hacer para controlar la enfermedad card\u00edaca? - Heart Failure Matters\" \/>\n<meta property=\"og:description\" content=\"Resulta eficaz controlar las afecciones card\u00edacas mediante una mezcla de tratamientos m\u00e9dicos y de ajustes del estilo de vida. Aprenda a controlar esta afecci\u00f3n\" \/>\n<meta property=\"og:url\" content=\"https:\/\/www.heartfailurematters.org\/es\/lo-que-puede-hacer-usted\/que-puede-hacer-para-controlar-la-enfermedad-cardiaca\/\" \/>\n<meta property=\"og:site_name\" content=\"Heart Failure Matters\" \/>\n<meta property=\"article:publisher\" content=\"https:\/\/www.facebook.com\/heartfailurematters\" \/>\n<meta property=\"article:modified_time\" content=\"2022-01-25T16:16:16+00:00\" \/>\n<meta property=\"og:image\" content=\"https:\/\/www.heartfailurematters.org\/wp-content\/uploads\/2022\/02\/shutterstock_258402434-1-min.jpg?_t=1773223855\" \/>\n\t<meta property=\"og:image:width\" content=\"900\" \/>\n\t<meta property=\"og:image:height\" content=\"475\" \/>\n\t<meta property=\"og:image:type\" content=\"image\/jpeg\" \/>\n<meta name=\"twitter:card\" content=\"summary_large_image\" \/>\n<meta name=\"twitter:label1\" content=\"Tiempo de lectura\" \/>\n\t<meta name=\"twitter:data1\" content=\"1 minuto\" \/>\n<script type=\"application\/ld+json\" class=\"yoast-schema-graph\">{\"@context\":\"https:\/\/schema.org\",\"@graph\":[{\"@type\":\"WebPage\",\"@id\":\"https:\/\/www.heartfailurematters.org\/es\/lo-que-puede-hacer-usted\/que-puede-hacer-para-controlar-la-enfermedad-cardiaca\/\",\"url\":\"https:\/\/www.heartfailurematters.org\/es\/lo-que-puede-hacer-usted\/que-puede-hacer-para-controlar-la-enfermedad-cardiaca\/\",\"name\":\"\u00bfQu\u00e9 puede hacer para controlar la enfermedad card\u00edaca? - Heart Failure Matters\",\"isPartOf\":{\"@id\":\"https:\/\/www.heartfailurematters.org\/es\/#website\"},\"primaryImageOfPage\":{\"@id\":\"https:\/\/www.heartfailurematters.org\/es\/lo-que-puede-hacer-usted\/que-puede-hacer-para-controlar-la-enfermedad-cardiaca\/#primaryimage\"},\"image\":{\"@id\":\"https:\/\/www.heartfailurematters.org\/es\/lo-que-puede-hacer-usted\/que-puede-hacer-para-controlar-la-enfermedad-cardiaca\/#primaryimage\"},\"thumbnailUrl\":\"https:\/\/www.heartfailurematters.org\/wp-content\/uploads\/2022\/02\/shutterstock_258402434-1-min.jpg\",\"datePublished\":\"2021-01-27T22:09:26+00:00\",\"dateModified\":\"2022-01-25T16:16:16+00:00\",\"description\":\"Resulta eficaz controlar las afecciones card\u00edacas mediante una mezcla de tratamientos m\u00e9dicos y de ajustes del estilo de vida. Aprenda a controlar esta afecci\u00f3n\",\"breadcrumb\":{\"@id\":\"https:\/\/www.heartfailurematters.org\/es\/lo-que-puede-hacer-usted\/que-puede-hacer-para-controlar-la-enfermedad-cardiaca\/#breadcrumb\"},\"inLanguage\":\"es\",\"potentialAction\":[{\"@type\":\"ReadAction\",\"target\":[\"https:\/\/www.heartfailurematters.org\/es\/lo-que-puede-hacer-usted\/que-puede-hacer-para-controlar-la-enfermedad-cardiaca\/\"]}]},{\"@type\":\"ImageObject\",\"inLanguage\":\"es\",\"@id\":\"https:\/\/www.heartfailurematters.org\/es\/lo-que-puede-hacer-usted\/que-puede-hacer-para-controlar-la-enfermedad-cardiaca\/#primaryimage\",\"url\":\"https:\/\/www.heartfailurematters.org\/wp-content\/uploads\/2022\/02\/shutterstock_258402434-1-min.jpg\",\"contentUrl\":\"https:\/\/www.heartfailurematters.org\/wp-content\/uploads\/2022\/02\/shutterstock_258402434-1-min.jpg\",\"width\":900,\"height\":475},{\"@type\":\"BreadcrumbList\",\"@id\":\"https:\/\/www.heartfailurematters.org\/es\/lo-que-puede-hacer-usted\/que-puede-hacer-para-controlar-la-enfermedad-cardiaca\/#breadcrumb\",\"itemListElement\":[{\"@type\":\"ListItem\",\"position\":1,\"name\":\"Inicio\",\"item\":\"https:\/\/www.heartfailurematters.org\/es\/\"},{\"@type\":\"ListItem\",\"position\":2,\"name\":\"\u00bfQu\u00e9 puede hacer usted?\",\"item\":\"https:\/\/www.heartfailurematters.org\/es\/lo-que-puede-hacer-usted\/\"},{\"@type\":\"ListItem\",\"position\":3,\"name\":\"\u00bfQu\u00e9 puede hacer para controlar la enfermedad card\u00edaca?\"}]},{\"@type\":\"WebSite\",\"@id\":\"https:\/\/www.heartfailurematters.org\/es\/#website\",\"url\":\"https:\/\/www.heartfailurematters.org\/es\/\",\"name\":\"Heart Failure Matters\",\"description\":\"Practical information for patients, families and caregivers.\",\"publisher\":{\"@id\":\"https:\/\/www.heartfailurematters.org\/es\/#organization\"},\"potentialAction\":[{\"@type\":\"SearchAction\",\"target\":{\"@type\":\"EntryPoint\",\"urlTemplate\":\"https:\/\/www.heartfailurematters.org\/es\/?s={search_term_string}\"},\"query-input\":{\"@type\":\"PropertyValueSpecification\",\"valueRequired\":true,\"valueName\":\"search_term_string\"}}],\"inLanguage\":\"es\"},{\"@type\":\"Organization\",\"@id\":\"https:\/\/www.heartfailurematters.org\/es\/#organization\",\"name\":\"Heart Failure Matters\",\"url\":\"https:\/\/www.heartfailurematters.org\/es\/\",\"logo\":{\"@type\":\"ImageObject\",\"inLanguage\":\"es\",\"@id\":\"https:\/\/www.heartfailurematters.org\/es\/#\/schema\/logo\/image\/\",\"url\":\"https:\/\/cdn-endpoint-hfm.azureedge.net\/heartfailurematters\/2024\/07\/hfm-logo1.jpg\",\"contentUrl\":\"https:\/\/cdn-endpoint-hfm.azureedge.net\/heartfailurematters\/2024\/07\/hfm-logo1.jpg\",\"width\":1280,\"height\":720,\"caption\":\"Heart Failure Matters\"},\"image\":{\"@id\":\"https:\/\/www.heartfailurematters.org\/es\/#\/schema\/logo\/image\/\"},\"sameAs\":[\"https:\/\/www.facebook.com\/heartfailurematters\"]}]}<\/script>\n<!-- \/ Yoast SEO plugin. -->","yoast_head_json":{"title":"\u00bfQu\u00e9 puede hacer para controlar la enfermedad card\u00edaca? - Heart Failure Matters","description":"Resulta eficaz controlar las afecciones card\u00edacas mediante una mezcla de tratamientos m\u00e9dicos y de ajustes del estilo de vida. Aprenda a controlar esta afecci\u00f3n","robots":{"index":"index","follow":"follow","max-snippet":"max-snippet:-1","max-image-preview":"max-image-preview:large","max-video-preview":"max-video-preview:-1"},"canonical":"https:\/\/www.heartfailurematters.org\/es\/lo-que-puede-hacer-usted\/que-puede-hacer-para-controlar-la-enfermedad-cardiaca\/","og_locale":"es_ES","og_type":"article","og_title":"\u00bfQu\u00e9 puede hacer para controlar la enfermedad card\u00edaca? - Heart Failure Matters","og_description":"Resulta eficaz controlar las afecciones card\u00edacas mediante una mezcla de tratamientos m\u00e9dicos y de ajustes del estilo de vida. Aprenda a controlar esta afecci\u00f3n","og_url":"https:\/\/www.heartfailurematters.org\/es\/lo-que-puede-hacer-usted\/que-puede-hacer-para-controlar-la-enfermedad-cardiaca\/","og_site_name":"Heart Failure Matters","article_publisher":"https:\/\/www.facebook.com\/heartfailurematters","article_modified_time":"2022-01-25T16:16:16+00:00","og_image":[{"width":900,"height":475,"url":"https:\/\/www.heartfailurematters.org\/wp-content\/uploads\/2022\/02\/shutterstock_258402434-1-min.jpg?_t=1773223855","type":"image\/jpeg"}],"twitter_card":"summary_large_image","twitter_misc":{"Tiempo de lectura":"1 minuto"},"schema":{"@context":"https:\/\/schema.org","@graph":[{"@type":"WebPage","@id":"https:\/\/www.heartfailurematters.org\/es\/lo-que-puede-hacer-usted\/que-puede-hacer-para-controlar-la-enfermedad-cardiaca\/","url":"https:\/\/www.heartfailurematters.org\/es\/lo-que-puede-hacer-usted\/que-puede-hacer-para-controlar-la-enfermedad-cardiaca\/","name":"\u00bfQu\u00e9 puede hacer para controlar la enfermedad card\u00edaca? - Heart Failure Matters","isPartOf":{"@id":"https:\/\/www.heartfailurematters.org\/es\/#website"},"primaryImageOfPage":{"@id":"https:\/\/www.heartfailurematters.org\/es\/lo-que-puede-hacer-usted\/que-puede-hacer-para-controlar-la-enfermedad-cardiaca\/#primaryimage"},"image":{"@id":"https:\/\/www.heartfailurematters.org\/es\/lo-que-puede-hacer-usted\/que-puede-hacer-para-controlar-la-enfermedad-cardiaca\/#primaryimage"},"thumbnailUrl":"https:\/\/www.heartfailurematters.org\/wp-content\/uploads\/2022\/02\/shutterstock_258402434-1-min.jpg","datePublished":"2021-01-27T22:09:26+00:00","dateModified":"2022-01-25T16:16:16+00:00","description":"Resulta eficaz controlar las afecciones card\u00edacas mediante una mezcla de tratamientos m\u00e9dicos y de ajustes del estilo de vida. Aprenda a controlar esta afecci\u00f3n","breadcrumb":{"@id":"https:\/\/www.heartfailurematters.org\/es\/lo-que-puede-hacer-usted\/que-puede-hacer-para-controlar-la-enfermedad-cardiaca\/#breadcrumb"},"inLanguage":"es","potentialAction":[{"@type":"ReadAction","target":["https:\/\/www.heartfailurematters.org\/es\/lo-que-puede-hacer-usted\/que-puede-hacer-para-controlar-la-enfermedad-cardiaca\/"]}]},{"@type":"ImageObject","inLanguage":"es","@id":"https:\/\/www.heartfailurematters.org\/es\/lo-que-puede-hacer-usted\/que-puede-hacer-para-controlar-la-enfermedad-cardiaca\/#primaryimage","url":"https:\/\/www.heartfailurematters.org\/wp-content\/uploads\/2022\/02\/shutterstock_258402434-1-min.jpg","contentUrl":"https:\/\/www.heartfailurematters.org\/wp-content\/uploads\/2022\/02\/shutterstock_258402434-1-min.jpg","width":900,"height":475},{"@type":"BreadcrumbList","@id":"https:\/\/www.heartfailurematters.org\/es\/lo-que-puede-hacer-usted\/que-puede-hacer-para-controlar-la-enfermedad-cardiaca\/#breadcrumb","itemListElement":[{"@type":"ListItem","position":1,"name":"Inicio","item":"https:\/\/www.heartfailurematters.org\/es\/"},{"@type":"ListItem","position":2,"name":"\u00bfQu\u00e9 puede hacer usted?","item":"https:\/\/www.heartfailurematters.org\/es\/lo-que-puede-hacer-usted\/"},{"@type":"ListItem","position":3,"name":"\u00bfQu\u00e9 puede hacer para controlar la enfermedad card\u00edaca?"}]},{"@type":"WebSite","@id":"https:\/\/www.heartfailurematters.org\/es\/#website","url":"https:\/\/www.heartfailurematters.org\/es\/","name":"Heart Failure Matters","description":"Practical information for patients, families and caregivers.","publisher":{"@id":"https:\/\/www.heartfailurematters.org\/es\/#organization"},"potentialAction":[{"@type":"SearchAction","target":{"@type":"EntryPoint","urlTemplate":"https:\/\/www.heartfailurematters.org\/es\/?s={search_term_string}"},"query-input":{"@type":"PropertyValueSpecification","valueRequired":true,"valueName":"search_term_string"}}],"inLanguage":"es"},{"@type":"Organization","@id":"https:\/\/www.heartfailurematters.org\/es\/#organization","name":"Heart Failure Matters","url":"https:\/\/www.heartfailurematters.org\/es\/","logo":{"@type":"ImageObject","inLanguage":"es","@id":"https:\/\/www.heartfailurematters.org\/es\/#\/schema\/logo\/image\/","url":"https:\/\/cdn-endpoint-hfm.azureedge.net\/heartfailurematters\/2024\/07\/hfm-logo1.jpg","contentUrl":"https:\/\/cdn-endpoint-hfm.azureedge.net\/heartfailurematters\/2024\/07\/hfm-logo1.jpg","width":1280,"height":720,"caption":"Heart Failure Matters"},"image":{"@id":"https:\/\/www.heartfailurematters.org\/es\/#\/schema\/logo\/image\/"},"sameAs":["https:\/\/www.facebook.com\/heartfailurematters"]}]}},"_links":{"self":[{"href":"https:\/\/www.heartfailurematters.org\/es\/wp-json\/wp\/v2\/pages\/2312","targetHints":{"allow":["GET"]}}],"collection":[{"href":"https:\/\/www.heartfailurematters.org\/es\/wp-json\/wp\/v2\/pages"}],"about":[{"href":"https:\/\/www.heartfailurematters.org\/es\/wp-json\/wp\/v2\/types\/page"}],"author":[{"embeddable":true,"href":"https:\/\/www.heartfailurematters.org\/es\/wp-json\/wp\/v2\/users\/1"}],"replies":[{"embeddable":true,"href":"https:\/\/www.heartfailurematters.org\/es\/wp-json\/wp\/v2\/comments?post=2312"}],"version-history":[{"count":3,"href":"https:\/\/www.heartfailurematters.org\/es\/wp-json\/wp\/v2\/pages\/2312\/revisions"}],"predecessor-version":[{"id":2728,"href":"https:\/\/www.heartfailurematters.org\/es\/wp-json\/wp\/v2\/pages\/2312\/revisions\/2728"}],"up":[{"embeddable":true,"href":"https:\/\/www.heartfailurematters.org\/es\/wp-json\/wp\/v2\/pages\/2720"}],"wp:featuredmedia":[{"embeddable":true,"href":"https:\/\/www.heartfailurematters.org\/es\/wp-json\/wp\/v2\/media\/10542"}],"wp:attachment":[{"href":"https:\/\/www.heartfailurematters.org\/es\/wp-json\/wp\/v2\/media?parent=2312"}],"wp:term":[{"taxonomy":"category","embeddable":true,"href":"https:\/\/www.heartfailurematters.org\/es\/wp-json\/wp\/v2\/categories?post=2312"},{"taxonomy":"post_tag","embeddable":true,"href":"https:\/\/www.heartfailurematters.org\/es\/wp-json\/wp\/v2\/tags?post=2312"}],"curies":[{"name":"wp","href":"https:\/\/api.w.org\/{rel}","templated":true}]}}