{"id":2311,"date":"2021-01-27T22:09:26","date_gmt":"2021-01-27T22:09:26","guid":{"rendered":"http:\/\/heartfailurematters.local:8888\/dolor-toracico\/"},"modified":"2022-01-17T15:25:30","modified_gmt":"2022-01-17T15:25:30","slug":"dolor-toracico","status":"publish","type":"page","link":"https:\/\/www.heartfailurematters.org\/es\/signos-de-alarma\/dolor-toracico\/","title":{"rendered":"Dolor tor\u00e1cico"},"content":{"rendered":"<p>El dolor originado por problemas card\u00edacos suele notarse en el pecho, aunque puede localizarse en cualquier lugar del t\u00f3rax, entre el abdomen (parte superior) y la garganta, incluidos los brazos y los hombros. Se puede percibir como malestar, presi\u00f3n, gases o dolor sordo.<\/p>\n<p>El dolor tor\u00e1cico SIEMPRE se debe considerar grave, pues podr\u00eda indicar un empeoramiento de la insuficiencia card\u00edaca, una <a class=\"addtooltip\" title=\"Dolor o molestias en el t\u00f3rax como consecuencia de la disminuci\u00f3n del aporte de sangre a una parte del m\u00fasculo card\u00edaco. La causa suele ser la enfermedad coronaria. \"><strong title=\"\">angina<\/strong><\/a> de pecho o un <a class=\"addtooltip\" title=\"Lesi\u00f3n que se produce en el m\u00fasculo card\u00edaco cuando se obstruye una arteria coronaria y el flujo sangu\u00edneo a una parte del m\u00fasculo disminuye considerablemente o se interrumpe. \"><strong title=\"\">infarto de miocardio<\/strong><\/a>. Si\u00e9ntese inmediatamente o t\u00fambese y repose.<\/p>\n<p>Si experimenta molestias o dolor en el t\u00f3rax de m\u00e1s de 15 minutos de duraci\u00f3n o que no se alivia con reposo o <a class=\"addtooltip\" title=\"Medicamento utilizado para tratar los episodios de angina. Se suele administrar debajo de la lengua en comprimidos, aerosoles o parches.\"><strong title=\"\">trinitrato de glicerina<\/strong><\/a> (TNG\/nitroglicerina) (si su m\u00e9dico se la ha recetado), llame al servicio de urgencias inmediatamente<\/p>\n","protected":false},"excerpt":{"rendered":"<p>El dolor originado por problemas card\u00edacos suele notarse en el pecho, aunque puede localizarse en cualquier lugar del t\u00f3rax, entre el abdomen (parte superior) y la garganta, incluidos los brazos y los hombros. Se puede percibir como malestar, presi\u00f3n, gases o dolor sordo. El dolor tor\u00e1cico SIEMPRE se debe considerar grave, pues podr\u00eda indicar un [&hellip;]<\/p>\n","protected":false},"author":1,"featured_media":11196,"parent":2869,"menu_order":2,"comment_status":"open","ping_status":"closed","template":"","meta":{"_acf_changed":false,"footnotes":""},"categories":[132],"tags":[],"class_list":["post-2311","page","type-page","status-publish","has-post-thumbnail","hentry","category-warning-signs-es"],"acf":[],"yoast_head":"<!-- This site is optimized with the Yoast SEO plugin v24.8.1 - https:\/\/yoast.com\/wordpress\/plugins\/seo\/ -->\n<title>Dolor tor\u00e1cico - Heart Failure Matters<\/title>\n<meta name=\"description\" content=\"Por lo general, el dolor provocado por problemas card\u00edacos se siente en el pecho, aunque se puede localizar en cualquier lugar entre la parte superior del abdomen y la garganta, incluidos los brazos y los hombros.\u00a0\" \/>\n<meta name=\"robots\" content=\"index, follow, max-snippet:-1, max-image-preview:large, max-video-preview:-1\" \/>\n<link rel=\"canonical\" href=\"https:\/\/www.heartfailurematters.org\/es\/signos-de-alarma\/dolor-toracico\/\" \/>\n<meta property=\"og:locale\" content=\"es_ES\" \/>\n<meta property=\"og:type\" content=\"article\" \/>\n<meta property=\"og:title\" content=\"Dolor tor\u00e1cico - Heart Failure Matters\" \/>\n<meta property=\"og:description\" content=\"Por lo general, el dolor provocado por problemas card\u00edacos se siente en el pecho, aunque se puede localizar en cualquier lugar entre la parte superior del abdomen y la garganta, incluidos los brazos y los hombros.\u00a0\" \/>\n<meta property=\"og:url\" content=\"https:\/\/www.heartfailurematters.org\/es\/signos-de-alarma\/dolor-toracico\/\" \/>\n<meta property=\"og:site_name\" content=\"Heart Failure Matters\" \/>\n<meta property=\"article:publisher\" content=\"https:\/\/www.facebook.com\/heartfailurematters\" \/>\n<meta property=\"article:modified_time\" content=\"2022-01-17T15:25:30+00:00\" \/>\n<meta property=\"og:image\" content=\"https:\/\/www.heartfailurematters.org\/wp-content\/uploads\/2022\/03\/shutterstock_759199153-1-min.jpg?_t=1773222850\" \/>\n\t<meta property=\"og:image:width\" content=\"900\" \/>\n\t<meta property=\"og:image:height\" content=\"534\" \/>\n\t<meta property=\"og:image:type\" content=\"image\/jpeg\" \/>\n<meta name=\"twitter:card\" content=\"summary_large_image\" \/>\n<meta name=\"twitter:label1\" content=\"Tiempo de lectura\" \/>\n\t<meta name=\"twitter:data1\" content=\"1 minuto\" \/>\n<script type=\"application\/ld+json\" class=\"yoast-schema-graph\">{\"@context\":\"https:\/\/schema.org\",\"@graph\":[{\"@type\":\"WebPage\",\"@id\":\"https:\/\/www.heartfailurematters.org\/es\/signos-de-alarma\/dolor-toracico\/\",\"url\":\"https:\/\/www.heartfailurematters.org\/es\/signos-de-alarma\/dolor-toracico\/\",\"name\":\"Dolor tor\u00e1cico - Heart Failure Matters\",\"isPartOf\":{\"@id\":\"https:\/\/www.heartfailurematters.org\/es\/#website\"},\"primaryImageOfPage\":{\"@id\":\"https:\/\/www.heartfailurematters.org\/es\/signos-de-alarma\/dolor-toracico\/#primaryimage\"},\"image\":{\"@id\":\"https:\/\/www.heartfailurematters.org\/es\/signos-de-alarma\/dolor-toracico\/#primaryimage\"},\"thumbnailUrl\":\"https:\/\/www.heartfailurematters.org\/wp-content\/uploads\/2022\/03\/shutterstock_759199153-1-min.jpg\",\"datePublished\":\"2021-01-27T22:09:26+00:00\",\"dateModified\":\"2022-01-17T15:25:30+00:00\",\"description\":\"Por lo general, el dolor provocado por problemas card\u00edacos se siente en el pecho, aunque se puede localizar en cualquier lugar entre la parte superior del abdomen y la garganta, incluidos los brazos y los hombros.\u00a0\",\"breadcrumb\":{\"@id\":\"https:\/\/www.heartfailurematters.org\/es\/signos-de-alarma\/dolor-toracico\/#breadcrumb\"},\"inLanguage\":\"es\",\"potentialAction\":[{\"@type\":\"ReadAction\",\"target\":[\"https:\/\/www.heartfailurematters.org\/es\/signos-de-alarma\/dolor-toracico\/\"]}]},{\"@type\":\"ImageObject\",\"inLanguage\":\"es\",\"@id\":\"https:\/\/www.heartfailurematters.org\/es\/signos-de-alarma\/dolor-toracico\/#primaryimage\",\"url\":\"https:\/\/www.heartfailurematters.org\/wp-content\/uploads\/2022\/03\/shutterstock_759199153-1-min.jpg\",\"contentUrl\":\"https:\/\/www.heartfailurematters.org\/wp-content\/uploads\/2022\/03\/shutterstock_759199153-1-min.jpg\",\"width\":900,\"height\":534},{\"@type\":\"BreadcrumbList\",\"@id\":\"https:\/\/www.heartfailurematters.org\/es\/signos-de-alarma\/dolor-toracico\/#breadcrumb\",\"itemListElement\":[{\"@type\":\"ListItem\",\"position\":1,\"name\":\"Inicio\",\"item\":\"https:\/\/www.heartfailurematters.org\/es\/\"},{\"@type\":\"ListItem\",\"position\":2,\"name\":\"Signos de alarma\",\"item\":\"https:\/\/www.heartfailurematters.org\/es\/signos-de-alarma\/\"},{\"@type\":\"ListItem\",\"position\":3,\"name\":\"Dolor tor\u00e1cico\"}]},{\"@type\":\"WebSite\",\"@id\":\"https:\/\/www.heartfailurematters.org\/es\/#website\",\"url\":\"https:\/\/www.heartfailurematters.org\/es\/\",\"name\":\"Heart Failure Matters\",\"description\":\"Practical information for patients, families and caregivers.\",\"publisher\":{\"@id\":\"https:\/\/www.heartfailurematters.org\/es\/#organization\"},\"potentialAction\":[{\"@type\":\"SearchAction\",\"target\":{\"@type\":\"EntryPoint\",\"urlTemplate\":\"https:\/\/www.heartfailurematters.org\/es\/?s={search_term_string}\"},\"query-input\":{\"@type\":\"PropertyValueSpecification\",\"valueRequired\":true,\"valueName\":\"search_term_string\"}}],\"inLanguage\":\"es\"},{\"@type\":\"Organization\",\"@id\":\"https:\/\/www.heartfailurematters.org\/es\/#organization\",\"name\":\"Heart Failure Matters\",\"url\":\"https:\/\/www.heartfailurematters.org\/es\/\",\"logo\":{\"@type\":\"ImageObject\",\"inLanguage\":\"es\",\"@id\":\"https:\/\/www.heartfailurematters.org\/es\/#\/schema\/logo\/image\/\",\"url\":\"https:\/\/cdn-endpoint-hfm.azureedge.net\/heartfailurematters\/2024\/07\/hfm-logo1.jpg\",\"contentUrl\":\"https:\/\/cdn-endpoint-hfm.azureedge.net\/heartfailurematters\/2024\/07\/hfm-logo1.jpg\",\"width\":1280,\"height\":720,\"caption\":\"Heart Failure Matters\"},\"image\":{\"@id\":\"https:\/\/www.heartfailurematters.org\/es\/#\/schema\/logo\/image\/\"},\"sameAs\":[\"https:\/\/www.facebook.com\/heartfailurematters\"]}]}<\/script>\n<!-- \/ Yoast SEO plugin. -->","yoast_head_json":{"title":"Dolor tor\u00e1cico - Heart Failure Matters","description":"Por lo general, el dolor provocado por problemas card\u00edacos se siente en el pecho, aunque se puede localizar en cualquier lugar entre la parte superior del abdomen y la garganta, incluidos los brazos y los hombros.\u00a0","robots":{"index":"index","follow":"follow","max-snippet":"max-snippet:-1","max-image-preview":"max-image-preview:large","max-video-preview":"max-video-preview:-1"},"canonical":"https:\/\/www.heartfailurematters.org\/es\/signos-de-alarma\/dolor-toracico\/","og_locale":"es_ES","og_type":"article","og_title":"Dolor tor\u00e1cico - Heart Failure Matters","og_description":"Por lo general, el dolor provocado por problemas card\u00edacos se siente en el pecho, aunque se puede localizar en cualquier lugar entre la parte superior del abdomen y la garganta, incluidos los brazos y los hombros.\u00a0","og_url":"https:\/\/www.heartfailurematters.org\/es\/signos-de-alarma\/dolor-toracico\/","og_site_name":"Heart Failure Matters","article_publisher":"https:\/\/www.facebook.com\/heartfailurematters","article_modified_time":"2022-01-17T15:25:30+00:00","og_image":[{"width":900,"height":534,"url":"https:\/\/www.heartfailurematters.org\/wp-content\/uploads\/2022\/03\/shutterstock_759199153-1-min.jpg?_t=1773222850","type":"image\/jpeg"}],"twitter_card":"summary_large_image","twitter_misc":{"Tiempo de lectura":"1 minuto"},"schema":{"@context":"https:\/\/schema.org","@graph":[{"@type":"WebPage","@id":"https:\/\/www.heartfailurematters.org\/es\/signos-de-alarma\/dolor-toracico\/","url":"https:\/\/www.heartfailurematters.org\/es\/signos-de-alarma\/dolor-toracico\/","name":"Dolor tor\u00e1cico - Heart Failure Matters","isPartOf":{"@id":"https:\/\/www.heartfailurematters.org\/es\/#website"},"primaryImageOfPage":{"@id":"https:\/\/www.heartfailurematters.org\/es\/signos-de-alarma\/dolor-toracico\/#primaryimage"},"image":{"@id":"https:\/\/www.heartfailurematters.org\/es\/signos-de-alarma\/dolor-toracico\/#primaryimage"},"thumbnailUrl":"https:\/\/www.heartfailurematters.org\/wp-content\/uploads\/2022\/03\/shutterstock_759199153-1-min.jpg","datePublished":"2021-01-27T22:09:26+00:00","dateModified":"2022-01-17T15:25:30+00:00","description":"Por lo general, el dolor provocado por problemas card\u00edacos se siente en el pecho, aunque se puede localizar en cualquier lugar entre la parte superior del abdomen y la garganta, incluidos los brazos y los hombros.\u00a0","breadcrumb":{"@id":"https:\/\/www.heartfailurematters.org\/es\/signos-de-alarma\/dolor-toracico\/#breadcrumb"},"inLanguage":"es","potentialAction":[{"@type":"ReadAction","target":["https:\/\/www.heartfailurematters.org\/es\/signos-de-alarma\/dolor-toracico\/"]}]},{"@type":"ImageObject","inLanguage":"es","@id":"https:\/\/www.heartfailurematters.org\/es\/signos-de-alarma\/dolor-toracico\/#primaryimage","url":"https:\/\/www.heartfailurematters.org\/wp-content\/uploads\/2022\/03\/shutterstock_759199153-1-min.jpg","contentUrl":"https:\/\/www.heartfailurematters.org\/wp-content\/uploads\/2022\/03\/shutterstock_759199153-1-min.jpg","width":900,"height":534},{"@type":"BreadcrumbList","@id":"https:\/\/www.heartfailurematters.org\/es\/signos-de-alarma\/dolor-toracico\/#breadcrumb","itemListElement":[{"@type":"ListItem","position":1,"name":"Inicio","item":"https:\/\/www.heartfailurematters.org\/es\/"},{"@type":"ListItem","position":2,"name":"Signos de alarma","item":"https:\/\/www.heartfailurematters.org\/es\/signos-de-alarma\/"},{"@type":"ListItem","position":3,"name":"Dolor tor\u00e1cico"}]},{"@type":"WebSite","@id":"https:\/\/www.heartfailurematters.org\/es\/#website","url":"https:\/\/www.heartfailurematters.org\/es\/","name":"Heart Failure Matters","description":"Practical information for patients, families and caregivers.","publisher":{"@id":"https:\/\/www.heartfailurematters.org\/es\/#organization"},"potentialAction":[{"@type":"SearchAction","target":{"@type":"EntryPoint","urlTemplate":"https:\/\/www.heartfailurematters.org\/es\/?s={search_term_string}"},"query-input":{"@type":"PropertyValueSpecification","valueRequired":true,"valueName":"search_term_string"}}],"inLanguage":"es"},{"@type":"Organization","@id":"https:\/\/www.heartfailurematters.org\/es\/#organization","name":"Heart Failure Matters","url":"https:\/\/www.heartfailurematters.org\/es\/","logo":{"@type":"ImageObject","inLanguage":"es","@id":"https:\/\/www.heartfailurematters.org\/es\/#\/schema\/logo\/image\/","url":"https:\/\/cdn-endpoint-hfm.azureedge.net\/heartfailurematters\/2024\/07\/hfm-logo1.jpg","contentUrl":"https:\/\/cdn-endpoint-hfm.azureedge.net\/heartfailurematters\/2024\/07\/hfm-logo1.jpg","width":1280,"height":720,"caption":"Heart Failure Matters"},"image":{"@id":"https:\/\/www.heartfailurematters.org\/es\/#\/schema\/logo\/image\/"},"sameAs":["https:\/\/www.facebook.com\/heartfailurematters"]}]}},"_links":{"self":[{"href":"https:\/\/www.heartfailurematters.org\/es\/wp-json\/wp\/v2\/pages\/2311","targetHints":{"allow":["GET"]}}],"collection":[{"href":"https:\/\/www.heartfailurematters.org\/es\/wp-json\/wp\/v2\/pages"}],"about":[{"href":"https:\/\/www.heartfailurematters.org\/es\/wp-json\/wp\/v2\/types\/page"}],"author":[{"embeddable":true,"href":"https:\/\/www.heartfailurematters.org\/es\/wp-json\/wp\/v2\/users\/1"}],"replies":[{"embeddable":true,"href":"https:\/\/www.heartfailurematters.org\/es\/wp-json\/wp\/v2\/comments?post=2311"}],"version-history":[{"count":5,"href":"https:\/\/www.heartfailurematters.org\/es\/wp-json\/wp\/v2\/pages\/2311\/revisions"}],"predecessor-version":[{"id":10202,"href":"https:\/\/www.heartfailurematters.org\/es\/wp-json\/wp\/v2\/pages\/2311\/revisions\/10202"}],"up":[{"embeddable":true,"href":"https:\/\/www.heartfailurematters.org\/es\/wp-json\/wp\/v2\/pages\/2869"}],"wp:featuredmedia":[{"embeddable":true,"href":"https:\/\/www.heartfailurematters.org\/es\/wp-json\/wp\/v2\/media\/11196"}],"wp:attachment":[{"href":"https:\/\/www.heartfailurematters.org\/es\/wp-json\/wp\/v2\/media?parent=2311"}],"wp:term":[{"taxonomy":"category","embeddable":true,"href":"https:\/\/www.heartfailurematters.org\/es\/wp-json\/wp\/v2\/categories?post=2311"},{"taxonomy":"post_tag","embeddable":true,"href":"https:\/\/www.heartfailurematters.org\/es\/wp-json\/wp\/v2\/tags?post=2311"}],"curies":[{"name":"wp","href":"https:\/\/api.w.org\/{rel}","templated":true}]}}