{"id":2306,"date":"2021-01-27T22:09:26","date_gmt":"2021-01-27T22:09:26","guid":{"rendered":"http:\/\/heartfailurematters.local:8888\/betabloqueantes\/"},"modified":"2026-01-16T14:19:05","modified_gmt":"2026-01-16T14:19:05","slug":"betabloqueantes","status":"publish","type":"page","link":"https:\/\/www.heartfailurematters.org\/es\/lo-que-pueden-hacer-su-medico-o-enfermero\/betabloqueantes\/","title":{"rendered":"Betabloqueantes"},"content":{"rendered":"<h2>\u00bfQu\u00e9 hacen?<\/h2>\n<p>Cuando el coraz\u00f3n no bombea tan bien como deber\u00eda, el organismo intenta compensarlo produciendo <a class=\"addtooltip\" title=\"&lt;div id='ToolTipTextWrap'&gt;adrenalina&lt;\/div&gt;&lt;p&gt; Hormona producida en momentos de estr\u00e9s que afecta al ritmo card\u00edaco, la circulaci\u00f3n sangu\u00ednea y otras funciones del organismo.&lt;\/p&gt;\"><strong>adrenalina<\/strong><\/a> y noradrenalina, <a class=\"addtooltip\" title=\"&lt;div id='ToolTipTextWrap'&gt;hormonas&lt;\/div&gt;&lt;p&gt; Sustancias liberadas en la sangre por diversas gl\u00e1ndulas del organismo, que regulan funciones esenciales.&lt;\/p&gt;\"><strong>hormonas<\/strong><\/a> que aceleran los latidos y aumentan la presi\u00f3n arterial. Si este efecto se prolonga, puede tener efectos nocivos en un coraz\u00f3n al que ya le cuesta funcionar de forma eficaz. Los <a class=\"addtooltip\" title=\"&lt;div id='ToolTipTextWrap'&gt;Betabloqueantes&lt;\/div&gt;&lt;p&gt; Clase de medicamentos utilizada para disminuir la frecuencia card\u00edaca o la presi\u00f3n arterial.&lt;\/p&gt;\"><strong>betabloqueantes<\/strong><\/a> ayudan a que el coraz\u00f3n lata m\u00e1s despacio y bajan la presi\u00f3n arterial, protegiendo as\u00ed al coraz\u00f3n de los efectos nocivos de la actividad prolongada de la <a class=\"addtooltip\" title=\"&lt;div id='ToolTipTextWrap'&gt;adrenalina&lt;\/div&gt;&lt;p&gt; Hormona producida en momentos de estr\u00e9s que afecta al ritmo card\u00edaco, la circulaci\u00f3n sangu\u00ednea y otras funciones del organismo.&lt;\/p&gt;\"><strong>adrenalina<\/strong><\/a> y la <a class=\"addtooltip\" title=\"&lt;div id='ToolTipTextWrap'&gt;noradrenalina&lt;\/div&gt;&lt;p&gt; Hormona producida en momentos de estr\u00e9s que afecta al ritmo card\u00edaco, la circulaci\u00f3n sangu\u00ednea y otras funciones del organismo.&lt;\/p&gt;\"><strong>noradrenalina<\/strong><\/a>.<\/p>\n<p>Los <a class=\"addtooltip\" title=\"&lt;div id='ToolTipTextWrap'&gt;Betabloqueantes&lt;\/div&gt;&lt;p&gt; Clase de medicamentos utilizada para disminuir la frecuencia card\u00edaca o la presi\u00f3n arterial.&lt;\/p&gt;\"><strong>betabloqueantes<\/strong><\/a> son una parte importante del tratamiento de la insuficiencia card\u00edaca. Sin embargo, las personas con insuficiencia card\u00edaca moderada o grave pueden necesitar empezar con una dosis baja, que luego se aumenta lentamente. Esto se debe a que algunas personas pueden experimentar un aumento temporal de los s\u00edntomas de insuficiencia card\u00edaca durante las primeras semanas de tratamiento con betabloqueantes.<\/p>\n<h2>\u00bfCu\u00e1les son los beneficios previstos?<\/h2>\n<p>Se ha demostrado que los betabloqueantes reducen las hospitalizaciones relacionadas con la insuficiencia card\u00edaca, prolongan la vida y mejoran la tolerancia al ejercicio y la calidad de vida.<\/p>\n<h2><strong>Efectos secundarios<\/strong><\/h2>\n<p>Los <strong>betabloqueantes<\/strong> ralentizan la frecuencia card\u00edaca y reducen la presi\u00f3n arterial. Por lo tanto, tambi\u00e9n pueden reducir ligeramente su tolerancia al ejercicio (capacidad de esfuerzo). Esto significa que puede sentirse m\u00e1s cansado cuando realiza actividad f\u00edsica. Sin embargo, este efecto inicial suele desaparecer cuando los aparatos y sistemas se acostumbran a los efectos del medicamento.<br \/>\nHay que tener en cuenta que existen determinadas dosis objetivo para cada betabloqueante y que su m\u00e9dico puede aumentar la dosis lentamente para conseguir el mayor beneficio para usted.<\/p>\n<p>A veces, los betabloqueantes pueden hacer que sienta fr\u00edo en las manos y los pies. Los guantes le ayudar\u00e1n.<\/p>\n<p>Los betabloqueantes tambi\u00e9n pueden empeorar el asma, as\u00ed que recuerde informar a su m\u00e9dico si padece asma.<\/p>\n<p>A veces puede aparecer depresi\u00f3n con algunos tratamientos con betabloqueantes. Debe comentar cualquier s\u00edntoma que tenga con su enfermero o m\u00e9dico.<\/p>\n<p>Los pacientes que sufren problemas especiales de la piel, como la psoriasis, deben tener en cuenta que los betabloqueantes pueden empeorar la enfermedad en algunos pacientes.<\/p>\n<h2>Consejos principales<\/h2>\n<p>Al principio, los betabloqueantes pueden hacerle sentir mareado y cansado, ya que reducen la presi\u00f3n arterial y la frecuencia card\u00edaca. A los pacientes que inician un tratamiento con betabloqueantes se les recomienda \u00abempezar poco a poco\u00bb. Pueden pasar varias semanas hasta que se sienta mejor despu\u00e9s de empezar a tomar un betabloqueante, pero si despu\u00e9s de ese tiempo sigue mareado, p\u00f3ngase en contacto con su m\u00e9dico o enfermero para asegurarse de que le han administrado la dosis correcta.<\/p>\n<p>Es conveniente que controle su peso diariamente y que se ponga en contacto con su m\u00e9dico o enfermero si se produce alg\u00fan cambio significativo.<\/p>\n<p>Es muy importante que usted mismo lleve un registro diario de su presi\u00f3n arterial, frecuencia card\u00edaca y peso, por ejemplo, en papel o en un diario digital. Consulte el cuadro de seguimiento que puede descargar en Herramientas \u00fatiles en la p\u00e1gina de inicio de este sitio web. P\u00f3ngase en contacto con su m\u00e9dico o enfermero si observa alg\u00fan cambio significativo.<\/p>\n<p>Si jadea mucho o le falta el aire, p\u00f3ngase en contacto con su m\u00e9dico, ya que puede deberse a s\u00edntomas de asma subyacentes.<\/p>\n<p>Es importante que no deje de tomar los betabloqueantes de repente. Cualquier reducci\u00f3n de la dosis o interrupci\u00f3n del tratamiento debe consultarse antes con el m\u00e9dico.<\/p>\n<h2>Tambi\u00e9n se conoce como:<\/h2>\n<ul>\n<li><strong>Acebutolol<br \/>\n<\/strong>(Sectral\u00ae, Prent\u00ae)<\/li>\n<li><strong>Atenolol<\/strong><br \/>\n(Atenix\u00ae, Tenormin\u00ae)<\/li>\n<li><strong>Bisoprolol<br \/>\n<\/strong>(Soloc\u00ae, Vivacor\u00ae, Cardicor\u00ae, Emcor\u00ae, Concor\u00ae)<\/li>\n<li><strong>Carvedilol<\/strong><br \/>\n(Eucardic\u00ae, Coreg\u00ae)<\/li>\n<li><strong>Celiprolol<br \/>\n<\/strong>(Celectol\u00ae)<\/li>\n<li><strong>Labetalol<br \/>\n<\/strong>(Normodyne\u00ae, Trandate\u00ae, Normozyde\u00ae)<\/li>\n<li><strong>Metoprolol<br \/>\n<\/strong>(Betaloc\u00ae, Betaloc SA\u00ae, Lopressor\u00ae, Lopressor LA\u00ae, Toprol XL\u00ae)<\/li>\n<li><strong>Nadolol<br \/>\n<\/strong>(Corgard\u00ae)<\/li>\n<li><strong>Nebivolol<br \/>\n<\/strong>(Nebilet\u00ae)<\/li>\n<li><strong>Oxprenolol<br \/>\n<\/strong>(Trasicor\u00ae, Slow-Trasicor\u00ae)<\/li>\n<li><strong>Pindolol<\/strong><br \/>\n(Visken\u00ae)<\/li>\n<li><strong>Propanolol<br \/>\n<\/strong>(Angilol\u00ae, Syprol\u00ae, Bedranol SR\u00ae, Beta Prograne\u00ae, Slo-Pro\u00ae, Inderal\u00ae, Half-Inderal LA\u00ae, Inderal-LA\u00ae)<\/li>\n<li><strong>Sotalol<\/strong><br \/>\n(Beta-Cardone\u00ae, Sotocor\u00ae)<\/li>\n<li><strong>Timolol<br \/>\n<\/strong>(Betim\u00ae)<\/li>\n<li><strong>Productos combinados<\/strong><br \/>\n(Co-tenidone\u00ae, Kalten\u00ae, Tenoret\u00ae, Tenoretic\u00ae, Viskaldix\u00ae, Prestim\u00ae, Beta-Adalat\u00ae, Tenif\u00ae)<\/li>\n<\/ul>\n<p><a href=\"https:\/\/www.heartfailurematters.org\/what-your-doctor-can-do\/heart-failure-medicines\/\">Volver a Medicamentos para la insuficiencia card\u00edaca.<\/a><\/p>\n","protected":false},"excerpt":{"rendered":"<p>\u00bfQu\u00e9 hacen? Cuando el coraz\u00f3n no bombea tan bien como deber\u00eda, el organismo intenta compensarlo produciendo adrenalina y noradrenalina, hormonas que aceleran los latidos y aumentan la presi\u00f3n arterial. Si este efecto se prolonga, puede tener efectos nocivos en un coraz\u00f3n al que ya le cuesta funcionar de forma eficaz. Los betabloqueantes ayudan a que [&hellip;]<\/p>\n","protected":false},"author":1,"featured_media":10873,"parent":2684,"menu_order":0,"comment_status":"open","ping_status":"open","template":"","meta":{"_acf_changed":false,"footnotes":""},"categories":[],"tags":[],"class_list":["post-2306","page","type-page","status-publish","has-post-thumbnail","hentry"],"acf":[],"yoast_head":"<!-- This site is optimized with the Yoast SEO plugin v24.8.1 - https:\/\/yoast.com\/wordpress\/plugins\/seo\/ -->\n<title>Betabloqueantes y tratamiento de la insuficiencia card\u00edaca<\/title>\n<meta name=\"description\" content=\"Descubra m\u00e1s informaci\u00f3n sobre los betabloqueantes para la insuficiencia card\u00edaca, qu\u00e9 son, c\u00f3mo pueden ayudar y cu\u00e1les son los posibles efectos secundarios.\" \/>\n<meta name=\"robots\" content=\"index, follow, max-snippet:-1, max-image-preview:large, max-video-preview:-1\" \/>\n<link rel=\"canonical\" href=\"https:\/\/www.heartfailurematters.org\/es\/lo-que-pueden-hacer-su-medico-o-enfermero\/betabloqueantes\/\" \/>\n<meta property=\"og:locale\" content=\"es_ES\" \/>\n<meta property=\"og:type\" content=\"article\" \/>\n<meta property=\"og:title\" content=\"Betabloqueantes y tratamiento de la insuficiencia card\u00edaca\" \/>\n<meta property=\"og:description\" content=\"Descubra m\u00e1s informaci\u00f3n sobre los betabloqueantes para la insuficiencia card\u00edaca, qu\u00e9 son, c\u00f3mo pueden ayudar y cu\u00e1les son los posibles efectos secundarios.\" \/>\n<meta property=\"og:url\" content=\"https:\/\/www.heartfailurematters.org\/es\/lo-que-pueden-hacer-su-medico-o-enfermero\/betabloqueantes\/\" \/>\n<meta property=\"og:site_name\" content=\"Heart Failure Matters\" \/>\n<meta property=\"article:publisher\" content=\"https:\/\/www.facebook.com\/heartfailurematters\" \/>\n<meta property=\"article:modified_time\" content=\"2026-01-16T14:19:05+00:00\" \/>\n<meta property=\"og:image\" content=\"https:\/\/www.heartfailurematters.org\/wp-content\/uploads\/2022\/03\/shutterstock_441673426-1-min.jpg\" \/>\n\t<meta property=\"og:image:width\" content=\"900\" \/>\n\t<meta property=\"og:image:height\" content=\"596\" \/>\n\t<meta property=\"og:image:type\" content=\"image\/jpeg\" \/>\n<meta name=\"twitter:card\" content=\"summary_large_image\" \/>\n<meta name=\"twitter:label1\" content=\"Tiempo de lectura\" \/>\n\t<meta name=\"twitter:data1\" content=\"3 minutos\" \/>\n<script type=\"application\/ld+json\" class=\"yoast-schema-graph\">{\"@context\":\"https:\/\/schema.org\",\"@graph\":[{\"@type\":\"WebPage\",\"@id\":\"https:\/\/www.heartfailurematters.org\/es\/lo-que-pueden-hacer-su-medico-o-enfermero\/betabloqueantes\/\",\"url\":\"https:\/\/www.heartfailurematters.org\/es\/lo-que-pueden-hacer-su-medico-o-enfermero\/betabloqueantes\/\",\"name\":\"Betabloqueantes y tratamiento de la insuficiencia card\u00edaca\",\"isPartOf\":{\"@id\":\"https:\/\/www.heartfailurematters.org\/es\/#website\"},\"primaryImageOfPage\":{\"@id\":\"https:\/\/www.heartfailurematters.org\/es\/lo-que-pueden-hacer-su-medico-o-enfermero\/betabloqueantes\/#primaryimage\"},\"image\":{\"@id\":\"https:\/\/www.heartfailurematters.org\/es\/lo-que-pueden-hacer-su-medico-o-enfermero\/betabloqueantes\/#primaryimage\"},\"thumbnailUrl\":\"https:\/\/www.heartfailurematters.org\/wp-content\/uploads\/2022\/03\/shutterstock_441673426-1-min.jpg\",\"datePublished\":\"2021-01-27T22:09:26+00:00\",\"dateModified\":\"2026-01-16T14:19:05+00:00\",\"description\":\"Descubra m\u00e1s informaci\u00f3n sobre los betabloqueantes para la insuficiencia card\u00edaca, qu\u00e9 son, c\u00f3mo pueden ayudar y cu\u00e1les son los posibles efectos secundarios.\",\"breadcrumb\":{\"@id\":\"https:\/\/www.heartfailurematters.org\/es\/lo-que-pueden-hacer-su-medico-o-enfermero\/betabloqueantes\/#breadcrumb\"},\"inLanguage\":\"es\",\"potentialAction\":[{\"@type\":\"ReadAction\",\"target\":[\"https:\/\/www.heartfailurematters.org\/es\/lo-que-pueden-hacer-su-medico-o-enfermero\/betabloqueantes\/\"]}]},{\"@type\":\"ImageObject\",\"inLanguage\":\"es\",\"@id\":\"https:\/\/www.heartfailurematters.org\/es\/lo-que-pueden-hacer-su-medico-o-enfermero\/betabloqueantes\/#primaryimage\",\"url\":\"https:\/\/www.heartfailurematters.org\/wp-content\/uploads\/2022\/03\/shutterstock_441673426-1-min.jpg\",\"contentUrl\":\"https:\/\/www.heartfailurematters.org\/wp-content\/uploads\/2022\/03\/shutterstock_441673426-1-min.jpg\",\"width\":900,\"height\":596},{\"@type\":\"BreadcrumbList\",\"@id\":\"https:\/\/www.heartfailurematters.org\/es\/lo-que-pueden-hacer-su-medico-o-enfermero\/betabloqueantes\/#breadcrumb\",\"itemListElement\":[{\"@type\":\"ListItem\",\"position\":1,\"name\":\"Inicio\",\"item\":\"https:\/\/www.heartfailurematters.org\/es\/\"},{\"@type\":\"ListItem\",\"position\":2,\"name\":\"\u00bfQu\u00e9 puede hacer su m\u00e9dico?\",\"item\":\"https:\/\/www.heartfailurematters.org\/es\/lo-que-pueden-hacer-su-medico-o-enfermero\/\"},{\"@type\":\"ListItem\",\"position\":3,\"name\":\"Betabloqueantes\"}]},{\"@type\":\"WebSite\",\"@id\":\"https:\/\/www.heartfailurematters.org\/es\/#website\",\"url\":\"https:\/\/www.heartfailurematters.org\/es\/\",\"name\":\"Heart Failure Matters\",\"description\":\"Practical information for patients, families and caregivers.\",\"publisher\":{\"@id\":\"https:\/\/www.heartfailurematters.org\/es\/#organization\"},\"potentialAction\":[{\"@type\":\"SearchAction\",\"target\":{\"@type\":\"EntryPoint\",\"urlTemplate\":\"https:\/\/www.heartfailurematters.org\/es\/?s={search_term_string}\"},\"query-input\":{\"@type\":\"PropertyValueSpecification\",\"valueRequired\":true,\"valueName\":\"search_term_string\"}}],\"inLanguage\":\"es\"},{\"@type\":\"Organization\",\"@id\":\"https:\/\/www.heartfailurematters.org\/es\/#organization\",\"name\":\"Heart Failure Matters\",\"url\":\"https:\/\/www.heartfailurematters.org\/es\/\",\"logo\":{\"@type\":\"ImageObject\",\"inLanguage\":\"es\",\"@id\":\"https:\/\/www.heartfailurematters.org\/es\/#\/schema\/logo\/image\/\",\"url\":\"https:\/\/cdn-endpoint-hfm.azureedge.net\/heartfailurematters\/2024\/07\/hfm-logo1.jpg\",\"contentUrl\":\"https:\/\/cdn-endpoint-hfm.azureedge.net\/heartfailurematters\/2024\/07\/hfm-logo1.jpg\",\"width\":1280,\"height\":720,\"caption\":\"Heart Failure Matters\"},\"image\":{\"@id\":\"https:\/\/www.heartfailurematters.org\/es\/#\/schema\/logo\/image\/\"},\"sameAs\":[\"https:\/\/www.facebook.com\/heartfailurematters\"]}]}<\/script>\n<!-- \/ Yoast SEO plugin. -->","yoast_head_json":{"title":"Betabloqueantes y tratamiento de la insuficiencia card\u00edaca","description":"Descubra m\u00e1s informaci\u00f3n sobre los betabloqueantes para la insuficiencia card\u00edaca, qu\u00e9 son, c\u00f3mo pueden ayudar y cu\u00e1les son los posibles efectos secundarios.","robots":{"index":"index","follow":"follow","max-snippet":"max-snippet:-1","max-image-preview":"max-image-preview:large","max-video-preview":"max-video-preview:-1"},"canonical":"https:\/\/www.heartfailurematters.org\/es\/lo-que-pueden-hacer-su-medico-o-enfermero\/betabloqueantes\/","og_locale":"es_ES","og_type":"article","og_title":"Betabloqueantes y tratamiento de la insuficiencia card\u00edaca","og_description":"Descubra m\u00e1s informaci\u00f3n sobre los betabloqueantes para la insuficiencia card\u00edaca, qu\u00e9 son, c\u00f3mo pueden ayudar y cu\u00e1les son los posibles efectos secundarios.","og_url":"https:\/\/www.heartfailurematters.org\/es\/lo-que-pueden-hacer-su-medico-o-enfermero\/betabloqueantes\/","og_site_name":"Heart Failure Matters","article_publisher":"https:\/\/www.facebook.com\/heartfailurematters","article_modified_time":"2026-01-16T14:19:05+00:00","og_image":[{"width":900,"height":596,"url":"https:\/\/www.heartfailurematters.org\/wp-content\/uploads\/2022\/03\/shutterstock_441673426-1-min.jpg","type":"image\/jpeg"}],"twitter_card":"summary_large_image","twitter_misc":{"Tiempo de lectura":"3 minutos"},"schema":{"@context":"https:\/\/schema.org","@graph":[{"@type":"WebPage","@id":"https:\/\/www.heartfailurematters.org\/es\/lo-que-pueden-hacer-su-medico-o-enfermero\/betabloqueantes\/","url":"https:\/\/www.heartfailurematters.org\/es\/lo-que-pueden-hacer-su-medico-o-enfermero\/betabloqueantes\/","name":"Betabloqueantes y tratamiento de la insuficiencia card\u00edaca","isPartOf":{"@id":"https:\/\/www.heartfailurematters.org\/es\/#website"},"primaryImageOfPage":{"@id":"https:\/\/www.heartfailurematters.org\/es\/lo-que-pueden-hacer-su-medico-o-enfermero\/betabloqueantes\/#primaryimage"},"image":{"@id":"https:\/\/www.heartfailurematters.org\/es\/lo-que-pueden-hacer-su-medico-o-enfermero\/betabloqueantes\/#primaryimage"},"thumbnailUrl":"https:\/\/www.heartfailurematters.org\/wp-content\/uploads\/2022\/03\/shutterstock_441673426-1-min.jpg","datePublished":"2021-01-27T22:09:26+00:00","dateModified":"2026-01-16T14:19:05+00:00","description":"Descubra m\u00e1s informaci\u00f3n sobre los betabloqueantes para la insuficiencia card\u00edaca, qu\u00e9 son, c\u00f3mo pueden ayudar y cu\u00e1les son los posibles efectos secundarios.","breadcrumb":{"@id":"https:\/\/www.heartfailurematters.org\/es\/lo-que-pueden-hacer-su-medico-o-enfermero\/betabloqueantes\/#breadcrumb"},"inLanguage":"es","potentialAction":[{"@type":"ReadAction","target":["https:\/\/www.heartfailurematters.org\/es\/lo-que-pueden-hacer-su-medico-o-enfermero\/betabloqueantes\/"]}]},{"@type":"ImageObject","inLanguage":"es","@id":"https:\/\/www.heartfailurematters.org\/es\/lo-que-pueden-hacer-su-medico-o-enfermero\/betabloqueantes\/#primaryimage","url":"https:\/\/www.heartfailurematters.org\/wp-content\/uploads\/2022\/03\/shutterstock_441673426-1-min.jpg","contentUrl":"https:\/\/www.heartfailurematters.org\/wp-content\/uploads\/2022\/03\/shutterstock_441673426-1-min.jpg","width":900,"height":596},{"@type":"BreadcrumbList","@id":"https:\/\/www.heartfailurematters.org\/es\/lo-que-pueden-hacer-su-medico-o-enfermero\/betabloqueantes\/#breadcrumb","itemListElement":[{"@type":"ListItem","position":1,"name":"Inicio","item":"https:\/\/www.heartfailurematters.org\/es\/"},{"@type":"ListItem","position":2,"name":"\u00bfQu\u00e9 puede hacer su m\u00e9dico?","item":"https:\/\/www.heartfailurematters.org\/es\/lo-que-pueden-hacer-su-medico-o-enfermero\/"},{"@type":"ListItem","position":3,"name":"Betabloqueantes"}]},{"@type":"WebSite","@id":"https:\/\/www.heartfailurematters.org\/es\/#website","url":"https:\/\/www.heartfailurematters.org\/es\/","name":"Heart Failure Matters","description":"Practical information for patients, families and caregivers.","publisher":{"@id":"https:\/\/www.heartfailurematters.org\/es\/#organization"},"potentialAction":[{"@type":"SearchAction","target":{"@type":"EntryPoint","urlTemplate":"https:\/\/www.heartfailurematters.org\/es\/?s={search_term_string}"},"query-input":{"@type":"PropertyValueSpecification","valueRequired":true,"valueName":"search_term_string"}}],"inLanguage":"es"},{"@type":"Organization","@id":"https:\/\/www.heartfailurematters.org\/es\/#organization","name":"Heart Failure Matters","url":"https:\/\/www.heartfailurematters.org\/es\/","logo":{"@type":"ImageObject","inLanguage":"es","@id":"https:\/\/www.heartfailurematters.org\/es\/#\/schema\/logo\/image\/","url":"https:\/\/cdn-endpoint-hfm.azureedge.net\/heartfailurematters\/2024\/07\/hfm-logo1.jpg","contentUrl":"https:\/\/cdn-endpoint-hfm.azureedge.net\/heartfailurematters\/2024\/07\/hfm-logo1.jpg","width":1280,"height":720,"caption":"Heart Failure Matters"},"image":{"@id":"https:\/\/www.heartfailurematters.org\/es\/#\/schema\/logo\/image\/"},"sameAs":["https:\/\/www.facebook.com\/heartfailurematters"]}]}},"_links":{"self":[{"href":"https:\/\/www.heartfailurematters.org\/es\/wp-json\/wp\/v2\/pages\/2306","targetHints":{"allow":["GET"]}}],"collection":[{"href":"https:\/\/www.heartfailurematters.org\/es\/wp-json\/wp\/v2\/pages"}],"about":[{"href":"https:\/\/www.heartfailurematters.org\/es\/wp-json\/wp\/v2\/types\/page"}],"author":[{"embeddable":true,"href":"https:\/\/www.heartfailurematters.org\/es\/wp-json\/wp\/v2\/users\/1"}],"replies":[{"embeddable":true,"href":"https:\/\/www.heartfailurematters.org\/es\/wp-json\/wp\/v2\/comments?post=2306"}],"version-history":[{"count":3,"href":"https:\/\/www.heartfailurematters.org\/es\/wp-json\/wp\/v2\/pages\/2306\/revisions"}],"predecessor-version":[{"id":13817,"href":"https:\/\/www.heartfailurematters.org\/es\/wp-json\/wp\/v2\/pages\/2306\/revisions\/13817"}],"up":[{"embeddable":true,"href":"https:\/\/www.heartfailurematters.org\/es\/wp-json\/wp\/v2\/pages\/2684"}],"wp:featuredmedia":[{"embeddable":true,"href":"https:\/\/www.heartfailurematters.org\/es\/wp-json\/wp\/v2\/media\/10873"}],"wp:attachment":[{"href":"https:\/\/www.heartfailurematters.org\/es\/wp-json\/wp\/v2\/media?parent=2306"}],"wp:term":[{"taxonomy":"category","embeddable":true,"href":"https:\/\/www.heartfailurematters.org\/es\/wp-json\/wp\/v2\/categories?post=2306"},{"taxonomy":"post_tag","embeddable":true,"href":"https:\/\/www.heartfailurematters.org\/es\/wp-json\/wp\/v2\/tags?post=2306"}],"curies":[{"name":"wp","href":"https:\/\/api.w.org\/{rel}","templated":true}]}}