{"id":2294,"date":"2021-01-27T22:09:18","date_gmt":"2021-01-27T22:09:18","guid":{"rendered":"http:\/\/heartfailurematters.local:8888\/testamento-vital\/"},"modified":"2021-08-12T11:06:41","modified_gmt":"2021-08-12T10:06:41","slug":"testamento-vital","status":"publish","type":"page","link":"https:\/\/www.heartfailurematters.org\/es\/vivir-con-insuficiencia-cardiaca\/testamento-vital\/","title":{"rendered":"Testamento vital"},"content":{"rendered":"<p>El <a class=\"addtooltip\" title=\"A document that details the circumstances under which you would not want to receive life-prolonging medical treatment if you became seriously ill in the future and were incapable of making your own healthcare decisions. \"><strong title=\"\">testamento vital<\/strong><\/a> es un documento legal por el que una persona que puede quedar incapacitada para participar en las decisiones terap\u00e9uticas expresa por adelantado sus deseos con respecto al tratamiento de mantenimiento vital. Orienta al equipo m\u00e9dico y permite al paciente establecer l\u00edmites en cuanto a lo que se debe hacer en determinadas situaciones. Es posible personalizar su testamento vital incluyendo declaraciones espec\u00edficas acerca del uso de los tratamientos m\u00e9dicos que pueden aplicarse a su enfermedad, por ejemplo, <a class=\"addtooltip\" title=\"A life-saving procedure which involves manual chest compressions to keep the heart pumping and mouth-to-mouth breathing to maintain respiration. \"><strong title=\"\">reanimaci\u00f3n cardiopulmonar<\/strong><\/a> (RCP), <strong>respiraci\u00f3n mec\u00e1nica <\/strong> y cirug\u00eda.<\/p>\n<p>Como el testamento vital es un documento legal, debe elaborarse con la ayuda de un abogado. Conforme var\u00ede su estado de salud, es importante revisar las decisiones expresadas en el testamento vital y asegurarse de que reflejan sus deseos actuales.<\/p>\n<p><a title=\"Return to Planning for the end of life\" href=\"https:\/\/www.heartfailurematters.org\/es\/vivir-con-insuficiencia-cardiaca\/planificar-el-final-de-la-vida\/\">Volver a Planificar el final de la vida<\/a><\/p>\n","protected":false},"excerpt":{"rendered":"<p>El testamento vital es un documento legal por el que una persona que puede quedar incapacitada para participar en las decisiones terap\u00e9uticas expresa por adelantado sus deseos con respecto al tratamiento de mantenimiento vital. Orienta al equipo m\u00e9dico y permite al paciente establecer l\u00edmites en cuanto a lo que se debe hacer en determinadas situaciones. [&hellip;]<\/p>\n","protected":false},"author":1,"featured_media":11161,"parent":2817,"menu_order":0,"comment_status":"open","ping_status":"open","template":"","meta":{"_acf_changed":false,"footnotes":""},"categories":[],"tags":[],"class_list":["post-2294","page","type-page","status-publish","has-post-thumbnail","hentry"],"acf":[],"yoast_head":"<!-- This site is optimized with the Yoast SEO plugin v24.8.1 - https:\/\/yoast.com\/wordpress\/plugins\/seo\/ -->\n<title>Testamento vital - Heart Failure Matters<\/title>\n<meta name=\"description\" content=\"Un testamento vital es un documento jur\u00eddico que permite, a una persona que puede verse incapacitada para tomar decisiones con respecto a su atenci\u00f3n sanitaria, manifestar de antemano sus deseos sobre el tratamiento para el mantenimiento de la vida.\" \/>\n<meta name=\"robots\" content=\"index, follow, max-snippet:-1, max-image-preview:large, max-video-preview:-1\" \/>\n<link rel=\"canonical\" href=\"https:\/\/www.heartfailurematters.org\/es\/vivir-con-insuficiencia-cardiaca\/testamento-vital\/\" \/>\n<meta property=\"og:locale\" content=\"es_ES\" \/>\n<meta property=\"og:type\" content=\"article\" \/>\n<meta property=\"og:title\" content=\"Testamento vital - Heart Failure Matters\" \/>\n<meta property=\"og:description\" content=\"Un testamento vital es un documento jur\u00eddico que permite, a una persona que puede verse incapacitada para tomar decisiones con respecto a su atenci\u00f3n sanitaria, manifestar de antemano sus deseos sobre el tratamiento para el mantenimiento de la vida.\" \/>\n<meta property=\"og:url\" content=\"https:\/\/www.heartfailurematters.org\/es\/vivir-con-insuficiencia-cardiaca\/testamento-vital\/\" \/>\n<meta property=\"og:site_name\" content=\"Heart Failure Matters\" \/>\n<meta property=\"article:publisher\" content=\"https:\/\/www.facebook.com\/heartfailurematters\" \/>\n<meta property=\"article:modified_time\" content=\"2021-08-12T10:06:41+00:00\" \/>\n<meta property=\"og:image\" content=\"https:\/\/www.heartfailurematters.org\/wp-content\/uploads\/2022\/03\/shutterstock_1544093657-1-min.jpg\" \/>\n\t<meta property=\"og:image:width\" content=\"900\" \/>\n\t<meta property=\"og:image:height\" content=\"600\" \/>\n\t<meta property=\"og:image:type\" content=\"image\/jpeg\" \/>\n<meta name=\"twitter:card\" content=\"summary_large_image\" \/>\n<meta name=\"twitter:label1\" content=\"Tiempo de lectura\" \/>\n\t<meta name=\"twitter:data1\" content=\"1 minuto\" \/>\n<script type=\"application\/ld+json\" class=\"yoast-schema-graph\">{\"@context\":\"https:\/\/schema.org\",\"@graph\":[{\"@type\":\"WebPage\",\"@id\":\"https:\/\/www.heartfailurematters.org\/es\/vivir-con-insuficiencia-cardiaca\/testamento-vital\/\",\"url\":\"https:\/\/www.heartfailurematters.org\/es\/vivir-con-insuficiencia-cardiaca\/testamento-vital\/\",\"name\":\"Testamento vital - Heart Failure Matters\",\"isPartOf\":{\"@id\":\"https:\/\/www.heartfailurematters.org\/es\/#website\"},\"primaryImageOfPage\":{\"@id\":\"https:\/\/www.heartfailurematters.org\/es\/vivir-con-insuficiencia-cardiaca\/testamento-vital\/#primaryimage\"},\"image\":{\"@id\":\"https:\/\/www.heartfailurematters.org\/es\/vivir-con-insuficiencia-cardiaca\/testamento-vital\/#primaryimage\"},\"thumbnailUrl\":\"https:\/\/www.heartfailurematters.org\/wp-content\/uploads\/2022\/03\/shutterstock_1544093657-1-min.jpg\",\"datePublished\":\"2021-01-27T22:09:18+00:00\",\"dateModified\":\"2021-08-12T10:06:41+00:00\",\"description\":\"Un testamento vital es un documento jur\u00eddico que permite, a una persona que puede verse incapacitada para tomar decisiones con respecto a su atenci\u00f3n sanitaria, manifestar de antemano sus deseos sobre el tratamiento para el mantenimiento de la vida.\",\"breadcrumb\":{\"@id\":\"https:\/\/www.heartfailurematters.org\/es\/vivir-con-insuficiencia-cardiaca\/testamento-vital\/#breadcrumb\"},\"inLanguage\":\"es\",\"potentialAction\":[{\"@type\":\"ReadAction\",\"target\":[\"https:\/\/www.heartfailurematters.org\/es\/vivir-con-insuficiencia-cardiaca\/testamento-vital\/\"]}]},{\"@type\":\"ImageObject\",\"inLanguage\":\"es\",\"@id\":\"https:\/\/www.heartfailurematters.org\/es\/vivir-con-insuficiencia-cardiaca\/testamento-vital\/#primaryimage\",\"url\":\"https:\/\/www.heartfailurematters.org\/wp-content\/uploads\/2022\/03\/shutterstock_1544093657-1-min.jpg\",\"contentUrl\":\"https:\/\/www.heartfailurematters.org\/wp-content\/uploads\/2022\/03\/shutterstock_1544093657-1-min.jpg\",\"width\":900,\"height\":600},{\"@type\":\"BreadcrumbList\",\"@id\":\"https:\/\/www.heartfailurematters.org\/es\/vivir-con-insuficiencia-cardiaca\/testamento-vital\/#breadcrumb\",\"itemListElement\":[{\"@type\":\"ListItem\",\"position\":1,\"name\":\"Inicio\",\"item\":\"https:\/\/www.heartfailurematters.org\/es\/\"},{\"@type\":\"ListItem\",\"position\":2,\"name\":\"Vivir con insuficiencia card\u00edaca\",\"item\":\"https:\/\/www.heartfailurematters.org\/es\/vivir-con-insuficiencia-cardiaca\/\"},{\"@type\":\"ListItem\",\"position\":3,\"name\":\"Testamento vital\"}]},{\"@type\":\"WebSite\",\"@id\":\"https:\/\/www.heartfailurematters.org\/es\/#website\",\"url\":\"https:\/\/www.heartfailurematters.org\/es\/\",\"name\":\"Heart Failure Matters\",\"description\":\"Practical information for patients, families and caregivers.\",\"publisher\":{\"@id\":\"https:\/\/www.heartfailurematters.org\/es\/#organization\"},\"potentialAction\":[{\"@type\":\"SearchAction\",\"target\":{\"@type\":\"EntryPoint\",\"urlTemplate\":\"https:\/\/www.heartfailurematters.org\/es\/?s={search_term_string}\"},\"query-input\":{\"@type\":\"PropertyValueSpecification\",\"valueRequired\":true,\"valueName\":\"search_term_string\"}}],\"inLanguage\":\"es\"},{\"@type\":\"Organization\",\"@id\":\"https:\/\/www.heartfailurematters.org\/es\/#organization\",\"name\":\"Heart Failure Matters\",\"url\":\"https:\/\/www.heartfailurematters.org\/es\/\",\"logo\":{\"@type\":\"ImageObject\",\"inLanguage\":\"es\",\"@id\":\"https:\/\/www.heartfailurematters.org\/es\/#\/schema\/logo\/image\/\",\"url\":\"https:\/\/cdn-endpoint-hfm.azureedge.net\/heartfailurematters\/2024\/07\/hfm-logo1.jpg\",\"contentUrl\":\"https:\/\/cdn-endpoint-hfm.azureedge.net\/heartfailurematters\/2024\/07\/hfm-logo1.jpg\",\"width\":1280,\"height\":720,\"caption\":\"Heart Failure Matters\"},\"image\":{\"@id\":\"https:\/\/www.heartfailurematters.org\/es\/#\/schema\/logo\/image\/\"},\"sameAs\":[\"https:\/\/www.facebook.com\/heartfailurematters\"]}]}<\/script>\n<!-- \/ Yoast SEO plugin. -->","yoast_head_json":{"title":"Testamento vital - Heart Failure Matters","description":"Un testamento vital es un documento jur\u00eddico que permite, a una persona que puede verse incapacitada para tomar decisiones con respecto a su atenci\u00f3n sanitaria, manifestar de antemano sus deseos sobre el tratamiento para el mantenimiento de la vida.","robots":{"index":"index","follow":"follow","max-snippet":"max-snippet:-1","max-image-preview":"max-image-preview:large","max-video-preview":"max-video-preview:-1"},"canonical":"https:\/\/www.heartfailurematters.org\/es\/vivir-con-insuficiencia-cardiaca\/testamento-vital\/","og_locale":"es_ES","og_type":"article","og_title":"Testamento vital - Heart Failure Matters","og_description":"Un testamento vital es un documento jur\u00eddico que permite, a una persona que puede verse incapacitada para tomar decisiones con respecto a su atenci\u00f3n sanitaria, manifestar de antemano sus deseos sobre el tratamiento para el mantenimiento de la vida.","og_url":"https:\/\/www.heartfailurematters.org\/es\/vivir-con-insuficiencia-cardiaca\/testamento-vital\/","og_site_name":"Heart Failure Matters","article_publisher":"https:\/\/www.facebook.com\/heartfailurematters","article_modified_time":"2021-08-12T10:06:41+00:00","og_image":[{"width":900,"height":600,"url":"https:\/\/www.heartfailurematters.org\/wp-content\/uploads\/2022\/03\/shutterstock_1544093657-1-min.jpg","type":"image\/jpeg"}],"twitter_card":"summary_large_image","twitter_misc":{"Tiempo de lectura":"1 minuto"},"schema":{"@context":"https:\/\/schema.org","@graph":[{"@type":"WebPage","@id":"https:\/\/www.heartfailurematters.org\/es\/vivir-con-insuficiencia-cardiaca\/testamento-vital\/","url":"https:\/\/www.heartfailurematters.org\/es\/vivir-con-insuficiencia-cardiaca\/testamento-vital\/","name":"Testamento vital - Heart Failure Matters","isPartOf":{"@id":"https:\/\/www.heartfailurematters.org\/es\/#website"},"primaryImageOfPage":{"@id":"https:\/\/www.heartfailurematters.org\/es\/vivir-con-insuficiencia-cardiaca\/testamento-vital\/#primaryimage"},"image":{"@id":"https:\/\/www.heartfailurematters.org\/es\/vivir-con-insuficiencia-cardiaca\/testamento-vital\/#primaryimage"},"thumbnailUrl":"https:\/\/www.heartfailurematters.org\/wp-content\/uploads\/2022\/03\/shutterstock_1544093657-1-min.jpg","datePublished":"2021-01-27T22:09:18+00:00","dateModified":"2021-08-12T10:06:41+00:00","description":"Un testamento vital es un documento jur\u00eddico que permite, a una persona que puede verse incapacitada para tomar decisiones con respecto a su atenci\u00f3n sanitaria, manifestar de antemano sus deseos sobre el tratamiento para el mantenimiento de la vida.","breadcrumb":{"@id":"https:\/\/www.heartfailurematters.org\/es\/vivir-con-insuficiencia-cardiaca\/testamento-vital\/#breadcrumb"},"inLanguage":"es","potentialAction":[{"@type":"ReadAction","target":["https:\/\/www.heartfailurematters.org\/es\/vivir-con-insuficiencia-cardiaca\/testamento-vital\/"]}]},{"@type":"ImageObject","inLanguage":"es","@id":"https:\/\/www.heartfailurematters.org\/es\/vivir-con-insuficiencia-cardiaca\/testamento-vital\/#primaryimage","url":"https:\/\/www.heartfailurematters.org\/wp-content\/uploads\/2022\/03\/shutterstock_1544093657-1-min.jpg","contentUrl":"https:\/\/www.heartfailurematters.org\/wp-content\/uploads\/2022\/03\/shutterstock_1544093657-1-min.jpg","width":900,"height":600},{"@type":"BreadcrumbList","@id":"https:\/\/www.heartfailurematters.org\/es\/vivir-con-insuficiencia-cardiaca\/testamento-vital\/#breadcrumb","itemListElement":[{"@type":"ListItem","position":1,"name":"Inicio","item":"https:\/\/www.heartfailurematters.org\/es\/"},{"@type":"ListItem","position":2,"name":"Vivir con insuficiencia card\u00edaca","item":"https:\/\/www.heartfailurematters.org\/es\/vivir-con-insuficiencia-cardiaca\/"},{"@type":"ListItem","position":3,"name":"Testamento vital"}]},{"@type":"WebSite","@id":"https:\/\/www.heartfailurematters.org\/es\/#website","url":"https:\/\/www.heartfailurematters.org\/es\/","name":"Heart Failure Matters","description":"Practical information for patients, families and caregivers.","publisher":{"@id":"https:\/\/www.heartfailurematters.org\/es\/#organization"},"potentialAction":[{"@type":"SearchAction","target":{"@type":"EntryPoint","urlTemplate":"https:\/\/www.heartfailurematters.org\/es\/?s={search_term_string}"},"query-input":{"@type":"PropertyValueSpecification","valueRequired":true,"valueName":"search_term_string"}}],"inLanguage":"es"},{"@type":"Organization","@id":"https:\/\/www.heartfailurematters.org\/es\/#organization","name":"Heart Failure Matters","url":"https:\/\/www.heartfailurematters.org\/es\/","logo":{"@type":"ImageObject","inLanguage":"es","@id":"https:\/\/www.heartfailurematters.org\/es\/#\/schema\/logo\/image\/","url":"https:\/\/cdn-endpoint-hfm.azureedge.net\/heartfailurematters\/2024\/07\/hfm-logo1.jpg","contentUrl":"https:\/\/cdn-endpoint-hfm.azureedge.net\/heartfailurematters\/2024\/07\/hfm-logo1.jpg","width":1280,"height":720,"caption":"Heart Failure Matters"},"image":{"@id":"https:\/\/www.heartfailurematters.org\/es\/#\/schema\/logo\/image\/"},"sameAs":["https:\/\/www.facebook.com\/heartfailurematters"]}]}},"_links":{"self":[{"href":"https:\/\/www.heartfailurematters.org\/es\/wp-json\/wp\/v2\/pages\/2294","targetHints":{"allow":["GET"]}}],"collection":[{"href":"https:\/\/www.heartfailurematters.org\/es\/wp-json\/wp\/v2\/pages"}],"about":[{"href":"https:\/\/www.heartfailurematters.org\/es\/wp-json\/wp\/v2\/types\/page"}],"author":[{"embeddable":true,"href":"https:\/\/www.heartfailurematters.org\/es\/wp-json\/wp\/v2\/users\/1"}],"replies":[{"embeddable":true,"href":"https:\/\/www.heartfailurematters.org\/es\/wp-json\/wp\/v2\/comments?post=2294"}],"version-history":[{"count":1,"href":"https:\/\/www.heartfailurematters.org\/es\/wp-json\/wp\/v2\/pages\/2294\/revisions"}],"predecessor-version":[{"id":9813,"href":"https:\/\/www.heartfailurematters.org\/es\/wp-json\/wp\/v2\/pages\/2294\/revisions\/9813"}],"up":[{"embeddable":true,"href":"https:\/\/www.heartfailurematters.org\/es\/wp-json\/wp\/v2\/pages\/2817"}],"wp:featuredmedia":[{"embeddable":true,"href":"https:\/\/www.heartfailurematters.org\/es\/wp-json\/wp\/v2\/media\/11161"}],"wp:attachment":[{"href":"https:\/\/www.heartfailurematters.org\/es\/wp-json\/wp\/v2\/media?parent=2294"}],"wp:term":[{"taxonomy":"category","embeddable":true,"href":"https:\/\/www.heartfailurematters.org\/es\/wp-json\/wp\/v2\/categories?post=2294"},{"taxonomy":"post_tag","embeddable":true,"href":"https:\/\/www.heartfailurematters.org\/es\/wp-json\/wp\/v2\/tags?post=2294"}],"curies":[{"name":"wp","href":"https:\/\/api.w.org\/{rel}","templated":true}]}}