{"id":2292,"date":"2021-01-27T22:09:18","date_gmt":"2021-01-27T22:09:18","guid":{"rendered":"http:\/\/heartfailurematters.local:8888\/angiografia\/"},"modified":"2021-02-07T11:31:18","modified_gmt":"2021-02-07T11:31:18","slug":"angiografia","status":"publish","type":"page","link":"https:\/\/www.heartfailurematters.org\/es\/lo-que-pueden-hacer-su-medico-o-enfermero\/angiografia\/","title":{"rendered":"Angiograf\u00eda"},"content":{"rendered":"<h2>\u00bfPor qu\u00e9 se hace?<\/h2>\n<p><a class=\"addtooltip\" title=\"Prueba en la que se inyecta un contraste l\u00edquido visible con rayos X para detectar obstrucciones de las arterias coronarias.\"><strong>Angiograf\u00eda<\/strong><\/a> es una exploraci\u00f3n radiol\u00f3gica que investiga el flujo sangu\u00edneo en las venas, las arterias y las cavidades card\u00edacas. <a class=\"addtooltip\" title=\"Prueba en la que se inyecta un contraste l\u00edquido visible con rayos X para detectar obstrucciones de las arterias coronarias.\"><strong>Angiograf\u00eda<\/strong><\/a> Se puede emplear para identificar los lugares de estrechamiento u obstrucci\u00f3n en las arterias y tambi\u00e9n puede revelar co\u00e1gulos de sangre, dep\u00f3sitos de calcio o cualquier debilitamiento o abultamiento de las paredes arteriales (<a class=\"addtooltip\" title=\"Bolsa llena de sangre que se forma en una parte debilitada de un vaso sangu\u00edneo.\"><strong>aneurismas<\/strong><\/a>). A menudo se necesita una angiograf\u00eda para decidir el tratamiento de su insuficiencia card\u00edaca.<\/p>\n<h2>\u00bfEn qu\u00e9 consiste?<\/h2>\n<p>Se introduce un tubo hueco fino y flexible (<a class=\"addtooltip\" title=\"Tubo fino y flexible que se utiliza en muchas intervenciones.\"><strong>cat\u00e9ter<\/strong><\/a>) en un vaso sangu\u00edneo de la ingle o del brazo. Se coloca la punta del tubo en el coraz\u00f3n o en la entrada de las arterias que lo riegan, antes de inyectar un contraste especial, visible con rayos X. Las im\u00e1genes obtenidas se denominan angiograf\u00edas.<\/p>\n<h2>Preguntas para su m\u00e9dico:<\/h2>\n<ul>\n<li>\u00bfCu\u00e1les son los riesgos del procedimiento?<\/li>\n<li>\u00bfCu\u00e1nto dura el procedimiento?<\/li>\n<li>\u00bfTengo que hacer algo para prepararme para la angiograf\u00eda, es decir, puedo comer y beber?<\/li>\n<\/ul>\n<p><a href=\"https:\/\/www.heartfailurematters.org\/es\/lo-que-pueden-hacer-su-medico-o-enfermero\/otros-procedimientos\/\">Volver a Otros procedimientos<\/a><\/p>\n","protected":false},"excerpt":{"rendered":"<p>\u00bfPor qu\u00e9 se hace? Angiograf\u00eda es una exploraci\u00f3n radiol\u00f3gica que investiga el flujo sangu\u00edneo en las venas, las arterias y las cavidades card\u00edacas. Angiograf\u00eda Se puede emplear para identificar los lugares de estrechamiento u obstrucci\u00f3n en las arterias y tambi\u00e9n puede revelar co\u00e1gulos de sangre, dep\u00f3sitos de calcio o cualquier debilitamiento o abultamiento de las [&hellip;]<\/p>\n","protected":false},"author":1,"featured_media":10691,"parent":2684,"menu_order":0,"comment_status":"open","ping_status":"open","template":"","meta":{"_acf_changed":false,"footnotes":""},"categories":[],"tags":[],"class_list":["post-2292","page","type-page","status-publish","has-post-thumbnail","hentry"],"acf":[],"yoast_head":"<!-- This site is optimized with the Yoast SEO plugin v24.8.1 - https:\/\/yoast.com\/wordpress\/plugins\/seo\/ -->\n<title>Angiograf\u00eda - Heart Failure Matters<\/title>\n<meta name=\"description\" content=\"Una angiograf\u00eda es una exploraci\u00f3n mediante rayos X de las venas, la arterias y las c\u00e1maras card\u00edacas que muestra el flujo sangu\u00edneo. M\u00e1s informaci\u00f3n\" \/>\n<meta name=\"robots\" content=\"index, follow, max-snippet:-1, max-image-preview:large, max-video-preview:-1\" \/>\n<link rel=\"canonical\" href=\"https:\/\/www.heartfailurematters.org\/es\/lo-que-pueden-hacer-su-medico-o-enfermero\/angiografia\/\" \/>\n<meta property=\"og:locale\" content=\"es_ES\" \/>\n<meta property=\"og:type\" content=\"article\" \/>\n<meta property=\"og:title\" content=\"Angiograf\u00eda - Heart Failure Matters\" \/>\n<meta property=\"og:description\" content=\"Una angiograf\u00eda es una exploraci\u00f3n mediante rayos X de las venas, la arterias y las c\u00e1maras card\u00edacas que muestra el flujo sangu\u00edneo. M\u00e1s informaci\u00f3n\" \/>\n<meta property=\"og:url\" content=\"https:\/\/www.heartfailurematters.org\/es\/lo-que-pueden-hacer-su-medico-o-enfermero\/angiografia\/\" \/>\n<meta property=\"og:site_name\" content=\"Heart Failure Matters\" \/>\n<meta property=\"article:publisher\" content=\"https:\/\/www.facebook.com\/heartfailurematters\" \/>\n<meta property=\"article:modified_time\" content=\"2021-02-07T11:31:18+00:00\" \/>\n<meta property=\"og:image\" content=\"https:\/\/www.heartfailurematters.org\/wp-content\/uploads\/2022\/02\/shutterstock_26945083-1-min.jpg\" \/>\n\t<meta property=\"og:image:width\" content=\"900\" \/>\n\t<meta property=\"og:image:height\" content=\"600\" \/>\n\t<meta property=\"og:image:type\" content=\"image\/jpeg\" \/>\n<meta name=\"twitter:card\" content=\"summary_large_image\" \/>\n<meta name=\"twitter:label1\" content=\"Tiempo de lectura\" \/>\n\t<meta name=\"twitter:data1\" content=\"1 minuto\" \/>\n<script type=\"application\/ld+json\" class=\"yoast-schema-graph\">{\"@context\":\"https:\/\/schema.org\",\"@graph\":[{\"@type\":\"WebPage\",\"@id\":\"https:\/\/www.heartfailurematters.org\/es\/lo-que-pueden-hacer-su-medico-o-enfermero\/angiografia\/\",\"url\":\"https:\/\/www.heartfailurematters.org\/es\/lo-que-pueden-hacer-su-medico-o-enfermero\/angiografia\/\",\"name\":\"Angiograf\u00eda - Heart Failure Matters\",\"isPartOf\":{\"@id\":\"https:\/\/www.heartfailurematters.org\/es\/#website\"},\"primaryImageOfPage\":{\"@id\":\"https:\/\/www.heartfailurematters.org\/es\/lo-que-pueden-hacer-su-medico-o-enfermero\/angiografia\/#primaryimage\"},\"image\":{\"@id\":\"https:\/\/www.heartfailurematters.org\/es\/lo-que-pueden-hacer-su-medico-o-enfermero\/angiografia\/#primaryimage\"},\"thumbnailUrl\":\"https:\/\/www.heartfailurematters.org\/wp-content\/uploads\/2022\/02\/shutterstock_26945083-1-min.jpg\",\"datePublished\":\"2021-01-27T22:09:18+00:00\",\"dateModified\":\"2021-02-07T11:31:18+00:00\",\"description\":\"Una angiograf\u00eda es una exploraci\u00f3n mediante rayos X de las venas, la arterias y las c\u00e1maras card\u00edacas que muestra el flujo sangu\u00edneo. M\u00e1s informaci\u00f3n\",\"breadcrumb\":{\"@id\":\"https:\/\/www.heartfailurematters.org\/es\/lo-que-pueden-hacer-su-medico-o-enfermero\/angiografia\/#breadcrumb\"},\"inLanguage\":\"es\",\"potentialAction\":[{\"@type\":\"ReadAction\",\"target\":[\"https:\/\/www.heartfailurematters.org\/es\/lo-que-pueden-hacer-su-medico-o-enfermero\/angiografia\/\"]}]},{\"@type\":\"ImageObject\",\"inLanguage\":\"es\",\"@id\":\"https:\/\/www.heartfailurematters.org\/es\/lo-que-pueden-hacer-su-medico-o-enfermero\/angiografia\/#primaryimage\",\"url\":\"https:\/\/www.heartfailurematters.org\/wp-content\/uploads\/2022\/02\/shutterstock_26945083-1-min.jpg\",\"contentUrl\":\"https:\/\/www.heartfailurematters.org\/wp-content\/uploads\/2022\/02\/shutterstock_26945083-1-min.jpg\",\"width\":900,\"height\":600},{\"@type\":\"BreadcrumbList\",\"@id\":\"https:\/\/www.heartfailurematters.org\/es\/lo-que-pueden-hacer-su-medico-o-enfermero\/angiografia\/#breadcrumb\",\"itemListElement\":[{\"@type\":\"ListItem\",\"position\":1,\"name\":\"Inicio\",\"item\":\"https:\/\/www.heartfailurematters.org\/es\/\"},{\"@type\":\"ListItem\",\"position\":2,\"name\":\"\u00bfQu\u00e9 puede hacer su m\u00e9dico?\",\"item\":\"https:\/\/www.heartfailurematters.org\/es\/lo-que-pueden-hacer-su-medico-o-enfermero\/\"},{\"@type\":\"ListItem\",\"position\":3,\"name\":\"Angiograf\u00eda\"}]},{\"@type\":\"WebSite\",\"@id\":\"https:\/\/www.heartfailurematters.org\/es\/#website\",\"url\":\"https:\/\/www.heartfailurematters.org\/es\/\",\"name\":\"Heart Failure Matters\",\"description\":\"Practical information for patients, families and caregivers.\",\"publisher\":{\"@id\":\"https:\/\/www.heartfailurematters.org\/es\/#organization\"},\"potentialAction\":[{\"@type\":\"SearchAction\",\"target\":{\"@type\":\"EntryPoint\",\"urlTemplate\":\"https:\/\/www.heartfailurematters.org\/es\/?s={search_term_string}\"},\"query-input\":{\"@type\":\"PropertyValueSpecification\",\"valueRequired\":true,\"valueName\":\"search_term_string\"}}],\"inLanguage\":\"es\"},{\"@type\":\"Organization\",\"@id\":\"https:\/\/www.heartfailurematters.org\/es\/#organization\",\"name\":\"Heart Failure Matters\",\"url\":\"https:\/\/www.heartfailurematters.org\/es\/\",\"logo\":{\"@type\":\"ImageObject\",\"inLanguage\":\"es\",\"@id\":\"https:\/\/www.heartfailurematters.org\/es\/#\/schema\/logo\/image\/\",\"url\":\"https:\/\/cdn-endpoint-hfm.azureedge.net\/heartfailurematters\/2024\/07\/hfm-logo1.jpg\",\"contentUrl\":\"https:\/\/cdn-endpoint-hfm.azureedge.net\/heartfailurematters\/2024\/07\/hfm-logo1.jpg\",\"width\":1280,\"height\":720,\"caption\":\"Heart Failure Matters\"},\"image\":{\"@id\":\"https:\/\/www.heartfailurematters.org\/es\/#\/schema\/logo\/image\/\"},\"sameAs\":[\"https:\/\/www.facebook.com\/heartfailurematters\"]}]}<\/script>\n<!-- \/ Yoast SEO plugin. -->","yoast_head_json":{"title":"Angiograf\u00eda - Heart Failure Matters","description":"Una angiograf\u00eda es una exploraci\u00f3n mediante rayos X de las venas, la arterias y las c\u00e1maras card\u00edacas que muestra el flujo sangu\u00edneo. M\u00e1s informaci\u00f3n","robots":{"index":"index","follow":"follow","max-snippet":"max-snippet:-1","max-image-preview":"max-image-preview:large","max-video-preview":"max-video-preview:-1"},"canonical":"https:\/\/www.heartfailurematters.org\/es\/lo-que-pueden-hacer-su-medico-o-enfermero\/angiografia\/","og_locale":"es_ES","og_type":"article","og_title":"Angiograf\u00eda - Heart Failure Matters","og_description":"Una angiograf\u00eda es una exploraci\u00f3n mediante rayos X de las venas, la arterias y las c\u00e1maras card\u00edacas que muestra el flujo sangu\u00edneo. M\u00e1s informaci\u00f3n","og_url":"https:\/\/www.heartfailurematters.org\/es\/lo-que-pueden-hacer-su-medico-o-enfermero\/angiografia\/","og_site_name":"Heart Failure Matters","article_publisher":"https:\/\/www.facebook.com\/heartfailurematters","article_modified_time":"2021-02-07T11:31:18+00:00","og_image":[{"width":900,"height":600,"url":"https:\/\/www.heartfailurematters.org\/wp-content\/uploads\/2022\/02\/shutterstock_26945083-1-min.jpg","type":"image\/jpeg"}],"twitter_card":"summary_large_image","twitter_misc":{"Tiempo de lectura":"1 minuto"},"schema":{"@context":"https:\/\/schema.org","@graph":[{"@type":"WebPage","@id":"https:\/\/www.heartfailurematters.org\/es\/lo-que-pueden-hacer-su-medico-o-enfermero\/angiografia\/","url":"https:\/\/www.heartfailurematters.org\/es\/lo-que-pueden-hacer-su-medico-o-enfermero\/angiografia\/","name":"Angiograf\u00eda - Heart Failure Matters","isPartOf":{"@id":"https:\/\/www.heartfailurematters.org\/es\/#website"},"primaryImageOfPage":{"@id":"https:\/\/www.heartfailurematters.org\/es\/lo-que-pueden-hacer-su-medico-o-enfermero\/angiografia\/#primaryimage"},"image":{"@id":"https:\/\/www.heartfailurematters.org\/es\/lo-que-pueden-hacer-su-medico-o-enfermero\/angiografia\/#primaryimage"},"thumbnailUrl":"https:\/\/www.heartfailurematters.org\/wp-content\/uploads\/2022\/02\/shutterstock_26945083-1-min.jpg","datePublished":"2021-01-27T22:09:18+00:00","dateModified":"2021-02-07T11:31:18+00:00","description":"Una angiograf\u00eda es una exploraci\u00f3n mediante rayos X de las venas, la arterias y las c\u00e1maras card\u00edacas que muestra el flujo sangu\u00edneo. M\u00e1s informaci\u00f3n","breadcrumb":{"@id":"https:\/\/www.heartfailurematters.org\/es\/lo-que-pueden-hacer-su-medico-o-enfermero\/angiografia\/#breadcrumb"},"inLanguage":"es","potentialAction":[{"@type":"ReadAction","target":["https:\/\/www.heartfailurematters.org\/es\/lo-que-pueden-hacer-su-medico-o-enfermero\/angiografia\/"]}]},{"@type":"ImageObject","inLanguage":"es","@id":"https:\/\/www.heartfailurematters.org\/es\/lo-que-pueden-hacer-su-medico-o-enfermero\/angiografia\/#primaryimage","url":"https:\/\/www.heartfailurematters.org\/wp-content\/uploads\/2022\/02\/shutterstock_26945083-1-min.jpg","contentUrl":"https:\/\/www.heartfailurematters.org\/wp-content\/uploads\/2022\/02\/shutterstock_26945083-1-min.jpg","width":900,"height":600},{"@type":"BreadcrumbList","@id":"https:\/\/www.heartfailurematters.org\/es\/lo-que-pueden-hacer-su-medico-o-enfermero\/angiografia\/#breadcrumb","itemListElement":[{"@type":"ListItem","position":1,"name":"Inicio","item":"https:\/\/www.heartfailurematters.org\/es\/"},{"@type":"ListItem","position":2,"name":"\u00bfQu\u00e9 puede hacer su m\u00e9dico?","item":"https:\/\/www.heartfailurematters.org\/es\/lo-que-pueden-hacer-su-medico-o-enfermero\/"},{"@type":"ListItem","position":3,"name":"Angiograf\u00eda"}]},{"@type":"WebSite","@id":"https:\/\/www.heartfailurematters.org\/es\/#website","url":"https:\/\/www.heartfailurematters.org\/es\/","name":"Heart Failure Matters","description":"Practical information for patients, families and caregivers.","publisher":{"@id":"https:\/\/www.heartfailurematters.org\/es\/#organization"},"potentialAction":[{"@type":"SearchAction","target":{"@type":"EntryPoint","urlTemplate":"https:\/\/www.heartfailurematters.org\/es\/?s={search_term_string}"},"query-input":{"@type":"PropertyValueSpecification","valueRequired":true,"valueName":"search_term_string"}}],"inLanguage":"es"},{"@type":"Organization","@id":"https:\/\/www.heartfailurematters.org\/es\/#organization","name":"Heart Failure Matters","url":"https:\/\/www.heartfailurematters.org\/es\/","logo":{"@type":"ImageObject","inLanguage":"es","@id":"https:\/\/www.heartfailurematters.org\/es\/#\/schema\/logo\/image\/","url":"https:\/\/cdn-endpoint-hfm.azureedge.net\/heartfailurematters\/2024\/07\/hfm-logo1.jpg","contentUrl":"https:\/\/cdn-endpoint-hfm.azureedge.net\/heartfailurematters\/2024\/07\/hfm-logo1.jpg","width":1280,"height":720,"caption":"Heart Failure Matters"},"image":{"@id":"https:\/\/www.heartfailurematters.org\/es\/#\/schema\/logo\/image\/"},"sameAs":["https:\/\/www.facebook.com\/heartfailurematters"]}]}},"_links":{"self":[{"href":"https:\/\/www.heartfailurematters.org\/es\/wp-json\/wp\/v2\/pages\/2292","targetHints":{"allow":["GET"]}}],"collection":[{"href":"https:\/\/www.heartfailurematters.org\/es\/wp-json\/wp\/v2\/pages"}],"about":[{"href":"https:\/\/www.heartfailurematters.org\/es\/wp-json\/wp\/v2\/types\/page"}],"author":[{"embeddable":true,"href":"https:\/\/www.heartfailurematters.org\/es\/wp-json\/wp\/v2\/users\/1"}],"replies":[{"embeddable":true,"href":"https:\/\/www.heartfailurematters.org\/es\/wp-json\/wp\/v2\/comments?post=2292"}],"version-history":[{"count":2,"href":"https:\/\/www.heartfailurematters.org\/es\/wp-json\/wp\/v2\/pages\/2292\/revisions"}],"predecessor-version":[{"id":4643,"href":"https:\/\/www.heartfailurematters.org\/es\/wp-json\/wp\/v2\/pages\/2292\/revisions\/4643"}],"up":[{"embeddable":true,"href":"https:\/\/www.heartfailurematters.org\/es\/wp-json\/wp\/v2\/pages\/2684"}],"wp:featuredmedia":[{"embeddable":true,"href":"https:\/\/www.heartfailurematters.org\/es\/wp-json\/wp\/v2\/media\/10691"}],"wp:attachment":[{"href":"https:\/\/www.heartfailurematters.org\/es\/wp-json\/wp\/v2\/media?parent=2292"}],"wp:term":[{"taxonomy":"category","embeddable":true,"href":"https:\/\/www.heartfailurematters.org\/es\/wp-json\/wp\/v2\/categories?post=2292"},{"taxonomy":"post_tag","embeddable":true,"href":"https:\/\/www.heartfailurematters.org\/es\/wp-json\/wp\/v2\/tags?post=2292"}],"curies":[{"name":"wp","href":"https:\/\/api.w.org\/{rel}","templated":true}]}}