{"id":2291,"date":"2021-01-27T22:09:18","date_gmt":"2021-01-27T22:09:18","guid":{"rendered":"http:\/\/heartfailurematters.local:8888\/pruebas-de-funcion-pulmonar\/"},"modified":"2022-01-25T15:52:36","modified_gmt":"2022-01-25T15:52:36","slug":"pruebas-de-funcion-pulmonar","status":"publish","type":"page","link":"https:\/\/www.heartfailurematters.org\/es\/conocer-la-insuficiencia-cardiaca\/pruebas-de-funcion-pulmonar\/","title":{"rendered":"Pruebas de funci\u00f3n pulmonar"},"content":{"rendered":"<p>Como algunas enfermedades pulmonares pueden presentar s\u00edntomas parecidos a los de la insuficiencia card\u00edaca y como las enfermedades pulmonares pueden coincidir con la insuficiencia card\u00edaca, es posible que su m\u00e9dico le prescriba pruebas de funci\u00f3n pulmonar. Las pruebas de funci\u00f3n pulmonar eval\u00faan el funcionamiento de los pulmones. La prueba principal se denomina <a class=\"addtooltip\" title=\"Prueba utilizada para medir el volumen y el flujo de aire que sale y entra en los pulmones.\"><strong>espirometr\u00eda<\/strong><\/a> y mide en qu\u00e9 grado y con qu\u00e9 rapidez se inspira y espira el aire.<\/p>\n<p>En la mayor\u00eda de las pruebas de funci\u00f3n pulmonar se coloca una pinza en la nariz para que el aire no entre ni salga por ese conducto durante la prueba. A continuaci\u00f3n se respira por una boquilla conectada a un aparato de registro (espir\u00f3metro). Seguidamente se dan instrucciones sobre lo que hay que hacer, como inspirar lo m\u00e1s profundamente posible y luego espirar con la mayor fuerza y rapidez posible.<\/p>\n<p>La exactitud de la prueba depende de su capacidad para seguir todas las instrucciones. El responsable de la exploraci\u00f3n le indicar\u00e1 que respire profundamente durante algunas de las pruebas para obtener los mejores resultados.<\/p>\n<p>Es posible que tosa o se maree despu\u00e9s de algunas de las pruebas, pero podr\u00e1 descansar entre ellas. La exploraci\u00f3n dura entre 5 y 15 minutos, dependiendo de cu\u00e1ntas pruebas se hagan.<\/p>\n<p>Los resultados de las pruebas ayudar\u00e1n al m\u00e9dico a:<\/p>\n<ul>\n<li>Decidir la causa de los problemas respiratorios<\/li>\n<li>Diagnosticar cualquier afecci\u00f3n pulmonar que pueda padecer, como <a class=\"addtooltip\" title=\"Enfermedad pulmonar originada habitualmente por el tabaquismo en la que est\u00e1n parcialmente obstruidas las v\u00edas pulmonares, lo que dificulta la respiraci\u00f3n.\"><strong>enfermedad pulmonar obstructiva cr\u00f3nica (EPOC)<\/strong><\/a> o <a class=\"addtooltip\" title=\"Enfermedad respiratoria que estrecha las v\u00edas pulmonares, lo que dificulta especialmente la respiraci\u00f3n.\"><strong>asma<\/strong><\/a><\/li>\n<li>Supervisar el tratamiento de la enfermedad pulmonar.<\/li>\n<\/ul>\n<p><a href=\"https:\/\/www.heartfailurematters.org\/es\/conocer-la-insuficiencia-cardiaca\/pruebas-habituales-para-diagnosticar-la-insuficiencia-cardiaca\/\">Volver a Pruebas habituales para diagnosticar la insuficiencia card\u00edaca <\/a><\/p>\n","protected":false},"excerpt":{"rendered":"<p>Como algunas enfermedades pulmonares pueden presentar s\u00edntomas parecidos a los de la insuficiencia card\u00edaca y como las enfermedades pulmonares pueden coincidir con la insuficiencia card\u00edaca, es posible que su m\u00e9dico le prescriba pruebas de funci\u00f3n pulmonar. Las pruebas de funci\u00f3n pulmonar eval\u00faan el funcionamiento de los pulmones. La prueba principal se denomina espirometr\u00eda y mide [&hellip;]<\/p>\n","protected":false},"author":1,"featured_media":10661,"parent":2155,"menu_order":0,"comment_status":"open","ping_status":"open","template":"","meta":{"_acf_changed":false,"footnotes":""},"categories":[],"tags":[],"class_list":["post-2291","page","type-page","status-publish","has-post-thumbnail","hentry"],"acf":[],"yoast_head":"<!-- This site is optimized with the Yoast SEO plugin v24.8.1 - https:\/\/yoast.com\/wordpress\/plugins\/seo\/ -->\n<title>Pruebas funcionales respiratorias e insuficiencia card\u00edaca<\/title>\n<meta name=\"description\" content=\"Como los s\u00edntomas de ciertas afecciones pulmonares pueden ser similares a los de la insuficiencia card\u00edaca, el m\u00e9dico puede pedirle pruebas de funci\u00f3n pulmonar.\" \/>\n<meta name=\"robots\" content=\"index, follow, max-snippet:-1, max-image-preview:large, max-video-preview:-1\" \/>\n<link rel=\"canonical\" href=\"https:\/\/www.heartfailurematters.org\/es\/conocer-la-insuficiencia-cardiaca\/pruebas-de-funcion-pulmonar\/\" \/>\n<meta property=\"og:locale\" content=\"es_ES\" \/>\n<meta property=\"og:type\" content=\"article\" \/>\n<meta property=\"og:title\" content=\"Pruebas funcionales respiratorias e insuficiencia card\u00edaca\" \/>\n<meta property=\"og:description\" content=\"Como los s\u00edntomas de ciertas afecciones pulmonares pueden ser similares a los de la insuficiencia card\u00edaca, el m\u00e9dico puede pedirle pruebas de funci\u00f3n pulmonar.\" \/>\n<meta property=\"og:url\" content=\"https:\/\/www.heartfailurematters.org\/es\/conocer-la-insuficiencia-cardiaca\/pruebas-de-funcion-pulmonar\/\" \/>\n<meta property=\"og:site_name\" content=\"Heart Failure Matters\" \/>\n<meta property=\"article:publisher\" content=\"https:\/\/www.facebook.com\/heartfailurematters\" \/>\n<meta property=\"article:modified_time\" content=\"2022-01-25T15:52:36+00:00\" \/>\n<meta property=\"og:image\" content=\"https:\/\/www.heartfailurematters.org\/wp-content\/uploads\/2022\/02\/shutterstock_1497378077-1-min.jpg\" \/>\n\t<meta property=\"og:image:width\" content=\"900\" \/>\n\t<meta property=\"og:image:height\" content=\"600\" \/>\n\t<meta property=\"og:image:type\" content=\"image\/jpeg\" \/>\n<meta name=\"twitter:card\" content=\"summary_large_image\" \/>\n<meta name=\"twitter:label1\" content=\"Tiempo de lectura\" \/>\n\t<meta name=\"twitter:data1\" content=\"2 minutos\" \/>\n<script type=\"application\/ld+json\" class=\"yoast-schema-graph\">{\"@context\":\"https:\/\/schema.org\",\"@graph\":[{\"@type\":\"WebPage\",\"@id\":\"https:\/\/www.heartfailurematters.org\/es\/conocer-la-insuficiencia-cardiaca\/pruebas-de-funcion-pulmonar\/\",\"url\":\"https:\/\/www.heartfailurematters.org\/es\/conocer-la-insuficiencia-cardiaca\/pruebas-de-funcion-pulmonar\/\",\"name\":\"Pruebas funcionales respiratorias e insuficiencia card\u00edaca\",\"isPartOf\":{\"@id\":\"https:\/\/www.heartfailurematters.org\/es\/#website\"},\"primaryImageOfPage\":{\"@id\":\"https:\/\/www.heartfailurematters.org\/es\/conocer-la-insuficiencia-cardiaca\/pruebas-de-funcion-pulmonar\/#primaryimage\"},\"image\":{\"@id\":\"https:\/\/www.heartfailurematters.org\/es\/conocer-la-insuficiencia-cardiaca\/pruebas-de-funcion-pulmonar\/#primaryimage\"},\"thumbnailUrl\":\"https:\/\/www.heartfailurematters.org\/wp-content\/uploads\/2022\/02\/shutterstock_1497378077-1-min.jpg\",\"datePublished\":\"2021-01-27T22:09:18+00:00\",\"dateModified\":\"2022-01-25T15:52:36+00:00\",\"description\":\"Como los s\u00edntomas de ciertas afecciones pulmonares pueden ser similares a los de la insuficiencia card\u00edaca, el m\u00e9dico puede pedirle pruebas de funci\u00f3n pulmonar.\",\"breadcrumb\":{\"@id\":\"https:\/\/www.heartfailurematters.org\/es\/conocer-la-insuficiencia-cardiaca\/pruebas-de-funcion-pulmonar\/#breadcrumb\"},\"inLanguage\":\"es\",\"potentialAction\":[{\"@type\":\"ReadAction\",\"target\":[\"https:\/\/www.heartfailurematters.org\/es\/conocer-la-insuficiencia-cardiaca\/pruebas-de-funcion-pulmonar\/\"]}]},{\"@type\":\"ImageObject\",\"inLanguage\":\"es\",\"@id\":\"https:\/\/www.heartfailurematters.org\/es\/conocer-la-insuficiencia-cardiaca\/pruebas-de-funcion-pulmonar\/#primaryimage\",\"url\":\"https:\/\/www.heartfailurematters.org\/wp-content\/uploads\/2022\/02\/shutterstock_1497378077-1-min.jpg\",\"contentUrl\":\"https:\/\/www.heartfailurematters.org\/wp-content\/uploads\/2022\/02\/shutterstock_1497378077-1-min.jpg\",\"width\":900,\"height\":600},{\"@type\":\"BreadcrumbList\",\"@id\":\"https:\/\/www.heartfailurematters.org\/es\/conocer-la-insuficiencia-cardiaca\/pruebas-de-funcion-pulmonar\/#breadcrumb\",\"itemListElement\":[{\"@type\":\"ListItem\",\"position\":1,\"name\":\"Inicio\",\"item\":\"https:\/\/www.heartfailurematters.org\/es\/\"},{\"@type\":\"ListItem\",\"position\":2,\"name\":\"Conocer la insuficiencia card\u00edaca\",\"item\":\"https:\/\/www.heartfailurematters.org\/es\/conocer-la-insuficiencia-cardiaca\/\"},{\"@type\":\"ListItem\",\"position\":3,\"name\":\"Pruebas de funci\u00f3n pulmonar\"}]},{\"@type\":\"WebSite\",\"@id\":\"https:\/\/www.heartfailurematters.org\/es\/#website\",\"url\":\"https:\/\/www.heartfailurematters.org\/es\/\",\"name\":\"Heart Failure Matters\",\"description\":\"Practical information for patients, families and caregivers.\",\"publisher\":{\"@id\":\"https:\/\/www.heartfailurematters.org\/es\/#organization\"},\"potentialAction\":[{\"@type\":\"SearchAction\",\"target\":{\"@type\":\"EntryPoint\",\"urlTemplate\":\"https:\/\/www.heartfailurematters.org\/es\/?s={search_term_string}\"},\"query-input\":{\"@type\":\"PropertyValueSpecification\",\"valueRequired\":true,\"valueName\":\"search_term_string\"}}],\"inLanguage\":\"es\"},{\"@type\":\"Organization\",\"@id\":\"https:\/\/www.heartfailurematters.org\/es\/#organization\",\"name\":\"Heart Failure Matters\",\"url\":\"https:\/\/www.heartfailurematters.org\/es\/\",\"logo\":{\"@type\":\"ImageObject\",\"inLanguage\":\"es\",\"@id\":\"https:\/\/www.heartfailurematters.org\/es\/#\/schema\/logo\/image\/\",\"url\":\"https:\/\/cdn-endpoint-hfm.azureedge.net\/heartfailurematters\/2024\/07\/hfm-logo1.jpg\",\"contentUrl\":\"https:\/\/cdn-endpoint-hfm.azureedge.net\/heartfailurematters\/2024\/07\/hfm-logo1.jpg\",\"width\":1280,\"height\":720,\"caption\":\"Heart Failure Matters\"},\"image\":{\"@id\":\"https:\/\/www.heartfailurematters.org\/es\/#\/schema\/logo\/image\/\"},\"sameAs\":[\"https:\/\/www.facebook.com\/heartfailurematters\"]}]}<\/script>\n<!-- \/ Yoast SEO plugin. -->","yoast_head_json":{"title":"Pruebas funcionales respiratorias e insuficiencia card\u00edaca","description":"Como los s\u00edntomas de ciertas afecciones pulmonares pueden ser similares a los de la insuficiencia card\u00edaca, el m\u00e9dico puede pedirle pruebas de funci\u00f3n pulmonar.","robots":{"index":"index","follow":"follow","max-snippet":"max-snippet:-1","max-image-preview":"max-image-preview:large","max-video-preview":"max-video-preview:-1"},"canonical":"https:\/\/www.heartfailurematters.org\/es\/conocer-la-insuficiencia-cardiaca\/pruebas-de-funcion-pulmonar\/","og_locale":"es_ES","og_type":"article","og_title":"Pruebas funcionales respiratorias e insuficiencia card\u00edaca","og_description":"Como los s\u00edntomas de ciertas afecciones pulmonares pueden ser similares a los de la insuficiencia card\u00edaca, el m\u00e9dico puede pedirle pruebas de funci\u00f3n pulmonar.","og_url":"https:\/\/www.heartfailurematters.org\/es\/conocer-la-insuficiencia-cardiaca\/pruebas-de-funcion-pulmonar\/","og_site_name":"Heart Failure Matters","article_publisher":"https:\/\/www.facebook.com\/heartfailurematters","article_modified_time":"2022-01-25T15:52:36+00:00","og_image":[{"width":900,"height":600,"url":"https:\/\/www.heartfailurematters.org\/wp-content\/uploads\/2022\/02\/shutterstock_1497378077-1-min.jpg","type":"image\/jpeg"}],"twitter_card":"summary_large_image","twitter_misc":{"Tiempo de lectura":"2 minutos"},"schema":{"@context":"https:\/\/schema.org","@graph":[{"@type":"WebPage","@id":"https:\/\/www.heartfailurematters.org\/es\/conocer-la-insuficiencia-cardiaca\/pruebas-de-funcion-pulmonar\/","url":"https:\/\/www.heartfailurematters.org\/es\/conocer-la-insuficiencia-cardiaca\/pruebas-de-funcion-pulmonar\/","name":"Pruebas funcionales respiratorias e insuficiencia card\u00edaca","isPartOf":{"@id":"https:\/\/www.heartfailurematters.org\/es\/#website"},"primaryImageOfPage":{"@id":"https:\/\/www.heartfailurematters.org\/es\/conocer-la-insuficiencia-cardiaca\/pruebas-de-funcion-pulmonar\/#primaryimage"},"image":{"@id":"https:\/\/www.heartfailurematters.org\/es\/conocer-la-insuficiencia-cardiaca\/pruebas-de-funcion-pulmonar\/#primaryimage"},"thumbnailUrl":"https:\/\/www.heartfailurematters.org\/wp-content\/uploads\/2022\/02\/shutterstock_1497378077-1-min.jpg","datePublished":"2021-01-27T22:09:18+00:00","dateModified":"2022-01-25T15:52:36+00:00","description":"Como los s\u00edntomas de ciertas afecciones pulmonares pueden ser similares a los de la insuficiencia card\u00edaca, el m\u00e9dico puede pedirle pruebas de funci\u00f3n pulmonar.","breadcrumb":{"@id":"https:\/\/www.heartfailurematters.org\/es\/conocer-la-insuficiencia-cardiaca\/pruebas-de-funcion-pulmonar\/#breadcrumb"},"inLanguage":"es","potentialAction":[{"@type":"ReadAction","target":["https:\/\/www.heartfailurematters.org\/es\/conocer-la-insuficiencia-cardiaca\/pruebas-de-funcion-pulmonar\/"]}]},{"@type":"ImageObject","inLanguage":"es","@id":"https:\/\/www.heartfailurematters.org\/es\/conocer-la-insuficiencia-cardiaca\/pruebas-de-funcion-pulmonar\/#primaryimage","url":"https:\/\/www.heartfailurematters.org\/wp-content\/uploads\/2022\/02\/shutterstock_1497378077-1-min.jpg","contentUrl":"https:\/\/www.heartfailurematters.org\/wp-content\/uploads\/2022\/02\/shutterstock_1497378077-1-min.jpg","width":900,"height":600},{"@type":"BreadcrumbList","@id":"https:\/\/www.heartfailurematters.org\/es\/conocer-la-insuficiencia-cardiaca\/pruebas-de-funcion-pulmonar\/#breadcrumb","itemListElement":[{"@type":"ListItem","position":1,"name":"Inicio","item":"https:\/\/www.heartfailurematters.org\/es\/"},{"@type":"ListItem","position":2,"name":"Conocer la insuficiencia card\u00edaca","item":"https:\/\/www.heartfailurematters.org\/es\/conocer-la-insuficiencia-cardiaca\/"},{"@type":"ListItem","position":3,"name":"Pruebas de funci\u00f3n pulmonar"}]},{"@type":"WebSite","@id":"https:\/\/www.heartfailurematters.org\/es\/#website","url":"https:\/\/www.heartfailurematters.org\/es\/","name":"Heart Failure Matters","description":"Practical information for patients, families and caregivers.","publisher":{"@id":"https:\/\/www.heartfailurematters.org\/es\/#organization"},"potentialAction":[{"@type":"SearchAction","target":{"@type":"EntryPoint","urlTemplate":"https:\/\/www.heartfailurematters.org\/es\/?s={search_term_string}"},"query-input":{"@type":"PropertyValueSpecification","valueRequired":true,"valueName":"search_term_string"}}],"inLanguage":"es"},{"@type":"Organization","@id":"https:\/\/www.heartfailurematters.org\/es\/#organization","name":"Heart Failure Matters","url":"https:\/\/www.heartfailurematters.org\/es\/","logo":{"@type":"ImageObject","inLanguage":"es","@id":"https:\/\/www.heartfailurematters.org\/es\/#\/schema\/logo\/image\/","url":"https:\/\/cdn-endpoint-hfm.azureedge.net\/heartfailurematters\/2024\/07\/hfm-logo1.jpg","contentUrl":"https:\/\/cdn-endpoint-hfm.azureedge.net\/heartfailurematters\/2024\/07\/hfm-logo1.jpg","width":1280,"height":720,"caption":"Heart Failure Matters"},"image":{"@id":"https:\/\/www.heartfailurematters.org\/es\/#\/schema\/logo\/image\/"},"sameAs":["https:\/\/www.facebook.com\/heartfailurematters"]}]}},"_links":{"self":[{"href":"https:\/\/www.heartfailurematters.org\/es\/wp-json\/wp\/v2\/pages\/2291","targetHints":{"allow":["GET"]}}],"collection":[{"href":"https:\/\/www.heartfailurematters.org\/es\/wp-json\/wp\/v2\/pages"}],"about":[{"href":"https:\/\/www.heartfailurematters.org\/es\/wp-json\/wp\/v2\/types\/page"}],"author":[{"embeddable":true,"href":"https:\/\/www.heartfailurematters.org\/es\/wp-json\/wp\/v2\/users\/1"}],"replies":[{"embeddable":true,"href":"https:\/\/www.heartfailurematters.org\/es\/wp-json\/wp\/v2\/comments?post=2291"}],"version-history":[{"count":3,"href":"https:\/\/www.heartfailurematters.org\/es\/wp-json\/wp\/v2\/pages\/2291\/revisions"}],"predecessor-version":[{"id":4640,"href":"https:\/\/www.heartfailurematters.org\/es\/wp-json\/wp\/v2\/pages\/2291\/revisions\/4640"}],"up":[{"embeddable":true,"href":"https:\/\/www.heartfailurematters.org\/es\/wp-json\/wp\/v2\/pages\/2155"}],"wp:featuredmedia":[{"embeddable":true,"href":"https:\/\/www.heartfailurematters.org\/es\/wp-json\/wp\/v2\/media\/10661"}],"wp:attachment":[{"href":"https:\/\/www.heartfailurematters.org\/es\/wp-json\/wp\/v2\/media?parent=2291"}],"wp:term":[{"taxonomy":"category","embeddable":true,"href":"https:\/\/www.heartfailurematters.org\/es\/wp-json\/wp\/v2\/categories?post=2291"},{"taxonomy":"post_tag","embeddable":true,"href":"https:\/\/www.heartfailurematters.org\/es\/wp-json\/wp\/v2\/tags?post=2291"}],"curies":[{"name":"wp","href":"https:\/\/api.w.org\/{rel}","templated":true}]}}