{"id":2286,"date":"2021-01-27T22:09:18","date_gmt":"2021-01-27T22:09:18","guid":{"rendered":"http:\/\/heartfailurematters.local:8888\/marcapasos\/"},"modified":"2021-02-16T12:00:17","modified_gmt":"2021-02-16T12:00:17","slug":"marcapasos","status":"publish","type":"page","link":"https:\/\/www.heartfailurematters.org\/es\/lo-que-pueden-hacer-su-medico-o-enfermero\/marcapasos\/","title":{"rendered":"Marcapasos"},"content":{"rendered":"<h2>\u00bfQu\u00e9 hace?<\/h2>\n<p>Un <a class=\"addtooltip\" title=\"Peque\u00f1o dispositivo implantado debajo de la clav\u00edcula que vigila la frecuencia card\u00edaca y, cuando es necesario, estimula la contracci\u00f3n del m\u00fasculo card\u00edaco mediante impulsos el\u00e9ctricos. \"><strong>marcapasos<\/strong><\/a> monitoriza la frecuencia card\u00edaca y env\u00eda peque\u00f1os impulsos el\u00e9ctricos indoloros al ventr\u00edculo derecho del coraz\u00f3n para iniciar cada latido solo cuando es necesario. Puede que necesite un marcapasos si su coraz\u00f3n late demasiado despacio y el problema no se puede controlar con medicaci\u00f3n.<\/p>\n<p>Los marcapasos actuales son peque\u00f1os dispositivos met\u00e1licos aproximadamente del tama\u00f1o de un peque\u00f1o reloj de bolsillo, que contienen el ordenador, la bater\u00eda y uno, dos o tres electrodo (alambres recubiertos). Generalmente no se ven por lo que, aparte de una cicatriz de inserci\u00f3n que se cura con el tiempo, a medida que pase el tiempo dejar\u00e1 de notarlo.<\/p>\n<h2>\u00bfD\u00f3nde se pone y c\u00f3mo se coloca?<\/h2>\n<p>El marcapasos se suele implantar con anestesia local, justo debajo de la clav\u00edcula, en un procedimiento suele durar 30\u201160 minutos.<\/p>\n<p>Los electrodos se introduce a trav\u00e9s de una vena del hombro o en la base del cuello. El cardi\u00f3logo lleva el cable hasta la cavidad correcta del coraz\u00f3n, comprueba su posici\u00f3n en una pantalla de rayos X y lo sujeta con una sutura en el hombro. A continuaci\u00f3n se conecta el cable al marcapasos y se introduce en un peque\u00f1o \u00abbolsillo\u00bb, o espacio, entre la piel y la musculatura del t\u00f3rax. Finalmente se determina la cantidad de energ\u00eda necesaria para conseguir la contracci\u00f3n del coraz\u00f3n y se ajusta el marcapasos.<\/p>\n<h2>Despu\u00e9s del procedimiento<\/h2>\n<p>Tras implantar el marcapasos, es posible que note algo de dolor o molestias y que se formen moratones en la zona, pero estos problemas suelen desaparecer en unos d\u00edas. La mayor\u00eda de las personas se levantan desde el mismo d\u00eda de la intervenci\u00f3n y reanudan las actividades normales en una semana.<\/p>\n<p>En una consulta especializada se debe comprobar con regularidad el funcionamiento y la duraci\u00f3n de la bater\u00eda del marcapasos. Dependiendo del dispositivo implantado, es posible que su m\u00e9dico le proponga un seguimiento mediante telemonitorizaci\u00f3n para supervisar su marcapasos, lo que permite identificar r\u00e1pidamente cualquier alteraci\u00f3n en la frecuencia card\u00edaca o disfunci\u00f3n t\u00e9cnica. Adem\u00e1s puede mejorar su atenci\u00f3n y reducir las visitas cl\u00ednicas relacionadas con su marcapasos.<\/p>\n<p>Si hay que sustituir la bater\u00eda, solo se debe reemplazar el dispositivo (no los cables), y suele durar entre 6 y 10 a\u00f1os.<\/p>\n<p>Es importante que informe a cualquier m\u00e9dico o dentista de que lleva un marcapasos antes de realizar cualquier procedimiento. Aunque es improbable que la mayor\u00eda de los procedimientos m\u00e9dicos y dentales interfieran en el funcionamiento de su dispositivo, algunos requieren medidas de precauci\u00f3n que reduzcan al m\u00ednimo las posibles interferencias.<\/p>\n<p>A veces, las m\u00e1quinas de seguridad de los aeropuertos detectan los marcapasos, pero rara vez afecta al funcionamiento del dispositivo; por tanto, si lleva un marcapasos, informe siempre al personal de seguridad.<\/p>\n<table border=\"1\" width=\"100%\" cellspacing=\"0\" cellpadding=\"0\">\n<tbody>\n<tr>\n<td width=\"100%\">Se emplean dos tipos de marcapasos:<\/td>\n<\/tr>\n<tr>\n<td width=\"100%\"><img decoding=\"async\" class=\"alignleft size-full wp-image-6662\" src=\"https:\/\/www.heartfailurematters.org\/wp-content\/uploads\/2021\/02\/Single-chamber-pacemaker-.jpg\" alt=\"\" width=\"211\" height=\"206\" \/><\/td>\n<\/tr>\n<tr>\n<td width=\"100%\">Marcapasos de una sola c\u00e1mara<\/td>\n<\/tr>\n<tr>\n<td width=\"100%\"><\/td>\n<\/tr>\n<tr>\n<td width=\"100%\"><img decoding=\"async\" class=\"alignleft size-full wp-image-6672\" src=\"https:\/\/www.heartfailurematters.org\/wp-content\/uploads\/2021\/02\/Dual-chamber-pacemaker-.jpg\" alt=\"\" width=\"211\" height=\"206\" \/><\/td>\n<\/tr>\n<tr>\n<td width=\"100%\">Marcapasos de doble c\u00e1mara<\/td>\n<\/tr>\n<\/tbody>\n<\/table>\n<p><a title=\"Volver a Dispositivos\" href=\"https:\/\/www.heartfailurematters.org\/es\/lo-que-pueden-hacer-su-medico-o-enfermero\/dispositivos-implantables\/\">Volver a Dispositivos<\/a><\/p>\n<p>&nbsp;<\/p>\n<h2><\/h2>\n","protected":false},"excerpt":{"rendered":"<p>\u00bfQu\u00e9 hace? Un marcapasos monitoriza la frecuencia card\u00edaca y env\u00eda peque\u00f1os impulsos el\u00e9ctricos indoloros al ventr\u00edculo derecho del coraz\u00f3n para iniciar cada latido solo cuando es necesario. Puede que necesite un marcapasos si su coraz\u00f3n late demasiado despacio y el problema no se puede controlar con medicaci\u00f3n. Los marcapasos actuales son peque\u00f1os dispositivos met\u00e1licos aproximadamente [&hellip;]<\/p>\n","protected":false},"author":1,"featured_media":10895,"parent":2684,"menu_order":0,"comment_status":"open","ping_status":"open","template":"","meta":{"_acf_changed":false,"footnotes":""},"categories":[],"tags":[],"class_list":["post-2286","page","type-page","status-publish","has-post-thumbnail","hentry"],"acf":[],"yoast_head":"<!-- This site is optimized with the Yoast SEO plugin v24.8.1 - https:\/\/yoast.com\/wordpress\/plugins\/seo\/ -->\n<title>Marcapasos - Heart Failure Matters<\/title>\n<meta name=\"description\" content=\"\u00bfCu\u00e1l es la funci\u00f3n exacta de un marcapasos? \u00bfD\u00f3nde se coloca? \u00bfC\u00f3mo se coloca? \u00bfQu\u00e9 sucede despu\u00e9s de la intervenci\u00f3n? Desc\u00fabralo en esta secci\u00f3n\" \/>\n<meta name=\"robots\" content=\"index, follow, max-snippet:-1, max-image-preview:large, max-video-preview:-1\" \/>\n<link rel=\"canonical\" href=\"https:\/\/www.heartfailurematters.org\/es\/lo-que-pueden-hacer-su-medico-o-enfermero\/marcapasos\/\" \/>\n<meta property=\"og:locale\" content=\"es_ES\" \/>\n<meta property=\"og:type\" content=\"article\" \/>\n<meta property=\"og:title\" content=\"Marcapasos - Heart Failure Matters\" \/>\n<meta property=\"og:description\" content=\"\u00bfCu\u00e1l es la funci\u00f3n exacta de un marcapasos? \u00bfD\u00f3nde se coloca? \u00bfC\u00f3mo se coloca? \u00bfQu\u00e9 sucede despu\u00e9s de la intervenci\u00f3n? Desc\u00fabralo en esta secci\u00f3n\" \/>\n<meta property=\"og:url\" content=\"https:\/\/www.heartfailurematters.org\/es\/lo-que-pueden-hacer-su-medico-o-enfermero\/marcapasos\/\" \/>\n<meta property=\"og:site_name\" content=\"Heart Failure Matters\" \/>\n<meta property=\"article:publisher\" content=\"https:\/\/www.facebook.com\/heartfailurematters\" \/>\n<meta property=\"article:modified_time\" content=\"2021-02-16T12:00:17+00:00\" \/>\n<meta property=\"og:image\" content=\"https:\/\/www.heartfailurematters.org\/wp-content\/uploads\/2022\/03\/shutterstock_1330247153-1-min.jpg\" \/>\n\t<meta property=\"og:image:width\" content=\"900\" \/>\n\t<meta property=\"og:image:height\" content=\"600\" \/>\n\t<meta property=\"og:image:type\" content=\"image\/jpeg\" \/>\n<meta name=\"twitter:card\" content=\"summary_large_image\" \/>\n<meta name=\"twitter:label1\" content=\"Tiempo de lectura\" \/>\n\t<meta name=\"twitter:data1\" content=\"3 minutos\" \/>\n<script type=\"application\/ld+json\" class=\"yoast-schema-graph\">{\"@context\":\"https:\/\/schema.org\",\"@graph\":[{\"@type\":\"WebPage\",\"@id\":\"https:\/\/www.heartfailurematters.org\/es\/lo-que-pueden-hacer-su-medico-o-enfermero\/marcapasos\/\",\"url\":\"https:\/\/www.heartfailurematters.org\/es\/lo-que-pueden-hacer-su-medico-o-enfermero\/marcapasos\/\",\"name\":\"Marcapasos - Heart Failure Matters\",\"isPartOf\":{\"@id\":\"https:\/\/www.heartfailurematters.org\/es\/#website\"},\"primaryImageOfPage\":{\"@id\":\"https:\/\/www.heartfailurematters.org\/es\/lo-que-pueden-hacer-su-medico-o-enfermero\/marcapasos\/#primaryimage\"},\"image\":{\"@id\":\"https:\/\/www.heartfailurematters.org\/es\/lo-que-pueden-hacer-su-medico-o-enfermero\/marcapasos\/#primaryimage\"},\"thumbnailUrl\":\"https:\/\/www.heartfailurematters.org\/wp-content\/uploads\/2022\/03\/shutterstock_1330247153-1-min.jpg\",\"datePublished\":\"2021-01-27T22:09:18+00:00\",\"dateModified\":\"2021-02-16T12:00:17+00:00\",\"description\":\"\u00bfCu\u00e1l es la funci\u00f3n exacta de un marcapasos? \u00bfD\u00f3nde se coloca? \u00bfC\u00f3mo se coloca? \u00bfQu\u00e9 sucede despu\u00e9s de la intervenci\u00f3n? Desc\u00fabralo en esta secci\u00f3n\",\"breadcrumb\":{\"@id\":\"https:\/\/www.heartfailurematters.org\/es\/lo-que-pueden-hacer-su-medico-o-enfermero\/marcapasos\/#breadcrumb\"},\"inLanguage\":\"es\",\"potentialAction\":[{\"@type\":\"ReadAction\",\"target\":[\"https:\/\/www.heartfailurematters.org\/es\/lo-que-pueden-hacer-su-medico-o-enfermero\/marcapasos\/\"]}]},{\"@type\":\"ImageObject\",\"inLanguage\":\"es\",\"@id\":\"https:\/\/www.heartfailurematters.org\/es\/lo-que-pueden-hacer-su-medico-o-enfermero\/marcapasos\/#primaryimage\",\"url\":\"https:\/\/www.heartfailurematters.org\/wp-content\/uploads\/2022\/03\/shutterstock_1330247153-1-min.jpg\",\"contentUrl\":\"https:\/\/www.heartfailurematters.org\/wp-content\/uploads\/2022\/03\/shutterstock_1330247153-1-min.jpg\",\"width\":900,\"height\":600},{\"@type\":\"BreadcrumbList\",\"@id\":\"https:\/\/www.heartfailurematters.org\/es\/lo-que-pueden-hacer-su-medico-o-enfermero\/marcapasos\/#breadcrumb\",\"itemListElement\":[{\"@type\":\"ListItem\",\"position\":1,\"name\":\"Inicio\",\"item\":\"https:\/\/www.heartfailurematters.org\/es\/\"},{\"@type\":\"ListItem\",\"position\":2,\"name\":\"\u00bfQu\u00e9 puede hacer su m\u00e9dico?\",\"item\":\"https:\/\/www.heartfailurematters.org\/es\/lo-que-pueden-hacer-su-medico-o-enfermero\/\"},{\"@type\":\"ListItem\",\"position\":3,\"name\":\"Marcapasos\"}]},{\"@type\":\"WebSite\",\"@id\":\"https:\/\/www.heartfailurematters.org\/es\/#website\",\"url\":\"https:\/\/www.heartfailurematters.org\/es\/\",\"name\":\"Heart Failure Matters\",\"description\":\"Practical information for patients, families and caregivers.\",\"publisher\":{\"@id\":\"https:\/\/www.heartfailurematters.org\/es\/#organization\"},\"potentialAction\":[{\"@type\":\"SearchAction\",\"target\":{\"@type\":\"EntryPoint\",\"urlTemplate\":\"https:\/\/www.heartfailurematters.org\/es\/?s={search_term_string}\"},\"query-input\":{\"@type\":\"PropertyValueSpecification\",\"valueRequired\":true,\"valueName\":\"search_term_string\"}}],\"inLanguage\":\"es\"},{\"@type\":\"Organization\",\"@id\":\"https:\/\/www.heartfailurematters.org\/es\/#organization\",\"name\":\"Heart Failure Matters\",\"url\":\"https:\/\/www.heartfailurematters.org\/es\/\",\"logo\":{\"@type\":\"ImageObject\",\"inLanguage\":\"es\",\"@id\":\"https:\/\/www.heartfailurematters.org\/es\/#\/schema\/logo\/image\/\",\"url\":\"https:\/\/cdn-endpoint-hfm.azureedge.net\/heartfailurematters\/2024\/07\/hfm-logo1.jpg\",\"contentUrl\":\"https:\/\/cdn-endpoint-hfm.azureedge.net\/heartfailurematters\/2024\/07\/hfm-logo1.jpg\",\"width\":1280,\"height\":720,\"caption\":\"Heart Failure Matters\"},\"image\":{\"@id\":\"https:\/\/www.heartfailurematters.org\/es\/#\/schema\/logo\/image\/\"},\"sameAs\":[\"https:\/\/www.facebook.com\/heartfailurematters\"]}]}<\/script>\n<!-- \/ Yoast SEO plugin. -->","yoast_head_json":{"title":"Marcapasos - Heart Failure Matters","description":"\u00bfCu\u00e1l es la funci\u00f3n exacta de un marcapasos? \u00bfD\u00f3nde se coloca? \u00bfC\u00f3mo se coloca? \u00bfQu\u00e9 sucede despu\u00e9s de la intervenci\u00f3n? Desc\u00fabralo en esta secci\u00f3n","robots":{"index":"index","follow":"follow","max-snippet":"max-snippet:-1","max-image-preview":"max-image-preview:large","max-video-preview":"max-video-preview:-1"},"canonical":"https:\/\/www.heartfailurematters.org\/es\/lo-que-pueden-hacer-su-medico-o-enfermero\/marcapasos\/","og_locale":"es_ES","og_type":"article","og_title":"Marcapasos - Heart Failure Matters","og_description":"\u00bfCu\u00e1l es la funci\u00f3n exacta de un marcapasos? \u00bfD\u00f3nde se coloca? \u00bfC\u00f3mo se coloca? \u00bfQu\u00e9 sucede despu\u00e9s de la intervenci\u00f3n? Desc\u00fabralo en esta secci\u00f3n","og_url":"https:\/\/www.heartfailurematters.org\/es\/lo-que-pueden-hacer-su-medico-o-enfermero\/marcapasos\/","og_site_name":"Heart Failure Matters","article_publisher":"https:\/\/www.facebook.com\/heartfailurematters","article_modified_time":"2021-02-16T12:00:17+00:00","og_image":[{"width":900,"height":600,"url":"https:\/\/www.heartfailurematters.org\/wp-content\/uploads\/2022\/03\/shutterstock_1330247153-1-min.jpg","type":"image\/jpeg"}],"twitter_card":"summary_large_image","twitter_misc":{"Tiempo de lectura":"3 minutos"},"schema":{"@context":"https:\/\/schema.org","@graph":[{"@type":"WebPage","@id":"https:\/\/www.heartfailurematters.org\/es\/lo-que-pueden-hacer-su-medico-o-enfermero\/marcapasos\/","url":"https:\/\/www.heartfailurematters.org\/es\/lo-que-pueden-hacer-su-medico-o-enfermero\/marcapasos\/","name":"Marcapasos - Heart Failure Matters","isPartOf":{"@id":"https:\/\/www.heartfailurematters.org\/es\/#website"},"primaryImageOfPage":{"@id":"https:\/\/www.heartfailurematters.org\/es\/lo-que-pueden-hacer-su-medico-o-enfermero\/marcapasos\/#primaryimage"},"image":{"@id":"https:\/\/www.heartfailurematters.org\/es\/lo-que-pueden-hacer-su-medico-o-enfermero\/marcapasos\/#primaryimage"},"thumbnailUrl":"https:\/\/www.heartfailurematters.org\/wp-content\/uploads\/2022\/03\/shutterstock_1330247153-1-min.jpg","datePublished":"2021-01-27T22:09:18+00:00","dateModified":"2021-02-16T12:00:17+00:00","description":"\u00bfCu\u00e1l es la funci\u00f3n exacta de un marcapasos? \u00bfD\u00f3nde se coloca? \u00bfC\u00f3mo se coloca? \u00bfQu\u00e9 sucede despu\u00e9s de la intervenci\u00f3n? Desc\u00fabralo en esta secci\u00f3n","breadcrumb":{"@id":"https:\/\/www.heartfailurematters.org\/es\/lo-que-pueden-hacer-su-medico-o-enfermero\/marcapasos\/#breadcrumb"},"inLanguage":"es","potentialAction":[{"@type":"ReadAction","target":["https:\/\/www.heartfailurematters.org\/es\/lo-que-pueden-hacer-su-medico-o-enfermero\/marcapasos\/"]}]},{"@type":"ImageObject","inLanguage":"es","@id":"https:\/\/www.heartfailurematters.org\/es\/lo-que-pueden-hacer-su-medico-o-enfermero\/marcapasos\/#primaryimage","url":"https:\/\/www.heartfailurematters.org\/wp-content\/uploads\/2022\/03\/shutterstock_1330247153-1-min.jpg","contentUrl":"https:\/\/www.heartfailurematters.org\/wp-content\/uploads\/2022\/03\/shutterstock_1330247153-1-min.jpg","width":900,"height":600},{"@type":"BreadcrumbList","@id":"https:\/\/www.heartfailurematters.org\/es\/lo-que-pueden-hacer-su-medico-o-enfermero\/marcapasos\/#breadcrumb","itemListElement":[{"@type":"ListItem","position":1,"name":"Inicio","item":"https:\/\/www.heartfailurematters.org\/es\/"},{"@type":"ListItem","position":2,"name":"\u00bfQu\u00e9 puede hacer su m\u00e9dico?","item":"https:\/\/www.heartfailurematters.org\/es\/lo-que-pueden-hacer-su-medico-o-enfermero\/"},{"@type":"ListItem","position":3,"name":"Marcapasos"}]},{"@type":"WebSite","@id":"https:\/\/www.heartfailurematters.org\/es\/#website","url":"https:\/\/www.heartfailurematters.org\/es\/","name":"Heart Failure Matters","description":"Practical information for patients, families and caregivers.","publisher":{"@id":"https:\/\/www.heartfailurematters.org\/es\/#organization"},"potentialAction":[{"@type":"SearchAction","target":{"@type":"EntryPoint","urlTemplate":"https:\/\/www.heartfailurematters.org\/es\/?s={search_term_string}"},"query-input":{"@type":"PropertyValueSpecification","valueRequired":true,"valueName":"search_term_string"}}],"inLanguage":"es"},{"@type":"Organization","@id":"https:\/\/www.heartfailurematters.org\/es\/#organization","name":"Heart Failure Matters","url":"https:\/\/www.heartfailurematters.org\/es\/","logo":{"@type":"ImageObject","inLanguage":"es","@id":"https:\/\/www.heartfailurematters.org\/es\/#\/schema\/logo\/image\/","url":"https:\/\/cdn-endpoint-hfm.azureedge.net\/heartfailurematters\/2024\/07\/hfm-logo1.jpg","contentUrl":"https:\/\/cdn-endpoint-hfm.azureedge.net\/heartfailurematters\/2024\/07\/hfm-logo1.jpg","width":1280,"height":720,"caption":"Heart Failure Matters"},"image":{"@id":"https:\/\/www.heartfailurematters.org\/es\/#\/schema\/logo\/image\/"},"sameAs":["https:\/\/www.facebook.com\/heartfailurematters"]}]}},"_links":{"self":[{"href":"https:\/\/www.heartfailurematters.org\/es\/wp-json\/wp\/v2\/pages\/2286","targetHints":{"allow":["GET"]}}],"collection":[{"href":"https:\/\/www.heartfailurematters.org\/es\/wp-json\/wp\/v2\/pages"}],"about":[{"href":"https:\/\/www.heartfailurematters.org\/es\/wp-json\/wp\/v2\/types\/page"}],"author":[{"embeddable":true,"href":"https:\/\/www.heartfailurematters.org\/es\/wp-json\/wp\/v2\/users\/1"}],"replies":[{"embeddable":true,"href":"https:\/\/www.heartfailurematters.org\/es\/wp-json\/wp\/v2\/comments?post=2286"}],"version-history":[{"count":1,"href":"https:\/\/www.heartfailurematters.org\/es\/wp-json\/wp\/v2\/pages\/2286\/revisions"}],"predecessor-version":[{"id":6682,"href":"https:\/\/www.heartfailurematters.org\/es\/wp-json\/wp\/v2\/pages\/2286\/revisions\/6682"}],"up":[{"embeddable":true,"href":"https:\/\/www.heartfailurematters.org\/es\/wp-json\/wp\/v2\/pages\/2684"}],"wp:featuredmedia":[{"embeddable":true,"href":"https:\/\/www.heartfailurematters.org\/es\/wp-json\/wp\/v2\/media\/10895"}],"wp:attachment":[{"href":"https:\/\/www.heartfailurematters.org\/es\/wp-json\/wp\/v2\/media?parent=2286"}],"wp:term":[{"taxonomy":"category","embeddable":true,"href":"https:\/\/www.heartfailurematters.org\/es\/wp-json\/wp\/v2\/categories?post=2286"},{"taxonomy":"post_tag","embeddable":true,"href":"https:\/\/www.heartfailurematters.org\/es\/wp-json\/wp\/v2\/tags?post=2286"}],"curies":[{"name":"wp","href":"https:\/\/api.w.org\/{rel}","templated":true}]}}