{"id":2283,"date":"2021-01-27T22:09:18","date_gmt":"2021-01-27T22:09:18","guid":{"rendered":"http:\/\/heartfailurematters.local:8888\/diureticos\/"},"modified":"2026-01-16T14:19:01","modified_gmt":"2026-01-16T14:19:01","slug":"diureticos","status":"publish","type":"page","link":"https:\/\/www.heartfailurematters.org\/es\/lo-que-pueden-hacer-su-medico-o-enfermero\/diureticos\/","title":{"rendered":"Diur\u00e9ticos"},"content":{"rendered":"<table border=\"1\" width=\"100%\" cellspacing=\"0\" cellpadding=\"0\">\n<tbody>\n<tr>\n<td style=\"width: 25%;\"\/>\n<td style=\"width: 75%; vertical-align: middle; text-align: left;\"\/>\n<\/tr>\n<tr>\n<td style=\"width: 25%;\">\n<h2>V\u00eddeo<\/h2>\n<\/td>\n<td style=\"width: 75%; vertical-align: middle; text-align: left;\"\/>\n<\/tr>\n<tr>\n<td style=\"width: 25%;\"><a class=\"lightview\" href=\"https:\/\/www.youtube.com\/embed\/XVb7ykMfR68?hl=en_UK&amp;autoplay=1;&amp;version=3&amp;rel=0&amp;showinfo=0\" data-lightview-title=\"How diuretics work in heart failure\" data-lightview-options=\"width: 620, height: 450\" data-lightview-type=\"iframe\" data-lightview-group=\"journey\"><img decoding=\"async\" class=\"alignnone size-full wp-image-5082\" src=\"https:\/\/cdn-endpoint-hfm.azureedge.net\/heartfailurematters\/2021\/02\/08-animation.jpg\" alt=\"\" width=\"180\" height=\"130\"\/><\/a><\/td>\n<td style=\"width: 75%; vertical-align: middle; text-align: left;\">V\u00eddeo explicativo de la acci\u00f3n de los diur\u00e9ticos<br \/>\nen la insuficiencia card\u00edaca<\/td>\n<\/tr>\n<\/tbody>\n<\/table>\n<p>&nbsp;<\/p>\n<h2>\u00bfQu\u00e9 hacen?<\/h2>\n<p><a class=\"addtooltip\" title=\"&lt;div id='ToolTipTextWrap'&gt;Diur\u00e9tico&lt;\/div&gt;&lt;p&gt; Clase de medicamentos que act\u00faa en los ri\u00f1ones para producir m\u00e1s orina, lo que reduce la retenci\u00f3n de l\u00edquido y la congesti\u00f3n.&lt;\/p&gt;\"><strong>Los diur\u00e9ticos<\/strong><\/a> ayudan a su cuerpo a eliminar el exceso de l\u00edquido al estimular a sus ri\u00f1ones a producir m\u00e1s orina. Cuando los tome, orinar\u00e1 m\u00e1s (expulsar\u00e1 m\u00e1s agua), pero no tiene por qu\u00e9 preocuparse. Es posible que tenga que planificar sus salidas en funci\u00f3n del horario de los comprimidos o que, a veces, pueda cambiar la hora a la que toma los comprimidos. Consulte a su m\u00e9dico o enfermero. La eliminaci\u00f3n del exceso de l\u00edquido deber\u00eda facilitar el trabajo del coraz\u00f3n, ya que hay menos l\u00edquido que bombear por el cuerpo. Esto aliviar\u00e1 la <a class=\"addtooltip\" title=\"&lt;div id='ToolTipTextWrap'&gt;congesti\u00f3n&lt;\/div&gt;&lt;p&gt; Exceso de l\u00edquido en alg\u00fan lugar del organismo.&lt;\/p&gt;\"><strong>congesti\u00f3n<\/strong><\/a> pulmonar y facilitar\u00e1 la respiraci\u00f3n. Tambi\u00e9n deber\u00eda disminuir la hinchaz\u00f3n (<a class=\"addtooltip\" title=\"&lt;div id='ToolTipTextWrap\u201d&gt;Edema&lt;\/div&gt;&lt;p&gt; Hinchaz\u00f3n de un tejido por acumulaci\u00f3n de l\u00edquido y congesti\u00f3n.&lt;\/p&gt;\"><strong>edema<\/strong><\/a>) de las piernas y otras partes del cuerpo. Esto puede provocar la p\u00e9rdida de peso.<\/p>\n<h2>\u00bfCu\u00e1les son los beneficios previstos?<\/h2>\n<p>Los diur\u00e9ticos alivian los s\u00edntomas de la insuficiencia card\u00edaca, en particular la disnea y la hinchaz\u00f3n causada por la retenci\u00f3n de l\u00edquidos.<\/p>\n<h2>Efectos secundarios<\/h2>\n<p>El uso prolongado de diur\u00e9ticos puede hacerle perder <a class=\"addtooltip\" title=\"&lt;div id='ToolTipTextWrap'&gt;potassium&lt;\/div&gt;&lt;p&gt; Mineral esencial necesario para la funci\u00f3n normal de las c\u00e9lulas del organismo. Los diur\u00e9ticos pueden disminuir el potasio.&lt;\/p&gt;\"><strong>potasio<\/strong><\/a>, sal necesaria para que el organismo y el coraz\u00f3n funcionen correctamente. Por eso su m\u00e9dico controlar\u00e1 sus concentraciones de potasio con an\u00e1lisis de sangre peri\u00f3dicos y puede aconsejarle que coma m\u00e1s <a title=\"alimentos que contengan potasio\" href=\"https:\/\/www.heartfailurematters.org\/what-you-can-do\/adjusting-your-diet-potassium\/\">alimentos que contengan potasio<\/a>.<\/p>\n<p>Los diur\u00e9ticos tambi\u00e9n pueden hacer que elimine agua con m\u00e1s frecuencia. Si toma dosis demasiado altas de diur\u00e9ticos, puede deshidratarse y marearse.<\/p>\n<h2>Consejos principales<\/h2>\n<p>Es una buena idea pesarse a diario y anotar el peso para comentarlo con el m\u00e9dico o el enfermero: esto le ayudar\u00e1 a controlar si est\u00e1 perdiendo demasiado o demasiado poco l\u00edquido, para que puedan ajustar la dosis del diur\u00e9tico si es necesario.<\/p>\n<p>A algunas personas les conviene tomar los diur\u00e9ticos por la ma\u00f1ana para que la necesidad de eliminar agua se produzca principalmente durante el d\u00eda; tomarlos por la noche puede interrumpir el sue\u00f1o.<\/p>\n<h2>Tambi\u00e9n se conoce como:<\/h2>\n<ul>\n<li><strong>Amilorida<\/strong><br \/>\n(Amilamont\u00ae, Midamor\u00ae)<\/li>\n<li><strong>Bendroflumetiazida\/bendrofluazida<br \/>\n<\/strong>(Aprinox\u00ae, Neo-NaClex\u00ae)<\/li>\n<li><strong>Bumetanida<br \/>\n<\/strong>(Bumex\u00ae)<\/li>\n<li><strong>Clorotiazida<\/strong><br \/>\n(Diuril\u00ae)<\/li>\n<li><strong>Clortalidona<br \/>\n<\/strong>(Hygroton\u00ae)<\/li>\n<li><strong>Ciclopentiazida<br \/>\n<\/strong>(Navidrex\u00ae)<\/li>\n<li><strong>Eplerenona<br \/>\n<\/strong>(Inspra\u00ae)<\/li>\n<li><strong>Furosemidea\/frusemida<br \/>\n<\/strong>(Froop\u00ae, Frusid\u00ae, Rusyde\u00ae, Frusol\u00ae, Lasix\u00ae)<\/li>\n<li><strong>Hidroclorotiazida<\/strong><br \/>\n(HydroDIURIL\u00ae)<\/li>\n<li><strong>Indapamida<br \/>\n<\/strong>(Natrilix\u00ae, Apo-Indapamide\u00ae, Arifon\u00ae, Bajaten\u00ae, Cormil\u00ae, Damide\u00ae, Fludex\u00ae, Gen-Indapamide\u00ae, Idapamide\u00ae, Indaflex\u00ae, Indamol\u00ae, Indapamida\u00ae, Indapamidum\u00ae, Ipamix\u00ae, Lozide\u00ae, Lozol\u00ae, Natrilix\u00ae, Natrix\u00ae, Noranat\u00ae, Novo-Indapamide\u00ae, Nu-Indapamide\u00ae, Pressurai\u00ae, Tandix\u00ae, Tertensif\u00ae, Veroxil\u00ae)<\/li>\n<li><strong>Metolazona<br \/>\n<\/strong>(Metenix\u00ae, Zaroxolyn\u00ae)<\/li>\n<li><strong>Politiazida<br \/>\n<\/strong>(Renese\u00ae, Minizide\u00ae, Nindaxa\u00ae, Natrilix SR\u00ae, Nephril\u00ae)<\/li>\n<li><strong>Espironolactona<br \/>\n<\/strong>(Aldactone\u00ae)<\/li>\n<li><strong>Torsemida \/ torasemida<br \/>\n<\/strong>(Demadex\u00ae, Torem\u00ae)<\/li>\n<li><strong>Triamtereno<br \/>\n<\/strong>(Dytac\u00ae, Dyrenium\u00ae)<\/li>\n<li><strong>Xipamida<\/strong><br \/>\n(Diurexan\u00ae)<\/li>\n<li><strong>Medicamentos combinados<\/strong><br \/>\n(Moduret\u00ae, Amil-Co\u00ae, Moduretic\u00ae, Navispare\u00ae, Frumil LS\u00ae, Froop-Co\u00ae, Fru-Co\u00ae, Aridil\u00ae, Burinex A\u00ae, Triam-Co\u00ae, Dytide\u00ae, Kalspare\u00ae, Frusene\u00ae, Aldactide\u00ae, Lasilactone\u00ae, Burinex K\u00ae, Centyl K\u00ae, Diumide-K\u00ae, Lasikal\u00ae, Neo0NaClex-K\u00ae, Dyazide\u00ae)<\/li>\n<\/ul>\n<p><a title=\"Volver a Medicamentos para la insuficiencia card\u00edaca.\" href=\"https:\/\/www.heartfailurematters.org\/what-your-doctor-can-do\/heart-failure-medicines\/\">Volver a Medicamentos para la insuficiencia card\u00edaca.<\/a><\/p>\n<p>&nbsp;<\/p>\n","protected":false},"excerpt":{"rendered":"<p>V\u00eddeo V\u00eddeo explicativo de la acci\u00f3n de los diur\u00e9ticos en la insuficiencia card\u00edaca &nbsp; \u00bfQu\u00e9 hacen? Los diur\u00e9ticos ayudan a su cuerpo a eliminar el exceso de l\u00edquido al estimular a sus ri\u00f1ones a producir m\u00e1s orina. Cuando los tome, orinar\u00e1 m\u00e1s (expulsar\u00e1 m\u00e1s agua), pero no tiene por qu\u00e9 preocuparse. Es posible que tenga [&hellip;]<\/p>\n","protected":false},"author":1,"featured_media":10873,"parent":2684,"menu_order":0,"comment_status":"open","ping_status":"open","template":"","meta":{"_acf_changed":false,"footnotes":""},"categories":[],"tags":[],"class_list":["post-2283","page","type-page","status-publish","has-post-thumbnail","hentry"],"acf":[],"yoast_head":"<!-- This site is optimized with the Yoast SEO plugin v24.8.1 - https:\/\/yoast.com\/wordpress\/plugins\/seo\/ -->\n<title>Diur\u00e9ticos para pacientes con insuficiencia card\u00edaca<\/title>\n<meta name=\"description\" content=\"Los diur\u00e9ticos estimulan los ri\u00f1ones para producir m\u00e1s orina. Eliminar este exceso de l\u00edquido facilita el trabajo del coraz\u00f3n, pues hay menos l\u00edquido que bombear\" \/>\n<meta name=\"robots\" content=\"index, follow, max-snippet:-1, max-image-preview:large, max-video-preview:-1\" \/>\n<link rel=\"canonical\" href=\"https:\/\/www.heartfailurematters.org\/es\/lo-que-pueden-hacer-su-medico-o-enfermero\/diureticos\/\" \/>\n<meta property=\"og:locale\" content=\"es_ES\" \/>\n<meta property=\"og:type\" content=\"article\" \/>\n<meta property=\"og:title\" content=\"Diur\u00e9ticos para pacientes con insuficiencia card\u00edaca\" \/>\n<meta property=\"og:description\" content=\"Los diur\u00e9ticos estimulan los ri\u00f1ones para producir m\u00e1s orina. Eliminar este exceso de l\u00edquido facilita el trabajo del coraz\u00f3n, pues hay menos l\u00edquido que bombear\" \/>\n<meta property=\"og:url\" content=\"https:\/\/www.heartfailurematters.org\/es\/lo-que-pueden-hacer-su-medico-o-enfermero\/diureticos\/\" \/>\n<meta property=\"og:site_name\" content=\"Heart Failure Matters\" \/>\n<meta property=\"article:publisher\" content=\"https:\/\/www.facebook.com\/heartfailurematters\" \/>\n<meta property=\"article:modified_time\" content=\"2026-01-16T14:19:01+00:00\" \/>\n<meta property=\"og:image\" content=\"https:\/\/www.heartfailurematters.org\/wp-content\/uploads\/2022\/03\/shutterstock_441673426-1-min.jpg\" \/>\n\t<meta property=\"og:image:width\" content=\"900\" \/>\n\t<meta property=\"og:image:height\" content=\"596\" \/>\n\t<meta property=\"og:image:type\" content=\"image\/jpeg\" \/>\n<meta name=\"twitter:card\" content=\"summary_large_image\" \/>\n<meta name=\"twitter:label1\" content=\"Tiempo de lectura\" \/>\n\t<meta name=\"twitter:data1\" content=\"2 minutos\" \/>\n<script type=\"application\/ld+json\" class=\"yoast-schema-graph\">{\"@context\":\"https:\/\/schema.org\",\"@graph\":[{\"@type\":\"WebPage\",\"@id\":\"https:\/\/www.heartfailurematters.org\/es\/lo-que-pueden-hacer-su-medico-o-enfermero\/diureticos\/\",\"url\":\"https:\/\/www.heartfailurematters.org\/es\/lo-que-pueden-hacer-su-medico-o-enfermero\/diureticos\/\",\"name\":\"Diur\u00e9ticos para pacientes con insuficiencia card\u00edaca\",\"isPartOf\":{\"@id\":\"https:\/\/www.heartfailurematters.org\/es\/#website\"},\"primaryImageOfPage\":{\"@id\":\"https:\/\/www.heartfailurematters.org\/es\/lo-que-pueden-hacer-su-medico-o-enfermero\/diureticos\/#primaryimage\"},\"image\":{\"@id\":\"https:\/\/www.heartfailurematters.org\/es\/lo-que-pueden-hacer-su-medico-o-enfermero\/diureticos\/#primaryimage\"},\"thumbnailUrl\":\"https:\/\/www.heartfailurematters.org\/wp-content\/uploads\/2022\/03\/shutterstock_441673426-1-min.jpg\",\"datePublished\":\"2021-01-27T22:09:18+00:00\",\"dateModified\":\"2026-01-16T14:19:01+00:00\",\"description\":\"Los diur\u00e9ticos estimulan los ri\u00f1ones para producir m\u00e1s orina. Eliminar este exceso de l\u00edquido facilita el trabajo del coraz\u00f3n, pues hay menos l\u00edquido que bombear\",\"breadcrumb\":{\"@id\":\"https:\/\/www.heartfailurematters.org\/es\/lo-que-pueden-hacer-su-medico-o-enfermero\/diureticos\/#breadcrumb\"},\"inLanguage\":\"es\",\"potentialAction\":[{\"@type\":\"ReadAction\",\"target\":[\"https:\/\/www.heartfailurematters.org\/es\/lo-que-pueden-hacer-su-medico-o-enfermero\/diureticos\/\"]}]},{\"@type\":\"ImageObject\",\"inLanguage\":\"es\",\"@id\":\"https:\/\/www.heartfailurematters.org\/es\/lo-que-pueden-hacer-su-medico-o-enfermero\/diureticos\/#primaryimage\",\"url\":\"https:\/\/www.heartfailurematters.org\/wp-content\/uploads\/2022\/03\/shutterstock_441673426-1-min.jpg\",\"contentUrl\":\"https:\/\/www.heartfailurematters.org\/wp-content\/uploads\/2022\/03\/shutterstock_441673426-1-min.jpg\",\"width\":900,\"height\":596},{\"@type\":\"BreadcrumbList\",\"@id\":\"https:\/\/www.heartfailurematters.org\/es\/lo-que-pueden-hacer-su-medico-o-enfermero\/diureticos\/#breadcrumb\",\"itemListElement\":[{\"@type\":\"ListItem\",\"position\":1,\"name\":\"Inicio\",\"item\":\"https:\/\/www.heartfailurematters.org\/es\/\"},{\"@type\":\"ListItem\",\"position\":2,\"name\":\"\u00bfQu\u00e9 puede hacer su m\u00e9dico?\",\"item\":\"https:\/\/www.heartfailurematters.org\/es\/lo-que-pueden-hacer-su-medico-o-enfermero\/\"},{\"@type\":\"ListItem\",\"position\":3,\"name\":\"Diur\u00e9ticos\"}]},{\"@type\":\"WebSite\",\"@id\":\"https:\/\/www.heartfailurematters.org\/es\/#website\",\"url\":\"https:\/\/www.heartfailurematters.org\/es\/\",\"name\":\"Heart Failure Matters\",\"description\":\"Practical information for patients, families and caregivers.\",\"publisher\":{\"@id\":\"https:\/\/www.heartfailurematters.org\/es\/#organization\"},\"potentialAction\":[{\"@type\":\"SearchAction\",\"target\":{\"@type\":\"EntryPoint\",\"urlTemplate\":\"https:\/\/www.heartfailurematters.org\/es\/?s={search_term_string}\"},\"query-input\":{\"@type\":\"PropertyValueSpecification\",\"valueRequired\":true,\"valueName\":\"search_term_string\"}}],\"inLanguage\":\"es\"},{\"@type\":\"Organization\",\"@id\":\"https:\/\/www.heartfailurematters.org\/es\/#organization\",\"name\":\"Heart Failure Matters\",\"url\":\"https:\/\/www.heartfailurematters.org\/es\/\",\"logo\":{\"@type\":\"ImageObject\",\"inLanguage\":\"es\",\"@id\":\"https:\/\/www.heartfailurematters.org\/es\/#\/schema\/logo\/image\/\",\"url\":\"https:\/\/cdn-endpoint-hfm.azureedge.net\/heartfailurematters\/2024\/07\/hfm-logo1.jpg\",\"contentUrl\":\"https:\/\/cdn-endpoint-hfm.azureedge.net\/heartfailurematters\/2024\/07\/hfm-logo1.jpg\",\"width\":1280,\"height\":720,\"caption\":\"Heart Failure Matters\"},\"image\":{\"@id\":\"https:\/\/www.heartfailurematters.org\/es\/#\/schema\/logo\/image\/\"},\"sameAs\":[\"https:\/\/www.facebook.com\/heartfailurematters\"]}]}<\/script>\n<!-- \/ Yoast SEO plugin. -->","yoast_head_json":{"title":"Diur\u00e9ticos para pacientes con insuficiencia card\u00edaca","description":"Los diur\u00e9ticos estimulan los ri\u00f1ones para producir m\u00e1s orina. Eliminar este exceso de l\u00edquido facilita el trabajo del coraz\u00f3n, pues hay menos l\u00edquido que bombear","robots":{"index":"index","follow":"follow","max-snippet":"max-snippet:-1","max-image-preview":"max-image-preview:large","max-video-preview":"max-video-preview:-1"},"canonical":"https:\/\/www.heartfailurematters.org\/es\/lo-que-pueden-hacer-su-medico-o-enfermero\/diureticos\/","og_locale":"es_ES","og_type":"article","og_title":"Diur\u00e9ticos para pacientes con insuficiencia card\u00edaca","og_description":"Los diur\u00e9ticos estimulan los ri\u00f1ones para producir m\u00e1s orina. Eliminar este exceso de l\u00edquido facilita el trabajo del coraz\u00f3n, pues hay menos l\u00edquido que bombear","og_url":"https:\/\/www.heartfailurematters.org\/es\/lo-que-pueden-hacer-su-medico-o-enfermero\/diureticos\/","og_site_name":"Heart Failure Matters","article_publisher":"https:\/\/www.facebook.com\/heartfailurematters","article_modified_time":"2026-01-16T14:19:01+00:00","og_image":[{"width":900,"height":596,"url":"https:\/\/www.heartfailurematters.org\/wp-content\/uploads\/2022\/03\/shutterstock_441673426-1-min.jpg","type":"image\/jpeg"}],"twitter_card":"summary_large_image","twitter_misc":{"Tiempo de lectura":"2 minutos"},"schema":{"@context":"https:\/\/schema.org","@graph":[{"@type":"WebPage","@id":"https:\/\/www.heartfailurematters.org\/es\/lo-que-pueden-hacer-su-medico-o-enfermero\/diureticos\/","url":"https:\/\/www.heartfailurematters.org\/es\/lo-que-pueden-hacer-su-medico-o-enfermero\/diureticos\/","name":"Diur\u00e9ticos para pacientes con insuficiencia card\u00edaca","isPartOf":{"@id":"https:\/\/www.heartfailurematters.org\/es\/#website"},"primaryImageOfPage":{"@id":"https:\/\/www.heartfailurematters.org\/es\/lo-que-pueden-hacer-su-medico-o-enfermero\/diureticos\/#primaryimage"},"image":{"@id":"https:\/\/www.heartfailurematters.org\/es\/lo-que-pueden-hacer-su-medico-o-enfermero\/diureticos\/#primaryimage"},"thumbnailUrl":"https:\/\/www.heartfailurematters.org\/wp-content\/uploads\/2022\/03\/shutterstock_441673426-1-min.jpg","datePublished":"2021-01-27T22:09:18+00:00","dateModified":"2026-01-16T14:19:01+00:00","description":"Los diur\u00e9ticos estimulan los ri\u00f1ones para producir m\u00e1s orina. Eliminar este exceso de l\u00edquido facilita el trabajo del coraz\u00f3n, pues hay menos l\u00edquido que bombear","breadcrumb":{"@id":"https:\/\/www.heartfailurematters.org\/es\/lo-que-pueden-hacer-su-medico-o-enfermero\/diureticos\/#breadcrumb"},"inLanguage":"es","potentialAction":[{"@type":"ReadAction","target":["https:\/\/www.heartfailurematters.org\/es\/lo-que-pueden-hacer-su-medico-o-enfermero\/diureticos\/"]}]},{"@type":"ImageObject","inLanguage":"es","@id":"https:\/\/www.heartfailurematters.org\/es\/lo-que-pueden-hacer-su-medico-o-enfermero\/diureticos\/#primaryimage","url":"https:\/\/www.heartfailurematters.org\/wp-content\/uploads\/2022\/03\/shutterstock_441673426-1-min.jpg","contentUrl":"https:\/\/www.heartfailurematters.org\/wp-content\/uploads\/2022\/03\/shutterstock_441673426-1-min.jpg","width":900,"height":596},{"@type":"BreadcrumbList","@id":"https:\/\/www.heartfailurematters.org\/es\/lo-que-pueden-hacer-su-medico-o-enfermero\/diureticos\/#breadcrumb","itemListElement":[{"@type":"ListItem","position":1,"name":"Inicio","item":"https:\/\/www.heartfailurematters.org\/es\/"},{"@type":"ListItem","position":2,"name":"\u00bfQu\u00e9 puede hacer su m\u00e9dico?","item":"https:\/\/www.heartfailurematters.org\/es\/lo-que-pueden-hacer-su-medico-o-enfermero\/"},{"@type":"ListItem","position":3,"name":"Diur\u00e9ticos"}]},{"@type":"WebSite","@id":"https:\/\/www.heartfailurematters.org\/es\/#website","url":"https:\/\/www.heartfailurematters.org\/es\/","name":"Heart Failure Matters","description":"Practical information for patients, families and caregivers.","publisher":{"@id":"https:\/\/www.heartfailurematters.org\/es\/#organization"},"potentialAction":[{"@type":"SearchAction","target":{"@type":"EntryPoint","urlTemplate":"https:\/\/www.heartfailurematters.org\/es\/?s={search_term_string}"},"query-input":{"@type":"PropertyValueSpecification","valueRequired":true,"valueName":"search_term_string"}}],"inLanguage":"es"},{"@type":"Organization","@id":"https:\/\/www.heartfailurematters.org\/es\/#organization","name":"Heart Failure Matters","url":"https:\/\/www.heartfailurematters.org\/es\/","logo":{"@type":"ImageObject","inLanguage":"es","@id":"https:\/\/www.heartfailurematters.org\/es\/#\/schema\/logo\/image\/","url":"https:\/\/cdn-endpoint-hfm.azureedge.net\/heartfailurematters\/2024\/07\/hfm-logo1.jpg","contentUrl":"https:\/\/cdn-endpoint-hfm.azureedge.net\/heartfailurematters\/2024\/07\/hfm-logo1.jpg","width":1280,"height":720,"caption":"Heart Failure Matters"},"image":{"@id":"https:\/\/www.heartfailurematters.org\/es\/#\/schema\/logo\/image\/"},"sameAs":["https:\/\/www.facebook.com\/heartfailurematters"]}]}},"_links":{"self":[{"href":"https:\/\/www.heartfailurematters.org\/es\/wp-json\/wp\/v2\/pages\/2283","targetHints":{"allow":["GET"]}}],"collection":[{"href":"https:\/\/www.heartfailurematters.org\/es\/wp-json\/wp\/v2\/pages"}],"about":[{"href":"https:\/\/www.heartfailurematters.org\/es\/wp-json\/wp\/v2\/types\/page"}],"author":[{"embeddable":true,"href":"https:\/\/www.heartfailurematters.org\/es\/wp-json\/wp\/v2\/users\/1"}],"replies":[{"embeddable":true,"href":"https:\/\/www.heartfailurematters.org\/es\/wp-json\/wp\/v2\/comments?post=2283"}],"version-history":[{"count":3,"href":"https:\/\/www.heartfailurematters.org\/es\/wp-json\/wp\/v2\/pages\/2283\/revisions"}],"predecessor-version":[{"id":13808,"href":"https:\/\/www.heartfailurematters.org\/es\/wp-json\/wp\/v2\/pages\/2283\/revisions\/13808"}],"up":[{"embeddable":true,"href":"https:\/\/www.heartfailurematters.org\/es\/wp-json\/wp\/v2\/pages\/2684"}],"wp:featuredmedia":[{"embeddable":true,"href":"https:\/\/www.heartfailurematters.org\/es\/wp-json\/wp\/v2\/media\/10873"}],"wp:attachment":[{"href":"https:\/\/www.heartfailurematters.org\/es\/wp-json\/wp\/v2\/media?parent=2283"}],"wp:term":[{"taxonomy":"category","embeddable":true,"href":"https:\/\/www.heartfailurematters.org\/es\/wp-json\/wp\/v2\/categories?post=2283"},{"taxonomy":"post_tag","embeddable":true,"href":"https:\/\/www.heartfailurematters.org\/es\/wp-json\/wp\/v2\/tags?post=2283"}],"curies":[{"name":"wp","href":"https:\/\/api.w.org\/{rel}","templated":true}]}}