{"id":2281,"date":"2021-01-27T22:09:18","date_gmt":"2021-01-27T22:09:18","guid":{"rendered":"http:\/\/heartfailurematters.local:8888\/medicamentos-para-la-insuficiencia-cardiaca\/"},"modified":"2026-01-16T14:18:58","modified_gmt":"2026-01-16T14:18:58","slug":"medicamentos-para-la-insuficiencia-cardiaca","status":"publish","type":"page","link":"https:\/\/www.heartfailurematters.org\/es\/lo-que-pueden-hacer-su-medico-o-enfermero\/medicamentos-para-la-insuficiencia-cardiaca\/","title":{"rendered":"Medicamentos para la insuficiencia card\u00edaca"},"content":{"rendered":"<p>A continuaci\u00f3n encontrar\u00e1 una gu\u00eda de los distintos medicamentos disponibles para la insuficiencia card\u00edaca. A la mayor\u00eda de los pacientes les resulta \u00fatil comprender por qu\u00e9 hay que tomar un medicamento determinado, incluyendo los beneficios y los efectos secundarios, a qu\u00e9 dosis y en qu\u00e9 momentos. Por lo tanto, es importante que hable con su profesional sanitario sobre cualquier duda o pregunta que tenga acerca de sus medicamentos para la insuficiencia card\u00edaca. La mayor\u00eda de las personas con insuficiencia card\u00edaca tendr\u00e1n que seguir tomando estos medicamentos el resto de su vida.<\/p>\n<p>Hoy en d\u00eda se dispone de algunos medicamentos clave para la insuficiencia card\u00edaca. Pueden ayudar a mantener los s\u00edntomas bajo control, mejorar su calidad de vida y prolongar su expectativa de vida. Algunos f\u00e1rmacos pueden tener efectos secundarios, pero los beneficios suelen superar con creces a los problemas. Si le resulta dif\u00edcil tomar algunos medicamentos debido a sus efectos secundarios, es importante que hable con su m\u00e9dico o enfermero, que pueden ayudarle. No deje de tomar los medicamentos ni ajuste las dosis por su cuenta. Es posible que su m\u00e9dico pueda colaborar con usted para encontrar una dosis o un f\u00e1rmaco similar que le vaya mejor. En muchos pacientes, los efectos secundarios iniciales de los f\u00e1rmacos para la insuficiencia card\u00edaca desaparecen r\u00e1pidamente o mejoran al cabo de alg\u00fan tiempo. Por ello, es fundamental que siga el tratamiento y solicite la ayuda de su m\u00e9dico o enfermero.<\/p>\n<p>No todas las personas que padecen insuficiencia card\u00edaca necesitan tomar los mismos medicamentos. Los medicamentos adecuados para usted depender\u00e1n de sus s\u00edntomas, el tipo de insuficiencia card\u00edaca, el estado general de salud y el estilo de vida. Su m\u00e9dico tambi\u00e9n tendr\u00e1 en cuenta cualquier otro problema m\u00e9dico que tenga y que pueda afectar a su tratamiento. Sin embargo, es muy importante que tome los medicamentos exactamente como se le han recetado, ya que as\u00ed se asegurar\u00e1 de que le hacen efecto. Para obtener los mejores efectos, algunos medicamentos deben administrarse en la dosis \u00f3ptima, lo que suele significar aumentar la dosis de comprimidos con el tiempo. Esto se denomina ajuste ascendente de la dosis, lo que significa aumentar gradualmente la dosis del medicamento. Es posible que la presi\u00f3n arterial, la frecuencia card\u00edaca y los resultados de los an\u00e1lisis de sangre precisen un seguimiento m\u00e1s detallado durante los per\u00edodos en que se cambia la medicaci\u00f3n: su m\u00e9dico o profesional de enfermer\u00eda le aconsejar\u00e1n al respecto. Los medicamentos para la insuficiencia card\u00edaca act\u00faan de formas diferentes, por lo que lo m\u00e1s probable es que necesite m\u00e1s de un medicamento a la vez. Hay mucha evidencia que demuestra que la combinaci\u00f3n de medicamentos para la insuficiencia card\u00edaca puede mejorar sus s\u00edntomas, reducir el riesgo de ingreso hospitalario por insuficiencia card\u00edaca y aumentar su esperanza de vida. Anotar las tomas o hacer una tabla puede ayudarle a llevar un control. Consulte las herramientas \u00fatiles en la p\u00e1gina inicial de este sitio.<\/p>\n<p>Haga clic en cualquiera de los siguientes enlaces para obtener m\u00e1s informaci\u00f3n sobre los diferentes grupos de medicamentos para la insuficiencia card\u00edaca disponibles:<\/p>\n<p>Descargue la herramienta \u00fatil \u00ab<a href=\"\/wp-content\/uploads\/2021\/02\/Medicine_chart_EN.pdf\" target=\"_blank\" rel=\"noopener\">Tabla de medicamentos<\/a>\u00bb.<\/p>\n<h2>Lista de medicamentos<\/h2>\n<ul>\n<li><a title=\"Diur\u00e9ticos\" href=\"https:\/\/www.heartfailurematters.org\/what-your-doctor-can-do\/diuretics\/\">Diur\u00e9ticos<\/a><\/li>\n<li><a title=\"Inhibidores de la ECA (enzima conversora de la angiotensina)\" href=\"https:\/\/www.heartfailurematters.org\/what-your-doctor-can-do\/ace-angiotensin-converting-enzyme-inhibitors\/\">Inhibidores de la ECA (enzima conversora de la angiotensina)<\/a><\/li>\n<li><a title=\"BRA (bloqueantes de los receptores de la angiotensina II)\" href=\"https:\/\/www.heartfailurematters.org\/what-your-doctor-can-do\/arbs-angiotensin-ii-receptor-blockers\/\">BRA (bloqueantes de los receptores de la angiotensina II)<\/a><\/li>\n<li><a href=\"https:\/\/www.heartfailurematters.org\/what-your-doctor-can-do\/angiotensin-receptor-neprilysin-inhibitor-arni-sacubitril-valsartan\/\">INRA (inhibidores de la neprilisina y del receptor de la angiotensina)<\/a><\/li>\n<li><a title=\"Betabloqueantes\" href=\"https:\/\/www.heartfailurematters.org\/what-your-doctor-can-do\/beta-blockers\/\">Betabloqueantes<\/a><\/li>\n<li><a title=\"Antagonistas del receptor de la aldosterona\" href=\"https:\/\/www.heartfailurematters.org\/what-your-doctor-can-do\/aldosterone-receptor-antagonists-or-mineralocorticoid-receptor-antagonist-mras\/\">Antagonistas del receptor de la aldosterona<\/a><\/li>\n<li><a title=\"Inhibidores del canal SGLT2 (Cotransportador sodio-glucosa tipo 2)\" href=\"https:\/\/www.heartfailurematters.org\/what-your-doctor-can-do\/sglt2-sodium-glucose-cotransporter-2-inhibitors\/\">Inhibidores del canal SGLT2 (Cotransportador sodio-glucosa tipo 2)<\/a><\/li>\n<li><a title=\"Inhibidores de los n\u00f3dulos sinusales\" href=\"https:\/\/www.heartfailurematters.org\/what-your-doctor-can-do\/sinus-node-inhibitors\/\">Inhibidores de los n\u00f3dulos sinusales<\/a><\/li>\n<li><a title=\"Hierro intravenoso\" href=\"https:\/\/www.heartfailurematters.org\/what-your-doctor-can-do\/iron-therapy-in-patients-with-heart-failure-and-iron-deficiency\/\">Hierro intravenoso<\/a><\/li>\n<li><a title=\"Estimuladores de la GCs\" href=\"https:\/\/www.heartfailurematters.org\/what-your-doctor-can-do\/sgc-stimulators\/\">Estimuladores de la GCs<\/a><\/li>\n<li><a title=\"Vasodilatadores\" href=\"https:\/\/www.heartfailurematters.org\/what-your-doctor-can-do\/nitrates-vasodilators\/\">Nitratos\/vasodilatadores.<\/a><\/li>\n<li><a title=\"Preparados digit\u00e1licos\" href=\"https:\/\/www.heartfailurematters.org\/what-your-doctor-can-do\/digitalis\/\">Preparados digit\u00e1licos<\/a><\/li>\n<li><a title=\"Anticoagulantes\" href=\"https:\/\/www.heartfailurematters.org\/what-your-doctor-can-do\/anticoagulants-and-new-oral-anticoagulants\/\">Anticoagulantes, incluidos los nuevos anticoagulantes orales (NACO)<\/a><\/li>\n<li><a href=\"https:\/\/www.heartfailurematters.org\/what-your-doctor-can-do\/antiplatelet-treatment\/\">Inhibidores plaquetarios<\/a><\/li>\n<li><a title=\"Estatinas\" href=\"https:\/\/www.heartfailurematters.org\/what-your-doctor-can-do\/statins\/\">Estatinas<\/a><\/li>\n<li><a title=\"Medicamentos para la insuficiencia card\u00edaca aguda\" href=\"https:\/\/www.heartfailurematters.org\/what-your-doctor-can-do\/medicines-for-acute-heart-failure\/\">Medicamentos para la insuficiencia card\u00edaca aguda<\/a><\/li>\n<\/ul>\n<p>&nbsp;<\/p>\n<h2>Consejo<\/h2>\n<ul>\n<li><a title=\"Tabla de medicamentos\" href=\"https:\/\/www.heartfailurematters.org\/what-your-doctor-can-do\/medicine-chart\/\">Tabla de medicamentos<\/a><\/li>\n<li><a title=\"La importancia de tomar los medicamentos\" href=\"https:\/\/www.heartfailurematters.org\/what-your-doctor-can-do\/the-importance-of-taking-your-medicines\/\">La importancia de tomar los medicamentos<\/a><\/li>\n<li><a title=\"Preguntas que puede plantearle al m\u00e9dico, farmac\u00e9utico o enfermero sobre sus medicamentos\" href=\"https:\/\/www.heartfailurematters.org\/what-your-doctor-can-do\/questions-to-ask-your-doctor-pharmacist-or-nurse-about-your-medicines\/\">Preguntas que puede plantearle al m\u00e9dico, farmac\u00e9utico o enfermero sobre sus medicamentos<\/a><\/li>\n<li><a title=\"\u00bfQu\u00e9 son los tratamientos alternativos o naturales?\" href=\"https:\/\/www.heartfailurematters.org\/what-your-doctor-can-do\/what-about-alternative-or-natural-remedies\/\">\u00bfQu\u00e9 son los tratamientos alternativos o naturales?<\/a><\/li>\n<\/ul>\n","protected":false},"excerpt":{"rendered":"<p>A continuaci\u00f3n encontrar\u00e1 una gu\u00eda de los distintos medicamentos disponibles para la insuficiencia card\u00edaca. A la mayor\u00eda de los pacientes les resulta \u00fatil comprender por qu\u00e9 hay que tomar un medicamento determinado, incluyendo los beneficios y los efectos secundarios, a qu\u00e9 dosis y en qu\u00e9 momentos. Por lo tanto, es importante que hable con su [&hellip;]<\/p>\n","protected":false},"author":1,"featured_media":10873,"parent":2684,"menu_order":5,"comment_status":"open","ping_status":"closed","template":"","meta":{"_acf_changed":false,"footnotes":""},"categories":[149],"tags":[],"class_list":["post-2281","page","type-page","status-publish","has-post-thumbnail","hentry","category-what-can-your-doctor-do-es"],"acf":[],"yoast_head":"<!-- This site is optimized with the Yoast SEO plugin v24.8.1 - https:\/\/yoast.com\/wordpress\/plugins\/seo\/ -->\n<title>Medicamentos para la insuficiencia card\u00edaca y efectos secundarios iniciales<\/title>\n<meta name=\"description\" content=\"Le ofrecemos una gu\u00eda de los tipos de medicamentos disponibles para la insuficiencia card\u00edaca. Es importante que consulte a su m\u00e9dico cualquier duda o pregunta que tenga.\" \/>\n<meta name=\"robots\" content=\"index, follow, max-snippet:-1, max-image-preview:large, max-video-preview:-1\" \/>\n<link rel=\"canonical\" href=\"https:\/\/www.heartfailurematters.org\/es\/lo-que-pueden-hacer-su-medico-o-enfermero\/medicamentos-para-la-insuficiencia-cardiaca\/\" \/>\n<meta property=\"og:locale\" content=\"es_ES\" \/>\n<meta property=\"og:type\" content=\"article\" \/>\n<meta property=\"og:title\" content=\"Medicamentos para la insuficiencia card\u00edaca y efectos secundarios iniciales\" \/>\n<meta property=\"og:description\" content=\"Le ofrecemos una gu\u00eda de los tipos de medicamentos disponibles para la insuficiencia card\u00edaca. Es importante que consulte a su m\u00e9dico cualquier duda o pregunta que tenga.\" \/>\n<meta property=\"og:url\" content=\"https:\/\/www.heartfailurematters.org\/es\/lo-que-pueden-hacer-su-medico-o-enfermero\/medicamentos-para-la-insuficiencia-cardiaca\/\" \/>\n<meta property=\"og:site_name\" content=\"Heart Failure Matters\" \/>\n<meta property=\"article:publisher\" content=\"https:\/\/www.facebook.com\/heartfailurematters\" \/>\n<meta property=\"article:modified_time\" content=\"2026-01-16T14:18:58+00:00\" \/>\n<meta property=\"og:image\" content=\"https:\/\/www.heartfailurematters.org\/wp-content\/uploads\/2022\/03\/shutterstock_441673426-1-min.jpg\" \/>\n\t<meta property=\"og:image:width\" content=\"900\" \/>\n\t<meta property=\"og:image:height\" content=\"596\" \/>\n\t<meta property=\"og:image:type\" content=\"image\/jpeg\" \/>\n<meta name=\"twitter:card\" content=\"summary_large_image\" \/>\n<meta name=\"twitter:label1\" content=\"Tiempo de lectura\" \/>\n\t<meta name=\"twitter:data1\" content=\"2 minutos\" \/>\n<script type=\"application\/ld+json\" class=\"yoast-schema-graph\">{\"@context\":\"https:\/\/schema.org\",\"@graph\":[{\"@type\":\"WebPage\",\"@id\":\"https:\/\/www.heartfailurematters.org\/es\/lo-que-pueden-hacer-su-medico-o-enfermero\/medicamentos-para-la-insuficiencia-cardiaca\/\",\"url\":\"https:\/\/www.heartfailurematters.org\/es\/lo-que-pueden-hacer-su-medico-o-enfermero\/medicamentos-para-la-insuficiencia-cardiaca\/\",\"name\":\"Medicamentos para la insuficiencia card\u00edaca y efectos secundarios iniciales\",\"isPartOf\":{\"@id\":\"https:\/\/www.heartfailurematters.org\/es\/#website\"},\"primaryImageOfPage\":{\"@id\":\"https:\/\/www.heartfailurematters.org\/es\/lo-que-pueden-hacer-su-medico-o-enfermero\/medicamentos-para-la-insuficiencia-cardiaca\/#primaryimage\"},\"image\":{\"@id\":\"https:\/\/www.heartfailurematters.org\/es\/lo-que-pueden-hacer-su-medico-o-enfermero\/medicamentos-para-la-insuficiencia-cardiaca\/#primaryimage\"},\"thumbnailUrl\":\"https:\/\/www.heartfailurematters.org\/wp-content\/uploads\/2022\/03\/shutterstock_441673426-1-min.jpg\",\"datePublished\":\"2021-01-27T22:09:18+00:00\",\"dateModified\":\"2026-01-16T14:18:58+00:00\",\"description\":\"Le ofrecemos una gu\u00eda de los tipos de medicamentos disponibles para la insuficiencia card\u00edaca. Es importante que consulte a su m\u00e9dico cualquier duda o pregunta que tenga.\",\"breadcrumb\":{\"@id\":\"https:\/\/www.heartfailurematters.org\/es\/lo-que-pueden-hacer-su-medico-o-enfermero\/medicamentos-para-la-insuficiencia-cardiaca\/#breadcrumb\"},\"inLanguage\":\"es\",\"potentialAction\":[{\"@type\":\"ReadAction\",\"target\":[\"https:\/\/www.heartfailurematters.org\/es\/lo-que-pueden-hacer-su-medico-o-enfermero\/medicamentos-para-la-insuficiencia-cardiaca\/\"]}]},{\"@type\":\"ImageObject\",\"inLanguage\":\"es\",\"@id\":\"https:\/\/www.heartfailurematters.org\/es\/lo-que-pueden-hacer-su-medico-o-enfermero\/medicamentos-para-la-insuficiencia-cardiaca\/#primaryimage\",\"url\":\"https:\/\/www.heartfailurematters.org\/wp-content\/uploads\/2022\/03\/shutterstock_441673426-1-min.jpg\",\"contentUrl\":\"https:\/\/www.heartfailurematters.org\/wp-content\/uploads\/2022\/03\/shutterstock_441673426-1-min.jpg\",\"width\":900,\"height\":596},{\"@type\":\"BreadcrumbList\",\"@id\":\"https:\/\/www.heartfailurematters.org\/es\/lo-que-pueden-hacer-su-medico-o-enfermero\/medicamentos-para-la-insuficiencia-cardiaca\/#breadcrumb\",\"itemListElement\":[{\"@type\":\"ListItem\",\"position\":1,\"name\":\"Inicio\",\"item\":\"https:\/\/www.heartfailurematters.org\/es\/\"},{\"@type\":\"ListItem\",\"position\":2,\"name\":\"\u00bfQu\u00e9 puede hacer su m\u00e9dico?\",\"item\":\"https:\/\/www.heartfailurematters.org\/es\/lo-que-pueden-hacer-su-medico-o-enfermero\/\"},{\"@type\":\"ListItem\",\"position\":3,\"name\":\"Medicamentos para la insuficiencia card\u00edaca\"}]},{\"@type\":\"WebSite\",\"@id\":\"https:\/\/www.heartfailurematters.org\/es\/#website\",\"url\":\"https:\/\/www.heartfailurematters.org\/es\/\",\"name\":\"Heart Failure Matters\",\"description\":\"Practical information for patients, families and caregivers.\",\"publisher\":{\"@id\":\"https:\/\/www.heartfailurematters.org\/es\/#organization\"},\"potentialAction\":[{\"@type\":\"SearchAction\",\"target\":{\"@type\":\"EntryPoint\",\"urlTemplate\":\"https:\/\/www.heartfailurematters.org\/es\/?s={search_term_string}\"},\"query-input\":{\"@type\":\"PropertyValueSpecification\",\"valueRequired\":true,\"valueName\":\"search_term_string\"}}],\"inLanguage\":\"es\"},{\"@type\":\"Organization\",\"@id\":\"https:\/\/www.heartfailurematters.org\/es\/#organization\",\"name\":\"Heart Failure Matters\",\"url\":\"https:\/\/www.heartfailurematters.org\/es\/\",\"logo\":{\"@type\":\"ImageObject\",\"inLanguage\":\"es\",\"@id\":\"https:\/\/www.heartfailurematters.org\/es\/#\/schema\/logo\/image\/\",\"url\":\"https:\/\/cdn-endpoint-hfm.azureedge.net\/heartfailurematters\/2024\/07\/hfm-logo1.jpg\",\"contentUrl\":\"https:\/\/cdn-endpoint-hfm.azureedge.net\/heartfailurematters\/2024\/07\/hfm-logo1.jpg\",\"width\":1280,\"height\":720,\"caption\":\"Heart Failure Matters\"},\"image\":{\"@id\":\"https:\/\/www.heartfailurematters.org\/es\/#\/schema\/logo\/image\/\"},\"sameAs\":[\"https:\/\/www.facebook.com\/heartfailurematters\"]}]}<\/script>\n<!-- \/ Yoast SEO plugin. -->","yoast_head_json":{"title":"Medicamentos para la insuficiencia card\u00edaca y efectos secundarios iniciales","description":"Le ofrecemos una gu\u00eda de los tipos de medicamentos disponibles para la insuficiencia card\u00edaca. Es importante que consulte a su m\u00e9dico cualquier duda o pregunta que tenga.","robots":{"index":"index","follow":"follow","max-snippet":"max-snippet:-1","max-image-preview":"max-image-preview:large","max-video-preview":"max-video-preview:-1"},"canonical":"https:\/\/www.heartfailurematters.org\/es\/lo-que-pueden-hacer-su-medico-o-enfermero\/medicamentos-para-la-insuficiencia-cardiaca\/","og_locale":"es_ES","og_type":"article","og_title":"Medicamentos para la insuficiencia card\u00edaca y efectos secundarios iniciales","og_description":"Le ofrecemos una gu\u00eda de los tipos de medicamentos disponibles para la insuficiencia card\u00edaca. Es importante que consulte a su m\u00e9dico cualquier duda o pregunta que tenga.","og_url":"https:\/\/www.heartfailurematters.org\/es\/lo-que-pueden-hacer-su-medico-o-enfermero\/medicamentos-para-la-insuficiencia-cardiaca\/","og_site_name":"Heart Failure Matters","article_publisher":"https:\/\/www.facebook.com\/heartfailurematters","article_modified_time":"2026-01-16T14:18:58+00:00","og_image":[{"width":900,"height":596,"url":"https:\/\/www.heartfailurematters.org\/wp-content\/uploads\/2022\/03\/shutterstock_441673426-1-min.jpg","type":"image\/jpeg"}],"twitter_card":"summary_large_image","twitter_misc":{"Tiempo de lectura":"2 minutos"},"schema":{"@context":"https:\/\/schema.org","@graph":[{"@type":"WebPage","@id":"https:\/\/www.heartfailurematters.org\/es\/lo-que-pueden-hacer-su-medico-o-enfermero\/medicamentos-para-la-insuficiencia-cardiaca\/","url":"https:\/\/www.heartfailurematters.org\/es\/lo-que-pueden-hacer-su-medico-o-enfermero\/medicamentos-para-la-insuficiencia-cardiaca\/","name":"Medicamentos para la insuficiencia card\u00edaca y efectos secundarios iniciales","isPartOf":{"@id":"https:\/\/www.heartfailurematters.org\/es\/#website"},"primaryImageOfPage":{"@id":"https:\/\/www.heartfailurematters.org\/es\/lo-que-pueden-hacer-su-medico-o-enfermero\/medicamentos-para-la-insuficiencia-cardiaca\/#primaryimage"},"image":{"@id":"https:\/\/www.heartfailurematters.org\/es\/lo-que-pueden-hacer-su-medico-o-enfermero\/medicamentos-para-la-insuficiencia-cardiaca\/#primaryimage"},"thumbnailUrl":"https:\/\/www.heartfailurematters.org\/wp-content\/uploads\/2022\/03\/shutterstock_441673426-1-min.jpg","datePublished":"2021-01-27T22:09:18+00:00","dateModified":"2026-01-16T14:18:58+00:00","description":"Le ofrecemos una gu\u00eda de los tipos de medicamentos disponibles para la insuficiencia card\u00edaca. Es importante que consulte a su m\u00e9dico cualquier duda o pregunta que tenga.","breadcrumb":{"@id":"https:\/\/www.heartfailurematters.org\/es\/lo-que-pueden-hacer-su-medico-o-enfermero\/medicamentos-para-la-insuficiencia-cardiaca\/#breadcrumb"},"inLanguage":"es","potentialAction":[{"@type":"ReadAction","target":["https:\/\/www.heartfailurematters.org\/es\/lo-que-pueden-hacer-su-medico-o-enfermero\/medicamentos-para-la-insuficiencia-cardiaca\/"]}]},{"@type":"ImageObject","inLanguage":"es","@id":"https:\/\/www.heartfailurematters.org\/es\/lo-que-pueden-hacer-su-medico-o-enfermero\/medicamentos-para-la-insuficiencia-cardiaca\/#primaryimage","url":"https:\/\/www.heartfailurematters.org\/wp-content\/uploads\/2022\/03\/shutterstock_441673426-1-min.jpg","contentUrl":"https:\/\/www.heartfailurematters.org\/wp-content\/uploads\/2022\/03\/shutterstock_441673426-1-min.jpg","width":900,"height":596},{"@type":"BreadcrumbList","@id":"https:\/\/www.heartfailurematters.org\/es\/lo-que-pueden-hacer-su-medico-o-enfermero\/medicamentos-para-la-insuficiencia-cardiaca\/#breadcrumb","itemListElement":[{"@type":"ListItem","position":1,"name":"Inicio","item":"https:\/\/www.heartfailurematters.org\/es\/"},{"@type":"ListItem","position":2,"name":"\u00bfQu\u00e9 puede hacer su m\u00e9dico?","item":"https:\/\/www.heartfailurematters.org\/es\/lo-que-pueden-hacer-su-medico-o-enfermero\/"},{"@type":"ListItem","position":3,"name":"Medicamentos para la insuficiencia card\u00edaca"}]},{"@type":"WebSite","@id":"https:\/\/www.heartfailurematters.org\/es\/#website","url":"https:\/\/www.heartfailurematters.org\/es\/","name":"Heart Failure Matters","description":"Practical information for patients, families and caregivers.","publisher":{"@id":"https:\/\/www.heartfailurematters.org\/es\/#organization"},"potentialAction":[{"@type":"SearchAction","target":{"@type":"EntryPoint","urlTemplate":"https:\/\/www.heartfailurematters.org\/es\/?s={search_term_string}"},"query-input":{"@type":"PropertyValueSpecification","valueRequired":true,"valueName":"search_term_string"}}],"inLanguage":"es"},{"@type":"Organization","@id":"https:\/\/www.heartfailurematters.org\/es\/#organization","name":"Heart Failure Matters","url":"https:\/\/www.heartfailurematters.org\/es\/","logo":{"@type":"ImageObject","inLanguage":"es","@id":"https:\/\/www.heartfailurematters.org\/es\/#\/schema\/logo\/image\/","url":"https:\/\/cdn-endpoint-hfm.azureedge.net\/heartfailurematters\/2024\/07\/hfm-logo1.jpg","contentUrl":"https:\/\/cdn-endpoint-hfm.azureedge.net\/heartfailurematters\/2024\/07\/hfm-logo1.jpg","width":1280,"height":720,"caption":"Heart Failure Matters"},"image":{"@id":"https:\/\/www.heartfailurematters.org\/es\/#\/schema\/logo\/image\/"},"sameAs":["https:\/\/www.facebook.com\/heartfailurematters"]}]}},"_links":{"self":[{"href":"https:\/\/www.heartfailurematters.org\/es\/wp-json\/wp\/v2\/pages\/2281","targetHints":{"allow":["GET"]}}],"collection":[{"href":"https:\/\/www.heartfailurematters.org\/es\/wp-json\/wp\/v2\/pages"}],"about":[{"href":"https:\/\/www.heartfailurematters.org\/es\/wp-json\/wp\/v2\/types\/page"}],"author":[{"embeddable":true,"href":"https:\/\/www.heartfailurematters.org\/es\/wp-json\/wp\/v2\/users\/1"}],"replies":[{"embeddable":true,"href":"https:\/\/www.heartfailurematters.org\/es\/wp-json\/wp\/v2\/comments?post=2281"}],"version-history":[{"count":4,"href":"https:\/\/www.heartfailurematters.org\/es\/wp-json\/wp\/v2\/pages\/2281\/revisions"}],"predecessor-version":[{"id":13803,"href":"https:\/\/www.heartfailurematters.org\/es\/wp-json\/wp\/v2\/pages\/2281\/revisions\/13803"}],"up":[{"embeddable":true,"href":"https:\/\/www.heartfailurematters.org\/es\/wp-json\/wp\/v2\/pages\/2684"}],"wp:featuredmedia":[{"embeddable":true,"href":"https:\/\/www.heartfailurematters.org\/es\/wp-json\/wp\/v2\/media\/10873"}],"wp:attachment":[{"href":"https:\/\/www.heartfailurematters.org\/es\/wp-json\/wp\/v2\/media?parent=2281"}],"wp:term":[{"taxonomy":"category","embeddable":true,"href":"https:\/\/www.heartfailurematters.org\/es\/wp-json\/wp\/v2\/categories?post=2281"},{"taxonomy":"post_tag","embeddable":true,"href":"https:\/\/www.heartfailurematters.org\/es\/wp-json\/wp\/v2\/tags?post=2281"}],"curies":[{"name":"wp","href":"https:\/\/api.w.org\/{rel}","templated":true}]}}